{"id":1693926,"date":"2026-05-15T07:42:33","date_gmt":"2026-05-15T07:42:33","guid":{"rendered":"https:\/\/talkpal.ai\/gramatica-oromo\/"},"modified":"2026-05-15T10:50:32","modified_gmt":"2026-05-15T10:50:32","slug":"gramatica-oromo","status":"publish","type":"page","link":"https:\/\/talkpal.ai\/es\/gramatica-oromo\/","title":{"rendered":"Gram\u00e1tica Oromo"},"content":{"rendered":"\r\n\r\n\r\n<section class=\"languageChallengeSection\">\r\n    <div class=\"languageInfoWrapper\">\r\n        \r\n        <h1>Gram\u00e1tica Oromo<\/h1>\r\n        <p>La gram\u00e1tica oromo puede parecer un reto al principio, pero sus caracter\u00edsticas \u00fanicas hacen que aprender el idioma sea una experiencia gratificante. Al explorar su alfabeto, inflexiones y reglas gramaticales, obtendr\u00e1s una visi\u00f3n de una rica tradici\u00f3n ling\u00fc\u00edstica. \u00a1Empieza tu viaje y descubre la belleza de Oromo!<\/p>\r\n\r\n                            <a class=\"getStartedHidden\" href=\"https:\/\/app.talkpal.ai\/es-es\/signup?lng=\">Comenzar<\/a>\r\n        \r\n    <\/div>\r\n\r\n    <figure>\r\n    <img decoding=\"async\" width=\"768\" height=\"768\" src=\"https:\/\/talkpal.ai\/wp-content\/uploads\/2026\/05\/learn-oromo-2x-768x768.webp\" class=\"languageImage no-lazy\" alt=\"A massive, ancient Odaa sycamore tree standing proudly in the green Ethiopian highlands under a golden sunset.\" fetchpriority=\"high\" sizes=\"(max-width: 768px) 150px, 768px\" srcset=\"https:\/\/talkpal.ai\/wp-content\/uploads\/2026\/05\/learn-oromo-2x-768x768.webp 768w, https:\/\/talkpal.ai\/wp-content\/uploads\/2026\/05\/learn-oromo-2x-300x300.webp 300w\" \/>\r\n    \r\n\r\n    <\/figure>\r\n\r\n            <a class=\"getStartedVisible\" href=\"https:\/\/app.talkpal.ai\/es-es\/signup?lng=\">Comenzar<\/a>\r\n    \r\n<\/section><section class=\"promotionalBanner\">\r\n    <p class=\"promotionalText\">La forma m\u00e1s eficiente de aprender un idioma<\/p>\r\n    <a class=\"promotionalLink\" href=\"https:\/\/app.talkpal.ai\/es-es\/signup?lng=\">Prueba Talkpal gratis<\/a>\r\n<\/section>\n<div class=\"wp-block-group pageContainerStyle\"><div class=\"wp-block-group__inner-container is-layout-constrained wp-block-group-is-layout-constrained\">\n<h2 class=\"wp-block-heading\" id=\"h-navigating-the-intricacies-of-oromo-grammar\">Navegando por las complejidades de la gram\u00e1tica oromo<\/h2>\n\n\n\n<p>El oromo, una importante lengua cushita de la familia afroasi\u00e1tica con una rica historia y significado cultural, ofrece una experiencia ling\u00fc\u00edstica emocionante para quienes desean explorar su sistema gramatical \u00fanico. Al adentrarte en el mundo del Oromo, no solo enriquecer\u00e1s tu repertorio ling\u00fc\u00edstico, sino que tambi\u00e9n abrazar\u00e1s un fascinante viaje cultural. Aunque la gram\u00e1tica oromo pueda parecer complicada al principio, desglosarla en componentes b\u00e1sicos hace que aprender el idioma sea m\u00e1s accesible. En este art\u00edculo, exploraremos el fascinante mundo de la gram\u00e1tica oromo y ofreceremos consejos para dominar sus complejidades.<\/p>\n\n\n\n<h3 class=\"wp-block-heading\" id=\"h-1-oromo-alphabet-and-phonetics\">1. Alfabeto Oromo y fon\u00e9tica<\/h3>\n\n\n\n<p>El sistema de escritura oromo utiliza un alfabeto latino conocido como Qubee y representa sonidos distintivos, incluyendo consonantes eyectivas escritas como c, q, x y ph. El oromo distingue entre vocales cortas y largas (como a versus aa) y se apoya mucho en la geminaci\u00f3n conson\u00e1ntica (duplicaci\u00f3n), donde la longitud de un sonido puede cambiar completamente el significado de una palabra. Tambi\u00e9n es una lengua de acento tonal, donde el tono puede desempe\u00f1ar un papel en la distinci\u00f3n de rasgos gramaticales, aunque el tono no suele estar marcado en la ortograf\u00eda est\u00e1ndar. Para aprender la gram\u00e1tica oromo, es fundamental familiarizarse con este sistema sonoro practicando la lectura, la escucha y el habla en oromo.<\/p>\n\n\n\n<h3 class=\"wp-block-heading\" id=\"h-2-noun-cases-and-gender-a-distinctive-oromo-feature\">2. Casos nominales y g\u00e9nero: una caracter\u00edstica distintiva oromo<\/h3>\n\n\n\n<p>Uno de los aspectos m\u00e1s llamativos de la gram\u00e1tica oromo es su sistema de casos gramaticales y g\u00e9nero, marcados por sufijos espec\u00edficos. A diferencia del ingl\u00e9s, los sustantivos oromo cambian de forma seg\u00fan su papel en la oraci\u00f3n, distinguiendo principalmente entre una forma base (absolutivo) y una forma de sujeto (nominativo). El g\u00e9nero tambi\u00e9n genera concordancia en la oraci\u00f3n, afectando a adjetivos, verbos y pronombres, siendo masculino el t\u00e9rmino el t\u00e9rmino por defecto. Comprender cu\u00e1ndo y c\u00f3mo aparecen estos marcadores de caso y acuerdos de g\u00e9nero es vital para una comunicaci\u00f3n precisa en Oromo.<\/p>\n\n\n\n<h3 class=\"wp-block-heading\" id=\"h-3-nouns-and-pronouns-gender-and-agreement\">3. Sutant\u00edvios y pronombres: g\u00e9nero y acuerdo<\/h3>\n\n\n\n<p>Los sustantivos oromo pertenecen al g\u00e9nero gramatical masculino o femenino, y sus formas plurales se determinan a\u00f1adiendo varios sufijos (por ejemplo, nama, namoota). Los pronombres en oromo incluyen formas independientes (ani, ati, inni, isheen, nuti, isin, isaan), formas posesivas como koo, kee y saa que siguen al sustantivo (kitaaba koo, kitaaba kee), formas reflexivas, demostrativos que coinciden con el g\u00e9nero y el n\u00famero (kana, tana, san) e interrogativos (eenyu, maal, eessa, yoom, akkam). Familiarizarte con estas formas y sus patrones de concordancia mejorar\u00e1 significativamente tu comprensi\u00f3n de la gram\u00e1tica oromo.<\/p>\n\n\n\n<h3 class=\"wp-block-heading\" id=\"h-4-verbs-structure-and-conjugation\">4. Verbos: estructura y conjugaci\u00f3n<\/h3>\n\n\n\n<p>Los verbos oromo siguen un orden estricto de palabras sujeto-objeto-verbo y presentan una rica estructura aglutinante que codifica persona, n\u00famero, g\u00e9nero, tiempo y aspecto. Los tiempos centrales incluyen el presente o futuro marcado con -a (deema), y el pasado marcado con -e (deeme), junto con otras formas como la terminaci\u00f3n del infinitivo en -uu. La negaci\u00f3n suele marcarse con la part\u00edcula hin junto a una modificaci\u00f3n verbal final (hin deemu). Aprender la plantilla de conjugaci\u00f3n verbal y las extensiones comunes (causativo -siis, pasivo -am, autobenefactor -adh) mejorar\u00e1 tu capacidad para comunicarte eficazmente en oromo.<\/p>\n\n\n\n<h3 class=\"wp-block-heading\" id=\"h-5-adjectives-agreement-and-placement\">5. Adjetivos: Acuerdo y colocaci\u00f3n<\/h3>\n\n\n\n<p>En la gram\u00e1tica oromo, los adjetivos suelen seguir al sustantivo que modifican y deben coincidir con el g\u00e9nero y n\u00famero del sustantivo mediante sufijos espec\u00edficos. El oromo tiene un conjunto rico de tallos adjetivos para describir tama\u00f1o, color y calidad (como guddaa grande, xinnoo peque\u00f1o, gurraacha oscuro, dheeraa alto). Los comparativos y superlativos se forman com\u00fanmente usando posposiciones, por ejemplo usando el marcador ablativo irra para \u00abm\u00e1s que\u00bb y palabras como hundumaa (todos) para expresar \u00abel m\u00e1s\u00bb.<\/p>\n\n\n\n<p><strong>Ejemplos:<\/strong><\/p>\n\n\n\n<p><strong>\u2013 Jaalala Guddaa (Gran amor)<\/strong><\/p>\n\n\n\n<p><strong>\u2013ijoollee xixinnoo (ni\u00f1os peque\u00f1os)<\/strong><\/p>\n\n\n\n<h3 class=\"wp-block-heading\" id=\"h-6-engaging-with-the-language\">6. Comprometerse con la lengua<\/h3>\n\n\n\n<p>La forma m\u00e1s eficaz de comprender e interiorizar plenamente la gram\u00e1tica oromo es interactuar de forma constante con el idioma. Al leer literatura oromo, ver pel\u00edculas o series de televisi\u00f3n oromo, escuchar radio y m\u00fasica en afaan oromo, y comunicarte activamente con hablantes nativos, reforzar\u00e1s tu comprensi\u00f3n de la gram\u00e1tica mientras ampl\u00edas tu vocabulario.<\/p>\n\n\n\n<h3 class=\"wp-block-heading\" id=\"h-conclusion\">Conclusi\u00f3n<\/h3>\n\n\n\n<p>Aunque la gram\u00e1tica oromo pueda parecer intrincada, puedes llegar a dominar este hermoso idioma con dedicaci\u00f3n, pr\u00e1ctica y entusiasmo. Al centrarte en las reglas fundamentales y relacionarte con el idioma en diferentes contextos, mejorar\u00e1s r\u00e1pidamente tus habilidades gramaticales oromo. Carraa gaarii (buena suerte) en tu viaje en el idioma oromo, \u00a1y disfruta desentra\u00f1ando el enigm\u00e1tico pero cautivador mundo de la gram\u00e1tica oromo!<\/p>\n<\/div><\/div>\n\r\n<section class=\"learnNavigationSection\">\r\n            \r\n        <a href=\"https:\/\/talkpal.ai\/es\/aprende-oromo-con-ia\/\">\r\n            <div class=\"learnNavigationWrapper\">\r\n                <div class=\"learnNavigationContent\">\r\n                    <img decoding=\"async\" src=\"https:\/\/talkpal.ai\/wp-content\/uploads\/2026\/05\/Oromo.png\" alt=\"\">\r\n                    <div>\r\n                        <h4>Sobre el aprendizaje oromo<\/h4>\r\n                        <p>Inf\u00f3rmate todo sobre la gram\u00e1tica oromo.<\/p>\r\n                    <\/div>\r\n                <\/div>\r\n            <\/div>\r\n        <\/a>\r\n\r\n        \r\n        <a href=\"https:\/\/talkpal.ai\/es\/ejercicios-de-gramatica-oromo\/\">\r\n            <div class=\"learnNavigationWrapper\">\r\n                <div class=\"learnNavigationContent\">\r\n                    <img decoding=\"async\" src=\"https:\/\/talkpal.ai\/wp-content\/uploads\/2026\/05\/Oromo.png\" alt=\"\">\r\n                    <div>\r\n                        <h4>Ejercicio Gramatical Oromo<\/h4>\r\n                        <p>Practica la gram\u00e1tica oromo.<\/p>\r\n                    <\/div>\r\n                <\/div>\r\n            <\/div>\r\n        <\/a>\r\n\r\n            <\/section>","protected":false},"excerpt":{"rendered":"<p>Navegando por las complejidades de la gram\u00e1tica oromo El oromo, una importante lengua cushita de la familia afroasi\u00e1tica con una rica historia y significado cultural, ofrece una experiencia ling\u00fc\u00edstica emocionante para quienes desean explorar su sistema gramatical \u00fanico. Al adentrarte en el mundo del Oromo, no solo enriquecer\u00e1s tu repertorio ling\u00fc\u00edstico, sino que tambi\u00e9n abrazar\u00e1s [&hellip;]<\/p>\n","protected":false},"author":23,"featured_media":1693918,"parent":0,"menu_order":0,"comment_status":"closed","ping_status":"closed","template":"LearningContentPage.php","meta":{"_acf_changed":false,"footnotes":""},"class_list":["post-1693926","page","type-page","status-publish","has-post-thumbnail","hentry"],"acf":[],"yoast_head":"<!-- This site is optimized with the Yoast SEO Premium plugin v27.2 (Yoast SEO v27.2) - https:\/\/yoast.com\/product\/yoast-seo-premium-wordpress\/ -->\n<title>Gram\u00e1tica Oromo - Talkpal<\/title>\n<meta name=\"robots\" content=\"index, follow, max-snippet:-1, max-image-preview:large, max-video-preview:-1\" \/>\n<link rel=\"canonical\" href=\"https:\/\/talkpal.ai\/es\/gramatica-oromo\/\" \/>\n<meta property=\"og:locale\" content=\"es_ES\" \/>\n<meta property=\"og:type\" content=\"article\" \/>\n<meta property=\"og:title\" content=\"Gram\u00e1tica Oromo\" \/>\n<meta property=\"og:description\" content=\"Navegando por las complejidades de la gram\u00e1tica oromo El oromo, una importante lengua cushita de la familia afroasi\u00e1tica con una rica historia y\" \/>\n<meta property=\"og:url\" content=\"https:\/\/talkpal.ai\/es\/gramatica-oromo\/\" \/>\n<meta property=\"og:site_name\" content=\"Talkpal\" \/>\n<meta property=\"article:publisher\" content=\"https:\/\/www.facebook.com\/profile.php?id=100090733639311\" \/>\n<meta property=\"article:modified_time\" content=\"2026-05-15T10:50:32+00:00\" \/>\n<meta property=\"og:image\" content=\"https:\/\/talkpal.ai\/wp-content\/uploads\/2026\/05\/Oromo.png\" \/>\n\t<meta property=\"og:image:width\" content=\"517\" \/>\n\t<meta property=\"og:image:height\" content=\"517\" \/>\n\t<meta property=\"og:image:type\" content=\"image\/png\" \/>\n<meta name=\"twitter:card\" content=\"summary_large_image\" \/>\n<meta name=\"twitter:site\" content=\"@talkpalai\" \/>\n<meta name=\"twitter:label1\" content=\"Tiempo de lectura\" \/>\n\t<meta name=\"twitter:data1\" content=\"4 minutos\" \/>\n<script type=\"application\/ld+json\" class=\"yoast-schema-graph\">{\"@context\":\"https:\/\/schema.org\",\"@graph\":[{\"@type\":\"WebPage\",\"@id\":\"https:\/\/talkpal.ai\/es\/gramatica-oromo\/\",\"url\":\"https:\/\/talkpal.ai\/es\/gramatica-oromo\/\",\"name\":\"Gram\u00e1tica Oromo - Talkpal\",\"isPartOf\":{\"@id\":\"https:\/\/talkpal.ai\/es\/#website\"},\"primaryImageOfPage\":{\"@id\":\"https:\/\/talkpal.ai\/es\/gramatica-oromo\/#primaryimage\"},\"image\":{\"@id\":\"https:\/\/talkpal.ai\/es\/gramatica-oromo\/#primaryimage\"},\"thumbnailUrl\":\"https:\/\/talkpal.ai\/wp-content\/uploads\/2026\/05\/Oromo.png\",\"datePublished\":\"2026-05-15T07:42:33+00:00\",\"dateModified\":\"2026-05-15T10:50:32+00:00\",\"breadcrumb\":{\"@id\":\"https:\/\/talkpal.ai\/es\/gramatica-oromo\/#breadcrumb\"},\"inLanguage\":\"es\",\"potentialAction\":[{\"@type\":\"ReadAction\",\"target\":[\"https:\/\/talkpal.ai\/es\/gramatica-oromo\/\"]}]},{\"@type\":\"ImageObject\",\"inLanguage\":\"es\",\"@id\":\"https:\/\/talkpal.ai\/es\/gramatica-oromo\/#primaryimage\",\"url\":\"https:\/\/talkpal.ai\/wp-content\/uploads\/2026\/05\/Oromo.png\",\"contentUrl\":\"https:\/\/talkpal.ai\/wp-content\/uploads\/2026\/05\/Oromo.png\",\"width\":517,\"height\":517},{\"@type\":\"BreadcrumbList\",\"@id\":\"https:\/\/talkpal.ai\/es\/gramatica-oromo\/#breadcrumb\",\"itemListElement\":[{\"@type\":\"ListItem\",\"position\":1,\"name\":\"Homepage\",\"item\":\"https:\/\/talkpal.ai\/es\/\"},{\"@type\":\"ListItem\",\"position\":2,\"name\":\"Gram\u00e1tica Oromo\"}]},{\"@type\":\"WebSite\",\"@id\":\"https:\/\/talkpal.ai\/es\/#website\",\"url\":\"https:\/\/talkpal.ai\/es\/\",\"name\":\"Talkpal\",\"description\":\"AI Language Learning\",\"publisher\":{\"@id\":\"https:\/\/talkpal.ai\/es\/#organization\"},\"alternateName\":\"Talkpal AI\",\"potentialAction\":[{\"@type\":\"SearchAction\",\"target\":{\"@type\":\"EntryPoint\",\"urlTemplate\":\"https:\/\/talkpal.ai\/es\/?s={search_term_string}\"},\"query-input\":{\"@type\":\"PropertyValueSpecification\",\"valueRequired\":true,\"valueName\":\"search_term_string\"}}],\"inLanguage\":\"es\"},{\"@type\":\"Organization\",\"@id\":\"https:\/\/talkpal.ai\/es\/#organization\",\"name\":\"Talkpal, Inc.\",\"alternateName\":\"Talkpal AI\",\"url\":\"https:\/\/talkpal.ai\/es\/\",\"logo\":{\"@type\":\"ImageObject\",\"inLanguage\":\"es\",\"@id\":\"https:\/\/talkpal.ai\/es\/#\/schema\/logo\/image\/\",\"url\":\"https:\/\/talkpal.ai\/wp-content\/uploads\/2024\/03\/Talkpal-Logo-Icon.png\",\"contentUrl\":\"https:\/\/talkpal.ai\/wp-content\/uploads\/2024\/03\/Talkpal-Logo-Icon.png\",\"width\":2880,\"height\":2880,\"caption\":\"Talkpal, Inc.\"},\"image\":{\"@id\":\"https:\/\/talkpal.ai\/es\/#\/schema\/logo\/image\/\"},\"sameAs\":[\"https:\/\/www.facebook.com\/profile.php?id=100090733639311\",\"https:\/\/x.com\/talkpalai\",\"https:\/\/www.linkedin.com\/company\/talkpal\/\",\"https:\/\/www.youtube.com\/@TalkPal\/\",\"https:\/\/www.tiktok.com\/@talkpal\",\"https:\/\/www.instagram.com\/talkpal_ai\/\",\"https:\/\/www.crunchbase.com\/organization\/talkpal-9cde\",\"https:\/\/www.g2.com\/products\/talkpal-for-business\/\",\"https:\/\/www.trustpilot.com\/review\/talkpal.ai\",\"https:\/\/www.capterra.com\/p\/10006800\/TalkPal\/\"],\"description\":\"Talkpal is a language learning web and mobile education app, powered by the latest AI technologies, that provides engaging experiences to its customers in many different languages to help them improve their language skills. Users can chat about unlimited amount of topics with the app and use other modes to practice their language learning.\",\"email\":\"support@talkpal.ai\",\"legalName\":\"Talkpal, Inc.\",\"foundingDate\":\"2023-04-03\",\"duns\":\"118989042\",\"numberOfEmployees\":{\"@type\":\"QuantitativeValue\",\"minValue\":\"11\",\"maxValue\":\"50\"},\"publishingPrinciples\":\"https:\/\/talkpal.ai\/publishing-principles\/\",\"actionableFeedbackPolicy\":\"https:\/\/talkpal.ai\/actionable-feedback-policy\/\",\"correctionsPolicy\":\"https:\/\/talkpal.ai\/corrections-policy\/\",\"ethicsPolicy\":\"https:\/\/talkpal.ai\/ethics-policy\/\",\"diversityPolicy\":\"https:\/\/talkpal.ai\/diversity-policy\/\",\"diversityStaffingReport\":\"https:\/\/talkpal.ai\/diversity-policy\/\"}]}<\/script>\n<!-- \/ Yoast SEO Premium plugin. -->","yoast_head_json":{"title":"Gram\u00e1tica Oromo - Talkpal","robots":{"index":"index","follow":"follow","max-snippet":"max-snippet:-1","max-image-preview":"max-image-preview:large","max-video-preview":"max-video-preview:-1"},"canonical":"https:\/\/talkpal.ai\/es\/gramatica-oromo\/","og_locale":"es_ES","og_type":"article","og_title":"Gram\u00e1tica Oromo","og_description":"Navegando por las complejidades de la gram\u00e1tica oromo El oromo, una importante lengua cushita de la familia afroasi\u00e1tica con una rica historia y","og_url":"https:\/\/talkpal.ai\/es\/gramatica-oromo\/","og_site_name":"Talkpal","article_publisher":"https:\/\/www.facebook.com\/profile.php?id=100090733639311","article_modified_time":"2026-05-15T10:50:32+00:00","og_image":[{"width":517,"height":517,"url":"https:\/\/talkpal.ai\/wp-content\/uploads\/2026\/05\/Oromo.png","type":"image\/png"}],"twitter_card":"summary_large_image","twitter_site":"@talkpalai","twitter_misc":{"Tiempo de lectura":"4 minutos"},"schema":{"@context":"https:\/\/schema.org","@graph":[{"@type":"WebPage","@id":"https:\/\/talkpal.ai\/es\/gramatica-oromo\/","url":"https:\/\/talkpal.ai\/es\/gramatica-oromo\/","name":"Gram\u00e1tica Oromo - Talkpal","isPartOf":{"@id":"https:\/\/talkpal.ai\/es\/#website"},"primaryImageOfPage":{"@id":"https:\/\/talkpal.ai\/es\/gramatica-oromo\/#primaryimage"},"image":{"@id":"https:\/\/talkpal.ai\/es\/gramatica-oromo\/#primaryimage"},"thumbnailUrl":"https:\/\/talkpal.ai\/wp-content\/uploads\/2026\/05\/Oromo.png","datePublished":"2026-05-15T07:42:33+00:00","dateModified":"2026-05-15T10:50:32+00:00","breadcrumb":{"@id":"https:\/\/talkpal.ai\/es\/gramatica-oromo\/#breadcrumb"},"inLanguage":"es","potentialAction":[{"@type":"ReadAction","target":["https:\/\/talkpal.ai\/es\/gramatica-oromo\/"]}]},{"@type":"ImageObject","inLanguage":"es","@id":"https:\/\/talkpal.ai\/es\/gramatica-oromo\/#primaryimage","url":"https:\/\/talkpal.ai\/wp-content\/uploads\/2026\/05\/Oromo.png","contentUrl":"https:\/\/talkpal.ai\/wp-content\/uploads\/2026\/05\/Oromo.png","width":517,"height":517},{"@type":"BreadcrumbList","@id":"https:\/\/talkpal.ai\/es\/gramatica-oromo\/#breadcrumb","itemListElement":[{"@type":"ListItem","position":1,"name":"Homepage","item":"https:\/\/talkpal.ai\/es\/"},{"@type":"ListItem","position":2,"name":"Gram\u00e1tica Oromo"}]},{"@type":"WebSite","@id":"https:\/\/talkpal.ai\/es\/#website","url":"https:\/\/talkpal.ai\/es\/","name":"Talkpal","description":"AI Language Learning","publisher":{"@id":"https:\/\/talkpal.ai\/es\/#organization"},"alternateName":"Talkpal AI","potentialAction":[{"@type":"SearchAction","target":{"@type":"EntryPoint","urlTemplate":"https:\/\/talkpal.ai\/es\/?s={search_term_string}"},"query-input":{"@type":"PropertyValueSpecification","valueRequired":true,"valueName":"search_term_string"}}],"inLanguage":"es"},{"@type":"Organization","@id":"https:\/\/talkpal.ai\/es\/#organization","name":"Talkpal, Inc.","alternateName":"Talkpal AI","url":"https:\/\/talkpal.ai\/es\/","logo":{"@type":"ImageObject","inLanguage":"es","@id":"https:\/\/talkpal.ai\/es\/#\/schema\/logo\/image\/","url":"https:\/\/talkpal.ai\/wp-content\/uploads\/2024\/03\/Talkpal-Logo-Icon.png","contentUrl":"https:\/\/talkpal.ai\/wp-content\/uploads\/2024\/03\/Talkpal-Logo-Icon.png","width":2880,"height":2880,"caption":"Talkpal, Inc."},"image":{"@id":"https:\/\/talkpal.ai\/es\/#\/schema\/logo\/image\/"},"sameAs":["https:\/\/www.facebook.com\/profile.php?id=100090733639311","https:\/\/x.com\/talkpalai","https:\/\/www.linkedin.com\/company\/talkpal\/","https:\/\/www.youtube.com\/@TalkPal\/","https:\/\/www.tiktok.com\/@talkpal","https:\/\/www.instagram.com\/talkpal_ai\/","https:\/\/www.crunchbase.com\/organization\/talkpal-9cde","https:\/\/www.g2.com\/products\/talkpal-for-business\/","https:\/\/www.trustpilot.com\/review\/talkpal.ai","https:\/\/www.capterra.com\/p\/10006800\/TalkPal\/"],"description":"Talkpal is a language learning web and mobile education app, powered by the latest AI technologies, that provides engaging experiences to its customers in many different languages to help them improve their language skills. Users can chat about unlimited amount of topics with the app and use other modes to practice their language learning.","email":"support@talkpal.ai","legalName":"Talkpal, Inc.","foundingDate":"2023-04-03","duns":"118989042","numberOfEmployees":{"@type":"QuantitativeValue","minValue":"11","maxValue":"50"},"publishingPrinciples":"https:\/\/talkpal.ai\/publishing-principles\/","actionableFeedbackPolicy":"https:\/\/talkpal.ai\/actionable-feedback-policy\/","correctionsPolicy":"https:\/\/talkpal.ai\/corrections-policy\/","ethicsPolicy":"https:\/\/talkpal.ai\/ethics-policy\/","diversityPolicy":"https:\/\/talkpal.ai\/diversity-policy\/","diversityStaffingReport":"https:\/\/talkpal.ai\/diversity-policy\/"}]}},"_links":{"self":[{"href":"https:\/\/talkpal.ai\/es\/wp-json\/wp\/v2\/pages\/1693926","targetHints":{"allow":["GET"]}}],"collection":[{"href":"https:\/\/talkpal.ai\/es\/wp-json\/wp\/v2\/pages"}],"about":[{"href":"https:\/\/talkpal.ai\/es\/wp-json\/wp\/v2\/types\/page"}],"author":[{"embeddable":true,"href":"https:\/\/talkpal.ai\/es\/wp-json\/wp\/v2\/users\/23"}],"replies":[{"embeddable":true,"href":"https:\/\/talkpal.ai\/es\/wp-json\/wp\/v2\/comments?post=1693926"}],"version-history":[{"count":0,"href":"https:\/\/talkpal.ai\/es\/wp-json\/wp\/v2\/pages\/1693926\/revisions"}],"wp:featuredmedia":[{"embeddable":true,"href":"https:\/\/talkpal.ai\/es\/wp-json\/wp\/v2\/media\/1693918"}],"wp:attachment":[{"href":"https:\/\/talkpal.ai\/es\/wp-json\/wp\/v2\/media?parent=1693926"}],"curies":[{"name":"wp","href":"https:\/\/api.w.org\/{rel}","templated":true}]}}