{"id":1647889,"date":"2026-02-27T10:51:45","date_gmt":"2026-02-27T10:51:45","guid":{"rendered":"https:\/\/talkpal.ai\/domina-la-comunicacion-empresarial-profesional-con-ia\/"},"modified":"2026-02-27T11:34:01","modified_gmt":"2026-02-27T11:34:01","slug":"domina-la-comunicacion-empresarial-profesional-con-ia","status":"publish","type":"page","link":"https:\/\/talkpal.ai\/es\/domina-la-comunicacion-empresarial-profesional-con-ia\/","title":{"rendered":"Domina la comunicaci\u00f3n empresarial profesional con IA"},"content":{"rendered":"\r\n\r\n\r\n<section class=\"languageChallengeSection\">\r\n    <div class=\"languageInfoWrapper\">\r\n        \r\n        <h1>Domina la comunicaci\u00f3n empresarial profesional con IA<\/h1>\r\n        <p>Mant\u00e9n conversaciones perspicaces sobre temas espec\u00edficos del sector que te parezcan relevantes y recibe comentarios inmediatos para mejorar tus habilidades ling\u00fc\u00edsticas profesionales. \u00a1S\u00f3lo 10 minutos de pr\u00e1ctica espec\u00edfica al d\u00eda marcan una verdadera diferencia en tu carrera!<\/p>\r\n\r\n                            <a class=\"getStartedHidden\" href=\"https:\/\/app.talkpal.ai\/es-es\/signup?lng=\">Comenzar<\/a>\r\n        \r\n    <\/div>\r\n\r\n    <figure>\r\n    <img decoding=\"async\" width=\"768\" height=\"635\" src=\"https:\/\/talkpal.ai\/wp-content\/uploads\/2026\/02\/busniess_courses-768x635.webp\" class=\"languageImage no-lazy\" alt=\"Cursos empresariales\" fetchpriority=\"high\" sizes=\"(max-width: 768px) 150px, 768px\" srcset=\"https:\/\/talkpal.ai\/wp-content\/uploads\/2026\/02\/busniess_courses-768x635.webp 768w, https:\/\/talkpal.ai\/wp-content\/uploads\/2026\/02\/busniess_courses-300x248.webp 300w\" \/>\r\n    \r\n\r\n    <\/figure>\r\n\r\n            <a class=\"getStartedVisible\" href=\"https:\/\/app.talkpal.ai\/es-es\/signup?lng=\">Comenzar<\/a>\r\n    \r\n<\/section><section class=\"promotionalBanner\">\r\n    <p class=\"promotionalText\">La forma m\u00e1s eficiente de aprender un idioma<\/p>\r\n    <a class=\"promotionalLink\" href=\"https:\/\/app.talkpal.ai\/es-es\/signup?lng=\">Prueba Talkpal gratis<\/a>\r\n<\/section>\n<div class=\"wp-block-group pageContainerStyle\"><div class=\"wp-block-group__inner-container is-layout-constrained wp-block-group-is-layout-constrained\">\n<h2 class=\"wp-block-heading\" id=\"h-we-are-talkpal\">Somos Talkpal<\/h2>\n\n\n\n<p>Aprender una nueva lengua para los negocios puede ser una experiencia emocionante y desafiante. Abre nuevas puertas a las oportunidades, tanto personales <a href=\"https:\/\/talkpal.ai\/locations\/language-courses-in-como\/\">como<\/a> profesionales. <a href=\"https:\/\/talkpal.ai\/ko\/ai-%ec%96%b8%ec%96%b4-%ea%b5%90%ec%82%ac\/\">Talkpal<\/a> lleva a\u00f1os desarrollando y entrenando sus algoritmos para crear el tutor de IA definitivo. A medida que evoluciona el mercado global, es esencial comprender las ventajas de aprender un idioma de negocios con las \u00faltimas tecnolog\u00edas.<\/p>\n\n\n\n<h2 class=\"wp-block-heading\" id=\"h-choosing-the-right-language-learning-platform\">Elegir la plataforma de aprendizaje de idiomas adecuada<\/h2>\n\n\n\n<p>Con tantas plataformas disponibles, es importante tener en cuenta factores como la metodolog\u00eda de ense\u00f1anza, las opciones ling\u00fc\u00edsticas y la <a href=\"https:\/\/talkpal.ai\/es\/descargar-la-aplicacion-talkpal-para-android-e-ios\/\">aplicaci\u00f3n<\/a> pr\u00e1ctica. Talkpal ofrece una metodolog\u00eda basada en el chat y centrada en las conversaciones profesionales de la vida real, en lugar de limitarse al vocabulario de nivel principiante. Disponible en m\u00e1s de 80 idiomas y apto para todos los niveles, Talkpal permite a nuestros clientes eliminar el aburrimiento de la formaci\u00f3n corporativa. Aprender a desenvolverse en una negociaci\u00f3n empresarial con un modelo de IA nunca ha sido tan f\u00e1cil y divertido. Pru\u00e9balo gratis hoy mismo.<\/p>\n<\/div><\/div>\n\r\n\r\n\r\n<section class=\"smartFunSection\">\r\n            \r\n            <div class=\"smartFunCard\">\r\n                <div class=\"smartFunWrapper\"><img decoding=\"async\" src=\"https:\/\/talkpal.ai\/wp-content\/uploads\/2025\/05\/1.png\" alt=\"Learning Stats Screenshot\"><\/div>\r\n                <h3>Aprendizaje personalizado<\/h3>\r\n                <p>Aprovechando los puntos fuertes de la IA y la ciencia del lenguaje, las sesiones de nuestros cursos de Negocios se personalizan para que puedas aprender al nivel y ritmo \u00f3ptimos, proporcionando contenidos espec\u00edficos del sector que se adaptan a tu trayectoria profesional.<\/p>\r\n            <\/div>\r\n\r\n        \r\n            <div class=\"smartFunCard\">\r\n                <div class=\"smartFunWrapper\"><img decoding=\"async\" src=\"https:\/\/talkpal.ai\/wp-content\/uploads\/2025\/05\/2.png\" alt=\"Pronunciation Score Screenshot\"><\/div>\r\n                <h3>Eficaz y eficiente<\/h3>\r\n                <p>Con Talkpal, puedes practicar la lectura de informes, escuchar presentaciones y hablar en reuniones con eficacia. \u00a1Echa un vistazo a nuestro nuevo curso profesional de Negocios!<\/p>\r\n            <\/div>\r\n\r\n        \r\n            <div class=\"smartFunCard\">\r\n                <div class=\"smartFunWrapper\"><img decoding=\"async\" src=\"https:\/\/talkpal.ai\/wp-content\/uploads\/2025\/05\/3.png\" alt=\"Chat Topics Screenshot\"><\/div>\r\n                <h3>Mant\u00e9n el compromiso<\/h3>\r\n                <p>Facilitamos el desarrollo de un h\u00e1bito de aprendizaje incorporando retos divertidos y preguntas profesionales perspicaces para mantenerte motivado y comprometido despu\u00e9s de una larga jornada laboral.<\/p>\r\n            <\/div>\r\n\r\n        \r\n            <div class=\"smartFunCard\">\r\n                <div class=\"smartFunWrapper\"><img decoding=\"async\" src=\"https:\/\/talkpal.ai\/wp-content\/uploads\/2025\/05\/4.png\" alt=\"Dashboard Screenshot\"><\/div>\r\n                <h3>Divi\u00e9rtete<\/h3>\r\n                <p>\u00a1La formaci\u00f3n profesional no tiene por qu\u00e9 ser aburrida y mon\u00f3tona! Mejora tus habilidades profesionales cada d\u00eda con ejercicios cautivadores. Haz preguntas empresariales complejas o inusuales y observa c\u00f3mo reacciona la IA de Talkpal.<\/p>\r\n            <\/div>\r\n\r\n            \r\n<\/section>\n<div class=\"wp-block-group pageContainerStyle\"><div class=\"wp-block-group__inner-container is-layout-constrained wp-block-group-is-layout-constrained\">\n<h2 class=\"wp-block-heading\" id=\"h-why-learn-a-business-language\"><strong>\u00bfPor qu\u00e9 aprender una lengua de negocios?<\/strong><\/h2>\n\n\n\n<p>En nuestro mundo interconectado, ser capaz de comunicarse profesionalmente a trav\u00e9s de las fronteras es la clave universal de los negocios, la <a href=\"https:\/\/talkpal.ai\/talkpal-for-education\/\">educaci\u00f3n<\/a> y el comercio mundial. <a href=\"https:\/\/talkpal.ai\/culture\/how-do-i-use-the-expression-sin-embargo\/\">Sin embargo<\/a>, aprender los matices formales de una nueva lengua puede llevar mucho tiempo. Con el avance de la tecnolog\u00eda, dominar la comunicaci\u00f3n empresarial es ahora mucho m\u00e1s f\u00e1cil. En este art\u00edculo, exploraremos por qu\u00e9 el aprendizaje a trav\u00e9s del Chat <a href=\"https:\/\/talkpal.ai\/speaking-with-ai\/\">AI<\/a> de Talkpal es la forma m\u00e1s eficaz de elevar tus competencias profesionales.<\/p>\n<\/div><\/div>\n\n<div class=\"wp-block-group pageContainerStyle\"><div class=\"wp-block-group__inner-container is-layout-constrained wp-block-group-is-layout-constrained\">\n<h2 class=\"wp-block-heading\" id=\"h-why-is-business-language-difficult\"><strong>\u00bfPor qu\u00e9 es dif\u00edcil el lenguaje empresarial?<\/strong><\/h2>\n\n\n\n<p>Dominar una lengua para el trabajo implica retos \u00fanicos en comparaci\u00f3n con el habla informal:<\/p>\n\n\n\n<h3 class=\"wp-block-heading\" id=\"h-professional-tone-and-pronunciation\"><strong>Tono y pronunciaci\u00f3n profesionales<\/strong><\/h3>\n\n\n\n<p>Una articulaci\u00f3n clara es vital en las reuniones. Los alumnos deben dominar sonidos y patrones de acentuaci\u00f3n espec\u00edficos para asegurarse de que sus clientes y colegas internacionales les entienden perfectamente.<\/p>\n\n\n\n<h3 class=\"wp-block-heading\" id=\"h-grammar-and-syntax\"><strong><strong>Gram\u00e1tica y sintaxis<\/strong><\/strong><\/h3>\n\n\n\n<p>La gram\u00e1tica empresarial exige un alto nivel de cortes\u00eda y estructura formal. Entender c\u00f3mo dar formato a solicitudes, propuestas y correspondencia oficial puede ser complejo.<\/p>\n\n\n\n<h3 class=\"wp-block-heading\" id=\"h-vocabulary-and-corporate-jargon\"><strong><strong><strong>Vocabulario y jerga empresarial<\/strong><\/strong><\/strong><\/h3>\n\n\n\n<p>Cada industria tiene un amplio vocabulario de t\u00e9rminos especializados, acr\u00f3nimos y modismos. Navegar por esta jerga empresarial puede resultar abrumador para los alumnos.<\/p>\n\n\n\n<h3 class=\"wp-block-heading\" id=\"h-written-communication\"><strong><strong><strong><strong>Comunicaci\u00f3n escrita<\/strong><\/strong><\/strong><\/strong><\/h3>\n\n\n\n<p>Redactar correos electr\u00f3nicos, informes y contratos profesionales requiere una destreza distinta a la de los mensajes de texto informales, ya que exige un gran dominio de la ortograf\u00eda y la redacci\u00f3n formales.<\/p>\n\n\n\n<h3 class=\"wp-block-heading\" id=\"h-business-language-learning-strategies\"><strong>Estrategias de aprendizaje de idiomas de negocios<\/strong><\/h3>\n\n\n\n<h4 class=\"wp-block-heading\" id=\"h-listening-and-speaking\">Escuchar y hablar<\/h4>\n\n\n\n<p>Para mejorar la fluidez en las reuniones, los alumnos deben practicar escuchando a expertos del sector y participando en conversaciones corporativas simuladas utilizando aplicaciones m\u00f3viles como Talkpal.<\/p>\n\n\n\n<h4 class=\"wp-block-heading\" id=\"h-reading\">Lectura<\/h4>\n\n\n\n<p>Leer informes financieros, noticias del sector y correos electr\u00f3nicos profesionales es esencial para ampliar el vocabulario corporativo y mejorar la comprensi\u00f3n.<\/p>\n\n\n\n<h4 class=\"wp-block-heading\" id=\"h-writing\">Escribir<\/h4>\n\n\n\n<p>Escribir es crucial para el lugar de trabajo. Los alumnos deben practicar con regularidad la redacci\u00f3n de correos electr\u00f3nicos formales, actualizaciones de proyectos y propuestas empresariales.<\/p>\n\n\n\n<h4 class=\"wp-block-heading\" id=\"h-grammar-and-vocabulary\">Gram\u00e1tica y vocabulario<\/h4>\n\n\n\n<p>Dedicar tiempo a estudiar las reglas gramaticales formales y los t\u00e9rminos espec\u00edficos del sector es clave para sonar profesional y con autoridad.<\/p>\n\n\n\n<h2 class=\"wp-block-heading\" id=\"h-conclusion\">Conclusi\u00f3n<\/h2>\n\n\n\n<p>Aprender una lengua para el mundo profesional presenta retos \u00fanicos, desde dominar la gram\u00e1tica formal hasta navegar por la etiqueta cultural. Sin embargo, con las estrategias adecuadas y el apoyo de un tutor de AI, los profesionales de todos los niveles pueden superar estos obst\u00e1culos y cosechar los beneficios de la comunicaci\u00f3n global que definen su carrera.<\/p>\n<\/div><\/div>\n<section class=\"promotionalBanner\">\r\n    <p class=\"promotionalText\">La forma m\u00e1s eficiente de aprender un idioma<\/p>\r\n    <a class=\"promotionalLink\" href=\"https:\/\/app.talkpal.ai\/es-es\/signup?lng=\">Prueba Talkpal gratis<\/a>\r\n<\/section>","protected":false},"excerpt":{"rendered":"<p>Somos Talkpal Aprender una nueva lengua para los negocios puede ser una experiencia emocionante y desafiante. Abre nuevas puertas a las oportunidades, tanto personales como profesionales. Talkpal lleva a\u00f1os desarrollando y entrenando sus algoritmos para crear el tutor de IA definitivo. A medida que evoluciona el mercado global, es esencial comprender las ventajas de aprender [&hellip;]<\/p>\n","protected":false},"author":20,"featured_media":1647891,"parent":0,"menu_order":0,"comment_status":"closed","ping_status":"closed","template":"LearningContentPage.php","meta":{"_acf_changed":false,"footnotes":""},"class_list":["post-1647889","page","type-page","status-publish","has-post-thumbnail","hentry"],"acf":[],"yoast_head":"<!-- This site is optimized with the Yoast SEO Premium plugin v27.2 (Yoast SEO v27.2) - https:\/\/yoast.com\/product\/yoast-seo-premium-wordpress\/ -->\n<title>Domina la comunicaci\u00f3n empresarial profesional con IA - Talkpal<\/title>\n<meta name=\"description\" content=\"Eleva tu carrera profesional con el nuevo curso de Talkpal sobre el lenguaje de los negocios. Practica situaciones profesionales reales en m\u00e1s de 80 idiomas con nuestro tutor de IA en cualquier momento y lugar.\" \/>\n<meta name=\"robots\" content=\"index, follow, max-snippet:-1, max-image-preview:large, max-video-preview:-1\" \/>\n<link rel=\"canonical\" href=\"https:\/\/talkpal.ai\/es\/domina-la-comunicacion-empresarial-profesional-con-ia\/\" \/>\n<meta property=\"og:locale\" content=\"es_ES\" \/>\n<meta property=\"og:type\" content=\"article\" \/>\n<meta property=\"og:title\" content=\"Domina la comunicaci\u00f3n empresarial profesional con IA\" \/>\n<meta property=\"og:description\" content=\"Somos Talkpal Aprender una nueva lengua para los negocios puede ser una experiencia emocionante y desafiante. Abre nuevas puertas a las oportunidades,\" \/>\n<meta property=\"og:url\" content=\"https:\/\/talkpal.ai\/es\/domina-la-comunicacion-empresarial-profesional-con-ia\/\" \/>\n<meta property=\"og:site_name\" content=\"Talkpal\" \/>\n<meta property=\"article:publisher\" content=\"https:\/\/www.facebook.com\/profile.php?id=100090733639311\" \/>\n<meta property=\"article:modified_time\" content=\"2026-02-27T11:34:01+00:00\" \/>\n<meta property=\"og:image\" content=\"https:\/\/talkpal.ai\/wp-content\/uploads\/2026\/02\/busniess_courses.webp\" \/>\n\t<meta property=\"og:image:width\" content=\"1200\" \/>\n\t<meta property=\"og:image:height\" content=\"992\" \/>\n\t<meta property=\"og:image:type\" content=\"image\/webp\" \/>\n<meta name=\"twitter:card\" content=\"summary_large_image\" \/>\n<meta name=\"twitter:site\" content=\"@talkpalai\" \/>\n<meta name=\"twitter:label1\" content=\"Tiempo de lectura\" \/>\n\t<meta name=\"twitter:data1\" content=\"3 minutos\" \/>\n<script type=\"application\/ld+json\" class=\"yoast-schema-graph\">{\"@context\":\"https:\/\/schema.org\",\"@graph\":[{\"@type\":\"WebPage\",\"@id\":\"https:\/\/talkpal.ai\/es\/domina-la-comunicacion-empresarial-profesional-con-ia\/\",\"url\":\"https:\/\/talkpal.ai\/es\/domina-la-comunicacion-empresarial-profesional-con-ia\/\",\"name\":\"Domina la comunicaci\u00f3n empresarial profesional con IA - Talkpal\",\"isPartOf\":{\"@id\":\"https:\/\/talkpal.ai\/es\/#website\"},\"primaryImageOfPage\":{\"@id\":\"https:\/\/talkpal.ai\/es\/domina-la-comunicacion-empresarial-profesional-con-ia\/#primaryimage\"},\"image\":{\"@id\":\"https:\/\/talkpal.ai\/es\/domina-la-comunicacion-empresarial-profesional-con-ia\/#primaryimage\"},\"thumbnailUrl\":\"https:\/\/talkpal.ai\/wp-content\/uploads\/2026\/02\/busniess_courses.webp\",\"datePublished\":\"2026-02-27T10:51:45+00:00\",\"dateModified\":\"2026-02-27T11:34:01+00:00\",\"description\":\"Eleva tu carrera profesional con el nuevo curso de Talkpal sobre el lenguaje de los negocios. Practica situaciones profesionales reales en m\u00e1s de 80 idiomas con nuestro tutor de IA en cualquier momento y lugar.\",\"breadcrumb\":{\"@id\":\"https:\/\/talkpal.ai\/es\/domina-la-comunicacion-empresarial-profesional-con-ia\/#breadcrumb\"},\"inLanguage\":\"es\",\"potentialAction\":[{\"@type\":\"ReadAction\",\"target\":[\"https:\/\/talkpal.ai\/es\/domina-la-comunicacion-empresarial-profesional-con-ia\/\"]}]},{\"@type\":\"ImageObject\",\"inLanguage\":\"es\",\"@id\":\"https:\/\/talkpal.ai\/es\/domina-la-comunicacion-empresarial-profesional-con-ia\/#primaryimage\",\"url\":\"https:\/\/talkpal.ai\/wp-content\/uploads\/2026\/02\/busniess_courses.webp\",\"contentUrl\":\"https:\/\/talkpal.ai\/wp-content\/uploads\/2026\/02\/busniess_courses.webp\",\"width\":1200,\"height\":992,\"caption\":\"Cursos empresariales\"},{\"@type\":\"BreadcrumbList\",\"@id\":\"https:\/\/talkpal.ai\/es\/domina-la-comunicacion-empresarial-profesional-con-ia\/#breadcrumb\",\"itemListElement\":[{\"@type\":\"ListItem\",\"position\":1,\"name\":\"Homepage\",\"item\":\"https:\/\/talkpal.ai\/es\/\"},{\"@type\":\"ListItem\",\"position\":2,\"name\":\"Domina la comunicaci\u00f3n empresarial profesional con IA\"}]},{\"@type\":\"WebSite\",\"@id\":\"https:\/\/talkpal.ai\/es\/#website\",\"url\":\"https:\/\/talkpal.ai\/es\/\",\"name\":\"Talkpal\",\"description\":\"AI Language Learning\",\"publisher\":{\"@id\":\"https:\/\/talkpal.ai\/es\/#organization\"},\"alternateName\":\"Talkpal AI\",\"potentialAction\":[{\"@type\":\"SearchAction\",\"target\":{\"@type\":\"EntryPoint\",\"urlTemplate\":\"https:\/\/talkpal.ai\/es\/?s={search_term_string}\"},\"query-input\":{\"@type\":\"PropertyValueSpecification\",\"valueRequired\":true,\"valueName\":\"search_term_string\"}}],\"inLanguage\":\"es\"},{\"@type\":\"Organization\",\"@id\":\"https:\/\/talkpal.ai\/es\/#organization\",\"name\":\"Talkpal, Inc.\",\"alternateName\":\"Talkpal AI\",\"url\":\"https:\/\/talkpal.ai\/es\/\",\"logo\":{\"@type\":\"ImageObject\",\"inLanguage\":\"es\",\"@id\":\"https:\/\/talkpal.ai\/es\/#\/schema\/logo\/image\/\",\"url\":\"https:\/\/talkpal.ai\/wp-content\/uploads\/2024\/03\/Talkpal-Logo-Icon.png\",\"contentUrl\":\"https:\/\/talkpal.ai\/wp-content\/uploads\/2024\/03\/Talkpal-Logo-Icon.png\",\"width\":2880,\"height\":2880,\"caption\":\"Talkpal, Inc.\"},\"image\":{\"@id\":\"https:\/\/talkpal.ai\/es\/#\/schema\/logo\/image\/\"},\"sameAs\":[\"https:\/\/www.facebook.com\/profile.php?id=100090733639311\",\"https:\/\/x.com\/talkpalai\",\"https:\/\/www.linkedin.com\/company\/talkpal\/\",\"https:\/\/www.youtube.com\/@TalkPal\/\",\"https:\/\/www.tiktok.com\/@talkpal\",\"https:\/\/www.instagram.com\/talkpal_ai\/\",\"https:\/\/www.crunchbase.com\/organization\/talkpal-9cde\",\"https:\/\/www.g2.com\/products\/talkpal-for-business\/\",\"https:\/\/www.trustpilot.com\/review\/talkpal.ai\",\"https:\/\/www.capterra.com\/p\/10006800\/TalkPal\/\"],\"description\":\"Talkpal is a language learning web and mobile education app, powered by the latest AI technologies, that provides engaging experiences to its customers in many different languages to help them improve their language skills. Users can chat about unlimited amount of topics with the app and use other modes to practice their language learning.\",\"email\":\"support@talkpal.ai\",\"legalName\":\"Talkpal, Inc.\",\"foundingDate\":\"2023-04-03\",\"duns\":\"118989042\",\"numberOfEmployees\":{\"@type\":\"QuantitativeValue\",\"minValue\":\"11\",\"maxValue\":\"50\"},\"publishingPrinciples\":\"https:\/\/talkpal.ai\/publishing-principles\/\",\"actionableFeedbackPolicy\":\"https:\/\/talkpal.ai\/actionable-feedback-policy\/\",\"correctionsPolicy\":\"https:\/\/talkpal.ai\/corrections-policy\/\",\"ethicsPolicy\":\"https:\/\/talkpal.ai\/ethics-policy\/\",\"diversityPolicy\":\"https:\/\/talkpal.ai\/diversity-policy\/\",\"diversityStaffingReport\":\"https:\/\/talkpal.ai\/diversity-policy\/\"}]}<\/script>\n<!-- \/ Yoast SEO Premium plugin. -->","yoast_head_json":{"title":"Domina la comunicaci\u00f3n empresarial profesional con IA - Talkpal","description":"Eleva tu carrera profesional con el nuevo curso de Talkpal sobre el lenguaje de los negocios. Practica situaciones profesionales reales en m\u00e1s de 80 idiomas con nuestro tutor de IA en cualquier momento y lugar.","robots":{"index":"index","follow":"follow","max-snippet":"max-snippet:-1","max-image-preview":"max-image-preview:large","max-video-preview":"max-video-preview:-1"},"canonical":"https:\/\/talkpal.ai\/es\/domina-la-comunicacion-empresarial-profesional-con-ia\/","og_locale":"es_ES","og_type":"article","og_title":"Domina la comunicaci\u00f3n empresarial profesional con IA","og_description":"Somos Talkpal Aprender una nueva lengua para los negocios puede ser una experiencia emocionante y desafiante. Abre nuevas puertas a las oportunidades,","og_url":"https:\/\/talkpal.ai\/es\/domina-la-comunicacion-empresarial-profesional-con-ia\/","og_site_name":"Talkpal","article_publisher":"https:\/\/www.facebook.com\/profile.php?id=100090733639311","article_modified_time":"2026-02-27T11:34:01+00:00","og_image":[{"width":1200,"height":992,"url":"https:\/\/talkpal.ai\/wp-content\/uploads\/2026\/02\/busniess_courses.webp","type":"image\/webp"}],"twitter_card":"summary_large_image","twitter_site":"@talkpalai","twitter_misc":{"Tiempo de lectura":"3 minutos"},"schema":{"@context":"https:\/\/schema.org","@graph":[{"@type":"WebPage","@id":"https:\/\/talkpal.ai\/es\/domina-la-comunicacion-empresarial-profesional-con-ia\/","url":"https:\/\/talkpal.ai\/es\/domina-la-comunicacion-empresarial-profesional-con-ia\/","name":"Domina la comunicaci\u00f3n empresarial profesional con IA - Talkpal","isPartOf":{"@id":"https:\/\/talkpal.ai\/es\/#website"},"primaryImageOfPage":{"@id":"https:\/\/talkpal.ai\/es\/domina-la-comunicacion-empresarial-profesional-con-ia\/#primaryimage"},"image":{"@id":"https:\/\/talkpal.ai\/es\/domina-la-comunicacion-empresarial-profesional-con-ia\/#primaryimage"},"thumbnailUrl":"https:\/\/talkpal.ai\/wp-content\/uploads\/2026\/02\/busniess_courses.webp","datePublished":"2026-02-27T10:51:45+00:00","dateModified":"2026-02-27T11:34:01+00:00","description":"Eleva tu carrera profesional con el nuevo curso de Talkpal sobre el lenguaje de los negocios. Practica situaciones profesionales reales en m\u00e1s de 80 idiomas con nuestro tutor de IA en cualquier momento y lugar.","breadcrumb":{"@id":"https:\/\/talkpal.ai\/es\/domina-la-comunicacion-empresarial-profesional-con-ia\/#breadcrumb"},"inLanguage":"es","potentialAction":[{"@type":"ReadAction","target":["https:\/\/talkpal.ai\/es\/domina-la-comunicacion-empresarial-profesional-con-ia\/"]}]},{"@type":"ImageObject","inLanguage":"es","@id":"https:\/\/talkpal.ai\/es\/domina-la-comunicacion-empresarial-profesional-con-ia\/#primaryimage","url":"https:\/\/talkpal.ai\/wp-content\/uploads\/2026\/02\/busniess_courses.webp","contentUrl":"https:\/\/talkpal.ai\/wp-content\/uploads\/2026\/02\/busniess_courses.webp","width":1200,"height":992,"caption":"Cursos empresariales"},{"@type":"BreadcrumbList","@id":"https:\/\/talkpal.ai\/es\/domina-la-comunicacion-empresarial-profesional-con-ia\/#breadcrumb","itemListElement":[{"@type":"ListItem","position":1,"name":"Homepage","item":"https:\/\/talkpal.ai\/es\/"},{"@type":"ListItem","position":2,"name":"Domina la comunicaci\u00f3n empresarial profesional con IA"}]},{"@type":"WebSite","@id":"https:\/\/talkpal.ai\/es\/#website","url":"https:\/\/talkpal.ai\/es\/","name":"Talkpal","description":"AI Language Learning","publisher":{"@id":"https:\/\/talkpal.ai\/es\/#organization"},"alternateName":"Talkpal AI","potentialAction":[{"@type":"SearchAction","target":{"@type":"EntryPoint","urlTemplate":"https:\/\/talkpal.ai\/es\/?s={search_term_string}"},"query-input":{"@type":"PropertyValueSpecification","valueRequired":true,"valueName":"search_term_string"}}],"inLanguage":"es"},{"@type":"Organization","@id":"https:\/\/talkpal.ai\/es\/#organization","name":"Talkpal, Inc.","alternateName":"Talkpal AI","url":"https:\/\/talkpal.ai\/es\/","logo":{"@type":"ImageObject","inLanguage":"es","@id":"https:\/\/talkpal.ai\/es\/#\/schema\/logo\/image\/","url":"https:\/\/talkpal.ai\/wp-content\/uploads\/2024\/03\/Talkpal-Logo-Icon.png","contentUrl":"https:\/\/talkpal.ai\/wp-content\/uploads\/2024\/03\/Talkpal-Logo-Icon.png","width":2880,"height":2880,"caption":"Talkpal, Inc."},"image":{"@id":"https:\/\/talkpal.ai\/es\/#\/schema\/logo\/image\/"},"sameAs":["https:\/\/www.facebook.com\/profile.php?id=100090733639311","https:\/\/x.com\/talkpalai","https:\/\/www.linkedin.com\/company\/talkpal\/","https:\/\/www.youtube.com\/@TalkPal\/","https:\/\/www.tiktok.com\/@talkpal","https:\/\/www.instagram.com\/talkpal_ai\/","https:\/\/www.crunchbase.com\/organization\/talkpal-9cde","https:\/\/www.g2.com\/products\/talkpal-for-business\/","https:\/\/www.trustpilot.com\/review\/talkpal.ai","https:\/\/www.capterra.com\/p\/10006800\/TalkPal\/"],"description":"Talkpal is a language learning web and mobile education app, powered by the latest AI technologies, that provides engaging experiences to its customers in many different languages to help them improve their language skills. Users can chat about unlimited amount of topics with the app and use other modes to practice their language learning.","email":"support@talkpal.ai","legalName":"Talkpal, Inc.","foundingDate":"2023-04-03","duns":"118989042","numberOfEmployees":{"@type":"QuantitativeValue","minValue":"11","maxValue":"50"},"publishingPrinciples":"https:\/\/talkpal.ai\/publishing-principles\/","actionableFeedbackPolicy":"https:\/\/talkpal.ai\/actionable-feedback-policy\/","correctionsPolicy":"https:\/\/talkpal.ai\/corrections-policy\/","ethicsPolicy":"https:\/\/talkpal.ai\/ethics-policy\/","diversityPolicy":"https:\/\/talkpal.ai\/diversity-policy\/","diversityStaffingReport":"https:\/\/talkpal.ai\/diversity-policy\/"}]}},"_links":{"self":[{"href":"https:\/\/talkpal.ai\/es\/wp-json\/wp\/v2\/pages\/1647889","targetHints":{"allow":["GET"]}}],"collection":[{"href":"https:\/\/talkpal.ai\/es\/wp-json\/wp\/v2\/pages"}],"about":[{"href":"https:\/\/talkpal.ai\/es\/wp-json\/wp\/v2\/types\/page"}],"author":[{"embeddable":true,"href":"https:\/\/talkpal.ai\/es\/wp-json\/wp\/v2\/users\/20"}],"replies":[{"embeddable":true,"href":"https:\/\/talkpal.ai\/es\/wp-json\/wp\/v2\/comments?post=1647889"}],"version-history":[{"count":0,"href":"https:\/\/talkpal.ai\/es\/wp-json\/wp\/v2\/pages\/1647889\/revisions"}],"wp:featuredmedia":[{"embeddable":true,"href":"https:\/\/talkpal.ai\/es\/wp-json\/wp\/v2\/media\/1647891"}],"wp:attachment":[{"href":"https:\/\/talkpal.ai\/es\/wp-json\/wp\/v2\/media?parent=1647889"}],"curies":[{"name":"wp","href":"https:\/\/api.w.org\/{rel}","templated":true}]}}