{"id":1647888,"date":"2026-02-27T11:00:49","date_gmt":"2026-02-27T11:00:49","guid":{"rendered":"https:\/\/talkpal.ai\/aprende-lenguaje-juridico-profesional-con-ia\/"},"modified":"2026-02-27T11:33:41","modified_gmt":"2026-02-27T11:33:41","slug":"aprende-lenguaje-juridico-profesional-con-ia","status":"publish","type":"page","link":"https:\/\/talkpal.ai\/es\/aprende-lenguaje-juridico-profesional-con-ia\/","title":{"rendered":"Aprende lenguaje jur\u00eddico profesional con IA"},"content":{"rendered":"\r\n\r\n\r\n<section class=\"languageChallengeSection\">\r\n    <div class=\"languageInfoWrapper\">\r\n        \r\n        <h1>Aprende lenguaje jur\u00eddico profesional con IA<\/h1>\r\n        <p>Mant\u00e9n conversaciones perspicaces sobre temas jur\u00eddicos complejos que te parezcan interesantes y recibe comentarios inmediatos para mejorar tus habilidades de comunicaci\u00f3n profesional. \u00a1S\u00f3lo 10 minutos de pr\u00e1ctica al d\u00eda marcan una verdadera diferencia en tu carrera!<\/p>\r\n\r\n                            <a class=\"getStartedHidden\" href=\"https:\/\/app.talkpal.ai\/es-es\/signup?lng=\">Comenzar<\/a>\r\n        \r\n    <\/div>\r\n\r\n    <figure>\r\n    <img decoding=\"async\" width=\"768\" height=\"635\" src=\"https:\/\/talkpal.ai\/wp-content\/uploads\/2026\/02\/law_courses-768x635.webp\" class=\"languageImage no-lazy\" alt=\"Cursos de Derecho\" fetchpriority=\"high\" sizes=\"(max-width: 768px) 150px, 768px\" srcset=\"https:\/\/talkpal.ai\/wp-content\/uploads\/2026\/02\/law_courses-768x635.webp 768w, https:\/\/talkpal.ai\/wp-content\/uploads\/2026\/02\/law_courses-300x248.webp 300w\" \/>\r\n    \r\n\r\n    <\/figure>\r\n\r\n            <a class=\"getStartedVisible\" href=\"https:\/\/app.talkpal.ai\/es-es\/signup?lng=\">Comenzar<\/a>\r\n    \r\n<\/section><section class=\"promotionalBanner\">\r\n    <p class=\"promotionalText\">La forma m\u00e1s eficiente de aprender un idioma<\/p>\r\n    <a class=\"promotionalLink\" href=\"https:\/\/app.talkpal.ai\/es-es\/signup?lng=\">Prueba Talkpal gratis<\/a>\r\n<\/section>\n<div class=\"wp-block-group pageContainerStyle\"><div class=\"wp-block-group__inner-container is-layout-constrained wp-block-group-is-layout-constrained\">\n<h2 class=\"wp-block-heading\" id=\"h-we-are-talkpal\">Somos Talkpal<\/h2>\n\n\n\n<p>Aprender el lenguaje jur\u00eddico puede ser una experiencia apasionante y desafiante. Abre nuevas puertas a oportunidades profesionales internacionales. <a href=\"https:\/\/talkpal.ai\/ko\/ai-%ec%96%b8%ec%96%b4-%ea%b5%90%ec%82%ac\/\">Talkpal<\/a> lleva a\u00f1os desarrollando y entrenando sus algoritmos para ense\u00f1ar m\u00e1s de 80 idiomas. A medida que evoluciona la tecnolog\u00eda, es importante comprender las ventajas de mejorar tus competencias profesionales con las \u00faltimas herramientas de IA.<\/p>\n\n\n\n<h2 class=\"wp-block-heading\" id=\"h-choosing-the-right-language-learning-platform\">Elegir la plataforma de aprendizaje de idiomas adecuada<\/h2>\n\n\n\n<p>Con tantas plataformas disponibles, es importante tener en cuenta factores <a href=\"https:\/\/talkpal.ai\/locations\/language-courses-in-como\/\">como<\/a> la metodolog\u00eda de ense\u00f1anza, las opciones ling\u00fc\u00edsticas y la <a href=\"https:\/\/talkpal.ai\/es\/descargar-la-aplicacion-talkpal-para-android-e-ios\/\">aplicaci\u00f3n<\/a> pr\u00e1ctica. Talkpal ofrece una metodolog\u00eda basada en el chat que se centra en situaciones jur\u00eddicas de la vida real sin estr\u00e9s. Disponible en m\u00e1s de 80 idiomas, aprender a hablar formalmente en una conversaci\u00f3n real con nuestro modelo de IA elimina el aburrimiento y el elemento de tarea del desarrollo profesional. \u00a1Pru\u00e9balo gratis hoy mismo!<\/p>\n<\/div><\/div>\n\r\n\r\n\r\n<section class=\"smartFunSection\">\r\n            \r\n            <div class=\"smartFunCard\">\r\n                <div class=\"smartFunWrapper\"><img decoding=\"async\" src=\"https:\/\/talkpal.ai\/wp-content\/uploads\/2025\/05\/1.png\" alt=\"Learning Stats Screenshot\"><\/div>\r\n                <h3>Aprendizaje personalizado<\/h3>\r\n                <p>Aprovechando los puntos fuertes de la IA y la ciencia del lenguaje, las sesiones de nuestros cursos de Derecho se personalizan para que puedas aprender al nivel y ritmo \u00f3ptimos, proporcion\u00e1ndote contenidos jur\u00eddicos hechos a tu medida.<\/p>\r\n            <\/div>\r\n\r\n        \r\n            <div class=\"smartFunCard\">\r\n                <div class=\"smartFunWrapper\"><img decoding=\"async\" src=\"https:\/\/talkpal.ai\/wp-content\/uploads\/2025\/05\/2.png\" alt=\"Pronunciation Score Screenshot\"><\/div>\r\n                <h3>Eficaz y eficiente<\/h3>\r\n                <p>Con Talkpal puedes practicar la lectura de contratos, escuchar testimonios y hablar en juicios simulados de forma eficiente y eficaz.<\/p>\r\n            <\/div>\r\n\r\n        \r\n            <div class=\"smartFunCard\">\r\n                <div class=\"smartFunWrapper\"><img decoding=\"async\" src=\"https:\/\/talkpal.ai\/wp-content\/uploads\/2025\/05\/3.png\" alt=\"Chat Topics Screenshot\"><\/div>\r\n                <h3>Mant\u00e9n el compromiso<\/h3>\r\n                <p>Facilitamos el desarrollo de un h\u00e1bito de aprendizaje incorporando retos divertidos y preguntas perspicaces sobre casos concretos para mantenerte motivado y comprometido.<\/p>\r\n            <\/div>\r\n\r\n        \r\n            <div class=\"smartFunCard\">\r\n                <div class=\"smartFunWrapper\"><img decoding=\"async\" src=\"https:\/\/talkpal.ai\/wp-content\/uploads\/2025\/05\/4.png\" alt=\"Dashboard Screenshot\"><\/div>\r\n                <h3>Divi\u00e9rtete<\/h3>\r\n                <p>\u00a1Estudiar Derecho no tiene por qu\u00e9 ser aburrido y mon\u00f3tono! Mejora tus habilidades profesionales cada d\u00eda con ejercicios cautivadores. Haz preguntas jur\u00eddicas complejas o inusuales y observa c\u00f3mo reacciona el tutor de inteligencia artificial de Talkpal.<\/p>\r\n            <\/div>\r\n\r\n            \r\n<\/section>\n<div class=\"wp-block-group pageContainerStyle\"><div class=\"wp-block-group__inner-container is-layout-constrained wp-block-group-is-layout-constrained\">\n<h2 class=\"wp-block-heading\" id=\"h-why-the-professional-law-course\"><strong><strong>\u00bfPor qu\u00e9 el Curso de Derecho Profesional?<\/strong><\/strong><\/h2>\n\n\n\n<p>El sector jur\u00eddico es una de las industrias m\u00e1s vitales y globalmente conectadas del mundo. Ser capaz de comunicar conceptos jur\u00eddicos con claridad es esencial para los negocios internacionales, la defensa de los derechos humanos y la diplomacia mundial. <a href=\"https:\/\/talkpal.ai\/culture\/how-do-i-use-the-expression-sin-embargo\/\">Sin embargo<\/a>, aprender la jerga espec\u00edfica y el tono formal puede ser un proceso <a href=\"https:\/\/talkpal.ai\/locations\/language-courses-in-largo\/\">largo<\/a>. Con el avance de la tecnolog\u00eda, dominar este nicho se ha vuelto mucho m\u00e1s f\u00e1cil. En este art\u00edculo, exploramos por qu\u00e9 utilizar el Chat <a href=\"https:\/\/talkpal.ai\/speaking-with-ai\/\">AI<\/a> de Talkpal para tu <a href=\"https:\/\/talkpal.ai\/learn-professional-law-language-with-ai\/\">curso de Derecho<\/a> es la forma m\u00e1s eficaz de mejorar tus competencias profesionales.<\/p>\n<\/div><\/div>\n\n<div class=\"wp-block-group pageContainerStyle\"><div class=\"wp-block-group__inner-container is-layout-constrained wp-block-group-is-layout-constrained\">\n<h2 class=\"wp-block-heading\" id=\"h-why-is-legal-language-difficult\"><strong><strong>\u00bfPor qu\u00e9 es dif\u00edcil el lenguaje jur\u00eddico?<\/strong><\/strong><\/h2>\n\n\n\n<h3 class=\"wp-block-heading\" id=\"h-pronunciation\"><strong>Pronunciaci\u00f3n<\/strong><\/h3>\n\n\n\n<p>Uno de los mayores obst\u00e1culos es dominar la pronunciaci\u00f3n de la compleja terminolog\u00eda jur\u00eddica, a menudo basada en el lat\u00edn. El registro formal requiere una articulaci\u00f3n precisa que puede intimidar a los alumnos.<\/p>\n\n\n\n<h3 class=\"wp-block-heading\" id=\"h-grammar-and-syntax\"><strong><strong>Gram\u00e1tica y sintaxis<\/strong><\/strong><\/h3>\n\n\n\n<p>La gram\u00e1tica jur\u00eddica es notoriamente compleja, con frases largas y condicionales, numerosas reglas y un formato estricto. Los alumnos deben comprender estructuras muy formales que difieren enormemente del lenguaje conversacional cotidiano.<\/p>\n\n\n\n<h3 class=\"wp-block-heading\" id=\"h-vocabulary-and-idioms\"><strong><strong><strong>Vocabulario y modismos<\/strong><\/strong><\/strong><\/h3>\n\n\n\n<p>El \u00e1mbito jur\u00eddico tiene un vocabulario extenso y muy espec\u00edfico. Este vasto conjunto de palabras puede resultar abrumador, sobre todo cuando se navega por modismos jur\u00eddicos, cl\u00e1usulas contractuales y jerga espec\u00edfica del sector cuyos significados no pueden deducirse literalmente.<\/p>\n\n\n\n<h3 class=\"wp-block-heading\" id=\"h-spelling\"><strong><strong><strong><strong>Ortograf\u00eda<\/strong><\/strong><\/strong><\/strong><\/h3>\n\n\n\n<p>La ortograf\u00eda exacta no es negociable en los documentos jur\u00eddicos. Una sola letra mal colocada puede cambiar el significado de un contrato, por lo que es un \u00e1rea de gran presi\u00f3n para los alumnos.<\/p>\n\n\n\n<h3 class=\"wp-block-heading\" id=\"h-language-learning-strategies-for-law\"><strong><strong>Estrategias de aprendizaje de idiomas para Derecho<\/strong><\/strong><\/h3>\n\n\n\n<h4 class=\"wp-block-heading\" id=\"h-listening-and-speaking\">Escuchar y hablar<\/h4>\n\n\n\n<p>Para mejorar la fluidez, los alumnos deben practicar simulacros de negociaciones y entrevistas con clientes. Talkpal proporciona el entorno perfecto para ello, sin estr\u00e9s.<\/p>\n\n\n\n<h4 class=\"wp-block-heading\" id=\"h-reading\">Lectura<\/h4>\n\n\n\n<p>La lectura es esencial para ampliar el vocabulario. Los alumnos deben leer una variedad de textos, desde contratos de empresa hasta jurisprudencia, para exponerse a diferentes estilos de redacci\u00f3n jur\u00eddica.<\/p>\n\n\n\n<h4 class=\"wp-block-heading\" id=\"h-writing\">Escribir<\/h4>\n\n\n\n<p>La redacci\u00f3n es una habilidad crucial para redactar documentos. Los alumnos deben practicar escribiendo con regularidad, formulando escritos jur\u00eddicos y resumiendo casos pr\u00e1cticos.<\/p>\n\n\n\n<h4 class=\"wp-block-heading\" id=\"h-grammar-and-vocabulary\">Gram\u00e1tica y vocabulario<\/h4>\n\n\n\n<p>Dedicar tiempo a estudiar las reglas espec\u00edficas del lenguaje formal es necesario para proyectar autoridad y profesionalidad en tu lengua de destino.<\/p>\n\n\n\n<h2 class=\"wp-block-heading\" id=\"h-conclusion\">Conclusi\u00f3n<\/h2>\n\n\n\n<p>Aprender el lenguaje jur\u00eddico profesional presenta retos \u00fanicos, desde una gram\u00e1tica r\u00edgida hasta un vocabulario denso. Sin embargo, con las estrategias adecuadas y el apoyo de la IA de Talkpal, alumnos de todos los niveles pueden superar estos obst\u00e1culos y cosechar los enormes beneficios profesionales que conlleva el dominio del lenguaje jur\u00eddico.<\/p>\n<\/div><\/div>\n<section class=\"promotionalBanner\">\r\n    <p class=\"promotionalText\">La forma m\u00e1s eficiente de aprender un idioma<\/p>\r\n    <a class=\"promotionalLink\" href=\"https:\/\/app.talkpal.ai\/es-es\/signup?lng=\">Prueba Talkpal gratis<\/a>\r\n<\/section>","protected":false},"excerpt":{"rendered":"<p>Somos Talkpal Aprender el lenguaje jur\u00eddico puede ser una experiencia apasionante y desafiante. Abre nuevas puertas a oportunidades profesionales internacionales. Talkpal lleva a\u00f1os desarrollando y entrenando sus algoritmos para ense\u00f1ar m\u00e1s de 80 idiomas. A medida que evoluciona la tecnolog\u00eda, es importante comprender las ventajas de mejorar tus competencias profesionales con las \u00faltimas herramientas de [&hellip;]<\/p>\n","protected":false},"author":20,"featured_media":1647890,"parent":0,"menu_order":0,"comment_status":"closed","ping_status":"closed","template":"LearningContentPage.php","meta":{"_acf_changed":false,"footnotes":""},"class_list":["post-1647888","page","type-page","status-publish","has-post-thumbnail","hentry"],"acf":[],"yoast_head":"<!-- This site is optimized with the Yoast SEO Premium plugin v27.2 (Yoast SEO v27.2) - https:\/\/yoast.com\/product\/yoast-seo-premium-wordpress\/ -->\n<title>Aprende lenguaje jur\u00eddico profesional con IA - Talkpal<\/title>\n<meta name=\"description\" content=\"Eleva tu carrera con el curso de Derecho Profesional de Talkpal. Domina la terminolog\u00eda jur\u00eddica y practica situaciones profesionales reales en m\u00e1s de 80 idiomas con nuestro tutor de IA.\" \/>\n<meta name=\"robots\" content=\"index, follow, max-snippet:-1, max-image-preview:large, max-video-preview:-1\" \/>\n<link rel=\"canonical\" href=\"https:\/\/talkpal.ai\/es\/aprende-lenguaje-juridico-profesional-con-ia\/\" \/>\n<meta property=\"og:locale\" content=\"es_ES\" \/>\n<meta property=\"og:type\" content=\"article\" \/>\n<meta property=\"og:title\" content=\"Aprende lenguaje jur\u00eddico profesional con IA\" \/>\n<meta property=\"og:description\" content=\"Somos Talkpal Aprender el lenguaje jur\u00eddico puede ser una experiencia apasionante y desafiante. Abre nuevas puertas a oportunidades profesionales\" \/>\n<meta property=\"og:url\" content=\"https:\/\/talkpal.ai\/es\/aprende-lenguaje-juridico-profesional-con-ia\/\" \/>\n<meta property=\"og:site_name\" content=\"Talkpal\" \/>\n<meta property=\"article:publisher\" content=\"https:\/\/www.facebook.com\/profile.php?id=100090733639311\" \/>\n<meta property=\"article:modified_time\" content=\"2026-02-27T11:33:41+00:00\" \/>\n<meta property=\"og:image\" content=\"https:\/\/talkpal.ai\/wp-content\/uploads\/2026\/02\/law_courses.webp\" \/>\n\t<meta property=\"og:image:width\" content=\"1200\" \/>\n\t<meta property=\"og:image:height\" content=\"992\" \/>\n\t<meta property=\"og:image:type\" content=\"image\/webp\" \/>\n<meta name=\"twitter:card\" content=\"summary_large_image\" \/>\n<meta name=\"twitter:site\" content=\"@talkpalai\" \/>\n<meta name=\"twitter:label1\" content=\"Tiempo de lectura\" \/>\n\t<meta name=\"twitter:data1\" content=\"3 minutos\" \/>\n<script type=\"application\/ld+json\" class=\"yoast-schema-graph\">{\"@context\":\"https:\/\/schema.org\",\"@graph\":[{\"@type\":\"WebPage\",\"@id\":\"https:\/\/talkpal.ai\/es\/aprende-lenguaje-juridico-profesional-con-ia\/\",\"url\":\"https:\/\/talkpal.ai\/es\/aprende-lenguaje-juridico-profesional-con-ia\/\",\"name\":\"Aprende lenguaje jur\u00eddico profesional con IA - Talkpal\",\"isPartOf\":{\"@id\":\"https:\/\/talkpal.ai\/es\/#website\"},\"primaryImageOfPage\":{\"@id\":\"https:\/\/talkpal.ai\/es\/aprende-lenguaje-juridico-profesional-con-ia\/#primaryimage\"},\"image\":{\"@id\":\"https:\/\/talkpal.ai\/es\/aprende-lenguaje-juridico-profesional-con-ia\/#primaryimage\"},\"thumbnailUrl\":\"https:\/\/talkpal.ai\/wp-content\/uploads\/2026\/02\/law_courses.webp\",\"datePublished\":\"2026-02-27T11:00:49+00:00\",\"dateModified\":\"2026-02-27T11:33:41+00:00\",\"description\":\"Eleva tu carrera con el curso de Derecho Profesional de Talkpal. Domina la terminolog\u00eda jur\u00eddica y practica situaciones profesionales reales en m\u00e1s de 80 idiomas con nuestro tutor de IA.\",\"breadcrumb\":{\"@id\":\"https:\/\/talkpal.ai\/es\/aprende-lenguaje-juridico-profesional-con-ia\/#breadcrumb\"},\"inLanguage\":\"es\",\"potentialAction\":[{\"@type\":\"ReadAction\",\"target\":[\"https:\/\/talkpal.ai\/es\/aprende-lenguaje-juridico-profesional-con-ia\/\"]}]},{\"@type\":\"ImageObject\",\"inLanguage\":\"es\",\"@id\":\"https:\/\/talkpal.ai\/es\/aprende-lenguaje-juridico-profesional-con-ia\/#primaryimage\",\"url\":\"https:\/\/talkpal.ai\/wp-content\/uploads\/2026\/02\/law_courses.webp\",\"contentUrl\":\"https:\/\/talkpal.ai\/wp-content\/uploads\/2026\/02\/law_courses.webp\",\"width\":1200,\"height\":992,\"caption\":\"Cursos de Derecho\"},{\"@type\":\"BreadcrumbList\",\"@id\":\"https:\/\/talkpal.ai\/es\/aprende-lenguaje-juridico-profesional-con-ia\/#breadcrumb\",\"itemListElement\":[{\"@type\":\"ListItem\",\"position\":1,\"name\":\"Homepage\",\"item\":\"https:\/\/talkpal.ai\/es\/\"},{\"@type\":\"ListItem\",\"position\":2,\"name\":\"Aprende lenguaje jur\u00eddico profesional con IA\"}]},{\"@type\":\"WebSite\",\"@id\":\"https:\/\/talkpal.ai\/es\/#website\",\"url\":\"https:\/\/talkpal.ai\/es\/\",\"name\":\"Talkpal\",\"description\":\"AI Language Learning\",\"publisher\":{\"@id\":\"https:\/\/talkpal.ai\/es\/#organization\"},\"alternateName\":\"Talkpal AI\",\"potentialAction\":[{\"@type\":\"SearchAction\",\"target\":{\"@type\":\"EntryPoint\",\"urlTemplate\":\"https:\/\/talkpal.ai\/es\/?s={search_term_string}\"},\"query-input\":{\"@type\":\"PropertyValueSpecification\",\"valueRequired\":true,\"valueName\":\"search_term_string\"}}],\"inLanguage\":\"es\"},{\"@type\":\"Organization\",\"@id\":\"https:\/\/talkpal.ai\/es\/#organization\",\"name\":\"Talkpal, Inc.\",\"alternateName\":\"Talkpal AI\",\"url\":\"https:\/\/talkpal.ai\/es\/\",\"logo\":{\"@type\":\"ImageObject\",\"inLanguage\":\"es\",\"@id\":\"https:\/\/talkpal.ai\/es\/#\/schema\/logo\/image\/\",\"url\":\"https:\/\/talkpal.ai\/wp-content\/uploads\/2024\/03\/Talkpal-Logo-Icon.png\",\"contentUrl\":\"https:\/\/talkpal.ai\/wp-content\/uploads\/2024\/03\/Talkpal-Logo-Icon.png\",\"width\":2880,\"height\":2880,\"caption\":\"Talkpal, Inc.\"},\"image\":{\"@id\":\"https:\/\/talkpal.ai\/es\/#\/schema\/logo\/image\/\"},\"sameAs\":[\"https:\/\/www.facebook.com\/profile.php?id=100090733639311\",\"https:\/\/x.com\/talkpalai\",\"https:\/\/www.linkedin.com\/company\/talkpal\/\",\"https:\/\/www.youtube.com\/@TalkPal\/\",\"https:\/\/www.tiktok.com\/@talkpal\",\"https:\/\/www.instagram.com\/talkpal_ai\/\",\"https:\/\/www.crunchbase.com\/organization\/talkpal-9cde\",\"https:\/\/www.g2.com\/products\/talkpal-for-business\/\",\"https:\/\/www.trustpilot.com\/review\/talkpal.ai\",\"https:\/\/www.capterra.com\/p\/10006800\/TalkPal\/\"],\"description\":\"Talkpal is a language learning web and mobile education app, powered by the latest AI technologies, that provides engaging experiences to its customers in many different languages to help them improve their language skills. Users can chat about unlimited amount of topics with the app and use other modes to practice their language learning.\",\"email\":\"support@talkpal.ai\",\"legalName\":\"Talkpal, Inc.\",\"foundingDate\":\"2023-04-03\",\"duns\":\"118989042\",\"numberOfEmployees\":{\"@type\":\"QuantitativeValue\",\"minValue\":\"11\",\"maxValue\":\"50\"},\"publishingPrinciples\":\"https:\/\/talkpal.ai\/publishing-principles\/\",\"actionableFeedbackPolicy\":\"https:\/\/talkpal.ai\/actionable-feedback-policy\/\",\"correctionsPolicy\":\"https:\/\/talkpal.ai\/corrections-policy\/\",\"ethicsPolicy\":\"https:\/\/talkpal.ai\/ethics-policy\/\",\"diversityPolicy\":\"https:\/\/talkpal.ai\/diversity-policy\/\",\"diversityStaffingReport\":\"https:\/\/talkpal.ai\/diversity-policy\/\"}]}<\/script>\n<!-- \/ Yoast SEO Premium plugin. -->","yoast_head_json":{"title":"Aprende lenguaje jur\u00eddico profesional con IA - Talkpal","description":"Eleva tu carrera con el curso de Derecho Profesional de Talkpal. Domina la terminolog\u00eda jur\u00eddica y practica situaciones profesionales reales en m\u00e1s de 80 idiomas con nuestro tutor de IA.","robots":{"index":"index","follow":"follow","max-snippet":"max-snippet:-1","max-image-preview":"max-image-preview:large","max-video-preview":"max-video-preview:-1"},"canonical":"https:\/\/talkpal.ai\/es\/aprende-lenguaje-juridico-profesional-con-ia\/","og_locale":"es_ES","og_type":"article","og_title":"Aprende lenguaje jur\u00eddico profesional con IA","og_description":"Somos Talkpal Aprender el lenguaje jur\u00eddico puede ser una experiencia apasionante y desafiante. Abre nuevas puertas a oportunidades profesionales","og_url":"https:\/\/talkpal.ai\/es\/aprende-lenguaje-juridico-profesional-con-ia\/","og_site_name":"Talkpal","article_publisher":"https:\/\/www.facebook.com\/profile.php?id=100090733639311","article_modified_time":"2026-02-27T11:33:41+00:00","og_image":[{"width":1200,"height":992,"url":"https:\/\/talkpal.ai\/wp-content\/uploads\/2026\/02\/law_courses.webp","type":"image\/webp"}],"twitter_card":"summary_large_image","twitter_site":"@talkpalai","twitter_misc":{"Tiempo de lectura":"3 minutos"},"schema":{"@context":"https:\/\/schema.org","@graph":[{"@type":"WebPage","@id":"https:\/\/talkpal.ai\/es\/aprende-lenguaje-juridico-profesional-con-ia\/","url":"https:\/\/talkpal.ai\/es\/aprende-lenguaje-juridico-profesional-con-ia\/","name":"Aprende lenguaje jur\u00eddico profesional con IA - Talkpal","isPartOf":{"@id":"https:\/\/talkpal.ai\/es\/#website"},"primaryImageOfPage":{"@id":"https:\/\/talkpal.ai\/es\/aprende-lenguaje-juridico-profesional-con-ia\/#primaryimage"},"image":{"@id":"https:\/\/talkpal.ai\/es\/aprende-lenguaje-juridico-profesional-con-ia\/#primaryimage"},"thumbnailUrl":"https:\/\/talkpal.ai\/wp-content\/uploads\/2026\/02\/law_courses.webp","datePublished":"2026-02-27T11:00:49+00:00","dateModified":"2026-02-27T11:33:41+00:00","description":"Eleva tu carrera con el curso de Derecho Profesional de Talkpal. Domina la terminolog\u00eda jur\u00eddica y practica situaciones profesionales reales en m\u00e1s de 80 idiomas con nuestro tutor de IA.","breadcrumb":{"@id":"https:\/\/talkpal.ai\/es\/aprende-lenguaje-juridico-profesional-con-ia\/#breadcrumb"},"inLanguage":"es","potentialAction":[{"@type":"ReadAction","target":["https:\/\/talkpal.ai\/es\/aprende-lenguaje-juridico-profesional-con-ia\/"]}]},{"@type":"ImageObject","inLanguage":"es","@id":"https:\/\/talkpal.ai\/es\/aprende-lenguaje-juridico-profesional-con-ia\/#primaryimage","url":"https:\/\/talkpal.ai\/wp-content\/uploads\/2026\/02\/law_courses.webp","contentUrl":"https:\/\/talkpal.ai\/wp-content\/uploads\/2026\/02\/law_courses.webp","width":1200,"height":992,"caption":"Cursos de Derecho"},{"@type":"BreadcrumbList","@id":"https:\/\/talkpal.ai\/es\/aprende-lenguaje-juridico-profesional-con-ia\/#breadcrumb","itemListElement":[{"@type":"ListItem","position":1,"name":"Homepage","item":"https:\/\/talkpal.ai\/es\/"},{"@type":"ListItem","position":2,"name":"Aprende lenguaje jur\u00eddico profesional con IA"}]},{"@type":"WebSite","@id":"https:\/\/talkpal.ai\/es\/#website","url":"https:\/\/talkpal.ai\/es\/","name":"Talkpal","description":"AI Language Learning","publisher":{"@id":"https:\/\/talkpal.ai\/es\/#organization"},"alternateName":"Talkpal AI","potentialAction":[{"@type":"SearchAction","target":{"@type":"EntryPoint","urlTemplate":"https:\/\/talkpal.ai\/es\/?s={search_term_string}"},"query-input":{"@type":"PropertyValueSpecification","valueRequired":true,"valueName":"search_term_string"}}],"inLanguage":"es"},{"@type":"Organization","@id":"https:\/\/talkpal.ai\/es\/#organization","name":"Talkpal, Inc.","alternateName":"Talkpal AI","url":"https:\/\/talkpal.ai\/es\/","logo":{"@type":"ImageObject","inLanguage":"es","@id":"https:\/\/talkpal.ai\/es\/#\/schema\/logo\/image\/","url":"https:\/\/talkpal.ai\/wp-content\/uploads\/2024\/03\/Talkpal-Logo-Icon.png","contentUrl":"https:\/\/talkpal.ai\/wp-content\/uploads\/2024\/03\/Talkpal-Logo-Icon.png","width":2880,"height":2880,"caption":"Talkpal, Inc."},"image":{"@id":"https:\/\/talkpal.ai\/es\/#\/schema\/logo\/image\/"},"sameAs":["https:\/\/www.facebook.com\/profile.php?id=100090733639311","https:\/\/x.com\/talkpalai","https:\/\/www.linkedin.com\/company\/talkpal\/","https:\/\/www.youtube.com\/@TalkPal\/","https:\/\/www.tiktok.com\/@talkpal","https:\/\/www.instagram.com\/talkpal_ai\/","https:\/\/www.crunchbase.com\/organization\/talkpal-9cde","https:\/\/www.g2.com\/products\/talkpal-for-business\/","https:\/\/www.trustpilot.com\/review\/talkpal.ai","https:\/\/www.capterra.com\/p\/10006800\/TalkPal\/"],"description":"Talkpal is a language learning web and mobile education app, powered by the latest AI technologies, that provides engaging experiences to its customers in many different languages to help them improve their language skills. Users can chat about unlimited amount of topics with the app and use other modes to practice their language learning.","email":"support@talkpal.ai","legalName":"Talkpal, Inc.","foundingDate":"2023-04-03","duns":"118989042","numberOfEmployees":{"@type":"QuantitativeValue","minValue":"11","maxValue":"50"},"publishingPrinciples":"https:\/\/talkpal.ai\/publishing-principles\/","actionableFeedbackPolicy":"https:\/\/talkpal.ai\/actionable-feedback-policy\/","correctionsPolicy":"https:\/\/talkpal.ai\/corrections-policy\/","ethicsPolicy":"https:\/\/talkpal.ai\/ethics-policy\/","diversityPolicy":"https:\/\/talkpal.ai\/diversity-policy\/","diversityStaffingReport":"https:\/\/talkpal.ai\/diversity-policy\/"}]}},"_links":{"self":[{"href":"https:\/\/talkpal.ai\/es\/wp-json\/wp\/v2\/pages\/1647888","targetHints":{"allow":["GET"]}}],"collection":[{"href":"https:\/\/talkpal.ai\/es\/wp-json\/wp\/v2\/pages"}],"about":[{"href":"https:\/\/talkpal.ai\/es\/wp-json\/wp\/v2\/types\/page"}],"author":[{"embeddable":true,"href":"https:\/\/talkpal.ai\/es\/wp-json\/wp\/v2\/users\/20"}],"replies":[{"embeddable":true,"href":"https:\/\/talkpal.ai\/es\/wp-json\/wp\/v2\/comments?post=1647888"}],"version-history":[{"count":0,"href":"https:\/\/talkpal.ai\/es\/wp-json\/wp\/v2\/pages\/1647888\/revisions"}],"wp:featuredmedia":[{"embeddable":true,"href":"https:\/\/talkpal.ai\/es\/wp-json\/wp\/v2\/media\/1647890"}],"wp:attachment":[{"href":"https:\/\/talkpal.ai\/es\/wp-json\/wp\/v2\/media?parent=1647888"}],"curies":[{"name":"wp","href":"https:\/\/api.w.org\/{rel}","templated":true}]}}