{"id":1647880,"date":"2026-02-27T11:12:20","date_gmt":"2026-02-27T11:12:20","guid":{"rendered":"https:\/\/talkpal.ai\/domina-el-curso-de-ingenieria-profesional-con-ia\/"},"modified":"2026-02-27T11:33:18","modified_gmt":"2026-02-27T11:33:18","slug":"domina-el-curso-de-ingenieria-profesional-con-ia","status":"publish","type":"page","link":"https:\/\/talkpal.ai\/es\/domina-el-curso-de-ingenieria-profesional-con-ia\/","title":{"rendered":"Domina el Curso de Ingenier\u00eda Profesional con IA"},"content":{"rendered":"\r\n\r\n\r\n<section class=\"languageChallengeSection\">\r\n    <div class=\"languageInfoWrapper\">\r\n        \r\n        <h1>Domina el Curso de Ingenier\u00eda Profesional con IA<\/h1>\r\n        <p>Mant\u00e9n conversaciones perspicaces sobre cualquier tema t\u00e9cnico que te parezca interesante y recibe comentarios inmediatos para mejorar tus habilidades de comunicaci\u00f3n profesional. \u00a1S\u00f3lo 10 minutos de pr\u00e1ctica al d\u00eda marcan una verdadera diferencia a la hora de dominar tu <a href=\"https:\/\/talkpal.ai\/master-the-professional-engineering-course-with-ai\/\">curso de Ingenier\u00eda<\/a> Profesional!<\/p>\r\n\r\n                            <a class=\"getStartedHidden\" href=\"https:\/\/app.talkpal.ai\/es-es\/signup?lng=\">Comenzar<\/a>\r\n        \r\n    <\/div>\r\n\r\n    <figure>\r\n    <img decoding=\"async\" width=\"768\" height=\"635\" src=\"https:\/\/talkpal.ai\/wp-content\/uploads\/2026\/02\/engineering_courses-768x635.webp\" class=\"languageImage no-lazy\" alt=\"Cursos de Ingenier\u00eda\" fetchpriority=\"high\" sizes=\"(max-width: 768px) 150px, 768px\" srcset=\"https:\/\/talkpal.ai\/wp-content\/uploads\/2026\/02\/engineering_courses-768x635.webp 768w, https:\/\/talkpal.ai\/wp-content\/uploads\/2026\/02\/engineering_courses-300x248.webp 300w\" \/>\r\n    \r\n\r\n    <\/figure>\r\n\r\n            <a class=\"getStartedVisible\" href=\"https:\/\/app.talkpal.ai\/es-es\/signup?lng=\">Comenzar<\/a>\r\n    \r\n<\/section><section class=\"promotionalBanner\">\r\n    <p class=\"promotionalText\">La forma m\u00e1s eficiente de aprender un idioma<\/p>\r\n    <a class=\"promotionalLink\" href=\"https:\/\/app.talkpal.ai\/es-es\/signup?lng=\">Prueba Talkpal gratis<\/a>\r\n<\/section>\n<div class=\"wp-block-group pageContainerStyle\"><div class=\"wp-block-group__inner-container is-layout-constrained wp-block-group-is-layout-constrained\">\n<h2 class=\"wp-block-heading\" id=\"h-we-are-talkpal\">Somos Talkpal<\/h2>\n\n\n\n<p>Avanzar en tu carrera mediante un curso especializado puede ser una experiencia emocionante y desafiante. Abre nuevas puertas a las oportunidades, tanto personales <a href=\"https:\/\/talkpal.ai\/locations\/language-courses-in-como\/\">como<\/a> profesionales. <a href=\"https:\/\/talkpal.ai\/ko\/ai-%ec%96%b8%ec%96%b4-%ea%b5%90%ec%82%ac\/\">Talkpal<\/a>, una <a href=\"https:\/\/talkpal.ai\/it\/la-migliore-app-per-imparare\/\">aplicaci\u00f3n de aprendizaje<\/a> con IA que ense\u00f1a m\u00e1s de 80 idiomas, lleva a\u00f1os desarrollando y entrenando sus algoritmos. Ahora, con nuestro <a href=\"https:\/\/talkpal.ai\/master-the-professional-engineering-course-with-ai\/\">curso de Ingenier\u00eda<\/a> Profesional, es m\u00e1s f\u00e1cil que nunca aprender comunicaci\u00f3n pr\u00e1ctica y real utilizando las \u00faltimas tecnolog\u00edas.<\/p>\n\n\n\n<h2 class=\"wp-block-heading\" id=\"h-choosing-the-right-language-learning-platform\">Elegir la plataforma de aprendizaje de idiomas adecuada<\/h2>\n\n\n\n<p>Con tantas plataformas educativas disponibles, puede resultar dif\u00edcil elegir la adecuada. Es importante tener en cuenta factores como la metodolog\u00eda de ense\u00f1anza, la accesibilidad y el coste. Talkpal, por ejemplo, ofrece una metodolog\u00eda basada en el chat que se centra en las conversaciones profesionales de la vida real, en lugar de limitarse a la memorizaci\u00f3n de libros de texto. Talkpal te ense\u00f1a a hablar en situaciones pr\u00e1cticas de trabajo para todos los niveles. Aprender comunicaci\u00f3n t\u00e9cnica con una conversaci\u00f3n real a trav\u00e9s de un modelo de IA nunca ha sido tan f\u00e1cil y divertido. Esto permite a nuestros clientes eliminar el aburrimiento de los estudios.<\/p>\n\n\n\n<p>Talkpal es un producto complementario y puede utilizarse en combinaci\u00f3n con otros m\u00e9todos de adiestramiento de tu agrado o como complemento de los mismos. Pru\u00e9balo gratis hoy mismo.<\/p>\n<\/div><\/div>\n\r\n\r\n\r\n<section class=\"smartFunSection\">\r\n            \r\n            <div class=\"smartFunCard\">\r\n                <div class=\"smartFunWrapper\"><img decoding=\"async\" src=\"https:\/\/talkpal.ai\/wp-content\/uploads\/2025\/05\/1.png\" alt=\"Learning Stats Screenshot\"><\/div>\r\n                <h3>Aprendizaje personalizado<\/h3>\r\n                <p>Aprovechando los puntos fuertes de la IA, nuestras sesiones se personalizan para que puedas aprender al nivel y ritmo \u00f3ptimos, proporcion\u00e1ndote contenidos de ingenier\u00eda hechos a tu medida.<\/p>\r\n            <\/div>\r\n\r\n        \r\n            <div class=\"smartFunCard\">\r\n                <div class=\"smartFunWrapper\"><img decoding=\"async\" src=\"https:\/\/talkpal.ai\/wp-content\/uploads\/2025\/05\/2.png\" alt=\"Pronunciation Score Screenshot\"><\/div>\r\n                <h3>Eficaz y eficiente<\/h3>\r\n                <p>Con Talkpal, puedes practicar la lectura, la comprensi\u00f3n oral y la expresi\u00f3n oral de forma eficiente y eficaz. \u00a1Echa un vistazo a nuestro \u00faltimo producto!<\/p>\r\n            <\/div>\r\n\r\n        \r\n            <div class=\"smartFunCard\">\r\n                <div class=\"smartFunWrapper\"><img decoding=\"async\" src=\"https:\/\/talkpal.ai\/wp-content\/uploads\/2025\/05\/3.png\" alt=\"Chat Topics Screenshot\"><\/div>\r\n                <h3>Mant\u00e9n el compromiso<\/h3>\r\n                <p>Facilitamos el desarrollo de un h\u00e1bito de aprendizaje incorporando caracter\u00edsticas de juego, retos divertidos y preguntas t\u00e9cnicas perspicaces para mantenerte motivado y comprometido.<\/p>\r\n            <\/div>\r\n\r\n        \r\n            <div class=\"smartFunCard\">\r\n                <div class=\"smartFunWrapper\"><img decoding=\"async\" src=\"https:\/\/talkpal.ai\/wp-content\/uploads\/2025\/05\/4.png\" alt=\"Dashboard Screenshot\"><\/div>\r\n                <h3>Divi\u00e9rtete<\/h3>\r\n                <p>\u00a1Aprender no tiene por qu\u00e9 ser aburrido y mon\u00f3tono! Mejora tus conocimientos de ingenier\u00eda cada d\u00eda con ejercicios cautivadores. Haz preguntas t\u00e9cnicas complejas o hipot\u00e9ticas y observa c\u00f3mo reacciona el tutor de inteligencia artificial de Talkpal.<\/p>\r\n            <\/div>\r\n\r\n            \r\n<\/section>\n<div class=\"wp-block-group pageContainerStyle\"><div class=\"wp-block-group__inner-container is-layout-constrained wp-block-group-is-layout-constrained\">\n<h2 class=\"wp-block-heading\" id=\"h-why-the-professional-engineering-course\"><strong><strong><strong><strong>\u00bfPor qu\u00e9 el Curso de Ingenier\u00eda Profesional?<\/strong><\/strong><\/strong><\/strong><\/h2>\n\n\n\n<p>Los principios de la ingenier\u00eda son el lenguaje universal de la innovaci\u00f3n, la tecnolog\u00eda y la infraestructura mundial. <a href=\"https:\/\/talkpal.ai\/culture\/how-do-i-use-the-expression-sin-embargo\/\">Sin embargo<\/a>, dominar la comunicaci\u00f3n profesional necesaria en este campo puede ser un proceso arduo y lento. Con el avance de la tecnolog\u00eda, dominar estas habilidades se ha vuelto mucho m\u00e1s f\u00e1cil, y el Chat <a href=\"https:\/\/talkpal.ai\/speaking-with-ai\/\">AI<\/a> de Talkpal es una de las mejores formas de hacerlo. En este art\u00edculo, exploraremos por qu\u00e9 realizar el curso de Ingenier\u00eda Profesional a trav\u00e9s del Chat AI de Talkpal es una forma eficaz y eficiente de mejorar tus aptitudes profesionales.<\/p>\n<\/div><\/div>\n\n<div class=\"wp-block-group pageContainerStyle\"><div class=\"wp-block-group__inner-container is-layout-constrained wp-block-group-is-layout-constrained\">\n<h2 class=\"wp-block-heading\" id=\"h-why-is-professional-engineering-communication-difficult\"><strong><strong><strong><strong>\u00bfPor qu\u00e9 es dif\u00edcil la comunicaci\u00f3n profesional en ingenier\u00eda?<\/strong><\/strong><\/strong><\/strong><\/h2>\n\n\n\n<p>Dominar la comunicaci\u00f3n en ingenier\u00eda implica aprender una terminolog\u00eda muy espec\u00edfica. Este campo tiene una amplia gama de jerga y acr\u00f3nimos complejos, algunos de los cuales est\u00e1n estrictamente limitados a nichos industriales. Adem\u00e1s, los contextos profesionales suelen requerir un tono formal, lo que dificulta que los alumnos adapten sus h\u00e1bitos de habla cotidianos.<\/p>\n\n\n\n<h3 class=\"wp-block-heading\" id=\"h-complex-concepts-and-syntax\"><strong><strong>Conceptos complejos y sintaxis<\/strong><\/strong><\/h3>\n\n\n\n<p>La comunicaci\u00f3n en ingenier\u00eda puede ser bastante compleja, ya que requiere la capacidad de explicar con claridad intrincadas reglas matem\u00e1ticas o cient\u00edficas. Los alumnos deben comprender c\u00f3mo articular los procesos, las normas de seguridad y las especificaciones t\u00e9cnicas, lo que puede resultar confuso sin pr\u00e1ctica.<\/p>\n\n\n\n<h3 class=\"wp-block-heading\" id=\"h-technical-vocabulary-and-specifications\"><strong><strong><strong>Vocabulario t\u00e9cnico y especificaciones<\/strong><\/strong><\/strong><\/h3>\n\n\n\n<p>El sector de la ingenier\u00eda tiene un vocabulario extenso y muy especializado. Este amplio abanico de palabras puede resultar abrumador para los estudiantes, que tambi\u00e9n deben navegar por expresiones espec\u00edficas de la industria. Estos t\u00e9rminos pueden ser dif\u00edciles de entender, ya que su significado suele estar ligado a procesos f\u00edsicos complejos.<\/p>\n\n\n\n<h3 class=\"wp-block-heading\" id=\"h-accuracy-and-precision\"><strong><strong><strong><strong>Precisi\u00f3n y exactitud<\/strong><\/strong><\/strong><\/strong><\/h3>\n\n\n\n<p>La documentaci\u00f3n de ingenier\u00eda y el discurso requieren una precisi\u00f3n notoriamente estricta. Un peque\u00f1o fallo de comunicaci\u00f3n puede provocar errores importantes en el proyecto. Esto hace que sea crucial que los alumnos expresen con precisi\u00f3n sus ideas bas\u00e1ndose en las normas exactas del sector.<\/p>\n\n\n\n<h3 class=\"wp-block-heading\" id=\"h-understanding-industry-nuances\"><strong><strong><strong><strong><strong>Comprender los matices de la industria<\/strong><\/strong><\/strong><\/strong><\/strong><\/h3>\n\n\n\n<p>Aprender ingenier\u00eda profesional tambi\u00e9n implica comprender los matices corporativos y las normas de colaboraci\u00f3n de los entornos tecnol\u00f3gicos y de fabricaci\u00f3n. Esto puede suponer un reto para los alumnos que se incorporan al campo laboral, ya que deben adaptarse a las nuevas costumbres del lugar de trabajo.<\/p>\n\n\n\n<h3 class=\"wp-block-heading\" id=\"h-professional-engineering-course-learning-strategies\"><strong><strong><strong><strong>Estrategias de Aprendizaje del Curso de Ingenier\u00eda Profesional<\/strong><\/strong><\/strong><\/strong><\/h3>\n\n\n\n<h4 class=\"wp-block-heading\" id=\"h-listening-and-speaking\">Escuchar y hablar<\/h4>\n\n\n\n<p>Para mejorar la fluidez en las reuniones, los alumnos deben practicar escuchando a los l\u00edderes del sector y participando en debates t\u00e9cnicos siempre que sea posible. Esto puede hacerse a trav\u00e9s de redes profesionales o aplicaciones m\u00f3viles como Talkpal.<\/p>\n\n\n\n<h4 class=\"wp-block-heading\" id=\"h-reading\">Lectura<\/h4>\n\n\n\n<p>La lectura es una herramienta esencial para ampliar el vocabulario t\u00e9cnico y mejorar la comprensi\u00f3n. Los alumnos deben leer una variedad de textos, desde planos de proyectos a informes t\u00e9cnicos, para exponerse a diferentes estilos de escritura profesional.<\/p>\n\n\n\n<h4 class=\"wp-block-heading\" id=\"h-writing\">Escribir<\/h4>\n\n\n\n<p>La redacci\u00f3n es una habilidad crucial para los profesionales de la ingenier\u00eda, ya que ayuda a consolidar la capacidad de redactar informes y documentaci\u00f3n. Los alumnos deben practicar la escritura con regularidad, ya sea redactando correos electr\u00f3nicos, creando propuestas de proyectos o registrando datos.<\/p>\n\n\n\n<h4 class=\"wp-block-heading\" id=\"h-theory-and-vocabulary\">Teor\u00eda y vocabulario<\/h4>\n\n\n\n<p>Los alumnos deben dedicar tiempo a estudiar los principios fundamentales y a ampliar su vocabulario profesional. Esto puede conseguirse mediante nuestros escenarios de IA, recursos en l\u00ednea o m\u00f3dulos t\u00e9cnicos espec\u00edficos.<\/p>\n\n\n\n<h2 class=\"wp-block-heading\" id=\"h-conclusion\">Conclusi\u00f3n<\/h2>\n\n\n\n<p>Dominar el curso de Ingenier\u00eda Profesional presenta retos \u00fanicos, desde la terminolog\u00eda compleja hasta la precisi\u00f3n y los matices del sector. Sin embargo, con las estrategias, las herramientas y el apoyo adecuados de un atractivo tutor de IA, los alumnos de todos los niveles pueden superar estos obst\u00e1culos y cosechar los muchos beneficios que conlleva elevar sus carreras profesionales.<\/p>\n<\/div><\/div>\n<section class=\"promotionalBanner\">\r\n    <p class=\"promotionalText\">La forma m\u00e1s eficiente de aprender un idioma<\/p>\r\n    <a class=\"promotionalLink\" href=\"https:\/\/app.talkpal.ai\/es-es\/signup?lng=\">Prueba Talkpal gratis<\/a>\r\n<\/section>","protected":false},"excerpt":{"rendered":"<p>Somos Talkpal Avanzar en tu carrera mediante un curso especializado puede ser una experiencia emocionante y desafiante. Abre nuevas puertas a las oportunidades, tanto personales como profesionales. Talkpal, una aplicaci\u00f3n de aprendizaje con IA que ense\u00f1a m\u00e1s de 80 idiomas, lleva a\u00f1os desarrollando y entrenando sus algoritmos. Ahora, con nuestro curso de Ingenier\u00eda Profesional, es [&hellip;]<\/p>\n","protected":false},"author":20,"featured_media":1647881,"parent":0,"menu_order":0,"comment_status":"closed","ping_status":"closed","template":"LearningContentPage.php","meta":{"_acf_changed":false,"footnotes":""},"class_list":["post-1647880","page","type-page","status-publish","has-post-thumbnail","hentry"],"acf":[],"yoast_head":"<!-- This site is optimized with the Yoast SEO Premium plugin v27.2 (Yoast SEO v27.2) - https:\/\/yoast.com\/product\/yoast-seo-premium-wordpress\/ -->\n<title>Domina el Curso de Ingenier\u00eda Profesional con IA - Talkpal<\/title>\n<meta name=\"description\" content=\"Eleva tu carrera con el curso de Ingenier\u00eda Profesional de Talkpal. Aprende terminolog\u00eda t\u00e9cnica y practica situaciones reales de ingenier\u00eda con nuestro tutor de IA.\" \/>\n<meta name=\"robots\" content=\"index, follow, max-snippet:-1, max-image-preview:large, max-video-preview:-1\" \/>\n<link rel=\"canonical\" href=\"https:\/\/talkpal.ai\/es\/domina-el-curso-de-ingenieria-profesional-con-ia\/\" \/>\n<meta property=\"og:locale\" content=\"es_ES\" \/>\n<meta property=\"og:type\" content=\"article\" \/>\n<meta property=\"og:title\" content=\"Domina el Curso de Ingenier\u00eda Profesional con IA\" \/>\n<meta property=\"og:description\" content=\"Somos Talkpal Avanzar en tu carrera mediante un curso especializado puede ser una experiencia emocionante y desafiante. Abre nuevas puertas a las\" \/>\n<meta property=\"og:url\" content=\"https:\/\/talkpal.ai\/es\/domina-el-curso-de-ingenieria-profesional-con-ia\/\" \/>\n<meta property=\"og:site_name\" content=\"Talkpal\" \/>\n<meta property=\"article:publisher\" content=\"https:\/\/www.facebook.com\/profile.php?id=100090733639311\" \/>\n<meta property=\"article:modified_time\" content=\"2026-02-27T11:33:18+00:00\" \/>\n<meta property=\"og:image\" content=\"https:\/\/talkpal.ai\/wp-content\/uploads\/2026\/02\/engineering_courses.webp\" \/>\n\t<meta property=\"og:image:width\" content=\"1200\" \/>\n\t<meta property=\"og:image:height\" content=\"992\" \/>\n\t<meta property=\"og:image:type\" content=\"image\/webp\" \/>\n<meta name=\"twitter:card\" content=\"summary_large_image\" \/>\n<meta name=\"twitter:site\" content=\"@talkpalai\" \/>\n<meta name=\"twitter:label1\" content=\"Tiempo de lectura\" \/>\n\t<meta name=\"twitter:data1\" content=\"4 minutos\" \/>\n<script type=\"application\/ld+json\" class=\"yoast-schema-graph\">{\"@context\":\"https:\/\/schema.org\",\"@graph\":[{\"@type\":\"WebPage\",\"@id\":\"https:\/\/talkpal.ai\/es\/domina-el-curso-de-ingenieria-profesional-con-ia\/\",\"url\":\"https:\/\/talkpal.ai\/es\/domina-el-curso-de-ingenieria-profesional-con-ia\/\",\"name\":\"Domina el Curso de Ingenier\u00eda Profesional con IA - Talkpal\",\"isPartOf\":{\"@id\":\"https:\/\/talkpal.ai\/es\/#website\"},\"primaryImageOfPage\":{\"@id\":\"https:\/\/talkpal.ai\/es\/domina-el-curso-de-ingenieria-profesional-con-ia\/#primaryimage\"},\"image\":{\"@id\":\"https:\/\/talkpal.ai\/es\/domina-el-curso-de-ingenieria-profesional-con-ia\/#primaryimage\"},\"thumbnailUrl\":\"https:\/\/talkpal.ai\/wp-content\/uploads\/2026\/02\/engineering_courses.webp\",\"datePublished\":\"2026-02-27T11:12:20+00:00\",\"dateModified\":\"2026-02-27T11:33:18+00:00\",\"description\":\"Eleva tu carrera con el curso de Ingenier\u00eda Profesional de Talkpal. Aprende terminolog\u00eda t\u00e9cnica y practica situaciones reales de ingenier\u00eda con nuestro tutor de IA.\",\"breadcrumb\":{\"@id\":\"https:\/\/talkpal.ai\/es\/domina-el-curso-de-ingenieria-profesional-con-ia\/#breadcrumb\"},\"inLanguage\":\"es\",\"potentialAction\":[{\"@type\":\"ReadAction\",\"target\":[\"https:\/\/talkpal.ai\/es\/domina-el-curso-de-ingenieria-profesional-con-ia\/\"]}]},{\"@type\":\"ImageObject\",\"inLanguage\":\"es\",\"@id\":\"https:\/\/talkpal.ai\/es\/domina-el-curso-de-ingenieria-profesional-con-ia\/#primaryimage\",\"url\":\"https:\/\/talkpal.ai\/wp-content\/uploads\/2026\/02\/engineering_courses.webp\",\"contentUrl\":\"https:\/\/talkpal.ai\/wp-content\/uploads\/2026\/02\/engineering_courses.webp\",\"width\":1200,\"height\":992,\"caption\":\"Cursos de Ingenier\u00eda\"},{\"@type\":\"BreadcrumbList\",\"@id\":\"https:\/\/talkpal.ai\/es\/domina-el-curso-de-ingenieria-profesional-con-ia\/#breadcrumb\",\"itemListElement\":[{\"@type\":\"ListItem\",\"position\":1,\"name\":\"Homepage\",\"item\":\"https:\/\/talkpal.ai\/es\/\"},{\"@type\":\"ListItem\",\"position\":2,\"name\":\"Domina el Curso de Ingenier\u00eda Profesional con IA\"}]},{\"@type\":\"WebSite\",\"@id\":\"https:\/\/talkpal.ai\/es\/#website\",\"url\":\"https:\/\/talkpal.ai\/es\/\",\"name\":\"Talkpal\",\"description\":\"AI Language Learning\",\"publisher\":{\"@id\":\"https:\/\/talkpal.ai\/es\/#organization\"},\"alternateName\":\"Talkpal AI\",\"potentialAction\":[{\"@type\":\"SearchAction\",\"target\":{\"@type\":\"EntryPoint\",\"urlTemplate\":\"https:\/\/talkpal.ai\/es\/?s={search_term_string}\"},\"query-input\":{\"@type\":\"PropertyValueSpecification\",\"valueRequired\":true,\"valueName\":\"search_term_string\"}}],\"inLanguage\":\"es\"},{\"@type\":\"Organization\",\"@id\":\"https:\/\/talkpal.ai\/es\/#organization\",\"name\":\"Talkpal, Inc.\",\"alternateName\":\"Talkpal AI\",\"url\":\"https:\/\/talkpal.ai\/es\/\",\"logo\":{\"@type\":\"ImageObject\",\"inLanguage\":\"es\",\"@id\":\"https:\/\/talkpal.ai\/es\/#\/schema\/logo\/image\/\",\"url\":\"https:\/\/talkpal.ai\/wp-content\/uploads\/2024\/03\/Talkpal-Logo-Icon.png\",\"contentUrl\":\"https:\/\/talkpal.ai\/wp-content\/uploads\/2024\/03\/Talkpal-Logo-Icon.png\",\"width\":2880,\"height\":2880,\"caption\":\"Talkpal, Inc.\"},\"image\":{\"@id\":\"https:\/\/talkpal.ai\/es\/#\/schema\/logo\/image\/\"},\"sameAs\":[\"https:\/\/www.facebook.com\/profile.php?id=100090733639311\",\"https:\/\/x.com\/talkpalai\",\"https:\/\/www.linkedin.com\/company\/talkpal\/\",\"https:\/\/www.youtube.com\/@TalkPal\/\",\"https:\/\/www.tiktok.com\/@talkpal\",\"https:\/\/www.instagram.com\/talkpal_ai\/\",\"https:\/\/www.crunchbase.com\/organization\/talkpal-9cde\",\"https:\/\/www.g2.com\/products\/talkpal-for-business\/\",\"https:\/\/www.trustpilot.com\/review\/talkpal.ai\",\"https:\/\/www.capterra.com\/p\/10006800\/TalkPal\/\"],\"description\":\"Talkpal is a language learning web and mobile education app, powered by the latest AI technologies, that provides engaging experiences to its customers in many different languages to help them improve their language skills. Users can chat about unlimited amount of topics with the app and use other modes to practice their language learning.\",\"email\":\"support@talkpal.ai\",\"legalName\":\"Talkpal, Inc.\",\"foundingDate\":\"2023-04-03\",\"duns\":\"118989042\",\"numberOfEmployees\":{\"@type\":\"QuantitativeValue\",\"minValue\":\"11\",\"maxValue\":\"50\"},\"publishingPrinciples\":\"https:\/\/talkpal.ai\/publishing-principles\/\",\"actionableFeedbackPolicy\":\"https:\/\/talkpal.ai\/actionable-feedback-policy\/\",\"correctionsPolicy\":\"https:\/\/talkpal.ai\/corrections-policy\/\",\"ethicsPolicy\":\"https:\/\/talkpal.ai\/ethics-policy\/\",\"diversityPolicy\":\"https:\/\/talkpal.ai\/diversity-policy\/\",\"diversityStaffingReport\":\"https:\/\/talkpal.ai\/diversity-policy\/\"}]}<\/script>\n<!-- \/ Yoast SEO Premium plugin. -->","yoast_head_json":{"title":"Domina el Curso de Ingenier\u00eda Profesional con IA - Talkpal","description":"Eleva tu carrera con el curso de Ingenier\u00eda Profesional de Talkpal. Aprende terminolog\u00eda t\u00e9cnica y practica situaciones reales de ingenier\u00eda con nuestro tutor de IA.","robots":{"index":"index","follow":"follow","max-snippet":"max-snippet:-1","max-image-preview":"max-image-preview:large","max-video-preview":"max-video-preview:-1"},"canonical":"https:\/\/talkpal.ai\/es\/domina-el-curso-de-ingenieria-profesional-con-ia\/","og_locale":"es_ES","og_type":"article","og_title":"Domina el Curso de Ingenier\u00eda Profesional con IA","og_description":"Somos Talkpal Avanzar en tu carrera mediante un curso especializado puede ser una experiencia emocionante y desafiante. Abre nuevas puertas a las","og_url":"https:\/\/talkpal.ai\/es\/domina-el-curso-de-ingenieria-profesional-con-ia\/","og_site_name":"Talkpal","article_publisher":"https:\/\/www.facebook.com\/profile.php?id=100090733639311","article_modified_time":"2026-02-27T11:33:18+00:00","og_image":[{"width":1200,"height":992,"url":"https:\/\/talkpal.ai\/wp-content\/uploads\/2026\/02\/engineering_courses.webp","type":"image\/webp"}],"twitter_card":"summary_large_image","twitter_site":"@talkpalai","twitter_misc":{"Tiempo de lectura":"4 minutos"},"schema":{"@context":"https:\/\/schema.org","@graph":[{"@type":"WebPage","@id":"https:\/\/talkpal.ai\/es\/domina-el-curso-de-ingenieria-profesional-con-ia\/","url":"https:\/\/talkpal.ai\/es\/domina-el-curso-de-ingenieria-profesional-con-ia\/","name":"Domina el Curso de Ingenier\u00eda Profesional con IA - Talkpal","isPartOf":{"@id":"https:\/\/talkpal.ai\/es\/#website"},"primaryImageOfPage":{"@id":"https:\/\/talkpal.ai\/es\/domina-el-curso-de-ingenieria-profesional-con-ia\/#primaryimage"},"image":{"@id":"https:\/\/talkpal.ai\/es\/domina-el-curso-de-ingenieria-profesional-con-ia\/#primaryimage"},"thumbnailUrl":"https:\/\/talkpal.ai\/wp-content\/uploads\/2026\/02\/engineering_courses.webp","datePublished":"2026-02-27T11:12:20+00:00","dateModified":"2026-02-27T11:33:18+00:00","description":"Eleva tu carrera con el curso de Ingenier\u00eda Profesional de Talkpal. Aprende terminolog\u00eda t\u00e9cnica y practica situaciones reales de ingenier\u00eda con nuestro tutor de IA.","breadcrumb":{"@id":"https:\/\/talkpal.ai\/es\/domina-el-curso-de-ingenieria-profesional-con-ia\/#breadcrumb"},"inLanguage":"es","potentialAction":[{"@type":"ReadAction","target":["https:\/\/talkpal.ai\/es\/domina-el-curso-de-ingenieria-profesional-con-ia\/"]}]},{"@type":"ImageObject","inLanguage":"es","@id":"https:\/\/talkpal.ai\/es\/domina-el-curso-de-ingenieria-profesional-con-ia\/#primaryimage","url":"https:\/\/talkpal.ai\/wp-content\/uploads\/2026\/02\/engineering_courses.webp","contentUrl":"https:\/\/talkpal.ai\/wp-content\/uploads\/2026\/02\/engineering_courses.webp","width":1200,"height":992,"caption":"Cursos de Ingenier\u00eda"},{"@type":"BreadcrumbList","@id":"https:\/\/talkpal.ai\/es\/domina-el-curso-de-ingenieria-profesional-con-ia\/#breadcrumb","itemListElement":[{"@type":"ListItem","position":1,"name":"Homepage","item":"https:\/\/talkpal.ai\/es\/"},{"@type":"ListItem","position":2,"name":"Domina el Curso de Ingenier\u00eda Profesional con IA"}]},{"@type":"WebSite","@id":"https:\/\/talkpal.ai\/es\/#website","url":"https:\/\/talkpal.ai\/es\/","name":"Talkpal","description":"AI Language Learning","publisher":{"@id":"https:\/\/talkpal.ai\/es\/#organization"},"alternateName":"Talkpal AI","potentialAction":[{"@type":"SearchAction","target":{"@type":"EntryPoint","urlTemplate":"https:\/\/talkpal.ai\/es\/?s={search_term_string}"},"query-input":{"@type":"PropertyValueSpecification","valueRequired":true,"valueName":"search_term_string"}}],"inLanguage":"es"},{"@type":"Organization","@id":"https:\/\/talkpal.ai\/es\/#organization","name":"Talkpal, Inc.","alternateName":"Talkpal AI","url":"https:\/\/talkpal.ai\/es\/","logo":{"@type":"ImageObject","inLanguage":"es","@id":"https:\/\/talkpal.ai\/es\/#\/schema\/logo\/image\/","url":"https:\/\/talkpal.ai\/wp-content\/uploads\/2024\/03\/Talkpal-Logo-Icon.png","contentUrl":"https:\/\/talkpal.ai\/wp-content\/uploads\/2024\/03\/Talkpal-Logo-Icon.png","width":2880,"height":2880,"caption":"Talkpal, Inc."},"image":{"@id":"https:\/\/talkpal.ai\/es\/#\/schema\/logo\/image\/"},"sameAs":["https:\/\/www.facebook.com\/profile.php?id=100090733639311","https:\/\/x.com\/talkpalai","https:\/\/www.linkedin.com\/company\/talkpal\/","https:\/\/www.youtube.com\/@TalkPal\/","https:\/\/www.tiktok.com\/@talkpal","https:\/\/www.instagram.com\/talkpal_ai\/","https:\/\/www.crunchbase.com\/organization\/talkpal-9cde","https:\/\/www.g2.com\/products\/talkpal-for-business\/","https:\/\/www.trustpilot.com\/review\/talkpal.ai","https:\/\/www.capterra.com\/p\/10006800\/TalkPal\/"],"description":"Talkpal is a language learning web and mobile education app, powered by the latest AI technologies, that provides engaging experiences to its customers in many different languages to help them improve their language skills. Users can chat about unlimited amount of topics with the app and use other modes to practice their language learning.","email":"support@talkpal.ai","legalName":"Talkpal, Inc.","foundingDate":"2023-04-03","duns":"118989042","numberOfEmployees":{"@type":"QuantitativeValue","minValue":"11","maxValue":"50"},"publishingPrinciples":"https:\/\/talkpal.ai\/publishing-principles\/","actionableFeedbackPolicy":"https:\/\/talkpal.ai\/actionable-feedback-policy\/","correctionsPolicy":"https:\/\/talkpal.ai\/corrections-policy\/","ethicsPolicy":"https:\/\/talkpal.ai\/ethics-policy\/","diversityPolicy":"https:\/\/talkpal.ai\/diversity-policy\/","diversityStaffingReport":"https:\/\/talkpal.ai\/diversity-policy\/"}]}},"_links":{"self":[{"href":"https:\/\/talkpal.ai\/es\/wp-json\/wp\/v2\/pages\/1647880","targetHints":{"allow":["GET"]}}],"collection":[{"href":"https:\/\/talkpal.ai\/es\/wp-json\/wp\/v2\/pages"}],"about":[{"href":"https:\/\/talkpal.ai\/es\/wp-json\/wp\/v2\/types\/page"}],"author":[{"embeddable":true,"href":"https:\/\/talkpal.ai\/es\/wp-json\/wp\/v2\/users\/20"}],"replies":[{"embeddable":true,"href":"https:\/\/talkpal.ai\/es\/wp-json\/wp\/v2\/comments?post=1647880"}],"version-history":[{"count":0,"href":"https:\/\/talkpal.ai\/es\/wp-json\/wp\/v2\/pages\/1647880\/revisions"}],"wp:featuredmedia":[{"embeddable":true,"href":"https:\/\/talkpal.ai\/es\/wp-json\/wp\/v2\/media\/1647881"}],"wp:attachment":[{"href":"https:\/\/talkpal.ai\/es\/wp-json\/wp\/v2\/media?parent=1647880"}],"curies":[{"name":"wp","href":"https:\/\/api.w.org\/{rel}","templated":true}]}}