{"id":1647872,"date":"2026-02-27T11:07:24","date_gmt":"2026-02-27T11:07:24","guid":{"rendered":"https:\/\/talkpal.ai\/aprende-lenguaje-medico-con-ia\/"},"modified":"2026-02-27T11:33:17","modified_gmt":"2026-02-27T11:33:17","slug":"aprende-lenguaje-medico-con-ia","status":"publish","type":"page","link":"https:\/\/talkpal.ai\/es\/aprende-lenguaje-medico-con-ia\/","title":{"rendered":"Aprende lenguaje m\u00e9dico con IA"},"content":{"rendered":"\r\n\r\n\r\n<section class=\"languageChallengeSection\">\r\n    <div class=\"languageInfoWrapper\">\r\n        \r\n        <h1>Aprende lenguaje m\u00e9dico con IA<\/h1>\r\n        <p>Mant\u00e9n conversaciones perspicaces sobre temas sanitarios complejos, practica consultas con pacientes y recibe comentarios inmediatos para mejorar tus habilidades de lenguaje cl\u00ednico. \u00a1S\u00f3lo 10 minutos de pr\u00e1ctica al d\u00eda marcan una verdadera diferencia para los profesionales m\u00e9dicos!<\/p>\r\n\r\n                            <a class=\"getStartedHidden\" href=\"https:\/\/app.talkpal.ai\/es-es\/signup?lng=\">Comenzar<\/a>\r\n        \r\n    <\/div>\r\n\r\n    <figure>\r\n    <img decoding=\"async\" width=\"768\" height=\"619\" src=\"https:\/\/talkpal.ai\/wp-content\/uploads\/2026\/02\/medicine_courses-768x619.webp\" class=\"languageImage no-lazy\" alt=\"Cursos de Medicina\" fetchpriority=\"high\" sizes=\"(max-width: 768px) 150px, 768px\" srcset=\"https:\/\/talkpal.ai\/wp-content\/uploads\/2026\/02\/medicine_courses-768x619.webp 768w, https:\/\/talkpal.ai\/wp-content\/uploads\/2026\/02\/medicine_courses-300x242.webp 300w\" \/>\r\n    \r\n\r\n    <\/figure>\r\n\r\n            <a class=\"getStartedVisible\" href=\"https:\/\/app.talkpal.ai\/es-es\/signup?lng=\">Comenzar<\/a>\r\n    \r\n<\/section><section class=\"promotionalBanner\">\r\n    <p class=\"promotionalText\">La forma m\u00e1s eficiente de aprender un idioma<\/p>\r\n    <a class=\"promotionalLink\" href=\"https:\/\/app.talkpal.ai\/es-es\/signup?lng=\">Prueba Talkpal gratis<\/a>\r\n<\/section>\n<div class=\"wp-block-group pageContainerStyle\"><div class=\"wp-block-group__inner-container is-layout-constrained wp-block-group-is-layout-constrained\">\n<h2 class=\"wp-block-heading\" id=\"h-we-are-talkpal\">Somos Talkpal<\/h2>\n\n\n\n<p>Aprender una nueva lengua puede ser una experiencia emocionante y desafiante. Abre nuevas puertas a las oportunidades, tanto personales <a href=\"https:\/\/talkpal.ai\/locations\/language-courses-in-como\/\">como<\/a> profesionales. <a href=\"https:\/\/talkpal.ai\/ko\/ai-%ec%96%b8%ec%96%b4-%ea%b5%90%ec%82%ac\/\">Talkpal<\/a>, una plataforma de <a href=\"https:\/\/talkpal.ai\/es\/el-aprendizaje-de-idiomas-en-el-aula-vs-el-autoaprendizaje\/\">aprendizaje de idiomas<\/a> que ense\u00f1a m\u00e1s de 80 lenguas, lleva a\u00f1os desarrollando y entrenando sus algoritmos. A medida que la tecnolog\u00eda y el aprendizaje de idiomas siguen evolucionando, es importante comprender las ventajas de aprender un nuevo idioma con las \u00faltimas tecnolog\u00edas.<\/p>\n\n\n\n<h2 class=\"wp-block-heading\" id=\"h-choosing-the-right-language-learning-platform\">Elegir la plataforma de aprendizaje de idiomas adecuada<\/h2>\n\n\n\n<p>Con tantas plataformas de aprendizaje de idiomas disponibles, puede resultar dif\u00edcil elegir la adecuada. Es importante tener en cuenta factores como la metodolog\u00eda de ense\u00f1anza de la plataforma, las opciones ling\u00fc\u00edsticas y el coste. Talkpal, por ejemplo, ofrece una metodolog\u00eda basada en el chat, que se centra en conversaciones de la vida real y en conocimientos m\u00e9dicos pr\u00e1cticos. Talkpal est\u00e1 disponible en m\u00e1s de 80 idiomas y es muy apreciado por nuestros clientes. Aprender a hablar con los pacientes mediante una conversaci\u00f3n real con un modelo de IA nunca ha sido tan f\u00e1cil y divertido. Esto permite a nuestros clientes eliminar el aburrimiento y las tareas del proceso de aprendizaje de idiomas.<\/p>\n<\/div><\/div>\n\r\n\r\n\r\n<section class=\"smartFunSection\">\r\n            \r\n            <div class=\"smartFunCard\">\r\n                <div class=\"smartFunWrapper\"><img decoding=\"async\" src=\"https:\/\/talkpal.ai\/wp-content\/uploads\/2025\/05\/1.png\" alt=\"Learning Stats Screenshot\"><\/div>\r\n                <h3>Aprendizaje personalizado<\/h3>\r\n                <p>Aprovechando los puntos fuertes de la IA y la ciencia del lenguaje, las sesiones de nuestros cursos de Medicina se personalizan para que puedas aprender al nivel y ritmo \u00f3ptimos, proporcionando contenidos m\u00e9dicos a la medida de tu especialidad e intereses.<\/p>\r\n            <\/div>\r\n\r\n        \r\n            <div class=\"smartFunCard\">\r\n                <div class=\"smartFunWrapper\"><img decoding=\"async\" src=\"https:\/\/talkpal.ai\/wp-content\/uploads\/2025\/05\/2.png\" alt=\"Pronunciation Score Screenshot\"><\/div>\r\n                <h3>Eficaz y eficiente<\/h3>\r\n                <p>Con Talkpal puedes practicar la lectura de historiales de pacientes, escuchar s\u00edntomas y hablar con colegas de forma eficiente y eficaz. \u00a1Echa un vistazo a nuestro \u00faltimo producto!<\/p>\r\n            <\/div>\r\n\r\n        \r\n            <div class=\"smartFunCard\">\r\n                <div class=\"smartFunWrapper\"><img decoding=\"async\" src=\"https:\/\/talkpal.ai\/wp-content\/uploads\/2025\/05\/3.png\" alt=\"Chat Topics Screenshot\"><\/div>\r\n                <h3>Mant\u00e9n el compromiso<\/h3>\r\n                <p>Facilitamos el desarrollo de un h\u00e1bito de aprendizaje de idiomas incorporando caracter\u00edsticas de juego, divertidos retos de diagn\u00f3stico y preguntas m\u00e9dicas perspicaces para mantenerte motivado y comprometido.<\/p>\r\n            <\/div>\r\n\r\n        \r\n            <div class=\"smartFunCard\">\r\n                <div class=\"smartFunWrapper\"><img decoding=\"async\" src=\"https:\/\/talkpal.ai\/wp-content\/uploads\/2025\/05\/4.png\" alt=\"Dashboard Screenshot\"><\/div>\r\n                <h3>Divi\u00e9rtete<\/h3>\r\n                <p>\u00a1Aprender no tiene por qu\u00e9 ser aburrido y mon\u00f3tono! Mejora tus habilidades cl\u00ednicas cada d\u00eda con ejercicios cautivadores y encantadores personajes de pacientes. Haz preguntas de diagn\u00f3stico divertidas o il\u00f3gicas y observa c\u00f3mo reacciona la IA de Talkpal.<\/p>\r\n            <\/div>\r\n\r\n            \r\n<\/section>\n<div class=\"wp-block-group pageContainerStyle\"><div class=\"wp-block-group__inner-container is-layout-constrained wp-block-group-is-layout-constrained\">\n<h2 class=\"wp-block-heading\" id=\"h-why-focus-on-medical-language\"><strong><strong><strong>\u00bfPor qu\u00e9 centrarse en el lenguaje m\u00e9dico?<\/strong><\/strong><\/strong><\/h2>\n\n\n\n<p>En un mundo cada vez m\u00e1s globalizado, los profesionales de la medicina interact\u00faan con pacientes de or\u00edgenes muy diversos. Poder comunicarse directamente con los pacientes en su lengua materna genera confianza, reduce los errores de diagn\u00f3stico y mejora la atenci\u00f3n en general. <a href=\"https:\/\/talkpal.ai\/culture\/how-do-i-use-the-expression-sin-embargo\/\">Sin embargo<\/a>, aprender terminolog\u00eda cl\u00ednica en una nueva lengua puede ser un proceso dif\u00edcil y que requiere mucho tiempo. Con el avance de la tecnolog\u00eda, dominar la comunicaci\u00f3n sanitaria es ahora mucho m\u00e1s f\u00e1cil, y el Chat <a href=\"https:\/\/talkpal.ai\/speaking-with-ai\/\">AI<\/a> de Talkpal es una de las mejores formas de hacerlo. En este art\u00edculo, exploraremos por qu\u00e9 realizar nuestro <a href=\"https:\/\/talkpal.ai\/learn-medical-language-with-ai\/\">curso de Medicina<\/a> a trav\u00e9s del Chat AI de Talkpal es una forma eficaz y eficiente de mejorar tus habilidades.<\/p>\n<\/div><\/div>\n\n<div class=\"wp-block-group pageContainerStyle\"><div class=\"wp-block-group__inner-container is-layout-constrained wp-block-group-is-layout-constrained\">\n<h2 class=\"wp-block-heading\" id=\"h-why-is-medical-language-difficult\"><strong><strong><strong>\u00bfPor qu\u00e9 es dif\u00edcil el lenguaje m\u00e9dico?<\/strong><\/strong><\/strong><\/h2>\n\n\n\n<h3 class=\"wp-block-heading\" id=\"h-pronunciation\"><strong>Pronunciaci\u00f3n<\/strong><\/h3>\n\n\n\n<p>Dominar la pronunciaci\u00f3n es un obst\u00e1culo importante para los estudiantes de lenguas m\u00e9dicas. Los t\u00e9rminos anat\u00f3micos complejos y los nombres farmac\u00e9uticos suelen contener combinaciones de sonidos que son muy dif\u00edciles de articular con precisi\u00f3n.<\/p>\n\n\n\n<h3 class=\"wp-block-heading\" id=\"h-grammar-and-syntax\"><strong><strong>Gram\u00e1tica y sintaxis<\/strong><\/strong><\/h3>\n\n\n\n<p>La gram\u00e1tica en un entorno cl\u00ednico debe ser precisa para evitar errores m\u00e9dicos. El alumno debe saber c\u00f3mo formular correctamente preguntas relacionadas con los s\u00edntomas, dar instrucciones claras sobre los tratamientos y utilizar tiempos precisos para comprender el historial m\u00e9dico de un paciente.<\/p>\n\n\n\n<h3 class=\"wp-block-heading\" id=\"h-vocabulary-and-idioms\"><strong><strong><strong>Vocabulario y modismos<\/strong><\/strong><\/strong><\/h3>\n\n\n\n<p>La sanidad requiere un vocabulario amplio y muy especializado. Este amplio abanico de palabras puede resultar abrumador para los alumnos, que tambi\u00e9n deben navegar por los coloquialismos que utilizan los pacientes para describir su dolor o sus s\u00edntomas. Los modismos pueden ser especialmente dif\u00edciles de entender cuando un paciente intenta explicar c\u00f3mo se siente.<\/p>\n\n\n\n<h3 class=\"wp-block-heading\" id=\"h-spelling\"><strong><strong><strong><strong>Ortograf\u00eda<\/strong><\/strong><\/strong><\/strong><\/h3>\n\n\n\n<p>La ortograf\u00eda de la terminolog\u00eda m\u00e9dica es notoriamente incoherente, y a menudo se basa en complejas ra\u00edces latinas o griegas. Esto puede dificultar que los alumnos tomen notas con precisi\u00f3n o escriban recetas basadas en palabras habladas.<\/p>\n\n\n\n<h3 class=\"wp-block-heading\" id=\"h-medical-language-learning-strategies\"><strong><strong><strong>Estrategias de aprendizaje del lenguaje m\u00e9dico<\/strong><\/strong><\/strong><\/h3>\n\n\n\n<h4 class=\"wp-block-heading\" id=\"h-listening-and-speaking\">Escuchar y hablar<\/h4>\n\n\n\n<p>Para mejorar la pronunciaci\u00f3n y la fluidez, los alumnos deben practicar escuchando a hablantes nativos y participando en conversaciones m\u00e9dicas siempre que sea posible. Con Talkpal, practicas de verdad la expresi\u00f3n oral simulando estas interacciones vitales.<\/p>\n\n\n\n<h4 class=\"wp-block-heading\" id=\"h-reading\">Lectura<\/h4>\n\n\n\n<p>La lectura es una herramienta esencial para ampliar el vocabulario cl\u00ednico y mejorar la capacidad de comprensi\u00f3n. Los alumnos deben leer una variedad de textos, desde revistas m\u00e9dicas hasta estudios de casos de pacientes.<\/p>\n\n\n\n<h4 class=\"wp-block-heading\" id=\"h-writing\">Escribir<\/h4>\n\n\n\n<p>La escritura es una habilidad crucial para los estudiantes de sanidad, ya que ayuda a consolidar la gram\u00e1tica para la elaboraci\u00f3n de gr\u00e1ficos e informes. Los alumnos deben practicar la escritura con regularidad, traduciendo los s\u00edntomas y los planes de tratamiento.<\/p>\n\n\n\n<h4 class=\"wp-block-heading\" id=\"h-grammar-and-vocabulary\">Gram\u00e1tica y vocabulario<\/h4>\n\n\n\n<p>Los alumnos deben dedicar tiempo a estudiar las reglas gramaticales y a ampliar su vocabulario cl\u00ednico. Esto puede conseguirse mediante nuestros escenarios especializados de IA.<\/p>\n\n\n\n<h2 class=\"wp-block-heading\" id=\"h-conclusion\">Conclusi\u00f3n<\/h2>\n\n\n\n<p>El aprendizaje del lenguaje m\u00e9dico presenta retos \u00fanicos, desde el complejo vocabulario cl\u00ednico y la gram\u00e1tica estricta hasta los matices culturales en la atenci\u00f3n al paciente. Sin embargo, con las estrategias adecuadas, herramientas como Talkpal y una pr\u00e1ctica constante, los profesionales m\u00e9dicos pueden superar estos obst\u00e1culos y cosechar los muchos beneficios que conlleva el dominio de una nueva lengua.<\/p>\n<\/div><\/div>\n<section class=\"promotionalBanner\">\r\n    <p class=\"promotionalText\">La forma m\u00e1s eficiente de aprender un idioma<\/p>\r\n    <a class=\"promotionalLink\" href=\"https:\/\/app.talkpal.ai\/es-es\/signup?lng=\">Prueba Talkpal gratis<\/a>\r\n<\/section>","protected":false},"excerpt":{"rendered":"<p>Somos Talkpal Aprender una nueva lengua puede ser una experiencia emocionante y desafiante. Abre nuevas puertas a las oportunidades, tanto personales como profesionales. Talkpal, una plataforma de aprendizaje de idiomas que ense\u00f1a m\u00e1s de 80 lenguas, lleva a\u00f1os desarrollando y entrenando sus algoritmos. A medida que la tecnolog\u00eda y el aprendizaje de idiomas siguen evolucionando, [&hellip;]<\/p>\n","protected":false},"author":20,"featured_media":1647873,"parent":0,"menu_order":0,"comment_status":"closed","ping_status":"closed","template":"LearningContentPage.php","meta":{"_acf_changed":false,"footnotes":""},"class_list":["post-1647872","page","type-page","status-publish","has-post-thumbnail","hentry"],"acf":[],"yoast_head":"<!-- This site is optimized with the Yoast SEO Premium plugin v27.2 (Yoast SEO v27.2) - https:\/\/yoast.com\/product\/yoast-seo-premium-wordpress\/ -->\n<title>Aprende lenguaje m\u00e9dico con IA - Talkpal<\/title>\n<meta name=\"description\" content=\"Mejora tu carrera sanitaria con el nuevo curso de Medicina de Talkpal. Aprende a comunicarte eficazmente con los pacientes en m\u00e1s de 80 idiomas utilizando nuestro tutor personalizado de IA.\" \/>\n<meta name=\"robots\" content=\"index, follow, max-snippet:-1, max-image-preview:large, max-video-preview:-1\" \/>\n<link rel=\"canonical\" href=\"https:\/\/talkpal.ai\/es\/aprende-lenguaje-medico-con-ia\/\" \/>\n<meta property=\"og:locale\" content=\"es_ES\" \/>\n<meta property=\"og:type\" content=\"article\" \/>\n<meta property=\"og:title\" content=\"Aprende lenguaje m\u00e9dico con IA\" \/>\n<meta property=\"og:description\" content=\"Somos Talkpal Aprender una nueva lengua puede ser una experiencia emocionante y desafiante. Abre nuevas puertas a las oportunidades, tanto personales como\" \/>\n<meta property=\"og:url\" content=\"https:\/\/talkpal.ai\/es\/aprende-lenguaje-medico-con-ia\/\" \/>\n<meta property=\"og:site_name\" content=\"Talkpal\" \/>\n<meta property=\"article:publisher\" content=\"https:\/\/www.facebook.com\/profile.php?id=100090733639311\" \/>\n<meta property=\"article:modified_time\" content=\"2026-02-27T11:33:17+00:00\" \/>\n<meta property=\"og:image\" content=\"https:\/\/talkpal.ai\/wp-content\/uploads\/2026\/02\/medicine_courses.webp\" \/>\n\t<meta property=\"og:image:width\" content=\"1200\" \/>\n\t<meta property=\"og:image:height\" content=\"967\" \/>\n\t<meta property=\"og:image:type\" content=\"image\/webp\" \/>\n<meta name=\"twitter:card\" content=\"summary_large_image\" \/>\n<meta name=\"twitter:site\" content=\"@talkpalai\" \/>\n<meta name=\"twitter:label1\" content=\"Tiempo de lectura\" \/>\n\t<meta name=\"twitter:data1\" content=\"4 minutos\" \/>\n<script type=\"application\/ld+json\" class=\"yoast-schema-graph\">{\"@context\":\"https:\/\/schema.org\",\"@graph\":[{\"@type\":\"WebPage\",\"@id\":\"https:\/\/talkpal.ai\/es\/aprende-lenguaje-medico-con-ia\/\",\"url\":\"https:\/\/talkpal.ai\/es\/aprende-lenguaje-medico-con-ia\/\",\"name\":\"Aprende lenguaje m\u00e9dico con IA - Talkpal\",\"isPartOf\":{\"@id\":\"https:\/\/talkpal.ai\/es\/#website\"},\"primaryImageOfPage\":{\"@id\":\"https:\/\/talkpal.ai\/es\/aprende-lenguaje-medico-con-ia\/#primaryimage\"},\"image\":{\"@id\":\"https:\/\/talkpal.ai\/es\/aprende-lenguaje-medico-con-ia\/#primaryimage\"},\"thumbnailUrl\":\"https:\/\/talkpal.ai\/wp-content\/uploads\/2026\/02\/medicine_courses.webp\",\"datePublished\":\"2026-02-27T11:07:24+00:00\",\"dateModified\":\"2026-02-27T11:33:17+00:00\",\"description\":\"Mejora tu carrera sanitaria con el nuevo curso de Medicina de Talkpal. Aprende a comunicarte eficazmente con los pacientes en m\u00e1s de 80 idiomas utilizando nuestro tutor personalizado de IA.\",\"breadcrumb\":{\"@id\":\"https:\/\/talkpal.ai\/es\/aprende-lenguaje-medico-con-ia\/#breadcrumb\"},\"inLanguage\":\"es\",\"potentialAction\":[{\"@type\":\"ReadAction\",\"target\":[\"https:\/\/talkpal.ai\/es\/aprende-lenguaje-medico-con-ia\/\"]}]},{\"@type\":\"ImageObject\",\"inLanguage\":\"es\",\"@id\":\"https:\/\/talkpal.ai\/es\/aprende-lenguaje-medico-con-ia\/#primaryimage\",\"url\":\"https:\/\/talkpal.ai\/wp-content\/uploads\/2026\/02\/medicine_courses.webp\",\"contentUrl\":\"https:\/\/talkpal.ai\/wp-content\/uploads\/2026\/02\/medicine_courses.webp\",\"width\":1200,\"height\":967,\"caption\":\"Cursos de Medicina\"},{\"@type\":\"BreadcrumbList\",\"@id\":\"https:\/\/talkpal.ai\/es\/aprende-lenguaje-medico-con-ia\/#breadcrumb\",\"itemListElement\":[{\"@type\":\"ListItem\",\"position\":1,\"name\":\"Homepage\",\"item\":\"https:\/\/talkpal.ai\/es\/\"},{\"@type\":\"ListItem\",\"position\":2,\"name\":\"Aprende lenguaje m\u00e9dico con IA\"}]},{\"@type\":\"WebSite\",\"@id\":\"https:\/\/talkpal.ai\/es\/#website\",\"url\":\"https:\/\/talkpal.ai\/es\/\",\"name\":\"Talkpal\",\"description\":\"AI Language Learning\",\"publisher\":{\"@id\":\"https:\/\/talkpal.ai\/es\/#organization\"},\"alternateName\":\"Talkpal AI\",\"potentialAction\":[{\"@type\":\"SearchAction\",\"target\":{\"@type\":\"EntryPoint\",\"urlTemplate\":\"https:\/\/talkpal.ai\/es\/?s={search_term_string}\"},\"query-input\":{\"@type\":\"PropertyValueSpecification\",\"valueRequired\":true,\"valueName\":\"search_term_string\"}}],\"inLanguage\":\"es\"},{\"@type\":\"Organization\",\"@id\":\"https:\/\/talkpal.ai\/es\/#organization\",\"name\":\"Talkpal, Inc.\",\"alternateName\":\"Talkpal AI\",\"url\":\"https:\/\/talkpal.ai\/es\/\",\"logo\":{\"@type\":\"ImageObject\",\"inLanguage\":\"es\",\"@id\":\"https:\/\/talkpal.ai\/es\/#\/schema\/logo\/image\/\",\"url\":\"https:\/\/talkpal.ai\/wp-content\/uploads\/2024\/03\/Talkpal-Logo-Icon.png\",\"contentUrl\":\"https:\/\/talkpal.ai\/wp-content\/uploads\/2024\/03\/Talkpal-Logo-Icon.png\",\"width\":2880,\"height\":2880,\"caption\":\"Talkpal, Inc.\"},\"image\":{\"@id\":\"https:\/\/talkpal.ai\/es\/#\/schema\/logo\/image\/\"},\"sameAs\":[\"https:\/\/www.facebook.com\/profile.php?id=100090733639311\",\"https:\/\/x.com\/talkpalai\",\"https:\/\/www.linkedin.com\/company\/talkpal\/\",\"https:\/\/www.youtube.com\/@TalkPal\/\",\"https:\/\/www.tiktok.com\/@talkpal\",\"https:\/\/www.instagram.com\/talkpal_ai\/\",\"https:\/\/www.crunchbase.com\/organization\/talkpal-9cde\",\"https:\/\/www.g2.com\/products\/talkpal-for-business\/\",\"https:\/\/www.trustpilot.com\/review\/talkpal.ai\",\"https:\/\/www.capterra.com\/p\/10006800\/TalkPal\/\"],\"description\":\"Talkpal is a language learning web and mobile education app, powered by the latest AI technologies, that provides engaging experiences to its customers in many different languages to help them improve their language skills. Users can chat about unlimited amount of topics with the app and use other modes to practice their language learning.\",\"email\":\"support@talkpal.ai\",\"legalName\":\"Talkpal, Inc.\",\"foundingDate\":\"2023-04-03\",\"duns\":\"118989042\",\"numberOfEmployees\":{\"@type\":\"QuantitativeValue\",\"minValue\":\"11\",\"maxValue\":\"50\"},\"publishingPrinciples\":\"https:\/\/talkpal.ai\/publishing-principles\/\",\"actionableFeedbackPolicy\":\"https:\/\/talkpal.ai\/actionable-feedback-policy\/\",\"correctionsPolicy\":\"https:\/\/talkpal.ai\/corrections-policy\/\",\"ethicsPolicy\":\"https:\/\/talkpal.ai\/ethics-policy\/\",\"diversityPolicy\":\"https:\/\/talkpal.ai\/diversity-policy\/\",\"diversityStaffingReport\":\"https:\/\/talkpal.ai\/diversity-policy\/\"}]}<\/script>\n<!-- \/ Yoast SEO Premium plugin. -->","yoast_head_json":{"title":"Aprende lenguaje m\u00e9dico con IA - Talkpal","description":"Mejora tu carrera sanitaria con el nuevo curso de Medicina de Talkpal. Aprende a comunicarte eficazmente con los pacientes en m\u00e1s de 80 idiomas utilizando nuestro tutor personalizado de IA.","robots":{"index":"index","follow":"follow","max-snippet":"max-snippet:-1","max-image-preview":"max-image-preview:large","max-video-preview":"max-video-preview:-1"},"canonical":"https:\/\/talkpal.ai\/es\/aprende-lenguaje-medico-con-ia\/","og_locale":"es_ES","og_type":"article","og_title":"Aprende lenguaje m\u00e9dico con IA","og_description":"Somos Talkpal Aprender una nueva lengua puede ser una experiencia emocionante y desafiante. Abre nuevas puertas a las oportunidades, tanto personales como","og_url":"https:\/\/talkpal.ai\/es\/aprende-lenguaje-medico-con-ia\/","og_site_name":"Talkpal","article_publisher":"https:\/\/www.facebook.com\/profile.php?id=100090733639311","article_modified_time":"2026-02-27T11:33:17+00:00","og_image":[{"width":1200,"height":967,"url":"https:\/\/talkpal.ai\/wp-content\/uploads\/2026\/02\/medicine_courses.webp","type":"image\/webp"}],"twitter_card":"summary_large_image","twitter_site":"@talkpalai","twitter_misc":{"Tiempo de lectura":"4 minutos"},"schema":{"@context":"https:\/\/schema.org","@graph":[{"@type":"WebPage","@id":"https:\/\/talkpal.ai\/es\/aprende-lenguaje-medico-con-ia\/","url":"https:\/\/talkpal.ai\/es\/aprende-lenguaje-medico-con-ia\/","name":"Aprende lenguaje m\u00e9dico con IA - Talkpal","isPartOf":{"@id":"https:\/\/talkpal.ai\/es\/#website"},"primaryImageOfPage":{"@id":"https:\/\/talkpal.ai\/es\/aprende-lenguaje-medico-con-ia\/#primaryimage"},"image":{"@id":"https:\/\/talkpal.ai\/es\/aprende-lenguaje-medico-con-ia\/#primaryimage"},"thumbnailUrl":"https:\/\/talkpal.ai\/wp-content\/uploads\/2026\/02\/medicine_courses.webp","datePublished":"2026-02-27T11:07:24+00:00","dateModified":"2026-02-27T11:33:17+00:00","description":"Mejora tu carrera sanitaria con el nuevo curso de Medicina de Talkpal. Aprende a comunicarte eficazmente con los pacientes en m\u00e1s de 80 idiomas utilizando nuestro tutor personalizado de IA.","breadcrumb":{"@id":"https:\/\/talkpal.ai\/es\/aprende-lenguaje-medico-con-ia\/#breadcrumb"},"inLanguage":"es","potentialAction":[{"@type":"ReadAction","target":["https:\/\/talkpal.ai\/es\/aprende-lenguaje-medico-con-ia\/"]}]},{"@type":"ImageObject","inLanguage":"es","@id":"https:\/\/talkpal.ai\/es\/aprende-lenguaje-medico-con-ia\/#primaryimage","url":"https:\/\/talkpal.ai\/wp-content\/uploads\/2026\/02\/medicine_courses.webp","contentUrl":"https:\/\/talkpal.ai\/wp-content\/uploads\/2026\/02\/medicine_courses.webp","width":1200,"height":967,"caption":"Cursos de Medicina"},{"@type":"BreadcrumbList","@id":"https:\/\/talkpal.ai\/es\/aprende-lenguaje-medico-con-ia\/#breadcrumb","itemListElement":[{"@type":"ListItem","position":1,"name":"Homepage","item":"https:\/\/talkpal.ai\/es\/"},{"@type":"ListItem","position":2,"name":"Aprende lenguaje m\u00e9dico con IA"}]},{"@type":"WebSite","@id":"https:\/\/talkpal.ai\/es\/#website","url":"https:\/\/talkpal.ai\/es\/","name":"Talkpal","description":"AI Language Learning","publisher":{"@id":"https:\/\/talkpal.ai\/es\/#organization"},"alternateName":"Talkpal AI","potentialAction":[{"@type":"SearchAction","target":{"@type":"EntryPoint","urlTemplate":"https:\/\/talkpal.ai\/es\/?s={search_term_string}"},"query-input":{"@type":"PropertyValueSpecification","valueRequired":true,"valueName":"search_term_string"}}],"inLanguage":"es"},{"@type":"Organization","@id":"https:\/\/talkpal.ai\/es\/#organization","name":"Talkpal, Inc.","alternateName":"Talkpal AI","url":"https:\/\/talkpal.ai\/es\/","logo":{"@type":"ImageObject","inLanguage":"es","@id":"https:\/\/talkpal.ai\/es\/#\/schema\/logo\/image\/","url":"https:\/\/talkpal.ai\/wp-content\/uploads\/2024\/03\/Talkpal-Logo-Icon.png","contentUrl":"https:\/\/talkpal.ai\/wp-content\/uploads\/2024\/03\/Talkpal-Logo-Icon.png","width":2880,"height":2880,"caption":"Talkpal, Inc."},"image":{"@id":"https:\/\/talkpal.ai\/es\/#\/schema\/logo\/image\/"},"sameAs":["https:\/\/www.facebook.com\/profile.php?id=100090733639311","https:\/\/x.com\/talkpalai","https:\/\/www.linkedin.com\/company\/talkpal\/","https:\/\/www.youtube.com\/@TalkPal\/","https:\/\/www.tiktok.com\/@talkpal","https:\/\/www.instagram.com\/talkpal_ai\/","https:\/\/www.crunchbase.com\/organization\/talkpal-9cde","https:\/\/www.g2.com\/products\/talkpal-for-business\/","https:\/\/www.trustpilot.com\/review\/talkpal.ai","https:\/\/www.capterra.com\/p\/10006800\/TalkPal\/"],"description":"Talkpal is a language learning web and mobile education app, powered by the latest AI technologies, that provides engaging experiences to its customers in many different languages to help them improve their language skills. Users can chat about unlimited amount of topics with the app and use other modes to practice their language learning.","email":"support@talkpal.ai","legalName":"Talkpal, Inc.","foundingDate":"2023-04-03","duns":"118989042","numberOfEmployees":{"@type":"QuantitativeValue","minValue":"11","maxValue":"50"},"publishingPrinciples":"https:\/\/talkpal.ai\/publishing-principles\/","actionableFeedbackPolicy":"https:\/\/talkpal.ai\/actionable-feedback-policy\/","correctionsPolicy":"https:\/\/talkpal.ai\/corrections-policy\/","ethicsPolicy":"https:\/\/talkpal.ai\/ethics-policy\/","diversityPolicy":"https:\/\/talkpal.ai\/diversity-policy\/","diversityStaffingReport":"https:\/\/talkpal.ai\/diversity-policy\/"}]}},"_links":{"self":[{"href":"https:\/\/talkpal.ai\/es\/wp-json\/wp\/v2\/pages\/1647872","targetHints":{"allow":["GET"]}}],"collection":[{"href":"https:\/\/talkpal.ai\/es\/wp-json\/wp\/v2\/pages"}],"about":[{"href":"https:\/\/talkpal.ai\/es\/wp-json\/wp\/v2\/types\/page"}],"author":[{"embeddable":true,"href":"https:\/\/talkpal.ai\/es\/wp-json\/wp\/v2\/users\/20"}],"replies":[{"embeddable":true,"href":"https:\/\/talkpal.ai\/es\/wp-json\/wp\/v2\/comments?post=1647872"}],"version-history":[{"count":0,"href":"https:\/\/talkpal.ai\/es\/wp-json\/wp\/v2\/pages\/1647872\/revisions"}],"wp:featuredmedia":[{"embeddable":true,"href":"https:\/\/talkpal.ai\/es\/wp-json\/wp\/v2\/media\/1647873"}],"wp:attachment":[{"href":"https:\/\/talkpal.ai\/es\/wp-json\/wp\/v2\/media?parent=1647872"}],"curies":[{"name":"wp","href":"https:\/\/api.w.org\/{rel}","templated":true}]}}