{"id":1464790,"date":"2025-11-12T16:31:52","date_gmt":"2025-11-12T16:31:52","guid":{"rendered":"https:\/\/talkpal.ai\/gramatica-punjabi\/"},"modified":"2025-12-30T11:35:06","modified_gmt":"2025-12-30T11:35:06","slug":"gramatica-punjabi","status":"publish","type":"page","link":"https:\/\/talkpal.ai\/es\/gramatica-punjabi\/","title":{"rendered":"Gram\u00e1tica punjabi"},"content":{"rendered":"\r\n\r\n\r\n<section class=\"languageChallengeSection\">\r\n    <div class=\"languageInfoWrapper\">\r\n        \r\n        <h1>Gram\u00e1tica punjabi<\/h1>\r\n        <p>La <a href=\"https:\/\/talkpal.ai\/punjabi-grammar\/\">gram\u00e1tica punjabi<\/a> puede parecer desafiante al principio, pero sus caracter\u00edsticas \u00fanicas hacen que aprender el idioma sea una experiencia gratificante. Explorando su alfabeto, sus mutaciones y sus reglas gramaticales, conocer\u00e1s una rica tradici\u00f3n ling\u00fc\u00edstica. \u00a1Comienza tu viaje y descubre la belleza de <a href=\"https:\/\/talkpal.ai\/learn-punjabi\/\">Punjabi<\/a>!<\/p>\r\n\r\n                            <a class=\"getStartedHidden\" href=\"https:\/\/app.talkpal.ai\/es-es\/signup?lng=\">Comenzar<\/a>\r\n        \r\n    <\/div>\r\n\r\n    <figure>\r\n    <img decoding=\"async\" width=\"768\" height=\"768\" src=\"https:\/\/talkpal.ai\/wp-content\/uploads\/2023\/06\/welsh-768x768.png\" class=\"languageImage no-lazy\" alt=\"Default alt text\" fetchpriority=\"high\" sizes=\"(max-width: 768px) 150px, 768px\" srcset=\"https:\/\/talkpal.ai\/wp-content\/uploads\/2023\/06\/welsh-768x768.png 768w, https:\/\/talkpal.ai\/wp-content\/uploads\/2023\/06\/welsh-300x300.png 300w\" \/>\r\n    \r\n\r\n    <\/figure>\r\n\r\n            <a class=\"getStartedVisible\" href=\"https:\/\/app.talkpal.ai\/es-es\/signup?lng=\">Comenzar<\/a>\r\n    \r\n<\/section><section class=\"promotionalBanner\">\r\n    <p class=\"promotionalText\">La forma m\u00e1s eficiente de aprender un idioma<\/p>\r\n    <a class=\"promotionalLink\" href=\"https:\/\/app.talkpal.ai\/es-es\/signup?lng=\">Prueba Talkpal gratis<\/a>\r\n<\/section>\n<div class=\"wp-block-group pageContainerStyle\"><div class=\"wp-block-group__inner-container is-layout-constrained wp-block-group-is-layout-constrained\">\n<h2 class=\"wp-block-heading\" id=\"h-navigating-the-intricacies-of-punjabi-grammar\">Navegando por las complejidades de la gram\u00e1tica punjabi<\/h2>\n\n\n\n<p><a href=\"https:\/\/talkpal.ai\/es\/aprende-punjabi\/\">El punjabi<\/a>, una lengua indoaria con una rica historia y significado cultural, ofrece una experiencia ling\u00fc\u00edstica emocionante para aquellos que deseen explorar su sistema gramatical \u00fanico. A medida que se adentra en el reino del punjabi, no solo enriquecer\u00e1 su repertorio ling\u00fc\u00edstico, sino que tambi\u00e9n emprender\u00e1 un fascinante viaje cultural. Si bien la gram\u00e1tica punjabi puede parecer complicada al principio, dividirla en componentes b\u00e1sicos hace que el aprendizaje del idioma sea m\u00e1s accesible. En este art\u00edculo, exploraremos el cautivador mundo de la gram\u00e1tica punjabi y brindaremos consejos sobre c\u00f3mo dominar sus complejidades.<\/p>\n\n\n\n<h3 class=\"wp-block-heading\" id=\"h-1-punjabi-alphabet-and-phonetics\">1. Alfabeto y fon\u00e9tica punjabi<\/h3>\n\n\n\n<p>El sistema de escritura punjabi utiliza principalmente la escritura gurmukhi, que incluye vocales independientes, consonantes, signos voc\u00e1licos llamados matras, marcas de nasalizaci\u00f3n <a href=\"https:\/\/talkpal.ai\/locations\/language-courses-in-como\/\">como<\/a> bind\u012b y \u1e6dipp\u012b, y el addhak que indica la duplicaci\u00f3n de consonantes. El punjabi tambi\u00e9n se escribe en la escritura Shahmukhi en Pakist\u00e1n. Para aprender la gram\u00e1tica punjabi, es crucial familiarizarse con el gurmukhi practicando la lectura y la escritura en punjabi.<\/p>\n\n\n\n<h3 class=\"wp-block-heading\" id=\"h-2-tones-a-distinctive-punjabi-feature\">2. Tonos: una caracter\u00edstica distintiva de Punjabi<\/h3>\n\n\n\n<p>Uno de los aspectos m\u00e1s llamativos del punjabi es su uso del tono, que puede cambiar el significado de las palabras. El punjabi se describe com\u00fanmente como de tres tonos, y a menudo est\u00e1n relacionados con cambios de sonido hist\u00f3ricos que no est\u00e1n directamente marcados en la ortograf\u00eda moderna. Comprender c\u00f3mo funciona el tono y practicar una pronunciaci\u00f3n precisa es vital para una comunicaci\u00f3n clara y precisa en punjabi.<\/p>\n\n\n\n<h3 class=\"wp-block-heading\" id=\"h-3-nouns-and-pronouns-gender-and-cases\">3. Sustantivos y pronombres: g\u00e9nero y casos<\/h3>\n\n\n\n<p>Los sustantivos punjab\u00edes <a href=\"https:\/\/talkpal.ai\/locations\/language-courses-in-tienen\/\">tienen<\/a> g\u00e9nero gramatical, masculino o femenino, y los plurales siguen patrones que var\u00edan seg\u00fan el tipo de sustantivo. Muchos sustantivos masculinos forman plurales en -e y muchos sustantivos femeninos en -\u0101\u1e41, aunque hay irregularidades. El punjabi <a href=\"https:\/\/talkpal.ai\/locations\/learn-english-in-usa\/\">usa<\/a> un caso oblicuo antes de las posposiciones, que siguen al sustantivo o pronombre. Los pronombres incluyen conjuntos personales, posesivos, reflexivos, demostrativos e interrogativos, como \u0a2e\u0a48\u0a02, \u0a24\u0a42\u0a70, \u0a09\u0a39, \u0a2e\u0a47\u0a30\u0a3e, \u0a06\u0a2a\u0a23\u0a3e, \u0a07\u0a39, \u0a09\u0a39, \u0a15\u0a4c\u0a23 y \u0a15\u0a40. Familiarizarse con estos pronombres y sus formas mejorar\u00e1 significativamente su comprensi\u00f3n de la gram\u00e1tica punjabi.<\/p>\n\n\n\n<h3 class=\"wp-block-heading\" id=\"h-4-verbs-structure-and-conjugation\">4. Verbos: estructura y conjugaci\u00f3n<\/h3>\n\n\n\n<p>Los verbos punjabi muestran aspecto y concordancia y generalmente usan participios combinados con el verbo auxiliar \u0a39\u0a4b\u0a23\u0a3e para expresar tiempo y modo. Las distinciones centrales incluyen <a href=\"https:\/\/talkpal.ai\/zh-hans\/grammar_exercises\/presente-%e8%a5%bf%e7%8f%ad%e7%89%99%e8%af%ad%e6%b3%95%e7%bb%83%e4%b9%a0\/\">presente<\/a> habitual, pasado perfectivo y <a href=\"https:\/\/talkpal.ai\/ja\/grammar_exercises\/futuro-%e3%82%b9%e3%83%9a%e3%82%a4%e3%83%b3%e8%aa%9e%e3%81%ae%e6%96%87%e6%b3%95%e3%81%ae%e6%bc%94%e7%bf%92\/\">futuro<\/a>, junto con modos condicionales e imperativos. La concordancia a menudo depende del g\u00e9nero y el n\u00famero, y en muchas cl\u00e1usulas transitivas perfectivas el punjabi marca el sujeto con \u0a28\u0a47 mientras que el verbo concuerda con el objeto. Aprender los principales patrones de conjugaci\u00f3n y el uso auxiliar mejorar\u00e1 su capacidad para comunicarse de manera efectiva en punjabi.<\/p>\n\n\n\n<h3 class=\"wp-block-heading\" id=\"h-5-adjectives-agreement-and-placement\">5. Adjetivos: Acuerdo y colocaci\u00f3n<\/h3>\n\n\n\n<p>En la gram\u00e1tica punjabi, los adjetivos suelen preceder al sustantivo que modifican y, cuando se marcan, concuerdan en g\u00e9nero y n\u00famero con el sustantivo. Muchos adjetivos son invariables, pero los adjetivos descriptivos comunes muestran formas masculinas, femeninas y plurales. Los significados comparativos y superlativos a menudo se forman anal\u00edticamente con \u0a39\u0a4b\u0a30 para m\u00e1s y \u0a38\u0a2d \u0a24\u0a4b\u0a02 para la mayor\u00eda.<\/p>\n\n\n\n<p><strong>Ejemplos:<\/strong><\/p>\n\n\n\n<p><strong>\u2013 \u0a35\u0a71\u0a21\u0a3e \u0a2a\u0a3f\u0a06\u0a30 (gran amor)<\/strong><\/p>\n\n\n\n<p><strong>\u2013 \u0a1b\u0a4b\u0a1f\u0a47 \u0a2c\u0a71\u0a1a\u0a47 (ni\u00f1os peque\u00f1os)<\/strong><\/p>\n\n\n\n<h3 class=\"wp-block-heading\" id=\"h-6-engaging-with-the-language\">6. Comprometerse con la lengua<\/h3>\n\n\n\n<p>La forma m\u00e1s efectiva de comprender e internalizar completamente la gram\u00e1tica punjabi es comprometerse constantemente con el idioma. Al leer literatura punjabi, ver pel\u00edculas o series de televisi\u00f3n punjabi, escuchar m\u00fasica y poes\u00eda y comunicarse activamente con hablantes nativos, reforzar\u00e1 su comprensi\u00f3n de la gram\u00e1tica mientras ampl\u00eda su vocabulario.<\/p>\n\n\n\n<h3 class=\"wp-block-heading\" id=\"h-conclusion\">Conclusi\u00f3n<\/h3>\n\n\n\n<p>Aunque la gram\u00e1tica punjabi puede parecer intrincada, puedes dominar este hermoso idioma con dedicaci\u00f3n, pr\u00e1ctica y entusiasmo. Al centrarse en las reglas fundamentales y comprometerse con el idioma en diferentes contextos, mejorar\u00e1 r\u00e1pidamente sus <a href=\"https:\/\/talkpal.ai\/es\/gramatica\/\">habilidades gramaticales<\/a> en punjabi. \u0a38\u0a3c\u0a41\u0a2d \u0a15\u0a3e\u0a2e\u0a28\u0a3e\u0a35\u0a3e\u0a02 (buena suerte) con tu viaje ling\u00fc\u00edstico punjabi, \u00a1y disfruta desentra\u00f1ando el mundo din\u00e1mico y cautivador de la gram\u00e1tica punjabi!<\/p>\n<\/div><\/div>\n\r\n<section class=\"learnNavigationSection\">\r\n            \r\n        <a href=\"https:\/\/talkpal.ai\/es\/aprende-punjabi\/\">\r\n            <div class=\"learnNavigationWrapper\">\r\n                <div class=\"learnNavigationContent\">\r\n                    <img decoding=\"async\" src=\"https:\/\/talkpal.ai\/wp-content\/uploads\/2025\/11\/Punjabi.png\" alt=\"Indian Simplified Flag\">\r\n                    <div>\r\n                        <h4>Acerca de Punjabi Learning<\/h4>\r\n                        <p>Descubre todo sobre la gram\u00e1tica punjabi.<\/p>\r\n                    <\/div>\r\n                <\/div>\r\n            <\/div>\r\n        <\/a>\r\n\r\n        \r\n        <a href=\"https:\/\/talkpal.ai\/es\/ejercicios-de-gramatica-punjabi\/\">\r\n            <div class=\"learnNavigationWrapper\">\r\n                <div class=\"learnNavigationContent\">\r\n                    <img decoding=\"async\" src=\"https:\/\/talkpal.ai\/wp-content\/uploads\/2025\/11\/Punjabi.png\" alt=\"Indian Simplified Flag\">\r\n                    <div>\r\n                        <h4>Ejercicio de gram\u00e1tica punjabi<\/h4>\r\n                        <p>Practica la gram\u00e1tica punjabi.<\/p>\r\n                    <\/div>\r\n                <\/div>\r\n            <\/div>\r\n        <\/a>\r\n\r\n            <\/section>","protected":false},"excerpt":{"rendered":"<p>Navegando por las complejidades de la gram\u00e1tica punjabi El punjabi, una lengua indoaria con una rica historia y significado cultural, ofrece una experiencia ling\u00fc\u00edstica emocionante para aquellos que deseen explorar su sistema gramatical \u00fanico. A medida que se adentra en el reino del punjabi, no solo enriquecer\u00e1 su repertorio ling\u00fc\u00edstico, sino que tambi\u00e9n emprender\u00e1 un [&hellip;]<\/p>\n","protected":false},"author":20,"featured_media":0,"parent":0,"menu_order":0,"comment_status":"closed","ping_status":"closed","template":"LearningContentPage.php","meta":{"_acf_changed":false,"footnotes":""},"class_list":["post-1464790","page","type-page","status-publish","hentry"],"acf":[],"yoast_head":"<!-- This site is optimized with the Yoast SEO Premium plugin v27.2 (Yoast SEO v27.2) - https:\/\/yoast.com\/product\/yoast-seo-premium-wordpress\/ -->\n<title>Gram\u00e1tica punjabi - Talkpal<\/title>\n<meta name=\"description\" content=\"Domina lo esencial de la gram\u00e1tica panyab\u00ed con nuestra completa gu\u00eda para mejorar tu fluidez ling\u00fc\u00edstica hoy mismo.\" \/>\n<meta name=\"robots\" content=\"index, follow, max-snippet:-1, max-image-preview:large, max-video-preview:-1\" \/>\n<link rel=\"canonical\" href=\"https:\/\/talkpal.ai\/es\/gramatica-punjabi\/\" \/>\n<meta property=\"og:locale\" content=\"es_ES\" \/>\n<meta property=\"og:type\" content=\"article\" \/>\n<meta property=\"og:title\" content=\"Gram\u00e1tica punjabi\" \/>\n<meta property=\"og:description\" content=\"Navegando por las complejidades de la gram\u00e1tica punjabi El punjabi, una lengua indoaria con una rica historia y significado cultural, ofrece una\" \/>\n<meta property=\"og:url\" content=\"https:\/\/talkpal.ai\/es\/gramatica-punjabi\/\" \/>\n<meta property=\"og:site_name\" content=\"Talkpal\" \/>\n<meta property=\"article:publisher\" content=\"https:\/\/www.facebook.com\/profile.php?id=100090733639311\" \/>\n<meta property=\"article:modified_time\" content=\"2025-12-30T11:35:06+00:00\" \/>\n<meta property=\"og:image\" content=\"https:\/\/talkpal.ai\/wp-content\/uploads\/2025\/02\/Progress-tab-16_9.png\" \/>\n\t<meta property=\"og:image:width\" content=\"2880\" \/>\n\t<meta property=\"og:image:height\" content=\"1620\" \/>\n\t<meta property=\"og:image:type\" content=\"image\/png\" \/>\n<meta name=\"twitter:card\" content=\"summary_large_image\" \/>\n<meta name=\"twitter:site\" content=\"@talkpalai\" \/>\n<meta name=\"twitter:label1\" content=\"Tiempo de lectura\" \/>\n\t<meta name=\"twitter:data1\" content=\"3 minutos\" \/>\n<script type=\"application\/ld+json\" class=\"yoast-schema-graph\">{\"@context\":\"https:\/\/schema.org\",\"@graph\":[{\"@type\":\"WebPage\",\"@id\":\"https:\/\/talkpal.ai\/es\/gramatica-punjabi\/\",\"url\":\"https:\/\/talkpal.ai\/es\/gramatica-punjabi\/\",\"name\":\"Gram\u00e1tica punjabi - Talkpal\",\"isPartOf\":{\"@id\":\"https:\/\/talkpal.ai\/es\/#website\"},\"datePublished\":\"2025-11-12T16:31:52+00:00\",\"dateModified\":\"2025-12-30T11:35:06+00:00\",\"description\":\"Domina lo esencial de la gram\u00e1tica panyab\u00ed con nuestra completa gu\u00eda para mejorar tu fluidez ling\u00fc\u00edstica hoy mismo.\",\"breadcrumb\":{\"@id\":\"https:\/\/talkpal.ai\/es\/gramatica-punjabi\/#breadcrumb\"},\"inLanguage\":\"es\",\"potentialAction\":[{\"@type\":\"ReadAction\",\"target\":[\"https:\/\/talkpal.ai\/es\/gramatica-punjabi\/\"]}]},{\"@type\":\"BreadcrumbList\",\"@id\":\"https:\/\/talkpal.ai\/es\/gramatica-punjabi\/#breadcrumb\",\"itemListElement\":[{\"@type\":\"ListItem\",\"position\":1,\"name\":\"Homepage\",\"item\":\"https:\/\/talkpal.ai\/es\/\"},{\"@type\":\"ListItem\",\"position\":2,\"name\":\"Gram\u00e1tica punjabi\"}]},{\"@type\":\"WebSite\",\"@id\":\"https:\/\/talkpal.ai\/es\/#website\",\"url\":\"https:\/\/talkpal.ai\/es\/\",\"name\":\"Talkpal\",\"description\":\"AI Language Learning\",\"publisher\":{\"@id\":\"https:\/\/talkpal.ai\/es\/#organization\"},\"alternateName\":\"Talkpal AI\",\"potentialAction\":[{\"@type\":\"SearchAction\",\"target\":{\"@type\":\"EntryPoint\",\"urlTemplate\":\"https:\/\/talkpal.ai\/es\/?s={search_term_string}\"},\"query-input\":{\"@type\":\"PropertyValueSpecification\",\"valueRequired\":true,\"valueName\":\"search_term_string\"}}],\"inLanguage\":\"es\"},{\"@type\":\"Organization\",\"@id\":\"https:\/\/talkpal.ai\/es\/#organization\",\"name\":\"Talkpal, Inc.\",\"alternateName\":\"Talkpal AI\",\"url\":\"https:\/\/talkpal.ai\/es\/\",\"logo\":{\"@type\":\"ImageObject\",\"inLanguage\":\"es\",\"@id\":\"https:\/\/talkpal.ai\/es\/#\/schema\/logo\/image\/\",\"url\":\"https:\/\/talkpal.ai\/wp-content\/uploads\/2024\/03\/Talkpal-Logo-Icon.png\",\"contentUrl\":\"https:\/\/talkpal.ai\/wp-content\/uploads\/2024\/03\/Talkpal-Logo-Icon.png\",\"width\":2880,\"height\":2880,\"caption\":\"Talkpal, Inc.\"},\"image\":{\"@id\":\"https:\/\/talkpal.ai\/es\/#\/schema\/logo\/image\/\"},\"sameAs\":[\"https:\/\/www.facebook.com\/profile.php?id=100090733639311\",\"https:\/\/x.com\/talkpalai\",\"https:\/\/www.linkedin.com\/company\/talkpal\/\",\"https:\/\/www.youtube.com\/@TalkPal\/\",\"https:\/\/www.tiktok.com\/@talkpal\",\"https:\/\/www.instagram.com\/talkpal_ai\/\",\"https:\/\/www.crunchbase.com\/organization\/talkpal-9cde\",\"https:\/\/www.g2.com\/products\/talkpal-for-business\/\",\"https:\/\/www.trustpilot.com\/review\/talkpal.ai\",\"https:\/\/www.capterra.com\/p\/10006800\/TalkPal\/\"],\"description\":\"Talkpal is a language learning web and mobile education app, powered by the latest AI technologies, that provides engaging experiences to its customers in many different languages to help them improve their language skills. Users can chat about unlimited amount of topics with the app and use other modes to practice their language learning.\",\"email\":\"support@talkpal.ai\",\"legalName\":\"Talkpal, Inc.\",\"foundingDate\":\"2023-04-03\",\"duns\":\"118989042\",\"numberOfEmployees\":{\"@type\":\"QuantitativeValue\",\"minValue\":\"11\",\"maxValue\":\"50\"},\"publishingPrinciples\":\"https:\/\/talkpal.ai\/publishing-principles\/\",\"actionableFeedbackPolicy\":\"https:\/\/talkpal.ai\/actionable-feedback-policy\/\",\"correctionsPolicy\":\"https:\/\/talkpal.ai\/corrections-policy\/\",\"ethicsPolicy\":\"https:\/\/talkpal.ai\/ethics-policy\/\",\"diversityPolicy\":\"https:\/\/talkpal.ai\/diversity-policy\/\",\"diversityStaffingReport\":\"https:\/\/talkpal.ai\/diversity-policy\/\"}]}<\/script>\n<!-- \/ Yoast SEO Premium plugin. -->","yoast_head_json":{"title":"Gram\u00e1tica punjabi - Talkpal","description":"Domina lo esencial de la gram\u00e1tica panyab\u00ed con nuestra completa gu\u00eda para mejorar tu fluidez ling\u00fc\u00edstica hoy mismo.","robots":{"index":"index","follow":"follow","max-snippet":"max-snippet:-1","max-image-preview":"max-image-preview:large","max-video-preview":"max-video-preview:-1"},"canonical":"https:\/\/talkpal.ai\/es\/gramatica-punjabi\/","og_locale":"es_ES","og_type":"article","og_title":"Gram\u00e1tica punjabi","og_description":"Navegando por las complejidades de la gram\u00e1tica punjabi El punjabi, una lengua indoaria con una rica historia y significado cultural, ofrece una","og_url":"https:\/\/talkpal.ai\/es\/gramatica-punjabi\/","og_site_name":"Talkpal","article_publisher":"https:\/\/www.facebook.com\/profile.php?id=100090733639311","article_modified_time":"2025-12-30T11:35:06+00:00","og_image":[{"width":2880,"height":1620,"url":"https:\/\/talkpal.ai\/wp-content\/uploads\/2025\/02\/Progress-tab-16_9.png","type":"image\/png"}],"twitter_card":"summary_large_image","twitter_site":"@talkpalai","twitter_misc":{"Tiempo de lectura":"3 minutos"},"schema":{"@context":"https:\/\/schema.org","@graph":[{"@type":"WebPage","@id":"https:\/\/talkpal.ai\/es\/gramatica-punjabi\/","url":"https:\/\/talkpal.ai\/es\/gramatica-punjabi\/","name":"Gram\u00e1tica punjabi - Talkpal","isPartOf":{"@id":"https:\/\/talkpal.ai\/es\/#website"},"datePublished":"2025-11-12T16:31:52+00:00","dateModified":"2025-12-30T11:35:06+00:00","description":"Domina lo esencial de la gram\u00e1tica panyab\u00ed con nuestra completa gu\u00eda para mejorar tu fluidez ling\u00fc\u00edstica hoy mismo.","breadcrumb":{"@id":"https:\/\/talkpal.ai\/es\/gramatica-punjabi\/#breadcrumb"},"inLanguage":"es","potentialAction":[{"@type":"ReadAction","target":["https:\/\/talkpal.ai\/es\/gramatica-punjabi\/"]}]},{"@type":"BreadcrumbList","@id":"https:\/\/talkpal.ai\/es\/gramatica-punjabi\/#breadcrumb","itemListElement":[{"@type":"ListItem","position":1,"name":"Homepage","item":"https:\/\/talkpal.ai\/es\/"},{"@type":"ListItem","position":2,"name":"Gram\u00e1tica punjabi"}]},{"@type":"WebSite","@id":"https:\/\/talkpal.ai\/es\/#website","url":"https:\/\/talkpal.ai\/es\/","name":"Talkpal","description":"AI Language Learning","publisher":{"@id":"https:\/\/talkpal.ai\/es\/#organization"},"alternateName":"Talkpal AI","potentialAction":[{"@type":"SearchAction","target":{"@type":"EntryPoint","urlTemplate":"https:\/\/talkpal.ai\/es\/?s={search_term_string}"},"query-input":{"@type":"PropertyValueSpecification","valueRequired":true,"valueName":"search_term_string"}}],"inLanguage":"es"},{"@type":"Organization","@id":"https:\/\/talkpal.ai\/es\/#organization","name":"Talkpal, Inc.","alternateName":"Talkpal AI","url":"https:\/\/talkpal.ai\/es\/","logo":{"@type":"ImageObject","inLanguage":"es","@id":"https:\/\/talkpal.ai\/es\/#\/schema\/logo\/image\/","url":"https:\/\/talkpal.ai\/wp-content\/uploads\/2024\/03\/Talkpal-Logo-Icon.png","contentUrl":"https:\/\/talkpal.ai\/wp-content\/uploads\/2024\/03\/Talkpal-Logo-Icon.png","width":2880,"height":2880,"caption":"Talkpal, Inc."},"image":{"@id":"https:\/\/talkpal.ai\/es\/#\/schema\/logo\/image\/"},"sameAs":["https:\/\/www.facebook.com\/profile.php?id=100090733639311","https:\/\/x.com\/talkpalai","https:\/\/www.linkedin.com\/company\/talkpal\/","https:\/\/www.youtube.com\/@TalkPal\/","https:\/\/www.tiktok.com\/@talkpal","https:\/\/www.instagram.com\/talkpal_ai\/","https:\/\/www.crunchbase.com\/organization\/talkpal-9cde","https:\/\/www.g2.com\/products\/talkpal-for-business\/","https:\/\/www.trustpilot.com\/review\/talkpal.ai","https:\/\/www.capterra.com\/p\/10006800\/TalkPal\/"],"description":"Talkpal is a language learning web and mobile education app, powered by the latest AI technologies, that provides engaging experiences to its customers in many different languages to help them improve their language skills. Users can chat about unlimited amount of topics with the app and use other modes to practice their language learning.","email":"support@talkpal.ai","legalName":"Talkpal, Inc.","foundingDate":"2023-04-03","duns":"118989042","numberOfEmployees":{"@type":"QuantitativeValue","minValue":"11","maxValue":"50"},"publishingPrinciples":"https:\/\/talkpal.ai\/publishing-principles\/","actionableFeedbackPolicy":"https:\/\/talkpal.ai\/actionable-feedback-policy\/","correctionsPolicy":"https:\/\/talkpal.ai\/corrections-policy\/","ethicsPolicy":"https:\/\/talkpal.ai\/ethics-policy\/","diversityPolicy":"https:\/\/talkpal.ai\/diversity-policy\/","diversityStaffingReport":"https:\/\/talkpal.ai\/diversity-policy\/"}]}},"_links":{"self":[{"href":"https:\/\/talkpal.ai\/es\/wp-json\/wp\/v2\/pages\/1464790","targetHints":{"allow":["GET"]}}],"collection":[{"href":"https:\/\/talkpal.ai\/es\/wp-json\/wp\/v2\/pages"}],"about":[{"href":"https:\/\/talkpal.ai\/es\/wp-json\/wp\/v2\/types\/page"}],"author":[{"embeddable":true,"href":"https:\/\/talkpal.ai\/es\/wp-json\/wp\/v2\/users\/20"}],"replies":[{"embeddable":true,"href":"https:\/\/talkpal.ai\/es\/wp-json\/wp\/v2\/comments?post=1464790"}],"version-history":[{"count":0,"href":"https:\/\/talkpal.ai\/es\/wp-json\/wp\/v2\/pages\/1464790\/revisions"}],"wp:attachment":[{"href":"https:\/\/talkpal.ai\/es\/wp-json\/wp\/v2\/media?parent=1464790"}],"curies":[{"name":"wp","href":"https:\/\/api.w.org\/{rel}","templated":true}]}}