{"id":1464729,"date":"2025-11-12T17:23:13","date_gmt":"2025-11-12T17:23:13","guid":{"rendered":"https:\/\/talkpal.ai\/gramatica-uzbeka\/"},"modified":"2025-12-30T13:33:13","modified_gmt":"2025-12-30T13:33:13","slug":"gramatica-uzbeka","status":"publish","type":"page","link":"https:\/\/talkpal.ai\/es\/gramatica-uzbeka\/","title":{"rendered":"Gram\u00e1tica uzbeka"},"content":{"rendered":"\r\n\r\n\r\n<section class=\"languageChallengeSection\">\r\n    <div class=\"languageInfoWrapper\">\r\n        \r\n        <h1>Gram\u00e1tica uzbeka<\/h1>\r\n        <p>La <a href=\"https:\/\/talkpal.ai\/uzbek-grammar\/\">gram\u00e1tica uzbeka<\/a> puede parecer desafiante al principio, pero sus caracter\u00edsticas \u00fanicas hacen que aprender el idioma sea una experiencia gratificante. Explorando su alfabeto, sus mutaciones y sus reglas gramaticales, conocer\u00e1s una rica tradici\u00f3n ling\u00fc\u00edstica. \u00a1Comienza tu viaje y descubre la belleza de Uzbekist\u00e1n!<\/p>\r\n\r\n                            <a class=\"getStartedHidden\" href=\"https:\/\/app.talkpal.ai\/es-es\/signup?lng=\">Comenzar<\/a>\r\n        \r\n    <\/div>\r\n\r\n    <figure>\r\n    <img decoding=\"async\" width=\"768\" height=\"768\" src=\"https:\/\/talkpal.ai\/wp-content\/uploads\/2023\/06\/welsh-768x768.png\" class=\"languageImage no-lazy\" alt=\"Default alt text\" fetchpriority=\"high\" sizes=\"(max-width: 768px) 150px, 768px\" srcset=\"https:\/\/talkpal.ai\/wp-content\/uploads\/2023\/06\/welsh-768x768.png 768w, https:\/\/talkpal.ai\/wp-content\/uploads\/2023\/06\/welsh-300x300.png 300w\" \/>\r\n    \r\n\r\n    <\/figure>\r\n\r\n            <a class=\"getStartedVisible\" href=\"https:\/\/app.talkpal.ai\/es-es\/signup?lng=\">Comenzar<\/a>\r\n    \r\n<\/section><section class=\"promotionalBanner\">\r\n    <p class=\"promotionalText\">La forma m\u00e1s eficiente de aprender un idioma<\/p>\r\n    <a class=\"promotionalLink\" href=\"https:\/\/app.talkpal.ai\/es-es\/signup?lng=\">Prueba Talkpal gratis<\/a>\r\n<\/section>\n<div class=\"wp-block-group pageContainerStyle\"><div class=\"wp-block-group__inner-container is-layout-constrained wp-block-group-is-layout-constrained\">\n<h2 class=\"wp-block-heading\" id=\"h-navigating-the-intricacies-of-uzbek-grammar\">Navegando por las complejidades de la gram\u00e1tica uzbeka<\/h2>\n\n\n\n<p><a href=\"https:\/\/talkpal.ai\/es\/aprende-uzbeko\/\">El uzbeko<\/a>, una lengua t\u00farquica con una rica historia y significado cultural, ofrece una experiencia ling\u00fc\u00edstica emocionante para aquellos que deseen explorar su sistema gramatical \u00fanico. A medida que te aventures en el reino del <a href=\"https:\/\/talkpal.ai\/learn-uzbek\/\">uzbeko<\/a>, no solo enriquecer\u00e1s tu repertorio ling\u00fc\u00edstico, sino que tambi\u00e9n emprender\u00e1s un fascinante viaje cultural. Si bien la gram\u00e1tica uzbeka puede parecer complicada al principio, dividirla en componentes b\u00e1sicos hace que el aprendizaje del idioma sea m\u00e1s accesible. En este art\u00edculo, exploraremos el cautivador mundo de la gram\u00e1tica uzbeka y brindaremos consejos sobre c\u00f3mo dominar sus complejidades.<\/p>\n\n\n\n<h3 class=\"wp-block-heading\" id=\"h-1-uzbek-alphabet-and-phonetics\">1. Alfabeto uzbeko y fon\u00e9tica<\/h3>\n\n\n\n<p>El alfabeto latino uzbeko consta de 29 letras, incluidas las distintivas <a href=\"https:\/\/talkpal.ai\/locations\/language-courses-in-como\/\">como<\/a> O\u02bb, G\u02bb y los d\u00edgrafos Sh, Ch, y Ng. Tambi\u00e9n presenta letras como Q y X con sonidos desconocidos para muchos <a href=\"https:\/\/talkpal.ai\/talkpal-discount-for-students\/\">estudiantes<\/a>. Para aprender la gram\u00e1tica uzbeka, es crucial familiarizarse con este sistema de escritura practicando la lectura y la escritura en uzbeko.<\/p>\n\n\n\n<h3 class=\"wp-block-heading\" id=\"h-2-agglutination-a-peculiar-uzbek-feature\">2. Aglutinaci\u00f3n: una caracter\u00edstica peculiar uzbeka<\/h3>\n\n\n\n<p>Uno de los aspectos m\u00e1s llamativos de la gram\u00e1tica uzbeka es la aglutinaci\u00f3n, donde las palabras se construyen agregando cadenas de sufijos. Muchos sufijos <a href=\"https:\/\/talkpal.ai\/locations\/language-courses-in-tienen\/\">tienen<\/a> variantes que dependen de los sonidos circundantes, como -ga\/-ka\/-qa y -da\/-ta, y las consonantes amortiguadoras como -y- y -n- parecen facilitar la pronunciaci\u00f3n. Comprender cu\u00e1ndo y c\u00f3mo se adhieren estos sufijos es vital para una comunicaci\u00f3n precisa en uzbeko.<\/p>\n\n\n\n<h3 class=\"wp-block-heading\" id=\"h-3-nouns-and-pronouns-gender-and-cases\">3. Sustantivos y pronombres: g\u00e9nero y casos<\/h3>\n\n\n\n<p>Los sustantivos uzbekos no tienen g\u00e9nero gramatical, y el plural se forma t\u00edpicamente con -lar. El uzbeko utiliza un rico sistema de casos marcado por sufijos, que incluyen genitivo -ning, dativo -ga, acusativo -ni, locativo -da y ablativo -dan, con comitativo a menudo expresado por bilan. Los pronombres incluyen <a href=\"https:\/\/talkpal.ai\/ar\/grammar_exercises\/pronombres-personales-%d8%aa%d9%85%d8%a7%d8%b1%d9%8a%d9%86-%d9%84%d9%82%d9%88%d8%a7%d8%b9%d8%af-%d8%a7%d9%84%d9%84%d8%ba%d8%a9-%d8%a7%d9%84%d8%a5%d8%b3%d8%a8%d8%a7%d9%86%d9%8a%d8%a9\/\">pronombres personales<\/a> (men, sen, u, biz, siz, ular), formas posesivas expresadas con sufijos (-im, -ing, -i, etc.) y pronombres demostrativos e interrogativos como bu, shu, o&#8217;sha, kim y nima. Familiarizarse con estos pronombres y sus formas mejorar\u00e1 significativamente su comprensi\u00f3n de la gram\u00e1tica uzbeka.<\/p>\n\n\n\n<h3 class=\"wp-block-heading\" id=\"h-4-verbs-structure-and-conjugation\">4. Verbos: estructura y conjugaci\u00f3n<\/h3>\n\n\n\n<p>Los verbos uzbekos se conjugan a trav\u00e9s de sufijos para el tiempo, el aspecto, el estado de \u00e1nimo y la cortes\u00eda, y los pronombres de sujeto a menudo se eliminan. Los tiempos y aspectos b\u00e1sicos incluyen presente habitual -adi, presente continuo -yapti, pasado -di y futuro o intenci\u00f3n con -moqchi. Los estados de \u00e1nimo incluyen formas condicionales -sa e imperativas, con negaci\u00f3n formada por -ma. Dominar la conjugaci\u00f3n verbal y los auxiliares comunes como bo&#8217;lmoq mejorar\u00e1 su capacidad para comunicarse de manera efectiva en uzbeko.<\/p>\n\n\n\n<h3 class=\"wp-block-heading\" id=\"h-5-adjectives-agreement-and-placement\">5. Adjetivos: Acuerdo y colocaci\u00f3n<\/h3>\n\n\n\n<p>En la gram\u00e1tica uzbeka, los adjetivos suelen preceder al sustantivo que modifican y no concuerdan en n\u00famero o caso con el sustantivo. Los comparativos y superlativos se forman com\u00fanmente con -roq y eng. Aprender estos patrones es esencial para una comunicaci\u00f3n m\u00e1s natural.<\/p>\n\n\n\n<p><strong>Ejemplos:<\/strong><\/p>\n\n\n\n<p><strong>\u2013 Katta Muhabbat (Gran amor)<\/strong><\/p>\n\n\n\n<p><strong>\u2013 kichik bolalar (ni\u00f1os peque\u00f1os)<\/strong><\/p>\n\n\n\n<h3 class=\"wp-block-heading\" id=\"h-6-engaging-with-the-language\">6. Comprometerse con la lengua<\/h3>\n\n\n\n<p>La forma m\u00e1s efectiva de comprender e internalizar completamente la gram\u00e1tica uzbeka es comprometerse constantemente con el idioma. Al leer literatura uzbeka, ver pel\u00edculas o series de televisi\u00f3n uzbekas y comunicarse activamente con hablantes nativos, reforzar\u00e1 su comprensi\u00f3n de la gram\u00e1tica mientras ampl\u00eda su vocabulario.<\/p>\n\n\n\n<h3 class=\"wp-block-heading\" id=\"h-conclusion\">Conclusi\u00f3n<\/h3>\n\n\n\n<p>Aunque la gram\u00e1tica uzbeka puede parecer intrincada, puedes dominar este hermoso idioma con dedicaci\u00f3n, pr\u00e1ctica y entusiasmo. Al centrarse en las reglas fundamentales y comprometerse con el idioma en diferentes contextos, mejorar\u00e1 r\u00e1pidamente sus <a href=\"https:\/\/talkpal.ai\/es\/gramatica\/\">habilidades gramaticales<\/a> uzbekas. Omad (buena suerte) con tu viaje por el idioma uzbeko, \u00a1y disfruta desentra\u00f1ando el enigm\u00e1tico pero cautivador mundo de la gram\u00e1tica uzbeka!<\/p>\n<\/div><\/div>\n\r\n<section class=\"learnNavigationSection\">\r\n            \r\n        <a href=\"https:\/\/talkpal.ai\/es\/aprende-uzbeko\/\">\r\n            <div class=\"learnNavigationWrapper\">\r\n                <div class=\"learnNavigationContent\">\r\n                    <img decoding=\"async\" src=\"https:\/\/talkpal.ai\/wp-content\/uploads\/2025\/11\/Uzbek.png\" alt=\"Uzbek Flag\">\r\n                    <div>\r\n                        <h4>Acerca del aprendizaje uzbeko<\/h4>\r\n                        <p>Descubre todo sobre la gram\u00e1tica uzbeka.<\/p>\r\n                    <\/div>\r\n                <\/div>\r\n            <\/div>\r\n        <\/a>\r\n\r\n        \r\n        <a href=\"https:\/\/talkpal.ai\/es\/ejercicios-de-gramatica-uzbeka\/\">\r\n            <div class=\"learnNavigationWrapper\">\r\n                <div class=\"learnNavigationContent\">\r\n                    <img decoding=\"async\" src=\"https:\/\/talkpal.ai\/wp-content\/uploads\/2025\/11\/Uzbek.png\" alt=\"Uzbek Flag\">\r\n                    <div>\r\n                        <h4>Ejercicio de gram\u00e1tica uzbeka<\/h4>\r\n                        <p>Practica la gram\u00e1tica uzbeka.<\/p>\r\n                    <\/div>\r\n                <\/div>\r\n            <\/div>\r\n        <\/a>\r\n\r\n            <\/section>","protected":false},"excerpt":{"rendered":"<p>Navegando por las complejidades de la gram\u00e1tica uzbeka El uzbeko, una lengua t\u00farquica con una rica historia y significado cultural, ofrece una experiencia ling\u00fc\u00edstica emocionante para aquellos que deseen explorar su sistema gramatical \u00fanico. A medida que te aventures en el reino del uzbeko, no solo enriquecer\u00e1s tu repertorio ling\u00fc\u00edstico, sino que tambi\u00e9n emprender\u00e1s un [&hellip;]<\/p>\n","protected":false},"author":20,"featured_media":0,"parent":0,"menu_order":0,"comment_status":"closed","ping_status":"closed","template":"LearningContentPage.php","meta":{"_acf_changed":false,"footnotes":""},"class_list":["post-1464729","page","type-page","status-publish","hentry"],"acf":[],"yoast_head":"<!-- This site is optimized with the Yoast SEO Premium plugin v27.2 (Yoast SEO v27.2) - https:\/\/yoast.com\/product\/yoast-seo-premium-wordpress\/ -->\n<title>Gram\u00e1tica uzbeka - Talkpal<\/title>\n<meta name=\"description\" content=\"Domina lo esencial de la gram\u00e1tica uzbeka, incluido el alfabeto, la fon\u00e9tica y la conjugaci\u00f3n verbal, con nuestra completa gu\u00eda.\" \/>\n<meta name=\"robots\" content=\"index, follow, max-snippet:-1, max-image-preview:large, max-video-preview:-1\" \/>\n<link rel=\"canonical\" href=\"https:\/\/talkpal.ai\/es\/gramatica-uzbeka\/\" \/>\n<meta property=\"og:locale\" content=\"es_ES\" \/>\n<meta property=\"og:type\" content=\"article\" \/>\n<meta property=\"og:title\" content=\"Gram\u00e1tica uzbeka\" \/>\n<meta property=\"og:description\" content=\"Navegando por las complejidades de la gram\u00e1tica uzbeka El uzbeko, una lengua t\u00farquica con una rica historia y significado cultural, ofrece una experiencia\" \/>\n<meta property=\"og:url\" content=\"https:\/\/talkpal.ai\/es\/gramatica-uzbeka\/\" \/>\n<meta property=\"og:site_name\" content=\"Talkpal\" \/>\n<meta property=\"article:publisher\" content=\"https:\/\/www.facebook.com\/profile.php?id=100090733639311\" \/>\n<meta property=\"article:modified_time\" content=\"2025-12-30T13:33:13+00:00\" \/>\n<meta property=\"og:image\" content=\"https:\/\/talkpal.ai\/wp-content\/uploads\/2025\/02\/Progress-tab-16_9.png\" \/>\n\t<meta property=\"og:image:width\" content=\"2880\" \/>\n\t<meta property=\"og:image:height\" content=\"1620\" \/>\n\t<meta property=\"og:image:type\" content=\"image\/png\" \/>\n<meta name=\"twitter:card\" content=\"summary_large_image\" \/>\n<meta name=\"twitter:site\" content=\"@talkpalai\" \/>\n<meta name=\"twitter:label1\" content=\"Tiempo de lectura\" \/>\n\t<meta name=\"twitter:data1\" content=\"3 minutos\" \/>\n<script type=\"application\/ld+json\" class=\"yoast-schema-graph\">{\"@context\":\"https:\/\/schema.org\",\"@graph\":[{\"@type\":\"WebPage\",\"@id\":\"https:\/\/talkpal.ai\/es\/gramatica-uzbeka\/\",\"url\":\"https:\/\/talkpal.ai\/es\/gramatica-uzbeka\/\",\"name\":\"Gram\u00e1tica uzbeka - Talkpal\",\"isPartOf\":{\"@id\":\"https:\/\/talkpal.ai\/es\/#website\"},\"datePublished\":\"2025-11-12T17:23:13+00:00\",\"dateModified\":\"2025-12-30T13:33:13+00:00\",\"description\":\"Domina lo esencial de la gram\u00e1tica uzbeka, incluido el alfabeto, la fon\u00e9tica y la conjugaci\u00f3n verbal, con nuestra completa gu\u00eda.\",\"breadcrumb\":{\"@id\":\"https:\/\/talkpal.ai\/es\/gramatica-uzbeka\/#breadcrumb\"},\"inLanguage\":\"es\",\"potentialAction\":[{\"@type\":\"ReadAction\",\"target\":[\"https:\/\/talkpal.ai\/es\/gramatica-uzbeka\/\"]}]},{\"@type\":\"BreadcrumbList\",\"@id\":\"https:\/\/talkpal.ai\/es\/gramatica-uzbeka\/#breadcrumb\",\"itemListElement\":[{\"@type\":\"ListItem\",\"position\":1,\"name\":\"Homepage\",\"item\":\"https:\/\/talkpal.ai\/es\/\"},{\"@type\":\"ListItem\",\"position\":2,\"name\":\"Gram\u00e1tica uzbeka\"}]},{\"@type\":\"WebSite\",\"@id\":\"https:\/\/talkpal.ai\/es\/#website\",\"url\":\"https:\/\/talkpal.ai\/es\/\",\"name\":\"Talkpal\",\"description\":\"AI Language Learning\",\"publisher\":{\"@id\":\"https:\/\/talkpal.ai\/es\/#organization\"},\"alternateName\":\"Talkpal AI\",\"potentialAction\":[{\"@type\":\"SearchAction\",\"target\":{\"@type\":\"EntryPoint\",\"urlTemplate\":\"https:\/\/talkpal.ai\/es\/?s={search_term_string}\"},\"query-input\":{\"@type\":\"PropertyValueSpecification\",\"valueRequired\":true,\"valueName\":\"search_term_string\"}}],\"inLanguage\":\"es\"},{\"@type\":\"Organization\",\"@id\":\"https:\/\/talkpal.ai\/es\/#organization\",\"name\":\"Talkpal, Inc.\",\"alternateName\":\"Talkpal AI\",\"url\":\"https:\/\/talkpal.ai\/es\/\",\"logo\":{\"@type\":\"ImageObject\",\"inLanguage\":\"es\",\"@id\":\"https:\/\/talkpal.ai\/es\/#\/schema\/logo\/image\/\",\"url\":\"https:\/\/talkpal.ai\/wp-content\/uploads\/2024\/03\/Talkpal-Logo-Icon.png\",\"contentUrl\":\"https:\/\/talkpal.ai\/wp-content\/uploads\/2024\/03\/Talkpal-Logo-Icon.png\",\"width\":2880,\"height\":2880,\"caption\":\"Talkpal, Inc.\"},\"image\":{\"@id\":\"https:\/\/talkpal.ai\/es\/#\/schema\/logo\/image\/\"},\"sameAs\":[\"https:\/\/www.facebook.com\/profile.php?id=100090733639311\",\"https:\/\/x.com\/talkpalai\",\"https:\/\/www.linkedin.com\/company\/talkpal\/\",\"https:\/\/www.youtube.com\/@TalkPal\/\",\"https:\/\/www.tiktok.com\/@talkpal\",\"https:\/\/www.instagram.com\/talkpal_ai\/\",\"https:\/\/www.crunchbase.com\/organization\/talkpal-9cde\",\"https:\/\/www.g2.com\/products\/talkpal-for-business\/\",\"https:\/\/www.trustpilot.com\/review\/talkpal.ai\",\"https:\/\/www.capterra.com\/p\/10006800\/TalkPal\/\"],\"description\":\"Talkpal is a language learning web and mobile education app, powered by the latest AI technologies, that provides engaging experiences to its customers in many different languages to help them improve their language skills. Users can chat about unlimited amount of topics with the app and use other modes to practice their language learning.\",\"email\":\"support@talkpal.ai\",\"legalName\":\"Talkpal, Inc.\",\"foundingDate\":\"2023-04-03\",\"duns\":\"118989042\",\"numberOfEmployees\":{\"@type\":\"QuantitativeValue\",\"minValue\":\"11\",\"maxValue\":\"50\"},\"publishingPrinciples\":\"https:\/\/talkpal.ai\/publishing-principles\/\",\"actionableFeedbackPolicy\":\"https:\/\/talkpal.ai\/actionable-feedback-policy\/\",\"correctionsPolicy\":\"https:\/\/talkpal.ai\/corrections-policy\/\",\"ethicsPolicy\":\"https:\/\/talkpal.ai\/ethics-policy\/\",\"diversityPolicy\":\"https:\/\/talkpal.ai\/diversity-policy\/\",\"diversityStaffingReport\":\"https:\/\/talkpal.ai\/diversity-policy\/\"}]}<\/script>\n<!-- \/ Yoast SEO Premium plugin. -->","yoast_head_json":{"title":"Gram\u00e1tica uzbeka - Talkpal","description":"Domina lo esencial de la gram\u00e1tica uzbeka, incluido el alfabeto, la fon\u00e9tica y la conjugaci\u00f3n verbal, con nuestra completa gu\u00eda.","robots":{"index":"index","follow":"follow","max-snippet":"max-snippet:-1","max-image-preview":"max-image-preview:large","max-video-preview":"max-video-preview:-1"},"canonical":"https:\/\/talkpal.ai\/es\/gramatica-uzbeka\/","og_locale":"es_ES","og_type":"article","og_title":"Gram\u00e1tica uzbeka","og_description":"Navegando por las complejidades de la gram\u00e1tica uzbeka El uzbeko, una lengua t\u00farquica con una rica historia y significado cultural, ofrece una experiencia","og_url":"https:\/\/talkpal.ai\/es\/gramatica-uzbeka\/","og_site_name":"Talkpal","article_publisher":"https:\/\/www.facebook.com\/profile.php?id=100090733639311","article_modified_time":"2025-12-30T13:33:13+00:00","og_image":[{"width":2880,"height":1620,"url":"https:\/\/talkpal.ai\/wp-content\/uploads\/2025\/02\/Progress-tab-16_9.png","type":"image\/png"}],"twitter_card":"summary_large_image","twitter_site":"@talkpalai","twitter_misc":{"Tiempo de lectura":"3 minutos"},"schema":{"@context":"https:\/\/schema.org","@graph":[{"@type":"WebPage","@id":"https:\/\/talkpal.ai\/es\/gramatica-uzbeka\/","url":"https:\/\/talkpal.ai\/es\/gramatica-uzbeka\/","name":"Gram\u00e1tica uzbeka - Talkpal","isPartOf":{"@id":"https:\/\/talkpal.ai\/es\/#website"},"datePublished":"2025-11-12T17:23:13+00:00","dateModified":"2025-12-30T13:33:13+00:00","description":"Domina lo esencial de la gram\u00e1tica uzbeka, incluido el alfabeto, la fon\u00e9tica y la conjugaci\u00f3n verbal, con nuestra completa gu\u00eda.","breadcrumb":{"@id":"https:\/\/talkpal.ai\/es\/gramatica-uzbeka\/#breadcrumb"},"inLanguage":"es","potentialAction":[{"@type":"ReadAction","target":["https:\/\/talkpal.ai\/es\/gramatica-uzbeka\/"]}]},{"@type":"BreadcrumbList","@id":"https:\/\/talkpal.ai\/es\/gramatica-uzbeka\/#breadcrumb","itemListElement":[{"@type":"ListItem","position":1,"name":"Homepage","item":"https:\/\/talkpal.ai\/es\/"},{"@type":"ListItem","position":2,"name":"Gram\u00e1tica uzbeka"}]},{"@type":"WebSite","@id":"https:\/\/talkpal.ai\/es\/#website","url":"https:\/\/talkpal.ai\/es\/","name":"Talkpal","description":"AI Language Learning","publisher":{"@id":"https:\/\/talkpal.ai\/es\/#organization"},"alternateName":"Talkpal AI","potentialAction":[{"@type":"SearchAction","target":{"@type":"EntryPoint","urlTemplate":"https:\/\/talkpal.ai\/es\/?s={search_term_string}"},"query-input":{"@type":"PropertyValueSpecification","valueRequired":true,"valueName":"search_term_string"}}],"inLanguage":"es"},{"@type":"Organization","@id":"https:\/\/talkpal.ai\/es\/#organization","name":"Talkpal, Inc.","alternateName":"Talkpal AI","url":"https:\/\/talkpal.ai\/es\/","logo":{"@type":"ImageObject","inLanguage":"es","@id":"https:\/\/talkpal.ai\/es\/#\/schema\/logo\/image\/","url":"https:\/\/talkpal.ai\/wp-content\/uploads\/2024\/03\/Talkpal-Logo-Icon.png","contentUrl":"https:\/\/talkpal.ai\/wp-content\/uploads\/2024\/03\/Talkpal-Logo-Icon.png","width":2880,"height":2880,"caption":"Talkpal, Inc."},"image":{"@id":"https:\/\/talkpal.ai\/es\/#\/schema\/logo\/image\/"},"sameAs":["https:\/\/www.facebook.com\/profile.php?id=100090733639311","https:\/\/x.com\/talkpalai","https:\/\/www.linkedin.com\/company\/talkpal\/","https:\/\/www.youtube.com\/@TalkPal\/","https:\/\/www.tiktok.com\/@talkpal","https:\/\/www.instagram.com\/talkpal_ai\/","https:\/\/www.crunchbase.com\/organization\/talkpal-9cde","https:\/\/www.g2.com\/products\/talkpal-for-business\/","https:\/\/www.trustpilot.com\/review\/talkpal.ai","https:\/\/www.capterra.com\/p\/10006800\/TalkPal\/"],"description":"Talkpal is a language learning web and mobile education app, powered by the latest AI technologies, that provides engaging experiences to its customers in many different languages to help them improve their language skills. Users can chat about unlimited amount of topics with the app and use other modes to practice their language learning.","email":"support@talkpal.ai","legalName":"Talkpal, Inc.","foundingDate":"2023-04-03","duns":"118989042","numberOfEmployees":{"@type":"QuantitativeValue","minValue":"11","maxValue":"50"},"publishingPrinciples":"https:\/\/talkpal.ai\/publishing-principles\/","actionableFeedbackPolicy":"https:\/\/talkpal.ai\/actionable-feedback-policy\/","correctionsPolicy":"https:\/\/talkpal.ai\/corrections-policy\/","ethicsPolicy":"https:\/\/talkpal.ai\/ethics-policy\/","diversityPolicy":"https:\/\/talkpal.ai\/diversity-policy\/","diversityStaffingReport":"https:\/\/talkpal.ai\/diversity-policy\/"}]}},"_links":{"self":[{"href":"https:\/\/talkpal.ai\/es\/wp-json\/wp\/v2\/pages\/1464729","targetHints":{"allow":["GET"]}}],"collection":[{"href":"https:\/\/talkpal.ai\/es\/wp-json\/wp\/v2\/pages"}],"about":[{"href":"https:\/\/talkpal.ai\/es\/wp-json\/wp\/v2\/types\/page"}],"author":[{"embeddable":true,"href":"https:\/\/talkpal.ai\/es\/wp-json\/wp\/v2\/users\/20"}],"replies":[{"embeddable":true,"href":"https:\/\/talkpal.ai\/es\/wp-json\/wp\/v2\/comments?post=1464729"}],"version-history":[{"count":0,"href":"https:\/\/talkpal.ai\/es\/wp-json\/wp\/v2\/pages\/1464729\/revisions"}],"wp:attachment":[{"href":"https:\/\/talkpal.ai\/es\/wp-json\/wp\/v2\/media?parent=1464729"}],"curies":[{"name":"wp","href":"https:\/\/api.w.org\/{rel}","templated":true}]}}