{"id":1464677,"date":"2025-11-12T16:58:05","date_gmt":"2025-11-12T16:58:05","guid":{"rendered":"https:\/\/talkpal.ai\/gramatica-somali\/"},"modified":"2025-12-30T11:08:33","modified_gmt":"2025-12-30T11:08:33","slug":"gramatica-somali","status":"publish","type":"page","link":"https:\/\/talkpal.ai\/es\/gramatica-somali\/","title":{"rendered":"Gram\u00e1tica somal\u00ed"},"content":{"rendered":"\r\n\r\n\r\n<section class=\"languageChallengeSection\">\r\n    <div class=\"languageInfoWrapper\">\r\n        \r\n        <h1>Gram\u00e1tica somal\u00ed<\/h1>\r\n        <p>La <a href=\"https:\/\/talkpal.ai\/gl\/exercicios-de-gramatica-somali\/\">gram\u00e1tica somal\u00ed<\/a> puede parecer desafiante al principio, pero sus caracter\u00edsticas \u00fanicas hacen que aprender el idioma sea una experiencia gratificante. Explorando su alfabeto, sus mutaciones y sus reglas gramaticales, conocer\u00e1s una rica tradici\u00f3n ling\u00fc\u00edstica. \u00a1Comienza tu viaje y descubre la belleza de Somalia!<\/p>\r\n\r\n                            <a class=\"getStartedHidden\" href=\"https:\/\/app.talkpal.ai\/es-es\/signup?lng=\">Comenzar<\/a>\r\n        \r\n    <\/div>\r\n\r\n    <figure>\r\n    <img decoding=\"async\" width=\"768\" height=\"768\" src=\"https:\/\/talkpal.ai\/wp-content\/uploads\/2023\/06\/welsh-768x768.png\" class=\"languageImage no-lazy\" alt=\"Default alt text\" fetchpriority=\"high\" sizes=\"(max-width: 768px) 150px, 768px\" srcset=\"https:\/\/talkpal.ai\/wp-content\/uploads\/2023\/06\/welsh-768x768.png 768w, https:\/\/talkpal.ai\/wp-content\/uploads\/2023\/06\/welsh-300x300.png 300w\" \/>\r\n    \r\n\r\n    <\/figure>\r\n\r\n            <a class=\"getStartedVisible\" href=\"https:\/\/app.talkpal.ai\/es-es\/signup?lng=\">Comenzar<\/a>\r\n    \r\n<\/section><section class=\"promotionalBanner\">\r\n    <p class=\"promotionalText\">La forma m\u00e1s eficiente de aprender un idioma<\/p>\r\n    <a class=\"promotionalLink\" href=\"https:\/\/app.talkpal.ai\/es-es\/signup?lng=\">Prueba Talkpal gratis<\/a>\r\n<\/section>\n<div class=\"wp-block-group pageContainerStyle\"><div class=\"wp-block-group__inner-container is-layout-constrained wp-block-group-is-layout-constrained\">\n<h2 class=\"wp-block-heading\" id=\"h-navigating-the-intricacies-of-somali-grammar\">Navegando por las complejidades de la gram\u00e1tica somal\u00ed<\/h2>\n\n\n\n<p><a href=\"https:\/\/talkpal.ai\/es\/aprende-somali\/\">El somal\u00ed<\/a>, una lengua cusita de la familia afroasi\u00e1tica con una rica historia y significado cultural, ofrece una experiencia ling\u00fc\u00edstica emocionante para aquellos deseosos de explorar su sistema gramatical \u00fanico. A medida que se adentra en el reino del <a href=\"https:\/\/talkpal.ai\/learn-somali\/\">somal\u00ed<\/a>, no solo enriquecer\u00e1 su repertorio ling\u00fc\u00edstico, sino que tambi\u00e9n emprender\u00e1 un fascinante viaje cultural. Si bien la gram\u00e1tica somal\u00ed puede parecer complicada al principio, dividirla en componentes b\u00e1sicos hace que el aprendizaje del idioma sea m\u00e1s accesible. En este art\u00edculo, exploraremos el cautivador mundo de la gram\u00e1tica somal\u00ed y brindaremos consejos sobre c\u00f3mo dominar sus complejidades.<\/p>\n\n\n\n<h3 class=\"wp-block-heading\" id=\"h-1-somali-alphabet-and-phonetics\">1. Alfabeto y fon\u00e9tica somal\u00edes<\/h3>\n\n\n\n<p>El sistema de escritura somal\u00ed utiliza un alfabeto basado en el lat\u00edn con cinco vocales y un conjunto de consonantes que incluye sonidos exclusivos del somal\u00ed, <a href=\"https:\/\/talkpal.ai\/locations\/language-courses-in-como\/\">como<\/a> c, x y q. Tambi\u00e9n encontrar\u00e1 d\u00edgrafos como dh, kh y sh, as\u00ed como vocales contrastivas y longitud de consonantes que pueden cambiar de significado. Para aprender la gram\u00e1tica somal\u00ed, es crucial familiarizarse con este sistema de escritura distintivo practicando la lectura y la escritura en somal\u00ed.<\/p>\n\n\n\n<h3 class=\"wp-block-heading\" id=\"h-2-phonology-and-prosody-distinctive-somali-features\">2. Fonolog\u00eda y prosodia: caracter\u00edsticas distintivas somal\u00edes<\/h3>\n\n\n\n<p>Uno de los aspectos m\u00e1s llamativos del somal\u00ed es la importancia de la longitud de las vocales, la longitud de las consonantes y el acento tonal, que juntos diferencian los significados entre palabras similares. El somal\u00ed tambi\u00e9n presenta consonantes far\u00edngeas y uvulares que son poco comunes en muchos idiomas. Comprender c\u00f3mo funcionan la longitud, el acento y estas consonantes es vital para una pronunciaci\u00f3n y comunicaci\u00f3n precisas en somal\u00ed.<\/p>\n\n\n\n<h3 class=\"wp-block-heading\" id=\"h-3-nouns-and-pronouns-gender-and-cases\">3. Sustantivos y pronombres: g\u00e9nero y casos<\/h3>\n\n\n\n<p>Los sustantivos somal\u00edes <a href=\"https:\/\/talkpal.ai\/locations\/language-courses-in-tienen\/\">tienen<\/a> g\u00e9nero gramatical (masculino o femenino), y los plurales se forman de varias maneras, a menudo con cambios en las <a href=\"https:\/\/talkpal.ai\/zh-hans\/grammar_exercises\/terminaciones-%e8%a5%bf%e7%8f%ad%e7%89%99%e8%af%ad%e6%b3%95%e7%bb%83%e4%b9%a0\/\">terminaciones<\/a> y, a veces, con polaridad de g\u00e9nero entre singular y plural. La definici\u00f3n se marca con sufijos como -ka, -ta, -ga y -da, que var\u00edan seg\u00fan los patrones de sonido y el g\u00e9nero. Somali utiliza un sistema de casos para marcar roles como el sujeto y las relaciones genitivas. Los pronombres en somal\u00ed incluyen formas personales, posesivas, reflexivas, demostrativas e interrogativas. Familiarizarse con estos pronombres y sus formas mejorar\u00e1 significativamente su comprensi\u00f3n de la gram\u00e1tica somal\u00ed.<\/p>\n\n\n\n<h3 class=\"wp-block-heading\" id=\"h-4-verbs-structure-and-conjugation\">4. Verbos: estructura y conjugaci\u00f3n<\/h3>\n\n\n\n<p>Los verbos somal\u00edes siguen patrones que reflejan el tiempo, el aspecto, el estado de \u00e1nimo y la persona. Los tiempos y aspectos de uso com\u00fan incluyen <a href=\"https:\/\/talkpal.ai\/zh-hans\/grammar_exercises\/presente-%e8%a5%bf%e7%8f%ad%e7%89%99%e8%af%ad%e6%b3%95%e7%bb%83%e4%b9%a0\/\">presente<\/a>, pasado y <a href=\"https:\/\/talkpal.ai\/ja\/grammar_exercises\/futuro-%e3%82%b9%e3%83%9a%e3%82%a4%e3%83%b3%e8%aa%9e%e3%81%ae%e6%96%87%e6%b3%95%e3%81%ae%e6%bc%94%e7%bf%92\/\">futuro<\/a>, junto con modos como condicional, imperativo y subjuntivo. La negaci\u00f3n se forma t\u00edpicamente con part\u00edculas colocadas antes del verbo, y la concordancia de la persona se muestra a trav\u00e9s de afijos y part\u00edculas. Aprender las reglas de conjugaci\u00f3n de verbos y las part\u00edculas de oraciones mejorar\u00e1 su capacidad para comunicarse de manera efectiva en somal\u00ed.<\/p>\n\n\n\n<h3 class=\"wp-block-heading\" id=\"h-5-adjectives-agreement-and-placement\">5. Adjetivos: Acuerdo y colocaci\u00f3n<\/h3>\n\n\n\n<p>En la gram\u00e1tica somal\u00ed, los adjetivos suelen seguir al sustantivo que modifican y deben coincidir, cuando sea necesario, en g\u00e9nero y n\u00famero con el sustantivo. Los comparativos y superlativos a menudo se forman con marcadores como ka para comparativo y ugu para superlativo, y algunos adjetivos tienen patrones irregulares que son esenciales para aprender a comunicarse de manera m\u00e1s natural.<\/p>\n\n\n\n<p><strong>Ejemplos:<\/strong><\/p>\n\n\n\n<p><strong>\u2013 Jacayl Weyn (Gran amor)<\/strong><\/p>\n\n\n\n<p><strong>\u2013 caruur yar (ni\u00f1os peque\u00f1os)<\/strong><\/p>\n\n\n\n<h3 class=\"wp-block-heading\" id=\"h-6-engaging-with-the-language\">6. Comprometerse con la lengua<\/h3>\n\n\n\n<p>La forma m\u00e1s efectiva de comprender e internalizar completamente la gram\u00e1tica somal\u00ed es comprometerse constantemente con el idioma. Al leer literatura somal\u00ed, escuchar la radio somal\u00ed, ver pel\u00edculas o series de televisi\u00f3n somal\u00edes y comunicarse activamente con hablantes nativos, reforzar\u00e1 su comprensi\u00f3n de la gram\u00e1tica mientras ampl\u00eda su vocabulario.<\/p>\n\n\n\n<h3 class=\"wp-block-heading\" id=\"h-conclusion\">Conclusi\u00f3n<\/h3>\n\n\n\n<p>Aunque la gram\u00e1tica somal\u00ed puede parecer intrincada, puedes dominar este hermoso idioma con dedicaci\u00f3n, pr\u00e1ctica y entusiasmo. Al centrarse en las reglas fundamentales y comprometerse con el idioma en diferentes contextos, mejorar\u00e1 r\u00e1pidamente sus <a href=\"https:\/\/talkpal.ai\/es\/gramatica\/\">habilidades gramaticales<\/a> somal\u00edes. Nasiib wacan (buena suerte) con tu viaje por el idioma somal\u00ed, \u00a1y disfruta desentra\u00f1ando el enigm\u00e1tico pero cautivador mundo de la gram\u00e1tica somal\u00ed!<\/p>\n<\/div><\/div>\n\r\n<section class=\"learnNavigationSection\">\r\n            \r\n        <a href=\"https:\/\/talkpal.ai\/es\/aprende-somali\/\">\r\n            <div class=\"learnNavigationWrapper\">\r\n                <div class=\"learnNavigationContent\">\r\n                    <img decoding=\"async\" src=\"https:\/\/talkpal.ai\/wp-content\/uploads\/2025\/11\/Somali.png\" alt=\"Somalian Flag\">\r\n                    <div>\r\n                        <h4>Acerca de Somali Learning<\/h4>\r\n                        <p>Descubre todo sobre la gram\u00e1tica somal\u00ed.<\/p>\r\n                    <\/div>\r\n                <\/div>\r\n            <\/div>\r\n        <\/a>\r\n\r\n        \r\n        <a href=\"https:\/\/talkpal.ai\/es\/ejercicios-de-gramatica-somali\/\">\r\n            <div class=\"learnNavigationWrapper\">\r\n                <div class=\"learnNavigationContent\">\r\n                    <img decoding=\"async\" src=\"https:\/\/talkpal.ai\/wp-content\/uploads\/2025\/11\/Somali.png\" alt=\"Somalian Flag\">\r\n                    <div>\r\n                        <h4>Ejercicio de gram\u00e1tica somal\u00ed<\/h4>\r\n                        <p>Practica la gram\u00e1tica somal\u00ed.<\/p>\r\n                    <\/div>\r\n                <\/div>\r\n            <\/div>\r\n        <\/a>\r\n\r\n            <\/section>","protected":false},"excerpt":{"rendered":"<p>Navegando por las complejidades de la gram\u00e1tica somal\u00ed El somal\u00ed, una lengua cusita de la familia afroasi\u00e1tica con una rica historia y significado cultural, ofrece una experiencia ling\u00fc\u00edstica emocionante para aquellos deseosos de explorar su sistema gramatical \u00fanico. A medida que se adentra en el reino del somal\u00ed, no solo enriquecer\u00e1 su repertorio ling\u00fc\u00edstico, sino [&hellip;]<\/p>\n","protected":false},"author":20,"featured_media":0,"parent":0,"menu_order":0,"comment_status":"closed","ping_status":"closed","template":"LearningContentPage.php","meta":{"_acf_changed":false,"footnotes":""},"class_list":["post-1464677","page","type-page","status-publish","hentry"],"acf":[],"yoast_head":"<!-- This site is optimized with the Yoast SEO Premium plugin v27.2 (Yoast SEO v27.2) - https:\/\/yoast.com\/product\/yoast-seo-premium-wordpress\/ -->\n<title>Gram\u00e1tica somal\u00ed - Talkpal<\/title>\n<meta name=\"description\" content=\"Domina las complejidades de la gram\u00e1tica somal\u00ed, desde el alfabeto hasta la conjugaci\u00f3n verbal, con nuestra completa gu\u00eda de aprendizaje.\" \/>\n<meta name=\"robots\" content=\"index, follow, max-snippet:-1, max-image-preview:large, max-video-preview:-1\" \/>\n<link rel=\"canonical\" href=\"https:\/\/talkpal.ai\/es\/gramatica-somali\/\" \/>\n<meta property=\"og:locale\" content=\"es_ES\" \/>\n<meta property=\"og:type\" content=\"article\" \/>\n<meta property=\"og:title\" content=\"Gram\u00e1tica somal\u00ed\" \/>\n<meta property=\"og:description\" content=\"Navegando por las complejidades de la gram\u00e1tica somal\u00ed El somal\u00ed, una lengua cusita de la familia afroasi\u00e1tica con una rica historia y significado\" \/>\n<meta property=\"og:url\" content=\"https:\/\/talkpal.ai\/es\/gramatica-somali\/\" \/>\n<meta property=\"og:site_name\" content=\"Talkpal\" \/>\n<meta property=\"article:publisher\" content=\"https:\/\/www.facebook.com\/profile.php?id=100090733639311\" \/>\n<meta property=\"article:modified_time\" content=\"2025-12-30T11:08:33+00:00\" \/>\n<meta property=\"og:image\" content=\"https:\/\/talkpal.ai\/wp-content\/uploads\/2025\/02\/Progress-tab-16_9.png\" \/>\n\t<meta property=\"og:image:width\" content=\"2880\" \/>\n\t<meta property=\"og:image:height\" content=\"1620\" \/>\n\t<meta property=\"og:image:type\" content=\"image\/png\" \/>\n<meta name=\"twitter:card\" content=\"summary_large_image\" \/>\n<meta name=\"twitter:site\" content=\"@talkpalai\" \/>\n<meta name=\"twitter:label1\" content=\"Tiempo de lectura\" \/>\n\t<meta name=\"twitter:data1\" content=\"4 minutos\" \/>\n<script type=\"application\/ld+json\" class=\"yoast-schema-graph\">{\"@context\":\"https:\/\/schema.org\",\"@graph\":[{\"@type\":\"WebPage\",\"@id\":\"https:\/\/talkpal.ai\/es\/gramatica-somali\/\",\"url\":\"https:\/\/talkpal.ai\/es\/gramatica-somali\/\",\"name\":\"Gram\u00e1tica somal\u00ed - Talkpal\",\"isPartOf\":{\"@id\":\"https:\/\/talkpal.ai\/es\/#website\"},\"datePublished\":\"2025-11-12T16:58:05+00:00\",\"dateModified\":\"2025-12-30T11:08:33+00:00\",\"description\":\"Domina las complejidades de la gram\u00e1tica somal\u00ed, desde el alfabeto hasta la conjugaci\u00f3n verbal, con nuestra completa gu\u00eda de aprendizaje.\",\"breadcrumb\":{\"@id\":\"https:\/\/talkpal.ai\/es\/gramatica-somali\/#breadcrumb\"},\"inLanguage\":\"es\",\"potentialAction\":[{\"@type\":\"ReadAction\",\"target\":[\"https:\/\/talkpal.ai\/es\/gramatica-somali\/\"]}]},{\"@type\":\"BreadcrumbList\",\"@id\":\"https:\/\/talkpal.ai\/es\/gramatica-somali\/#breadcrumb\",\"itemListElement\":[{\"@type\":\"ListItem\",\"position\":1,\"name\":\"Homepage\",\"item\":\"https:\/\/talkpal.ai\/es\/\"},{\"@type\":\"ListItem\",\"position\":2,\"name\":\"Gram\u00e1tica somal\u00ed\"}]},{\"@type\":\"WebSite\",\"@id\":\"https:\/\/talkpal.ai\/es\/#website\",\"url\":\"https:\/\/talkpal.ai\/es\/\",\"name\":\"Talkpal\",\"description\":\"AI Language Learning\",\"publisher\":{\"@id\":\"https:\/\/talkpal.ai\/es\/#organization\"},\"alternateName\":\"Talkpal AI\",\"potentialAction\":[{\"@type\":\"SearchAction\",\"target\":{\"@type\":\"EntryPoint\",\"urlTemplate\":\"https:\/\/talkpal.ai\/es\/?s={search_term_string}\"},\"query-input\":{\"@type\":\"PropertyValueSpecification\",\"valueRequired\":true,\"valueName\":\"search_term_string\"}}],\"inLanguage\":\"es\"},{\"@type\":\"Organization\",\"@id\":\"https:\/\/talkpal.ai\/es\/#organization\",\"name\":\"Talkpal, Inc.\",\"alternateName\":\"Talkpal AI\",\"url\":\"https:\/\/talkpal.ai\/es\/\",\"logo\":{\"@type\":\"ImageObject\",\"inLanguage\":\"es\",\"@id\":\"https:\/\/talkpal.ai\/es\/#\/schema\/logo\/image\/\",\"url\":\"https:\/\/talkpal.ai\/wp-content\/uploads\/2024\/03\/Talkpal-Logo-Icon.png\",\"contentUrl\":\"https:\/\/talkpal.ai\/wp-content\/uploads\/2024\/03\/Talkpal-Logo-Icon.png\",\"width\":2880,\"height\":2880,\"caption\":\"Talkpal, Inc.\"},\"image\":{\"@id\":\"https:\/\/talkpal.ai\/es\/#\/schema\/logo\/image\/\"},\"sameAs\":[\"https:\/\/www.facebook.com\/profile.php?id=100090733639311\",\"https:\/\/x.com\/talkpalai\",\"https:\/\/www.linkedin.com\/company\/talkpal\/\",\"https:\/\/www.youtube.com\/@TalkPal\/\",\"https:\/\/www.tiktok.com\/@talkpal\",\"https:\/\/www.instagram.com\/talkpal_ai\/\",\"https:\/\/www.crunchbase.com\/organization\/talkpal-9cde\",\"https:\/\/www.g2.com\/products\/talkpal-for-business\/\",\"https:\/\/www.trustpilot.com\/review\/talkpal.ai\",\"https:\/\/www.capterra.com\/p\/10006800\/TalkPal\/\"],\"description\":\"Talkpal is a language learning web and mobile education app, powered by the latest AI technologies, that provides engaging experiences to its customers in many different languages to help them improve their language skills. Users can chat about unlimited amount of topics with the app and use other modes to practice their language learning.\",\"email\":\"support@talkpal.ai\",\"legalName\":\"Talkpal, Inc.\",\"foundingDate\":\"2023-04-03\",\"duns\":\"118989042\",\"numberOfEmployees\":{\"@type\":\"QuantitativeValue\",\"minValue\":\"11\",\"maxValue\":\"50\"},\"publishingPrinciples\":\"https:\/\/talkpal.ai\/publishing-principles\/\",\"actionableFeedbackPolicy\":\"https:\/\/talkpal.ai\/actionable-feedback-policy\/\",\"correctionsPolicy\":\"https:\/\/talkpal.ai\/corrections-policy\/\",\"ethicsPolicy\":\"https:\/\/talkpal.ai\/ethics-policy\/\",\"diversityPolicy\":\"https:\/\/talkpal.ai\/diversity-policy\/\",\"diversityStaffingReport\":\"https:\/\/talkpal.ai\/diversity-policy\/\"}]}<\/script>\n<!-- \/ Yoast SEO Premium plugin. -->","yoast_head_json":{"title":"Gram\u00e1tica somal\u00ed - Talkpal","description":"Domina las complejidades de la gram\u00e1tica somal\u00ed, desde el alfabeto hasta la conjugaci\u00f3n verbal, con nuestra completa gu\u00eda de aprendizaje.","robots":{"index":"index","follow":"follow","max-snippet":"max-snippet:-1","max-image-preview":"max-image-preview:large","max-video-preview":"max-video-preview:-1"},"canonical":"https:\/\/talkpal.ai\/es\/gramatica-somali\/","og_locale":"es_ES","og_type":"article","og_title":"Gram\u00e1tica somal\u00ed","og_description":"Navegando por las complejidades de la gram\u00e1tica somal\u00ed El somal\u00ed, una lengua cusita de la familia afroasi\u00e1tica con una rica historia y significado","og_url":"https:\/\/talkpal.ai\/es\/gramatica-somali\/","og_site_name":"Talkpal","article_publisher":"https:\/\/www.facebook.com\/profile.php?id=100090733639311","article_modified_time":"2025-12-30T11:08:33+00:00","og_image":[{"width":2880,"height":1620,"url":"https:\/\/talkpal.ai\/wp-content\/uploads\/2025\/02\/Progress-tab-16_9.png","type":"image\/png"}],"twitter_card":"summary_large_image","twitter_site":"@talkpalai","twitter_misc":{"Tiempo de lectura":"4 minutos"},"schema":{"@context":"https:\/\/schema.org","@graph":[{"@type":"WebPage","@id":"https:\/\/talkpal.ai\/es\/gramatica-somali\/","url":"https:\/\/talkpal.ai\/es\/gramatica-somali\/","name":"Gram\u00e1tica somal\u00ed - Talkpal","isPartOf":{"@id":"https:\/\/talkpal.ai\/es\/#website"},"datePublished":"2025-11-12T16:58:05+00:00","dateModified":"2025-12-30T11:08:33+00:00","description":"Domina las complejidades de la gram\u00e1tica somal\u00ed, desde el alfabeto hasta la conjugaci\u00f3n verbal, con nuestra completa gu\u00eda de aprendizaje.","breadcrumb":{"@id":"https:\/\/talkpal.ai\/es\/gramatica-somali\/#breadcrumb"},"inLanguage":"es","potentialAction":[{"@type":"ReadAction","target":["https:\/\/talkpal.ai\/es\/gramatica-somali\/"]}]},{"@type":"BreadcrumbList","@id":"https:\/\/talkpal.ai\/es\/gramatica-somali\/#breadcrumb","itemListElement":[{"@type":"ListItem","position":1,"name":"Homepage","item":"https:\/\/talkpal.ai\/es\/"},{"@type":"ListItem","position":2,"name":"Gram\u00e1tica somal\u00ed"}]},{"@type":"WebSite","@id":"https:\/\/talkpal.ai\/es\/#website","url":"https:\/\/talkpal.ai\/es\/","name":"Talkpal","description":"AI Language Learning","publisher":{"@id":"https:\/\/talkpal.ai\/es\/#organization"},"alternateName":"Talkpal AI","potentialAction":[{"@type":"SearchAction","target":{"@type":"EntryPoint","urlTemplate":"https:\/\/talkpal.ai\/es\/?s={search_term_string}"},"query-input":{"@type":"PropertyValueSpecification","valueRequired":true,"valueName":"search_term_string"}}],"inLanguage":"es"},{"@type":"Organization","@id":"https:\/\/talkpal.ai\/es\/#organization","name":"Talkpal, Inc.","alternateName":"Talkpal AI","url":"https:\/\/talkpal.ai\/es\/","logo":{"@type":"ImageObject","inLanguage":"es","@id":"https:\/\/talkpal.ai\/es\/#\/schema\/logo\/image\/","url":"https:\/\/talkpal.ai\/wp-content\/uploads\/2024\/03\/Talkpal-Logo-Icon.png","contentUrl":"https:\/\/talkpal.ai\/wp-content\/uploads\/2024\/03\/Talkpal-Logo-Icon.png","width":2880,"height":2880,"caption":"Talkpal, Inc."},"image":{"@id":"https:\/\/talkpal.ai\/es\/#\/schema\/logo\/image\/"},"sameAs":["https:\/\/www.facebook.com\/profile.php?id=100090733639311","https:\/\/x.com\/talkpalai","https:\/\/www.linkedin.com\/company\/talkpal\/","https:\/\/www.youtube.com\/@TalkPal\/","https:\/\/www.tiktok.com\/@talkpal","https:\/\/www.instagram.com\/talkpal_ai\/","https:\/\/www.crunchbase.com\/organization\/talkpal-9cde","https:\/\/www.g2.com\/products\/talkpal-for-business\/","https:\/\/www.trustpilot.com\/review\/talkpal.ai","https:\/\/www.capterra.com\/p\/10006800\/TalkPal\/"],"description":"Talkpal is a language learning web and mobile education app, powered by the latest AI technologies, that provides engaging experiences to its customers in many different languages to help them improve their language skills. Users can chat about unlimited amount of topics with the app and use other modes to practice their language learning.","email":"support@talkpal.ai","legalName":"Talkpal, Inc.","foundingDate":"2023-04-03","duns":"118989042","numberOfEmployees":{"@type":"QuantitativeValue","minValue":"11","maxValue":"50"},"publishingPrinciples":"https:\/\/talkpal.ai\/publishing-principles\/","actionableFeedbackPolicy":"https:\/\/talkpal.ai\/actionable-feedback-policy\/","correctionsPolicy":"https:\/\/talkpal.ai\/corrections-policy\/","ethicsPolicy":"https:\/\/talkpal.ai\/ethics-policy\/","diversityPolicy":"https:\/\/talkpal.ai\/diversity-policy\/","diversityStaffingReport":"https:\/\/talkpal.ai\/diversity-policy\/"}]}},"_links":{"self":[{"href":"https:\/\/talkpal.ai\/es\/wp-json\/wp\/v2\/pages\/1464677","targetHints":{"allow":["GET"]}}],"collection":[{"href":"https:\/\/talkpal.ai\/es\/wp-json\/wp\/v2\/pages"}],"about":[{"href":"https:\/\/talkpal.ai\/es\/wp-json\/wp\/v2\/types\/page"}],"author":[{"embeddable":true,"href":"https:\/\/talkpal.ai\/es\/wp-json\/wp\/v2\/users\/20"}],"replies":[{"embeddable":true,"href":"https:\/\/talkpal.ai\/es\/wp-json\/wp\/v2\/comments?post=1464677"}],"version-history":[{"count":0,"href":"https:\/\/talkpal.ai\/es\/wp-json\/wp\/v2\/pages\/1464677\/revisions"}],"wp:attachment":[{"href":"https:\/\/talkpal.ai\/es\/wp-json\/wp\/v2\/media?parent=1464677"}],"curies":[{"name":"wp","href":"https:\/\/api.w.org\/{rel}","templated":true}]}}