{"id":1464629,"date":"2025-11-12T16:07:26","date_gmt":"2025-11-12T16:07:26","guid":{"rendered":"https:\/\/talkpal.ai\/gramatica-oriya\/"},"modified":"2025-12-30T12:44:19","modified_gmt":"2025-12-30T12:44:19","slug":"gramatica-oriya","status":"publish","type":"page","link":"https:\/\/talkpal.ai\/es\/gramatica-oriya\/","title":{"rendered":"Gram\u00e1tica Odia"},"content":{"rendered":"\r\n\r\n\r\n<section class=\"languageChallengeSection\">\r\n    <div class=\"languageInfoWrapper\">\r\n        \r\n        <h1>Gram\u00e1tica Odia<\/h1>\r\n        <p>La <a href=\"https:\/\/talkpal.ai\/odia-grammar\/\">gram\u00e1tica odia<\/a> puede parecer desafiante al principio, pero sus caracter\u00edsticas \u00fanicas hacen que <a href=\"https:\/\/talkpal.ai\/learn-languages-with-ai\/\">aprender el idioma<\/a> sea una experiencia gratificante. Explorando su alfabeto, sus mutaciones y sus reglas gramaticales, conocer\u00e1s una rica tradici\u00f3n ling\u00fc\u00edstica. \u00a1Empieza tu viaje y descubre la belleza de <a href=\"https:\/\/talkpal.ai\/learn-odia\/\">Odia<\/a>!<\/p>\r\n\r\n                            <a class=\"getStartedHidden\" href=\"https:\/\/app.talkpal.ai\/es-es\/signup?lng=\">Comenzar<\/a>\r\n        \r\n    <\/div>\r\n\r\n    <figure>\r\n    <img decoding=\"async\" width=\"768\" height=\"768\" src=\"https:\/\/talkpal.ai\/wp-content\/uploads\/2023\/06\/welsh-768x768.png\" class=\"languageImage no-lazy\" alt=\"Default alt text\" fetchpriority=\"high\" sizes=\"(max-width: 768px) 150px, 768px\" srcset=\"https:\/\/talkpal.ai\/wp-content\/uploads\/2023\/06\/welsh-768x768.png 768w, https:\/\/talkpal.ai\/wp-content\/uploads\/2023\/06\/welsh-300x300.png 300w\" \/>\r\n    \r\n\r\n    <\/figure>\r\n\r\n            <a class=\"getStartedVisible\" href=\"https:\/\/app.talkpal.ai\/es-es\/signup?lng=\">Comenzar<\/a>\r\n    \r\n<\/section><section class=\"promotionalBanner\">\r\n    <p class=\"promotionalText\">La forma m\u00e1s eficiente de aprender un idioma<\/p>\r\n    <a class=\"promotionalLink\" href=\"https:\/\/app.talkpal.ai\/es-es\/signup?lng=\">Prueba Talkpal gratis<\/a>\r\n<\/section>\n<div class=\"wp-block-group pageContainerStyle\"><div class=\"wp-block-group__inner-container is-layout-constrained wp-block-group-is-layout-constrained\">\n<h2 class=\"wp-block-heading\" id=\"h-navigating-the-intricacies-of-odia-grammar\">Navegando por las intrincadas particularidades de la gram\u00e1tica odia<\/h2>\n\n\n\n<p><a href=\"https:\/\/talkpal.ai\/learn-oriya\/\">El odia<\/a>, tambi\u00e9n conocido <a href=\"https:\/\/talkpal.ai\/locations\/language-courses-in-como\/\">como<\/a> <a href=\"https:\/\/talkpal.ai\/learn-odia\/\">odia<\/a>, es una lengua indoaria con una rica tradici\u00f3n literaria y profundas ra\u00edces culturales en el este de la India. Ofrece una experiencia ling\u00fc\u00edstica emocionante para los <a href=\"https:\/\/talkpal.ai\/talkpal-discount-for-students\/\">estudiantes<\/a> ansiosos por explorar su sistema gramatical distintivo. Al adentrarte en el mundo de Odia, no solo enriquecer\u00e1s tu repertorio ling\u00fc\u00edstico, sino que tambi\u00e9n abrazar\u00e1s un fascinante viaje cultural. Aunque la gram\u00e1tica odia pueda parecer complicada al principio, descomponerla en componentes b\u00e1sicos hace que aprender el idioma sea m\u00e1s accesible. En este art\u00edculo, exploraremos el fascinante mundo de la gram\u00e1tica odia y ofreceremos consejos para dominar sus complejidades.<\/p>\n\n\n\n<h3 class=\"wp-block-heading\" id=\"h-1-odia-alphabet-and-phonetics\">1. Alfabeto odia y fon\u00e9tica<\/h3>\n\n\n\n<p>La escritura odia es una abugida con 11 vocales y unas 35 consonantes, junto con diacr\u00edticos y consonantes conjuntas. Incluye sonidos retroflejos y aspirados que son caracter\u00edsticos de las lenguas indoarias. La familiaridad con la escritura, los signos voc\u00e1licos y los grupos de conjunci\u00f3n es crucial para dominar la pronunciaci\u00f3n y la lectura. Practica leyendo y escribiendo en odia para interiorizar la correspondencia sonido\u2013s\u00edmbolo.<\/p>\n\n\n\n<h3 class=\"wp-block-heading\" id=\"h-2-case-markers-and-postpositions-a-distinctive-odia-feature\">2. Marcadores de caso y postposiciones: una caracter\u00edstica distintiva del odia<\/h3>\n\n\n\n<p>Un aspecto llamativo de la gram\u00e1tica odia es su uso de marcadores de caso y postposiciones en lugar de <a href=\"https:\/\/talkpal.ai\/zh-hans\/grammar_exercises\/preposiciones-%e8%a5%bf%e7%8f%ad%e7%89%99%e8%af%ad%e6%b3%95%e7%bb%83%e4%b9%a0\/\">preposiciones<\/a>. Los marcadores comunes incluyen ku para roles acusativos y dativos, ra para genitivo, re para locativo, ru para ablativo, saha para comitativo, dwara para instrumental o agentivo y pain para prop\u00f3sito. Entender c\u00f3mo estos marcadores se adhieren a sustantivos y pronombres es vital para una comunicaci\u00f3n precisa en odia.<\/p>\n\n\n\n<h3 class=\"wp-block-heading\" id=\"h-3-nouns-and-pronouns-gender-and-cases\">3. Sustantivos y pronombres: g\u00e9nero y casos<\/h3>\n\n\n\n<p>Los sustantivos odia no <a href=\"https:\/\/talkpal.ai\/locations\/language-courses-in-tienen\/\">tienen<\/a> g\u00e9nero gramatical, y la pluralizaci\u00f3n var\u00eda seg\u00fan el tipo de sustantivo y el contexto. Los sustantivos humanos y animados a menudo toman el sufijo plural -mane, mientras que los sustantivos inanimados pueden usar -gudika o permanecer sin marcar cuando la pluralidad est\u00e1 clara en el contexto. Los pronombres incluyen conjuntos personales, posesivos, reflexivos, demostrativos e interrogativos, con distinciones honor\u00edficas: mu I, tume you informal, apana you polite, se he he or she, semane they. Los posesivos incluyen <a href=\"https:\/\/talkpal.ai\/locations\/language-courses-in-mora\/\">mora<\/a> my, tora your, apanangkara your polite, tara his or her. Familiarizarte con estas formas y sus variantes con el marcador de caso mejorar\u00e1 significativamente tu comprensi\u00f3n de la gram\u00e1tica odia.<\/p>\n\n\n\n<h3 class=\"wp-block-heading\" id=\"h-4-verbs-structure-and-conjugation\">4. Verbos: estructura y conjugaci\u00f3n<\/h3>\n\n\n\n<p>Los verbos odia se flexionan para tiempo, aspecto, modo y acuerdo, con niveles honor\u00edficos que influyen en las formas verbales. Las formaciones centrales de aspecto de tiempo incluyen el presente progresivo en -uchi, el pasado simple en -ila y el futuro en -iba, junto con construcciones compuestas y auxiliares. Los estados de \u00e1nimo condicionales e imperativos se utilizan activamente. Aprender los patrones de conjugaci\u00f3n y c\u00f3mo interact\u00faan con la persona y la cortes\u00eda mejorar\u00e1 tu capacidad para comunicarte eficazmente en Odia.<\/p>\n\n\n\n<h3 class=\"wp-block-heading\" id=\"h-5-adjectives-agreement-and-placement\">5. Adjetivos: Acuerdo y colocaci\u00f3n<\/h3>\n\n\n\n<p>En la gram\u00e1tica odia, los adjetivos suelen preceder al sustantivo que modifican y generalmente no cambian por n\u00famero o g\u00e9nero. Los comparativos y superlativos se forman com\u00fanmente con adverbios como adhika more y sabutharu most, aunque las formas tatsama tambi\u00e9n pueden usar sufijos en registros formales. Dominar estos patrones ayuda a que el habla suene natural e idiom\u00e1tica.<\/p>\n\n\n\n<p><strong>Ejemplos:<\/strong><\/p>\n\n\n\n<p><strong>\u2013 Bada Prema (Gran amor)  <\/strong><\/p>\n\n\n\n<p><strong>\u2013 Chhota Pilamane (ni\u00f1os peque\u00f1os)<\/strong><\/p>\n\n\n\n<h3 class=\"wp-block-heading\" id=\"h-6-engaging-with-the-language\">6. Comprometerse con la lengua<\/h3>\n\n\n\n<p>La forma m\u00e1s eficaz de comprender y asimilar completamente la gram\u00e1tica odia es involucrarse de forma constante con el idioma. Al leer literatura odia, ver pel\u00edculas o series de televisi\u00f3n odia, seguir noticias en odia y comunicarte activamente con hablantes nativos, reforzar\u00e1s tu comprensi\u00f3n de la gram\u00e1tica mientras ampl\u00edas tu vocabulario.<\/p>\n\n\n\n<h3 class=\"wp-block-heading\" id=\"h-conclusion\">Conclusi\u00f3n<\/h3>\n\n\n\n<p>Aunque la gram\u00e1tica odia pueda parecer intrincada, puedes llegar a dominar este hermoso idioma con dedicaci\u00f3n, pr\u00e1ctica y entusiasmo. Al centrarte en las reglas fundamentales y al interactuar con el idioma en diferentes contextos, mejorar\u00e1s r\u00e1pidamente tus <a href=\"https:\/\/talkpal.ai\/es\/gramatica\/\">habilidades gramaticales<\/a> en odia. Subha kamana (buena suerte) en tu viaje por el idioma odia y disfruta desentra\u00f1ando el elegante pero cautivador mundo de la gram\u00e1tica odia.<\/p>\n<\/div><\/div>\n\r\n<section class=\"learnNavigationSection\">\r\n            \r\n        <a href=\"https:\/\/talkpal.ai\/es\/aprende-oriya\/\">\r\n            <div class=\"learnNavigationWrapper\">\r\n                <div class=\"learnNavigationContent\">\r\n                    <img decoding=\"async\" src=\"https:\/\/talkpal.ai\/wp-content\/uploads\/2025\/11\/Oriya.png\" alt=\"Indian Simplified Flag\">\r\n                    <div>\r\n                        <h4>Sobre el aprendizaje del Odia<\/h4>\r\n                        <p>Inf\u00f3rmate todo sobre la gram\u00e1tica odia.<\/p>\r\n                    <\/div>\r\n                <\/div>\r\n            <\/div>\r\n        <\/a>\r\n\r\n        \r\n        <a href=\"https:\/\/talkpal.ai\/es\/ejercicios-de-gramatica-de-oriya\/\">\r\n            <div class=\"learnNavigationWrapper\">\r\n                <div class=\"learnNavigationContent\">\r\n                    <img decoding=\"async\" src=\"https:\/\/talkpal.ai\/wp-content\/uploads\/2025\/11\/Oriya.png\" alt=\"Indian Simplified Flag\">\r\n                    <div>\r\n                        <h4>Ejercicio Gramatical Odia<\/h4>\r\n                        <p>Practica la gram\u00e1tica odia.<\/p>\r\n                    <\/div>\r\n                <\/div>\r\n            <\/div>\r\n        <\/a>\r\n\r\n            <\/section>","protected":false},"excerpt":{"rendered":"<p>Navegando por las intrincadas particularidades de la gram\u00e1tica odia El odia, tambi\u00e9n conocido como odia, es una lengua indoaria con una rica tradici\u00f3n literaria y profundas ra\u00edces culturales en el este de la India. Ofrece una experiencia ling\u00fc\u00edstica emocionante para los estudiantes ansiosos por explorar su sistema gramatical distintivo. Al adentrarte en el mundo de [&hellip;]<\/p>\n","protected":false},"author":20,"featured_media":0,"parent":0,"menu_order":0,"comment_status":"closed","ping_status":"closed","template":"LearningContentPage.php","meta":{"_acf_changed":false,"footnotes":""},"class_list":["post-1464629","page","type-page","status-publish","hentry"],"acf":[],"yoast_head":"<!-- This site is optimized with the Yoast SEO Premium plugin v27.2 (Yoast SEO v27.2) - https:\/\/yoast.com\/product\/yoast-seo-premium-wordpress\/ -->\n<title>Gram\u00e1tica Odia - Talkpal<\/title>\n<meta name=\"description\" content=\"Domina lo esencial de la gram\u00e1tica del odia, como el alfabeto, los marcadores de may\u00fasculas y min\u00fasculas y los verbos, con nuestra completa gu\u00eda de aprendizaje de idiomas.\" \/>\n<meta name=\"robots\" content=\"index, follow, max-snippet:-1, max-image-preview:large, max-video-preview:-1\" \/>\n<link rel=\"canonical\" href=\"https:\/\/talkpal.ai\/es\/gramatica-oriya\/\" \/>\n<meta property=\"og:locale\" content=\"es_ES\" \/>\n<meta property=\"og:type\" content=\"article\" \/>\n<meta property=\"og:title\" content=\"Gram\u00e1tica Odia\" \/>\n<meta property=\"og:description\" content=\"Navegando por las intrincadas particularidades de la gram\u00e1tica odia El odia, tambi\u00e9n conocido como odia, es una lengua indoaria con una rica tradici\u00f3n\" \/>\n<meta property=\"og:url\" content=\"https:\/\/talkpal.ai\/es\/gramatica-oriya\/\" \/>\n<meta property=\"og:site_name\" content=\"Talkpal\" \/>\n<meta property=\"article:publisher\" content=\"https:\/\/www.facebook.com\/profile.php?id=100090733639311\" \/>\n<meta property=\"article:modified_time\" content=\"2025-12-30T12:44:19+00:00\" \/>\n<meta property=\"og:image\" content=\"https:\/\/talkpal.ai\/wp-content\/uploads\/2025\/02\/Progress-tab-16_9.png\" \/>\n\t<meta property=\"og:image:width\" content=\"2880\" \/>\n\t<meta property=\"og:image:height\" content=\"1620\" \/>\n\t<meta property=\"og:image:type\" content=\"image\/png\" \/>\n<meta name=\"twitter:card\" content=\"summary_large_image\" \/>\n<meta name=\"twitter:site\" content=\"@talkpalai\" \/>\n<meta name=\"twitter:label1\" content=\"Tiempo de lectura\" \/>\n\t<meta name=\"twitter:data1\" content=\"4 minutos\" \/>\n<script type=\"application\/ld+json\" class=\"yoast-schema-graph\">{\"@context\":\"https:\/\/schema.org\",\"@graph\":[{\"@type\":\"WebPage\",\"@id\":\"https:\/\/talkpal.ai\/es\/gramatica-oriya\/\",\"url\":\"https:\/\/talkpal.ai\/es\/gramatica-oriya\/\",\"name\":\"Gram\u00e1tica Odia - Talkpal\",\"isPartOf\":{\"@id\":\"https:\/\/talkpal.ai\/es\/#website\"},\"datePublished\":\"2025-11-12T16:07:26+00:00\",\"dateModified\":\"2025-12-30T12:44:19+00:00\",\"description\":\"Domina lo esencial de la gram\u00e1tica del odia, como el alfabeto, los marcadores de may\u00fasculas y min\u00fasculas y los verbos, con nuestra completa gu\u00eda de aprendizaje de idiomas.\",\"breadcrumb\":{\"@id\":\"https:\/\/talkpal.ai\/es\/gramatica-oriya\/#breadcrumb\"},\"inLanguage\":\"es\",\"potentialAction\":[{\"@type\":\"ReadAction\",\"target\":[\"https:\/\/talkpal.ai\/es\/gramatica-oriya\/\"]}]},{\"@type\":\"BreadcrumbList\",\"@id\":\"https:\/\/talkpal.ai\/es\/gramatica-oriya\/#breadcrumb\",\"itemListElement\":[{\"@type\":\"ListItem\",\"position\":1,\"name\":\"Homepage\",\"item\":\"https:\/\/talkpal.ai\/es\/\"},{\"@type\":\"ListItem\",\"position\":2,\"name\":\"Gram\u00e1tica Odia\"}]},{\"@type\":\"WebSite\",\"@id\":\"https:\/\/talkpal.ai\/es\/#website\",\"url\":\"https:\/\/talkpal.ai\/es\/\",\"name\":\"Talkpal\",\"description\":\"AI Language Learning\",\"publisher\":{\"@id\":\"https:\/\/talkpal.ai\/es\/#organization\"},\"alternateName\":\"Talkpal AI\",\"potentialAction\":[{\"@type\":\"SearchAction\",\"target\":{\"@type\":\"EntryPoint\",\"urlTemplate\":\"https:\/\/talkpal.ai\/es\/?s={search_term_string}\"},\"query-input\":{\"@type\":\"PropertyValueSpecification\",\"valueRequired\":true,\"valueName\":\"search_term_string\"}}],\"inLanguage\":\"es\"},{\"@type\":\"Organization\",\"@id\":\"https:\/\/talkpal.ai\/es\/#organization\",\"name\":\"Talkpal, Inc.\",\"alternateName\":\"Talkpal AI\",\"url\":\"https:\/\/talkpal.ai\/es\/\",\"logo\":{\"@type\":\"ImageObject\",\"inLanguage\":\"es\",\"@id\":\"https:\/\/talkpal.ai\/es\/#\/schema\/logo\/image\/\",\"url\":\"https:\/\/talkpal.ai\/wp-content\/uploads\/2024\/03\/Talkpal-Logo-Icon.png\",\"contentUrl\":\"https:\/\/talkpal.ai\/wp-content\/uploads\/2024\/03\/Talkpal-Logo-Icon.png\",\"width\":2880,\"height\":2880,\"caption\":\"Talkpal, Inc.\"},\"image\":{\"@id\":\"https:\/\/talkpal.ai\/es\/#\/schema\/logo\/image\/\"},\"sameAs\":[\"https:\/\/www.facebook.com\/profile.php?id=100090733639311\",\"https:\/\/x.com\/talkpalai\",\"https:\/\/www.linkedin.com\/company\/talkpal\/\",\"https:\/\/www.youtube.com\/@TalkPal\/\",\"https:\/\/www.tiktok.com\/@talkpal\",\"https:\/\/www.instagram.com\/talkpal_ai\/\",\"https:\/\/www.crunchbase.com\/organization\/talkpal-9cde\",\"https:\/\/www.g2.com\/products\/talkpal-for-business\/\",\"https:\/\/www.trustpilot.com\/review\/talkpal.ai\",\"https:\/\/www.capterra.com\/p\/10006800\/TalkPal\/\"],\"description\":\"Talkpal is a language learning web and mobile education app, powered by the latest AI technologies, that provides engaging experiences to its customers in many different languages to help them improve their language skills. Users can chat about unlimited amount of topics with the app and use other modes to practice their language learning.\",\"email\":\"support@talkpal.ai\",\"legalName\":\"Talkpal, Inc.\",\"foundingDate\":\"2023-04-03\",\"duns\":\"118989042\",\"numberOfEmployees\":{\"@type\":\"QuantitativeValue\",\"minValue\":\"11\",\"maxValue\":\"50\"},\"publishingPrinciples\":\"https:\/\/talkpal.ai\/publishing-principles\/\",\"actionableFeedbackPolicy\":\"https:\/\/talkpal.ai\/actionable-feedback-policy\/\",\"correctionsPolicy\":\"https:\/\/talkpal.ai\/corrections-policy\/\",\"ethicsPolicy\":\"https:\/\/talkpal.ai\/ethics-policy\/\",\"diversityPolicy\":\"https:\/\/talkpal.ai\/diversity-policy\/\",\"diversityStaffingReport\":\"https:\/\/talkpal.ai\/diversity-policy\/\"}]}<\/script>\n<!-- \/ Yoast SEO Premium plugin. -->","yoast_head_json":{"title":"Gram\u00e1tica Odia - Talkpal","description":"Domina lo esencial de la gram\u00e1tica del odia, como el alfabeto, los marcadores de may\u00fasculas y min\u00fasculas y los verbos, con nuestra completa gu\u00eda de aprendizaje de idiomas.","robots":{"index":"index","follow":"follow","max-snippet":"max-snippet:-1","max-image-preview":"max-image-preview:large","max-video-preview":"max-video-preview:-1"},"canonical":"https:\/\/talkpal.ai\/es\/gramatica-oriya\/","og_locale":"es_ES","og_type":"article","og_title":"Gram\u00e1tica Odia","og_description":"Navegando por las intrincadas particularidades de la gram\u00e1tica odia El odia, tambi\u00e9n conocido como odia, es una lengua indoaria con una rica tradici\u00f3n","og_url":"https:\/\/talkpal.ai\/es\/gramatica-oriya\/","og_site_name":"Talkpal","article_publisher":"https:\/\/www.facebook.com\/profile.php?id=100090733639311","article_modified_time":"2025-12-30T12:44:19+00:00","og_image":[{"width":2880,"height":1620,"url":"https:\/\/talkpal.ai\/wp-content\/uploads\/2025\/02\/Progress-tab-16_9.png","type":"image\/png"}],"twitter_card":"summary_large_image","twitter_site":"@talkpalai","twitter_misc":{"Tiempo de lectura":"4 minutos"},"schema":{"@context":"https:\/\/schema.org","@graph":[{"@type":"WebPage","@id":"https:\/\/talkpal.ai\/es\/gramatica-oriya\/","url":"https:\/\/talkpal.ai\/es\/gramatica-oriya\/","name":"Gram\u00e1tica Odia - Talkpal","isPartOf":{"@id":"https:\/\/talkpal.ai\/es\/#website"},"datePublished":"2025-11-12T16:07:26+00:00","dateModified":"2025-12-30T12:44:19+00:00","description":"Domina lo esencial de la gram\u00e1tica del odia, como el alfabeto, los marcadores de may\u00fasculas y min\u00fasculas y los verbos, con nuestra completa gu\u00eda de aprendizaje de idiomas.","breadcrumb":{"@id":"https:\/\/talkpal.ai\/es\/gramatica-oriya\/#breadcrumb"},"inLanguage":"es","potentialAction":[{"@type":"ReadAction","target":["https:\/\/talkpal.ai\/es\/gramatica-oriya\/"]}]},{"@type":"BreadcrumbList","@id":"https:\/\/talkpal.ai\/es\/gramatica-oriya\/#breadcrumb","itemListElement":[{"@type":"ListItem","position":1,"name":"Homepage","item":"https:\/\/talkpal.ai\/es\/"},{"@type":"ListItem","position":2,"name":"Gram\u00e1tica Odia"}]},{"@type":"WebSite","@id":"https:\/\/talkpal.ai\/es\/#website","url":"https:\/\/talkpal.ai\/es\/","name":"Talkpal","description":"AI Language Learning","publisher":{"@id":"https:\/\/talkpal.ai\/es\/#organization"},"alternateName":"Talkpal AI","potentialAction":[{"@type":"SearchAction","target":{"@type":"EntryPoint","urlTemplate":"https:\/\/talkpal.ai\/es\/?s={search_term_string}"},"query-input":{"@type":"PropertyValueSpecification","valueRequired":true,"valueName":"search_term_string"}}],"inLanguage":"es"},{"@type":"Organization","@id":"https:\/\/talkpal.ai\/es\/#organization","name":"Talkpal, Inc.","alternateName":"Talkpal AI","url":"https:\/\/talkpal.ai\/es\/","logo":{"@type":"ImageObject","inLanguage":"es","@id":"https:\/\/talkpal.ai\/es\/#\/schema\/logo\/image\/","url":"https:\/\/talkpal.ai\/wp-content\/uploads\/2024\/03\/Talkpal-Logo-Icon.png","contentUrl":"https:\/\/talkpal.ai\/wp-content\/uploads\/2024\/03\/Talkpal-Logo-Icon.png","width":2880,"height":2880,"caption":"Talkpal, Inc."},"image":{"@id":"https:\/\/talkpal.ai\/es\/#\/schema\/logo\/image\/"},"sameAs":["https:\/\/www.facebook.com\/profile.php?id=100090733639311","https:\/\/x.com\/talkpalai","https:\/\/www.linkedin.com\/company\/talkpal\/","https:\/\/www.youtube.com\/@TalkPal\/","https:\/\/www.tiktok.com\/@talkpal","https:\/\/www.instagram.com\/talkpal_ai\/","https:\/\/www.crunchbase.com\/organization\/talkpal-9cde","https:\/\/www.g2.com\/products\/talkpal-for-business\/","https:\/\/www.trustpilot.com\/review\/talkpal.ai","https:\/\/www.capterra.com\/p\/10006800\/TalkPal\/"],"description":"Talkpal is a language learning web and mobile education app, powered by the latest AI technologies, that provides engaging experiences to its customers in many different languages to help them improve their language skills. Users can chat about unlimited amount of topics with the app and use other modes to practice their language learning.","email":"support@talkpal.ai","legalName":"Talkpal, Inc.","foundingDate":"2023-04-03","duns":"118989042","numberOfEmployees":{"@type":"QuantitativeValue","minValue":"11","maxValue":"50"},"publishingPrinciples":"https:\/\/talkpal.ai\/publishing-principles\/","actionableFeedbackPolicy":"https:\/\/talkpal.ai\/actionable-feedback-policy\/","correctionsPolicy":"https:\/\/talkpal.ai\/corrections-policy\/","ethicsPolicy":"https:\/\/talkpal.ai\/ethics-policy\/","diversityPolicy":"https:\/\/talkpal.ai\/diversity-policy\/","diversityStaffingReport":"https:\/\/talkpal.ai\/diversity-policy\/"}]}},"_links":{"self":[{"href":"https:\/\/talkpal.ai\/es\/wp-json\/wp\/v2\/pages\/1464629","targetHints":{"allow":["GET"]}}],"collection":[{"href":"https:\/\/talkpal.ai\/es\/wp-json\/wp\/v2\/pages"}],"about":[{"href":"https:\/\/talkpal.ai\/es\/wp-json\/wp\/v2\/types\/page"}],"author":[{"embeddable":true,"href":"https:\/\/talkpal.ai\/es\/wp-json\/wp\/v2\/users\/20"}],"replies":[{"embeddable":true,"href":"https:\/\/talkpal.ai\/es\/wp-json\/wp\/v2\/comments?post=1464629"}],"version-history":[{"count":0,"href":"https:\/\/talkpal.ai\/es\/wp-json\/wp\/v2\/pages\/1464629\/revisions"}],"wp:attachment":[{"href":"https:\/\/talkpal.ai\/es\/wp-json\/wp\/v2\/media?parent=1464629"}],"curies":[{"name":"wp","href":"https:\/\/api.w.org\/{rel}","templated":true}]}}