{"id":1464608,"date":"2025-11-12T15:57:33","date_gmt":"2025-11-12T15:57:33","guid":{"rendered":"https:\/\/talkpal.ai\/ejercicios-de-gramatica-mongola\/"},"modified":"2025-12-30T12:39:39","modified_gmt":"2025-12-30T12:39:39","slug":"ejercicios-de-gramatica-mongola","status":"publish","type":"page","link":"https:\/\/talkpal.ai\/es\/ejercicios-de-gramatica-mongola\/","title":{"rendered":"Ejercicios de gram\u00e1tica mongola"},"content":{"rendered":"\r\n\r\n\r\n<section class=\"languageChallengeSection\">\r\n    <div class=\"languageInfoWrapper\">\r\n        \r\n        <h1>Ejercicios de gram\u00e1tica mongola<\/h1>\r\n        <p>\u00bfListo para sumergirte en la <a href=\"https:\/\/talkpal.ai\/mongolian-grammar\/\">gram\u00e1tica mongola<\/a>? Practicar algunas nociones b\u00e1sicas te ayudar\u00e1 a sentirte c\u00f3modo con esta lengua \u00fanica y hermosa. Prueba estos ejercicios para aumentar tu confianza y divertirte en el camino.<\/p>\r\n\r\n                            <a class=\"getStartedHidden\" href=\"https:\/\/app.talkpal.ai\/es-es\/signup?lng=\">Comenzar<\/a>\r\n        \r\n    <\/div>\r\n\r\n    <figure>\r\n    <img decoding=\"async\" width=\"768\" height=\"768\" src=\"https:\/\/talkpal.ai\/wp-content\/uploads\/2023\/06\/welsh-768x768.png\" class=\"languageImage no-lazy\" alt=\"Default alt text\" fetchpriority=\"high\" sizes=\"(max-width: 768px) 150px, 768px\" srcset=\"https:\/\/talkpal.ai\/wp-content\/uploads\/2023\/06\/welsh-768x768.png 768w, https:\/\/talkpal.ai\/wp-content\/uploads\/2023\/06\/welsh-300x300.png 300w\" \/>\r\n    \r\n\r\n    <\/figure>\r\n\r\n            <a class=\"getStartedVisible\" href=\"https:\/\/app.talkpal.ai\/es-es\/signup?lng=\">Comenzar<\/a>\r\n    \r\n<\/section><section class=\"promotionalBanner\">\r\n    <p class=\"promotionalText\">La forma m\u00e1s eficiente de aprender un idioma<\/p>\r\n    <a class=\"promotionalLink\" href=\"https:\/\/app.talkpal.ai\/es-es\/signup?lng=\">Prueba Talkpal gratis<\/a>\r\n<\/section>\n<div class=\"wp-block-group pageContainerStyle\"><div class=\"wp-block-group__inner-container is-layout-constrained wp-block-group-is-layout-constrained\">\n<h2 class=\"wp-block-heading\" id=\"h-mongolian-grammar-topics\">Temas de gram\u00e1tica mongola<\/h2>\n\n\n\n<p><a href=\"https:\/\/talkpal.ai\/es\/los-mayores-errores-que-hay-que-evitar-al-aprender-un-nuevo-idioma\/\">Aprender un nuevo idioma<\/a> puede ser un esfuerzo desafiante pero gratificante. El <a href=\"https:\/\/talkpal.ai\/learn-mongolian\/\">mongol<\/a>, una lengua mongola hablada principalmente en <a href=\"https:\/\/talkpal.ai\/learn-mongolian\/\">Mongolia<\/a> y partes del norte de China, no es una excepci\u00f3n. Con sus caracter\u00edsticas y estructuras \u00fanicas, <a href=\"https:\/\/talkpal.ai\/locations\/language-courses-in-como\/\">como<\/a> la armon\u00eda voc\u00e1lica, la morfolog\u00eda aglutinante, el marcado de may\u00fasculas y min\u00fasculas y las posposiciones, <a href=\"https:\/\/talkpal.ai\/es\/talkpal-para-la-educacion\/\">aprender<\/a> mongol requiere un enfoque sistem\u00e1tico para comprender su gram\u00e1tica. Esta gu\u00eda describe las \u00e1reas clave de la <a href=\"https:\/\/talkpal.ai\/es\/gramatica-mongola\/\">gram\u00e1tica mongola<\/a> en una secuencia l\u00f3gica para el <a href=\"https:\/\/talkpal.ai\/es\/talkpal-para-la-educacion\/\">aprendizaje de idiomas<\/a>, comenzando desde lo b\u00e1sico como sustantivos y art\u00edculos, y progresando a \u00e1reas m\u00e1s complejas como <a href=\"https:\/\/talkpal.ai\/zh-hans\/grammar_exercises\/tiempos-%e8%a5%bf%e7%8f%ad%e7%89%99%e8%af%ad%e6%b3%95%e7%bb%83%e4%b9%a0\/\">tiempos verbales<\/a> y construcci\u00f3n de oraciones.<\/p>\n\n\n\n<h3 class=\"wp-block-heading\" id=\"h-1-nouns\">1. Sustantivos:<\/h3>\n\n\n\n<p>Comienza tu viaje por el idioma mongol aprendiendo los sustantivos. Esto incluye comprender las diferentes categor\u00edas de sustantivos, como los nombres comunes y propios, as\u00ed como sus formas plurales. Tambi\u00e9n encontrar\u00e1 <a href=\"https:\/\/talkpal.ai\/zh-hans\/grammar_exercises\/terminaciones-%e8%a5%bf%e7%8f%ad%e7%89%99%e8%af%ad%e6%b3%95%e7%bb%83%e4%b9%a0\/\">terminaciones<\/a> de caso que marcan roles gramaticales como sujeto, objeto, ubicaci\u00f3n y direcci\u00f3n.<\/p>\n\n\n\n<h3 class=\"wp-block-heading\" id=\"h-2-articles\">2. Art\u00edculos:<\/h3>\n\n\n\n<p>Los art\u00edculos en el idioma mongol no se usan como en <a href=\"https:\/\/talkpal.ai\/es\/practica-de-habla-inglesa-de-ia\/\">ingl\u00e9s<\/a>. El mongol no tiene <a href=\"https:\/\/talkpal.ai\/es\/grammar\/articulos-definidos-en-gramatica-china\/\">art\u00edculos definidos<\/a> o indefinidos. <a href=\"https:\/\/talkpal.ai\/culture\/how-do-i-use-the-expression-en-cambio\/\">En cambio<\/a>, la definici\u00f3n se expresa a trav\u00e9s del contexto, el orden de las palabras, demostrativos como este y aquello, y a veces mediante marcas de caso como el acusativo para objetos directos definidos.<\/p>\n\n\n\n<h3 class=\"wp-block-heading\" id=\"h-3-adjectives\">3. Adjetivos:<\/h3>\n\n\n\n<p>Los adjetivos en mongol suelen preceder a sus sustantivos, lo cual es diferente del <a href=\"https:\/\/talkpal.ai\/es\/locations\/aprende-ingles-en-orange\/\">ingl\u00e9s<\/a> para algunos estudiantes. No concuerdan en g\u00e9nero o n\u00famero. Tambi\u00e9n deber\u00e1 aprender a formar comparativos y superlativos, a menudo con palabras como more y most o con construcciones comparativas usando than.<\/p>\n\n\n\n<h3 class=\"wp-block-heading\" id=\"h-4-pronouns-determiners\">4. Pronombres\/Determinantes:<\/h3>\n\n\n\n<p>Los pronombres y determinantes son esenciales en mongol; reemplazan sustantivos y brindan informaci\u00f3n sobre cantidad, posesi\u00f3n y m\u00e1s. La posesi\u00f3n se muestra com\u00fanmente con formas genitivas y pronombres posesivos, y los pronombres de sujeto se pueden eliminar cuando se entienden desde el contexto. Demostrativos como esto y aquello, n\u00fameros y cuantificadores son determinantes clave para dominar.<\/p>\n\n\n\n<h3 class=\"wp-block-heading\" id=\"h-5-verbs\">5. Verbos:<\/h3>\n\n\n\n<p>Los verbos mongoles tienen diferentes formas seg\u00fan el tiempo, el aspecto y el modo, a menudo construidos con sufijos y auxiliares. La concordancia de las personas es limitada y los temas se omiten con frecuencia si est\u00e1n claros. Comience con las formas b\u00e1sicas pasadas y no pasadas, luego explore los usos habituales, futuros intencionales y modales.<\/p>\n\n\n\n<h3 class=\"wp-block-heading\" id=\"h-6-tenses\">6. Tiempos verbales:<\/h3>\n\n\n\n<p>Despu\u00e9s de dominar las ra\u00edces de los verbos y las formas b\u00e1sicas, profundiza en el tiempo y el aspecto mongol. Esto incluye comprender las diferencias entre el presente habitual, el presente progresivo, el pasado simple, el pasado perfectivo y las lecturas no pasadas o futuras, y c\u00f3mo se usan en diferentes contextos.<\/p>\n\n\n\n<h3 class=\"wp-block-heading\" id=\"h-7-tense-comparison\">7. Comparaci\u00f3n de tiempos:<\/h3>\n\n\n\n<p>Comparar tiempos verbales en mongol ayuda a comprender la secuencia y los matices de las acciones. Comparar el mismo verbo en formas habituales, progresivas, pasadas y no pasadas proporcionar\u00e1 una mejor comprensi\u00f3n de las diferencias de significado y uso.<\/p>\n\n\n\n<h3 class=\"wp-block-heading\" id=\"h-8-progressive\">8. Progresivo:<\/h3>\n\n\n\n<p>El progresivo en mongol se utiliza para expresar acciones en curso. Se forma utilizando la ra\u00edz del verbo con el sufijo del converbio y el auxiliar to be, com\u00fanmente expresado con una forma equivalente a estar haciendo.<\/p>\n\n\n\n<h3 class=\"wp-block-heading\" id=\"h-9-perfect-progressive\">9. Perfecto progresivo:<\/h3>\n\n\n\n<p>Este significado se utiliza para expresar acciones que han estado en curso hasta un punto determinado. En mongol, se expresa con un converbio m\u00e1s auxiliares como to have came o to have been, que transmiten continuaci\u00f3n hasta ahora o hasta un punto de referencia pasado.<\/p>\n\n\n\n<h3 class=\"wp-block-heading\" id=\"h-10-conditionals\">10. Condicionales:<\/h3>\n\n\n\n<p>Los condicionales expresan situaciones hipot\u00e9ticas y sus posibles resultados. Son una parte importante de la gram\u00e1tica mongola y generalmente se forman con sufijos condicionales equivalentes a if, junto con construcciones que expresan situaciones reales, potenciales o contraf\u00e1cticas.<\/p>\n\n\n\n<h3 class=\"wp-block-heading\" id=\"h-11-adverbs\">11. Adverbios:<\/h3>\n\n\n\n<p>Los adverbios en mongol modifican verbos, adjetivos u otros adverbios. Proporcionan informaci\u00f3n sobre la manera, el lugar, el tiempo, el grado y m\u00e1s. Muchos adverbios de manera se derivan de adjetivos con sufijos adverbiales, y hay muchos adverbios comunes para el tiempo y la frecuencia.<\/p>\n\n\n\n<h3 class=\"wp-block-heading\" id=\"h-12-prepositions\">12. Preposiciones:<\/h3>\n\n\n\n<p>Las preposiciones en mongol se realizan principalmente como posposiciones y finales de caso. Vinculan palabras y frases y expresan relaciones de tiempo, lugar, direcci\u00f3n, prop\u00f3sito, causa y m\u00e1s. Aprender las posposiciones comunes y las funciones del sistema de casos es esencial.<\/p>\n\n\n\n<h3 class=\"wp-block-heading\" id=\"h-13-sentences\">13. Sentencias:<\/h3>\n\n\n\n<p>Finalmente, practique la construcci\u00f3n de oraciones. El mongol generalmente sigue un orden de palabras de sujeto objeto verbal, usa el resaltado de temas con part\u00edculas y forma preguntas con part\u00edculas interrogativas y entonaci\u00f3n. Esto implicar\u00e1 utilizar todos los puntos gramaticales previamente aprendidos en contexto, asegurando as\u00ed una comprensi\u00f3n integral del idioma mongol.<\/p>\n<\/div><\/div>\n\r\n<section class=\"learnNavigationSection\">\r\n            \r\n        <a href=\"https:\/\/talkpal.ai\/es\/aprende-mongol\/\">\r\n            <div class=\"learnNavigationWrapper\">\r\n                <div class=\"learnNavigationContent\">\r\n                    <img decoding=\"async\" src=\"https:\/\/talkpal.ai\/wp-content\/uploads\/2025\/11\/Mongolian.png\" alt=\"Mongolian Flag\">\r\n                    <div>\r\n                        <h4>Acerca de Mongolian Learning<\/h4>\r\n                        <p>Descubre todo sobre la gram\u00e1tica mongola.<\/p>\r\n                    <\/div>\r\n                <\/div>\r\n            <\/div>\r\n        <\/a>\r\n\r\n        \r\n        <a href=\"https:\/\/talkpal.ai\/es\/gramatica-mongola\/\">\r\n            <div class=\"learnNavigationWrapper\">\r\n                <div class=\"learnNavigationContent\">\r\n                    <img decoding=\"async\" src=\"https:\/\/talkpal.ai\/wp-content\/uploads\/2025\/11\/Mongolian.png\" alt=\"Mongolian Flag\">\r\n                    <div>\r\n                        <h4>Lecciones de gram\u00e1tica mongola<\/h4>\r\n                        <p>Practica la gram\u00e1tica mongola.<\/p>\r\n                    <\/div>\r\n                <\/div>\r\n            <\/div>\r\n        <\/a>\r\n\r\n            <\/section>","protected":false},"excerpt":{"rendered":"<p>Temas de gram\u00e1tica mongola Aprender un nuevo idioma puede ser un esfuerzo desafiante pero gratificante. El mongol, una lengua mongola hablada principalmente en Mongolia y partes del norte de China, no es una excepci\u00f3n. Con sus caracter\u00edsticas y estructuras \u00fanicas, como la armon\u00eda voc\u00e1lica, la morfolog\u00eda aglutinante, el marcado de may\u00fasculas y min\u00fasculas y las [&hellip;]<\/p>\n","protected":false},"author":20,"featured_media":0,"parent":0,"menu_order":0,"comment_status":"closed","ping_status":"closed","template":"LearningContentPage.php","meta":{"_acf_changed":false,"footnotes":""},"class_list":["post-1464608","page","type-page","status-publish","hentry"],"acf":[],"yoast_head":"<!-- This site is optimized with the Yoast SEO Premium plugin v27.2 (Yoast SEO v27.2) - https:\/\/yoast.com\/product\/yoast-seo-premium-wordpress\/ -->\n<title>Ejercicios de gram\u00e1tica mongola - Talkpal<\/title>\n<meta name=\"description\" content=\"Domina la gram\u00e1tica mongola con ejercicios interactivos y lecciones basadas en IA, dise\u00f1adas para aumentar tu fluidez y comprensi\u00f3n del idioma.\" \/>\n<meta name=\"robots\" content=\"index, follow, max-snippet:-1, max-image-preview:large, max-video-preview:-1\" \/>\n<link rel=\"canonical\" href=\"https:\/\/talkpal.ai\/es\/ejercicios-de-gramatica-mongola\/\" \/>\n<meta property=\"og:locale\" content=\"es_ES\" \/>\n<meta property=\"og:type\" content=\"article\" \/>\n<meta property=\"og:title\" content=\"Ejercicios de gram\u00e1tica mongola\" \/>\n<meta property=\"og:description\" content=\"Temas de gram\u00e1tica mongola Aprender un nuevo idioma puede ser un esfuerzo desafiante pero gratificante. El mongol, una lengua mongola hablada\" \/>\n<meta property=\"og:url\" content=\"https:\/\/talkpal.ai\/es\/ejercicios-de-gramatica-mongola\/\" \/>\n<meta property=\"og:site_name\" content=\"Talkpal\" \/>\n<meta property=\"article:publisher\" content=\"https:\/\/www.facebook.com\/profile.php?id=100090733639311\" \/>\n<meta property=\"article:modified_time\" content=\"2025-12-30T12:39:39+00:00\" \/>\n<meta property=\"og:image\" content=\"https:\/\/talkpal.ai\/wp-content\/uploads\/2025\/02\/Progress-tab-16_9.png\" \/>\n\t<meta property=\"og:image:width\" content=\"2880\" \/>\n\t<meta property=\"og:image:height\" content=\"1620\" \/>\n\t<meta property=\"og:image:type\" content=\"image\/png\" \/>\n<meta name=\"twitter:card\" content=\"summary_large_image\" \/>\n<meta name=\"twitter:site\" content=\"@talkpalai\" \/>\n<meta name=\"twitter:label1\" content=\"Tiempo de lectura\" \/>\n\t<meta name=\"twitter:data1\" content=\"4 minutos\" \/>\n<script type=\"application\/ld+json\" class=\"yoast-schema-graph\">{\"@context\":\"https:\/\/schema.org\",\"@graph\":[{\"@type\":\"WebPage\",\"@id\":\"https:\/\/talkpal.ai\/es\/ejercicios-de-gramatica-mongola\/\",\"url\":\"https:\/\/talkpal.ai\/es\/ejercicios-de-gramatica-mongola\/\",\"name\":\"Ejercicios de gram\u00e1tica mongola - Talkpal\",\"isPartOf\":{\"@id\":\"https:\/\/talkpal.ai\/es\/#website\"},\"datePublished\":\"2025-11-12T15:57:33+00:00\",\"dateModified\":\"2025-12-30T12:39:39+00:00\",\"description\":\"Domina la gram\u00e1tica mongola con ejercicios interactivos y lecciones basadas en IA, dise\u00f1adas para aumentar tu fluidez y comprensi\u00f3n del idioma.\",\"breadcrumb\":{\"@id\":\"https:\/\/talkpal.ai\/es\/ejercicios-de-gramatica-mongola\/#breadcrumb\"},\"inLanguage\":\"es\",\"potentialAction\":[{\"@type\":\"ReadAction\",\"target\":[\"https:\/\/talkpal.ai\/es\/ejercicios-de-gramatica-mongola\/\"]}]},{\"@type\":\"BreadcrumbList\",\"@id\":\"https:\/\/talkpal.ai\/es\/ejercicios-de-gramatica-mongola\/#breadcrumb\",\"itemListElement\":[{\"@type\":\"ListItem\",\"position\":1,\"name\":\"Homepage\",\"item\":\"https:\/\/talkpal.ai\/es\/\"},{\"@type\":\"ListItem\",\"position\":2,\"name\":\"Ejercicios de gram\u00e1tica mongola\"}]},{\"@type\":\"WebSite\",\"@id\":\"https:\/\/talkpal.ai\/es\/#website\",\"url\":\"https:\/\/talkpal.ai\/es\/\",\"name\":\"Talkpal\",\"description\":\"AI Language Learning\",\"publisher\":{\"@id\":\"https:\/\/talkpal.ai\/es\/#organization\"},\"alternateName\":\"Talkpal AI\",\"potentialAction\":[{\"@type\":\"SearchAction\",\"target\":{\"@type\":\"EntryPoint\",\"urlTemplate\":\"https:\/\/talkpal.ai\/es\/?s={search_term_string}\"},\"query-input\":{\"@type\":\"PropertyValueSpecification\",\"valueRequired\":true,\"valueName\":\"search_term_string\"}}],\"inLanguage\":\"es\"},{\"@type\":\"Organization\",\"@id\":\"https:\/\/talkpal.ai\/es\/#organization\",\"name\":\"Talkpal, Inc.\",\"alternateName\":\"Talkpal AI\",\"url\":\"https:\/\/talkpal.ai\/es\/\",\"logo\":{\"@type\":\"ImageObject\",\"inLanguage\":\"es\",\"@id\":\"https:\/\/talkpal.ai\/es\/#\/schema\/logo\/image\/\",\"url\":\"https:\/\/talkpal.ai\/wp-content\/uploads\/2024\/03\/Talkpal-Logo-Icon.png\",\"contentUrl\":\"https:\/\/talkpal.ai\/wp-content\/uploads\/2024\/03\/Talkpal-Logo-Icon.png\",\"width\":2880,\"height\":2880,\"caption\":\"Talkpal, Inc.\"},\"image\":{\"@id\":\"https:\/\/talkpal.ai\/es\/#\/schema\/logo\/image\/\"},\"sameAs\":[\"https:\/\/www.facebook.com\/profile.php?id=100090733639311\",\"https:\/\/x.com\/talkpalai\",\"https:\/\/www.linkedin.com\/company\/talkpal\/\",\"https:\/\/www.youtube.com\/@TalkPal\/\",\"https:\/\/www.tiktok.com\/@talkpal\",\"https:\/\/www.instagram.com\/talkpal_ai\/\",\"https:\/\/www.crunchbase.com\/organization\/talkpal-9cde\",\"https:\/\/www.g2.com\/products\/talkpal-for-business\/\",\"https:\/\/www.trustpilot.com\/review\/talkpal.ai\",\"https:\/\/www.capterra.com\/p\/10006800\/TalkPal\/\"],\"description\":\"Talkpal is a language learning web and mobile education app, powered by the latest AI technologies, that provides engaging experiences to its customers in many different languages to help them improve their language skills. Users can chat about unlimited amount of topics with the app and use other modes to practice their language learning.\",\"email\":\"support@talkpal.ai\",\"legalName\":\"Talkpal, Inc.\",\"foundingDate\":\"2023-04-03\",\"duns\":\"118989042\",\"numberOfEmployees\":{\"@type\":\"QuantitativeValue\",\"minValue\":\"11\",\"maxValue\":\"50\"},\"publishingPrinciples\":\"https:\/\/talkpal.ai\/publishing-principles\/\",\"actionableFeedbackPolicy\":\"https:\/\/talkpal.ai\/actionable-feedback-policy\/\",\"correctionsPolicy\":\"https:\/\/talkpal.ai\/corrections-policy\/\",\"ethicsPolicy\":\"https:\/\/talkpal.ai\/ethics-policy\/\",\"diversityPolicy\":\"https:\/\/talkpal.ai\/diversity-policy\/\",\"diversityStaffingReport\":\"https:\/\/talkpal.ai\/diversity-policy\/\"}]}<\/script>\n<!-- \/ Yoast SEO Premium plugin. -->","yoast_head_json":{"title":"Ejercicios de gram\u00e1tica mongola - Talkpal","description":"Domina la gram\u00e1tica mongola con ejercicios interactivos y lecciones basadas en IA, dise\u00f1adas para aumentar tu fluidez y comprensi\u00f3n del idioma.","robots":{"index":"index","follow":"follow","max-snippet":"max-snippet:-1","max-image-preview":"max-image-preview:large","max-video-preview":"max-video-preview:-1"},"canonical":"https:\/\/talkpal.ai\/es\/ejercicios-de-gramatica-mongola\/","og_locale":"es_ES","og_type":"article","og_title":"Ejercicios de gram\u00e1tica mongola","og_description":"Temas de gram\u00e1tica mongola Aprender un nuevo idioma puede ser un esfuerzo desafiante pero gratificante. El mongol, una lengua mongola hablada","og_url":"https:\/\/talkpal.ai\/es\/ejercicios-de-gramatica-mongola\/","og_site_name":"Talkpal","article_publisher":"https:\/\/www.facebook.com\/profile.php?id=100090733639311","article_modified_time":"2025-12-30T12:39:39+00:00","og_image":[{"width":2880,"height":1620,"url":"https:\/\/talkpal.ai\/wp-content\/uploads\/2025\/02\/Progress-tab-16_9.png","type":"image\/png"}],"twitter_card":"summary_large_image","twitter_site":"@talkpalai","twitter_misc":{"Tiempo de lectura":"4 minutos"},"schema":{"@context":"https:\/\/schema.org","@graph":[{"@type":"WebPage","@id":"https:\/\/talkpal.ai\/es\/ejercicios-de-gramatica-mongola\/","url":"https:\/\/talkpal.ai\/es\/ejercicios-de-gramatica-mongola\/","name":"Ejercicios de gram\u00e1tica mongola - Talkpal","isPartOf":{"@id":"https:\/\/talkpal.ai\/es\/#website"},"datePublished":"2025-11-12T15:57:33+00:00","dateModified":"2025-12-30T12:39:39+00:00","description":"Domina la gram\u00e1tica mongola con ejercicios interactivos y lecciones basadas en IA, dise\u00f1adas para aumentar tu fluidez y comprensi\u00f3n del idioma.","breadcrumb":{"@id":"https:\/\/talkpal.ai\/es\/ejercicios-de-gramatica-mongola\/#breadcrumb"},"inLanguage":"es","potentialAction":[{"@type":"ReadAction","target":["https:\/\/talkpal.ai\/es\/ejercicios-de-gramatica-mongola\/"]}]},{"@type":"BreadcrumbList","@id":"https:\/\/talkpal.ai\/es\/ejercicios-de-gramatica-mongola\/#breadcrumb","itemListElement":[{"@type":"ListItem","position":1,"name":"Homepage","item":"https:\/\/talkpal.ai\/es\/"},{"@type":"ListItem","position":2,"name":"Ejercicios de gram\u00e1tica mongola"}]},{"@type":"WebSite","@id":"https:\/\/talkpal.ai\/es\/#website","url":"https:\/\/talkpal.ai\/es\/","name":"Talkpal","description":"AI Language Learning","publisher":{"@id":"https:\/\/talkpal.ai\/es\/#organization"},"alternateName":"Talkpal AI","potentialAction":[{"@type":"SearchAction","target":{"@type":"EntryPoint","urlTemplate":"https:\/\/talkpal.ai\/es\/?s={search_term_string}"},"query-input":{"@type":"PropertyValueSpecification","valueRequired":true,"valueName":"search_term_string"}}],"inLanguage":"es"},{"@type":"Organization","@id":"https:\/\/talkpal.ai\/es\/#organization","name":"Talkpal, Inc.","alternateName":"Talkpal AI","url":"https:\/\/talkpal.ai\/es\/","logo":{"@type":"ImageObject","inLanguage":"es","@id":"https:\/\/talkpal.ai\/es\/#\/schema\/logo\/image\/","url":"https:\/\/talkpal.ai\/wp-content\/uploads\/2024\/03\/Talkpal-Logo-Icon.png","contentUrl":"https:\/\/talkpal.ai\/wp-content\/uploads\/2024\/03\/Talkpal-Logo-Icon.png","width":2880,"height":2880,"caption":"Talkpal, Inc."},"image":{"@id":"https:\/\/talkpal.ai\/es\/#\/schema\/logo\/image\/"},"sameAs":["https:\/\/www.facebook.com\/profile.php?id=100090733639311","https:\/\/x.com\/talkpalai","https:\/\/www.linkedin.com\/company\/talkpal\/","https:\/\/www.youtube.com\/@TalkPal\/","https:\/\/www.tiktok.com\/@talkpal","https:\/\/www.instagram.com\/talkpal_ai\/","https:\/\/www.crunchbase.com\/organization\/talkpal-9cde","https:\/\/www.g2.com\/products\/talkpal-for-business\/","https:\/\/www.trustpilot.com\/review\/talkpal.ai","https:\/\/www.capterra.com\/p\/10006800\/TalkPal\/"],"description":"Talkpal is a language learning web and mobile education app, powered by the latest AI technologies, that provides engaging experiences to its customers in many different languages to help them improve their language skills. Users can chat about unlimited amount of topics with the app and use other modes to practice their language learning.","email":"support@talkpal.ai","legalName":"Talkpal, Inc.","foundingDate":"2023-04-03","duns":"118989042","numberOfEmployees":{"@type":"QuantitativeValue","minValue":"11","maxValue":"50"},"publishingPrinciples":"https:\/\/talkpal.ai\/publishing-principles\/","actionableFeedbackPolicy":"https:\/\/talkpal.ai\/actionable-feedback-policy\/","correctionsPolicy":"https:\/\/talkpal.ai\/corrections-policy\/","ethicsPolicy":"https:\/\/talkpal.ai\/ethics-policy\/","diversityPolicy":"https:\/\/talkpal.ai\/diversity-policy\/","diversityStaffingReport":"https:\/\/talkpal.ai\/diversity-policy\/"}]}},"_links":{"self":[{"href":"https:\/\/talkpal.ai\/es\/wp-json\/wp\/v2\/pages\/1464608","targetHints":{"allow":["GET"]}}],"collection":[{"href":"https:\/\/talkpal.ai\/es\/wp-json\/wp\/v2\/pages"}],"about":[{"href":"https:\/\/talkpal.ai\/es\/wp-json\/wp\/v2\/types\/page"}],"author":[{"embeddable":true,"href":"https:\/\/talkpal.ai\/es\/wp-json\/wp\/v2\/users\/20"}],"replies":[{"embeddable":true,"href":"https:\/\/talkpal.ai\/es\/wp-json\/wp\/v2\/comments?post=1464608"}],"version-history":[{"count":0,"href":"https:\/\/talkpal.ai\/es\/wp-json\/wp\/v2\/pages\/1464608\/revisions"}],"wp:attachment":[{"href":"https:\/\/talkpal.ai\/es\/wp-json\/wp\/v2\/media?parent=1464608"}],"curies":[{"name":"wp","href":"https:\/\/api.w.org\/{rel}","templated":true}]}}