{"id":1464512,"date":"2025-11-12T17:36:06","date_gmt":"2025-11-12T17:36:06","guid":{"rendered":"https:\/\/talkpal.ai\/ejercicios-de-gramatica-zulu\/"},"modified":"2025-12-30T13:24:59","modified_gmt":"2025-12-30T13:24:59","slug":"ejercicios-de-gramatica-zulu","status":"publish","type":"page","link":"https:\/\/talkpal.ai\/es\/ejercicios-de-gramatica-zulu\/","title":{"rendered":"Ejercicios de gram\u00e1tica zul\u00fa"},"content":{"rendered":"\r\n\r\n\r\n<section class=\"languageChallengeSection\">\r\n    <div class=\"languageInfoWrapper\">\r\n        \r\n        <h1>Ejercicios de gram\u00e1tica zul\u00fa<\/h1>\r\n        <p>\u00bfListo para sumergirte en la <a href=\"https:\/\/talkpal.ai\/zulu-grammar\/\">gram\u00e1tica zul\u00fa<\/a>? Practicar algunas nociones b\u00e1sicas te ayudar\u00e1 a sentirte c\u00f3modo con esta lengua \u00fanica y hermosa. Prueba estos ejercicios para aumentar tu confianza y divertirte en el camino.<\/p>\r\n\r\n                            <a class=\"getStartedHidden\" href=\"https:\/\/app.talkpal.ai\/es-es\/signup?lng=\">Comenzar<\/a>\r\n        \r\n    <\/div>\r\n\r\n    <figure>\r\n    <img decoding=\"async\" width=\"768\" height=\"768\" src=\"https:\/\/talkpal.ai\/wp-content\/uploads\/2023\/06\/welsh-768x768.png\" class=\"languageImage no-lazy\" alt=\"Default alt text\" fetchpriority=\"high\" sizes=\"(max-width: 768px) 150px, 768px\" srcset=\"https:\/\/talkpal.ai\/wp-content\/uploads\/2023\/06\/welsh-768x768.png 768w, https:\/\/talkpal.ai\/wp-content\/uploads\/2023\/06\/welsh-300x300.png 300w\" \/>\r\n    \r\n\r\n    <\/figure>\r\n\r\n            <a class=\"getStartedVisible\" href=\"https:\/\/app.talkpal.ai\/es-es\/signup?lng=\">Comenzar<\/a>\r\n    \r\n<\/section><section class=\"promotionalBanner\">\r\n    <p class=\"promotionalText\">La forma m\u00e1s eficiente de aprender un idioma<\/p>\r\n    <a class=\"promotionalLink\" href=\"https:\/\/app.talkpal.ai\/es-es\/signup?lng=\">Prueba Talkpal gratis<\/a>\r\n<\/section>\n<div class=\"wp-block-group pageContainerStyle\"><div class=\"wp-block-group__inner-container is-layout-constrained wp-block-group-is-layout-constrained\">\n<h2 class=\"wp-block-heading\" id=\"h-zulu-grammar-topics\">Temas de gram\u00e1tica zul\u00fa<\/h2>\n\n\n\n<p><a href=\"https:\/\/talkpal.ai\/es\/los-mayores-errores-que-hay-que-evitar-al-aprender-un-nuevo-idioma\/\">Aprender un nuevo idioma<\/a> puede ser un esfuerzo desafiante pero gratificante. El <a href=\"https:\/\/talkpal.ai\/learn-zulu\/\">zul\u00fa<\/a>, una lengua bant\u00fa hablada principalmente en Sud\u00e1frica, no es una excepci\u00f3n. Con sus caracter\u00edsticas y estructuras \u00fanicas, <a href=\"https:\/\/talkpal.ai\/es\/talkpal-para-la-educacion\/\">aprender<\/a> zul\u00fa requiere un enfoque sistem\u00e1tico para comprender su rica gram\u00e1tica aglutinante. Esta gu\u00eda describe las \u00e1reas clave de la <a href=\"https:\/\/talkpal.ai\/es\/gramatica-zulu\/\">gram\u00e1tica zul\u00fa<\/a> en una secuencia l\u00f3gica para el <a href=\"https:\/\/talkpal.ai\/es\/talkpal-para-la-educacion\/\">aprendizaje de idiomas<\/a>, comenzando desde lo b\u00e1sico <a href=\"https:\/\/talkpal.ai\/locations\/language-courses-in-como\/\">como<\/a> sustantivos y art\u00edculos, y progresando a \u00e1reas m\u00e1s complejas como <a href=\"https:\/\/talkpal.ai\/zh-hans\/grammar_exercises\/tiempos-%e8%a5%bf%e7%8f%ad%e7%89%99%e8%af%ad%e6%b3%95%e7%bb%83%e4%b9%a0\/\">tiempos verbales<\/a> y construcci\u00f3n de oraciones.<\/p>\n\n\n\n<h3 class=\"wp-block-heading\" id=\"h-1-nouns\">1. Sustantivos:<\/h3>\n\n\n\n<p>Comienza tu viaje por el idioma zul\u00fa aprendiendo los sustantivos. Esto incluye comprender el sistema de clases de sustantivos con sus prefijos, c\u00f3mo funciona la concordancia en la oraci\u00f3n y c\u00f3mo se crean las formas plurales cambiando el prefijo de clase de sustantivo.<\/p>\n\n\n\n<h3 class=\"wp-block-heading\" id=\"h-2-articles\">2. Art\u00edculos:<\/h3>\n\n\n\n<p>Zulu no <a href=\"https:\/\/talkpal.ai\/locations\/learn-english-in-usa\/\">usa<\/a> <a href=\"https:\/\/talkpal.ai\/es\/grammar\/articulos-definidos-en-gramatica-china\/\">art\u00edculos definidos<\/a> o indefinidos como lo hace <a href=\"https:\/\/talkpal.ai\/es\/practica-de-habla-inglesa-de-ia\/\">el ingl\u00e9s<\/a> . La definici\u00f3n generalmente est\u00e1 determinada por el contexto, el orden de las palabras o los demostrativos. Aprender a usar los demostrativos correctamente es crucial en la construcci\u00f3n de oraciones.<\/p>\n\n\n\n<h3 class=\"wp-block-heading\" id=\"h-3-adjectives\">3. Adjetivos:<\/h3>\n\n\n\n<p>Los adjetivos en zul\u00fa suelen seguir a sus sustantivos y deben <a href=\"https:\/\/talkpal.ai\/culture\/how-do-you-express-to-agree-using-estar-de-acuerdo\/\">estar de acuerdo<\/a> con la clase de sustantivos a trav\u00e9s de concordancias adjetivales. Tambi\u00e9n deber\u00e1 aprender a formar <a href=\"https:\/\/talkpal.ai\/es\/guia-definitiva-de-comparativos-y-superlativos-en-ingles-aprende-facilmente\/\">comparativos y superlativos<\/a>, a menudo usando construcciones con el verbo que significa superar o la part\u00edcula para que, e intensificadores como kakhulu.<\/p>\n\n\n\n<h3 class=\"wp-block-heading\" id=\"h-4-pronouns-determiners\">4. Pronombres\/Determinantes:<\/h3>\n\n\n\n<p>Los pronombres y determinantes son esenciales en zul\u00fa; Incluyen pronombres independientes, concordancias de sujeto y objeto en el verbo, posesivos construidos con concordancias posesivas basadas en clases, demostrativos y cuantificadores. Su acuerdo correcto y basado en la clase es necesario para una comunicaci\u00f3n efectiva.<\/p>\n\n\n\n<h3 class=\"wp-block-heading\" id=\"h-5-verbs\">5. Verbos:<\/h3>\n\n\n\n<p>Los verbos zul\u00faes cambian de forma a trav\u00e9s de prefijos y sufijos que marcan sujeto, objeto, tiempo, aspecto y estado de \u00e1nimo. Comience con las formas presentes, luego explore el pasado y el futuro, junto con extensiones comunes como causativa, aplicativa y pasiva.<\/p>\n\n\n\n<h3 class=\"wp-block-heading\" id=\"h-6-tenses\">6. Tiempos verbales:<\/h3>\n\n\n\n<p>Despu\u00e9s de dominar la estructura verbal, profundiza en los tiempos verbales. Esto incluye comprender el presente, el pasado reciente, el pasado remoto y el futuro, as\u00ed como las formas perfectivas, y c\u00f3mo el aspecto interact\u00faa con el tiempo en diferentes contextos.<\/p>\n\n\n\n<h3 class=\"wp-block-heading\" id=\"h-7-tense-comparison\">7. Comparaci\u00f3n de tiempos:<\/h3>\n\n\n\n<p>Comparar tiempos verbales en zul\u00fa ayuda a comprender la secuencia y los matices. Contrasta las formas presente, perfectiva, pasado reciente, pasado remoto y futuro del mismo verbo para obtener un sentido m\u00e1s claro del tiempo y el aspecto.<\/p>\n\n\n\n<h3 class=\"wp-block-heading\" id=\"h-8-progressive\">8. Progresivo:<\/h3>\n\n\n\n<p>El progresivo en zul\u00fa se expresa con el tiempo presente usando el marcador -ya- despu\u00e9s de la concordancia del sujeto, y mediante marcadores de aspecto como -sa still y se already. Zul\u00fa no usa un verbo auxiliar para ser para este prop\u00f3sito.<\/p>\n\n\n\n<h3 class=\"wp-block-heading\" id=\"h-9-perfect-progressive\">9. Perfecto progresivo:<\/h3>\n\n\n\n<p>Este significado se expresa con el auxiliar be en combinaci\u00f3n con el progresivo, lo que a menudo indica una acci\u00f3n en curso hasta un punto determinado. Zul\u00fa com\u00fanmente usa ser con marcadores aspectuales o adverbios de continuidad para transmitir han estado haciendo.<\/p>\n\n\n\n<h3 class=\"wp-block-heading\" id=\"h-10-conditionals\">10. Condicionales:<\/h3>\n\n\n\n<p>Los condicionales expresan situaciones hipot\u00e9ticas y sus posibles resultados. En zul\u00fa se forman con marcadores de modo condicionales y conjunciones como uma if, con formas verbales apropiadas para condiciones reales y contraf\u00e1cticas.<\/p>\n\n\n\n<h3 class=\"wp-block-heading\" id=\"h-11-adverbs\">11. Adverbios:<\/h3>\n\n\n\n<p>Los adverbios en zul\u00fa modifican verbos, adjetivos u otros adverbios. Incluyen part\u00edculas adverbiales, ide\u00f3fonos y palabras de tiempo o manera, y muchos significados adverbiales tambi\u00e9n se expresan a trav\u00e9s de formas y frases locativas.<\/p>\n\n\n\n<h3 class=\"wp-block-heading\" id=\"h-12-prepositions\">12. Preposiciones:<\/h3>\n\n\n\n<p>Las relaciones de tiempo, lugar y manera a menudo se expresan a trav\u00e9s de formas sustantivas locativas y prefijos preposicionales como ku, e, na y nga, junto con sus patrones de concordancia.<\/p>\n\n\n\n<h3 class=\"wp-block-heading\" id=\"h-13-sentences\">13. Sentencias:<\/h3>\n\n\n\n<p>Finalmente, practique la construcci\u00f3n de oraciones. Esto implicar\u00e1 el uso de todos los puntos gramaticales previamente aprendidos en contexto, incluido el orden sujeto-verbo-objeto, la concordancia entre las clases de sustantivos, los patrones de negaci\u00f3n y la formaci\u00f3n de preguntas, asegurando as\u00ed una comprensi\u00f3n integral del idioma zul\u00fa.<\/p>\n<\/div><\/div>\n\r\n<section class=\"learnNavigationSection\">\r\n            \r\n        <a href=\"https:\/\/talkpal.ai\/es\/aprende-zulu\/\">\r\n            <div class=\"learnNavigationWrapper\">\r\n                <div class=\"learnNavigationContent\">\r\n                    <img decoding=\"async\" src=\"https:\/\/talkpal.ai\/wp-content\/uploads\/2025\/11\/Zulu.png\" alt=\"South African Flag\">\r\n                    <div>\r\n                        <h4>Acerca de Zulu Learning<\/h4>\r\n                        <p>Descubre todo sobre la gram\u00e1tica zul\u00fa.<\/p>\r\n                    <\/div>\r\n                <\/div>\r\n            <\/div>\r\n        <\/a>\r\n\r\n        \r\n        <a href=\"https:\/\/talkpal.ai\/es\/gramatica-zulu\/\">\r\n            <div class=\"learnNavigationWrapper\">\r\n                <div class=\"learnNavigationContent\">\r\n                    <img decoding=\"async\" src=\"https:\/\/talkpal.ai\/wp-content\/uploads\/2025\/11\/Zulu.png\" alt=\"South African Flag\">\r\n                    <div>\r\n                        <h4>Lecciones de gram\u00e1tica zul\u00fa<\/h4>\r\n                        <p>Practica la gram\u00e1tica zul\u00fa.<\/p>\r\n                    <\/div>\r\n                <\/div>\r\n            <\/div>\r\n        <\/a>\r\n\r\n            <\/section>","protected":false},"excerpt":{"rendered":"<p>Temas de gram\u00e1tica zul\u00fa Aprender un nuevo idioma puede ser un esfuerzo desafiante pero gratificante. El zul\u00fa, una lengua bant\u00fa hablada principalmente en Sud\u00e1frica, no es una excepci\u00f3n. Con sus caracter\u00edsticas y estructuras \u00fanicas, aprender zul\u00fa requiere un enfoque sistem\u00e1tico para comprender su rica gram\u00e1tica aglutinante. Esta gu\u00eda describe las \u00e1reas clave de la gram\u00e1tica [&hellip;]<\/p>\n","protected":false},"author":20,"featured_media":0,"parent":0,"menu_order":0,"comment_status":"closed","ping_status":"closed","template":"LearningContentPage.php","meta":{"_acf_changed":false,"footnotes":""},"class_list":["post-1464512","page","type-page","status-publish","hentry"],"acf":[],"yoast_head":"<!-- This site is optimized with the Yoast SEO Premium plugin v27.2 (Yoast SEO v27.2) - https:\/\/yoast.com\/product\/yoast-seo-premium-wordpress\/ -->\n<title>Ejercicios de gram\u00e1tica zul\u00fa - Talkpal<\/title>\n<meta name=\"description\" content=\"Domina la gram\u00e1tica zul\u00fa con ejercicios interactivos que abarcan sustantivos, verbos y tiempos verbales para aumentar tu fluidez y confianza.\" \/>\n<meta name=\"robots\" content=\"index, follow, max-snippet:-1, max-image-preview:large, max-video-preview:-1\" \/>\n<link rel=\"canonical\" href=\"https:\/\/talkpal.ai\/es\/ejercicios-de-gramatica-zulu\/\" \/>\n<meta property=\"og:locale\" content=\"es_ES\" \/>\n<meta property=\"og:type\" content=\"article\" \/>\n<meta property=\"og:title\" content=\"Ejercicios de gram\u00e1tica zul\u00fa\" \/>\n<meta property=\"og:description\" content=\"Temas de gram\u00e1tica zul\u00fa Aprender un nuevo idioma puede ser un esfuerzo desafiante pero gratificante. El zul\u00fa, una lengua bant\u00fa hablada principalmente en\" \/>\n<meta property=\"og:url\" content=\"https:\/\/talkpal.ai\/es\/ejercicios-de-gramatica-zulu\/\" \/>\n<meta property=\"og:site_name\" content=\"Talkpal\" \/>\n<meta property=\"article:publisher\" content=\"https:\/\/www.facebook.com\/profile.php?id=100090733639311\" \/>\n<meta property=\"article:modified_time\" content=\"2025-12-30T13:24:59+00:00\" \/>\n<meta property=\"og:image\" content=\"https:\/\/talkpal.ai\/wp-content\/uploads\/2025\/02\/Progress-tab-16_9.png\" \/>\n\t<meta property=\"og:image:width\" content=\"2880\" \/>\n\t<meta property=\"og:image:height\" content=\"1620\" \/>\n\t<meta property=\"og:image:type\" content=\"image\/png\" \/>\n<meta name=\"twitter:card\" content=\"summary_large_image\" \/>\n<meta name=\"twitter:site\" content=\"@talkpalai\" \/>\n<meta name=\"twitter:label1\" content=\"Tiempo de lectura\" \/>\n\t<meta name=\"twitter:data1\" content=\"3 minutos\" \/>\n<script type=\"application\/ld+json\" class=\"yoast-schema-graph\">{\"@context\":\"https:\/\/schema.org\",\"@graph\":[{\"@type\":\"WebPage\",\"@id\":\"https:\/\/talkpal.ai\/es\/ejercicios-de-gramatica-zulu\/\",\"url\":\"https:\/\/talkpal.ai\/es\/ejercicios-de-gramatica-zulu\/\",\"name\":\"Ejercicios de gram\u00e1tica zul\u00fa - Talkpal\",\"isPartOf\":{\"@id\":\"https:\/\/talkpal.ai\/es\/#website\"},\"datePublished\":\"2025-11-12T17:36:06+00:00\",\"dateModified\":\"2025-12-30T13:24:59+00:00\",\"description\":\"Domina la gram\u00e1tica zul\u00fa con ejercicios interactivos que abarcan sustantivos, verbos y tiempos verbales para aumentar tu fluidez y confianza.\",\"breadcrumb\":{\"@id\":\"https:\/\/talkpal.ai\/es\/ejercicios-de-gramatica-zulu\/#breadcrumb\"},\"inLanguage\":\"es\",\"potentialAction\":[{\"@type\":\"ReadAction\",\"target\":[\"https:\/\/talkpal.ai\/es\/ejercicios-de-gramatica-zulu\/\"]}]},{\"@type\":\"BreadcrumbList\",\"@id\":\"https:\/\/talkpal.ai\/es\/ejercicios-de-gramatica-zulu\/#breadcrumb\",\"itemListElement\":[{\"@type\":\"ListItem\",\"position\":1,\"name\":\"Homepage\",\"item\":\"https:\/\/talkpal.ai\/es\/\"},{\"@type\":\"ListItem\",\"position\":2,\"name\":\"Ejercicios de gram\u00e1tica zul\u00fa\"}]},{\"@type\":\"WebSite\",\"@id\":\"https:\/\/talkpal.ai\/es\/#website\",\"url\":\"https:\/\/talkpal.ai\/es\/\",\"name\":\"Talkpal\",\"description\":\"AI Language Learning\",\"publisher\":{\"@id\":\"https:\/\/talkpal.ai\/es\/#organization\"},\"alternateName\":\"Talkpal AI\",\"potentialAction\":[{\"@type\":\"SearchAction\",\"target\":{\"@type\":\"EntryPoint\",\"urlTemplate\":\"https:\/\/talkpal.ai\/es\/?s={search_term_string}\"},\"query-input\":{\"@type\":\"PropertyValueSpecification\",\"valueRequired\":true,\"valueName\":\"search_term_string\"}}],\"inLanguage\":\"es\"},{\"@type\":\"Organization\",\"@id\":\"https:\/\/talkpal.ai\/es\/#organization\",\"name\":\"Talkpal, Inc.\",\"alternateName\":\"Talkpal AI\",\"url\":\"https:\/\/talkpal.ai\/es\/\",\"logo\":{\"@type\":\"ImageObject\",\"inLanguage\":\"es\",\"@id\":\"https:\/\/talkpal.ai\/es\/#\/schema\/logo\/image\/\",\"url\":\"https:\/\/talkpal.ai\/wp-content\/uploads\/2024\/03\/Talkpal-Logo-Icon.png\",\"contentUrl\":\"https:\/\/talkpal.ai\/wp-content\/uploads\/2024\/03\/Talkpal-Logo-Icon.png\",\"width\":2880,\"height\":2880,\"caption\":\"Talkpal, Inc.\"},\"image\":{\"@id\":\"https:\/\/talkpal.ai\/es\/#\/schema\/logo\/image\/\"},\"sameAs\":[\"https:\/\/www.facebook.com\/profile.php?id=100090733639311\",\"https:\/\/x.com\/talkpalai\",\"https:\/\/www.linkedin.com\/company\/talkpal\/\",\"https:\/\/www.youtube.com\/@TalkPal\/\",\"https:\/\/www.tiktok.com\/@talkpal\",\"https:\/\/www.instagram.com\/talkpal_ai\/\",\"https:\/\/www.crunchbase.com\/organization\/talkpal-9cde\",\"https:\/\/www.g2.com\/products\/talkpal-for-business\/\",\"https:\/\/www.trustpilot.com\/review\/talkpal.ai\",\"https:\/\/www.capterra.com\/p\/10006800\/TalkPal\/\"],\"description\":\"Talkpal is a language learning web and mobile education app, powered by the latest AI technologies, that provides engaging experiences to its customers in many different languages to help them improve their language skills. Users can chat about unlimited amount of topics with the app and use other modes to practice their language learning.\",\"email\":\"support@talkpal.ai\",\"legalName\":\"Talkpal, Inc.\",\"foundingDate\":\"2023-04-03\",\"duns\":\"118989042\",\"numberOfEmployees\":{\"@type\":\"QuantitativeValue\",\"minValue\":\"11\",\"maxValue\":\"50\"},\"publishingPrinciples\":\"https:\/\/talkpal.ai\/publishing-principles\/\",\"actionableFeedbackPolicy\":\"https:\/\/talkpal.ai\/actionable-feedback-policy\/\",\"correctionsPolicy\":\"https:\/\/talkpal.ai\/corrections-policy\/\",\"ethicsPolicy\":\"https:\/\/talkpal.ai\/ethics-policy\/\",\"diversityPolicy\":\"https:\/\/talkpal.ai\/diversity-policy\/\",\"diversityStaffingReport\":\"https:\/\/talkpal.ai\/diversity-policy\/\"}]}<\/script>\n<!-- \/ Yoast SEO Premium plugin. -->","yoast_head_json":{"title":"Ejercicios de gram\u00e1tica zul\u00fa - Talkpal","description":"Domina la gram\u00e1tica zul\u00fa con ejercicios interactivos que abarcan sustantivos, verbos y tiempos verbales para aumentar tu fluidez y confianza.","robots":{"index":"index","follow":"follow","max-snippet":"max-snippet:-1","max-image-preview":"max-image-preview:large","max-video-preview":"max-video-preview:-1"},"canonical":"https:\/\/talkpal.ai\/es\/ejercicios-de-gramatica-zulu\/","og_locale":"es_ES","og_type":"article","og_title":"Ejercicios de gram\u00e1tica zul\u00fa","og_description":"Temas de gram\u00e1tica zul\u00fa Aprender un nuevo idioma puede ser un esfuerzo desafiante pero gratificante. El zul\u00fa, una lengua bant\u00fa hablada principalmente en","og_url":"https:\/\/talkpal.ai\/es\/ejercicios-de-gramatica-zulu\/","og_site_name":"Talkpal","article_publisher":"https:\/\/www.facebook.com\/profile.php?id=100090733639311","article_modified_time":"2025-12-30T13:24:59+00:00","og_image":[{"width":2880,"height":1620,"url":"https:\/\/talkpal.ai\/wp-content\/uploads\/2025\/02\/Progress-tab-16_9.png","type":"image\/png"}],"twitter_card":"summary_large_image","twitter_site":"@talkpalai","twitter_misc":{"Tiempo de lectura":"3 minutos"},"schema":{"@context":"https:\/\/schema.org","@graph":[{"@type":"WebPage","@id":"https:\/\/talkpal.ai\/es\/ejercicios-de-gramatica-zulu\/","url":"https:\/\/talkpal.ai\/es\/ejercicios-de-gramatica-zulu\/","name":"Ejercicios de gram\u00e1tica zul\u00fa - Talkpal","isPartOf":{"@id":"https:\/\/talkpal.ai\/es\/#website"},"datePublished":"2025-11-12T17:36:06+00:00","dateModified":"2025-12-30T13:24:59+00:00","description":"Domina la gram\u00e1tica zul\u00fa con ejercicios interactivos que abarcan sustantivos, verbos y tiempos verbales para aumentar tu fluidez y confianza.","breadcrumb":{"@id":"https:\/\/talkpal.ai\/es\/ejercicios-de-gramatica-zulu\/#breadcrumb"},"inLanguage":"es","potentialAction":[{"@type":"ReadAction","target":["https:\/\/talkpal.ai\/es\/ejercicios-de-gramatica-zulu\/"]}]},{"@type":"BreadcrumbList","@id":"https:\/\/talkpal.ai\/es\/ejercicios-de-gramatica-zulu\/#breadcrumb","itemListElement":[{"@type":"ListItem","position":1,"name":"Homepage","item":"https:\/\/talkpal.ai\/es\/"},{"@type":"ListItem","position":2,"name":"Ejercicios de gram\u00e1tica zul\u00fa"}]},{"@type":"WebSite","@id":"https:\/\/talkpal.ai\/es\/#website","url":"https:\/\/talkpal.ai\/es\/","name":"Talkpal","description":"AI Language Learning","publisher":{"@id":"https:\/\/talkpal.ai\/es\/#organization"},"alternateName":"Talkpal AI","potentialAction":[{"@type":"SearchAction","target":{"@type":"EntryPoint","urlTemplate":"https:\/\/talkpal.ai\/es\/?s={search_term_string}"},"query-input":{"@type":"PropertyValueSpecification","valueRequired":true,"valueName":"search_term_string"}}],"inLanguage":"es"},{"@type":"Organization","@id":"https:\/\/talkpal.ai\/es\/#organization","name":"Talkpal, Inc.","alternateName":"Talkpal AI","url":"https:\/\/talkpal.ai\/es\/","logo":{"@type":"ImageObject","inLanguage":"es","@id":"https:\/\/talkpal.ai\/es\/#\/schema\/logo\/image\/","url":"https:\/\/talkpal.ai\/wp-content\/uploads\/2024\/03\/Talkpal-Logo-Icon.png","contentUrl":"https:\/\/talkpal.ai\/wp-content\/uploads\/2024\/03\/Talkpal-Logo-Icon.png","width":2880,"height":2880,"caption":"Talkpal, Inc."},"image":{"@id":"https:\/\/talkpal.ai\/es\/#\/schema\/logo\/image\/"},"sameAs":["https:\/\/www.facebook.com\/profile.php?id=100090733639311","https:\/\/x.com\/talkpalai","https:\/\/www.linkedin.com\/company\/talkpal\/","https:\/\/www.youtube.com\/@TalkPal\/","https:\/\/www.tiktok.com\/@talkpal","https:\/\/www.instagram.com\/talkpal_ai\/","https:\/\/www.crunchbase.com\/organization\/talkpal-9cde","https:\/\/www.g2.com\/products\/talkpal-for-business\/","https:\/\/www.trustpilot.com\/review\/talkpal.ai","https:\/\/www.capterra.com\/p\/10006800\/TalkPal\/"],"description":"Talkpal is a language learning web and mobile education app, powered by the latest AI technologies, that provides engaging experiences to its customers in many different languages to help them improve their language skills. Users can chat about unlimited amount of topics with the app and use other modes to practice their language learning.","email":"support@talkpal.ai","legalName":"Talkpal, Inc.","foundingDate":"2023-04-03","duns":"118989042","numberOfEmployees":{"@type":"QuantitativeValue","minValue":"11","maxValue":"50"},"publishingPrinciples":"https:\/\/talkpal.ai\/publishing-principles\/","actionableFeedbackPolicy":"https:\/\/talkpal.ai\/actionable-feedback-policy\/","correctionsPolicy":"https:\/\/talkpal.ai\/corrections-policy\/","ethicsPolicy":"https:\/\/talkpal.ai\/ethics-policy\/","diversityPolicy":"https:\/\/talkpal.ai\/diversity-policy\/","diversityStaffingReport":"https:\/\/talkpal.ai\/diversity-policy\/"}]}},"_links":{"self":[{"href":"https:\/\/talkpal.ai\/es\/wp-json\/wp\/v2\/pages\/1464512","targetHints":{"allow":["GET"]}}],"collection":[{"href":"https:\/\/talkpal.ai\/es\/wp-json\/wp\/v2\/pages"}],"about":[{"href":"https:\/\/talkpal.ai\/es\/wp-json\/wp\/v2\/types\/page"}],"author":[{"embeddable":true,"href":"https:\/\/talkpal.ai\/es\/wp-json\/wp\/v2\/users\/20"}],"replies":[{"embeddable":true,"href":"https:\/\/talkpal.ai\/es\/wp-json\/wp\/v2\/comments?post=1464512"}],"version-history":[{"count":0,"href":"https:\/\/talkpal.ai\/es\/wp-json\/wp\/v2\/pages\/1464512\/revisions"}],"wp:attachment":[{"href":"https:\/\/talkpal.ai\/es\/wp-json\/wp\/v2\/media?parent=1464512"}],"curies":[{"name":"wp","href":"https:\/\/api.w.org\/{rel}","templated":true}]}}