{"id":1463564,"date":"2025-11-11T15:55:06","date_gmt":"2025-11-11T15:55:06","guid":{"rendered":"https:\/\/talkpal.ai\/ejercicios-de-gramatica-bengali\/"},"modified":"2025-12-30T15:15:22","modified_gmt":"2025-12-30T15:15:22","slug":"ejercicios-de-gramatica-bengali","status":"publish","type":"page","link":"https:\/\/talkpal.ai\/es\/ejercicios-de-gramatica-bengali\/","title":{"rendered":"Ejercicios de gram\u00e1tica bengal\u00ed"},"content":{"rendered":"\r\n\r\n\r\n<section class=\"languageChallengeSection\">\r\n    <div class=\"languageInfoWrapper\">\r\n        \r\n        <h1>Ejercicios de gram\u00e1tica bengal\u00ed<\/h1>\r\n        <p>\u00bfListo para sumergirte en la <a href=\"https:\/\/talkpal.ai\/bengali-grammar\/\">gram\u00e1tica bengal\u00ed<\/a>? Practicar algunas nociones b\u00e1sicas te ayudar\u00e1 a sentirte c\u00f3modo con esta lengua \u00fanica y hermosa. Prueba estos ejercicios para aumentar tu confianza y divertirte en el camino.<\/p>\r\n\r\n                            <a class=\"getStartedHidden\" href=\"https:\/\/app.talkpal.ai\/es-es\/signup?lng=\">Comenzar<\/a>\r\n        \r\n    <\/div>\r\n\r\n    <figure>\r\n    <img decoding=\"async\" width=\"768\" height=\"768\" src=\"https:\/\/talkpal.ai\/wp-content\/uploads\/2023\/06\/welsh-768x768.png\" class=\"languageImage no-lazy\" alt=\"Default alt text\" fetchpriority=\"high\" sizes=\"(max-width: 768px) 150px, 768px\" srcset=\"https:\/\/talkpal.ai\/wp-content\/uploads\/2023\/06\/welsh-768x768.png 768w, https:\/\/talkpal.ai\/wp-content\/uploads\/2023\/06\/welsh-300x300.png 300w\" \/>\r\n    \r\n\r\n    <\/figure>\r\n\r\n            <a class=\"getStartedVisible\" href=\"https:\/\/app.talkpal.ai\/es-es\/signup?lng=\">Comenzar<\/a>\r\n    \r\n<\/section><section class=\"promotionalBanner\">\r\n    <p class=\"promotionalText\">La forma m\u00e1s eficiente de aprender un idioma<\/p>\r\n    <a class=\"promotionalLink\" href=\"https:\/\/app.talkpal.ai\/es-es\/signup?lng=\">Prueba Talkpal gratis<\/a>\r\n<\/section>\n<div class=\"wp-block-group pageContainerStyle\"><div class=\"wp-block-group__inner-container is-layout-constrained wp-block-group-is-layout-constrained\">\n<h2 class=\"wp-block-heading\" id=\"h-bengali-grammar-topics\">Temas de gram\u00e1tica bengal\u00ed<\/h2>\n\n\n\n<p><a href=\"https:\/\/talkpal.ai\/es\/los-mayores-errores-que-hay-que-evitar-al-aprender-un-nuevo-idioma\/\">Aprender un nuevo idioma<\/a> puede ser un esfuerzo desafiante pero gratificante. El <a href=\"https:\/\/talkpal.ai\/learn-bengali\/\">bengal\u00ed<\/a>, una lengua indoaria hablada principalmente en Bangladesh y en el estado <a href=\"https:\/\/talkpal.ai\/es\/locations\/cursos-de-idiomas-en-indio\/\">indio<\/a> de Bengala Occidental, no es una excepci\u00f3n. Con sus caracter\u00edsticas y estructuras \u00fanicas, <a href=\"https:\/\/talkpal.ai\/es\/talkpal-para-la-educacion\/\">aprender<\/a> bengal\u00ed requiere un enfoque sistem\u00e1tico para comprender su gram\u00e1tica. Esta gu\u00eda describe las \u00e1reas clave de la <a href=\"https:\/\/talkpal.ai\/es\/gramatica-bengali\/\">gram\u00e1tica bengal\u00ed<\/a> en una secuencia l\u00f3gica para el <a href=\"https:\/\/talkpal.ai\/es\/chatbot-de-ia-para-el-aprendizaje-de-idiomas\/\">aprendizaje de idiomas<\/a>, comenzando desde lo b\u00e1sico <a href=\"https:\/\/talkpal.ai\/locations\/language-courses-in-como\/\">como<\/a> sustantivos y art\u00edculos, y progresando a \u00e1reas m\u00e1s complejas como <a href=\"https:\/\/talkpal.ai\/zh-hans\/grammar_exercises\/tiempos-%e8%a5%bf%e7%8f%ad%e7%89%99%e8%af%ad%e6%b3%95%e7%bb%83%e4%b9%a0\/\">tiempos verbales<\/a> y construcci\u00f3n de oraciones.<\/p>\n\n\n\n<h3 class=\"wp-block-heading\" id=\"h-1-nouns\">1. Sustantivos:<\/h3>\n\n\n\n<p>Comience su viaje por el idioma bengal\u00ed aprendiendo los sustantivos. Esto incluye comprender los nombres comunes y propios, c\u00f3mo se expresa la pluralidad con formas como -ra para personas y -gulo o -guli para cosas, y el papel de los clasificadores con n\u00fameros.<\/p>\n\n\n\n<h3 class=\"wp-block-heading\" id=\"h-2-articles\">2. Art\u00edculos:<\/h3>\n\n\n\n<p>El bengal\u00ed no tiene <a href=\"https:\/\/talkpal.ai\/es\/grammar\/articulos-definidos-en-gramatica-china\/\">art\u00edculos definidos<\/a> o indefinidos como <a href=\"https:\/\/talkpal.ai\/es\/practica-de-habla-inglesa-de-ia\/\">el ingl\u00e9s<\/a>. <a href=\"https:\/\/talkpal.ai\/culture\/how-do-i-use-the-expression-en-cambio\/\">En cambio<\/a>, la definici\u00f3n y la indefinici\u00f3n se expresan a trav\u00e9s del contexto, los demostrativos, los n\u00fameros y los clasificadores como -ta, -ti, -khana y marcadores plurales como -gulo.<\/p>\n\n\n\n<h3 class=\"wp-block-heading\" id=\"h-3-adjectives\">3. Adjetivos:<\/h3>\n\n\n\n<p>Los adjetivos en bengal\u00ed suelen preceder a sus sustantivos. Por lo general, no cambian por g\u00e9nero o n\u00famero. Aprende a vincular modificadores similares a sustantivos con el genitivo -er, y c\u00f3mo formar <a href=\"https:\/\/talkpal.ai\/es\/guia-definitiva-de-comparativos-y-superlativos-en-ingles-aprende-facilmente\/\">comparativos y superlativos<\/a> usando aro para comparativo y shobcheye para superlativo, as\u00ed como los sufijos literarios -tar y -tam.<\/p>\n\n\n\n<h3 class=\"wp-block-heading\" id=\"h-4-pronouns-determiners\">4. Pronombres\/Determinantes:<\/h3>\n\n\n\n<p>Los pronombres y determinantes son esenciales en bengal\u00ed. Domina los pronombres personales en todos los niveles de formalidad y proximidad, como ami, tumi, apni, tui, eta, ota, seta. Aprende posesivos con el genitivo -er y palabras de cantidad como onek, kichu, koyek, y c\u00f3mo se requieren clasificadores despu\u00e9s de los n\u00fameros y muchos determinantes.<\/p>\n\n\n\n<h3 class=\"wp-block-heading\" id=\"h-5-verbs\">5. Verbos:<\/h3>\n\n\n\n<p>Los verbos bengal\u00edes cambian de forma por tiempo, aspecto, persona y nivel de formalidad. Comience con las formas presentes y mu\u00e9vase hacia el pasado y el futuro. Aprende c\u00f3mo las ra\u00edces de los verbos se combinan con marcadores de aspecto y terminaciones personales, as\u00ed como con usos imperativos y subjuntivos.<\/p>\n\n\n\n<h3 class=\"wp-block-heading\" id=\"h-6-tenses\">6. Tiempos verbales:<\/h3>\n\n\n\n<p>Despu\u00e9s de dominar los patrones verbales, profundiza en el tiempo y el aspecto bengal\u00ed. Comprenda el presente, el pasado y el futuro junto con distinciones aspectuales como simple, progresivo y perfecto, y c\u00f3mo la formalidad afecta los finales.<\/p>\n\n\n\n<h3 class=\"wp-block-heading\" id=\"h-7-tense-comparison\">7. Comparaci\u00f3n de tiempos:<\/h3>\n\n\n\n<p>Comparar tiempos y aspectos en bengal\u00ed ayuda a comprender la secuencia y los matices de los eventos. Comparar el mismo verbo en presente, pasado, futuro y niveles de formalidad fortalecer\u00e1 su comprensi\u00f3n del uso.<\/p>\n\n\n\n<h3 class=\"wp-block-heading\" id=\"h-8-progressive\">8. Progresivo:<\/h3>\n\n\n\n<p>El progresista en bengal\u00ed expresa acciones en curso. Por lo general, se forma con el marcador progresivo -chh- adjunto a la ra\u00edz del verbo m\u00e1s terminaciones personales, por ejemplo, korchhi para estoy haciendo, y tambi\u00e9n puede aparecer en formas perifr\u00e1sticas como korte achhi en algunos registros.<\/p>\n\n\n\n<h3 class=\"wp-block-heading\" id=\"h-9-perfect-progressive\">9. Perfecto progresivo:<\/h3>\n\n\n\n<p>Esto expresa acciones que han estado en curso hasta un punto determinado. En bengal\u00ed se transmite com\u00fanmente con participios y auxiliares como kore aschi para haber estado haciendo y korte chhilam para estaba haciendo, con variantes que usan thaka para enfatizar la continuidad.<\/p>\n\n\n\n<h3 class=\"wp-block-heading\" id=\"h-10-conditionals\">10. Condicionales:<\/h3>\n\n\n\n<p>Los condicionales expresan situaciones y resultados hipot\u00e9ticos. En bengal\u00ed se forman con la part\u00edcula jodi y a menudo tahole, as\u00ed como con sufijos condicionales como -le en el verbo, y contraf\u00e1cticos con hoto for would.<\/p>\n\n\n\n<h3 class=\"wp-block-heading\" id=\"h-11-adverbs\">11. Adverbios:<\/h3>\n\n\n\n<p>Los adverbios en bengal\u00ed modifican verbos, adjetivos u otros adverbios. Aprende los adverbios de manera formados con -bhabe, as\u00ed como los adverbios invariables comunes de lugar, tiempo y grado, como ekhane, ekhon, beshi y khub.<\/p>\n\n\n\n<h3 class=\"wp-block-heading\" id=\"h-12-prepositions\">12. Preposiciones:<\/h3>\n\n\n\n<p>El bengal\u00ed usa posposiciones en lugar de preposiciones. Siguen al sustantivo y a menudo requieren un caso o un encadenamiento genitivo, por ejemplo, ghore, ghar theke, boi er upor, bandhuder shathe, kal porjonto, y expresan relaciones de tiempo, lugar y direcci\u00f3n.<\/p>\n\n\n\n<h3 class=\"wp-block-heading\" id=\"h-13-sentences\">13. Sentencias:<\/h3>\n\n\n\n<p>Finalmente, practique la construcci\u00f3n de oraciones. Esto implicar\u00e1 el uso de todos los puntos gramaticales previamente aprendidos en contexto, incluido el orden t\u00edpico de las palabras SOV, la negaci\u00f3n con na, la c\u00f3pula a menudo cero en el presente y la formaci\u00f3n de preguntas con palabras ki y wh, asegurando as\u00ed una comprensi\u00f3n integral del idioma bengal\u00ed.<\/p>\n<\/div><\/div>\n\r\n<section class=\"learnNavigationSection\">\r\n            \r\n        <a href=\"https:\/\/talkpal.ai\/es\/aprende-bengali\/\">\r\n            <div class=\"learnNavigationWrapper\">\r\n                <div class=\"learnNavigationContent\">\r\n                    <img decoding=\"async\" src=\"https:\/\/talkpal.ai\/wp-content\/uploads\/2025\/11\/Bengali.png\" alt=\"Bengali Flag\">\r\n                    <div>\r\n                        <h4>Acerca de Bengali Learning<\/h4>\r\n                        <p>Descubre todo sobre la gram\u00e1tica bengal\u00ed.<\/p>\r\n                    <\/div>\r\n                <\/div>\r\n            <\/div>\r\n        <\/a>\r\n\r\n        \r\n        <a href=\"https:\/\/talkpal.ai\/es\/gramatica-bengali\/\">\r\n            <div class=\"learnNavigationWrapper\">\r\n                <div class=\"learnNavigationContent\">\r\n                    <img decoding=\"async\" src=\"https:\/\/talkpal.ai\/wp-content\/uploads\/2025\/11\/Bengali.png\" alt=\"Bengali Flag\">\r\n                    <div>\r\n                        <h4>Lecciones de gram\u00e1tica bengal\u00ed<\/h4>\r\n                        <p>Practica la gram\u00e1tica bengal\u00ed.<\/p>\r\n                    <\/div>\r\n                <\/div>\r\n            <\/div>\r\n        <\/a>\r\n\r\n            <\/section>","protected":false},"excerpt":{"rendered":"<p>Temas de gram\u00e1tica bengal\u00ed Aprender un nuevo idioma puede ser un esfuerzo desafiante pero gratificante. El bengal\u00ed, una lengua indoaria hablada principalmente en Bangladesh y en el estado indio de Bengala Occidental, no es una excepci\u00f3n. Con sus caracter\u00edsticas y estructuras \u00fanicas, aprender bengal\u00ed requiere un enfoque sistem\u00e1tico para comprender su gram\u00e1tica. Esta gu\u00eda describe [&hellip;]<\/p>\n","protected":false},"author":20,"featured_media":0,"parent":0,"menu_order":0,"comment_status":"closed","ping_status":"closed","template":"LearningContentPage.php","meta":{"_acf_changed":false,"footnotes":""},"class_list":["post-1463564","page","type-page","status-publish","hentry"],"acf":[],"yoast_head":"<!-- This site is optimized with the Yoast SEO Premium plugin v27.2 (Yoast SEO v27.2) - https:\/\/yoast.com\/product\/yoast-seo-premium-wordpress\/ -->\n<title>Ejercicios de gram\u00e1tica bengal\u00ed - Talkpal<\/title>\n<meta name=\"description\" content=\"Domina los fundamentos de la gram\u00e1tica bengal\u00ed con ejercicios interactivos sobre sustantivos, verbos y tiempos verbales para mejorar tu dominio de la lengua.\" \/>\n<meta name=\"robots\" content=\"index, follow, max-snippet:-1, max-image-preview:large, max-video-preview:-1\" \/>\n<link rel=\"canonical\" href=\"https:\/\/talkpal.ai\/es\/ejercicios-de-gramatica-bengali\/\" \/>\n<meta property=\"og:locale\" content=\"es_ES\" \/>\n<meta property=\"og:type\" content=\"article\" \/>\n<meta property=\"og:title\" content=\"Ejercicios de gram\u00e1tica bengal\u00ed\" \/>\n<meta property=\"og:description\" content=\"Temas de gram\u00e1tica bengal\u00ed Aprender un nuevo idioma puede ser un esfuerzo desafiante pero gratificante. El bengal\u00ed, una lengua indoaria hablada\" \/>\n<meta property=\"og:url\" content=\"https:\/\/talkpal.ai\/es\/ejercicios-de-gramatica-bengali\/\" \/>\n<meta property=\"og:site_name\" content=\"Talkpal\" \/>\n<meta property=\"article:publisher\" content=\"https:\/\/www.facebook.com\/profile.php?id=100090733639311\" \/>\n<meta property=\"article:modified_time\" content=\"2025-12-30T15:15:22+00:00\" \/>\n<meta property=\"og:image\" content=\"https:\/\/talkpal.ai\/wp-content\/uploads\/2025\/02\/Progress-tab-16_9.png\" \/>\n\t<meta property=\"og:image:width\" content=\"2880\" \/>\n\t<meta property=\"og:image:height\" content=\"1620\" \/>\n\t<meta property=\"og:image:type\" content=\"image\/png\" \/>\n<meta name=\"twitter:card\" content=\"summary_large_image\" \/>\n<meta name=\"twitter:site\" content=\"@talkpalai\" \/>\n<meta name=\"twitter:label1\" content=\"Tiempo de lectura\" \/>\n\t<meta name=\"twitter:data1\" content=\"4 minutos\" \/>\n<script type=\"application\/ld+json\" class=\"yoast-schema-graph\">{\"@context\":\"https:\/\/schema.org\",\"@graph\":[{\"@type\":\"WebPage\",\"@id\":\"https:\/\/talkpal.ai\/es\/ejercicios-de-gramatica-bengali\/\",\"url\":\"https:\/\/talkpal.ai\/es\/ejercicios-de-gramatica-bengali\/\",\"name\":\"Ejercicios de gram\u00e1tica bengal\u00ed - Talkpal\",\"isPartOf\":{\"@id\":\"https:\/\/talkpal.ai\/es\/#website\"},\"datePublished\":\"2025-11-11T15:55:06+00:00\",\"dateModified\":\"2025-12-30T15:15:22+00:00\",\"description\":\"Domina los fundamentos de la gram\u00e1tica bengal\u00ed con ejercicios interactivos sobre sustantivos, verbos y tiempos verbales para mejorar tu dominio de la lengua.\",\"breadcrumb\":{\"@id\":\"https:\/\/talkpal.ai\/es\/ejercicios-de-gramatica-bengali\/#breadcrumb\"},\"inLanguage\":\"es\",\"potentialAction\":[{\"@type\":\"ReadAction\",\"target\":[\"https:\/\/talkpal.ai\/es\/ejercicios-de-gramatica-bengali\/\"]}]},{\"@type\":\"BreadcrumbList\",\"@id\":\"https:\/\/talkpal.ai\/es\/ejercicios-de-gramatica-bengali\/#breadcrumb\",\"itemListElement\":[{\"@type\":\"ListItem\",\"position\":1,\"name\":\"Homepage\",\"item\":\"https:\/\/talkpal.ai\/es\/\"},{\"@type\":\"ListItem\",\"position\":2,\"name\":\"Ejercicios de gram\u00e1tica bengal\u00ed\"}]},{\"@type\":\"WebSite\",\"@id\":\"https:\/\/talkpal.ai\/es\/#website\",\"url\":\"https:\/\/talkpal.ai\/es\/\",\"name\":\"Talkpal\",\"description\":\"AI Language Learning\",\"publisher\":{\"@id\":\"https:\/\/talkpal.ai\/es\/#organization\"},\"alternateName\":\"Talkpal AI\",\"potentialAction\":[{\"@type\":\"SearchAction\",\"target\":{\"@type\":\"EntryPoint\",\"urlTemplate\":\"https:\/\/talkpal.ai\/es\/?s={search_term_string}\"},\"query-input\":{\"@type\":\"PropertyValueSpecification\",\"valueRequired\":true,\"valueName\":\"search_term_string\"}}],\"inLanguage\":\"es\"},{\"@type\":\"Organization\",\"@id\":\"https:\/\/talkpal.ai\/es\/#organization\",\"name\":\"Talkpal, Inc.\",\"alternateName\":\"Talkpal AI\",\"url\":\"https:\/\/talkpal.ai\/es\/\",\"logo\":{\"@type\":\"ImageObject\",\"inLanguage\":\"es\",\"@id\":\"https:\/\/talkpal.ai\/es\/#\/schema\/logo\/image\/\",\"url\":\"https:\/\/talkpal.ai\/wp-content\/uploads\/2024\/03\/Talkpal-Logo-Icon.png\",\"contentUrl\":\"https:\/\/talkpal.ai\/wp-content\/uploads\/2024\/03\/Talkpal-Logo-Icon.png\",\"width\":2880,\"height\":2880,\"caption\":\"Talkpal, Inc.\"},\"image\":{\"@id\":\"https:\/\/talkpal.ai\/es\/#\/schema\/logo\/image\/\"},\"sameAs\":[\"https:\/\/www.facebook.com\/profile.php?id=100090733639311\",\"https:\/\/x.com\/talkpalai\",\"https:\/\/www.linkedin.com\/company\/talkpal\/\",\"https:\/\/www.youtube.com\/@TalkPal\/\",\"https:\/\/www.tiktok.com\/@talkpal\",\"https:\/\/www.instagram.com\/talkpal_ai\/\",\"https:\/\/www.crunchbase.com\/organization\/talkpal-9cde\",\"https:\/\/www.g2.com\/products\/talkpal-for-business\/\",\"https:\/\/www.trustpilot.com\/review\/talkpal.ai\",\"https:\/\/www.capterra.com\/p\/10006800\/TalkPal\/\"],\"description\":\"Talkpal is a language learning web and mobile education app, powered by the latest AI technologies, that provides engaging experiences to its customers in many different languages to help them improve their language skills. Users can chat about unlimited amount of topics with the app and use other modes to practice their language learning.\",\"email\":\"support@talkpal.ai\",\"legalName\":\"Talkpal, Inc.\",\"foundingDate\":\"2023-04-03\",\"duns\":\"118989042\",\"numberOfEmployees\":{\"@type\":\"QuantitativeValue\",\"minValue\":\"11\",\"maxValue\":\"50\"},\"publishingPrinciples\":\"https:\/\/talkpal.ai\/publishing-principles\/\",\"actionableFeedbackPolicy\":\"https:\/\/talkpal.ai\/actionable-feedback-policy\/\",\"correctionsPolicy\":\"https:\/\/talkpal.ai\/corrections-policy\/\",\"ethicsPolicy\":\"https:\/\/talkpal.ai\/ethics-policy\/\",\"diversityPolicy\":\"https:\/\/talkpal.ai\/diversity-policy\/\",\"diversityStaffingReport\":\"https:\/\/talkpal.ai\/diversity-policy\/\"}]}<\/script>\n<!-- \/ Yoast SEO Premium plugin. -->","yoast_head_json":{"title":"Ejercicios de gram\u00e1tica bengal\u00ed - Talkpal","description":"Domina los fundamentos de la gram\u00e1tica bengal\u00ed con ejercicios interactivos sobre sustantivos, verbos y tiempos verbales para mejorar tu dominio de la lengua.","robots":{"index":"index","follow":"follow","max-snippet":"max-snippet:-1","max-image-preview":"max-image-preview:large","max-video-preview":"max-video-preview:-1"},"canonical":"https:\/\/talkpal.ai\/es\/ejercicios-de-gramatica-bengali\/","og_locale":"es_ES","og_type":"article","og_title":"Ejercicios de gram\u00e1tica bengal\u00ed","og_description":"Temas de gram\u00e1tica bengal\u00ed Aprender un nuevo idioma puede ser un esfuerzo desafiante pero gratificante. El bengal\u00ed, una lengua indoaria hablada","og_url":"https:\/\/talkpal.ai\/es\/ejercicios-de-gramatica-bengali\/","og_site_name":"Talkpal","article_publisher":"https:\/\/www.facebook.com\/profile.php?id=100090733639311","article_modified_time":"2025-12-30T15:15:22+00:00","og_image":[{"width":2880,"height":1620,"url":"https:\/\/talkpal.ai\/wp-content\/uploads\/2025\/02\/Progress-tab-16_9.png","type":"image\/png"}],"twitter_card":"summary_large_image","twitter_site":"@talkpalai","twitter_misc":{"Tiempo de lectura":"4 minutos"},"schema":{"@context":"https:\/\/schema.org","@graph":[{"@type":"WebPage","@id":"https:\/\/talkpal.ai\/es\/ejercicios-de-gramatica-bengali\/","url":"https:\/\/talkpal.ai\/es\/ejercicios-de-gramatica-bengali\/","name":"Ejercicios de gram\u00e1tica bengal\u00ed - Talkpal","isPartOf":{"@id":"https:\/\/talkpal.ai\/es\/#website"},"datePublished":"2025-11-11T15:55:06+00:00","dateModified":"2025-12-30T15:15:22+00:00","description":"Domina los fundamentos de la gram\u00e1tica bengal\u00ed con ejercicios interactivos sobre sustantivos, verbos y tiempos verbales para mejorar tu dominio de la lengua.","breadcrumb":{"@id":"https:\/\/talkpal.ai\/es\/ejercicios-de-gramatica-bengali\/#breadcrumb"},"inLanguage":"es","potentialAction":[{"@type":"ReadAction","target":["https:\/\/talkpal.ai\/es\/ejercicios-de-gramatica-bengali\/"]}]},{"@type":"BreadcrumbList","@id":"https:\/\/talkpal.ai\/es\/ejercicios-de-gramatica-bengali\/#breadcrumb","itemListElement":[{"@type":"ListItem","position":1,"name":"Homepage","item":"https:\/\/talkpal.ai\/es\/"},{"@type":"ListItem","position":2,"name":"Ejercicios de gram\u00e1tica bengal\u00ed"}]},{"@type":"WebSite","@id":"https:\/\/talkpal.ai\/es\/#website","url":"https:\/\/talkpal.ai\/es\/","name":"Talkpal","description":"AI Language Learning","publisher":{"@id":"https:\/\/talkpal.ai\/es\/#organization"},"alternateName":"Talkpal AI","potentialAction":[{"@type":"SearchAction","target":{"@type":"EntryPoint","urlTemplate":"https:\/\/talkpal.ai\/es\/?s={search_term_string}"},"query-input":{"@type":"PropertyValueSpecification","valueRequired":true,"valueName":"search_term_string"}}],"inLanguage":"es"},{"@type":"Organization","@id":"https:\/\/talkpal.ai\/es\/#organization","name":"Talkpal, Inc.","alternateName":"Talkpal AI","url":"https:\/\/talkpal.ai\/es\/","logo":{"@type":"ImageObject","inLanguage":"es","@id":"https:\/\/talkpal.ai\/es\/#\/schema\/logo\/image\/","url":"https:\/\/talkpal.ai\/wp-content\/uploads\/2024\/03\/Talkpal-Logo-Icon.png","contentUrl":"https:\/\/talkpal.ai\/wp-content\/uploads\/2024\/03\/Talkpal-Logo-Icon.png","width":2880,"height":2880,"caption":"Talkpal, Inc."},"image":{"@id":"https:\/\/talkpal.ai\/es\/#\/schema\/logo\/image\/"},"sameAs":["https:\/\/www.facebook.com\/profile.php?id=100090733639311","https:\/\/x.com\/talkpalai","https:\/\/www.linkedin.com\/company\/talkpal\/","https:\/\/www.youtube.com\/@TalkPal\/","https:\/\/www.tiktok.com\/@talkpal","https:\/\/www.instagram.com\/talkpal_ai\/","https:\/\/www.crunchbase.com\/organization\/talkpal-9cde","https:\/\/www.g2.com\/products\/talkpal-for-business\/","https:\/\/www.trustpilot.com\/review\/talkpal.ai","https:\/\/www.capterra.com\/p\/10006800\/TalkPal\/"],"description":"Talkpal is a language learning web and mobile education app, powered by the latest AI technologies, that provides engaging experiences to its customers in many different languages to help them improve their language skills. Users can chat about unlimited amount of topics with the app and use other modes to practice their language learning.","email":"support@talkpal.ai","legalName":"Talkpal, Inc.","foundingDate":"2023-04-03","duns":"118989042","numberOfEmployees":{"@type":"QuantitativeValue","minValue":"11","maxValue":"50"},"publishingPrinciples":"https:\/\/talkpal.ai\/publishing-principles\/","actionableFeedbackPolicy":"https:\/\/talkpal.ai\/actionable-feedback-policy\/","correctionsPolicy":"https:\/\/talkpal.ai\/corrections-policy\/","ethicsPolicy":"https:\/\/talkpal.ai\/ethics-policy\/","diversityPolicy":"https:\/\/talkpal.ai\/diversity-policy\/","diversityStaffingReport":"https:\/\/talkpal.ai\/diversity-policy\/"}]}},"_links":{"self":[{"href":"https:\/\/talkpal.ai\/es\/wp-json\/wp\/v2\/pages\/1463564","targetHints":{"allow":["GET"]}}],"collection":[{"href":"https:\/\/talkpal.ai\/es\/wp-json\/wp\/v2\/pages"}],"about":[{"href":"https:\/\/talkpal.ai\/es\/wp-json\/wp\/v2\/types\/page"}],"author":[{"embeddable":true,"href":"https:\/\/talkpal.ai\/es\/wp-json\/wp\/v2\/users\/20"}],"replies":[{"embeddable":true,"href":"https:\/\/talkpal.ai\/es\/wp-json\/wp\/v2\/comments?post=1463564"}],"version-history":[{"count":0,"href":"https:\/\/talkpal.ai\/es\/wp-json\/wp\/v2\/pages\/1463564\/revisions"}],"wp:attachment":[{"href":"https:\/\/talkpal.ai\/es\/wp-json\/wp\/v2\/media?parent=1463564"}],"curies":[{"name":"wp","href":"https:\/\/api.w.org\/{rel}","templated":true}]}}