{"id":1463545,"date":"2025-11-11T15:54:57","date_gmt":"2025-11-11T15:54:57","guid":{"rendered":"https:\/\/talkpal.ai\/gramatica-bengali\/"},"modified":"2025-12-30T15:12:35","modified_gmt":"2025-12-30T15:12:35","slug":"gramatica-bengali","status":"publish","type":"page","link":"https:\/\/talkpal.ai\/es\/gramatica-bengali\/","title":{"rendered":"Gram\u00e1tica bengal\u00ed"},"content":{"rendered":"\r\n\r\n\r\n<section class=\"languageChallengeSection\">\r\n    <div class=\"languageInfoWrapper\">\r\n        \r\n        <h1>Gram\u00e1tica bengal\u00ed<\/h1>\r\n        <p>La <a href=\"https:\/\/talkpal.ai\/bengali-grammar\/\">gram\u00e1tica bengal\u00ed<\/a> puede parecer desafiante al principio, pero sus caracter\u00edsticas \u00fanicas hacen que aprender el idioma sea una experiencia gratificante. Explorando su alfabeto, sus mutaciones y sus reglas gramaticales, conocer\u00e1s una rica tradici\u00f3n ling\u00fc\u00edstica. \u00a1Comienza tu viaje y descubre la belleza del <a href=\"https:\/\/talkpal.ai\/learn-bengali\/\">bengal\u00ed<\/a>!<\/p>\r\n\r\n                            <a class=\"getStartedHidden\" href=\"https:\/\/app.talkpal.ai\/es-es\/signup?lng=\">Comenzar<\/a>\r\n        \r\n    <\/div>\r\n\r\n    <figure>\r\n    <img decoding=\"async\" width=\"768\" height=\"768\" src=\"https:\/\/talkpal.ai\/wp-content\/uploads\/2023\/06\/welsh-768x768.png\" class=\"languageImage no-lazy\" alt=\"Default alt text\" fetchpriority=\"high\" sizes=\"(max-width: 768px) 150px, 768px\" srcset=\"https:\/\/talkpal.ai\/wp-content\/uploads\/2023\/06\/welsh-768x768.png 768w, https:\/\/talkpal.ai\/wp-content\/uploads\/2023\/06\/welsh-300x300.png 300w\" \/>\r\n    \r\n\r\n    <\/figure>\r\n\r\n            <a class=\"getStartedVisible\" href=\"https:\/\/app.talkpal.ai\/es-es\/signup?lng=\">Comenzar<\/a>\r\n    \r\n<\/section><section class=\"promotionalBanner\">\r\n    <p class=\"promotionalText\">La forma m\u00e1s eficiente de aprender un idioma<\/p>\r\n    <a class=\"promotionalLink\" href=\"https:\/\/app.talkpal.ai\/es-es\/signup?lng=\">Prueba Talkpal gratis<\/a>\r\n<\/section>\n<div class=\"wp-block-group pageContainerStyle\"><div class=\"wp-block-group__inner-container is-layout-constrained wp-block-group-is-layout-constrained\">\n<h2 class=\"wp-block-heading\" id=\"h-navigating-the-intricacies-of-bengali-grammar\">Navegando por las complejidades de la gram\u00e1tica bengal\u00ed<\/h2>\n\n\n\n<p><a href=\"https:\/\/talkpal.ai\/es\/aprende-bengali\/\">El bengal\u00ed<\/a>, una lengua indoaria con una rica historia y significado cultural, ofrece una experiencia ling\u00fc\u00edstica emocionante para aquellos que deseen explorar su sistema gramatical \u00fanico. A medida que se adentra en el reino del bengal\u00ed, no solo enriquecer\u00e1 su repertorio ling\u00fc\u00edstico, sino que tambi\u00e9n emprender\u00e1 un fascinante viaje cultural. Si bien la gram\u00e1tica bengal\u00ed puede parecer complicada al principio, dividirla en componentes b\u00e1sicos hace que el aprendizaje del idioma sea m\u00e1s accesible. En este art\u00edculo, exploraremos el cautivador mundo de la gram\u00e1tica bengal\u00ed y brindaremos consejos sobre c\u00f3mo dominar sus complejidades.<\/p>\n\n\n\n<h3 class=\"wp-block-heading\" id=\"h-1-bengali-alphabet-and-phonetics\">1. Alfabeto bengal\u00ed y fon\u00e9tica<\/h3>\n\n\n\n<p>La escritura bengal\u00ed <a href=\"https:\/\/talkpal.ai\/locations\/learn-english-in-usa\/\">usa<\/a> un abugida con 11 vocales y 39 consonantes, junto con signos <a href=\"https:\/\/talkpal.ai\/locations\/language-courses-in-como\/\">como<\/a> chandrabindu, visarga y anusvara. Para aprender la gram\u00e1tica bengal\u00ed, es crucial familiarizarse con este sistema de escritura distintivo practicando la lectura y la escritura en bengal\u00ed. Las caracter\u00edsticas fon\u00e9ticas clave incluyen la vocal inherente, los contrastes entre los sonidos dentales y retroflejos y las consonantes aspiradas versus no aspiradas.<\/p>\n\n\n\n<h3 class=\"wp-block-heading\" id=\"h-2-sandhi-and-conjuncts-a-distinctive-bengali-feature\">2. Sandhi y conjunciones: una caracter\u00edstica distintiva bengal\u00ed<\/h3>\n\n\n\n<p>Uno de los aspectos m\u00e1s llamativos del bengal\u00ed es la prevalencia de las <a href=\"https:\/\/talkpal.ai\/zh-hans\/grammar_exercises\/conjunciones-%e8%a5%bf%e7%8f%ad%e7%89%99%e8%af%ad%e6%b3%95%e7%bb%83%e4%b9%a0\/\">conjunciones<\/a> de sandhi y consonantes, que pueden cambiar la pronunciaci\u00f3n y la ortograf\u00eda en los l\u00edmites del morfema y las palabras. Los patrones comunes incluyen la reducci\u00f3n o elisi\u00f3n de vocales, la asimilaci\u00f3n, la nasalizaci\u00f3n y la formaci\u00f3n de ligaduras en la escritura. Comprender cu\u00e1ndo y c\u00f3mo ocurren estas alternancias es vital para una comunicaci\u00f3n precisa en bengal\u00ed.<\/p>\n\n\n\n<h3 class=\"wp-block-heading\" id=\"h-3-nouns-and-pronouns-classifiers-and-cases\">3. Sustantivos y pronombres: clasificadores y casos<\/h3>\n\n\n\n<p>Los sustantivos bengal\u00edes no <a href=\"https:\/\/talkpal.ai\/locations\/language-courses-in-tienen\/\">tienen<\/a> g\u00e9nero gramatical, y la marcaci\u00f3n plural a menudo involucra clasificadores. Los marcadores de caso se adjuntan como sufijos, por ejemplo, genitivo -r o -er, objetivo -ke y locativo -e. Los clasificadores como -ta o -ti, -jon y -khana se utilizan al contar o especificar sustantivos. Los pronombres en bengal\u00ed incluyen formas personales, posesivas, reflexivas, demostrativas e interrogativas, y reflejan niveles de cortes\u00eda, por ejemplo, ami, tumi, apni, tui, she, tara. Familiarizarse con estos pronombres y sus formas mejorar\u00e1 significativamente su comprensi\u00f3n de la gram\u00e1tica bengal\u00ed.<\/p>\n\n\n\n<h3 class=\"wp-block-heading\" id=\"h-4-verbs-structure-and-conjugation\">4. Verbos: estructura y conjugaci\u00f3n<\/h3>\n\n\n\n<p>Los verbos bengal\u00edes siguen una estructura distintiva y un patr\u00f3n de conjugaci\u00f3n seg\u00fan el tiempo, el aspecto, el estado de \u00e1nimo y la cortes\u00eda. Los tiempos esenciales son presente, pasado y futuro, con elementos adicionales como aspectos progresivos y perfectos, y modos condicionales e imperativos. Aprender las reglas de conjugaci\u00f3n de verbos, incluidos los patrones negativos comunes con na, mejorar\u00e1 su capacidad para comunicarse de manera efectiva en bengal\u00ed.<\/p>\n\n\n\n<h3 class=\"wp-block-heading\" id=\"h-5-adjectives-agreement-and-placement\">5. Adjetivos: Acuerdo y colocaci\u00f3n<\/h3>\n\n\n\n<p>Concordancia y ubicaci\u00f3n En la gram\u00e1tica bengal\u00ed, los adjetivos suelen preceder al sustantivo que modifican y no concuerdan en g\u00e9nero o n\u00famero con el sustantivo. Los significados comparativos y superlativos a menudo se expresan anal\u00edticamente, por ejemplo, con beshi para comparativo y shobcheye para superlativo, aunque tambi\u00e9n existen sufijos formales como -toro y -tomo.<\/p>\n\n\n\n<p><strong>Ejemplos:<\/strong><\/p>\n\n\n\n<p><strong>\u2013 Chhoto Bachchara (ni\u00f1os peque\u00f1os)<\/strong><\/p>\n\n\n\n<p><strong>\u2013 Boro Bhalobasha (Gran amor)<\/strong><\/p>\n\n\n\n<h3 class=\"wp-block-heading\" id=\"h-6-engaging-with-the-language\">6. Comprometerse con la lengua<\/h3>\n\n\n\n<p>La forma m\u00e1s efectiva de comprender e internalizar completamente la gram\u00e1tica bengal\u00ed es comprometerse constantemente con el idioma. Al leer literatura bengal\u00ed, ver pel\u00edculas o series de televisi\u00f3n bengal\u00edes y comunicarse activamente con hablantes nativos, reforzar\u00e1 su comprensi\u00f3n de la gram\u00e1tica mientras ampl\u00eda su vocabulario.<\/p>\n\n\n\n<h3 class=\"wp-block-heading\" id=\"h-conclusion\">Conclusi\u00f3n<\/h3>\n\n\n\n<p>Aunque la gram\u00e1tica bengal\u00ed puede parecer intrincada, puedes dominar este hermoso idioma con dedicaci\u00f3n, pr\u00e1ctica y entusiasmo. Al centrarse en las reglas fundamentales y comprometerse con el idioma en diferentes contextos, mejorar\u00e1 r\u00e1pidamente sus <a href=\"https:\/\/talkpal.ai\/es\/gramatica\/\">habilidades gramaticales<\/a> bengal\u00edes. \u00a1Shubho kamona (buena suerte) con tu viaje por el idioma bengal\u00ed y disfruta desentra\u00f1ando el enigm\u00e1tico pero cautivador mundo de la gram\u00e1tica bengal\u00ed!<\/p>\n<\/div><\/div>\n\r\n<section class=\"learnNavigationSection\">\r\n            \r\n        <a href=\"https:\/\/talkpal.ai\/es\/aprende-bengali\/\">\r\n            <div class=\"learnNavigationWrapper\">\r\n                <div class=\"learnNavigationContent\">\r\n                    <img decoding=\"async\" src=\"https:\/\/talkpal.ai\/wp-content\/uploads\/2025\/11\/Bengali.png\" alt=\"Bengali Flag\">\r\n                    <div>\r\n                        <h4>Acerca de Bengali Learning<\/h4>\r\n                        <p>Descubre todo sobre la gram\u00e1tica bengal\u00ed.<\/p>\r\n                    <\/div>\r\n                <\/div>\r\n            <\/div>\r\n        <\/a>\r\n\r\n        \r\n        <a href=\"https:\/\/talkpal.ai\/es\/ejercicios-de-gramatica-bengali\/\">\r\n            <div class=\"learnNavigationWrapper\">\r\n                <div class=\"learnNavigationContent\">\r\n                    <img decoding=\"async\" src=\"https:\/\/talkpal.ai\/wp-content\/uploads\/2025\/11\/Bengali.png\" alt=\"Bengali Flag\">\r\n                    <div>\r\n                        <h4>Ejercicio de gram\u00e1tica bengal\u00ed<\/h4>\r\n                        <p>Practica la gram\u00e1tica bengal\u00ed.<\/p>\r\n                    <\/div>\r\n                <\/div>\r\n            <\/div>\r\n        <\/a>\r\n\r\n            <\/section>","protected":false},"excerpt":{"rendered":"<p>Navegando por las complejidades de la gram\u00e1tica bengal\u00ed El bengal\u00ed, una lengua indoaria con una rica historia y significado cultural, ofrece una experiencia ling\u00fc\u00edstica emocionante para aquellos que deseen explorar su sistema gramatical \u00fanico. A medida que se adentra en el reino del bengal\u00ed, no solo enriquecer\u00e1 su repertorio ling\u00fc\u00edstico, sino que tambi\u00e9n emprender\u00e1 un [&hellip;]<\/p>\n","protected":false},"author":20,"featured_media":0,"parent":0,"menu_order":0,"comment_status":"closed","ping_status":"closed","template":"LearningContentPage.php","meta":{"_acf_changed":false,"footnotes":""},"class_list":["post-1463545","page","type-page","status-publish","hentry"],"acf":[],"yoast_head":"<!-- This site is optimized with the Yoast SEO Premium plugin v27.2 (Yoast SEO v27.2) - https:\/\/yoast.com\/product\/yoast-seo-premium-wordpress\/ -->\n<title>Gram\u00e1tica bengal\u00ed - Talkpal<\/title>\n<meta name=\"description\" content=\"Desvela los secretos de la gram\u00e1tica bengal\u00ed y acelera tu aprendizaje con nuestro avanzado tutor ling\u00fc\u00edstico de IA.\" \/>\n<meta name=\"robots\" content=\"index, follow, max-snippet:-1, max-image-preview:large, max-video-preview:-1\" \/>\n<link rel=\"canonical\" href=\"https:\/\/talkpal.ai\/es\/gramatica-bengali\/\" \/>\n<meta property=\"og:locale\" content=\"es_ES\" \/>\n<meta property=\"og:type\" content=\"article\" \/>\n<meta property=\"og:title\" content=\"Gram\u00e1tica bengal\u00ed\" \/>\n<meta property=\"og:description\" content=\"Navegando por las complejidades de la gram\u00e1tica bengal\u00ed El bengal\u00ed, una lengua indoaria con una rica historia y significado cultural, ofrece una\" \/>\n<meta property=\"og:url\" content=\"https:\/\/talkpal.ai\/es\/gramatica-bengali\/\" \/>\n<meta property=\"og:site_name\" content=\"Talkpal\" \/>\n<meta property=\"article:publisher\" content=\"https:\/\/www.facebook.com\/profile.php?id=100090733639311\" \/>\n<meta property=\"article:modified_time\" content=\"2025-12-30T15:12:35+00:00\" \/>\n<meta property=\"og:image\" content=\"https:\/\/talkpal.ai\/wp-content\/uploads\/2025\/02\/Progress-tab-16_9.png\" \/>\n\t<meta property=\"og:image:width\" content=\"2880\" \/>\n\t<meta property=\"og:image:height\" content=\"1620\" \/>\n\t<meta property=\"og:image:type\" content=\"image\/png\" \/>\n<meta name=\"twitter:card\" content=\"summary_large_image\" \/>\n<meta name=\"twitter:site\" content=\"@talkpalai\" \/>\n<meta name=\"twitter:label1\" content=\"Tiempo de lectura\" \/>\n\t<meta name=\"twitter:data1\" content=\"3 minutos\" \/>\n<script type=\"application\/ld+json\" class=\"yoast-schema-graph\">{\"@context\":\"https:\/\/schema.org\",\"@graph\":[{\"@type\":\"WebPage\",\"@id\":\"https:\/\/talkpal.ai\/es\/gramatica-bengali\/\",\"url\":\"https:\/\/talkpal.ai\/es\/gramatica-bengali\/\",\"name\":\"Gram\u00e1tica bengal\u00ed - Talkpal\",\"isPartOf\":{\"@id\":\"https:\/\/talkpal.ai\/es\/#website\"},\"datePublished\":\"2025-11-11T15:54:57+00:00\",\"dateModified\":\"2025-12-30T15:12:35+00:00\",\"description\":\"Desvela los secretos de la gram\u00e1tica bengal\u00ed y acelera tu aprendizaje con nuestro avanzado tutor ling\u00fc\u00edstico de IA.\",\"breadcrumb\":{\"@id\":\"https:\/\/talkpal.ai\/es\/gramatica-bengali\/#breadcrumb\"},\"inLanguage\":\"es\",\"potentialAction\":[{\"@type\":\"ReadAction\",\"target\":[\"https:\/\/talkpal.ai\/es\/gramatica-bengali\/\"]}]},{\"@type\":\"BreadcrumbList\",\"@id\":\"https:\/\/talkpal.ai\/es\/gramatica-bengali\/#breadcrumb\",\"itemListElement\":[{\"@type\":\"ListItem\",\"position\":1,\"name\":\"Homepage\",\"item\":\"https:\/\/talkpal.ai\/es\/\"},{\"@type\":\"ListItem\",\"position\":2,\"name\":\"Gram\u00e1tica bengal\u00ed\"}]},{\"@type\":\"WebSite\",\"@id\":\"https:\/\/talkpal.ai\/es\/#website\",\"url\":\"https:\/\/talkpal.ai\/es\/\",\"name\":\"Talkpal\",\"description\":\"AI Language Learning\",\"publisher\":{\"@id\":\"https:\/\/talkpal.ai\/es\/#organization\"},\"alternateName\":\"Talkpal AI\",\"potentialAction\":[{\"@type\":\"SearchAction\",\"target\":{\"@type\":\"EntryPoint\",\"urlTemplate\":\"https:\/\/talkpal.ai\/es\/?s={search_term_string}\"},\"query-input\":{\"@type\":\"PropertyValueSpecification\",\"valueRequired\":true,\"valueName\":\"search_term_string\"}}],\"inLanguage\":\"es\"},{\"@type\":\"Organization\",\"@id\":\"https:\/\/talkpal.ai\/es\/#organization\",\"name\":\"Talkpal, Inc.\",\"alternateName\":\"Talkpal AI\",\"url\":\"https:\/\/talkpal.ai\/es\/\",\"logo\":{\"@type\":\"ImageObject\",\"inLanguage\":\"es\",\"@id\":\"https:\/\/talkpal.ai\/es\/#\/schema\/logo\/image\/\",\"url\":\"https:\/\/talkpal.ai\/wp-content\/uploads\/2024\/03\/Talkpal-Logo-Icon.png\",\"contentUrl\":\"https:\/\/talkpal.ai\/wp-content\/uploads\/2024\/03\/Talkpal-Logo-Icon.png\",\"width\":2880,\"height\":2880,\"caption\":\"Talkpal, Inc.\"},\"image\":{\"@id\":\"https:\/\/talkpal.ai\/es\/#\/schema\/logo\/image\/\"},\"sameAs\":[\"https:\/\/www.facebook.com\/profile.php?id=100090733639311\",\"https:\/\/x.com\/talkpalai\",\"https:\/\/www.linkedin.com\/company\/talkpal\/\",\"https:\/\/www.youtube.com\/@TalkPal\/\",\"https:\/\/www.tiktok.com\/@talkpal\",\"https:\/\/www.instagram.com\/talkpal_ai\/\",\"https:\/\/www.crunchbase.com\/organization\/talkpal-9cde\",\"https:\/\/www.g2.com\/products\/talkpal-for-business\/\",\"https:\/\/www.trustpilot.com\/review\/talkpal.ai\",\"https:\/\/www.capterra.com\/p\/10006800\/TalkPal\/\"],\"description\":\"Talkpal is a language learning web and mobile education app, powered by the latest AI technologies, that provides engaging experiences to its customers in many different languages to help them improve their language skills. Users can chat about unlimited amount of topics with the app and use other modes to practice their language learning.\",\"email\":\"support@talkpal.ai\",\"legalName\":\"Talkpal, Inc.\",\"foundingDate\":\"2023-04-03\",\"duns\":\"118989042\",\"numberOfEmployees\":{\"@type\":\"QuantitativeValue\",\"minValue\":\"11\",\"maxValue\":\"50\"},\"publishingPrinciples\":\"https:\/\/talkpal.ai\/publishing-principles\/\",\"actionableFeedbackPolicy\":\"https:\/\/talkpal.ai\/actionable-feedback-policy\/\",\"correctionsPolicy\":\"https:\/\/talkpal.ai\/corrections-policy\/\",\"ethicsPolicy\":\"https:\/\/talkpal.ai\/ethics-policy\/\",\"diversityPolicy\":\"https:\/\/talkpal.ai\/diversity-policy\/\",\"diversityStaffingReport\":\"https:\/\/talkpal.ai\/diversity-policy\/\"}]}<\/script>\n<!-- \/ Yoast SEO Premium plugin. -->","yoast_head_json":{"title":"Gram\u00e1tica bengal\u00ed - Talkpal","description":"Desvela los secretos de la gram\u00e1tica bengal\u00ed y acelera tu aprendizaje con nuestro avanzado tutor ling\u00fc\u00edstico de IA.","robots":{"index":"index","follow":"follow","max-snippet":"max-snippet:-1","max-image-preview":"max-image-preview:large","max-video-preview":"max-video-preview:-1"},"canonical":"https:\/\/talkpal.ai\/es\/gramatica-bengali\/","og_locale":"es_ES","og_type":"article","og_title":"Gram\u00e1tica bengal\u00ed","og_description":"Navegando por las complejidades de la gram\u00e1tica bengal\u00ed El bengal\u00ed, una lengua indoaria con una rica historia y significado cultural, ofrece una","og_url":"https:\/\/talkpal.ai\/es\/gramatica-bengali\/","og_site_name":"Talkpal","article_publisher":"https:\/\/www.facebook.com\/profile.php?id=100090733639311","article_modified_time":"2025-12-30T15:12:35+00:00","og_image":[{"width":2880,"height":1620,"url":"https:\/\/talkpal.ai\/wp-content\/uploads\/2025\/02\/Progress-tab-16_9.png","type":"image\/png"}],"twitter_card":"summary_large_image","twitter_site":"@talkpalai","twitter_misc":{"Tiempo de lectura":"3 minutos"},"schema":{"@context":"https:\/\/schema.org","@graph":[{"@type":"WebPage","@id":"https:\/\/talkpal.ai\/es\/gramatica-bengali\/","url":"https:\/\/talkpal.ai\/es\/gramatica-bengali\/","name":"Gram\u00e1tica bengal\u00ed - Talkpal","isPartOf":{"@id":"https:\/\/talkpal.ai\/es\/#website"},"datePublished":"2025-11-11T15:54:57+00:00","dateModified":"2025-12-30T15:12:35+00:00","description":"Desvela los secretos de la gram\u00e1tica bengal\u00ed y acelera tu aprendizaje con nuestro avanzado tutor ling\u00fc\u00edstico de IA.","breadcrumb":{"@id":"https:\/\/talkpal.ai\/es\/gramatica-bengali\/#breadcrumb"},"inLanguage":"es","potentialAction":[{"@type":"ReadAction","target":["https:\/\/talkpal.ai\/es\/gramatica-bengali\/"]}]},{"@type":"BreadcrumbList","@id":"https:\/\/talkpal.ai\/es\/gramatica-bengali\/#breadcrumb","itemListElement":[{"@type":"ListItem","position":1,"name":"Homepage","item":"https:\/\/talkpal.ai\/es\/"},{"@type":"ListItem","position":2,"name":"Gram\u00e1tica bengal\u00ed"}]},{"@type":"WebSite","@id":"https:\/\/talkpal.ai\/es\/#website","url":"https:\/\/talkpal.ai\/es\/","name":"Talkpal","description":"AI Language Learning","publisher":{"@id":"https:\/\/talkpal.ai\/es\/#organization"},"alternateName":"Talkpal AI","potentialAction":[{"@type":"SearchAction","target":{"@type":"EntryPoint","urlTemplate":"https:\/\/talkpal.ai\/es\/?s={search_term_string}"},"query-input":{"@type":"PropertyValueSpecification","valueRequired":true,"valueName":"search_term_string"}}],"inLanguage":"es"},{"@type":"Organization","@id":"https:\/\/talkpal.ai\/es\/#organization","name":"Talkpal, Inc.","alternateName":"Talkpal AI","url":"https:\/\/talkpal.ai\/es\/","logo":{"@type":"ImageObject","inLanguage":"es","@id":"https:\/\/talkpal.ai\/es\/#\/schema\/logo\/image\/","url":"https:\/\/talkpal.ai\/wp-content\/uploads\/2024\/03\/Talkpal-Logo-Icon.png","contentUrl":"https:\/\/talkpal.ai\/wp-content\/uploads\/2024\/03\/Talkpal-Logo-Icon.png","width":2880,"height":2880,"caption":"Talkpal, Inc."},"image":{"@id":"https:\/\/talkpal.ai\/es\/#\/schema\/logo\/image\/"},"sameAs":["https:\/\/www.facebook.com\/profile.php?id=100090733639311","https:\/\/x.com\/talkpalai","https:\/\/www.linkedin.com\/company\/talkpal\/","https:\/\/www.youtube.com\/@TalkPal\/","https:\/\/www.tiktok.com\/@talkpal","https:\/\/www.instagram.com\/talkpal_ai\/","https:\/\/www.crunchbase.com\/organization\/talkpal-9cde","https:\/\/www.g2.com\/products\/talkpal-for-business\/","https:\/\/www.trustpilot.com\/review\/talkpal.ai","https:\/\/www.capterra.com\/p\/10006800\/TalkPal\/"],"description":"Talkpal is a language learning web and mobile education app, powered by the latest AI technologies, that provides engaging experiences to its customers in many different languages to help them improve their language skills. Users can chat about unlimited amount of topics with the app and use other modes to practice their language learning.","email":"support@talkpal.ai","legalName":"Talkpal, Inc.","foundingDate":"2023-04-03","duns":"118989042","numberOfEmployees":{"@type":"QuantitativeValue","minValue":"11","maxValue":"50"},"publishingPrinciples":"https:\/\/talkpal.ai\/publishing-principles\/","actionableFeedbackPolicy":"https:\/\/talkpal.ai\/actionable-feedback-policy\/","correctionsPolicy":"https:\/\/talkpal.ai\/corrections-policy\/","ethicsPolicy":"https:\/\/talkpal.ai\/ethics-policy\/","diversityPolicy":"https:\/\/talkpal.ai\/diversity-policy\/","diversityStaffingReport":"https:\/\/talkpal.ai\/diversity-policy\/"}]}},"_links":{"self":[{"href":"https:\/\/talkpal.ai\/es\/wp-json\/wp\/v2\/pages\/1463545","targetHints":{"allow":["GET"]}}],"collection":[{"href":"https:\/\/talkpal.ai\/es\/wp-json\/wp\/v2\/pages"}],"about":[{"href":"https:\/\/talkpal.ai\/es\/wp-json\/wp\/v2\/types\/page"}],"author":[{"embeddable":true,"href":"https:\/\/talkpal.ai\/es\/wp-json\/wp\/v2\/users\/20"}],"replies":[{"embeddable":true,"href":"https:\/\/talkpal.ai\/es\/wp-json\/wp\/v2\/comments?post=1463545"}],"version-history":[{"count":0,"href":"https:\/\/talkpal.ai\/es\/wp-json\/wp\/v2\/pages\/1463545\/revisions"}],"wp:attachment":[{"href":"https:\/\/talkpal.ai\/es\/wp-json\/wp\/v2\/media?parent=1463545"}],"curies":[{"name":"wp","href":"https:\/\/api.w.org\/{rel}","templated":true}]}}