{"id":1463498,"date":"2025-11-12T10:09:38","date_gmt":"2025-11-12T10:09:38","guid":{"rendered":"https:\/\/talkpal.ai\/gramatica-javanesa\/"},"modified":"2025-12-30T15:01:57","modified_gmt":"2025-12-30T15:01:57","slug":"gramatica-javanesa","status":"publish","type":"page","link":"https:\/\/talkpal.ai\/es\/gramatica-javanesa\/","title":{"rendered":"Gram\u00e1tica javanesa"},"content":{"rendered":"\r\n\r\n\r\n<section class=\"languageChallengeSection\">\r\n    <div class=\"languageInfoWrapper\">\r\n        \r\n        <h1>Gram\u00e1tica javanesa<\/h1>\r\n        <p>La gram\u00e1tica javanesa puede parecer un desaf\u00edo al principio, pero sus caracter\u00edsticas \u00fanicas hacen que aprender el idioma sea una experiencia gratificante. Explorando su alfabeto, sus mutaciones y sus reglas gramaticales, conocer\u00e1s una rica tradici\u00f3n ling\u00fc\u00edstica. \u00a1Comienza tu viaje y descubre la belleza de los javaneses!<\/p>\r\n\r\n                            <a class=\"getStartedHidden\" href=\"https:\/\/app.talkpal.ai\/es-es\/signup?lng=\">Comenzar<\/a>\r\n        \r\n    <\/div>\r\n\r\n    <figure>\r\n    <img decoding=\"async\" width=\"768\" height=\"768\" src=\"https:\/\/talkpal.ai\/wp-content\/uploads\/2023\/06\/welsh-768x768.png\" class=\"languageImage no-lazy\" alt=\"Default alt text\" fetchpriority=\"high\" sizes=\"(max-width: 768px) 150px, 768px\" srcset=\"https:\/\/talkpal.ai\/wp-content\/uploads\/2023\/06\/welsh-768x768.png 768w, https:\/\/talkpal.ai\/wp-content\/uploads\/2023\/06\/welsh-300x300.png 300w\" \/>\r\n    \r\n\r\n    <\/figure>\r\n\r\n            <a class=\"getStartedVisible\" href=\"https:\/\/app.talkpal.ai\/es-es\/signup?lng=\">Comenzar<\/a>\r\n    \r\n<\/section><section class=\"promotionalBanner\">\r\n    <p class=\"promotionalText\">La forma m\u00e1s eficiente de aprender un idioma<\/p>\r\n    <a class=\"promotionalLink\" href=\"https:\/\/app.talkpal.ai\/es-es\/signup?lng=\">Prueba Talkpal gratis<\/a>\r\n<\/section>\n<div class=\"wp-block-group pageContainerStyle\"><div class=\"wp-block-group__inner-container is-layout-constrained wp-block-group-is-layout-constrained\">\n<h2 class=\"wp-block-heading\" id=\"h-navigating-the-intricacies-of-javanese-grammar\">Navegando por las complejidades de la gram\u00e1tica javanesa<\/h2>\n\n\n\n<p><a href=\"https:\/\/talkpal.ai\/es\/aprende-javanes\/\">El javan\u00e9s<\/a>, una lengua austronesia con una rica historia y significado cultural, ofrece una experiencia ling\u00fc\u00edstica emocionante para aquellos que deseen explorar su sistema gramatical \u00fanico. A medida que te adentras en el reino del javan\u00e9s, no solo enriquecer\u00e1s tu repertorio ling\u00fc\u00edstico, sino que tambi\u00e9n emprender\u00e1s un fascinante viaje cultural. Si bien la gram\u00e1tica javanesa puede parecer complicada al principio, dividirla en componentes b\u00e1sicos hace que el aprendizaje del idioma sea m\u00e1s accesible. En este art\u00edculo, exploraremos el cautivador mundo de la gram\u00e1tica javanesa y brindaremos consejos sobre c\u00f3mo dominar sus complejidades.<\/p>\n\n\n\n<h3 class=\"wp-block-heading\" id=\"h-1-javanese-alphabet-and-phonetics\">1. Alfabeto javan\u00e9s y fon\u00e9tica<\/h3>\n\n\n\n<p>El javan\u00e9s hoy en d\u00eda se escribe com\u00fanmente con el alfabeto latino, aunque tambi\u00e9n tiene una escritura <a href=\"https:\/\/talkpal.ai\/will-ai-kill-traditional-language-learning\/\">tradicional<\/a> conocida <a href=\"https:\/\/talkpal.ai\/locations\/language-courses-in-como\/\">como<\/a> Aksara Jawa o Hanacaraka. Para aprender la gram\u00e1tica javanesa, es crucial familiarizarse tanto con la ortograf\u00eda moderna basada en el lat\u00edn como, si lo desea, con la escritura tradicional. Las caracter\u00edsticas fon\u00e9ticas clave incluyen la distinci\u00f3n entre e \/\u0259\/ y \u00e9 \/e\/, la ng nasal velar y la <a href=\"https:\/\/talkpal.ai\/talkpal-new-years-discount\/\">ny<\/a> palatal, y una oclusiva glotal que puede surgir en algunos dialectos. Practicar la lectura y la escritura en ambos sistemas construir\u00e1 una base s\u00f3lida para la gram\u00e1tica.<\/p>\n\n\n\n<h3 class=\"wp-block-heading\" id=\"h-2-nouns-and-pronouns-number-and-levels\">2. Sustantivos y pronombres: n\u00famero y niveles<\/h3>\n\n\n\n<p>Un aspecto sorprendente del javan\u00e9s es la forma en que ciertos prefijos desencadenan cambios en la consonante inicial de una palabra. El prefijo verbal nasal N- causa alternancias como p que se convierte en m, t que se convierte en n, k que se convierte en ng y s que se convierte en ny. Comprender cu\u00e1ndo y c\u00f3mo ocurren estas alternancias es vital para una comunicaci\u00f3n precisa en javan\u00e9s. Los ejemplos incluyen pangan a mangan, tulis a nulis, gawe a nggawe y sapu a nyapu.<\/p>\n\n\n\n<h3 class=\"wp-block-heading\" id=\"h-3-nouns-and-pronouns-gender-and-cases\">3. Sustantivos y pronombres: g\u00e9nero y casos<\/h3>\n\n\n\n<p>Los sustantivos javaneses no <a href=\"https:\/\/talkpal.ai\/locations\/language-courses-in-tienen\/\">tienen<\/a> g\u00e9nero gramatical ni caso. La pluralidad es a menudo opcional y puede expresarse mediante reduplicaci\u00f3n o part\u00edculas para el respeto y los colectivos, como bocah-bocah para los ni\u00f1os y para para un plural respetuoso de personas. Los pronombres var\u00edan seg\u00fan el nivel del habla, lo cual es fundamental para el javan\u00e9s: formas ngoko como aku, kowe, dheweke y formas krama como <a href=\"https:\/\/talkpal.ai\/locations\/language-courses-in-kula\/\">kula<\/a>, panjenengan, piyambakipun. La posesi\u00f3n se puede marcar con encl\u00edticos como -ku, -mu y -e, y los demostrativos incluyen iki this e iku that.<\/p>\n\n\n\n<h3 class=\"wp-block-heading\" id=\"h-4-verbs-structure-and-conjugation\">4. Verbos: estructura y conjugaci\u00f3n<\/h3>\n\n\n\n<p>Los verbos javaneses no se conjugan para persona o tiempo. <a href=\"https:\/\/talkpal.ai\/culture\/how-do-i-use-the-expression-en-cambio\/\">En cambio<\/a>, el aspecto, el estado de \u00e1nimo y el tiempo se expresan a trav\u00e9s de part\u00edculas y auxiliares como wis already, durung not yet, lagi in progress, arep o bakal para <a href=\"https:\/\/talkpal.ai\/ja\/grammar_exercises\/futuro-%e3%82%b9%e3%83%9a%e3%82%a4%e3%83%b3%e8%aa%9e%e3%81%ae%e6%96%87%e6%b3%95%e3%81%ae%e6%bc%94%e7%bf%92\/\">futuro<\/a> o intenci\u00f3n. La voz y la valencia se manejan con morfolog\u00eda, incluyendo el prefijo nasal activo N-, el pasivo di-, y en contextos m\u00e1s formales o literarios ka-. Los procl\u00edticos como tak- pueden marcar a un agente en primera persona en algunos estilos. Dominar estos patrones mejorar\u00e1 tu capacidad para comunicarte de manera efectiva en javan\u00e9s.<\/p>\n\n\n\n<h3 class=\"wp-block-heading\" id=\"h-5-adjectives-agreement-and-placement\">5. Adjetivos: Acuerdo y colocaci\u00f3n<\/h3>\n\n\n\n<p>En la gram\u00e1tica javanesa, los adjetivos suelen seguir al sustantivo que modifican y no concuerdan en n\u00famero o g\u00e9nero. Los significados comparativos y superlativos se forman com\u00fanmente con luwih m\u00e1s y palideciendo m\u00e1s, a menudo con saka que para marcar la comparaci\u00f3n. La reduplicaci\u00f3n o los intensificadores como banget pueden agregar matices.<\/p>\n\n\n\n<p><strong>Ejemplos:<\/strong><\/p>\n\n\n\n<p><strong>\u2013 Tresna Gedhe (Gran amor)<\/strong><\/p>\n\n\n\n<p><strong>\u2013 bocah-bocah cilik (ni\u00f1os peque\u00f1os)<\/strong><\/p>\n\n\n\n<h3 class=\"wp-block-heading\" id=\"h-6-engaging-with-the-language\">6. Comprometerse con la lengua<\/h3>\n\n\n\n<p>La forma m\u00e1s efectiva de comprender e internalizar completamente la gram\u00e1tica javanesa es comprometerse constantemente con el idioma. Al leer literatura javanesa y textos de canciones, ver wayang kulit o medios javaneses contempor\u00e1neos, escuchar tembang macapat y comunicarse activamente con hablantes nativos a trav\u00e9s de diferentes registros, reforzar\u00e1 su comprensi\u00f3n de la gram\u00e1tica mientras ampl\u00eda su vocabulario.<\/p>\n\n\n\n<h3 class=\"wp-block-heading\" id=\"h-conclusion\">Conclusi\u00f3n<\/h3>\n\n\n\n<p>Aunque la gram\u00e1tica javanesa puede parecer intrincada, puedes dominar este hermoso idioma con dedicaci\u00f3n, pr\u00e1ctica y entusiasmo. Al centrarse en las reglas fundamentales y comprometerse con el idioma en diferentes contextos, mejorar\u00e1 r\u00e1pidamente sus <a href=\"https:\/\/talkpal.ai\/es\/gramatica\/\">habilidades gramaticales<\/a> en javan\u00e9s. Muga-muga sukses (buena suerte) con tu viaje por el idioma javan\u00e9s, \u00a1y disfruta desentra\u00f1ando el enigm\u00e1tico pero cautivador mundo de la gram\u00e1tica javanesa!<\/p>\n<\/div><\/div>\n\r\n<section class=\"learnNavigationSection\">\r\n            \r\n        <a href=\"https:\/\/talkpal.ai\/es\/aprende-javanes\/\">\r\n            <div class=\"learnNavigationWrapper\">\r\n                <div class=\"learnNavigationContent\">\r\n                    <img decoding=\"async\" src=\"https:\/\/talkpal.ai\/wp-content\/uploads\/2025\/11\/Javanese.png\" alt=\"Indonesian Flag\">\r\n                    <div>\r\n                        <h4>Acerca del aprendizaje de javan\u00e9s<\/h4>\r\n                        <p>Descubre todo sobre la gram\u00e1tica javanesa.<\/p>\r\n                    <\/div>\r\n                <\/div>\r\n            <\/div>\r\n        <\/a>\r\n\r\n        \r\n        <a href=\"https:\/\/talkpal.ai\/es\/ejercicios-de-gramatica-javanesa\/\">\r\n            <div class=\"learnNavigationWrapper\">\r\n                <div class=\"learnNavigationContent\">\r\n                    <img decoding=\"async\" src=\"https:\/\/talkpal.ai\/wp-content\/uploads\/2025\/11\/Javanese.png\" alt=\"Indonesian Flag\">\r\n                    <div>\r\n                        <h4>Ejercicio de gram\u00e1tica javanesa<\/h4>\r\n                        <p>Practica la gram\u00e1tica javanesa.<\/p>\r\n                    <\/div>\r\n                <\/div>\r\n            <\/div>\r\n        <\/a>\r\n\r\n            <\/section>","protected":false},"excerpt":{"rendered":"<p>Navegando por las complejidades de la gram\u00e1tica javanesa El javan\u00e9s, una lengua austronesia con una rica historia y significado cultural, ofrece una experiencia ling\u00fc\u00edstica emocionante para aquellos que deseen explorar su sistema gramatical \u00fanico. A medida que te adentras en el reino del javan\u00e9s, no solo enriquecer\u00e1s tu repertorio ling\u00fc\u00edstico, sino que tambi\u00e9n emprender\u00e1s un [&hellip;]<\/p>\n","protected":false},"author":20,"featured_media":0,"parent":0,"menu_order":0,"comment_status":"closed","ping_status":"closed","template":"LearningContentPage.php","meta":{"_acf_changed":false,"footnotes":""},"class_list":["post-1463498","page","type-page","status-publish","hentry"],"acf":[],"yoast_head":"<!-- This site is optimized with the Yoast SEO Premium plugin v27.2 (Yoast SEO v27.2) - https:\/\/yoast.com\/product\/yoast-seo-premium-wordpress\/ -->\n<title>Gram\u00e1tica javanesa - Talkpal<\/title>\n<meta name=\"description\" content=\"Domina r\u00e1pidamente las reglas gramaticales y las estructuras oracionales javanesas con nuestra completa gu\u00eda dise\u00f1ada para un aprendizaje eficaz de la lengua.\" \/>\n<meta name=\"robots\" content=\"index, follow, max-snippet:-1, max-image-preview:large, max-video-preview:-1\" \/>\n<link rel=\"canonical\" href=\"https:\/\/talkpal.ai\/es\/gramatica-javanesa\/\" \/>\n<meta property=\"og:locale\" content=\"es_ES\" \/>\n<meta property=\"og:type\" content=\"article\" \/>\n<meta property=\"og:title\" content=\"Gram\u00e1tica javanesa\" \/>\n<meta property=\"og:description\" content=\"Navegando por las complejidades de la gram\u00e1tica javanesa El javan\u00e9s, una lengua austronesia con una rica historia y significado cultural, ofrece una\" \/>\n<meta property=\"og:url\" content=\"https:\/\/talkpal.ai\/es\/gramatica-javanesa\/\" \/>\n<meta property=\"og:site_name\" content=\"Talkpal\" \/>\n<meta property=\"article:publisher\" content=\"https:\/\/www.facebook.com\/profile.php?id=100090733639311\" \/>\n<meta property=\"article:modified_time\" content=\"2025-12-30T15:01:57+00:00\" \/>\n<meta property=\"og:image\" content=\"https:\/\/talkpal.ai\/wp-content\/uploads\/2025\/02\/Progress-tab-16_9.png\" \/>\n\t<meta property=\"og:image:width\" content=\"2880\" \/>\n\t<meta property=\"og:image:height\" content=\"1620\" \/>\n\t<meta property=\"og:image:type\" content=\"image\/png\" \/>\n<meta name=\"twitter:card\" content=\"summary_large_image\" \/>\n<meta name=\"twitter:site\" content=\"@talkpalai\" \/>\n<meta name=\"twitter:label1\" content=\"Tiempo de lectura\" \/>\n\t<meta name=\"twitter:data1\" content=\"4 minutos\" \/>\n<script type=\"application\/ld+json\" class=\"yoast-schema-graph\">{\"@context\":\"https:\/\/schema.org\",\"@graph\":[{\"@type\":\"WebPage\",\"@id\":\"https:\/\/talkpal.ai\/es\/gramatica-javanesa\/\",\"url\":\"https:\/\/talkpal.ai\/es\/gramatica-javanesa\/\",\"name\":\"Gram\u00e1tica javanesa - Talkpal\",\"isPartOf\":{\"@id\":\"https:\/\/talkpal.ai\/es\/#website\"},\"datePublished\":\"2025-11-12T10:09:38+00:00\",\"dateModified\":\"2025-12-30T15:01:57+00:00\",\"description\":\"Domina r\u00e1pidamente las reglas gramaticales y las estructuras oracionales javanesas con nuestra completa gu\u00eda dise\u00f1ada para un aprendizaje eficaz de la lengua.\",\"breadcrumb\":{\"@id\":\"https:\/\/talkpal.ai\/es\/gramatica-javanesa\/#breadcrumb\"},\"inLanguage\":\"es\",\"potentialAction\":[{\"@type\":\"ReadAction\",\"target\":[\"https:\/\/talkpal.ai\/es\/gramatica-javanesa\/\"]}]},{\"@type\":\"BreadcrumbList\",\"@id\":\"https:\/\/talkpal.ai\/es\/gramatica-javanesa\/#breadcrumb\",\"itemListElement\":[{\"@type\":\"ListItem\",\"position\":1,\"name\":\"Homepage\",\"item\":\"https:\/\/talkpal.ai\/es\/\"},{\"@type\":\"ListItem\",\"position\":2,\"name\":\"Gram\u00e1tica javanesa\"}]},{\"@type\":\"WebSite\",\"@id\":\"https:\/\/talkpal.ai\/es\/#website\",\"url\":\"https:\/\/talkpal.ai\/es\/\",\"name\":\"Talkpal\",\"description\":\"AI Language Learning\",\"publisher\":{\"@id\":\"https:\/\/talkpal.ai\/es\/#organization\"},\"alternateName\":\"Talkpal AI\",\"potentialAction\":[{\"@type\":\"SearchAction\",\"target\":{\"@type\":\"EntryPoint\",\"urlTemplate\":\"https:\/\/talkpal.ai\/es\/?s={search_term_string}\"},\"query-input\":{\"@type\":\"PropertyValueSpecification\",\"valueRequired\":true,\"valueName\":\"search_term_string\"}}],\"inLanguage\":\"es\"},{\"@type\":\"Organization\",\"@id\":\"https:\/\/talkpal.ai\/es\/#organization\",\"name\":\"Talkpal, Inc.\",\"alternateName\":\"Talkpal AI\",\"url\":\"https:\/\/talkpal.ai\/es\/\",\"logo\":{\"@type\":\"ImageObject\",\"inLanguage\":\"es\",\"@id\":\"https:\/\/talkpal.ai\/es\/#\/schema\/logo\/image\/\",\"url\":\"https:\/\/talkpal.ai\/wp-content\/uploads\/2024\/03\/Talkpal-Logo-Icon.png\",\"contentUrl\":\"https:\/\/talkpal.ai\/wp-content\/uploads\/2024\/03\/Talkpal-Logo-Icon.png\",\"width\":2880,\"height\":2880,\"caption\":\"Talkpal, Inc.\"},\"image\":{\"@id\":\"https:\/\/talkpal.ai\/es\/#\/schema\/logo\/image\/\"},\"sameAs\":[\"https:\/\/www.facebook.com\/profile.php?id=100090733639311\",\"https:\/\/x.com\/talkpalai\",\"https:\/\/www.linkedin.com\/company\/talkpal\/\",\"https:\/\/www.youtube.com\/@TalkPal\/\",\"https:\/\/www.tiktok.com\/@talkpal\",\"https:\/\/www.instagram.com\/talkpal_ai\/\",\"https:\/\/www.crunchbase.com\/organization\/talkpal-9cde\",\"https:\/\/www.g2.com\/products\/talkpal-for-business\/\",\"https:\/\/www.trustpilot.com\/review\/talkpal.ai\",\"https:\/\/www.capterra.com\/p\/10006800\/TalkPal\/\"],\"description\":\"Talkpal is a language learning web and mobile education app, powered by the latest AI technologies, that provides engaging experiences to its customers in many different languages to help them improve their language skills. Users can chat about unlimited amount of topics with the app and use other modes to practice their language learning.\",\"email\":\"support@talkpal.ai\",\"legalName\":\"Talkpal, Inc.\",\"foundingDate\":\"2023-04-03\",\"duns\":\"118989042\",\"numberOfEmployees\":{\"@type\":\"QuantitativeValue\",\"minValue\":\"11\",\"maxValue\":\"50\"},\"publishingPrinciples\":\"https:\/\/talkpal.ai\/publishing-principles\/\",\"actionableFeedbackPolicy\":\"https:\/\/talkpal.ai\/actionable-feedback-policy\/\",\"correctionsPolicy\":\"https:\/\/talkpal.ai\/corrections-policy\/\",\"ethicsPolicy\":\"https:\/\/talkpal.ai\/ethics-policy\/\",\"diversityPolicy\":\"https:\/\/talkpal.ai\/diversity-policy\/\",\"diversityStaffingReport\":\"https:\/\/talkpal.ai\/diversity-policy\/\"}]}<\/script>\n<!-- \/ Yoast SEO Premium plugin. -->","yoast_head_json":{"title":"Gram\u00e1tica javanesa - Talkpal","description":"Domina r\u00e1pidamente las reglas gramaticales y las estructuras oracionales javanesas con nuestra completa gu\u00eda dise\u00f1ada para un aprendizaje eficaz de la lengua.","robots":{"index":"index","follow":"follow","max-snippet":"max-snippet:-1","max-image-preview":"max-image-preview:large","max-video-preview":"max-video-preview:-1"},"canonical":"https:\/\/talkpal.ai\/es\/gramatica-javanesa\/","og_locale":"es_ES","og_type":"article","og_title":"Gram\u00e1tica javanesa","og_description":"Navegando por las complejidades de la gram\u00e1tica javanesa El javan\u00e9s, una lengua austronesia con una rica historia y significado cultural, ofrece una","og_url":"https:\/\/talkpal.ai\/es\/gramatica-javanesa\/","og_site_name":"Talkpal","article_publisher":"https:\/\/www.facebook.com\/profile.php?id=100090733639311","article_modified_time":"2025-12-30T15:01:57+00:00","og_image":[{"width":2880,"height":1620,"url":"https:\/\/talkpal.ai\/wp-content\/uploads\/2025\/02\/Progress-tab-16_9.png","type":"image\/png"}],"twitter_card":"summary_large_image","twitter_site":"@talkpalai","twitter_misc":{"Tiempo de lectura":"4 minutos"},"schema":{"@context":"https:\/\/schema.org","@graph":[{"@type":"WebPage","@id":"https:\/\/talkpal.ai\/es\/gramatica-javanesa\/","url":"https:\/\/talkpal.ai\/es\/gramatica-javanesa\/","name":"Gram\u00e1tica javanesa - Talkpal","isPartOf":{"@id":"https:\/\/talkpal.ai\/es\/#website"},"datePublished":"2025-11-12T10:09:38+00:00","dateModified":"2025-12-30T15:01:57+00:00","description":"Domina r\u00e1pidamente las reglas gramaticales y las estructuras oracionales javanesas con nuestra completa gu\u00eda dise\u00f1ada para un aprendizaje eficaz de la lengua.","breadcrumb":{"@id":"https:\/\/talkpal.ai\/es\/gramatica-javanesa\/#breadcrumb"},"inLanguage":"es","potentialAction":[{"@type":"ReadAction","target":["https:\/\/talkpal.ai\/es\/gramatica-javanesa\/"]}]},{"@type":"BreadcrumbList","@id":"https:\/\/talkpal.ai\/es\/gramatica-javanesa\/#breadcrumb","itemListElement":[{"@type":"ListItem","position":1,"name":"Homepage","item":"https:\/\/talkpal.ai\/es\/"},{"@type":"ListItem","position":2,"name":"Gram\u00e1tica javanesa"}]},{"@type":"WebSite","@id":"https:\/\/talkpal.ai\/es\/#website","url":"https:\/\/talkpal.ai\/es\/","name":"Talkpal","description":"AI Language Learning","publisher":{"@id":"https:\/\/talkpal.ai\/es\/#organization"},"alternateName":"Talkpal AI","potentialAction":[{"@type":"SearchAction","target":{"@type":"EntryPoint","urlTemplate":"https:\/\/talkpal.ai\/es\/?s={search_term_string}"},"query-input":{"@type":"PropertyValueSpecification","valueRequired":true,"valueName":"search_term_string"}}],"inLanguage":"es"},{"@type":"Organization","@id":"https:\/\/talkpal.ai\/es\/#organization","name":"Talkpal, Inc.","alternateName":"Talkpal AI","url":"https:\/\/talkpal.ai\/es\/","logo":{"@type":"ImageObject","inLanguage":"es","@id":"https:\/\/talkpal.ai\/es\/#\/schema\/logo\/image\/","url":"https:\/\/talkpal.ai\/wp-content\/uploads\/2024\/03\/Talkpal-Logo-Icon.png","contentUrl":"https:\/\/talkpal.ai\/wp-content\/uploads\/2024\/03\/Talkpal-Logo-Icon.png","width":2880,"height":2880,"caption":"Talkpal, Inc."},"image":{"@id":"https:\/\/talkpal.ai\/es\/#\/schema\/logo\/image\/"},"sameAs":["https:\/\/www.facebook.com\/profile.php?id=100090733639311","https:\/\/x.com\/talkpalai","https:\/\/www.linkedin.com\/company\/talkpal\/","https:\/\/www.youtube.com\/@TalkPal\/","https:\/\/www.tiktok.com\/@talkpal","https:\/\/www.instagram.com\/talkpal_ai\/","https:\/\/www.crunchbase.com\/organization\/talkpal-9cde","https:\/\/www.g2.com\/products\/talkpal-for-business\/","https:\/\/www.trustpilot.com\/review\/talkpal.ai","https:\/\/www.capterra.com\/p\/10006800\/TalkPal\/"],"description":"Talkpal is a language learning web and mobile education app, powered by the latest AI technologies, that provides engaging experiences to its customers in many different languages to help them improve their language skills. Users can chat about unlimited amount of topics with the app and use other modes to practice their language learning.","email":"support@talkpal.ai","legalName":"Talkpal, Inc.","foundingDate":"2023-04-03","duns":"118989042","numberOfEmployees":{"@type":"QuantitativeValue","minValue":"11","maxValue":"50"},"publishingPrinciples":"https:\/\/talkpal.ai\/publishing-principles\/","actionableFeedbackPolicy":"https:\/\/talkpal.ai\/actionable-feedback-policy\/","correctionsPolicy":"https:\/\/talkpal.ai\/corrections-policy\/","ethicsPolicy":"https:\/\/talkpal.ai\/ethics-policy\/","diversityPolicy":"https:\/\/talkpal.ai\/diversity-policy\/","diversityStaffingReport":"https:\/\/talkpal.ai\/diversity-policy\/"}]}},"_links":{"self":[{"href":"https:\/\/talkpal.ai\/es\/wp-json\/wp\/v2\/pages\/1463498","targetHints":{"allow":["GET"]}}],"collection":[{"href":"https:\/\/talkpal.ai\/es\/wp-json\/wp\/v2\/pages"}],"about":[{"href":"https:\/\/talkpal.ai\/es\/wp-json\/wp\/v2\/types\/page"}],"author":[{"embeddable":true,"href":"https:\/\/talkpal.ai\/es\/wp-json\/wp\/v2\/users\/20"}],"replies":[{"embeddable":true,"href":"https:\/\/talkpal.ai\/es\/wp-json\/wp\/v2\/comments?post=1463498"}],"version-history":[{"count":0,"href":"https:\/\/talkpal.ai\/es\/wp-json\/wp\/v2\/pages\/1463498\/revisions"}],"wp:attachment":[{"href":"https:\/\/talkpal.ai\/es\/wp-json\/wp\/v2\/media?parent=1463498"}],"curies":[{"name":"wp","href":"https:\/\/api.w.org\/{rel}","templated":true}]}}