{"id":1463477,"date":"2025-11-12T09:53:34","date_gmt":"2025-11-12T09:53:34","guid":{"rendered":"https:\/\/talkpal.ai\/ejercicios-de-gramatica-irlandesa\/"},"modified":"2025-12-30T14:29:28","modified_gmt":"2025-12-30T14:29:28","slug":"ejercicios-de-gramatica-irlandesa","status":"publish","type":"page","link":"https:\/\/talkpal.ai\/es\/ejercicios-de-gramatica-irlandesa\/","title":{"rendered":"Ejercicios de gram\u00e1tica irlandesa"},"content":{"rendered":"\r\n\r\n\r\n<section class=\"languageChallengeSection\">\r\n    <div class=\"languageInfoWrapper\">\r\n        \r\n        <h1>Ejercicios de gram\u00e1tica irlandesa<\/h1>\r\n        <p>\u00bfListo para sumergirte en la <a href=\"https:\/\/talkpal.ai\/irish-grammar\/\">gram\u00e1tica irlandesa<\/a>? Practicar algunas nociones b\u00e1sicas te ayudar\u00e1 a sentirte c\u00f3modo con esta lengua \u00fanica y hermosa. Prueba estos ejercicios para aumentar tu confianza y divertirte en el camino.<\/p>\r\n\r\n                            <a class=\"getStartedHidden\" href=\"https:\/\/app.talkpal.ai\/es-es\/signup?lng=\">Comenzar<\/a>\r\n        \r\n    <\/div>\r\n\r\n    <figure>\r\n    <img decoding=\"async\" width=\"768\" height=\"768\" src=\"https:\/\/talkpal.ai\/wp-content\/uploads\/2023\/06\/welsh-768x768.png\" class=\"languageImage no-lazy\" alt=\"Default alt text\" fetchpriority=\"high\" sizes=\"(max-width: 768px) 150px, 768px\" srcset=\"https:\/\/talkpal.ai\/wp-content\/uploads\/2023\/06\/welsh-768x768.png 768w, https:\/\/talkpal.ai\/wp-content\/uploads\/2023\/06\/welsh-300x300.png 300w\" \/>\r\n    \r\n\r\n    <\/figure>\r\n\r\n            <a class=\"getStartedVisible\" href=\"https:\/\/app.talkpal.ai\/es-es\/signup?lng=\">Comenzar<\/a>\r\n    \r\n<\/section><section class=\"promotionalBanner\">\r\n    <p class=\"promotionalText\">La forma m\u00e1s eficiente de aprender un idioma<\/p>\r\n    <a class=\"promotionalLink\" href=\"https:\/\/app.talkpal.ai\/es-es\/signup?lng=\">Prueba Talkpal gratis<\/a>\r\n<\/section>\n<div class=\"wp-block-group pageContainerStyle\"><div class=\"wp-block-group__inner-container is-layout-constrained wp-block-group-is-layout-constrained\">\n<h2 class=\"wp-block-heading\" id=\"h-irish-grammar-topics\">Temas de gram\u00e1tica irlandesa<\/h2>\n\n\n\n<p><a href=\"https:\/\/talkpal.ai\/es\/los-mayores-errores-que-hay-que-evitar-al-aprender-un-nuevo-idioma\/\">Aprender un nuevo idioma<\/a> puede ser un esfuerzo desafiante pero gratificante. El <a href=\"https:\/\/talkpal.ai\/learn-irish\/\">irland\u00e9s<\/a>, una lengua celta hablada principalmente en Irlanda, no es una excepci\u00f3n. Con sus caracter\u00edsticas y estructuras \u00fanicas, <a href=\"https:\/\/talkpal.ai\/es\/talkpal-para-la-educacion\/\">aprender<\/a> irland\u00e9s requiere un enfoque sistem\u00e1tico para comprender su compleja gram\u00e1tica. Esta gu\u00eda describe las \u00e1reas clave de la <a href=\"https:\/\/talkpal.ai\/es\/gramatica-irlandesa\/\">gram\u00e1tica irlandesa<\/a> en una secuencia l\u00f3gica para el <a href=\"https:\/\/talkpal.ai\/es\/chatbot-de-ia-para-el-aprendizaje-de-idiomas\/\">aprendizaje de idiomas<\/a>, comenzando desde lo b\u00e1sico <a href=\"https:\/\/talkpal.ai\/locations\/language-courses-in-como\/\">como<\/a> sustantivos y art\u00edculos, y progresando a \u00e1reas m\u00e1s complejas como <a href=\"https:\/\/talkpal.ai\/zh-hans\/grammar_exercises\/tiempos-%e8%a5%bf%e7%8f%ad%e7%89%99%e8%af%ad%e6%b3%95%e7%bb%83%e4%b9%a0\/\">tiempos verbales<\/a> y construcci\u00f3n de oraciones.<\/p>\n\n\n\n<h3 class=\"wp-block-heading\" id=\"h-1-nouns\">1. Sustantivos:<\/h3>\n\n\n\n<p>Comienza tu viaje por el idioma irland\u00e9s aprendiendo los sustantivos. Esto incluye comprender el g\u00e9nero de los sustantivos, los nombres comunes y propios, sus formas plurales y c\u00f3mo los casos afectan las formas y las mutaciones.<\/p>\n\n\n\n<h3 class=\"wp-block-heading\" id=\"h-2-articles\">2. Art\u00edculos:<\/h3>\n\n\n\n<p>Los art\u00edculos en el idioma irland\u00e9s se usan de manera diferente que en <a href=\"https:\/\/talkpal.ai\/es\/practica-de-habla-inglesa-de-ia\/\">ingl\u00e9s<\/a>. El irland\u00e9s tiene un art\u00edculo definido an y na pero no un art\u00edculo indefinido, por <a href=\"https:\/\/talkpal.ai\/culture\/how-do-i-use-lo-que-in-a-sentence\/\">lo que<\/a> dominar sus formas y efectos sobre las mutaciones es crucial.<\/p>\n\n\n\n<h3 class=\"wp-block-heading\" id=\"h-3-adjectives\">3. Adjetivos:<\/h3>\n\n\n\n<p>Los adjetivos en irland\u00e9s suelen seguir a sus sustantivos, que es diferente del <a href=\"https:\/\/talkpal.ai\/es\/locations\/aprende-ingles-en-orange\/\">ingl\u00e9s<\/a>. Tambi\u00e9n deber\u00e1 aprender sobre las mutaciones iniciales, como la lenici\u00f3n y la eclipsis, y c\u00f3mo formar <a href=\"https:\/\/talkpal.ai\/es\/guia-definitiva-de-comparativos-y-superlativos-en-ingles-aprende-facilmente\/\">comparativos y superlativos<\/a> con n\u00edos e is.<\/p>\n\n\n\n<h3 class=\"wp-block-heading\" id=\"h-4-pronouns-determiners\">4. Pronombres\/Determinantes:<\/h3>\n\n\n\n<p>Los pronombres y determinantes son esenciales en irland\u00e9s; reemplazan sustantivos y brindan informaci\u00f3n sobre cantidad, posesi\u00f3n y m\u00e1s. Aprende <a href=\"https:\/\/talkpal.ai\/ar\/grammar_exercises\/pronombres-personales-%d8%aa%d9%85%d8%a7%d8%b1%d9%8a%d9%86-%d9%84%d9%82%d9%88%d8%a7%d8%b9%d8%af-%d8%a7%d9%84%d9%84%d8%ba%d8%a9-%d8%a7%d9%84%d8%a5%d8%b3%d8%a8%d8%a7%d9%86%d9%8a%d8%a9\/\">pronombres personales<\/a>, determinantes posesivos como mo do a \u00e1r bhur a que desencadenan mutaciones, y demostrativos como seo y sin.<\/p>\n\n\n\n<h3 class=\"wp-block-heading\" id=\"h-5-verbs\">5. Verbos:<\/h3>\n\n\n\n<p>Los verbos irlandeses tienen diferentes formas seg\u00fan el tiempo, el modo y la persona. Comience con el presente y el verbo b\u00ed, luego explore gradualmente los tiempos pasado y futuro junto con los verbos irregulares clave y la c\u00f3pula is.<\/p>\n\n\n\n<h3 class=\"wp-block-heading\" id=\"h-6-tenses\">6. Tiempos verbales:<\/h3>\n\n\n\n<p>Despu\u00e9s de dominar las formas verbales, profundiza en los tiempos irlandeses. Esto incluye comprender las diferencias entre el presente habitual, el pasado, el futuro y el condicional, y c\u00f3mo se usan en diferentes contextos con b\u00ed versus la c\u00f3pula.<\/p>\n\n\n\n<h3 class=\"wp-block-heading\" id=\"h-7-tense-comparison\">7. Comparaci\u00f3n de tiempos:<\/h3>\n\n\n\n<p>Comparar tiempos en irland\u00e9s ayuda a comprender la secuencia de eventos. Comparar el mismo verbo en varios tiempos proporcionar\u00e1 una mejor comprensi\u00f3n del uso y el aspecto irland\u00e9s.<\/p>\n\n\n\n<h3 class=\"wp-block-heading\" id=\"h-8-progressive\">8. Progresivo:<\/h3>\n\n\n\n<p>El progresivo en irland\u00e9s se usa para expresar acciones en curso. Se forma con el verbo b\u00ed seguido de ag y el sustantivo verbal por ejemplo T\u00e1 m\u00e9 ag l\u00e9amh.<\/p>\n\n\n\n<h3 class=\"wp-block-heading\" id=\"h-9-perfect-progressive\">9. Perfecto progresivo:<\/h3>\n\n\n\n<p>Esto se utiliza para expresar acciones que han estado en curso hasta un punto determinado. En irland\u00e9s, se expresa com\u00fanmente con b\u00ed plus tar \u00e9is a bheith ag y el sustantivo verbal o con expresiones de tiempo para la duraci\u00f3n.<\/p>\n\n\n\n<h3 class=\"wp-block-heading\" id=\"h-10-conditionals\">10. Condicionales:<\/h3>\n\n\n\n<p>Los condicionales expresan situaciones hipot\u00e9ticas y sus posibles resultados. Son una parte importante de la gram\u00e1tica irlandesa y usan patrones con m\u00e1 para condiciones reales y d\u00e1 con el condicional para las hipot\u00e9ticas.<\/p>\n\n\n\n<h3 class=\"wp-block-heading\" id=\"h-11-adverbs\">11. Adverbios:<\/h3>\n\n\n\n<p>Los adverbios en irland\u00e9s modifican verbos, adjetivos u otros adverbios. Incluyen formas hechas con adjetivos ir antes, as\u00ed como muchos adverbios establecidos de manera, lugar, tiempo y grado.<\/p>\n\n\n\n<h3 class=\"wp-block-heading\" id=\"h-12-prepositions\">12. Preposiciones:<\/h3>\n\n\n\n<p>Las preposiciones unen palabras y frases. El irland\u00e9s usa pronombres preposicionales como agam agat aige para expresar relaciones de posesi\u00f3n, tiempo, lugar y m\u00e1s.<\/p>\n\n\n\n<h3 class=\"wp-block-heading\" id=\"h-13-sentences\">13. Sentencias:<\/h3>\n\n\n\n<p>Finalmente, practique la construcci\u00f3n de oraciones. Esto implicar\u00e1 el uso del orden de palabras irland\u00e9s VSO, desencadenantes de mutaciones y tanto b\u00ed como la c\u00f3pula en contexto, asegurando as\u00ed una comprensi\u00f3n integral del idioma irland\u00e9s.<\/p>\n<\/div><\/div>\n\r\n<section class=\"learnNavigationSection\">\r\n            \r\n        <a href=\"https:\/\/talkpal.ai\/es\/aprende-irlandes\/\">\r\n            <div class=\"learnNavigationWrapper\">\r\n                <div class=\"learnNavigationContent\">\r\n                    <img decoding=\"async\" src=\"https:\/\/talkpal.ai\/wp-content\/uploads\/2025\/11\/Irish.png\" alt=\"Irish Flag\">\r\n                    <div>\r\n                        <h4>Acerca de Irish Learning<\/h4>\r\n                        <p>Descubre todo sobre la gram\u00e1tica irlandesa.<\/p>\r\n                    <\/div>\r\n                <\/div>\r\n            <\/div>\r\n        <\/a>\r\n\r\n        \r\n        <a href=\"https:\/\/talkpal.ai\/es\/gramatica-irlandesa\/\">\r\n            <div class=\"learnNavigationWrapper\">\r\n                <div class=\"learnNavigationContent\">\r\n                    <img decoding=\"async\" src=\"https:\/\/talkpal.ai\/wp-content\/uploads\/2025\/11\/Irish.png\" alt=\"Irish Flag\">\r\n                    <div>\r\n                        <h4>Lecciones de gram\u00e1tica irlandesa<\/h4>\r\n                        <p>Practica la gram\u00e1tica irlandesa.<\/p>\r\n                    <\/div>\r\n                <\/div>\r\n            <\/div>\r\n        <\/a>\r\n\r\n            <\/section>","protected":false},"excerpt":{"rendered":"<p>Temas de gram\u00e1tica irlandesa Aprender un nuevo idioma puede ser un esfuerzo desafiante pero gratificante. El irland\u00e9s, una lengua celta hablada principalmente en Irlanda, no es una excepci\u00f3n. Con sus caracter\u00edsticas y estructuras \u00fanicas, aprender irland\u00e9s requiere un enfoque sistem\u00e1tico para comprender su compleja gram\u00e1tica. Esta gu\u00eda describe las \u00e1reas clave de la gram\u00e1tica irlandesa [&hellip;]<\/p>\n","protected":false},"author":20,"featured_media":0,"parent":0,"menu_order":0,"comment_status":"closed","ping_status":"closed","template":"LearningContentPage.php","meta":{"_acf_changed":false,"footnotes":""},"class_list":["post-1463477","page","type-page","status-publish","hentry"],"acf":[],"yoast_head":"<!-- This site is optimized with the Yoast SEO Premium plugin v27.2 (Yoast SEO v27.2) - https:\/\/yoast.com\/product\/yoast-seo-premium-wordpress\/ -->\n<title>Ejercicios de gram\u00e1tica irlandesa - Talkpal<\/title>\n<meta name=\"description\" content=\"Domina la gram\u00e1tica irlandesa con ejercicios interactivos dise\u00f1ados para ayudarte a ganar confianza y aprender la lengua m\u00e1s r\u00e1pido.\" \/>\n<meta name=\"robots\" content=\"index, follow, max-snippet:-1, max-image-preview:large, max-video-preview:-1\" \/>\n<link rel=\"canonical\" href=\"https:\/\/talkpal.ai\/es\/ejercicios-de-gramatica-irlandesa\/\" \/>\n<meta property=\"og:locale\" content=\"es_ES\" \/>\n<meta property=\"og:type\" content=\"article\" \/>\n<meta property=\"og:title\" content=\"Ejercicios de gram\u00e1tica irlandesa\" \/>\n<meta property=\"og:description\" content=\"Temas de gram\u00e1tica irlandesa Aprender un nuevo idioma puede ser un esfuerzo desafiante pero gratificante. El irland\u00e9s, una lengua celta hablada\" \/>\n<meta property=\"og:url\" content=\"https:\/\/talkpal.ai\/es\/ejercicios-de-gramatica-irlandesa\/\" \/>\n<meta property=\"og:site_name\" content=\"Talkpal\" \/>\n<meta property=\"article:publisher\" content=\"https:\/\/www.facebook.com\/profile.php?id=100090733639311\" \/>\n<meta property=\"article:modified_time\" content=\"2025-12-30T14:29:28+00:00\" \/>\n<meta property=\"og:image\" content=\"https:\/\/talkpal.ai\/wp-content\/uploads\/2025\/02\/Progress-tab-16_9.png\" \/>\n\t<meta property=\"og:image:width\" content=\"2880\" \/>\n\t<meta property=\"og:image:height\" content=\"1620\" \/>\n\t<meta property=\"og:image:type\" content=\"image\/png\" \/>\n<meta name=\"twitter:card\" content=\"summary_large_image\" \/>\n<meta name=\"twitter:site\" content=\"@talkpalai\" \/>\n<meta name=\"twitter:label1\" content=\"Tiempo de lectura\" \/>\n\t<meta name=\"twitter:data1\" content=\"3 minutos\" \/>\n<script type=\"application\/ld+json\" class=\"yoast-schema-graph\">{\"@context\":\"https:\/\/schema.org\",\"@graph\":[{\"@type\":\"WebPage\",\"@id\":\"https:\/\/talkpal.ai\/es\/ejercicios-de-gramatica-irlandesa\/\",\"url\":\"https:\/\/talkpal.ai\/es\/ejercicios-de-gramatica-irlandesa\/\",\"name\":\"Ejercicios de gram\u00e1tica irlandesa - Talkpal\",\"isPartOf\":{\"@id\":\"https:\/\/talkpal.ai\/es\/#website\"},\"datePublished\":\"2025-11-12T09:53:34+00:00\",\"dateModified\":\"2025-12-30T14:29:28+00:00\",\"description\":\"Domina la gram\u00e1tica irlandesa con ejercicios interactivos dise\u00f1ados para ayudarte a ganar confianza y aprender la lengua m\u00e1s r\u00e1pido.\",\"breadcrumb\":{\"@id\":\"https:\/\/talkpal.ai\/es\/ejercicios-de-gramatica-irlandesa\/#breadcrumb\"},\"inLanguage\":\"es\",\"potentialAction\":[{\"@type\":\"ReadAction\",\"target\":[\"https:\/\/talkpal.ai\/es\/ejercicios-de-gramatica-irlandesa\/\"]}]},{\"@type\":\"BreadcrumbList\",\"@id\":\"https:\/\/talkpal.ai\/es\/ejercicios-de-gramatica-irlandesa\/#breadcrumb\",\"itemListElement\":[{\"@type\":\"ListItem\",\"position\":1,\"name\":\"Homepage\",\"item\":\"https:\/\/talkpal.ai\/es\/\"},{\"@type\":\"ListItem\",\"position\":2,\"name\":\"Ejercicios de gram\u00e1tica irlandesa\"}]},{\"@type\":\"WebSite\",\"@id\":\"https:\/\/talkpal.ai\/es\/#website\",\"url\":\"https:\/\/talkpal.ai\/es\/\",\"name\":\"Talkpal\",\"description\":\"AI Language Learning\",\"publisher\":{\"@id\":\"https:\/\/talkpal.ai\/es\/#organization\"},\"alternateName\":\"Talkpal AI\",\"potentialAction\":[{\"@type\":\"SearchAction\",\"target\":{\"@type\":\"EntryPoint\",\"urlTemplate\":\"https:\/\/talkpal.ai\/es\/?s={search_term_string}\"},\"query-input\":{\"@type\":\"PropertyValueSpecification\",\"valueRequired\":true,\"valueName\":\"search_term_string\"}}],\"inLanguage\":\"es\"},{\"@type\":\"Organization\",\"@id\":\"https:\/\/talkpal.ai\/es\/#organization\",\"name\":\"Talkpal, Inc.\",\"alternateName\":\"Talkpal AI\",\"url\":\"https:\/\/talkpal.ai\/es\/\",\"logo\":{\"@type\":\"ImageObject\",\"inLanguage\":\"es\",\"@id\":\"https:\/\/talkpal.ai\/es\/#\/schema\/logo\/image\/\",\"url\":\"https:\/\/talkpal.ai\/wp-content\/uploads\/2024\/03\/Talkpal-Logo-Icon.png\",\"contentUrl\":\"https:\/\/talkpal.ai\/wp-content\/uploads\/2024\/03\/Talkpal-Logo-Icon.png\",\"width\":2880,\"height\":2880,\"caption\":\"Talkpal, Inc.\"},\"image\":{\"@id\":\"https:\/\/talkpal.ai\/es\/#\/schema\/logo\/image\/\"},\"sameAs\":[\"https:\/\/www.facebook.com\/profile.php?id=100090733639311\",\"https:\/\/x.com\/talkpalai\",\"https:\/\/www.linkedin.com\/company\/talkpal\/\",\"https:\/\/www.youtube.com\/@TalkPal\/\",\"https:\/\/www.tiktok.com\/@talkpal\",\"https:\/\/www.instagram.com\/talkpal_ai\/\",\"https:\/\/www.crunchbase.com\/organization\/talkpal-9cde\",\"https:\/\/www.g2.com\/products\/talkpal-for-business\/\",\"https:\/\/www.trustpilot.com\/review\/talkpal.ai\",\"https:\/\/www.capterra.com\/p\/10006800\/TalkPal\/\"],\"description\":\"Talkpal is a language learning web and mobile education app, powered by the latest AI technologies, that provides engaging experiences to its customers in many different languages to help them improve their language skills. Users can chat about unlimited amount of topics with the app and use other modes to practice their language learning.\",\"email\":\"support@talkpal.ai\",\"legalName\":\"Talkpal, Inc.\",\"foundingDate\":\"2023-04-03\",\"duns\":\"118989042\",\"numberOfEmployees\":{\"@type\":\"QuantitativeValue\",\"minValue\":\"11\",\"maxValue\":\"50\"},\"publishingPrinciples\":\"https:\/\/talkpal.ai\/publishing-principles\/\",\"actionableFeedbackPolicy\":\"https:\/\/talkpal.ai\/actionable-feedback-policy\/\",\"correctionsPolicy\":\"https:\/\/talkpal.ai\/corrections-policy\/\",\"ethicsPolicy\":\"https:\/\/talkpal.ai\/ethics-policy\/\",\"diversityPolicy\":\"https:\/\/talkpal.ai\/diversity-policy\/\",\"diversityStaffingReport\":\"https:\/\/talkpal.ai\/diversity-policy\/\"}]}<\/script>\n<!-- \/ Yoast SEO Premium plugin. -->","yoast_head_json":{"title":"Ejercicios de gram\u00e1tica irlandesa - Talkpal","description":"Domina la gram\u00e1tica irlandesa con ejercicios interactivos dise\u00f1ados para ayudarte a ganar confianza y aprender la lengua m\u00e1s r\u00e1pido.","robots":{"index":"index","follow":"follow","max-snippet":"max-snippet:-1","max-image-preview":"max-image-preview:large","max-video-preview":"max-video-preview:-1"},"canonical":"https:\/\/talkpal.ai\/es\/ejercicios-de-gramatica-irlandesa\/","og_locale":"es_ES","og_type":"article","og_title":"Ejercicios de gram\u00e1tica irlandesa","og_description":"Temas de gram\u00e1tica irlandesa Aprender un nuevo idioma puede ser un esfuerzo desafiante pero gratificante. El irland\u00e9s, una lengua celta hablada","og_url":"https:\/\/talkpal.ai\/es\/ejercicios-de-gramatica-irlandesa\/","og_site_name":"Talkpal","article_publisher":"https:\/\/www.facebook.com\/profile.php?id=100090733639311","article_modified_time":"2025-12-30T14:29:28+00:00","og_image":[{"width":2880,"height":1620,"url":"https:\/\/talkpal.ai\/wp-content\/uploads\/2025\/02\/Progress-tab-16_9.png","type":"image\/png"}],"twitter_card":"summary_large_image","twitter_site":"@talkpalai","twitter_misc":{"Tiempo de lectura":"3 minutos"},"schema":{"@context":"https:\/\/schema.org","@graph":[{"@type":"WebPage","@id":"https:\/\/talkpal.ai\/es\/ejercicios-de-gramatica-irlandesa\/","url":"https:\/\/talkpal.ai\/es\/ejercicios-de-gramatica-irlandesa\/","name":"Ejercicios de gram\u00e1tica irlandesa - Talkpal","isPartOf":{"@id":"https:\/\/talkpal.ai\/es\/#website"},"datePublished":"2025-11-12T09:53:34+00:00","dateModified":"2025-12-30T14:29:28+00:00","description":"Domina la gram\u00e1tica irlandesa con ejercicios interactivos dise\u00f1ados para ayudarte a ganar confianza y aprender la lengua m\u00e1s r\u00e1pido.","breadcrumb":{"@id":"https:\/\/talkpal.ai\/es\/ejercicios-de-gramatica-irlandesa\/#breadcrumb"},"inLanguage":"es","potentialAction":[{"@type":"ReadAction","target":["https:\/\/talkpal.ai\/es\/ejercicios-de-gramatica-irlandesa\/"]}]},{"@type":"BreadcrumbList","@id":"https:\/\/talkpal.ai\/es\/ejercicios-de-gramatica-irlandesa\/#breadcrumb","itemListElement":[{"@type":"ListItem","position":1,"name":"Homepage","item":"https:\/\/talkpal.ai\/es\/"},{"@type":"ListItem","position":2,"name":"Ejercicios de gram\u00e1tica irlandesa"}]},{"@type":"WebSite","@id":"https:\/\/talkpal.ai\/es\/#website","url":"https:\/\/talkpal.ai\/es\/","name":"Talkpal","description":"AI Language Learning","publisher":{"@id":"https:\/\/talkpal.ai\/es\/#organization"},"alternateName":"Talkpal AI","potentialAction":[{"@type":"SearchAction","target":{"@type":"EntryPoint","urlTemplate":"https:\/\/talkpal.ai\/es\/?s={search_term_string}"},"query-input":{"@type":"PropertyValueSpecification","valueRequired":true,"valueName":"search_term_string"}}],"inLanguage":"es"},{"@type":"Organization","@id":"https:\/\/talkpal.ai\/es\/#organization","name":"Talkpal, Inc.","alternateName":"Talkpal AI","url":"https:\/\/talkpal.ai\/es\/","logo":{"@type":"ImageObject","inLanguage":"es","@id":"https:\/\/talkpal.ai\/es\/#\/schema\/logo\/image\/","url":"https:\/\/talkpal.ai\/wp-content\/uploads\/2024\/03\/Talkpal-Logo-Icon.png","contentUrl":"https:\/\/talkpal.ai\/wp-content\/uploads\/2024\/03\/Talkpal-Logo-Icon.png","width":2880,"height":2880,"caption":"Talkpal, Inc."},"image":{"@id":"https:\/\/talkpal.ai\/es\/#\/schema\/logo\/image\/"},"sameAs":["https:\/\/www.facebook.com\/profile.php?id=100090733639311","https:\/\/x.com\/talkpalai","https:\/\/www.linkedin.com\/company\/talkpal\/","https:\/\/www.youtube.com\/@TalkPal\/","https:\/\/www.tiktok.com\/@talkpal","https:\/\/www.instagram.com\/talkpal_ai\/","https:\/\/www.crunchbase.com\/organization\/talkpal-9cde","https:\/\/www.g2.com\/products\/talkpal-for-business\/","https:\/\/www.trustpilot.com\/review\/talkpal.ai","https:\/\/www.capterra.com\/p\/10006800\/TalkPal\/"],"description":"Talkpal is a language learning web and mobile education app, powered by the latest AI technologies, that provides engaging experiences to its customers in many different languages to help them improve their language skills. Users can chat about unlimited amount of topics with the app and use other modes to practice their language learning.","email":"support@talkpal.ai","legalName":"Talkpal, Inc.","foundingDate":"2023-04-03","duns":"118989042","numberOfEmployees":{"@type":"QuantitativeValue","minValue":"11","maxValue":"50"},"publishingPrinciples":"https:\/\/talkpal.ai\/publishing-principles\/","actionableFeedbackPolicy":"https:\/\/talkpal.ai\/actionable-feedback-policy\/","correctionsPolicy":"https:\/\/talkpal.ai\/corrections-policy\/","ethicsPolicy":"https:\/\/talkpal.ai\/ethics-policy\/","diversityPolicy":"https:\/\/talkpal.ai\/diversity-policy\/","diversityStaffingReport":"https:\/\/talkpal.ai\/diversity-policy\/"}]}},"_links":{"self":[{"href":"https:\/\/talkpal.ai\/es\/wp-json\/wp\/v2\/pages\/1463477","targetHints":{"allow":["GET"]}}],"collection":[{"href":"https:\/\/talkpal.ai\/es\/wp-json\/wp\/v2\/pages"}],"about":[{"href":"https:\/\/talkpal.ai\/es\/wp-json\/wp\/v2\/types\/page"}],"author":[{"embeddable":true,"href":"https:\/\/talkpal.ai\/es\/wp-json\/wp\/v2\/users\/20"}],"replies":[{"embeddable":true,"href":"https:\/\/talkpal.ai\/es\/wp-json\/wp\/v2\/comments?post=1463477"}],"version-history":[{"count":0,"href":"https:\/\/talkpal.ai\/es\/wp-json\/wp\/v2\/pages\/1463477\/revisions"}],"wp:attachment":[{"href":"https:\/\/talkpal.ai\/es\/wp-json\/wp\/v2\/media?parent=1463477"}],"curies":[{"name":"wp","href":"https:\/\/api.w.org\/{rel}","templated":true}]}}