{"id":1463384,"date":"2025-11-12T11:25:18","date_gmt":"2025-11-12T11:25:18","guid":{"rendered":"https:\/\/talkpal.ai\/ejercicios-de-gramatica-jemer\/"},"modified":"2025-12-30T14:43:18","modified_gmt":"2025-12-30T14:43:18","slug":"ejercicios-de-gramatica-jemer","status":"publish","type":"page","link":"https:\/\/talkpal.ai\/es\/ejercicios-de-gramatica-jemer\/","title":{"rendered":"Ejercicios de gram\u00e1tica jemer"},"content":{"rendered":"\r\n\r\n\r\n<section class=\"languageChallengeSection\">\r\n    <div class=\"languageInfoWrapper\">\r\n        \r\n        <h1>Ejercicios de gram\u00e1tica jemer<\/h1>\r\n        <p>\u00bfListo para sumergirte en la <a href=\"https:\/\/talkpal.ai\/es\/gramatica-jemer\/\">gram\u00e1tica jemer<\/a>? Practicar algunas nociones b\u00e1sicas te ayudar\u00e1 a sentirte c\u00f3modo con esta lengua \u00fanica y hermosa. Prueba estos ejercicios para aumentar tu confianza y divertirte en el camino.<\/p>\r\n\r\n                            <a class=\"getStartedHidden\" href=\"https:\/\/app.talkpal.ai\/es-es\/signup?lng=\">Comenzar<\/a>\r\n        \r\n    <\/div>\r\n\r\n    <figure>\r\n    <img decoding=\"async\" width=\"768\" height=\"768\" src=\"https:\/\/talkpal.ai\/wp-content\/uploads\/2023\/06\/welsh-768x768.png\" class=\"languageImage no-lazy\" alt=\"Default alt text\" fetchpriority=\"high\" sizes=\"(max-width: 768px) 150px, 768px\" srcset=\"https:\/\/talkpal.ai\/wp-content\/uploads\/2023\/06\/welsh-768x768.png 768w, https:\/\/talkpal.ai\/wp-content\/uploads\/2023\/06\/welsh-300x300.png 300w\" \/>\r\n    \r\n\r\n    <\/figure>\r\n\r\n            <a class=\"getStartedVisible\" href=\"https:\/\/app.talkpal.ai\/es-es\/signup?lng=\">Comenzar<\/a>\r\n    \r\n<\/section><section class=\"promotionalBanner\">\r\n    <p class=\"promotionalText\">La forma m\u00e1s eficiente de aprender un idioma<\/p>\r\n    <a class=\"promotionalLink\" href=\"https:\/\/app.talkpal.ai\/es-es\/signup?lng=\">Prueba Talkpal gratis<\/a>\r\n<\/section>\n<div class=\"wp-block-group pageContainerStyle\"><div class=\"wp-block-group__inner-container is-layout-constrained wp-block-group-is-layout-constrained\">\n<h2 class=\"wp-block-heading\" id=\"h-khmer-grammar-topics\">Temas de gram\u00e1tica jemer<\/h2>\n\n\n\n<p><a href=\"https:\/\/talkpal.ai\/es\/los-mayores-errores-que-hay-que-evitar-al-aprender-un-nuevo-idioma\/\">Aprender un nuevo idioma<\/a> puede ser un esfuerzo desafiante pero gratificante. El <a href=\"https:\/\/talkpal.ai\/learn-khmer\/\">jemer<\/a>, una lengua austroasi\u00e1tica que se habla principalmente en Camboya, no es una excepci\u00f3n. Con su estructura anal\u00edtica y part\u00edculas distintivas, <a href=\"https:\/\/talkpal.ai\/es\/talkpal-para-la-educacion\/\">aprender<\/a> jemer requiere un enfoque sistem\u00e1tico para comprender c\u00f3mo se construye el significado sin inflexi\u00f3n. Esta gu\u00eda describe las \u00e1reas clave de la <a href=\"https:\/\/talkpal.ai\/es\/gramatica-jemer\/\">gram\u00e1tica jemer<\/a> en una secuencia l\u00f3gica para el <a href=\"https:\/\/talkpal.ai\/es\/chatbot-de-ia-para-el-aprendizaje-de-idiomas\/\">aprendizaje de idiomas<\/a>, comenzando desde lo b\u00e1sico <a href=\"https:\/\/talkpal.ai\/locations\/language-courses-in-como\/\">como<\/a> sustantivos y art\u00edculos, y progresando a \u00e1reas m\u00e1s complejas como <a href=\"https:\/\/talkpal.ai\/zh-hans\/grammar_exercises\/tiempos-%e8%a5%bf%e7%8f%ad%e7%89%99%e8%af%ad%e6%b3%95%e7%bb%83%e4%b9%a0\/\">tiempos verbales<\/a> y construcci\u00f3n de oraciones.<\/p>\n\n\n\n<h3 class=\"wp-block-heading\" id=\"h-1-nouns\">1. Sustantivos:<\/h3>\n\n\n\n<p>Comienza tu viaje en el idioma jemer aprendiendo los sustantivos. Esto incluye comprender los nombres comunes y propios, c\u00f3mo la pluralidad a menudo se muestra con cuantificadores, clasificadores o reduplicaci\u00f3n en lugar de inflexi\u00f3n, y la ausencia de g\u00e9nero gramatical o caso.<\/p>\n\n\n\n<h3 class=\"wp-block-heading\" id=\"h-2-articles\">2. Art\u00edculos:<\/h3>\n\n\n\n<p>El jemer no <a href=\"https:\/\/talkpal.ai\/locations\/learn-english-in-usa\/\">usa<\/a> <a href=\"https:\/\/talkpal.ai\/es\/grammar\/articulos-definidos-en-gramatica-china\/\">art\u00edculos definidos<\/a> o indefinidos como en <a href=\"https:\/\/talkpal.ai\/es\/practica-de-habla-inglesa-de-ia\/\">ingl\u00e9s<\/a>. La definici\u00f3n se expresa a trav\u00e9s del contexto o demostrativos como \u1793\u17c1\u17c7 this y \u1793\u17c4\u17c7 that, mientras que la indefinici\u00f3n se puede mostrar con el n\u00famero \u1798\u17bd\u1799 uno o palabras como \u1798\u17bd\u1799\u1785\u17c6\u1793\u17bd\u1793 some.<\/p>\n\n\n\n<h3 class=\"wp-block-heading\" id=\"h-3-adjectives\">3. Adjetivos:<\/h3>\n\n\n\n<p>Los adjetivos en jemer suelen seguir a sus sustantivos y pueden funcionar como verbos est\u00e1ticos en predicados. Aprende marcadores de grado y comparaci\u00f3n, como \u178e\u17b6\u179f\u17cb muy, \u1787\u17b6\u1784 para <a href=\"https:\/\/talkpal.ai\/zh-hans\/grammar_exercises\/comparativo-%e8%a5%bf%e7%8f%ad%e7%89%99%e8%af%ad%e6%b3%95%e7%bb%83%e4%b9%a0\/\">comparativo<\/a> y \u1787\u17b6\u1784\u1782\u17c1 para superlativo, as\u00ed como reduplicaci\u00f3n para \u00e9nfasis.<\/p>\n\n\n\n<h3 class=\"wp-block-heading\" id=\"h-4-pronouns-determiners\">4. Pronombres\/Determinantes:<\/h3>\n\n\n\n<p>Los pronombres y determinantes son esenciales en jemer y reflejan niveles de formalidad y relaciones sociales. Domine los <a href=\"https:\/\/talkpal.ai\/ar\/grammar_exercises\/pronombres-personales-%d8%aa%d9%85%d8%a7%d8%b1%d9%8a%d9%86-%d9%84%d9%82%d9%88%d8%a7%d8%b9%d8%af-%d8%a7%d9%84%d9%84%d8%ba%d8%a9-%d8%a7%d9%84%d8%a5%d8%b3%d8%a8%d8%a7%d9%86%d9%8a%d8%a9\/\">pronombres personales<\/a>, los demostrativos, los cuantificadores, los n\u00fameros con clasificadores y la posesi\u00f3n usando \u179a\u1794\u179f\u17cb o secuencias sustantivo-sustantivo para una comunicaci\u00f3n clara y apropiada.<\/p>\n\n\n\n<h3 class=\"wp-block-heading\" id=\"h-5-verbs\">5. Verbos:<\/h3>\n\n\n\n<p>Los verbos jemeres no se conjugan para persona o tiempo. El aspecto, el tiempo y el estado de \u00e1nimo se muestran con part\u00edculas y adverbios, como \u1780\u17c6\u1796\u17bb\u1784 progresivo, \u1794\u17b6\u1793 completado o pasado, \u1793\u17b9\u1784 futuro o intenci\u00f3n, \u1791\u17be\u1794 justo y \u178f\u17c2\u1784 habitual, junto con construcciones verbales en serie y uso limitado de c\u00f3pulas como \u1787\u17b6 para clasificaci\u00f3n y \u1793\u17c5 para ubicaci\u00f3n.<\/p>\n\n\n\n<h3 class=\"wp-block-heading\" id=\"h-6-tenses\">6. Tiempos verbales:<\/h3>\n\n\n\n<p>Despu\u00e9s de dominar el uso de los verbos, explora c\u00f3mo el jemer expresa el tiempo sin tiempos verbales. El presente a menudo no est\u00e1 marcado, el pasado se indica com\u00fanmente con \u1794\u17b6\u1793 o expresiones de tiempo, y el futuro o la intenci\u00f3n se muestra con \u1793\u17b9\u1784 o contexto, con un matiz completo a menudo marcado por \u17a0\u17be\u1799 ya.<\/p>\n\n\n\n<h3 class=\"wp-block-heading\" id=\"h-7-tense-comparison\">7. Comparaci\u00f3n de tiempos:<\/h3>\n\n\n\n<p>La comparaci\u00f3n de tiempo y aspecto en jemer se centra en part\u00edculas y adverbios en lugar de cambios verbales. Usar el mismo verbo con part\u00edculas como \u1794\u17b6\u1793, \u1793\u17b9\u1784 y \u1780\u17c6\u1796\u17bb\u1784 en varios contextos aclarar\u00e1 c\u00f3mo se expresan las secuencias de eventos.<\/p>\n\n\n\n<h3 class=\"wp-block-heading\" id=\"h-8-progressive\">8. Progresivo:<\/h3>\n\n\n\n<p>El progresista en jemer se usa para expresar acciones en curso. Se forma colocando \u1780\u17c6\u1796\u17bb\u1784 antes del verbo principal, con \u178f\u17c2 opcional para enfatizar, y puede combinarse con expresiones de tiempo para mayor claridad.<\/p>\n\n\n\n<h3 class=\"wp-block-heading\" id=\"h-9-perfect-progressive\">9. Perfecto progresivo:<\/h3>\n\n\n\n<p>Esto se utiliza para expresar acciones que han estado en curso hasta un punto determinado. En jemer, la continuidad hasta ahora se puede mostrar con \u1780\u17c6\u1796\u17bb\u1784 &#8230; \u1798\u1780 o \u1794\u17b6\u1793 + verbo + \u1798\u1780 junto con frases de duraci\u00f3n, seg\u00fan el contexto y el \u00e9nfasis.<\/p>\n\n\n\n<h3 class=\"wp-block-heading\" id=\"h-10-conditionals\">10. Condicionales:<\/h3>\n\n\n\n<p>Los condicionales expresan situaciones y resultados hipot\u00e9ticos. El jemer com\u00fanmente usa \u1794\u17be o \u1794\u17d2\u179a\u179f\u17b7\u1793\u1794\u17be para if en la cl\u00e1usula de condici\u00f3n, con el resultado a menudo marcado por part\u00edculas como \u1793\u17c4\u17c7 o modales apropiados para el matiz.<\/p>\n\n\n\n<h3 class=\"wp-block-heading\" id=\"h-11-adverbs\">11. Adverbios:<\/h3>\n\n\n\n<p>Los adverbios en jemer modifican verbos, adjetivos u otros adverbios e incluyen manera, lugar, tiempo y grado. La posici\u00f3n es flexible, con adverbios de tiempo a menudo al principio, manera frecuente despu\u00e9s del verbo y palabras de grado como \u178e\u17b6\u179f\u17cb y \u1794\u1793\u17d2\u178f\u17b7\u1785 que dan forma a la intensidad.<\/p>\n\n\n\n<h3 class=\"wp-block-heading\" id=\"h-12-prepositions\">12. Preposiciones:<\/h3>\n\n\n\n<p>Las preposiciones vinculan palabras y frases para mostrar relaciones de tiempo, lugar y direcci\u00f3n. El jemer usa elementos como \u1793\u17c5 at o in, \u1791\u17c5 to, \u1796\u17b8 from y formas relacionales como \u1781\u17b6\u1784\u1780\u17d2\u179a\u17c4\u1799 behind y \u179b\u17be on, a menudo en combinaci\u00f3n con sustantivos de ubicaci\u00f3n.<\/p>\n\n\n\n<h3 class=\"wp-block-heading\" id=\"h-13-sentences\">13. Sentencias:<\/h3>\n\n\n\n<p>Finalmente, practique la construcci\u00f3n de oraciones. El jemer tiende hacia el orden SVO con estructuras frecuentes de temas y comentarios. Domina la negaci\u00f3n con \u1798\u17b7\u1793 &#8230; \u1791\u17c1 en el uso est\u00e1ndar y en las formas coloquiales comunes, los imperativos con part\u00edculas como \u179f\u17bc\u1798, y la integraci\u00f3n de todos los puntos gramaticales previamente aprendidos en contexto.<\/p>\n<\/div><\/div>\n\r\n<section class=\"learnNavigationSection\">\r\n            \r\n        <a href=\"https:\/\/talkpal.ai\/es\/aprender-gales\/\">\r\n            <div class=\"learnNavigationWrapper\">\r\n                <div class=\"learnNavigationContent\">\r\n                    <img decoding=\"async\" src=\"https:\/\/talkpal.ai\/wp-content\/uploads\/2025\/11\/Khmer.png\" alt=\"Cambodian Flag\">\r\n                    <div>\r\n                        <h4>Acerca del aprendizaje jemer<\/h4>\r\n                        <p>Descubre todo sobre la gram\u00e1tica jemer.<\/p>\r\n                    <\/div>\r\n                <\/div>\r\n            <\/div>\r\n        <\/a>\r\n\r\n        \r\n        <a href=\"https:\/\/talkpal.ai\/es\/gramatica-jemer\/\">\r\n            <div class=\"learnNavigationWrapper\">\r\n                <div class=\"learnNavigationContent\">\r\n                    <img decoding=\"async\" src=\"https:\/\/talkpal.ai\/wp-content\/uploads\/2025\/11\/Khmer.png\" alt=\"Cambodian Flag\">\r\n                    <div>\r\n                        <h4>Lecciones de gram\u00e1tica jemer<\/h4>\r\n                        <p>Practica la gram\u00e1tica jemer.<\/p>\r\n                    <\/div>\r\n                <\/div>\r\n            <\/div>\r\n        <\/a>\r\n\r\n            <\/section>","protected":false},"excerpt":{"rendered":"<p>Temas de gram\u00e1tica jemer Aprender un nuevo idioma puede ser un esfuerzo desafiante pero gratificante. El jemer, una lengua austroasi\u00e1tica que se habla principalmente en Camboya, no es una excepci\u00f3n. Con su estructura anal\u00edtica y part\u00edculas distintivas, aprender jemer requiere un enfoque sistem\u00e1tico para comprender c\u00f3mo se construye el significado sin inflexi\u00f3n. Esta gu\u00eda describe [&hellip;]<\/p>\n","protected":false},"author":20,"featured_media":0,"parent":0,"menu_order":0,"comment_status":"closed","ping_status":"closed","template":"LearningContentPage.php","meta":{"_acf_changed":false,"footnotes":""},"class_list":["post-1463384","page","type-page","status-publish","hentry"],"acf":[],"yoast_head":"<!-- This site is optimized with the Yoast SEO Premium plugin v27.2 (Yoast SEO v27.2) - https:\/\/yoast.com\/product\/yoast-seo-premium-wordpress\/ -->\n<title>Ejercicios de gram\u00e1tica jemer - Talkpal<\/title>\n<meta name=\"description\" content=\"Mejora tu dominio con ejercicios interactivos de gram\u00e1tica jemer dise\u00f1ados para ayudarte a hablar y escribir con confianza.\" \/>\n<meta name=\"robots\" content=\"index, follow, max-snippet:-1, max-image-preview:large, max-video-preview:-1\" \/>\n<link rel=\"canonical\" href=\"https:\/\/talkpal.ai\/es\/ejercicios-de-gramatica-jemer\/\" \/>\n<meta property=\"og:locale\" content=\"es_ES\" \/>\n<meta property=\"og:type\" content=\"article\" \/>\n<meta property=\"og:title\" content=\"Ejercicios de gram\u00e1tica jemer\" \/>\n<meta property=\"og:description\" content=\"Temas de gram\u00e1tica jemer Aprender un nuevo idioma puede ser un esfuerzo desafiante pero gratificante. El jemer, una lengua austroasi\u00e1tica que se habla\" \/>\n<meta property=\"og:url\" content=\"https:\/\/talkpal.ai\/es\/ejercicios-de-gramatica-jemer\/\" \/>\n<meta property=\"og:site_name\" content=\"Talkpal\" \/>\n<meta property=\"article:publisher\" content=\"https:\/\/www.facebook.com\/profile.php?id=100090733639311\" \/>\n<meta property=\"article:modified_time\" content=\"2025-12-30T14:43:18+00:00\" \/>\n<meta property=\"og:image\" content=\"https:\/\/talkpal.ai\/wp-content\/uploads\/2025\/02\/Progress-tab-16_9.png\" \/>\n\t<meta property=\"og:image:width\" content=\"2880\" \/>\n\t<meta property=\"og:image:height\" content=\"1620\" \/>\n\t<meta property=\"og:image:type\" content=\"image\/png\" \/>\n<meta name=\"twitter:card\" content=\"summary_large_image\" \/>\n<meta name=\"twitter:site\" content=\"@talkpalai\" \/>\n<meta name=\"twitter:label1\" content=\"Tiempo de lectura\" \/>\n\t<meta name=\"twitter:data1\" content=\"4 minutos\" \/>\n<script type=\"application\/ld+json\" class=\"yoast-schema-graph\">{\"@context\":\"https:\/\/schema.org\",\"@graph\":[{\"@type\":\"WebPage\",\"@id\":\"https:\/\/talkpal.ai\/es\/ejercicios-de-gramatica-jemer\/\",\"url\":\"https:\/\/talkpal.ai\/es\/ejercicios-de-gramatica-jemer\/\",\"name\":\"Ejercicios de gram\u00e1tica jemer - Talkpal\",\"isPartOf\":{\"@id\":\"https:\/\/talkpal.ai\/es\/#website\"},\"datePublished\":\"2025-11-12T11:25:18+00:00\",\"dateModified\":\"2025-12-30T14:43:18+00:00\",\"description\":\"Mejora tu dominio con ejercicios interactivos de gram\u00e1tica jemer dise\u00f1ados para ayudarte a hablar y escribir con confianza.\",\"breadcrumb\":{\"@id\":\"https:\/\/talkpal.ai\/es\/ejercicios-de-gramatica-jemer\/#breadcrumb\"},\"inLanguage\":\"es\",\"potentialAction\":[{\"@type\":\"ReadAction\",\"target\":[\"https:\/\/talkpal.ai\/es\/ejercicios-de-gramatica-jemer\/\"]}]},{\"@type\":\"BreadcrumbList\",\"@id\":\"https:\/\/talkpal.ai\/es\/ejercicios-de-gramatica-jemer\/#breadcrumb\",\"itemListElement\":[{\"@type\":\"ListItem\",\"position\":1,\"name\":\"Homepage\",\"item\":\"https:\/\/talkpal.ai\/es\/\"},{\"@type\":\"ListItem\",\"position\":2,\"name\":\"Ejercicios de gram\u00e1tica jemer\"}]},{\"@type\":\"WebSite\",\"@id\":\"https:\/\/talkpal.ai\/es\/#website\",\"url\":\"https:\/\/talkpal.ai\/es\/\",\"name\":\"Talkpal\",\"description\":\"AI Language Learning\",\"publisher\":{\"@id\":\"https:\/\/talkpal.ai\/es\/#organization\"},\"alternateName\":\"Talkpal AI\",\"potentialAction\":[{\"@type\":\"SearchAction\",\"target\":{\"@type\":\"EntryPoint\",\"urlTemplate\":\"https:\/\/talkpal.ai\/es\/?s={search_term_string}\"},\"query-input\":{\"@type\":\"PropertyValueSpecification\",\"valueRequired\":true,\"valueName\":\"search_term_string\"}}],\"inLanguage\":\"es\"},{\"@type\":\"Organization\",\"@id\":\"https:\/\/talkpal.ai\/es\/#organization\",\"name\":\"Talkpal, Inc.\",\"alternateName\":\"Talkpal AI\",\"url\":\"https:\/\/talkpal.ai\/es\/\",\"logo\":{\"@type\":\"ImageObject\",\"inLanguage\":\"es\",\"@id\":\"https:\/\/talkpal.ai\/es\/#\/schema\/logo\/image\/\",\"url\":\"https:\/\/talkpal.ai\/wp-content\/uploads\/2024\/03\/Talkpal-Logo-Icon.png\",\"contentUrl\":\"https:\/\/talkpal.ai\/wp-content\/uploads\/2024\/03\/Talkpal-Logo-Icon.png\",\"width\":2880,\"height\":2880,\"caption\":\"Talkpal, Inc.\"},\"image\":{\"@id\":\"https:\/\/talkpal.ai\/es\/#\/schema\/logo\/image\/\"},\"sameAs\":[\"https:\/\/www.facebook.com\/profile.php?id=100090733639311\",\"https:\/\/x.com\/talkpalai\",\"https:\/\/www.linkedin.com\/company\/talkpal\/\",\"https:\/\/www.youtube.com\/@TalkPal\/\",\"https:\/\/www.tiktok.com\/@talkpal\",\"https:\/\/www.instagram.com\/talkpal_ai\/\",\"https:\/\/www.crunchbase.com\/organization\/talkpal-9cde\",\"https:\/\/www.g2.com\/products\/talkpal-for-business\/\",\"https:\/\/www.trustpilot.com\/review\/talkpal.ai\",\"https:\/\/www.capterra.com\/p\/10006800\/TalkPal\/\"],\"description\":\"Talkpal is a language learning web and mobile education app, powered by the latest AI technologies, that provides engaging experiences to its customers in many different languages to help them improve their language skills. Users can chat about unlimited amount of topics with the app and use other modes to practice their language learning.\",\"email\":\"support@talkpal.ai\",\"legalName\":\"Talkpal, Inc.\",\"foundingDate\":\"2023-04-03\",\"duns\":\"118989042\",\"numberOfEmployees\":{\"@type\":\"QuantitativeValue\",\"minValue\":\"11\",\"maxValue\":\"50\"},\"publishingPrinciples\":\"https:\/\/talkpal.ai\/publishing-principles\/\",\"actionableFeedbackPolicy\":\"https:\/\/talkpal.ai\/actionable-feedback-policy\/\",\"correctionsPolicy\":\"https:\/\/talkpal.ai\/corrections-policy\/\",\"ethicsPolicy\":\"https:\/\/talkpal.ai\/ethics-policy\/\",\"diversityPolicy\":\"https:\/\/talkpal.ai\/diversity-policy\/\",\"diversityStaffingReport\":\"https:\/\/talkpal.ai\/diversity-policy\/\"}]}<\/script>\n<!-- \/ Yoast SEO Premium plugin. -->","yoast_head_json":{"title":"Ejercicios de gram\u00e1tica jemer - Talkpal","description":"Mejora tu dominio con ejercicios interactivos de gram\u00e1tica jemer dise\u00f1ados para ayudarte a hablar y escribir con confianza.","robots":{"index":"index","follow":"follow","max-snippet":"max-snippet:-1","max-image-preview":"max-image-preview:large","max-video-preview":"max-video-preview:-1"},"canonical":"https:\/\/talkpal.ai\/es\/ejercicios-de-gramatica-jemer\/","og_locale":"es_ES","og_type":"article","og_title":"Ejercicios de gram\u00e1tica jemer","og_description":"Temas de gram\u00e1tica jemer Aprender un nuevo idioma puede ser un esfuerzo desafiante pero gratificante. El jemer, una lengua austroasi\u00e1tica que se habla","og_url":"https:\/\/talkpal.ai\/es\/ejercicios-de-gramatica-jemer\/","og_site_name":"Talkpal","article_publisher":"https:\/\/www.facebook.com\/profile.php?id=100090733639311","article_modified_time":"2025-12-30T14:43:18+00:00","og_image":[{"width":2880,"height":1620,"url":"https:\/\/talkpal.ai\/wp-content\/uploads\/2025\/02\/Progress-tab-16_9.png","type":"image\/png"}],"twitter_card":"summary_large_image","twitter_site":"@talkpalai","twitter_misc":{"Tiempo de lectura":"4 minutos"},"schema":{"@context":"https:\/\/schema.org","@graph":[{"@type":"WebPage","@id":"https:\/\/talkpal.ai\/es\/ejercicios-de-gramatica-jemer\/","url":"https:\/\/talkpal.ai\/es\/ejercicios-de-gramatica-jemer\/","name":"Ejercicios de gram\u00e1tica jemer - Talkpal","isPartOf":{"@id":"https:\/\/talkpal.ai\/es\/#website"},"datePublished":"2025-11-12T11:25:18+00:00","dateModified":"2025-12-30T14:43:18+00:00","description":"Mejora tu dominio con ejercicios interactivos de gram\u00e1tica jemer dise\u00f1ados para ayudarte a hablar y escribir con confianza.","breadcrumb":{"@id":"https:\/\/talkpal.ai\/es\/ejercicios-de-gramatica-jemer\/#breadcrumb"},"inLanguage":"es","potentialAction":[{"@type":"ReadAction","target":["https:\/\/talkpal.ai\/es\/ejercicios-de-gramatica-jemer\/"]}]},{"@type":"BreadcrumbList","@id":"https:\/\/talkpal.ai\/es\/ejercicios-de-gramatica-jemer\/#breadcrumb","itemListElement":[{"@type":"ListItem","position":1,"name":"Homepage","item":"https:\/\/talkpal.ai\/es\/"},{"@type":"ListItem","position":2,"name":"Ejercicios de gram\u00e1tica jemer"}]},{"@type":"WebSite","@id":"https:\/\/talkpal.ai\/es\/#website","url":"https:\/\/talkpal.ai\/es\/","name":"Talkpal","description":"AI Language Learning","publisher":{"@id":"https:\/\/talkpal.ai\/es\/#organization"},"alternateName":"Talkpal AI","potentialAction":[{"@type":"SearchAction","target":{"@type":"EntryPoint","urlTemplate":"https:\/\/talkpal.ai\/es\/?s={search_term_string}"},"query-input":{"@type":"PropertyValueSpecification","valueRequired":true,"valueName":"search_term_string"}}],"inLanguage":"es"},{"@type":"Organization","@id":"https:\/\/talkpal.ai\/es\/#organization","name":"Talkpal, Inc.","alternateName":"Talkpal AI","url":"https:\/\/talkpal.ai\/es\/","logo":{"@type":"ImageObject","inLanguage":"es","@id":"https:\/\/talkpal.ai\/es\/#\/schema\/logo\/image\/","url":"https:\/\/talkpal.ai\/wp-content\/uploads\/2024\/03\/Talkpal-Logo-Icon.png","contentUrl":"https:\/\/talkpal.ai\/wp-content\/uploads\/2024\/03\/Talkpal-Logo-Icon.png","width":2880,"height":2880,"caption":"Talkpal, Inc."},"image":{"@id":"https:\/\/talkpal.ai\/es\/#\/schema\/logo\/image\/"},"sameAs":["https:\/\/www.facebook.com\/profile.php?id=100090733639311","https:\/\/x.com\/talkpalai","https:\/\/www.linkedin.com\/company\/talkpal\/","https:\/\/www.youtube.com\/@TalkPal\/","https:\/\/www.tiktok.com\/@talkpal","https:\/\/www.instagram.com\/talkpal_ai\/","https:\/\/www.crunchbase.com\/organization\/talkpal-9cde","https:\/\/www.g2.com\/products\/talkpal-for-business\/","https:\/\/www.trustpilot.com\/review\/talkpal.ai","https:\/\/www.capterra.com\/p\/10006800\/TalkPal\/"],"description":"Talkpal is a language learning web and mobile education app, powered by the latest AI technologies, that provides engaging experiences to its customers in many different languages to help them improve their language skills. Users can chat about unlimited amount of topics with the app and use other modes to practice their language learning.","email":"support@talkpal.ai","legalName":"Talkpal, Inc.","foundingDate":"2023-04-03","duns":"118989042","numberOfEmployees":{"@type":"QuantitativeValue","minValue":"11","maxValue":"50"},"publishingPrinciples":"https:\/\/talkpal.ai\/publishing-principles\/","actionableFeedbackPolicy":"https:\/\/talkpal.ai\/actionable-feedback-policy\/","correctionsPolicy":"https:\/\/talkpal.ai\/corrections-policy\/","ethicsPolicy":"https:\/\/talkpal.ai\/ethics-policy\/","diversityPolicy":"https:\/\/talkpal.ai\/diversity-policy\/","diversityStaffingReport":"https:\/\/talkpal.ai\/diversity-policy\/"}]}},"_links":{"self":[{"href":"https:\/\/talkpal.ai\/es\/wp-json\/wp\/v2\/pages\/1463384","targetHints":{"allow":["GET"]}}],"collection":[{"href":"https:\/\/talkpal.ai\/es\/wp-json\/wp\/v2\/pages"}],"about":[{"href":"https:\/\/talkpal.ai\/es\/wp-json\/wp\/v2\/types\/page"}],"author":[{"embeddable":true,"href":"https:\/\/talkpal.ai\/es\/wp-json\/wp\/v2\/users\/20"}],"replies":[{"embeddable":true,"href":"https:\/\/talkpal.ai\/es\/wp-json\/wp\/v2\/comments?post=1463384"}],"version-history":[{"count":0,"href":"https:\/\/talkpal.ai\/es\/wp-json\/wp\/v2\/pages\/1463384\/revisions"}],"wp:attachment":[{"href":"https:\/\/talkpal.ai\/es\/wp-json\/wp\/v2\/media?parent=1463384"}],"curies":[{"name":"wp","href":"https:\/\/api.w.org\/{rel}","templated":true}]}}