{"id":1461796,"date":"2025-10-22T21:37:53","date_gmt":"2025-10-22T21:37:53","guid":{"rendered":"https:\/\/talkpal.ai\/descuento-de-talkpal-para-nomadas-digitales\/"},"modified":"2026-01-22T14:32:41","modified_gmt":"2026-01-22T14:32:41","slug":"descuento-de-talkpal-para-nomadas-digitales","status":"publish","type":"page","link":"https:\/\/talkpal.ai\/es\/descuento-de-talkpal-para-nomadas-digitales\/","title":{"rendered":"Descuento de Talkpal para n\u00f3madas digitales"},"content":{"rendered":"<section class=\"languageChallengeSection\">\r\n    <div class=\"languageInfoWrapper\">\r\n        \r\n        <h1>Descuento de Talkpal para n\u00f3madas digitales<\/h1>\r\n        <p>\u00bfEres un n\u00f3mada digital que busca mejorar tus habilidades ling\u00fc\u00edsticas en la carretera? Talkpal ofrece un descuento exclusivo del 79% para n\u00f3madas digitales para ayudarte a conectar m\u00e1s r\u00e1pido con locales y clientes. Acceda a todas las funciones premium, practique conversaciones reales con IA y alcance la fluidez a mitad de precio.<\/p>\r\n\r\n                    <a class=\"getStartedHidden\" href=\"https:\/\/app.talkpal.ai\/signup?discount=50\">\r\n                Obt\u00e9n descuento            <\/a>\r\n            <\/div>\r\n\r\n            <figure>\r\n            <img decoding=\"async\" class=\"no-lazy\" src=\"https:\/\/talkpal.ai\/wp-content\/uploads\/2026\/01\/group-with-phone-in-circle.webp\" alt=\"\" fetchpriority=\"high\" \/>\r\n        <\/figure>\r\n        \r\n                    <a class=\"getStartedVisible\" href=\"https:\/\/app.talkpal.ai\/signup?discount=50\">\r\n                Obt\u00e9n descuento            <\/a>\r\n        <\/section><section class=\"featureSection\">\r\n    <div class=\"featureIntroduce\">\r\n        <a class=\"introduceLink\" href=\"https:\/\/app.talkpal.ai\/es-es\/signup?lng=\">\r\n            <img decoding=\"async\" src=\"https:\/\/talkpal.ai\/wp-content\/themes\/talkpal\/assets\/img\/Sparkle.svg\" alt=\"\" \/>Los m\u00e1s avanzados\n  IA<\/a>\r\n        <h3 class=\"featureTitle\">La diferencia talkpal<\/h3>\r\n    <\/div>\r\n            <div class=\"introduceWrapper\">\r\n                            <a class=\"introducCard\" href=\"https:\/\/app.talkpal.ai\/es-es\/signup?lng=\">\r\n\r\n                    \r\n                                                <img decoding=\"async\" src=\"https:\/\/talkpal.ai\/wp-content\/uploads\/2025\/05\/Immersive_conversations.png\" alt=\"Immersive Conversation Screenshot\" \/>\r\n                        <h4 class=\"introduceTitle\">Educaci\u00f3n personalizada<\/h4>\r\n                        <p class=\"cardText\">Cada n\u00f3mada digital aprende de manera diferente, al igual que su camino para prosperar en nuevos lugares. En Talkpal, utilizamos IA avanzada y conocimientos de millones de sesiones de aprendizaje para comprender c\u00f3mo las personas aprenden idiomas en la vida real. Esto impulsa experiencias personalizadas, eficientes y atractivas dise\u00f1adas para la vida en movimiento.<\/p>\r\n                    \r\n                <\/a>\r\n                            <a class=\"introducCard\" href=\"https:\/\/app.talkpal.ai\/es-es\/signup?lng=\">\r\n\r\n                    \r\n                                                <img decoding=\"async\" src=\"https:\/\/talkpal.ai\/wp-content\/uploads\/2025\/05\/Realtime_feedback.png\" alt=\"Feedback Screenshot\" \/>\r\n                        <h4 class=\"introduceTitle\">Tecnolog\u00eda punta<\/h4>\r\n                        <p class=\"cardText\">Nuestra misi\u00f3n es hacer que el aprendizaje personalizado de idiomas sea accesible para todos los n\u00f3madas digitales combinando IA de vanguardia con m\u00e9todos probados. Con Talkpal, no solo toma lecciones, sino que sigue un viaje personalizado que se adapta a su ritmo, horario y objetivos de viaje.<\/p>\r\n                    \r\n                <\/a>\r\n                            <a class=\"introducCard\" href=\"https:\/\/app.talkpal.ai\/es-es\/signup?lng=\">\r\n\r\n                    \r\n                                                <img decoding=\"async\" src=\"https:\/\/talkpal.ai\/wp-content\/uploads\/2025\/05\/Personalization.png\" alt=\"Personalization Screenshot\" \/>\r\n                        <h4 class=\"introduceTitle\">Hacer divertido el aprendizaje<\/h4>\r\n                        <p class=\"cardText\">Creemos que el aprendizaje de idiomas debe ser divertido, motivador y \u00fatil en el mundo real. Es por eso que Talkpal mantiene a los n\u00f3madas digitales comprometidos e inspirados, convirtiendo la pr\u00e1ctica en una aventura en lugar de otra tarea. \u00danete a miles de n\u00f3madas digitales en todo el mundo y comienza a dominar tu pr\u00f3ximo idioma con Talkpal.<\/p>\r\n                    \r\n                <\/a>\r\n                            <\/div>\r\n                     <a class=\"featureSectionLink\" href=\"https:\/\/app.talkpal.ai\/signup?discount=50\">\r\n                Obt\u00e9n descuento            <\/a>\r\n                \r\n<\/section>\r\n\r\n\r\n<section class=\"smartFunSection\">\r\n            \r\n            <div class=\"smartFunCard\">\r\n                <div class=\"smartFunWrapper\"><img decoding=\"async\" src=\"https:\/\/talkpal.ai\/wp-content\/uploads\/2025\/05\/1.png\" alt=\"Learning Stats Screenshot\"><\/div>\r\n                <h3>A tu medida<\/h3>\r\n                <p>Talkpal utiliza tecnolog\u00eda impulsada por IA para ofrecer sesiones personalizadas ajustadas a tu nivel, ritmo y contexto. Cada lecci\u00f3n est\u00e1 dise\u00f1ada para satisfacer tus necesidades y mantenerte progresando, dondequiera que inicies sesi\u00f3n.<\/p>\r\n            <\/div>\r\n\r\n        \r\n            <div class=\"smartFunCard\">\r\n                <div class=\"smartFunWrapper\"><img decoding=\"async\" src=\"https:\/\/talkpal.ai\/wp-content\/uploads\/2025\/05\/2.png\" alt=\"Pronunciation Score Screenshot\"><\/div>\r\n                <h3>Eficaz y eficiente<\/h3>\r\n                <p>Fortalece tus habilidades de lectura, comprensi\u00f3n auditiva y expresi\u00f3n oral de manera eficiente con Talkpal. Nuestras herramientas innovadoras hacen que el aprendizaje de idiomas sea efectivo y agradable para los profesionales remotos de todos los or\u00edgenes.<\/p>\r\n            <\/div>\r\n\r\n        \r\n            <div class=\"smartFunCard\">\r\n                <div class=\"smartFunWrapper\"><img decoding=\"async\" src=\"https:\/\/talkpal.ai\/wp-content\/uploads\/2025\/05\/3.png\" alt=\"Chat Topics Screenshot\"><\/div>\r\n                <h3>Mant\u00e9n el compromiso<\/h3>\r\n                <p>La plataforma combina elementos gamificados, desaf\u00edos atractivos e indicaciones que invitan a la reflexi\u00f3n para mantener a los n\u00f3madas digitales motivados y consistentes. Con Talkpal, el aprendizaje de idiomas se convierte en un h\u00e1bito diario apto para viajar, no en una tarea.<\/p>\r\n            <\/div>\r\n\r\n        \r\n            <div class=\"smartFunCard\">\r\n                <div class=\"smartFunWrapper\"><img decoding=\"async\" src=\"https:\/\/talkpal.ai\/wp-content\/uploads\/2025\/05\/4.png\" alt=\"Dashboard Screenshot\"><\/div>\r\n                <h3>Disfruta aprendiendo<\/h3>\r\n                <p>Dominar un nuevo idioma no tiene por qu\u00e9 ser tedioso. Los ejercicios interactivos de Talkpal, los personajes animados y las divertidas conversaciones de IA hacen que el aprendizaje sea una parte inspiradora de tu d\u00eda, ya sea que est\u00e9s en una cafeter\u00eda, un espacio de coworking o en una escala.<\/p>\r\n            <\/div>\r\n\r\n            \r\n<\/section>\r\n\r\n<section class=\"promotionalBanner\">\r\n    <p class=\"promotionalText\">Talkpal para n\u00f3madas digitales &#8211; Empieza a aprender con un precio rebajado<\/p>\r\n                <a class=\"promotionalLink\" href=\"https:\/\/app.talkpal.ai\/signup?discount=50\">\r\n                Obt\u00e9n descuento            <\/a>\r\n            \r\n<\/section>","protected":false},"excerpt":{"rendered":"","protected":false},"author":20,"featured_media":0,"parent":0,"menu_order":0,"comment_status":"closed","ping_status":"closed","template":"LearningContentPage.php","meta":{"_acf_changed":false,"footnotes":""},"class_list":["post-1461796","page","type-page","status-publish","hentry"],"acf":[],"yoast_head":"<!-- This site is optimized with the Yoast SEO Premium plugin v27.2 (Yoast SEO v27.2) - https:\/\/yoast.com\/product\/yoast-seo-premium-wordpress\/ -->\n<title>Descuento de Talkpal para n\u00f3madas digitales - Talkpal<\/title>\n<meta name=\"description\" content=\"Desbloquea un descuento exclusivo del 79% en Talkpal para n\u00f3madas digitales y domina nuevos idiomas mientras viajas por el mundo.\" \/>\n<meta name=\"robots\" content=\"index, follow, max-snippet:-1, max-image-preview:large, max-video-preview:-1\" \/>\n<link rel=\"canonical\" href=\"https:\/\/talkpal.ai\/es\/descuento-de-talkpal-para-nomadas-digitales\/\" \/>\n<meta property=\"og:locale\" content=\"es_ES\" \/>\n<meta property=\"og:type\" content=\"article\" \/>\n<meta property=\"og:title\" content=\"Descuento de Talkpal para n\u00f3madas digitales\" \/>\n<meta property=\"og:url\" content=\"https:\/\/talkpal.ai\/es\/descuento-de-talkpal-para-nomadas-digitales\/\" \/>\n<meta property=\"og:site_name\" content=\"Talkpal\" \/>\n<meta property=\"article:publisher\" content=\"https:\/\/www.facebook.com\/profile.php?id=100090733639311\" \/>\n<meta property=\"article:modified_time\" content=\"2026-01-22T14:32:41+00:00\" \/>\n<meta property=\"og:image\" content=\"https:\/\/talkpal.ai\/wp-content\/uploads\/2025\/02\/Progress-tab-16_9.png\" \/>\n\t<meta property=\"og:image:width\" content=\"2880\" \/>\n\t<meta property=\"og:image:height\" content=\"1620\" \/>\n\t<meta property=\"og:image:type\" content=\"image\/png\" \/>\n<meta name=\"twitter:card\" content=\"summary_large_image\" \/>\n<meta name=\"twitter:site\" content=\"@talkpalai\" \/>\n<script type=\"application\/ld+json\" class=\"yoast-schema-graph\">{\"@context\":\"https:\/\/schema.org\",\"@graph\":[{\"@type\":\"WebPage\",\"@id\":\"https:\/\/talkpal.ai\/es\/descuento-de-talkpal-para-nomadas-digitales\/\",\"url\":\"https:\/\/talkpal.ai\/es\/descuento-de-talkpal-para-nomadas-digitales\/\",\"name\":\"Descuento de Talkpal para n\u00f3madas digitales - Talkpal\",\"isPartOf\":{\"@id\":\"https:\/\/talkpal.ai\/es\/#website\"},\"datePublished\":\"2025-10-22T21:37:53+00:00\",\"dateModified\":\"2026-01-22T14:32:41+00:00\",\"description\":\"Desbloquea un descuento exclusivo del 79% en Talkpal para n\u00f3madas digitales y domina nuevos idiomas mientras viajas por el mundo.\",\"breadcrumb\":{\"@id\":\"https:\/\/talkpal.ai\/es\/descuento-de-talkpal-para-nomadas-digitales\/#breadcrumb\"},\"inLanguage\":\"es\",\"potentialAction\":[{\"@type\":\"ReadAction\",\"target\":[\"https:\/\/talkpal.ai\/es\/descuento-de-talkpal-para-nomadas-digitales\/\"]}]},{\"@type\":\"BreadcrumbList\",\"@id\":\"https:\/\/talkpal.ai\/es\/descuento-de-talkpal-para-nomadas-digitales\/#breadcrumb\",\"itemListElement\":[{\"@type\":\"ListItem\",\"position\":1,\"name\":\"Homepage\",\"item\":\"https:\/\/talkpal.ai\/es\/\"},{\"@type\":\"ListItem\",\"position\":2,\"name\":\"Descuento de Talkpal para n\u00f3madas digitales\"}]},{\"@type\":\"WebSite\",\"@id\":\"https:\/\/talkpal.ai\/es\/#website\",\"url\":\"https:\/\/talkpal.ai\/es\/\",\"name\":\"Talkpal\",\"description\":\"AI Language Learning\",\"publisher\":{\"@id\":\"https:\/\/talkpal.ai\/es\/#organization\"},\"alternateName\":\"Talkpal AI\",\"potentialAction\":[{\"@type\":\"SearchAction\",\"target\":{\"@type\":\"EntryPoint\",\"urlTemplate\":\"https:\/\/talkpal.ai\/es\/?s={search_term_string}\"},\"query-input\":{\"@type\":\"PropertyValueSpecification\",\"valueRequired\":true,\"valueName\":\"search_term_string\"}}],\"inLanguage\":\"es\"},{\"@type\":\"Organization\",\"@id\":\"https:\/\/talkpal.ai\/es\/#organization\",\"name\":\"Talkpal, Inc.\",\"alternateName\":\"Talkpal AI\",\"url\":\"https:\/\/talkpal.ai\/es\/\",\"logo\":{\"@type\":\"ImageObject\",\"inLanguage\":\"es\",\"@id\":\"https:\/\/talkpal.ai\/es\/#\/schema\/logo\/image\/\",\"url\":\"https:\/\/talkpal.ai\/wp-content\/uploads\/2024\/03\/Talkpal-Logo-Icon.png\",\"contentUrl\":\"https:\/\/talkpal.ai\/wp-content\/uploads\/2024\/03\/Talkpal-Logo-Icon.png\",\"width\":2880,\"height\":2880,\"caption\":\"Talkpal, Inc.\"},\"image\":{\"@id\":\"https:\/\/talkpal.ai\/es\/#\/schema\/logo\/image\/\"},\"sameAs\":[\"https:\/\/www.facebook.com\/profile.php?id=100090733639311\",\"https:\/\/x.com\/talkpalai\",\"https:\/\/www.linkedin.com\/company\/talkpal\/\",\"https:\/\/www.youtube.com\/@TalkPal\/\",\"https:\/\/www.tiktok.com\/@talkpal\",\"https:\/\/www.instagram.com\/talkpal_ai\/\",\"https:\/\/www.crunchbase.com\/organization\/talkpal-9cde\",\"https:\/\/www.g2.com\/products\/talkpal-for-business\/\",\"https:\/\/www.trustpilot.com\/review\/talkpal.ai\",\"https:\/\/www.capterra.com\/p\/10006800\/TalkPal\/\"],\"description\":\"Talkpal is a language learning web and mobile education app, powered by the latest AI technologies, that provides engaging experiences to its customers in many different languages to help them improve their language skills. Users can chat about unlimited amount of topics with the app and use other modes to practice their language learning.\",\"email\":\"support@talkpal.ai\",\"legalName\":\"Talkpal, Inc.\",\"foundingDate\":\"2023-04-03\",\"duns\":\"118989042\",\"numberOfEmployees\":{\"@type\":\"QuantitativeValue\",\"minValue\":\"11\",\"maxValue\":\"50\"},\"publishingPrinciples\":\"https:\/\/talkpal.ai\/publishing-principles\/\",\"actionableFeedbackPolicy\":\"https:\/\/talkpal.ai\/actionable-feedback-policy\/\",\"correctionsPolicy\":\"https:\/\/talkpal.ai\/corrections-policy\/\",\"ethicsPolicy\":\"https:\/\/talkpal.ai\/ethics-policy\/\",\"diversityPolicy\":\"https:\/\/talkpal.ai\/diversity-policy\/\",\"diversityStaffingReport\":\"https:\/\/talkpal.ai\/diversity-policy\/\"}]}<\/script>\n<!-- \/ Yoast SEO Premium plugin. -->","yoast_head_json":{"title":"Descuento de Talkpal para n\u00f3madas digitales - Talkpal","description":"Desbloquea un descuento exclusivo del 79% en Talkpal para n\u00f3madas digitales y domina nuevos idiomas mientras viajas por el mundo.","robots":{"index":"index","follow":"follow","max-snippet":"max-snippet:-1","max-image-preview":"max-image-preview:large","max-video-preview":"max-video-preview:-1"},"canonical":"https:\/\/talkpal.ai\/es\/descuento-de-talkpal-para-nomadas-digitales\/","og_locale":"es_ES","og_type":"article","og_title":"Descuento de Talkpal para n\u00f3madas digitales","og_url":"https:\/\/talkpal.ai\/es\/descuento-de-talkpal-para-nomadas-digitales\/","og_site_name":"Talkpal","article_publisher":"https:\/\/www.facebook.com\/profile.php?id=100090733639311","article_modified_time":"2026-01-22T14:32:41+00:00","og_image":[{"width":2880,"height":1620,"url":"https:\/\/talkpal.ai\/wp-content\/uploads\/2025\/02\/Progress-tab-16_9.png","type":"image\/png"}],"twitter_card":"summary_large_image","twitter_site":"@talkpalai","schema":{"@context":"https:\/\/schema.org","@graph":[{"@type":"WebPage","@id":"https:\/\/talkpal.ai\/es\/descuento-de-talkpal-para-nomadas-digitales\/","url":"https:\/\/talkpal.ai\/es\/descuento-de-talkpal-para-nomadas-digitales\/","name":"Descuento de Talkpal para n\u00f3madas digitales - Talkpal","isPartOf":{"@id":"https:\/\/talkpal.ai\/es\/#website"},"datePublished":"2025-10-22T21:37:53+00:00","dateModified":"2026-01-22T14:32:41+00:00","description":"Desbloquea un descuento exclusivo del 79% en Talkpal para n\u00f3madas digitales y domina nuevos idiomas mientras viajas por el mundo.","breadcrumb":{"@id":"https:\/\/talkpal.ai\/es\/descuento-de-talkpal-para-nomadas-digitales\/#breadcrumb"},"inLanguage":"es","potentialAction":[{"@type":"ReadAction","target":["https:\/\/talkpal.ai\/es\/descuento-de-talkpal-para-nomadas-digitales\/"]}]},{"@type":"BreadcrumbList","@id":"https:\/\/talkpal.ai\/es\/descuento-de-talkpal-para-nomadas-digitales\/#breadcrumb","itemListElement":[{"@type":"ListItem","position":1,"name":"Homepage","item":"https:\/\/talkpal.ai\/es\/"},{"@type":"ListItem","position":2,"name":"Descuento de Talkpal para n\u00f3madas digitales"}]},{"@type":"WebSite","@id":"https:\/\/talkpal.ai\/es\/#website","url":"https:\/\/talkpal.ai\/es\/","name":"Talkpal","description":"AI Language Learning","publisher":{"@id":"https:\/\/talkpal.ai\/es\/#organization"},"alternateName":"Talkpal AI","potentialAction":[{"@type":"SearchAction","target":{"@type":"EntryPoint","urlTemplate":"https:\/\/talkpal.ai\/es\/?s={search_term_string}"},"query-input":{"@type":"PropertyValueSpecification","valueRequired":true,"valueName":"search_term_string"}}],"inLanguage":"es"},{"@type":"Organization","@id":"https:\/\/talkpal.ai\/es\/#organization","name":"Talkpal, Inc.","alternateName":"Talkpal AI","url":"https:\/\/talkpal.ai\/es\/","logo":{"@type":"ImageObject","inLanguage":"es","@id":"https:\/\/talkpal.ai\/es\/#\/schema\/logo\/image\/","url":"https:\/\/talkpal.ai\/wp-content\/uploads\/2024\/03\/Talkpal-Logo-Icon.png","contentUrl":"https:\/\/talkpal.ai\/wp-content\/uploads\/2024\/03\/Talkpal-Logo-Icon.png","width":2880,"height":2880,"caption":"Talkpal, Inc."},"image":{"@id":"https:\/\/talkpal.ai\/es\/#\/schema\/logo\/image\/"},"sameAs":["https:\/\/www.facebook.com\/profile.php?id=100090733639311","https:\/\/x.com\/talkpalai","https:\/\/www.linkedin.com\/company\/talkpal\/","https:\/\/www.youtube.com\/@TalkPal\/","https:\/\/www.tiktok.com\/@talkpal","https:\/\/www.instagram.com\/talkpal_ai\/","https:\/\/www.crunchbase.com\/organization\/talkpal-9cde","https:\/\/www.g2.com\/products\/talkpal-for-business\/","https:\/\/www.trustpilot.com\/review\/talkpal.ai","https:\/\/www.capterra.com\/p\/10006800\/TalkPal\/"],"description":"Talkpal is a language learning web and mobile education app, powered by the latest AI technologies, that provides engaging experiences to its customers in many different languages to help them improve their language skills. Users can chat about unlimited amount of topics with the app and use other modes to practice their language learning.","email":"support@talkpal.ai","legalName":"Talkpal, Inc.","foundingDate":"2023-04-03","duns":"118989042","numberOfEmployees":{"@type":"QuantitativeValue","minValue":"11","maxValue":"50"},"publishingPrinciples":"https:\/\/talkpal.ai\/publishing-principles\/","actionableFeedbackPolicy":"https:\/\/talkpal.ai\/actionable-feedback-policy\/","correctionsPolicy":"https:\/\/talkpal.ai\/corrections-policy\/","ethicsPolicy":"https:\/\/talkpal.ai\/ethics-policy\/","diversityPolicy":"https:\/\/talkpal.ai\/diversity-policy\/","diversityStaffingReport":"https:\/\/talkpal.ai\/diversity-policy\/"}]}},"_links":{"self":[{"href":"https:\/\/talkpal.ai\/es\/wp-json\/wp\/v2\/pages\/1461796","targetHints":{"allow":["GET"]}}],"collection":[{"href":"https:\/\/talkpal.ai\/es\/wp-json\/wp\/v2\/pages"}],"about":[{"href":"https:\/\/talkpal.ai\/es\/wp-json\/wp\/v2\/types\/page"}],"author":[{"embeddable":true,"href":"https:\/\/talkpal.ai\/es\/wp-json\/wp\/v2\/users\/20"}],"replies":[{"embeddable":true,"href":"https:\/\/talkpal.ai\/es\/wp-json\/wp\/v2\/comments?post=1461796"}],"version-history":[{"count":0,"href":"https:\/\/talkpal.ai\/es\/wp-json\/wp\/v2\/pages\/1461796\/revisions"}],"wp:attachment":[{"href":"https:\/\/talkpal.ai\/es\/wp-json\/wp\/v2\/media?parent=1461796"}],"curies":[{"name":"wp","href":"https:\/\/api.w.org\/{rel}","templated":true}]}}