{"id":1217,"date":"2023-03-19T08:50:38","date_gmt":"2023-03-19T08:50:38","guid":{"rendered":"http:\/\/talkpal.ai\/comment-apprendre-une-langue-via-talkpal-chat\/"},"modified":"2025-12-29T11:49:27","modified_gmt":"2025-12-29T11:49:27","slug":"comment-apprendre-une-langue-via-talkpal-chat-2","status":"publish","type":"page","link":"https:\/\/talkpal.ai\/es\/comment-apprendre-une-langue-via-talkpal-chat-2\/","title":{"rendered":"Comment apprendre une langue via TalkPal Chat ?"},"content":{"rendered":"<h2><\/h2>\n<h2>La meilleure fa\u00e7on d&#8217;utiliser le chat conversationnel Talkpal pour apprendre une langue<\/h2>\n<p>Dans le monde interconnect\u00e9 d&#8217;aujourd&#8217;hui, la capacit\u00e9 \u00e0 <a href=\"https:\/\/talkpal.ai\/fr\/parler-plusieurs-langues-les-cles-pour-devenir-bilingue-rapidement\/\">parler plusieurs langues<\/a> est devenue de plus en plus pr\u00e9cieuse. Gr\u00e2ce aux progr\u00e8s technologiques, l&#8217;apprentissage d&#8217;une <a href=\"https:\/\/talkpal.ai\/fr\/la-meilleure-facon-de-commencer-a-parler-une-nouvelle-langue\/\">nouvelle langue<\/a> n&#8217;a jamais \u00e9t\u00e9 aussi accessible. L&#8217;une de ces innovations est l&#8217;utilisation de l&#8217;IA conversationnelle, qui a r\u00e9volutionn\u00e9 le processus d&#8217;apprentissage des langues. Dans cet article, nous examinerons les avantages de l&#8217;utilisation du chat conversationnel <a href=\"https:\/\/talkpal.ai\/speaking-with-ai\/\">AI<\/a> pour l&#8217;apprentissage des langues et nous verrons comment l&#8217;application <a href=\"https:\/\/talkpal.ai\/ko\/ai-%ec%96%b8%ec%96%b4-%ea%b5%90%ec%82%ac\/\">Talkpal<\/a> peut vous aider \u00e0 atteindre vos objectifs en mati\u00e8re d&#8217;apprentissage des langues.<\/p>\n<p>Talkpal est une <a href=\"https:\/\/talkpal.ai\/es\/descargar-la-aplicacion-talkpal-para-android-e-ios\/\">application<\/a> de chat conversationnel aliment\u00e9e par l&#8217;IA et con\u00e7ue pour aider les utilisateurs \u00e0 apprendre de nouvelles langues. Les utilisateurs peuvent engager des conversations textuelles ou vocales avec des chatbots dot\u00e9s d&#8217;IA, simulant des conversations r\u00e9elles dans la langue cible. Talkpal offre une s\u00e9rie de fonctionnalit\u00e9s, notamment des le\u00e7ons personnalis\u00e9es, un <a href=\"https:\/\/talkpal.ai\/contact\/\">retour<\/a> d&#8217;information instantan\u00e9 et une interaction conviviale, ce qui en fait un outil efficace pour les apprenants de langues de tous niveaux.<\/p>\n<h2>Avantages de l&#8217;utilisation du chat conversationnel pour l&#8217;apprentissage des langues<\/h2>\n<h3>Personnalisation<\/h3>\n<p>Le chat conversationnel de l&#8217;IA permet une exp\u00e9rience d&#8217;apprentissage plus personnalis\u00e9e, car l&#8217;IA peut analyser les comp\u00e9tences linguistiques de l&#8217;utilisateur et adapter ses r\u00e9ponses en cons\u00e9quence. Les apprenants re\u00e7oivent ainsi un contenu adapt\u00e9 \u00e0 leur niveau actuel, ce qui leur \u00e9vite d&#8217;\u00eatre d\u00e9pass\u00e9s ou de s&#8217;ennuyer.<\/p>\n<h3>Flexibilit\u00e9<\/h3>\n<p>Le chat conversationnel AI offre aux utilisateurs la possibilit\u00e9 d&#8217;apprendre \u00e0 leur rythme et selon leur emploi du temps. Les utilisateurs peuvent engager des conversations avec le chatbot d\u00e8s qu&#8217;ils ont du temps libre, ce qui en fait une option pratique pour ceux qui ont un mode de vie tr\u00e8s actif.<\/p>\n<h3>Retour d&#8217;information instantan\u00e9<\/h3>\n<p>L&#8217;un des principaux avantages du chat conversationnel IA est sa capacit\u00e9 \u00e0 fournir un retour d&#8217;information instantan\u00e9 sur les performances linguistiques de l&#8217;utilisateur. Cela permet aux apprenants d&#8217;identifier et de corriger rapidement leurs erreurs, ce qui les aide \u00e0 am\u00e9liorer leurs comp\u00e9tences linguistiques de mani\u00e8re plus efficace.<\/p>\n<h3>Apprentissage interactif<\/h3>\n<p>Le chat conversationnel AI offre une exp\u00e9rience d&#8217;apprentissage plus interactive et plus engageante que les m\u00e9thodes traditionnelles d&#8217;apprentissage des langues. En simulant des conversations r\u00e9elles, les utilisateurs peuvent s&#8217;entra\u00eener \u00e0 parler et \u00e0 \u00e9couter dans un environnement plus naturel et immersif.<\/p>\n<h2>Comment Talkpal aide \u00e0 l&#8217;apprentissage des langues<\/h2>\n<h3>Caract\u00e9ristiques de Talkpal<\/h3>\n<p>Talkpal propose une s\u00e9rie de fonctionnalit\u00e9s con\u00e7ues pour am\u00e9liorer le processus d&#8217;apprentissage des langues, notamment<\/p>\n<ul>\n<li>Chat conversationnel aliment\u00e9 par l&#8217;IA pour les conversations textuelles et vocales<\/li>\n<li>Des parcours d&#8217;apprentissage personnalis\u00e9s adapt\u00e9s au niveau de comp\u00e9tence de l&#8217;utilisateur<\/li>\n<li>Retour d&#8217;information instantan\u00e9 sur les performances linguistiques<\/li>\n<\/ul>\n<h3>Langues prises en charge<\/h3>\n<p>Talkpal prend en charge un large \u00e9ventail de langues, y compris des options populaires comme l&#8217;anglais, l&#8217;espagnol, le fran\u00e7ais, l&#8217;allemand et l&#8217;italien, ainsi que des langues moins couramment enseign\u00e9es. Il s&#8217;agit donc d&#8217;une option polyvalente pour les apprenants ayant des int\u00e9r\u00eats linguistiques vari\u00e9s.<\/p>\n<h2>Meilleures pratiques pour l&#8217;utilisation de Talkpal pour l&#8217;apprentissage des langues<\/h2>\n<h3>Fixer des objectifs<\/h3>\n<p>Avant de commencer \u00e0 utiliser Talkpal, il est essentiel de fixer des objectifs clairs et r\u00e9alistes pour votre apprentissage des langues. Cela vous aidera \u00e0 rester motiv\u00e9 et \u00e0 vous concentrer sur la r\u00e9alisation de vos objectifs.<\/p>\n<h3>Pratique r\u00e9guli\u00e8re<\/h3>\n<p>La constance est la cl\u00e9 de l&#8217;apprentissage des langues. Prenez l&#8217;habitude d&#8217;utiliser Talkpal r\u00e9guli\u00e8rement, ne serait-ce que quelques minutes par jour. Cela vous permettra de progresser r\u00e9guli\u00e8rement et d&#8217;am\u00e9liorer vos comp\u00e9tences linguistiques.<\/p>\n<h3>Mettre l&#8217;accent sur l&#8217;apprentissage actif<\/h3>\n<p>Lors des conversations avec le chatbot IA, veillez \u00e0 pratiquer l&#8217;\u00e9coute et l&#8217;expression actives. Cela signifie qu&#8217;il faut \u00eatre tr\u00e8s attentif aux r\u00e9ponses du chatbot et essayer de formuler ses propres r\u00e9ponses, plut\u00f4t que de s&#8217;appuyer sur des r\u00e9ponses pr\u00e9-\u00e9crites.<\/p>\n<h3>Utiliser la communaut\u00e9<\/h3>\n<p>Profitez des fonctionnalit\u00e9s de la communaut\u00e9 Talkpal en interagissant avec d&#8217;autres apprenants et des locuteurs natifs. Cela peut vous donner des occasions suppl\u00e9mentaires de mettre en pratique vos comp\u00e9tences linguistiques et d&#8217;obtenir des informations et des commentaires pr\u00e9cieux de la part d&#8217;autres personnes.<\/p>\n<h3>Comparaison de Talkpal avec d&#8217;autres applications d&#8217;apprentissage des langues<\/h3>\n<p>Bien qu&#8217;il existe de nombreuses applications d&#8217;apprentissage des langues, Talkpal se distingue par sa fonction de chat conversationnel aliment\u00e9e par l&#8217;IA et bas\u00e9e sur la technologie GPT. Cela permet une exp\u00e9rience d&#8217;apprentissage plus interactive et immersive, ce qui en fait une option attrayante pour ceux qui cherchent \u00e0 pratiquer leurs comp\u00e9tences en mati\u00e8re d&#8217;expression orale et d&#8217;\u00e9coute. En outre, les fonctions de personnalisation et de retour d&#8217;information instantan\u00e9 de Talkpal peuvent aider les apprenants \u00e0 progresser plus efficacement que les m\u00e9thodes traditionnelles d&#8217;apprentissage des langues. En outre, il pr\u00e9sente le meilleur rapport qualit\u00e9-prix du secteur.<\/p>\n<h3>Notre conclusion<\/h3>\n<p>Le chat conversationnel par IA a le potentiel de r\u00e9volutionner l&#8217;apprentissage des langues, en offrant une exp\u00e9rience plus personnalis\u00e9e, plus flexible et plus interactive. Talkpal est un excellent exemple de cette technologie en action, offrant une gamme de fonctionnalit\u00e9s con\u00e7ues pour aider les utilisateurs \u00e0 atteindre leurs objectifs d&#8217;apprentissage des langues. En suivant les meilleures pratiques, comme se fixer des objectifs, s&#8217;entra\u00eener r\u00e9guli\u00e8rement, se concentrer sur l&#8217;apprentissage actif et utiliser la communaut\u00e9, vous pouvez tirer le meilleur parti de Talkpal et devenir comp\u00e9tent dans votre langue cible.<\/p>\n<h2>Faq<\/h2>\n<p>Oui, Talkpal est con\u00e7u pour accueillir des apprenants de tous niveaux, y compris des d\u00e9butants. Cependant, il est encore con\u00e7u pour les personnes ayant des connaissances linguistiques de base. Le chatbot IA peut adapter ses r\u00e9ponses en fonction du niveau de comp\u00e9tence de l&#8217;utilisateur, en veillant \u00e0 ce que le contenu soit appropri\u00e9 et accessible.<\/p>\n<p>Oui, Talkpal prend en charge une vari\u00e9t\u00e9 de langues, ce qui permet aux utilisateurs d&#8217;apprendre plusieurs langues simultan\u00e9ment s&#8217;ils le souhaitent.<\/p>\n<p>Consultez notre page d&#8217;accueil pour obtenir des informations sur les derniers tarifs.<\/p>\n<p>Talkpal offre une exp\u00e9rience d&#8217;apprentissage plus interactive et immersive que les m\u00e9thodes traditionnelles telles que les manuels ou l&#8217;enseignement en classe. En simulant des conversations r\u00e9elles, les utilisateurs peuvent s&#8217;entra\u00eener \u00e0 parler et \u00e0 \u00e9couter dans un environnement plus naturel et plus attrayant. En outre, les fonctions de personnalisation et de retour d&#8217;information instantan\u00e9 de Talkpal, aliment\u00e9es par l&#8217;IA, peuvent aider les apprenants \u00e0 progresser plus efficacement.<\/p>\n<p>Disponible d\u00e8s aujourd&#8217;hui<\/p>\n<h4>Am\u00e9liorez vos comp\u00e9tences linguistiques avec seulement 10 minutes de chat par jour.<\/h4>\n","protected":false},"excerpt":{"rendered":"<p>La meilleure fa\u00e7on d&#8217;utiliser le chat conversationnel Talkpal pour apprendre une langue Dans le monde interconnect\u00e9 d&#8217;aujourd&#8217;hui, la capacit\u00e9 \u00e0 parler plusieurs langues est devenue de plus en plus pr\u00e9cieuse. Gr\u00e2ce aux progr\u00e8s technologiques, l&#8217;apprentissage d&#8217;une nouvelle langue n&#8217;a jamais \u00e9t\u00e9 aussi accessible. L&#8217;une de ces innovations est l&#8217;utilisation de l&#8217;IA conversationnelle, qui a r\u00e9volutionn\u00e9 [&hellip;]<\/p>\n","protected":false},"author":1,"featured_media":2314,"parent":0,"menu_order":0,"comment_status":"closed","ping_status":"closed","template":"","meta":{"_acf_changed":false,"footnotes":""},"class_list":["post-1217","page","type-page","status-publish","has-post-thumbnail","hentry"],"acf":[],"yoast_head":"<!-- This site is optimized with the Yoast SEO Premium plugin v27.2 (Yoast SEO v27.2) - https:\/\/yoast.com\/product\/yoast-seo-premium-wordpress\/ -->\n<title>Comment apprendre une langue via TalkPal Chat ? - Talkpal<\/title>\n<meta name=\"description\" content=\"Dans cet article, nous examinerons les avantages de l&#039;utilisation du chat conversationnel TalkPal AI pour l&#039;apprentissage des langues.\" \/>\n<meta name=\"robots\" content=\"index, follow, max-snippet:-1, max-image-preview:large, max-video-preview:-1\" \/>\n<link rel=\"canonical\" href=\"https:\/\/talkpal.ai\/es\/comment-apprendre-une-langue-via-talkpal-chat-2\/\" \/>\n<meta property=\"og:locale\" content=\"es_ES\" \/>\n<meta property=\"og:type\" content=\"article\" \/>\n<meta property=\"og:title\" content=\"Comment apprendre une langue via TalkPal Chat ?\" \/>\n<meta property=\"og:description\" content=\"La meilleure fa\u00e7on d&#039;utiliser le chat conversationnel Talkpal pour apprendre une langue Dans le monde interconnect\u00e9 d&#039;aujourd&#039;hui, la capacit\u00e9 \u00e0 parler\" \/>\n<meta property=\"og:url\" content=\"https:\/\/talkpal.ai\/es\/comment-apprendre-une-langue-via-talkpal-chat-2\/\" \/>\n<meta property=\"og:site_name\" content=\"Talkpal\" \/>\n<meta property=\"article:publisher\" content=\"https:\/\/www.facebook.com\/profile.php?id=100090733639311\" \/>\n<meta property=\"article:modified_time\" content=\"2025-12-29T11:49:27+00:00\" \/>\n<meta property=\"og:image\" content=\"https:\/\/talkpal.ai\/wp-content\/uploads\/2023\/03\/TalkPal-AI-logos-1.jpeg\" \/>\n\t<meta property=\"og:image:width\" content=\"1200\" \/>\n\t<meta property=\"og:image:height\" content=\"1200\" \/>\n\t<meta property=\"og:image:type\" content=\"image\/jpeg\" \/>\n<meta name=\"twitter:card\" content=\"summary_large_image\" \/>\n<meta name=\"twitter:site\" content=\"@talkpalai\" \/>\n<meta name=\"twitter:label1\" content=\"Tiempo de lectura\" \/>\n\t<meta name=\"twitter:data1\" content=\"5 minutos\" \/>\n<script type=\"application\/ld+json\" class=\"yoast-schema-graph\">{\"@context\":\"https:\/\/schema.org\",\"@graph\":[{\"@type\":\"WebPage\",\"@id\":\"https:\/\/talkpal.ai\/es\/comment-apprendre-une-langue-via-talkpal-chat-2\/\",\"url\":\"https:\/\/talkpal.ai\/es\/comment-apprendre-une-langue-via-talkpal-chat-2\/\",\"name\":\"Comment apprendre une langue via TalkPal Chat ? - Talkpal\",\"isPartOf\":{\"@id\":\"https:\/\/talkpal.ai\/es\/#website\"},\"primaryImageOfPage\":{\"@id\":\"https:\/\/talkpal.ai\/es\/comment-apprendre-une-langue-via-talkpal-chat-2\/#primaryimage\"},\"image\":{\"@id\":\"https:\/\/talkpal.ai\/es\/comment-apprendre-une-langue-via-talkpal-chat-2\/#primaryimage\"},\"thumbnailUrl\":\"https:\/\/talkpal.ai\/wp-content\/uploads\/2023\/03\/TalkPal-AI-logos-1.jpeg\",\"datePublished\":\"2023-03-19T08:50:38+00:00\",\"dateModified\":\"2025-12-29T11:49:27+00:00\",\"description\":\"Dans cet article, nous examinerons les avantages de l'utilisation du chat conversationnel TalkPal AI pour l'apprentissage des langues.\",\"breadcrumb\":{\"@id\":\"https:\/\/talkpal.ai\/es\/comment-apprendre-une-langue-via-talkpal-chat-2\/#breadcrumb\"},\"inLanguage\":\"es\",\"potentialAction\":[{\"@type\":\"ReadAction\",\"target\":[\"https:\/\/talkpal.ai\/es\/comment-apprendre-une-langue-via-talkpal-chat-2\/\"]}]},{\"@type\":\"ImageObject\",\"inLanguage\":\"es\",\"@id\":\"https:\/\/talkpal.ai\/es\/comment-apprendre-une-langue-via-talkpal-chat-2\/#primaryimage\",\"url\":\"https:\/\/talkpal.ai\/wp-content\/uploads\/2023\/03\/TalkPal-AI-logos-1.jpeg\",\"contentUrl\":\"https:\/\/talkpal.ai\/wp-content\/uploads\/2023\/03\/TalkPal-AI-logos-1.jpeg\",\"width\":1200,\"height\":1200,\"caption\":\"TalkPal AI Logo Square Main\"},{\"@type\":\"BreadcrumbList\",\"@id\":\"https:\/\/talkpal.ai\/es\/comment-apprendre-une-langue-via-talkpal-chat-2\/#breadcrumb\",\"itemListElement\":[{\"@type\":\"ListItem\",\"position\":1,\"name\":\"Homepage\",\"item\":\"https:\/\/talkpal.ai\/es\/\"},{\"@type\":\"ListItem\",\"position\":2,\"name\":\"Comment apprendre une langue via TalkPal Chat ?\"}]},{\"@type\":\"WebSite\",\"@id\":\"https:\/\/talkpal.ai\/es\/#website\",\"url\":\"https:\/\/talkpal.ai\/es\/\",\"name\":\"Talkpal\",\"description\":\"AI Language Learning\",\"publisher\":{\"@id\":\"https:\/\/talkpal.ai\/es\/#organization\"},\"alternateName\":\"Talkpal AI\",\"potentialAction\":[{\"@type\":\"SearchAction\",\"target\":{\"@type\":\"EntryPoint\",\"urlTemplate\":\"https:\/\/talkpal.ai\/es\/?s={search_term_string}\"},\"query-input\":{\"@type\":\"PropertyValueSpecification\",\"valueRequired\":true,\"valueName\":\"search_term_string\"}}],\"inLanguage\":\"es\"},{\"@type\":\"Organization\",\"@id\":\"https:\/\/talkpal.ai\/es\/#organization\",\"name\":\"Talkpal, Inc.\",\"alternateName\":\"Talkpal AI\",\"url\":\"https:\/\/talkpal.ai\/es\/\",\"logo\":{\"@type\":\"ImageObject\",\"inLanguage\":\"es\",\"@id\":\"https:\/\/talkpal.ai\/es\/#\/schema\/logo\/image\/\",\"url\":\"https:\/\/talkpal.ai\/wp-content\/uploads\/2024\/03\/Talkpal-Logo-Icon.png\",\"contentUrl\":\"https:\/\/talkpal.ai\/wp-content\/uploads\/2024\/03\/Talkpal-Logo-Icon.png\",\"width\":2880,\"height\":2880,\"caption\":\"Talkpal, Inc.\"},\"image\":{\"@id\":\"https:\/\/talkpal.ai\/es\/#\/schema\/logo\/image\/\"},\"sameAs\":[\"https:\/\/www.facebook.com\/profile.php?id=100090733639311\",\"https:\/\/x.com\/talkpalai\",\"https:\/\/www.linkedin.com\/company\/talkpal\/\",\"https:\/\/www.youtube.com\/@TalkPal\/\",\"https:\/\/www.tiktok.com\/@talkpal\",\"https:\/\/www.instagram.com\/talkpal_ai\/\",\"https:\/\/www.crunchbase.com\/organization\/talkpal-9cde\",\"https:\/\/www.g2.com\/products\/talkpal-for-business\/\",\"https:\/\/www.trustpilot.com\/review\/talkpal.ai\",\"https:\/\/www.capterra.com\/p\/10006800\/TalkPal\/\"],\"description\":\"Talkpal is a language learning web and mobile education app, powered by the latest AI technologies, that provides engaging experiences to its customers in many different languages to help them improve their language skills. Users can chat about unlimited amount of topics with the app and use other modes to practice their language learning.\",\"email\":\"support@talkpal.ai\",\"legalName\":\"Talkpal, Inc.\",\"foundingDate\":\"2023-04-03\",\"duns\":\"118989042\",\"numberOfEmployees\":{\"@type\":\"QuantitativeValue\",\"minValue\":\"11\",\"maxValue\":\"50\"},\"publishingPrinciples\":\"https:\/\/talkpal.ai\/publishing-principles\/\",\"actionableFeedbackPolicy\":\"https:\/\/talkpal.ai\/actionable-feedback-policy\/\",\"correctionsPolicy\":\"https:\/\/talkpal.ai\/corrections-policy\/\",\"ethicsPolicy\":\"https:\/\/talkpal.ai\/ethics-policy\/\",\"diversityPolicy\":\"https:\/\/talkpal.ai\/diversity-policy\/\",\"diversityStaffingReport\":\"https:\/\/talkpal.ai\/diversity-policy\/\"}]}<\/script>\n<!-- \/ Yoast SEO Premium plugin. -->","yoast_head_json":{"title":"Comment apprendre une langue via TalkPal Chat ? - Talkpal","description":"Dans cet article, nous examinerons les avantages de l'utilisation du chat conversationnel TalkPal AI pour l'apprentissage des langues.","robots":{"index":"index","follow":"follow","max-snippet":"max-snippet:-1","max-image-preview":"max-image-preview:large","max-video-preview":"max-video-preview:-1"},"canonical":"https:\/\/talkpal.ai\/es\/comment-apprendre-une-langue-via-talkpal-chat-2\/","og_locale":"es_ES","og_type":"article","og_title":"Comment apprendre une langue via TalkPal Chat ?","og_description":"La meilleure fa\u00e7on d'utiliser le chat conversationnel Talkpal pour apprendre une langue Dans le monde interconnect\u00e9 d'aujourd'hui, la capacit\u00e9 \u00e0 parler","og_url":"https:\/\/talkpal.ai\/es\/comment-apprendre-une-langue-via-talkpal-chat-2\/","og_site_name":"Talkpal","article_publisher":"https:\/\/www.facebook.com\/profile.php?id=100090733639311","article_modified_time":"2025-12-29T11:49:27+00:00","og_image":[{"width":1200,"height":1200,"url":"https:\/\/talkpal.ai\/wp-content\/uploads\/2023\/03\/TalkPal-AI-logos-1.jpeg","type":"image\/jpeg"}],"twitter_card":"summary_large_image","twitter_site":"@talkpalai","twitter_misc":{"Tiempo de lectura":"5 minutos"},"schema":{"@context":"https:\/\/schema.org","@graph":[{"@type":"WebPage","@id":"https:\/\/talkpal.ai\/es\/comment-apprendre-une-langue-via-talkpal-chat-2\/","url":"https:\/\/talkpal.ai\/es\/comment-apprendre-une-langue-via-talkpal-chat-2\/","name":"Comment apprendre une langue via TalkPal Chat ? - Talkpal","isPartOf":{"@id":"https:\/\/talkpal.ai\/es\/#website"},"primaryImageOfPage":{"@id":"https:\/\/talkpal.ai\/es\/comment-apprendre-une-langue-via-talkpal-chat-2\/#primaryimage"},"image":{"@id":"https:\/\/talkpal.ai\/es\/comment-apprendre-une-langue-via-talkpal-chat-2\/#primaryimage"},"thumbnailUrl":"https:\/\/talkpal.ai\/wp-content\/uploads\/2023\/03\/TalkPal-AI-logos-1.jpeg","datePublished":"2023-03-19T08:50:38+00:00","dateModified":"2025-12-29T11:49:27+00:00","description":"Dans cet article, nous examinerons les avantages de l'utilisation du chat conversationnel TalkPal AI pour l'apprentissage des langues.","breadcrumb":{"@id":"https:\/\/talkpal.ai\/es\/comment-apprendre-une-langue-via-talkpal-chat-2\/#breadcrumb"},"inLanguage":"es","potentialAction":[{"@type":"ReadAction","target":["https:\/\/talkpal.ai\/es\/comment-apprendre-une-langue-via-talkpal-chat-2\/"]}]},{"@type":"ImageObject","inLanguage":"es","@id":"https:\/\/talkpal.ai\/es\/comment-apprendre-une-langue-via-talkpal-chat-2\/#primaryimage","url":"https:\/\/talkpal.ai\/wp-content\/uploads\/2023\/03\/TalkPal-AI-logos-1.jpeg","contentUrl":"https:\/\/talkpal.ai\/wp-content\/uploads\/2023\/03\/TalkPal-AI-logos-1.jpeg","width":1200,"height":1200,"caption":"TalkPal AI Logo Square Main"},{"@type":"BreadcrumbList","@id":"https:\/\/talkpal.ai\/es\/comment-apprendre-une-langue-via-talkpal-chat-2\/#breadcrumb","itemListElement":[{"@type":"ListItem","position":1,"name":"Homepage","item":"https:\/\/talkpal.ai\/es\/"},{"@type":"ListItem","position":2,"name":"Comment apprendre une langue via TalkPal Chat ?"}]},{"@type":"WebSite","@id":"https:\/\/talkpal.ai\/es\/#website","url":"https:\/\/talkpal.ai\/es\/","name":"Talkpal","description":"AI Language Learning","publisher":{"@id":"https:\/\/talkpal.ai\/es\/#organization"},"alternateName":"Talkpal AI","potentialAction":[{"@type":"SearchAction","target":{"@type":"EntryPoint","urlTemplate":"https:\/\/talkpal.ai\/es\/?s={search_term_string}"},"query-input":{"@type":"PropertyValueSpecification","valueRequired":true,"valueName":"search_term_string"}}],"inLanguage":"es"},{"@type":"Organization","@id":"https:\/\/talkpal.ai\/es\/#organization","name":"Talkpal, Inc.","alternateName":"Talkpal AI","url":"https:\/\/talkpal.ai\/es\/","logo":{"@type":"ImageObject","inLanguage":"es","@id":"https:\/\/talkpal.ai\/es\/#\/schema\/logo\/image\/","url":"https:\/\/talkpal.ai\/wp-content\/uploads\/2024\/03\/Talkpal-Logo-Icon.png","contentUrl":"https:\/\/talkpal.ai\/wp-content\/uploads\/2024\/03\/Talkpal-Logo-Icon.png","width":2880,"height":2880,"caption":"Talkpal, Inc."},"image":{"@id":"https:\/\/talkpal.ai\/es\/#\/schema\/logo\/image\/"},"sameAs":["https:\/\/www.facebook.com\/profile.php?id=100090733639311","https:\/\/x.com\/talkpalai","https:\/\/www.linkedin.com\/company\/talkpal\/","https:\/\/www.youtube.com\/@TalkPal\/","https:\/\/www.tiktok.com\/@talkpal","https:\/\/www.instagram.com\/talkpal_ai\/","https:\/\/www.crunchbase.com\/organization\/talkpal-9cde","https:\/\/www.g2.com\/products\/talkpal-for-business\/","https:\/\/www.trustpilot.com\/review\/talkpal.ai","https:\/\/www.capterra.com\/p\/10006800\/TalkPal\/"],"description":"Talkpal is a language learning web and mobile education app, powered by the latest AI technologies, that provides engaging experiences to its customers in many different languages to help them improve their language skills. Users can chat about unlimited amount of topics with the app and use other modes to practice their language learning.","email":"support@talkpal.ai","legalName":"Talkpal, Inc.","foundingDate":"2023-04-03","duns":"118989042","numberOfEmployees":{"@type":"QuantitativeValue","minValue":"11","maxValue":"50"},"publishingPrinciples":"https:\/\/talkpal.ai\/publishing-principles\/","actionableFeedbackPolicy":"https:\/\/talkpal.ai\/actionable-feedback-policy\/","correctionsPolicy":"https:\/\/talkpal.ai\/corrections-policy\/","ethicsPolicy":"https:\/\/talkpal.ai\/ethics-policy\/","diversityPolicy":"https:\/\/talkpal.ai\/diversity-policy\/","diversityStaffingReport":"https:\/\/talkpal.ai\/diversity-policy\/"}]}},"_links":{"self":[{"href":"https:\/\/talkpal.ai\/es\/wp-json\/wp\/v2\/pages\/1217","targetHints":{"allow":["GET"]}}],"collection":[{"href":"https:\/\/talkpal.ai\/es\/wp-json\/wp\/v2\/pages"}],"about":[{"href":"https:\/\/talkpal.ai\/es\/wp-json\/wp\/v2\/types\/page"}],"author":[{"embeddable":true,"href":"https:\/\/talkpal.ai\/es\/wp-json\/wp\/v2\/users\/1"}],"replies":[{"embeddable":true,"href":"https:\/\/talkpal.ai\/es\/wp-json\/wp\/v2\/comments?post=1217"}],"version-history":[{"count":0,"href":"https:\/\/talkpal.ai\/es\/wp-json\/wp\/v2\/pages\/1217\/revisions"}],"wp:featuredmedia":[{"embeddable":true,"href":"https:\/\/talkpal.ai\/es\/wp-json\/wp\/v2\/media\/2314"}],"wp:attachment":[{"href":"https:\/\/talkpal.ai\/es\/wp-json\/wp\/v2\/media?parent=1217"}],"curies":[{"name":"wp","href":"https:\/\/api.w.org\/{rel}","templated":true}]}}