{"id":998106,"date":"2023-10-09T10:03:45","date_gmt":"2023-10-09T10:03:45","guid":{"rendered":"https:\/\/talkpal.ai\/anweisungen-zur-abonnementverwaltung\/"},"modified":"2025-07-12T09:47:24","modified_gmt":"2025-07-12T09:47:24","slug":"anweisungen-zur-abonnementverwaltung","status":"publish","type":"page","link":"https:\/\/talkpal.ai\/de\/anweisungen-zur-abonnementverwaltung\/","title":{"rendered":"Anweisungen zur Abonnementverwaltung"},"content":{"rendered":"\n<p>Sie k\u00f6nnen Ihre Abonnements in unseren Apps im <a href=\"https:\/\/talkpal.ai\/es\/descargar-la-aplicacion-talkpal-para-android-e-ios\/\">App Store<\/a> (Apple <a href=\"https:\/\/talkpal.ai\/es\/descargar-la-aplicacion-talkpal-para-android-e-ios\/\">iOS<\/a>), bei Google Play (Android) oder auf der Website verwalten.<\/p>\n\n<h2 class=\"wp-block-heading\" id=\"h-app-store-apple-ios\">App Store (Apple iOS)<\/h2>\n\n<p>Bitte beachten: Sie m\u00fcssen Ihr Apple-Abonnement oder Ihre Testversion mindestens 24 Stunden vor Ablauf k\u00fcndigen. Wenn Sie es am letzten Tag k\u00fcndigen, verl\u00e4ngert es sich automatisch.<\/p>\n\n<p>Um Ihr <a href=\"https:\/\/talkpal.ai\/ko\/ai-%ec%96%b8%ec%96%b4-%ea%b5%90%ec%82%ac\/\">Talkpal<\/a> Abonnement \u00fcber den App Store zu k\u00fcndigen, folgen Sie diesen Schritten auf Ihrem iOS-Ger\u00e4t:<\/p>\n\n<p><strong>Schritt 1<\/strong> &#8211; \u00d6ffnen Sie die App Einstellungen.<\/p>\n\n<p><strong>Schritt 2<\/strong> &#8211; W\u00e4hlen Sie Ihre Apple ID oben auf der Seite.<\/p>\n\n<p><strong>Schritt 3<\/strong> &#8211; W\u00e4hlen Sie &#8222;Apple ID anzeigen&#8220;.<\/p>\n\n<p><strong>Schritt 4<\/strong> &#8211; Gehen Sie zu &#8222;Abonnements&#8220; und w\u00e4hlen Sie das Abonnement, das Sie k\u00fcndigen m\u00f6chten.<\/p>\n\n<p><strong>Schritt 5<\/strong> &#8211; Tippen Sie auf &#8222;Abonnement k\u00fcndigen&#8220;.<\/p>\n\n<h2 class=\"wp-block-heading\" id=\"h-google-play-android\">Google Play (Android)<\/h2>\n\n<p><b>Schritt 1<\/b> &#8211; Navigieren Sie auf Ihrem Android-Ger\u00e4t zu Ihren Abonnements in Google Play.<\/p>\n\n<p><b>Schritt 2<\/b> &#8211; W\u00e4hlen Sie das Abonnement, das Sie k\u00fcndigen m\u00f6chten.<\/p>\n\n<p><b>Schritt 3<\/b> &#8211; Dr\u00fccken Sie Abonnement abbrechen.<\/p>\n\n<h2 class=\"wp-block-heading\" id=\"h-website\">Website<\/h2>\n\n<p><b>Schritt 1<\/b> &#8211; Gehen Sie auf Ihre Kontoseite.<\/p>\n\n<p><b>Schritt 2<\/b> &#8211; Scrollen Sie nach unten zum Abschnitt &#8222;Abonnement&#8220;.<\/p>\n\n<p><b>Schritt 3<\/b> &#8211; Klicken Sie auf &#8222;Abonnement k\u00fcndigen&#8220;.<\/p>\n","protected":false},"excerpt":{"rendered":"<p>Sie k\u00f6nnen Ihre Abonnements in unseren Apps im App Store (Apple iOS), bei Google Play (Android) oder auf der Website verwalten. App Store (Apple iOS) Bitte beachten: Sie m\u00fcssen Ihr Apple-Abonnement oder Ihre Testversion mindestens 24 Stunden vor Ablauf k\u00fcndigen. Wenn Sie es am letzten Tag k\u00fcndigen, verl\u00e4ngert es sich automatisch. Um Ihr Talkpal Abonnement [&hellip;]<\/p>\n","protected":false},"author":10,"featured_media":197956,"parent":0,"menu_order":0,"comment_status":"closed","ping_status":"closed","template":"","meta":{"_acf_changed":false,"footnotes":""},"class_list":["post-998106","page","type-page","status-publish","has-post-thumbnail","hentry"],"acf":[],"yoast_head":"<!-- This site is optimized with the Yoast SEO Premium plugin v27.2 (Yoast SEO v27.2) - https:\/\/yoast.com\/product\/yoast-seo-premium-wordpress\/ -->\n<title>Anweisungen zur Abonnementverwaltung - Talkpal<\/title>\n<meta name=\"description\" content=\"Befolgen Sie diese Anweisungen zur Abonnementverwaltung, um Ihre Abonnements in Apple- oder Google Play-Apps einfach zu k\u00fcndigen.\" \/>\n<meta name=\"robots\" content=\"index, follow, max-snippet:-1, max-image-preview:large, max-video-preview:-1\" \/>\n<link rel=\"canonical\" href=\"https:\/\/talkpal.ai\/de\/anweisungen-zur-abonnementverwaltung\/\" \/>\n<meta property=\"og:locale\" content=\"de_DE\" \/>\n<meta property=\"og:type\" content=\"article\" \/>\n<meta property=\"og:title\" content=\"Anweisungen zur Abonnementverwaltung\" \/>\n<meta property=\"og:description\" content=\"Sie k\u00f6nnen Ihre Abonnements in unseren Apps im App Store (Apple iOS), bei Google Play (Android) oder auf der Website verwalten. App Store (Apple iOS)\" \/>\n<meta property=\"og:url\" content=\"https:\/\/talkpal.ai\/de\/anweisungen-zur-abonnementverwaltung\/\" \/>\n<meta property=\"og:site_name\" content=\"Talkpal\" \/>\n<meta property=\"article:publisher\" content=\"https:\/\/www.facebook.com\/profile.php?id=100090733639311\" \/>\n<meta property=\"article:modified_time\" content=\"2025-07-12T09:47:24+00:00\" \/>\n<meta property=\"og:image\" content=\"https:\/\/talkpal.ai\/wp-content\/uploads\/2024\/03\/Talkpal-Logo-Icon.png\" \/>\n\t<meta property=\"og:image:width\" content=\"5000\" \/>\n\t<meta property=\"og:image:height\" content=\"5000\" \/>\n\t<meta property=\"og:image:type\" content=\"image\/png\" \/>\n<meta name=\"twitter:card\" content=\"summary_large_image\" \/>\n<meta name=\"twitter:site\" content=\"@talkpalai\" \/>\n<meta name=\"twitter:label1\" content=\"Gesch\u00e4tzte Lesezeit\" \/>\n\t<meta name=\"twitter:data1\" content=\"1\u00a0Minute\" \/>\n<script type=\"application\/ld+json\" class=\"yoast-schema-graph\">{\"@context\":\"https:\/\/schema.org\",\"@graph\":[{\"@type\":\"WebPage\",\"@id\":\"https:\/\/talkpal.ai\/de\/anweisungen-zur-abonnementverwaltung\/\",\"url\":\"https:\/\/talkpal.ai\/de\/anweisungen-zur-abonnementverwaltung\/\",\"name\":\"Anweisungen zur Abonnementverwaltung - Talkpal\",\"isPartOf\":{\"@id\":\"https:\/\/talkpal.ai\/de\/#website\"},\"primaryImageOfPage\":{\"@id\":\"https:\/\/talkpal.ai\/de\/anweisungen-zur-abonnementverwaltung\/#primaryimage\"},\"image\":{\"@id\":\"https:\/\/talkpal.ai\/de\/anweisungen-zur-abonnementverwaltung\/#primaryimage\"},\"thumbnailUrl\":\"https:\/\/talkpal.ai\/wp-content\/uploads\/2024\/03\/Talkpal-Logo-Icon.png\",\"datePublished\":\"2023-10-09T10:03:45+00:00\",\"dateModified\":\"2025-07-12T09:47:24+00:00\",\"description\":\"Befolgen Sie diese Anweisungen zur Abonnementverwaltung, um Ihre Abonnements in Apple- oder Google Play-Apps einfach zu k\u00fcndigen.\",\"breadcrumb\":{\"@id\":\"https:\/\/talkpal.ai\/de\/anweisungen-zur-abonnementverwaltung\/#breadcrumb\"},\"inLanguage\":\"de\",\"potentialAction\":[{\"@type\":\"ReadAction\",\"target\":[\"https:\/\/talkpal.ai\/de\/anweisungen-zur-abonnementverwaltung\/\"]}]},{\"@type\":\"ImageObject\",\"inLanguage\":\"de\",\"@id\":\"https:\/\/talkpal.ai\/de\/anweisungen-zur-abonnementverwaltung\/#primaryimage\",\"url\":\"https:\/\/talkpal.ai\/wp-content\/uploads\/2024\/03\/Talkpal-Logo-Icon.png\",\"contentUrl\":\"https:\/\/talkpal.ai\/wp-content\/uploads\/2024\/03\/Talkpal-Logo-Icon.png\",\"width\":5000,\"height\":5000,\"caption\":\"Talkpal Logo ohne Wortmarke\"},{\"@type\":\"BreadcrumbList\",\"@id\":\"https:\/\/talkpal.ai\/de\/anweisungen-zur-abonnementverwaltung\/#breadcrumb\",\"itemListElement\":[{\"@type\":\"ListItem\",\"position\":1,\"name\":\"Homepage\",\"item\":\"https:\/\/talkpal.ai\/de\/\"},{\"@type\":\"ListItem\",\"position\":2,\"name\":\"Anweisungen zur Abonnementverwaltung\"}]},{\"@type\":\"WebSite\",\"@id\":\"https:\/\/talkpal.ai\/de\/#website\",\"url\":\"https:\/\/talkpal.ai\/de\/\",\"name\":\"Talkpal\",\"description\":\"AI Language Learning\",\"publisher\":{\"@id\":\"https:\/\/talkpal.ai\/de\/#organization\"},\"alternateName\":\"Talkpal AI\",\"potentialAction\":[{\"@type\":\"SearchAction\",\"target\":{\"@type\":\"EntryPoint\",\"urlTemplate\":\"https:\/\/talkpal.ai\/de\/?s={search_term_string}\"},\"query-input\":{\"@type\":\"PropertyValueSpecification\",\"valueRequired\":true,\"valueName\":\"search_term_string\"}}],\"inLanguage\":\"de\"},{\"@type\":\"Organization\",\"@id\":\"https:\/\/talkpal.ai\/de\/#organization\",\"name\":\"Talkpal, Inc.\",\"alternateName\":\"Talkpal AI\",\"url\":\"https:\/\/talkpal.ai\/de\/\",\"logo\":{\"@type\":\"ImageObject\",\"inLanguage\":\"de\",\"@id\":\"https:\/\/talkpal.ai\/de\/#\/schema\/logo\/image\/\",\"url\":\"https:\/\/talkpal.ai\/wp-content\/uploads\/2024\/03\/Talkpal-Logo-Icon.png\",\"contentUrl\":\"https:\/\/talkpal.ai\/wp-content\/uploads\/2024\/03\/Talkpal-Logo-Icon.png\",\"width\":2880,\"height\":2880,\"caption\":\"Talkpal, Inc.\"},\"image\":{\"@id\":\"https:\/\/talkpal.ai\/de\/#\/schema\/logo\/image\/\"},\"sameAs\":[\"https:\/\/www.facebook.com\/profile.php?id=100090733639311\",\"https:\/\/x.com\/talkpalai\",\"https:\/\/www.linkedin.com\/company\/talkpal\/\",\"https:\/\/www.youtube.com\/@TalkPal\/\",\"https:\/\/www.tiktok.com\/@talkpal\",\"https:\/\/www.instagram.com\/talkpal_ai\/\",\"https:\/\/www.crunchbase.com\/organization\/talkpal-9cde\",\"https:\/\/www.g2.com\/products\/talkpal-for-business\/\",\"https:\/\/www.trustpilot.com\/review\/talkpal.ai\",\"https:\/\/www.capterra.com\/p\/10006800\/TalkPal\/\"],\"description\":\"Talkpal is a language learning web and mobile education app, powered by the latest AI technologies, that provides engaging experiences to its customers in many different languages to help them improve their language skills. Users can chat about unlimited amount of topics with the app and use other modes to practice their language learning.\",\"email\":\"support@talkpal.ai\",\"legalName\":\"Talkpal, Inc.\",\"foundingDate\":\"2023-04-03\",\"duns\":\"118989042\",\"numberOfEmployees\":{\"@type\":\"QuantitativeValue\",\"minValue\":\"11\",\"maxValue\":\"50\"},\"publishingPrinciples\":\"https:\/\/talkpal.ai\/publishing-principles\/\",\"actionableFeedbackPolicy\":\"https:\/\/talkpal.ai\/actionable-feedback-policy\/\",\"correctionsPolicy\":\"https:\/\/talkpal.ai\/corrections-policy\/\",\"ethicsPolicy\":\"https:\/\/talkpal.ai\/ethics-policy\/\",\"diversityPolicy\":\"https:\/\/talkpal.ai\/diversity-policy\/\",\"diversityStaffingReport\":\"https:\/\/talkpal.ai\/diversity-policy\/\"}]}<\/script>\n<!-- \/ Yoast SEO Premium plugin. -->","yoast_head_json":{"title":"Anweisungen zur Abonnementverwaltung - Talkpal","description":"Befolgen Sie diese Anweisungen zur Abonnementverwaltung, um Ihre Abonnements in Apple- oder Google Play-Apps einfach zu k\u00fcndigen.","robots":{"index":"index","follow":"follow","max-snippet":"max-snippet:-1","max-image-preview":"max-image-preview:large","max-video-preview":"max-video-preview:-1"},"canonical":"https:\/\/talkpal.ai\/de\/anweisungen-zur-abonnementverwaltung\/","og_locale":"de_DE","og_type":"article","og_title":"Anweisungen zur Abonnementverwaltung","og_description":"Sie k\u00f6nnen Ihre Abonnements in unseren Apps im App Store (Apple iOS), bei Google Play (Android) oder auf der Website verwalten. App Store (Apple iOS)","og_url":"https:\/\/talkpal.ai\/de\/anweisungen-zur-abonnementverwaltung\/","og_site_name":"Talkpal","article_publisher":"https:\/\/www.facebook.com\/profile.php?id=100090733639311","article_modified_time":"2025-07-12T09:47:24+00:00","og_image":[{"width":5000,"height":5000,"url":"https:\/\/talkpal.ai\/wp-content\/uploads\/2024\/03\/Talkpal-Logo-Icon.png","type":"image\/png"}],"twitter_card":"summary_large_image","twitter_site":"@talkpalai","twitter_misc":{"Gesch\u00e4tzte Lesezeit":"1\u00a0Minute"},"schema":{"@context":"https:\/\/schema.org","@graph":[{"@type":"WebPage","@id":"https:\/\/talkpal.ai\/de\/anweisungen-zur-abonnementverwaltung\/","url":"https:\/\/talkpal.ai\/de\/anweisungen-zur-abonnementverwaltung\/","name":"Anweisungen zur Abonnementverwaltung - Talkpal","isPartOf":{"@id":"https:\/\/talkpal.ai\/de\/#website"},"primaryImageOfPage":{"@id":"https:\/\/talkpal.ai\/de\/anweisungen-zur-abonnementverwaltung\/#primaryimage"},"image":{"@id":"https:\/\/talkpal.ai\/de\/anweisungen-zur-abonnementverwaltung\/#primaryimage"},"thumbnailUrl":"https:\/\/talkpal.ai\/wp-content\/uploads\/2024\/03\/Talkpal-Logo-Icon.png","datePublished":"2023-10-09T10:03:45+00:00","dateModified":"2025-07-12T09:47:24+00:00","description":"Befolgen Sie diese Anweisungen zur Abonnementverwaltung, um Ihre Abonnements in Apple- oder Google Play-Apps einfach zu k\u00fcndigen.","breadcrumb":{"@id":"https:\/\/talkpal.ai\/de\/anweisungen-zur-abonnementverwaltung\/#breadcrumb"},"inLanguage":"de","potentialAction":[{"@type":"ReadAction","target":["https:\/\/talkpal.ai\/de\/anweisungen-zur-abonnementverwaltung\/"]}]},{"@type":"ImageObject","inLanguage":"de","@id":"https:\/\/talkpal.ai\/de\/anweisungen-zur-abonnementverwaltung\/#primaryimage","url":"https:\/\/talkpal.ai\/wp-content\/uploads\/2024\/03\/Talkpal-Logo-Icon.png","contentUrl":"https:\/\/talkpal.ai\/wp-content\/uploads\/2024\/03\/Talkpal-Logo-Icon.png","width":5000,"height":5000,"caption":"Talkpal Logo ohne Wortmarke"},{"@type":"BreadcrumbList","@id":"https:\/\/talkpal.ai\/de\/anweisungen-zur-abonnementverwaltung\/#breadcrumb","itemListElement":[{"@type":"ListItem","position":1,"name":"Homepage","item":"https:\/\/talkpal.ai\/de\/"},{"@type":"ListItem","position":2,"name":"Anweisungen zur Abonnementverwaltung"}]},{"@type":"WebSite","@id":"https:\/\/talkpal.ai\/de\/#website","url":"https:\/\/talkpal.ai\/de\/","name":"Talkpal","description":"AI Language Learning","publisher":{"@id":"https:\/\/talkpal.ai\/de\/#organization"},"alternateName":"Talkpal AI","potentialAction":[{"@type":"SearchAction","target":{"@type":"EntryPoint","urlTemplate":"https:\/\/talkpal.ai\/de\/?s={search_term_string}"},"query-input":{"@type":"PropertyValueSpecification","valueRequired":true,"valueName":"search_term_string"}}],"inLanguage":"de"},{"@type":"Organization","@id":"https:\/\/talkpal.ai\/de\/#organization","name":"Talkpal, Inc.","alternateName":"Talkpal AI","url":"https:\/\/talkpal.ai\/de\/","logo":{"@type":"ImageObject","inLanguage":"de","@id":"https:\/\/talkpal.ai\/de\/#\/schema\/logo\/image\/","url":"https:\/\/talkpal.ai\/wp-content\/uploads\/2024\/03\/Talkpal-Logo-Icon.png","contentUrl":"https:\/\/talkpal.ai\/wp-content\/uploads\/2024\/03\/Talkpal-Logo-Icon.png","width":2880,"height":2880,"caption":"Talkpal, Inc."},"image":{"@id":"https:\/\/talkpal.ai\/de\/#\/schema\/logo\/image\/"},"sameAs":["https:\/\/www.facebook.com\/profile.php?id=100090733639311","https:\/\/x.com\/talkpalai","https:\/\/www.linkedin.com\/company\/talkpal\/","https:\/\/www.youtube.com\/@TalkPal\/","https:\/\/www.tiktok.com\/@talkpal","https:\/\/www.instagram.com\/talkpal_ai\/","https:\/\/www.crunchbase.com\/organization\/talkpal-9cde","https:\/\/www.g2.com\/products\/talkpal-for-business\/","https:\/\/www.trustpilot.com\/review\/talkpal.ai","https:\/\/www.capterra.com\/p\/10006800\/TalkPal\/"],"description":"Talkpal is a language learning web and mobile education app, powered by the latest AI technologies, that provides engaging experiences to its customers in many different languages to help them improve their language skills. Users can chat about unlimited amount of topics with the app and use other modes to practice their language learning.","email":"support@talkpal.ai","legalName":"Talkpal, Inc.","foundingDate":"2023-04-03","duns":"118989042","numberOfEmployees":{"@type":"QuantitativeValue","minValue":"11","maxValue":"50"},"publishingPrinciples":"https:\/\/talkpal.ai\/publishing-principles\/","actionableFeedbackPolicy":"https:\/\/talkpal.ai\/actionable-feedback-policy\/","correctionsPolicy":"https:\/\/talkpal.ai\/corrections-policy\/","ethicsPolicy":"https:\/\/talkpal.ai\/ethics-policy\/","diversityPolicy":"https:\/\/talkpal.ai\/diversity-policy\/","diversityStaffingReport":"https:\/\/talkpal.ai\/diversity-policy\/"}]}},"_links":{"self":[{"href":"https:\/\/talkpal.ai\/de\/wp-json\/wp\/v2\/pages\/998106","targetHints":{"allow":["GET"]}}],"collection":[{"href":"https:\/\/talkpal.ai\/de\/wp-json\/wp\/v2\/pages"}],"about":[{"href":"https:\/\/talkpal.ai\/de\/wp-json\/wp\/v2\/types\/page"}],"author":[{"embeddable":true,"href":"https:\/\/talkpal.ai\/de\/wp-json\/wp\/v2\/users\/10"}],"replies":[{"embeddable":true,"href":"https:\/\/talkpal.ai\/de\/wp-json\/wp\/v2\/comments?post=998106"}],"version-history":[{"count":0,"href":"https:\/\/talkpal.ai\/de\/wp-json\/wp\/v2\/pages\/998106\/revisions"}],"wp:featuredmedia":[{"embeddable":true,"href":"https:\/\/talkpal.ai\/de\/wp-json\/wp\/v2\/media\/197956"}],"wp:attachment":[{"href":"https:\/\/talkpal.ai\/de\/wp-json\/wp\/v2\/media?parent=998106"}],"curies":[{"name":"wp","href":"https:\/\/api.w.org\/{rel}","templated":true}]}}