{"id":994805,"date":"2023-12-20T15:42:12","date_gmt":"2023-12-20T15:42:12","guid":{"rendered":"https:\/\/talkpal.ai\/anleitung-zum-hinzufuegen-eines-gutscheincodes-in-der-stripe-kasse\/"},"modified":"2025-06-19T18:08:28","modified_gmt":"2025-06-19T18:08:28","slug":"anleitung-zum-hinzufuegen-eines-gutscheincodes-in-der-stripe-kasse","status":"publish","type":"page","link":"https:\/\/talkpal.ai\/de\/anleitung-zum-hinzufuegen-eines-gutscheincodes-in-der-stripe-kasse\/","title":{"rendered":"Anleitung zum Hinzuf\u00fcgen eines Gutscheincodes in der Stripe-Kasse"},"content":{"rendered":"\n<p>F\u00fcgen Sie einen Gutscheincode hinzu und erhalten Sie einen Rabatt.<\/p>\n\n<h2 class=\"wp-block-heading\" id=\"h-follow-the-steps\">Folgen Sie den Schritten<\/h2>\n\n<h3 class=\"wp-block-heading\" id=\"h-step-1\">Schritt 1:<\/h3>\n\n<p>W\u00e4hlen Sie einen bevorzugten Plan.<\/p>\n\n<figure class=\"wp-block-image\"><img decoding=\"async\" src=\"https:\/\/talkpal.ai\/wp-content\/uploads\/2024\/12\/Choos-plan-screen-768x389.png\" alt=\"\"\/><\/figure>\n\n<h3 class=\"wp-block-heading\" id=\"h-step-2\">Schritt 2:<\/h3>\n\n<p>W\u00e4hlen Sie die Option zum Bezahlen mit Karte und dr\u00fccken Sie die Starttaste.<\/p>\n\n<figure class=\"wp-block-image\"><img decoding=\"async\" src=\"https:\/\/talkpal.ai\/wp-content\/uploads\/2024\/12\/Payment-method-screen-768x389.png\" alt=\"\"\/><\/figure>\n\n<h3 class=\"wp-block-heading\" id=\"h-step-3\">Schritt 3:<\/h3>\n\n<p>Sie werden zur Stripe-Kassenseite weitergeleitet.<\/p>\n\n<h3 class=\"wp-block-heading\" id=\"h-step-4\">Schritt 4:<\/h3>\n\n<p>Klicken Sie auf \u201eAktionscode hinzuf\u00fcgen\u201c und geben Sie den Code ein, zum Beispiel: <strong>JOIN25<\/strong> und klicken Sie auf \u201e\u00dcbernehmen\u201c.<\/p>\n\n<figure class=\"wp-block-image\"><img decoding=\"async\" src=\"https:\/\/talkpal.ai\/wp-content\/uploads\/2024\/05\/Talkpal-Stripe-instructions-1024x593.png\" alt=\"\"\/><\/figure>\n\n<h3 class=\"wp-block-heading\" id=\"h-step-5\">Schritt 5:<\/h3>\n\n<p>Geben Sie Ihre Kartendaten ein und beginnen Sie mit der Erkundung Ihres Premium-Kontos.<\/p>\n\n<p><\/p>\n","protected":false},"excerpt":{"rendered":"<p>F\u00fcgen Sie einen Gutscheincode hinzu und erhalten Sie einen Rabatt. Folgen Sie den Schritten Schritt 1: W\u00e4hlen Sie einen bevorzugten Plan. Schritt 2: W\u00e4hlen Sie die Option zum Bezahlen mit Karte und dr\u00fccken Sie die Starttaste. Schritt 3: Sie werden zur Stripe-Kassenseite weitergeleitet. Schritt 4: Klicken Sie auf \u201eAktionscode hinzuf\u00fcgen\u201c und geben Sie den Code [&hellip;]<\/p>\n","protected":false},"author":6,"featured_media":197956,"parent":0,"menu_order":0,"comment_status":"closed","ping_status":"closed","template":"","meta":{"_acf_changed":false,"footnotes":""},"class_list":["post-994805","page","type-page","status-publish","has-post-thumbnail","hentry"],"acf":[],"yoast_head":"<!-- This site is optimized with the Yoast SEO Premium plugin v27.2 (Yoast SEO v27.2) - https:\/\/yoast.com\/product\/yoast-seo-premium-wordpress\/ -->\n<title>Anleitung zum Hinzuf\u00fcgen eines Gutscheincodes in der Stripe-Kasse - Talkpal<\/title>\n<meta name=\"description\" content=\"Erfahren Sie, wie Sie ganz einfach Gutscheincodes in Stripe Checkout hinzuf\u00fcgen k\u00f6nnen. Befolgen Sie einfache Schritte, um das Einkaufserlebnis Ihrer Kunden zu verbessern.\" \/>\n<meta name=\"robots\" content=\"index, follow, max-snippet:-1, max-image-preview:large, max-video-preview:-1\" \/>\n<link rel=\"canonical\" href=\"https:\/\/talkpal.ai\/de\/anleitung-zum-hinzufuegen-eines-gutscheincodes-in-der-stripe-kasse\/\" \/>\n<meta property=\"og:locale\" content=\"de_DE\" \/>\n<meta property=\"og:type\" content=\"article\" \/>\n<meta property=\"og:title\" content=\"Anleitung zum Hinzuf\u00fcgen eines Gutscheincodes in der Stripe-Kasse\" \/>\n<meta property=\"og:description\" content=\"F\u00fcgen Sie einen Gutscheincode hinzu und erhalten Sie einen Rabatt. Folgen Sie den Schritten Schritt 1: W\u00e4hlen Sie einen bevorzugten Plan. Schritt 2:\" \/>\n<meta property=\"og:url\" content=\"https:\/\/talkpal.ai\/de\/anleitung-zum-hinzufuegen-eines-gutscheincodes-in-der-stripe-kasse\/\" \/>\n<meta property=\"og:site_name\" content=\"Talkpal\" \/>\n<meta property=\"article:publisher\" content=\"https:\/\/www.facebook.com\/profile.php?id=100090733639311\" \/>\n<meta property=\"article:modified_time\" content=\"2025-06-19T18:08:28+00:00\" \/>\n<meta property=\"og:image\" content=\"https:\/\/talkpal.ai\/wp-content\/uploads\/2024\/03\/Talkpal-Logo-Icon.png\" \/>\n\t<meta property=\"og:image:width\" content=\"5000\" \/>\n\t<meta property=\"og:image:height\" content=\"5000\" \/>\n\t<meta property=\"og:image:type\" content=\"image\/png\" \/>\n<meta name=\"twitter:card\" content=\"summary_large_image\" \/>\n<meta name=\"twitter:site\" content=\"@talkpalai\" \/>\n<script type=\"application\/ld+json\" class=\"yoast-schema-graph\">{\"@context\":\"https:\/\/schema.org\",\"@graph\":[{\"@type\":\"WebPage\",\"@id\":\"https:\/\/talkpal.ai\/de\/anleitung-zum-hinzufuegen-eines-gutscheincodes-in-der-stripe-kasse\/\",\"url\":\"https:\/\/talkpal.ai\/de\/anleitung-zum-hinzufuegen-eines-gutscheincodes-in-der-stripe-kasse\/\",\"name\":\"Anleitung zum Hinzuf\u00fcgen eines Gutscheincodes in der Stripe-Kasse - Talkpal\",\"isPartOf\":{\"@id\":\"https:\/\/talkpal.ai\/de\/#website\"},\"primaryImageOfPage\":{\"@id\":\"https:\/\/talkpal.ai\/de\/anleitung-zum-hinzufuegen-eines-gutscheincodes-in-der-stripe-kasse\/#primaryimage\"},\"image\":{\"@id\":\"https:\/\/talkpal.ai\/de\/anleitung-zum-hinzufuegen-eines-gutscheincodes-in-der-stripe-kasse\/#primaryimage\"},\"thumbnailUrl\":\"https:\/\/talkpal.ai\/wp-content\/uploads\/2024\/03\/Talkpal-Logo-Icon.png\",\"datePublished\":\"2023-12-20T15:42:12+00:00\",\"dateModified\":\"2025-06-19T18:08:28+00:00\",\"description\":\"Erfahren Sie, wie Sie ganz einfach Gutscheincodes in Stripe Checkout hinzuf\u00fcgen k\u00f6nnen. Befolgen Sie einfache Schritte, um das Einkaufserlebnis Ihrer Kunden zu verbessern.\",\"breadcrumb\":{\"@id\":\"https:\/\/talkpal.ai\/de\/anleitung-zum-hinzufuegen-eines-gutscheincodes-in-der-stripe-kasse\/#breadcrumb\"},\"inLanguage\":\"de\",\"potentialAction\":[{\"@type\":\"ReadAction\",\"target\":[\"https:\/\/talkpal.ai\/de\/anleitung-zum-hinzufuegen-eines-gutscheincodes-in-der-stripe-kasse\/\"]}]},{\"@type\":\"ImageObject\",\"inLanguage\":\"de\",\"@id\":\"https:\/\/talkpal.ai\/de\/anleitung-zum-hinzufuegen-eines-gutscheincodes-in-der-stripe-kasse\/#primaryimage\",\"url\":\"https:\/\/talkpal.ai\/wp-content\/uploads\/2024\/03\/Talkpal-Logo-Icon.png\",\"contentUrl\":\"https:\/\/talkpal.ai\/wp-content\/uploads\/2024\/03\/Talkpal-Logo-Icon.png\",\"width\":5000,\"height\":5000,\"caption\":\"talkpal-Logo\"},{\"@type\":\"BreadcrumbList\",\"@id\":\"https:\/\/talkpal.ai\/de\/anleitung-zum-hinzufuegen-eines-gutscheincodes-in-der-stripe-kasse\/#breadcrumb\",\"itemListElement\":[{\"@type\":\"ListItem\",\"position\":1,\"name\":\"Homepage\",\"item\":\"https:\/\/talkpal.ai\/de\/\"},{\"@type\":\"ListItem\",\"position\":2,\"name\":\"Anleitung zum Hinzuf\u00fcgen eines Gutscheincodes in der Stripe-Kasse\"}]},{\"@type\":\"WebSite\",\"@id\":\"https:\/\/talkpal.ai\/de\/#website\",\"url\":\"https:\/\/talkpal.ai\/de\/\",\"name\":\"Talkpal\",\"description\":\"AI Language Learning\",\"publisher\":{\"@id\":\"https:\/\/talkpal.ai\/de\/#organization\"},\"alternateName\":\"Talkpal AI\",\"potentialAction\":[{\"@type\":\"SearchAction\",\"target\":{\"@type\":\"EntryPoint\",\"urlTemplate\":\"https:\/\/talkpal.ai\/de\/?s={search_term_string}\"},\"query-input\":{\"@type\":\"PropertyValueSpecification\",\"valueRequired\":true,\"valueName\":\"search_term_string\"}}],\"inLanguage\":\"de\"},{\"@type\":\"Organization\",\"@id\":\"https:\/\/talkpal.ai\/de\/#organization\",\"name\":\"Talkpal, Inc.\",\"alternateName\":\"Talkpal AI\",\"url\":\"https:\/\/talkpal.ai\/de\/\",\"logo\":{\"@type\":\"ImageObject\",\"inLanguage\":\"de\",\"@id\":\"https:\/\/talkpal.ai\/de\/#\/schema\/logo\/image\/\",\"url\":\"https:\/\/talkpal.ai\/wp-content\/uploads\/2024\/03\/Talkpal-Logo-Icon.png\",\"contentUrl\":\"https:\/\/talkpal.ai\/wp-content\/uploads\/2024\/03\/Talkpal-Logo-Icon.png\",\"width\":2880,\"height\":2880,\"caption\":\"Talkpal, Inc.\"},\"image\":{\"@id\":\"https:\/\/talkpal.ai\/de\/#\/schema\/logo\/image\/\"},\"sameAs\":[\"https:\/\/www.facebook.com\/profile.php?id=100090733639311\",\"https:\/\/x.com\/talkpalai\",\"https:\/\/www.linkedin.com\/company\/talkpal\/\",\"https:\/\/www.youtube.com\/@TalkPal\/\",\"https:\/\/www.tiktok.com\/@talkpal\",\"https:\/\/www.instagram.com\/talkpal_ai\/\",\"https:\/\/www.crunchbase.com\/organization\/talkpal-9cde\",\"https:\/\/www.g2.com\/products\/talkpal-for-business\/\",\"https:\/\/www.trustpilot.com\/review\/talkpal.ai\",\"https:\/\/www.capterra.com\/p\/10006800\/TalkPal\/\"],\"description\":\"Talkpal is a language learning web and mobile education app, powered by the latest AI technologies, that provides engaging experiences to its customers in many different languages to help them improve their language skills. Users can chat about unlimited amount of topics with the app and use other modes to practice their language learning.\",\"email\":\"support@talkpal.ai\",\"legalName\":\"Talkpal, Inc.\",\"foundingDate\":\"2023-04-03\",\"duns\":\"118989042\",\"numberOfEmployees\":{\"@type\":\"QuantitativeValue\",\"minValue\":\"11\",\"maxValue\":\"50\"},\"publishingPrinciples\":\"https:\/\/talkpal.ai\/publishing-principles\/\",\"actionableFeedbackPolicy\":\"https:\/\/talkpal.ai\/actionable-feedback-policy\/\",\"correctionsPolicy\":\"https:\/\/talkpal.ai\/corrections-policy\/\",\"ethicsPolicy\":\"https:\/\/talkpal.ai\/ethics-policy\/\",\"diversityPolicy\":\"https:\/\/talkpal.ai\/diversity-policy\/\",\"diversityStaffingReport\":\"https:\/\/talkpal.ai\/diversity-policy\/\"}]}<\/script>\n<!-- \/ Yoast SEO Premium plugin. -->","yoast_head_json":{"title":"Anleitung zum Hinzuf\u00fcgen eines Gutscheincodes in der Stripe-Kasse - Talkpal","description":"Erfahren Sie, wie Sie ganz einfach Gutscheincodes in Stripe Checkout hinzuf\u00fcgen k\u00f6nnen. Befolgen Sie einfache Schritte, um das Einkaufserlebnis Ihrer Kunden zu verbessern.","robots":{"index":"index","follow":"follow","max-snippet":"max-snippet:-1","max-image-preview":"max-image-preview:large","max-video-preview":"max-video-preview:-1"},"canonical":"https:\/\/talkpal.ai\/de\/anleitung-zum-hinzufuegen-eines-gutscheincodes-in-der-stripe-kasse\/","og_locale":"de_DE","og_type":"article","og_title":"Anleitung zum Hinzuf\u00fcgen eines Gutscheincodes in der Stripe-Kasse","og_description":"F\u00fcgen Sie einen Gutscheincode hinzu und erhalten Sie einen Rabatt. Folgen Sie den Schritten Schritt 1: W\u00e4hlen Sie einen bevorzugten Plan. Schritt 2:","og_url":"https:\/\/talkpal.ai\/de\/anleitung-zum-hinzufuegen-eines-gutscheincodes-in-der-stripe-kasse\/","og_site_name":"Talkpal","article_publisher":"https:\/\/www.facebook.com\/profile.php?id=100090733639311","article_modified_time":"2025-06-19T18:08:28+00:00","og_image":[{"width":5000,"height":5000,"url":"https:\/\/talkpal.ai\/wp-content\/uploads\/2024\/03\/Talkpal-Logo-Icon.png","type":"image\/png"}],"twitter_card":"summary_large_image","twitter_site":"@talkpalai","schema":{"@context":"https:\/\/schema.org","@graph":[{"@type":"WebPage","@id":"https:\/\/talkpal.ai\/de\/anleitung-zum-hinzufuegen-eines-gutscheincodes-in-der-stripe-kasse\/","url":"https:\/\/talkpal.ai\/de\/anleitung-zum-hinzufuegen-eines-gutscheincodes-in-der-stripe-kasse\/","name":"Anleitung zum Hinzuf\u00fcgen eines Gutscheincodes in der Stripe-Kasse - Talkpal","isPartOf":{"@id":"https:\/\/talkpal.ai\/de\/#website"},"primaryImageOfPage":{"@id":"https:\/\/talkpal.ai\/de\/anleitung-zum-hinzufuegen-eines-gutscheincodes-in-der-stripe-kasse\/#primaryimage"},"image":{"@id":"https:\/\/talkpal.ai\/de\/anleitung-zum-hinzufuegen-eines-gutscheincodes-in-der-stripe-kasse\/#primaryimage"},"thumbnailUrl":"https:\/\/talkpal.ai\/wp-content\/uploads\/2024\/03\/Talkpal-Logo-Icon.png","datePublished":"2023-12-20T15:42:12+00:00","dateModified":"2025-06-19T18:08:28+00:00","description":"Erfahren Sie, wie Sie ganz einfach Gutscheincodes in Stripe Checkout hinzuf\u00fcgen k\u00f6nnen. Befolgen Sie einfache Schritte, um das Einkaufserlebnis Ihrer Kunden zu verbessern.","breadcrumb":{"@id":"https:\/\/talkpal.ai\/de\/anleitung-zum-hinzufuegen-eines-gutscheincodes-in-der-stripe-kasse\/#breadcrumb"},"inLanguage":"de","potentialAction":[{"@type":"ReadAction","target":["https:\/\/talkpal.ai\/de\/anleitung-zum-hinzufuegen-eines-gutscheincodes-in-der-stripe-kasse\/"]}]},{"@type":"ImageObject","inLanguage":"de","@id":"https:\/\/talkpal.ai\/de\/anleitung-zum-hinzufuegen-eines-gutscheincodes-in-der-stripe-kasse\/#primaryimage","url":"https:\/\/talkpal.ai\/wp-content\/uploads\/2024\/03\/Talkpal-Logo-Icon.png","contentUrl":"https:\/\/talkpal.ai\/wp-content\/uploads\/2024\/03\/Talkpal-Logo-Icon.png","width":5000,"height":5000,"caption":"talkpal-Logo"},{"@type":"BreadcrumbList","@id":"https:\/\/talkpal.ai\/de\/anleitung-zum-hinzufuegen-eines-gutscheincodes-in-der-stripe-kasse\/#breadcrumb","itemListElement":[{"@type":"ListItem","position":1,"name":"Homepage","item":"https:\/\/talkpal.ai\/de\/"},{"@type":"ListItem","position":2,"name":"Anleitung zum Hinzuf\u00fcgen eines Gutscheincodes in der Stripe-Kasse"}]},{"@type":"WebSite","@id":"https:\/\/talkpal.ai\/de\/#website","url":"https:\/\/talkpal.ai\/de\/","name":"Talkpal","description":"AI Language Learning","publisher":{"@id":"https:\/\/talkpal.ai\/de\/#organization"},"alternateName":"Talkpal AI","potentialAction":[{"@type":"SearchAction","target":{"@type":"EntryPoint","urlTemplate":"https:\/\/talkpal.ai\/de\/?s={search_term_string}"},"query-input":{"@type":"PropertyValueSpecification","valueRequired":true,"valueName":"search_term_string"}}],"inLanguage":"de"},{"@type":"Organization","@id":"https:\/\/talkpal.ai\/de\/#organization","name":"Talkpal, Inc.","alternateName":"Talkpal AI","url":"https:\/\/talkpal.ai\/de\/","logo":{"@type":"ImageObject","inLanguage":"de","@id":"https:\/\/talkpal.ai\/de\/#\/schema\/logo\/image\/","url":"https:\/\/talkpal.ai\/wp-content\/uploads\/2024\/03\/Talkpal-Logo-Icon.png","contentUrl":"https:\/\/talkpal.ai\/wp-content\/uploads\/2024\/03\/Talkpal-Logo-Icon.png","width":2880,"height":2880,"caption":"Talkpal, Inc."},"image":{"@id":"https:\/\/talkpal.ai\/de\/#\/schema\/logo\/image\/"},"sameAs":["https:\/\/www.facebook.com\/profile.php?id=100090733639311","https:\/\/x.com\/talkpalai","https:\/\/www.linkedin.com\/company\/talkpal\/","https:\/\/www.youtube.com\/@TalkPal\/","https:\/\/www.tiktok.com\/@talkpal","https:\/\/www.instagram.com\/talkpal_ai\/","https:\/\/www.crunchbase.com\/organization\/talkpal-9cde","https:\/\/www.g2.com\/products\/talkpal-for-business\/","https:\/\/www.trustpilot.com\/review\/talkpal.ai","https:\/\/www.capterra.com\/p\/10006800\/TalkPal\/"],"description":"Talkpal is a language learning web and mobile education app, powered by the latest AI technologies, that provides engaging experiences to its customers in many different languages to help them improve their language skills. Users can chat about unlimited amount of topics with the app and use other modes to practice their language learning.","email":"support@talkpal.ai","legalName":"Talkpal, Inc.","foundingDate":"2023-04-03","duns":"118989042","numberOfEmployees":{"@type":"QuantitativeValue","minValue":"11","maxValue":"50"},"publishingPrinciples":"https:\/\/talkpal.ai\/publishing-principles\/","actionableFeedbackPolicy":"https:\/\/talkpal.ai\/actionable-feedback-policy\/","correctionsPolicy":"https:\/\/talkpal.ai\/corrections-policy\/","ethicsPolicy":"https:\/\/talkpal.ai\/ethics-policy\/","diversityPolicy":"https:\/\/talkpal.ai\/diversity-policy\/","diversityStaffingReport":"https:\/\/talkpal.ai\/diversity-policy\/"}]}},"_links":{"self":[{"href":"https:\/\/talkpal.ai\/de\/wp-json\/wp\/v2\/pages\/994805","targetHints":{"allow":["GET"]}}],"collection":[{"href":"https:\/\/talkpal.ai\/de\/wp-json\/wp\/v2\/pages"}],"about":[{"href":"https:\/\/talkpal.ai\/de\/wp-json\/wp\/v2\/types\/page"}],"author":[{"embeddable":true,"href":"https:\/\/talkpal.ai\/de\/wp-json\/wp\/v2\/users\/6"}],"replies":[{"embeddable":true,"href":"https:\/\/talkpal.ai\/de\/wp-json\/wp\/v2\/comments?post=994805"}],"version-history":[{"count":0,"href":"https:\/\/talkpal.ai\/de\/wp-json\/wp\/v2\/pages\/994805\/revisions"}],"wp:featuredmedia":[{"embeddable":true,"href":"https:\/\/talkpal.ai\/de\/wp-json\/wp\/v2\/media\/197956"}],"wp:attachment":[{"href":"https:\/\/talkpal.ai\/de\/wp-json\/wp\/v2\/media?parent=994805"}],"curies":[{"name":"wp","href":"https:\/\/api.w.org\/{rel}","templated":true}]}}