{"id":9431,"date":"2023-04-03T14:56:00","date_gmt":"2023-04-03T14:56:00","guid":{"rendered":"http:\/\/talkpal.ai\/ueber\/"},"modified":"2026-03-06T16:35:06","modified_gmt":"2026-03-06T16:35:06","slug":"ueber","status":"publish","type":"page","link":"https:\/\/talkpal.ai\/de\/ueber\/","title":{"rendered":"\u00dcber"},"content":{"rendered":"\n<p id=\"h-\"><a href=\"https:\/\/talkpal.ai\/ko\/ai-%ec%96%b8%ec%96%b4-%ea%b5%90%ec%82%ac\/\">Talkpal<\/a>, Inc. ist ein KI-gest\u00fctztes Sprachlernunternehmen, das es sich zur Aufgabe gemacht hat, das Sprechen jeder Sprache f\u00fcr jeden und \u00fcberall zug\u00e4nglich zu machen. Talkpal entwickelt eine der fortschrittlichsten KI-Sprachlernplattformen der Welt, die Millionen von Lernenden dabei hilft, echte Konversationen mit Selbstvertrauen zu \u00fcben.<\/p>\n\n<p>Talkpal wurde 2023 gegr\u00fcndet und basiert auf einer einfachen, aber starken \u00dcberzeugung: <a href=\"https:\/\/talkpal.ai\/de\/effektives-sprachenlernen-so-gelingt-ihnen-das-schnelle-erlernen-neuer-sprachen\/\">Sprachenlernen<\/a> sollte kein Privileg sein und f\u00fcr jeden zug\u00e4nglich sein. Durch die Kombination von modernster k\u00fcnstlicher Intelligenz mit linguistischem Fachwissen und Forschung beseitigt Talkpal traditionelle Barrieren wie Kosten, Zeit und Angst vor dem Sprechen und ersetzt sie durch personalisiertes, druckfreies \u00dcben, das auf mehreren Plattformen 24\/7 verf\u00fcgbar ist.<\/p>\n\n<p>Heute unterst\u00fctzt Talkpal mehr als 80 Sprachen, bedient Millionen von Lernenden in mehr als 180 L\u00e4ndern und ist f\u00fcr das Internet, <a href=\"https:\/\/talkpal.ai\/es\/descargar-la-aplicacion-talkpal-para-android-e-ios\/\">iOS<\/a> und <a href=\"https:\/\/talkpal.ai\/es\/descargar-la-aplicacion-talkpal-para-android-e-ios\/\">Android<\/a> verf\u00fcgbar.<\/p>\n\n<h2 class=\"wp-block-heading\" id=\"h-our-mission\">Unser Auftrag<\/h2>\n\n<p>Unser Ziel ist es, das Sprachenlernen zu revolutionieren, indem wir eine ansprechende, interaktive und personalisierte KI-gest\u00fctzte Sprachnachhilfe anbieten.<br\/><br\/>Wir sind bestrebt, Sprachbarrieren abzubauen, globale Verbindungen zu f\u00f6rdern und eine Gemeinschaft leidenschaftlicher Lernender zu bilden, die selbstbewusst und flie\u00dfend in ihrer Sprache kommunizieren k\u00f6nnen.<\/p>\n\n<h2 class=\"wp-block-heading\" id=\"h-our-vision\">Unsere Vision<\/h2>\n\n<p>Unsere Vision ist es, der weltweit f\u00fchrende <a href=\"https:\/\/talkpal.ai\/de\/effektiver-lernen-mit-dem-ki-sprachtutor-die-zukunft-des-sprachtrainings\/\">KI-Sprachtutor<\/a> zu werden, <a href=\"https:\/\/talkpal.ai\/culture\/what-is-the-difference-between-der-see-and-die-see\/\">der die<\/a> Art und Weise, wie Menschen <a href=\"https:\/\/talkpal.ai\/de\/sprachenlernen-fuer-veteranen-chancen-eroeffnen-und-den-uebergang-ins-zivile-leben-erleichtern\/\">Sprachen lernen<\/a>, durch immersive, kontextgesteuerte Konversationen und adaptive Lerntechnologien ver\u00e4ndert.<br\/><br\/>Unser Ziel ist es, die Liebe zum Sprachenlernen zu wecken und zu pflegen, den kulturellen Austausch zu f\u00f6rdern und die Kommunikationskluft \u00fcber die Grenzen hinweg zu \u00fcberbr\u00fccken, um letztlich eine vernetztere und verst\u00e4ndnisvollere Welt zu schaffen.<\/p>\n\n<h2 class=\"wp-block-heading\" id=\"h-our-story\">Unsere Geschichte<\/h2>\n\n<p>Talkpal wurde von <a href=\"https:\/\/talkpal.ai\/locations\/language-courses-in-david\/\">David<\/a> Gegechkori (links im Bild) und Dimitri Dekanozishvili (rechts im Bild) gegr\u00fcndet, weil sie von den traditionellen Sprachlernmethoden entt\u00e4uscht waren, die die Lernenden oft nicht auf das Sprechen in der realen Welt vorbereiten.<\/p>\n\n<div class=\"wp-block-columns is-layout-flex wp-container-core-columns-is-layout-9d6595d7 wp-block-columns-is-layout-flex\">\n<div class=\"wp-block-column is-layout-flow wp-block-column-is-layout-flow\" style=\"flex-basis:50%\"><div class=\"wp-block-image\">\n<figure class=\"alignleft size-large\"><img decoding=\"async\" width=\"1024\" height=\"683\" src=\"https:\/\/talkpal.ai\/wp-content\/uploads\/2025\/12\/Talkpal-Entrepreneur-1024x683.jpg\" alt=\"\" class=\"wp-image-1557444\" style=\"aspect-ratio:1.4992888417882142\" srcset=\"https:\/\/talkpal.ai\/wp-content\/uploads\/2025\/12\/Talkpal-Entrepreneur-1024x683.jpg 1024w, https:\/\/talkpal.ai\/wp-content\/uploads\/2025\/12\/Talkpal-Entrepreneur-300x200.jpg 300w, https:\/\/talkpal.ai\/wp-content\/uploads\/2025\/12\/Talkpal-Entrepreneur-768x512.jpg 768w, https:\/\/talkpal.ai\/wp-content\/uploads\/2025\/12\/Talkpal-Entrepreneur.jpg 1344w\" sizes=\"(max-width: 1024px) 100vw, 1024px\" \/><\/figure>\n<\/div><\/div>\n\n\n\n<div class=\"wp-block-column is-layout-flow wp-block-column-is-layout-flow\" style=\"flex-basis:50%\">\n<p>Von Anfang an war das Ziel klar: einen KI-Sprachbegleiter zu entwickeln, der sich weniger wie ein Lehrbuch anf\u00fchlt und mehr wie ein unterst\u00fctzender Gespr\u00e4chspartner. Der Name &#8222;Talkpal&#8220; spiegelt diese Philosophie wider &#8211; ein freundlicher, stets verf\u00fcgbarer Begleiter, der die Lernenden ermutigt, das Sprechen zu \u00fcben, ohne Angst vor einer Beurteilung zu haben.<\/p>\n\n\n\n<p>Talkpal begann als webbasiertes Produkt und expandierte schnell auf mobile Plattformen, indem es ein globales Team von KI-Ingenieuren, Linguisten, P\u00e4dagogen, Marketingfachleuten und Produktdesignern zusammenstellte. Durch kontinuierliche Iteration, Forschung und Nutzerfeedback hat sich Talkpal zu einer umfassenden KI-Sprachlernplattform entwickelt, der Millionen Menschen weltweit vertrauen.<\/p>\n<\/div>\n<\/div>\n\n<h2 class=\"wp-block-heading\" id=\"h-what-we-do\">Was wir tun<\/h2>\n\n<p>Talkpal bietet KI-gest\u00fctzte Text- und Spracherfahrungen, die eine echte menschliche Interaktion simulieren sollen. Unsere Plattform passt sich dynamisch an das Niveau, die Ziele und den Lernstil eines jeden Lernenden an.<\/p>\n\n<p>Zu den wichtigsten F\u00e4higkeiten geh\u00f6ren:<\/p>\n\n<ul class=\"wp-block-list\">\n<li>Nat\u00fcrliche KI-Konversationen f\u00fcr Sprech\u00fcbungen<\/li>\n\n\n\n<li>Echtzeit-Feedback zu Aussprache, Grammatik und Sprachgewandtheit<\/li>\n\n\n\n<li>Unterst\u00fctzung f\u00fcr Anf\u00e4nger und fortgeschrittene Lerner<\/li>\n\n\n\n<li>Unterricht in \u00fcber 80 Sprachen weltweit, darunter Englisch, Spanisch, Deutsch, Franz\u00f6sisch, Italienisch, Japanisch, Chinesisch, Koreanisch, Arabisch, Niederl\u00e4ndisch, Portugiesisch, Schwedisch, Hebr\u00e4isch, Griechisch, T\u00fcrkisch, Finnisch und Afrikaans, Albanisch, Armenisch, Assamesisch, Aserbaidschanisch, Baskisch, Wei\u00dfrussisch, Bengalisch, Bosnisch, Bulgarisch, Birmanisch, Kantonesisch, Katalanisch, Kroatisch, Tschechisch, D\u00e4nisch, Estnisch, Galizisch, Georgisch, Gujarati, Hindi, Ungarisch, Isl\u00e4ndisch, Indonesisch, Irisch, Javanisch, Kannada, Kasachisch, Khmer, Laotisch, Lettisch, Litauisch, Mazedonisch, Malaiisch, Malayalam, Maltesisch, Maori, Marathi, Mongolisch, Nepali, Norwegisch, Odia, Paschtu, Persisch, Polnisch, Punjabi, Rum\u00e4nisch, Russisch, Serbisch, Singhalesisch, Slowakisch, Slowenisch, Somali, Swahili, Tagalog, Tamil, Telugu, Thail\u00e4ndisch, Ukrainisch, Urdu, Usbekisch, Vietnamesisch, Walisisch, Zulu und mehr<\/li>\n\n\n\n<li>Ein Freemium-Modell mit flexiblen Abonnementpl\u00e4nen<\/li>\n\n\n\n<li>Dedizierte Unternehmensl\u00f6sungen f\u00fcr Universit\u00e4ten, Sprachschulen, Unternehmen und andere Organisationen<\/li>\n<\/ul>\n\n<p>Unsere Inhalte und Systeme werden in Zusammenarbeit mit Sprachexperten und KI-Forschern entwickelt, um sowohl p\u00e4dagogisch fundierte als auch technische Spitzenleistungen zu gew\u00e4hrleisten.<\/p>\n\n<h2 class=\"wp-block-heading\" id=\"h-research-backed-learning\">Forschungsgest\u00fctztes Lernen<\/h2>\n\n<p>Die Wirksamkeit von Talkpal wurde in mehreren akademischen Studien untersucht, insbesondere im ESL- und EFL-Kontext. Untersuchungen haben gezeigt, dass sich die Sprechfertigkeit, die Aussprache, die Grammatik und das Selbstvertrauen der Lernenden statistisch signifikant verbessern, wenn sie KI-basierte Konversationstools wie Talkpal verwenden.<\/p>\n\n<p>Dieser forschungsbasierte Ansatz unterstreicht unser Engagement, nicht nur innovative Technologien zu entwickeln, sondern auch messbar effektive Sprachlernerfahrungen.<\/p>\n\n<h2 class=\"wp-block-heading\" id=\"h-trusted-by-learners-worldwide\">Weltweites Vertrauen bei Lernenden<\/h2>\n\n<p>Talkpal genie\u00dft das Vertrauen von Millionen von Nutzern weltweit und erh\u00e4lt durchweg gute Bewertungen in den App-Stores und auf den Bewertungsplattformen. Die Lernenden heben h\u00e4ufig hervor:<\/p>\n\n<ul class=\"wp-block-list\">\n<li>Die druckfreie Umgebung f\u00fcr Sprech\u00fcbungen<\/li>\n\n\n\n<li>Sofortiges, umsetzbares Feedback<\/li>\n\n\n\n<li>Flexibilit\u00e4t, um jederzeit und \u00fcberall zu lernen<\/li>\n\n\n\n<li>Die M\u00f6glichkeit zu \u00fcben, ohne einen menschlichen Sprachpartner zu ben\u00f6tigen<\/li>\n<\/ul>\n\n<h2 class=\"wp-block-heading\" id=\"h-our-commitment\">Unser Engagement<\/h2>\n\n<p>Bei Talkpal sind wir verpflichtet:<\/p>\n\n<ul class=\"wp-block-list\">\n<li><strong>Innovation<\/strong> &#8211; kontinuierliche Weiterentwicklung von KI und Bildungstechnologie<\/li>\n\n\n\n<li><strong>Qualit\u00e4t<\/strong> &#8211; forschungsgest\u00fctzte Lernerfahrungen<\/li>\n\n\n\n<li><strong>Zug\u00e4nglichkeit<\/strong> &#8211; erschwingliches, integratives Sprachenlernen f\u00fcr alle<\/li>\n\n\n\n<li><strong>Globale Wirkung<\/strong> &#8211; F\u00f6rderung der Kommunikation \u00fcber Kulturen hinweg<\/li>\n<\/ul>\n\n<p>Wir glauben, dass Sprache die Macht hat, Leben zu ver\u00e4ndern &#8211; und mit KI kann diese Macht jeden erreichen.<\/p>\n\n<p><\/p>\n","protected":false},"excerpt":{"rendered":"<p>Talkpal, Inc. ist ein KI-gest\u00fctztes Sprachlernunternehmen, das es sich zur Aufgabe gemacht hat, das Sprechen jeder Sprache f\u00fcr jeden und \u00fcberall zug\u00e4nglich zu machen. Talkpal entwickelt eine der fortschrittlichsten KI-Sprachlernplattformen der Welt, die Millionen von Lernenden dabei hilft, echte Konversationen mit Selbstvertrauen zu \u00fcben. Talkpal wurde 2023 gegr\u00fcndet und basiert auf einer einfachen, aber starken [&hellip;]<\/p>\n","protected":false},"author":1,"featured_media":197956,"parent":0,"menu_order":0,"comment_status":"closed","ping_status":"closed","template":"","meta":{"_acf_changed":false,"footnotes":""},"class_list":["post-9431","page","type-page","status-publish","has-post-thumbnail","hentry"],"acf":[],"yoast_head":"<!-- This site is optimized with the Yoast SEO Premium plugin v27.2 (Yoast SEO v27.2) - https:\/\/yoast.com\/product\/yoast-seo-premium-wordpress\/ -->\n<title>\u00dcber - Talkpal<\/title>\n<meta name=\"description\" content=\"Talkpal ist ein GPT-gest\u00fctzter KI-Sprachlehrer, der mit dem Glauben gegr\u00fcndet wurde, dass Spracherwerbung f\u00fcr alle zug\u00e4nglich sein sollte.\" \/>\n<meta name=\"robots\" content=\"index, follow, max-snippet:-1, max-image-preview:large, max-video-preview:-1\" \/>\n<link rel=\"canonical\" href=\"https:\/\/talkpal.ai\/de\/ueber\/\" \/>\n<meta property=\"og:locale\" content=\"de_DE\" \/>\n<meta property=\"og:type\" content=\"article\" \/>\n<meta property=\"og:title\" content=\"\u00dcber\" \/>\n<meta property=\"og:description\" content=\"Talkpal, Inc. ist ein KI-gest\u00fctztes Sprachlernunternehmen, das es sich zur Aufgabe gemacht hat, das Sprechen jeder Sprache f\u00fcr jeden und \u00fcberall\" \/>\n<meta property=\"og:url\" content=\"https:\/\/talkpal.ai\/de\/ueber\/\" \/>\n<meta property=\"og:site_name\" content=\"Talkpal\" \/>\n<meta property=\"article:publisher\" content=\"https:\/\/www.facebook.com\/profile.php?id=100090733639311\" \/>\n<meta property=\"article:modified_time\" content=\"2026-03-06T16:35:06+00:00\" \/>\n<meta property=\"og:image\" content=\"https:\/\/talkpal.ai\/wp-content\/uploads\/2024\/03\/Talkpal-Logo-Icon.png\" \/>\n\t<meta property=\"og:image:width\" content=\"5000\" \/>\n\t<meta property=\"og:image:height\" content=\"5000\" \/>\n\t<meta property=\"og:image:type\" content=\"image\/png\" \/>\n<meta name=\"twitter:card\" content=\"summary_large_image\" \/>\n<meta name=\"twitter:site\" content=\"@talkpalai\" \/>\n<meta name=\"twitter:label1\" content=\"Gesch\u00e4tzte Lesezeit\" \/>\n\t<meta name=\"twitter:data1\" content=\"4\u00a0Minuten\" \/>\n<script type=\"application\/ld+json\" class=\"yoast-schema-graph\">{\"@context\":\"https:\/\/schema.org\",\"@graph\":[{\"@type\":\"WebPage\",\"@id\":\"https:\/\/talkpal.ai\/de\/ueber\/\",\"url\":\"https:\/\/talkpal.ai\/de\/ueber\/\",\"name\":\"\u00dcber - Talkpal\",\"isPartOf\":{\"@id\":\"https:\/\/talkpal.ai\/de\/#website\"},\"primaryImageOfPage\":{\"@id\":\"https:\/\/talkpal.ai\/de\/ueber\/#primaryimage\"},\"image\":{\"@id\":\"https:\/\/talkpal.ai\/de\/ueber\/#primaryimage\"},\"thumbnailUrl\":\"https:\/\/talkpal.ai\/wp-content\/uploads\/2024\/03\/Talkpal-Logo-Icon.png\",\"datePublished\":\"2023-04-03T14:56:00+00:00\",\"dateModified\":\"2026-03-06T16:35:06+00:00\",\"description\":\"Talkpal ist ein GPT-gest\u00fctzter KI-Sprachlehrer, der mit dem Glauben gegr\u00fcndet wurde, dass Spracherwerbung f\u00fcr alle zug\u00e4nglich sein sollte.\",\"breadcrumb\":{\"@id\":\"https:\/\/talkpal.ai\/de\/ueber\/#breadcrumb\"},\"inLanguage\":\"de\",\"potentialAction\":[{\"@type\":\"ReadAction\",\"target\":[\"https:\/\/talkpal.ai\/de\/ueber\/\"]}]},{\"@type\":\"ImageObject\",\"inLanguage\":\"de\",\"@id\":\"https:\/\/talkpal.ai\/de\/ueber\/#primaryimage\",\"url\":\"https:\/\/talkpal.ai\/wp-content\/uploads\/2024\/03\/Talkpal-Logo-Icon.png\",\"contentUrl\":\"https:\/\/talkpal.ai\/wp-content\/uploads\/2024\/03\/Talkpal-Logo-Icon.png\",\"width\":5000,\"height\":5000,\"caption\":\"Talkpal Logo ohne Wortmarke\"},{\"@type\":\"BreadcrumbList\",\"@id\":\"https:\/\/talkpal.ai\/de\/ueber\/#breadcrumb\",\"itemListElement\":[{\"@type\":\"ListItem\",\"position\":1,\"name\":\"Homepage\",\"item\":\"https:\/\/talkpal.ai\/de\/\"},{\"@type\":\"ListItem\",\"position\":2,\"name\":\"\u00dcber\"}]},{\"@type\":\"WebSite\",\"@id\":\"https:\/\/talkpal.ai\/de\/#website\",\"url\":\"https:\/\/talkpal.ai\/de\/\",\"name\":\"Talkpal\",\"description\":\"AI Language Learning\",\"publisher\":{\"@id\":\"https:\/\/talkpal.ai\/de\/#organization\"},\"alternateName\":\"Talkpal AI\",\"potentialAction\":[{\"@type\":\"SearchAction\",\"target\":{\"@type\":\"EntryPoint\",\"urlTemplate\":\"https:\/\/talkpal.ai\/de\/?s={search_term_string}\"},\"query-input\":{\"@type\":\"PropertyValueSpecification\",\"valueRequired\":true,\"valueName\":\"search_term_string\"}}],\"inLanguage\":\"de\"},{\"@type\":\"Organization\",\"@id\":\"https:\/\/talkpal.ai\/de\/#organization\",\"name\":\"Talkpal, Inc.\",\"alternateName\":\"Talkpal AI\",\"url\":\"https:\/\/talkpal.ai\/de\/\",\"logo\":{\"@type\":\"ImageObject\",\"inLanguage\":\"de\",\"@id\":\"https:\/\/talkpal.ai\/de\/#\/schema\/logo\/image\/\",\"url\":\"https:\/\/talkpal.ai\/wp-content\/uploads\/2024\/03\/Talkpal-Logo-Icon.png\",\"contentUrl\":\"https:\/\/talkpal.ai\/wp-content\/uploads\/2024\/03\/Talkpal-Logo-Icon.png\",\"width\":2880,\"height\":2880,\"caption\":\"Talkpal, Inc.\"},\"image\":{\"@id\":\"https:\/\/talkpal.ai\/de\/#\/schema\/logo\/image\/\"},\"sameAs\":[\"https:\/\/www.facebook.com\/profile.php?id=100090733639311\",\"https:\/\/x.com\/talkpalai\",\"https:\/\/www.linkedin.com\/company\/talkpal\/\",\"https:\/\/www.youtube.com\/@TalkPal\/\",\"https:\/\/www.tiktok.com\/@talkpal\",\"https:\/\/www.instagram.com\/talkpal_ai\/\",\"https:\/\/www.crunchbase.com\/organization\/talkpal-9cde\",\"https:\/\/www.g2.com\/products\/talkpal-for-business\/\",\"https:\/\/www.trustpilot.com\/review\/talkpal.ai\",\"https:\/\/www.capterra.com\/p\/10006800\/TalkPal\/\"],\"description\":\"Talkpal is a language learning web and mobile education app, powered by the latest AI technologies, that provides engaging experiences to its customers in many different languages to help them improve their language skills. Users can chat about unlimited amount of topics with the app and use other modes to practice their language learning.\",\"email\":\"support@talkpal.ai\",\"legalName\":\"Talkpal, Inc.\",\"foundingDate\":\"2023-04-03\",\"duns\":\"118989042\",\"numberOfEmployees\":{\"@type\":\"QuantitativeValue\",\"minValue\":\"11\",\"maxValue\":\"50\"},\"publishingPrinciples\":\"https:\/\/talkpal.ai\/publishing-principles\/\",\"actionableFeedbackPolicy\":\"https:\/\/talkpal.ai\/actionable-feedback-policy\/\",\"correctionsPolicy\":\"https:\/\/talkpal.ai\/corrections-policy\/\",\"ethicsPolicy\":\"https:\/\/talkpal.ai\/ethics-policy\/\",\"diversityPolicy\":\"https:\/\/talkpal.ai\/diversity-policy\/\",\"diversityStaffingReport\":\"https:\/\/talkpal.ai\/diversity-policy\/\"}]}<\/script>\n<!-- \/ Yoast SEO Premium plugin. -->","yoast_head_json":{"title":"\u00dcber - Talkpal","description":"Talkpal ist ein GPT-gest\u00fctzter KI-Sprachlehrer, der mit dem Glauben gegr\u00fcndet wurde, dass Spracherwerbung f\u00fcr alle zug\u00e4nglich sein sollte.","robots":{"index":"index","follow":"follow","max-snippet":"max-snippet:-1","max-image-preview":"max-image-preview:large","max-video-preview":"max-video-preview:-1"},"canonical":"https:\/\/talkpal.ai\/de\/ueber\/","og_locale":"de_DE","og_type":"article","og_title":"\u00dcber","og_description":"Talkpal, Inc. ist ein KI-gest\u00fctztes Sprachlernunternehmen, das es sich zur Aufgabe gemacht hat, das Sprechen jeder Sprache f\u00fcr jeden und \u00fcberall","og_url":"https:\/\/talkpal.ai\/de\/ueber\/","og_site_name":"Talkpal","article_publisher":"https:\/\/www.facebook.com\/profile.php?id=100090733639311","article_modified_time":"2026-03-06T16:35:06+00:00","og_image":[{"width":5000,"height":5000,"url":"https:\/\/talkpal.ai\/wp-content\/uploads\/2024\/03\/Talkpal-Logo-Icon.png","type":"image\/png"}],"twitter_card":"summary_large_image","twitter_site":"@talkpalai","twitter_misc":{"Gesch\u00e4tzte Lesezeit":"4\u00a0Minuten"},"schema":{"@context":"https:\/\/schema.org","@graph":[{"@type":"WebPage","@id":"https:\/\/talkpal.ai\/de\/ueber\/","url":"https:\/\/talkpal.ai\/de\/ueber\/","name":"\u00dcber - Talkpal","isPartOf":{"@id":"https:\/\/talkpal.ai\/de\/#website"},"primaryImageOfPage":{"@id":"https:\/\/talkpal.ai\/de\/ueber\/#primaryimage"},"image":{"@id":"https:\/\/talkpal.ai\/de\/ueber\/#primaryimage"},"thumbnailUrl":"https:\/\/talkpal.ai\/wp-content\/uploads\/2024\/03\/Talkpal-Logo-Icon.png","datePublished":"2023-04-03T14:56:00+00:00","dateModified":"2026-03-06T16:35:06+00:00","description":"Talkpal ist ein GPT-gest\u00fctzter KI-Sprachlehrer, der mit dem Glauben gegr\u00fcndet wurde, dass Spracherwerbung f\u00fcr alle zug\u00e4nglich sein sollte.","breadcrumb":{"@id":"https:\/\/talkpal.ai\/de\/ueber\/#breadcrumb"},"inLanguage":"de","potentialAction":[{"@type":"ReadAction","target":["https:\/\/talkpal.ai\/de\/ueber\/"]}]},{"@type":"ImageObject","inLanguage":"de","@id":"https:\/\/talkpal.ai\/de\/ueber\/#primaryimage","url":"https:\/\/talkpal.ai\/wp-content\/uploads\/2024\/03\/Talkpal-Logo-Icon.png","contentUrl":"https:\/\/talkpal.ai\/wp-content\/uploads\/2024\/03\/Talkpal-Logo-Icon.png","width":5000,"height":5000,"caption":"Talkpal Logo ohne Wortmarke"},{"@type":"BreadcrumbList","@id":"https:\/\/talkpal.ai\/de\/ueber\/#breadcrumb","itemListElement":[{"@type":"ListItem","position":1,"name":"Homepage","item":"https:\/\/talkpal.ai\/de\/"},{"@type":"ListItem","position":2,"name":"\u00dcber"}]},{"@type":"WebSite","@id":"https:\/\/talkpal.ai\/de\/#website","url":"https:\/\/talkpal.ai\/de\/","name":"Talkpal","description":"AI Language Learning","publisher":{"@id":"https:\/\/talkpal.ai\/de\/#organization"},"alternateName":"Talkpal AI","potentialAction":[{"@type":"SearchAction","target":{"@type":"EntryPoint","urlTemplate":"https:\/\/talkpal.ai\/de\/?s={search_term_string}"},"query-input":{"@type":"PropertyValueSpecification","valueRequired":true,"valueName":"search_term_string"}}],"inLanguage":"de"},{"@type":"Organization","@id":"https:\/\/talkpal.ai\/de\/#organization","name":"Talkpal, Inc.","alternateName":"Talkpal AI","url":"https:\/\/talkpal.ai\/de\/","logo":{"@type":"ImageObject","inLanguage":"de","@id":"https:\/\/talkpal.ai\/de\/#\/schema\/logo\/image\/","url":"https:\/\/talkpal.ai\/wp-content\/uploads\/2024\/03\/Talkpal-Logo-Icon.png","contentUrl":"https:\/\/talkpal.ai\/wp-content\/uploads\/2024\/03\/Talkpal-Logo-Icon.png","width":2880,"height":2880,"caption":"Talkpal, Inc."},"image":{"@id":"https:\/\/talkpal.ai\/de\/#\/schema\/logo\/image\/"},"sameAs":["https:\/\/www.facebook.com\/profile.php?id=100090733639311","https:\/\/x.com\/talkpalai","https:\/\/www.linkedin.com\/company\/talkpal\/","https:\/\/www.youtube.com\/@TalkPal\/","https:\/\/www.tiktok.com\/@talkpal","https:\/\/www.instagram.com\/talkpal_ai\/","https:\/\/www.crunchbase.com\/organization\/talkpal-9cde","https:\/\/www.g2.com\/products\/talkpal-for-business\/","https:\/\/www.trustpilot.com\/review\/talkpal.ai","https:\/\/www.capterra.com\/p\/10006800\/TalkPal\/"],"description":"Talkpal is a language learning web and mobile education app, powered by the latest AI technologies, that provides engaging experiences to its customers in many different languages to help them improve their language skills. Users can chat about unlimited amount of topics with the app and use other modes to practice their language learning.","email":"support@talkpal.ai","legalName":"Talkpal, Inc.","foundingDate":"2023-04-03","duns":"118989042","numberOfEmployees":{"@type":"QuantitativeValue","minValue":"11","maxValue":"50"},"publishingPrinciples":"https:\/\/talkpal.ai\/publishing-principles\/","actionableFeedbackPolicy":"https:\/\/talkpal.ai\/actionable-feedback-policy\/","correctionsPolicy":"https:\/\/talkpal.ai\/corrections-policy\/","ethicsPolicy":"https:\/\/talkpal.ai\/ethics-policy\/","diversityPolicy":"https:\/\/talkpal.ai\/diversity-policy\/","diversityStaffingReport":"https:\/\/talkpal.ai\/diversity-policy\/"}]}},"_links":{"self":[{"href":"https:\/\/talkpal.ai\/de\/wp-json\/wp\/v2\/pages\/9431","targetHints":{"allow":["GET"]}}],"collection":[{"href":"https:\/\/talkpal.ai\/de\/wp-json\/wp\/v2\/pages"}],"about":[{"href":"https:\/\/talkpal.ai\/de\/wp-json\/wp\/v2\/types\/page"}],"author":[{"embeddable":true,"href":"https:\/\/talkpal.ai\/de\/wp-json\/wp\/v2\/users\/1"}],"replies":[{"embeddable":true,"href":"https:\/\/talkpal.ai\/de\/wp-json\/wp\/v2\/comments?post=9431"}],"version-history":[{"count":0,"href":"https:\/\/talkpal.ai\/de\/wp-json\/wp\/v2\/pages\/9431\/revisions"}],"wp:featuredmedia":[{"embeddable":true,"href":"https:\/\/talkpal.ai\/de\/wp-json\/wp\/v2\/media\/197956"}],"wp:attachment":[{"href":"https:\/\/talkpal.ai\/de\/wp-json\/wp\/v2\/media?parent=9431"}],"curies":[{"name":"wp","href":"https:\/\/api.w.org\/{rel}","templated":true}]}}