{"id":74895,"date":"2023-03-26T12:27:22","date_gmt":"2023-03-26T12:27:22","guid":{"rendered":"http:\/\/talkpal.ai\/italienische-grammatik\/"},"modified":"2025-05-22T18:44:30","modified_gmt":"2025-05-22T18:44:30","slug":"italienische-grammatik","status":"publish","type":"page","link":"https:\/\/talkpal.ai\/de\/italienische-grammatik\/","title":{"rendered":"Italienische Grammatik"},"content":{"rendered":"\r\n\r\n\r\n<section class=\"languageChallengeSection\">\r\n    <div class=\"languageInfoWrapper\">\r\n        \r\n        <h1>Italienische Grammatik<\/h1>\r\n        <p>Entdecken Sie die Grundlagen der italienischen Sprache, indem Sie die wichtigsten Grammatikregeln lernen. Die Beherrschung der italienischen <a href=\"https:\/\/talkpal.ai\/fr\/les\/\">Grammatik<\/a> wird Ihnen helfen, sich selbstbewusst auszudr\u00fccken und eine tiefere Verbindung zu Italiens reicher Kultur herzustellen. Fangen Sie noch heute an, <a href=\"https:\/\/talkpal.ai\/de\/italienische-grammatik-einfach-erklart-ihr-ultimativer-lernguide\/\">italienische Grammatik<\/a> zu lernen und machen Sie den ersten Schritt in Richtung flie\u00dfende Sprache!<\/p>\r\n\r\n                            <a class=\"getStartedHidden\" href=\"https:\/\/app.talkpal.ai\/de\/signup?lng=\">Leg los<\/a>\r\n        \r\n    <\/div>\r\n\r\n    <figure>\r\n    <img decoding=\"async\" width=\"768\" height=\"768\" src=\"https:\/\/talkpal.ai\/wp-content\/uploads\/2023\/06\/italian-768x768.png\" class=\"languageImage no-lazy\" alt=\"Default alt text\" fetchpriority=\"high\" sizes=\"(max-width: 768px) 150px, 768px\" srcset=\"https:\/\/talkpal.ai\/wp-content\/uploads\/2023\/06\/italian-768x768.png 768w, https:\/\/talkpal.ai\/wp-content\/uploads\/2023\/06\/italian-300x300.png 300w\" \/>\r\n    \r\n\r\n    <\/figure>\r\n\r\n            <a class=\"getStartedVisible\" href=\"https:\/\/app.talkpal.ai\/de\/signup?lng=\">Leg los<\/a>\r\n    \r\n<\/section>\r\n        <section class=\"grammarSection\">\r\n            <div class=\"grammarLinks\">\r\n                <a href=\"https:\/\/talkpal.ai\/de\/language\/adjektive-italienische-grammatik\/\">Adjektive <\/a><a href=\"https:\/\/talkpal.ai\/de\/language\/adverbien-italienische-grammatik\/\">Adverbien <\/a><a href=\"https:\/\/talkpal.ai\/de\/language\/konjunktionen-italienische-grammatik\/\">Konjunktionen <\/a><a href=\"https:\/\/talkpal.ai\/de\/language\/prapositionen-italienische-grammatik\/\">Pr\u00e4positionen <\/a><a href=\"https:\/\/talkpal.ai\/de\/language\/pronomen-italienische-grammatik\/\">Pronomen <\/a><a href=\"https:\/\/talkpal.ai\/de\/language\/substantive-italienische-grammatik\/\">Substantive <\/a><a href=\"https:\/\/talkpal.ai\/de\/language\/syntax-und-satzbau-italienische-grammatik\/\">Syntax und Satzbau <\/a><a href=\"https:\/\/talkpal.ai\/de\/language\/verben-italienische-grammatik\/\">Verben <\/a><a href=\"https:\/\/talkpal.ai\/de\/language\/verneinung-und-verhor-italienische-grammatik\/\">Verneinung und Verh\u00f6r <\/a>            <\/div>\r\n        <\/section>\r\n    <section class=\"promotionalBanner\">\r\n    <p class=\"promotionalText\">Der effizienteste Weg, eine Sprache zu lernen<\/p>\r\n    <a class=\"promotionalLink\" href=\"https:\/\/app.talkpal.ai\/de\/signup?lng=\">Talkpal kostenlos<\/a>\r\n<\/section>\n<div class=\"wp-block-group pageContainerStyle\"><div class=\"wp-block-group__inner-container is-layout-constrained wp-block-group-is-layout-constrained\">\n<h2 class=\"wp-block-heading\" id=\"h-mastering-the-art-of-italian-grammar-your-ultimate-guide\">Die Kunst der italienischen Grammatik beherrschen: Ihr ultimativer Leitfaden<\/h2>\n\n\n\n<p>Ciao, <a href=\"https:\/\/talkpal.ai\/talkpal-discount-for-language-enthusiasts\/\">Sprachbegeisterte<\/a>! Sind Sie bereit, kopf\u00fcber in die Welt der italienischen Grammatik einzutauchen? Dann sind Sie bei uns genau richtig. Dieser Artikel ist vollgepackt mit Informationen, die leicht zu verdauen sind und einen unterhaltsamen Tonfall haben. Er f\u00fchrt Sie durch die faszinierende (und manchmal knifflige) Welt der italienischen Grammatik, damit Sie selbstbewusst S\u00e4tze bilden und sinnvolle Gespr\u00e4che mit Muttersprachlern f\u00fchren k\u00f6nnen. Also, schnallen Sie sich an, und lassen Sie uns <a href=\"https:\/\/talkpal.ai\/ko\/ai-%ec%96%b8%ec%96%b4-%ea%b5%90%ec%82%ac\/\">loslegen<\/a>!<\/p>\n\n\n\n<h3 class=\"wp-block-heading\" id=\"h-but-first-why-italian-grammar\">Aber zuerst, warum italienische Grammatik?<\/h3>\n\n\n\n<p>Wenn Sie <a href=\"https:\/\/talkpal.ai\/de\/beste-lander-um-italienisch-zu-lernen\/\">Italienisch lernen<\/a>, ist eine solide Grundlage in Grammatik entscheidend, um flie\u00dfend sprechen, lesen und schreiben zu k\u00f6nnen. Die italienische Grammatik mag auf den ersten Blick komplex erscheinen, aber sie ist relativ einfach, wenn man sie in kleinere, \u00fcberschaubare Teile zerlegt. Beginnen Sie also Ihre Reise zur Beherrschung der italienischen Grammatik!<\/p>\n\n\n\n<h3 class=\"wp-block-heading\" id=\"h-1-nouns-articles-and-gender\">1. Substantive, Artikel und Geschlecht<\/h3>\n\n\n\n<p>Italienische Substantive gibt es in zwei Geschlechtern: m\u00e4nnlich und weiblich. Im Gegensatz zum Englischen, wo das Geschlecht des Substantivs irrelevant ist, erfordert das Italienische das richtige Geschlecht f\u00fcr den korrekten Satzbau. K\u00f6nnen Sie das Geschlecht von Substantiven wie &#8222;tavolo&#8220; (Tisch) oder &#8222;casa&#8220; (Haus) erraten? Wenn Sie das Maskulinum f\u00fcr &#8222;tavolo&#8220; und das Femininum f\u00fcr &#8222;casa&#8220; erraten haben, bravo!<\/p>\n\n\n\n<p>Im Italienischen enden Substantive in der Regel mit &#8222;-o&#8220; f\u00fcr das Maskulinum und &#8222;-a&#8220; f\u00fcr das Femininum. <a href=\"https:\/\/talkpal.ai\/culture\/what-is-the-difference-between-es-gibt-and-da-ist\/\">Es gibt<\/a> Ausnahmen &#8211; einige W\u00f6rter enden auf &#8222;-e&#8220; und k\u00f6nnen beide Geschlechter haben &#8211; aber f\u00fcr den Moment sollten wir uns dieses Grundprinzip vor Augen halten.<\/p>\n\n\n\n<p>Lassen Sie uns nun \u00fcber Artikel sprechen. Genau wie im Englischen brauchen wir Artikel vor Substantiven. Im Italienischen gibt es bestimmte (il, lo, la, i, gli, le) und <a href=\"https:\/\/talkpal.ai\/de\/grammar\/unbestimmte-artikel-in-der-malaiischen-grammatik\/\">unbestimmte Artikel<\/a> (un, uno, una).<\/p>\n\n\n\n<p>Wie w\u00e4hlen wir also aus, welchen bestimmten Artikel wir verwenden m\u00f6chten?<\/p>\n\n\n\n<p>&#8211; &#8222;il&#8220; und &#8222;i&#8220; f\u00fcr maskuline Substantive, die mit einem Konsonanten beginnen, z.B. il libro (das Buch), i libri (die B\u00fccher)<br\/>&#8211; &#8222;lo&#8220; und &#8222;gli&#8220; f\u00fcr maskuline Substantive, die mit &#8222;s&#8220; beginnen, gefolgt von einem Konsonanten, einem Vokal (au\u00dfer &#8222;u&#8220;) oder einem &#8222;z&#8220;, z.B. lo <a href=\"https:\/\/talkpal.ai\/talkpal-discount-for-students\/\">studente<\/a> (der Student), gli studenti (die Studenten)<br\/>&#8211; &#8222;la&#8220; und &#8222;le&#8220; f\u00fcr feminine Substantive, z.B. la casa (das Haus), le case (die H\u00e4user)<\/p>\n\n\n\n<h3 class=\"wp-block-heading\" id=\"h-2-adjectives-and-agreement\">2. Adjektive und Zustimmung<\/h3>\n\n\n\n<p>Adjektive im Italienischen m\u00fcssen mit dem Substantiv \u00fcbereinstimmen, das sie in Geschlecht und Zahl modifizieren. Um zum Beispiel eine k\u00f6stliche Pizza zu beschreiben, sagen Sie &#8222;una pizza deliziosa&#8220; und nicht &#8222;delizioso&#8220;. Denken Sie daran, dass das Adjektiv im Italienischen normalerweise auf das Substantiv folgt.<\/p>\n\n\n\n<h3 class=\"wp-block-heading\" id=\"h-3-verbs-tense-and-conjugation\">3. Verben, Zeitform und Konjugation<\/h3>\n\n\n\n<p>Italienische Verben sind ein wichtiger Bestandteil der Grammatik. Es gibt drei Verbenkategorien (-are, -ere und -ire) und jede Menge unregelm\u00e4\u00dfiger Verben, also haben wir alle H\u00e4nde voll zu tun! Um Ihnen einen schnellen \u00dcberblick zu geben, lassen Sie uns das Pr\u00e4sens der regelm\u00e4\u00dfigen Verben behandeln.<\/p>\n\n\n\n<p>&#8211; &#8222;-are&#8220; Verben: z.B. parlare (sprechen): io parlo, tu parli, lui\/lei parla, noi parliamo, voi parlate, loro parlano<br\/>&#8211; &#8222;-ere&#8220; Verben: z.B. leggere (lesen): io leggo, tu leggi, lui\/lei legge, noi leggiamo, voi leggete, loro leggono<br\/>&#8211; &#8222;-ire&#8220; Verben: z.B. finire (zu Ende bringen): io finisco, tu finisci, lui\/lei finisce, noi finiamo, voi finite, loro finiscono<\/p>\n\n\n\n<p>Denken Sie daran, dass dies nur die Spitze des Eisbergs ist! Es gibt viele andere Zeitformen und unregelm\u00e4\u00dfige Verben zu lernen, aber jede Reise beginnt mit einem einzigen Schritt.<\/p>\n\n\n\n<h3 class=\"wp-block-heading\" id=\"h-4-prepositions-pronouns-and-more\">4. Pr\u00e4positionen, Pronomen und mehr!<\/h3>\n\n\n\n<p>Die italienische Grammatik hat viele andere Komponenten wie Pr\u00e4positionen (di, a, da, in, su usw.), Pronomen (io, tu, lui\/lei usw.), reflexive Verben und idiomatische Ausdr\u00fccke. Jede Komponente ist der Schl\u00fcssel, um Ihre Sprachgewandtheit zu verbessern, also gehen Sie einen Schritt nach dem anderen an.<\/p>\n\n\n\n<p>Zusammenfassend l\u00e4sst sich sagen, dass es keine Abk\u00fcrzung zur Beherrschung der italienischen Grammatik gibt. Es erfordert Beharrlichkeit, \u00dcbung und Geduld. Aber wenn Sie erst einmal den Dreh raus haben, werden Sie die Sch\u00f6nheit der italienischen Sprache erleben, die reiche Kultur und Geschichte entdecken und Ihre Wertsch\u00e4tzung f\u00fcr die Sprache vertiefen k\u00f6nnen. Gute Besserung!<\/p>\n<\/div><\/div>\n\r\n<section class=\"learnNavigationSection\">\r\n            \r\n        <a href=\"https:\/\/talkpal.ai\/de\/italienisch-lernen\/\">\r\n            <div class=\"learnNavigationWrapper\">\r\n                <div class=\"learnNavigationContent\">\r\n                    <img decoding=\"async\" src=\"https:\/\/talkpal.ai\/wp-content\/uploads\/2024\/08\/Italian.jpg\" alt=\"Italian Flag\">\r\n                    <div>\r\n                        <h4>\u00dcber Italienisch lernen<\/h4>\r\n                        <p>Erfahren Sie alles \u00fcber die italienische Grammatik.<\/p>\r\n                    <\/div>\r\n                <\/div>\r\n            <\/div>\r\n        <\/a>\r\n\r\n        \r\n        <a href=\"https:\/\/talkpal.ai\/de\/uebungen-zur-italienischen-grammatik\/\">\r\n            <div class=\"learnNavigationWrapper\">\r\n                <div class=\"learnNavigationContent\">\r\n                    <img decoding=\"async\" src=\"https:\/\/talkpal.ai\/wp-content\/uploads\/2024\/08\/Italian.jpg\" alt=\"Italian Flag\">\r\n                    <div>\r\n                        <h4>\u00dcbung zur italienischen Grammatik<\/h4>\r\n                        <p>\u00dcbe die italienische Grammatik.<\/p>\r\n                    <\/div>\r\n                <\/div>\r\n            <\/div>\r\n        <\/a>\r\n\r\n        \r\n        <a href=\"https:\/\/talkpal.ai\/vocabulary_language\/italian\/\">\r\n            <div class=\"learnNavigationWrapper\">\r\n                <div class=\"learnNavigationContent\">\r\n                    <img decoding=\"async\" src=\"https:\/\/talkpal.ai\/wp-content\/uploads\/2024\/08\/Italian.jpg\" alt=\"Italian Flag\">\r\n                    <div>\r\n                        <h4>Italienisch Wortschatz<\/h4>\r\n                        <p>Erweitern Sie Ihren italienischen Wortschatz.<\/p>\r\n                    <\/div>\r\n                <\/div>\r\n            <\/div>\r\n        <\/a>\r\n\r\n            <\/section>","protected":false},"excerpt":{"rendered":"<p>Die Kunst der italienischen Grammatik beherrschen: Ihr ultimativer Leitfaden Ciao, Sprachbegeisterte! Sind Sie bereit, kopf\u00fcber in die Welt der italienischen Grammatik einzutauchen? Dann sind Sie bei uns genau richtig. Dieser Artikel ist vollgepackt mit Informationen, die leicht zu verdauen sind und einen unterhaltsamen Tonfall haben. Er f\u00fchrt Sie durch die faszinierende (und manchmal knifflige) Welt [&hellip;]<\/p>\n","protected":false},"author":1,"featured_media":372,"parent":0,"menu_order":0,"comment_status":"closed","ping_status":"closed","template":"LearningContentPage.php","meta":{"_acf_changed":false,"footnotes":""},"class_list":["post-74895","page","type-page","status-publish","has-post-thumbnail","hentry"],"acf":[],"yoast_head":"<!-- This site is optimized with the Yoast SEO Premium plugin v27.2 (Yoast SEO v27.2) - https:\/\/yoast.com\/product\/yoast-seo-premium-wordpress\/ -->\n<title>Italienische Grammatik - Talkpal<\/title>\n<meta name=\"description\" content=\"Lernen Sie ganz einfach italienische Grammatik - \u00fcben Sie deutlich, verstehen Sie die Regeln und sprechen Sie besser mit der einfachen Anleitung von Talkpal KI.\" \/>\n<meta name=\"robots\" content=\"index, follow, max-snippet:-1, max-image-preview:large, max-video-preview:-1\" \/>\n<link rel=\"canonical\" href=\"https:\/\/talkpal.ai\/de\/italienische-grammatik\/\" \/>\n<meta property=\"og:locale\" content=\"de_DE\" \/>\n<meta property=\"og:type\" content=\"article\" \/>\n<meta property=\"og:title\" content=\"Italienische Grammatik\" \/>\n<meta property=\"og:description\" content=\"Die Kunst der italienischen Grammatik beherrschen: Ihr ultimativer Leitfaden Ciao, Sprachbegeisterte! Sind Sie bereit, kopf\u00fcber in die Welt der\" \/>\n<meta property=\"og:url\" content=\"https:\/\/talkpal.ai\/de\/italienische-grammatik\/\" \/>\n<meta property=\"og:site_name\" content=\"Talkpal\" \/>\n<meta property=\"article:publisher\" content=\"https:\/\/www.facebook.com\/profile.php?id=100090733639311\" \/>\n<meta property=\"article:modified_time\" content=\"2025-05-22T18:44:30+00:00\" \/>\n<meta property=\"og:image\" content=\"https:\/\/talkpal.ai\/wp-content\/uploads\/2023\/03\/italy.png\" \/>\n\t<meta property=\"og:image:width\" content=\"512\" \/>\n\t<meta property=\"og:image:height\" content=\"512\" \/>\n\t<meta property=\"og:image:type\" content=\"image\/png\" \/>\n<meta name=\"twitter:card\" content=\"summary_large_image\" \/>\n<meta name=\"twitter:site\" content=\"@talkpalai\" \/>\n<meta name=\"twitter:label1\" content=\"Gesch\u00e4tzte Lesezeit\" \/>\n\t<meta name=\"twitter:data1\" content=\"3\u00a0Minuten\" \/>\n<script type=\"application\/ld+json\" class=\"yoast-schema-graph\">{\"@context\":\"https:\/\/schema.org\",\"@graph\":[{\"@type\":\"WebPage\",\"@id\":\"https:\/\/talkpal.ai\/de\/italienische-grammatik\/\",\"url\":\"https:\/\/talkpal.ai\/de\/italienische-grammatik\/\",\"name\":\"Italienische Grammatik - Talkpal\",\"isPartOf\":{\"@id\":\"https:\/\/talkpal.ai\/de\/#website\"},\"primaryImageOfPage\":{\"@id\":\"https:\/\/talkpal.ai\/de\/italienische-grammatik\/#primaryimage\"},\"image\":{\"@id\":\"https:\/\/talkpal.ai\/de\/italienische-grammatik\/#primaryimage\"},\"thumbnailUrl\":\"https:\/\/talkpal.ai\/wp-content\/uploads\/2023\/03\/italy.png\",\"datePublished\":\"2023-03-26T12:27:22+00:00\",\"dateModified\":\"2025-05-22T18:44:30+00:00\",\"description\":\"Lernen Sie ganz einfach italienische Grammatik - \u00fcben Sie deutlich, verstehen Sie die Regeln und sprechen Sie besser mit der einfachen Anleitung von Talkpal KI.\",\"breadcrumb\":{\"@id\":\"https:\/\/talkpal.ai\/de\/italienische-grammatik\/#breadcrumb\"},\"inLanguage\":\"de\",\"potentialAction\":[{\"@type\":\"ReadAction\",\"target\":[\"https:\/\/talkpal.ai\/de\/italienische-grammatik\/\"]}]},{\"@type\":\"ImageObject\",\"inLanguage\":\"de\",\"@id\":\"https:\/\/talkpal.ai\/de\/italienische-grammatik\/#primaryimage\",\"url\":\"https:\/\/talkpal.ai\/wp-content\/uploads\/2023\/03\/italy.png\",\"contentUrl\":\"https:\/\/talkpal.ai\/wp-content\/uploads\/2023\/03\/italy.png\",\"width\":512,\"height\":512,\"caption\":\"TalkPal AI learn Italian\"},{\"@type\":\"BreadcrumbList\",\"@id\":\"https:\/\/talkpal.ai\/de\/italienische-grammatik\/#breadcrumb\",\"itemListElement\":[{\"@type\":\"ListItem\",\"position\":1,\"name\":\"Homepage\",\"item\":\"https:\/\/talkpal.ai\/de\/\"},{\"@type\":\"ListItem\",\"position\":2,\"name\":\"Italienische Grammatik\"}]},{\"@type\":\"WebSite\",\"@id\":\"https:\/\/talkpal.ai\/de\/#website\",\"url\":\"https:\/\/talkpal.ai\/de\/\",\"name\":\"Talkpal\",\"description\":\"AI Language Learning\",\"publisher\":{\"@id\":\"https:\/\/talkpal.ai\/de\/#organization\"},\"alternateName\":\"Talkpal AI\",\"potentialAction\":[{\"@type\":\"SearchAction\",\"target\":{\"@type\":\"EntryPoint\",\"urlTemplate\":\"https:\/\/talkpal.ai\/de\/?s={search_term_string}\"},\"query-input\":{\"@type\":\"PropertyValueSpecification\",\"valueRequired\":true,\"valueName\":\"search_term_string\"}}],\"inLanguage\":\"de\"},{\"@type\":\"Organization\",\"@id\":\"https:\/\/talkpal.ai\/de\/#organization\",\"name\":\"Talkpal, Inc.\",\"alternateName\":\"Talkpal AI\",\"url\":\"https:\/\/talkpal.ai\/de\/\",\"logo\":{\"@type\":\"ImageObject\",\"inLanguage\":\"de\",\"@id\":\"https:\/\/talkpal.ai\/de\/#\/schema\/logo\/image\/\",\"url\":\"https:\/\/talkpal.ai\/wp-content\/uploads\/2024\/03\/Talkpal-Logo-Icon.png\",\"contentUrl\":\"https:\/\/talkpal.ai\/wp-content\/uploads\/2024\/03\/Talkpal-Logo-Icon.png\",\"width\":2880,\"height\":2880,\"caption\":\"Talkpal, Inc.\"},\"image\":{\"@id\":\"https:\/\/talkpal.ai\/de\/#\/schema\/logo\/image\/\"},\"sameAs\":[\"https:\/\/www.facebook.com\/profile.php?id=100090733639311\",\"https:\/\/x.com\/talkpalai\",\"https:\/\/www.linkedin.com\/company\/talkpal\/\",\"https:\/\/www.youtube.com\/@TalkPal\/\",\"https:\/\/www.tiktok.com\/@talkpal\",\"https:\/\/www.instagram.com\/talkpal_ai\/\",\"https:\/\/www.crunchbase.com\/organization\/talkpal-9cde\",\"https:\/\/www.g2.com\/products\/talkpal-for-business\/\",\"https:\/\/www.trustpilot.com\/review\/talkpal.ai\",\"https:\/\/www.capterra.com\/p\/10006800\/TalkPal\/\"],\"description\":\"Talkpal is a language learning web and mobile education app, powered by the latest AI technologies, that provides engaging experiences to its customers in many different languages to help them improve their language skills. Users can chat about unlimited amount of topics with the app and use other modes to practice their language learning.\",\"email\":\"support@talkpal.ai\",\"legalName\":\"Talkpal, Inc.\",\"foundingDate\":\"2023-04-03\",\"duns\":\"118989042\",\"numberOfEmployees\":{\"@type\":\"QuantitativeValue\",\"minValue\":\"11\",\"maxValue\":\"50\"},\"publishingPrinciples\":\"https:\/\/talkpal.ai\/publishing-principles\/\",\"actionableFeedbackPolicy\":\"https:\/\/talkpal.ai\/actionable-feedback-policy\/\",\"correctionsPolicy\":\"https:\/\/talkpal.ai\/corrections-policy\/\",\"ethicsPolicy\":\"https:\/\/talkpal.ai\/ethics-policy\/\",\"diversityPolicy\":\"https:\/\/talkpal.ai\/diversity-policy\/\",\"diversityStaffingReport\":\"https:\/\/talkpal.ai\/diversity-policy\/\"}]}<\/script>\n<!-- \/ Yoast SEO Premium plugin. -->","yoast_head_json":{"title":"Italienische Grammatik - Talkpal","description":"Lernen Sie ganz einfach italienische Grammatik - \u00fcben Sie deutlich, verstehen Sie die Regeln und sprechen Sie besser mit der einfachen Anleitung von Talkpal KI.","robots":{"index":"index","follow":"follow","max-snippet":"max-snippet:-1","max-image-preview":"max-image-preview:large","max-video-preview":"max-video-preview:-1"},"canonical":"https:\/\/talkpal.ai\/de\/italienische-grammatik\/","og_locale":"de_DE","og_type":"article","og_title":"Italienische Grammatik","og_description":"Die Kunst der italienischen Grammatik beherrschen: Ihr ultimativer Leitfaden Ciao, Sprachbegeisterte! Sind Sie bereit, kopf\u00fcber in die Welt der","og_url":"https:\/\/talkpal.ai\/de\/italienische-grammatik\/","og_site_name":"Talkpal","article_publisher":"https:\/\/www.facebook.com\/profile.php?id=100090733639311","article_modified_time":"2025-05-22T18:44:30+00:00","og_image":[{"width":512,"height":512,"url":"https:\/\/talkpal.ai\/wp-content\/uploads\/2023\/03\/italy.png","type":"image\/png"}],"twitter_card":"summary_large_image","twitter_site":"@talkpalai","twitter_misc":{"Gesch\u00e4tzte Lesezeit":"3\u00a0Minuten"},"schema":{"@context":"https:\/\/schema.org","@graph":[{"@type":"WebPage","@id":"https:\/\/talkpal.ai\/de\/italienische-grammatik\/","url":"https:\/\/talkpal.ai\/de\/italienische-grammatik\/","name":"Italienische Grammatik - Talkpal","isPartOf":{"@id":"https:\/\/talkpal.ai\/de\/#website"},"primaryImageOfPage":{"@id":"https:\/\/talkpal.ai\/de\/italienische-grammatik\/#primaryimage"},"image":{"@id":"https:\/\/talkpal.ai\/de\/italienische-grammatik\/#primaryimage"},"thumbnailUrl":"https:\/\/talkpal.ai\/wp-content\/uploads\/2023\/03\/italy.png","datePublished":"2023-03-26T12:27:22+00:00","dateModified":"2025-05-22T18:44:30+00:00","description":"Lernen Sie ganz einfach italienische Grammatik - \u00fcben Sie deutlich, verstehen Sie die Regeln und sprechen Sie besser mit der einfachen Anleitung von Talkpal KI.","breadcrumb":{"@id":"https:\/\/talkpal.ai\/de\/italienische-grammatik\/#breadcrumb"},"inLanguage":"de","potentialAction":[{"@type":"ReadAction","target":["https:\/\/talkpal.ai\/de\/italienische-grammatik\/"]}]},{"@type":"ImageObject","inLanguage":"de","@id":"https:\/\/talkpal.ai\/de\/italienische-grammatik\/#primaryimage","url":"https:\/\/talkpal.ai\/wp-content\/uploads\/2023\/03\/italy.png","contentUrl":"https:\/\/talkpal.ai\/wp-content\/uploads\/2023\/03\/italy.png","width":512,"height":512,"caption":"TalkPal AI learn Italian"},{"@type":"BreadcrumbList","@id":"https:\/\/talkpal.ai\/de\/italienische-grammatik\/#breadcrumb","itemListElement":[{"@type":"ListItem","position":1,"name":"Homepage","item":"https:\/\/talkpal.ai\/de\/"},{"@type":"ListItem","position":2,"name":"Italienische Grammatik"}]},{"@type":"WebSite","@id":"https:\/\/talkpal.ai\/de\/#website","url":"https:\/\/talkpal.ai\/de\/","name":"Talkpal","description":"AI Language Learning","publisher":{"@id":"https:\/\/talkpal.ai\/de\/#organization"},"alternateName":"Talkpal AI","potentialAction":[{"@type":"SearchAction","target":{"@type":"EntryPoint","urlTemplate":"https:\/\/talkpal.ai\/de\/?s={search_term_string}"},"query-input":{"@type":"PropertyValueSpecification","valueRequired":true,"valueName":"search_term_string"}}],"inLanguage":"de"},{"@type":"Organization","@id":"https:\/\/talkpal.ai\/de\/#organization","name":"Talkpal, Inc.","alternateName":"Talkpal AI","url":"https:\/\/talkpal.ai\/de\/","logo":{"@type":"ImageObject","inLanguage":"de","@id":"https:\/\/talkpal.ai\/de\/#\/schema\/logo\/image\/","url":"https:\/\/talkpal.ai\/wp-content\/uploads\/2024\/03\/Talkpal-Logo-Icon.png","contentUrl":"https:\/\/talkpal.ai\/wp-content\/uploads\/2024\/03\/Talkpal-Logo-Icon.png","width":2880,"height":2880,"caption":"Talkpal, Inc."},"image":{"@id":"https:\/\/talkpal.ai\/de\/#\/schema\/logo\/image\/"},"sameAs":["https:\/\/www.facebook.com\/profile.php?id=100090733639311","https:\/\/x.com\/talkpalai","https:\/\/www.linkedin.com\/company\/talkpal\/","https:\/\/www.youtube.com\/@TalkPal\/","https:\/\/www.tiktok.com\/@talkpal","https:\/\/www.instagram.com\/talkpal_ai\/","https:\/\/www.crunchbase.com\/organization\/talkpal-9cde","https:\/\/www.g2.com\/products\/talkpal-for-business\/","https:\/\/www.trustpilot.com\/review\/talkpal.ai","https:\/\/www.capterra.com\/p\/10006800\/TalkPal\/"],"description":"Talkpal is a language learning web and mobile education app, powered by the latest AI technologies, that provides engaging experiences to its customers in many different languages to help them improve their language skills. Users can chat about unlimited amount of topics with the app and use other modes to practice their language learning.","email":"support@talkpal.ai","legalName":"Talkpal, Inc.","foundingDate":"2023-04-03","duns":"118989042","numberOfEmployees":{"@type":"QuantitativeValue","minValue":"11","maxValue":"50"},"publishingPrinciples":"https:\/\/talkpal.ai\/publishing-principles\/","actionableFeedbackPolicy":"https:\/\/talkpal.ai\/actionable-feedback-policy\/","correctionsPolicy":"https:\/\/talkpal.ai\/corrections-policy\/","ethicsPolicy":"https:\/\/talkpal.ai\/ethics-policy\/","diversityPolicy":"https:\/\/talkpal.ai\/diversity-policy\/","diversityStaffingReport":"https:\/\/talkpal.ai\/diversity-policy\/"}]}},"_links":{"self":[{"href":"https:\/\/talkpal.ai\/de\/wp-json\/wp\/v2\/pages\/74895","targetHints":{"allow":["GET"]}}],"collection":[{"href":"https:\/\/talkpal.ai\/de\/wp-json\/wp\/v2\/pages"}],"about":[{"href":"https:\/\/talkpal.ai\/de\/wp-json\/wp\/v2\/types\/page"}],"author":[{"embeddable":true,"href":"https:\/\/talkpal.ai\/de\/wp-json\/wp\/v2\/users\/1"}],"replies":[{"embeddable":true,"href":"https:\/\/talkpal.ai\/de\/wp-json\/wp\/v2\/comments?post=74895"}],"version-history":[{"count":0,"href":"https:\/\/talkpal.ai\/de\/wp-json\/wp\/v2\/pages\/74895\/revisions"}],"wp:featuredmedia":[{"embeddable":true,"href":"https:\/\/talkpal.ai\/de\/wp-json\/wp\/v2\/media\/372"}],"wp:attachment":[{"href":"https:\/\/talkpal.ai\/de\/wp-json\/wp\/v2\/media?parent=74895"}],"curies":[{"name":"wp","href":"https:\/\/api.w.org\/{rel}","templated":true}]}}