{"id":74455,"date":"2023-05-14T13:48:36","date_gmt":"2023-05-14T13:48:36","guid":{"rendered":"http:\/\/talkpal.ai\/chinesische-grammatik\/"},"modified":"2025-06-17T16:40:04","modified_gmt":"2025-06-17T16:40:04","slug":"chinesische-grammatik","status":"publish","type":"page","link":"https:\/\/talkpal.ai\/de\/chinesische-grammatik\/","title":{"rendered":"Chinesische Grammatik"},"content":{"rendered":"\r\n\r\n\r\n<section class=\"languageChallengeSection\">\r\n    <div class=\"languageInfoWrapper\">\r\n        \r\n        <h1>Chinesische Grammatik<\/h1>\r\n        <p>St\u00e4rken Sie Ihre Chinesischkenntnisse, indem Sie wichtige Grammatikstrukturen und Verwendungsmuster erlernen. Beginnen Sie noch heute mit der Verbesserung Ihrer chinesischen <a href=\"https:\/\/talkpal.ai\/fr\/les\/\">Grammatik<\/a> und kommunizieren Sie selbstbewusst!<\/p>\r\n\r\n                            <a class=\"getStartedHidden\" href=\"https:\/\/app.talkpal.ai\/de\/signup?lng=\">Leg los<\/a>\r\n        \r\n    <\/div>\r\n\r\n    <figure>\r\n    <img decoding=\"async\" width=\"768\" height=\"768\" src=\"https:\/\/talkpal.ai\/wp-content\/uploads\/2023\/06\/chinese-768x768.png\" class=\"languageImage no-lazy\" alt=\"Default alt text\" fetchpriority=\"high\" sizes=\"(max-width: 768px) 150px, 768px\" srcset=\"https:\/\/talkpal.ai\/wp-content\/uploads\/2023\/06\/chinese-768x768.png 768w, https:\/\/talkpal.ai\/wp-content\/uploads\/2023\/06\/chinese-300x300.png 300w\" \/>\r\n    \r\n\r\n    <\/figure>\r\n\r\n            <a class=\"getStartedVisible\" href=\"https:\/\/app.talkpal.ai\/de\/signup?lng=\">Leg los<\/a>\r\n    \r\n<\/section>\r\n        <section class=\"grammarSection\">\r\n            <div class=\"grammarLinks\">\r\n                <a href=\"https:\/\/talkpal.ai\/de\/language\/adjektive-chinesische-grammatik\/\">Adjektive <\/a><a href=\"https:\/\/talkpal.ai\/de\/language\/adverbien-chinesische-grammatik\/\">Adverbien <\/a><a href=\"https:\/\/talkpal.ai\/de\/language\/artikel-chinesische-grammatik\/\">Artikel <\/a><a href=\"https:\/\/talkpal.ai\/de\/language\/prapositionen-chinesische-grammatik\/\">Pr\u00e4positionen <\/a><a href=\"https:\/\/talkpal.ai\/de\/language\/pronomen-chinesische-grammatik\/\">Pronomen <\/a><a href=\"https:\/\/talkpal.ai\/de\/language\/satzbau-chinesische-grammatik\/\">Satzbau <\/a><a href=\"https:\/\/talkpal.ai\/de\/language\/substantive-chinesische-grammatik\/\">Substantive <\/a><a href=\"https:\/\/talkpal.ai\/de\/language\/verben-chinesische-grammatik\/\">Verben <\/a><a href=\"https:\/\/talkpal.ai\/de\/language\/zeitformen-chinesische-grammatik\/\">Zeitformen <\/a>            <\/div>\r\n        <\/section>\r\n    <section class=\"promotionalBanner\">\r\n    <p class=\"promotionalText\">Der effizienteste Weg, eine Sprache zu lernen<\/p>\r\n    <a class=\"promotionalLink\" href=\"https:\/\/app.talkpal.ai\/de\/signup?lng=\">Talkpal kostenlos<\/a>\r\n<\/section>\n<div class=\"wp-block-group pageContainerStyle\"><div class=\"wp-block-group__inner-container is-layout-constrained wp-block-group-is-layout-constrained\">\n<h2 class=\"wp-block-heading\" id=\"h-chinese-grammar-the-key-to-mastering-mandarin\">Chinesische Grammatik: Der Schl\u00fcssel zur Beherrschung von Mandarin<\/h2>\n\n\n\n<p>Sind Sie ein ambitionierter Sprachlerner, der sich vorgenommen hat, Mandarin zu beherrschen? Wenn ja, herzlichen Gl\u00fcckwunsch! <a href=\"https:\/\/talkpal.ai\/learn-chinese\/\">Chinesisch<\/a> zu lernen ist eine fantastische M\u00f6glichkeit, Ihre globale Denkweise zu erweitern, mit einer Vielzahl von Sprechern in <a href=\"https:\/\/talkpal.ai\/contact\/\">Kontakt<\/a> zu treten und sich selbst intellektuell herauszufordern. Mit 1,2 Milliarden Muttersprachlern und einem Sprachsystem, das sich stark von westlichen Sprachen unterscheidet, kann die <a href=\"https:\/\/talkpal.ai\/de\/grammar\/masworter-in-der-chinesischen-grammatik\/\">chinesische Grammatik<\/a> jedoch ziemlich entmutigend wirken. F\u00fcrchte dich nicht! Lesen Sie weiter, um einen anf\u00e4ngerfreundlichen Crashkurs in chinesischer Grammatik zu erhalten, der sowohl ansprechend als auch informativ ist.<\/p>\n\n\n\n<p><strong>Das Wichtigste zuerst: Vergessen Sie, was Sie \u00fcber europ\u00e4ische Sprachen wissen!<\/strong><\/p>\n\n\n\n<p>Ein wichtiger Grund, warum Sprachsch\u00fcler von der chinesischen Grammatik eingesch\u00fcchtert sind, ist, dass sie sich radikal von der &#8222;Subjekt-Verb-Objekt&#8220;-Struktur unterscheidet, an die wir in Sprachen wie <a href=\"https:\/\/talkpal.ai\/learn-english-with-ai\/\">Englisch<\/a>, <a href=\"https:\/\/talkpal.ai\/learn-spanish\/\">Spanisch<\/a> oder <a href=\"https:\/\/talkpal.ai\/learn-french\/\">Franz\u00f6sisch<\/a> gew\u00f6hnt sind. Atmen Sie also tief durch und tauchen Sie ein in ein brandneues Universum sprachlicher Regeln und Konzepte!<\/p>\n\n\n\n<h3 class=\"wp-block-heading\" id=\"h-1-word-order-is-king\">1. Die Wortstellung ist K\u00f6nig<\/h3>\n\n\n\n<p>Obwohl es in der chinesischen Grammatik keine <a href=\"https:\/\/talkpal.ai\/zh-hans\/grammar_exercises\/zeitformen-%e5%be%b7%e5%9b%bd%e8%af%ad%e6%b3%95%e7%bb%83%e4%b9%a0\/\">Zeitformen<\/a>, Verbkonjugationen oder Pluralformen gibt, ist die richtige Satzstruktur von gr\u00f6\u00dfter Bedeutung. Wie wird also die richtige Wortstellung erreicht? In den meisten F\u00e4llen folgen Sie einfach dem &#8222;Subjekt-Verb-Objekt&#8220;-Muster (\u00e4hnlich wie im Englischen). Zum Beispiel:<\/p>\n\n\n\n<p>Deutsch: Ich liebe dich.<br\/>Chinesisch: \u6211\u7231\u4f60\u3002 W\u01d2 \u00e0i n\u01d0.<\/p>\n\n\n\n<p>Es gibt komplexere Strukturen, aber wenn du ein starkes Fundament entwickelst, werden sie leichter zu verstehen sein, wenn du Fortschritte machst.<\/p>\n\n\n\n<h3 class=\"wp-block-heading\" id=\"h-2-particles-particles-everywhere\">2. Teilchen, Teilchen \u00fcberall!<\/h3>\n\n\n\n<p>In der chinesischen Grammatik spielen Partikel eine entscheidende Rolle bei der Vermittlung von Bedeutung. Eine der h\u00e4ufigsten Partikel ist &#8222;\u4e86 (le)&#8220;, die eine abgeschlossene Handlung signalisiert. Zum Beispiel:<\/p>\n\n\n\n<p>\u6211\u5403\u4e86\u3002W\u01d2 ch\u012b le. &#8211; &#8222;Ich habe gegessen.&#8220;<\/p>\n\n\n\n<p>Ein weiteres g\u00e4ngiges Partikel ist &#8222;\u5427 (ba)&#8220;, das eine Aussage in eine Andeutung oder Frage verwandelt:<\/p>\n\n\n\n<p>\u8d70\u5427\uff01Z\u01d2u ba! &#8211; &#8222;Auf geht&#8217;s!&#8220;<\/p>\n\n\n\n<p>Das Verst\u00e4ndnis der Funktionen verschiedener Partikel ist der Schl\u00fcssel zur Beherrschung der Nuancen der chinesischen Grammatik.<\/p>\n\n\n\n<h3 class=\"wp-block-heading\" id=\"h-3-measure-words-quality-not-quantity\">3. Messen Sie W\u00f6rter: Qualit\u00e4t statt Quantit\u00e4t<\/h3>\n\n\n\n<p>Im Chinesischen gibt es f\u00fcr Substantive keine Plurale. Stattdessen verwenden sie Ma\u00dfw\u00f6rter (auch als Klassifikatoren bezeichnet), um die Menge auszudr\u00fccken. Taktw\u00f6rter werden zwischen der Zahl und dem Substantiv hinzugef\u00fcgt. Zum Beispiel:<\/p>\n\n\n\n<p>\u4e00\u672c\u4e66 &#8211; Y\u012b b\u011bn sh\u016b &#8211; &#8222;ein Buch&#8220;<\/p>\n\n\n\n<p>Beachten Sie die Verwendung von \u672c (b\u011bn) als Ma\u00dfwort f\u00fcr B\u00fccher. Unterschiedliche Substantive erfordern unterschiedliche Messw\u00f6rter, und obwohl dies zun\u00e4chst verwirrend erscheinen mag, wird es mit etwas \u00dcbung zur zweiten Natur.<\/p>\n\n\n\n<h3 class=\"wp-block-heading\" id=\"h-4-the-magic-of-compound-words\">4. Die Magie der zusammengesetzten W\u00f6rter<\/h3>\n\n\n\n<p>Chinesisch ist voll von zusammengesetzten W\u00f6rtern, die durch die Kombination von zwei oder mehr Zeichen gebildet werden. Dies vereinfacht nicht nur das Vokabellernen, sondern erm\u00f6glicht auch lebendige Bilder und Kontexte. Zum Beispiel:<\/p>\n\n\n\n<p>\u706b\u8f66 &#8211; Hu\u01d2ch\u0113 &#8211; &#8222;Zug&#8220; (w\u00f6rtlich: &#8222;Feuerfahrzeug&#8220;)<br\/>\u7535\u8bdd &#8211; Di\u00e0nhu\u00e0 &#8211; &#8222;Telefon&#8220; (w\u00f6rtlich: &#8222;elektrische Sprache&#8220;)<\/p>\n\n\n\n<p>Wenn Sie die Bedeutung der einzelnen Zeichen verstehen, k\u00f6nnen Sie die Bedeutung von zusammengesetzten W\u00f6rtern, die Sie noch nie zuvor gesehen haben, leicht erschlie\u00dfen.<\/p>\n\n\n\n<h3 class=\"wp-block-heading\" id=\"h-5-no-tenses-no-problem\">5. Keine Zeitformen? Kein Problem!<\/h3>\n\n\n\n<p>Einer der erfrischendsten Aspekte des Chinesischen ist das Fehlen von Verbkonjugationen f\u00fcr verschiedene Zeitformen. Aber wie dr\u00fcckt man Zeit aus? Einfach! F\u00fcgen Sie einfach W\u00f6rter ein, die den Zeitrahmen angeben, wie z. B.:<\/p>\n\n\n\n<p>\u6628\u5929 &#8211; Zu\u00f3ti\u0101n &#8211; &#8222;gestern&#8220;<br\/>\u660e\u5929 &#8211; M\u00edngti\u0101n &#8211; &#8222;morgen&#8220;<\/p>\n\n\n\n<p><strong>Zum Beispiel:<\/strong><\/p>\n\n\n\n<p>\u6211\u6628\u5929\u5403\u4e86\u996d\u3002W\u01d2 zu\u00f3ti\u0101n ch\u012b le f\u00e0n. &#8211; &#8222;Ich habe gestern etwas gegessen.&#8220;<br\/>\u6211\u660e\u5929\u5403\u996d\u3002W\u01d2 m\u00edngti\u0101n ch\u012b f\u00e0n. &#8211; &#8222;Ich werde morgen etwas essen.&#8220;<\/p>\n\n\n\n<p>Herzlichen Gl\u00fcckwunsch! Sie haben die ersten Schritte zur Beherrschung der chinesischen Grammatik gemacht. Denken Sie daran: \u00dcbung macht den Meister. Scheuen Sie sich also nicht, neue grammatikalische Strukturen zu erkunden, sich mit Muttersprachlern zu unterhalten und Ihre Grundlagen zu festigen. Die Welt des Mandarin wartet auf Sie &#8211; viel Spa\u00df beim Lernen!<\/p>\n<\/div><\/div>\n\r\n<section class=\"learnNavigationSection\">\r\n            \r\n        <a href=\"https:\/\/talkpal.ai\/de\/chinesisch-lernen\/\">\r\n            <div class=\"learnNavigationWrapper\">\r\n                <div class=\"learnNavigationContent\">\r\n                    <img decoding=\"async\" src=\"https:\/\/talkpal.ai\/wp-content\/uploads\/2024\/08\/Chinese.jpg\" alt=\"Chinese Flag\u00a0\">\r\n                    <div>\r\n                        <h4>\u00dcber Chinesisch lernen<\/h4>\r\n                        <p>Erfahren Sie alles \u00fcber die chinesische Grammatik.<\/p>\r\n                    <\/div>\r\n                <\/div>\r\n            <\/div>\r\n        <\/a>\r\n\r\n        \r\n        <a href=\"https:\/\/talkpal.ai\/de\/chinesische-grammatikuebungen\/\">\r\n            <div class=\"learnNavigationWrapper\">\r\n                <div class=\"learnNavigationContent\">\r\n                    <img decoding=\"async\" src=\"https:\/\/talkpal.ai\/wp-content\/uploads\/2024\/08\/Chinese.jpg\" alt=\"Chinese Flag\u00a0\">\r\n                    <div>\r\n                        <h4>\u00dcbung zur chinesischen Grammatik<\/h4>\r\n                        <p>\u00dcbe die chinesische Grammatik.<\/p>\r\n                    <\/div>\r\n                <\/div>\r\n            <\/div>\r\n        <\/a>\r\n\r\n        \r\n        <a href=\"https:\/\/talkpal.ai\/vocabulary_language\/chinese\/\">\r\n            <div class=\"learnNavigationWrapper\">\r\n                <div class=\"learnNavigationContent\">\r\n                    <img decoding=\"async\" src=\"https:\/\/talkpal.ai\/wp-content\/uploads\/2024\/08\/Chinese.jpg\" alt=\"Chinese Flag\u00a0\">\r\n                    <div>\r\n                        <h4>Chinesischer Wortschatz<\/h4>\r\n                        <p>Erweitern Sie Ihren chinesischen Wortschatz.<\/p>\r\n                    <\/div>\r\n                <\/div>\r\n            <\/div>\r\n        <\/a>\r\n\r\n            <\/section>","protected":false},"excerpt":{"rendered":"<p>Chinesische Grammatik: Der Schl\u00fcssel zur Beherrschung von Mandarin Sind Sie ein ambitionierter Sprachlerner, der sich vorgenommen hat, Mandarin zu beherrschen? Wenn ja, herzlichen Gl\u00fcckwunsch! Chinesisch zu lernen ist eine fantastische M\u00f6glichkeit, Ihre globale Denkweise zu erweitern, mit einer Vielzahl von Sprechern in Kontakt zu treten und sich selbst intellektuell herauszufordern. Mit 1,2 Milliarden Muttersprachlern und [&hellip;]<\/p>\n","protected":false},"author":1,"featured_media":11559,"parent":0,"menu_order":0,"comment_status":"closed","ping_status":"closed","template":"LearningContentPage.php","meta":{"_acf_changed":false,"footnotes":""},"class_list":["post-74455","page","type-page","status-publish","has-post-thumbnail","hentry"],"acf":[],"yoast_head":"<!-- This site is optimized with the Yoast SEO Premium plugin v27.2 (Yoast SEO v27.2) - https:\/\/yoast.com\/product\/yoast-seo-premium-wordpress\/ -->\n<title>Chinesische Grammatik - Talkpal<\/title>\n<meta name=\"description\" content=\"Entschl\u00fcsseln Sie die Geheimnisse der chinesischen Grammatik, um die chinesische Sprache und Kultur besser zu verstehen.\" \/>\n<meta name=\"robots\" content=\"index, follow, max-snippet:-1, max-image-preview:large, max-video-preview:-1\" \/>\n<link rel=\"canonical\" href=\"https:\/\/talkpal.ai\/de\/chinesische-grammatik\/\" \/>\n<meta property=\"og:locale\" content=\"de_DE\" \/>\n<meta property=\"og:type\" content=\"article\" \/>\n<meta property=\"og:title\" content=\"Chinesische Grammatik\" \/>\n<meta property=\"og:description\" content=\"Chinesische Grammatik: Der Schl\u00fcssel zur Beherrschung von Mandarin Sind Sie ein ambitionierter Sprachlerner, der sich vorgenommen hat, Mandarin zu\" \/>\n<meta property=\"og:url\" content=\"https:\/\/talkpal.ai\/de\/chinesische-grammatik\/\" \/>\n<meta property=\"og:site_name\" content=\"Talkpal\" \/>\n<meta property=\"article:publisher\" content=\"https:\/\/www.facebook.com\/profile.php?id=100090733639311\" \/>\n<meta property=\"article:modified_time\" content=\"2025-06-17T16:40:04+00:00\" \/>\n<meta property=\"og:image\" content=\"https:\/\/talkpal.ai\/wp-content\/uploads\/2023\/04\/china.png\" \/>\n\t<meta property=\"og:image:width\" content=\"512\" \/>\n\t<meta property=\"og:image:height\" content=\"512\" \/>\n\t<meta property=\"og:image:type\" content=\"image\/png\" \/>\n<meta name=\"twitter:card\" content=\"summary_large_image\" \/>\n<meta name=\"twitter:site\" content=\"@talkpalai\" \/>\n<meta name=\"twitter:label1\" content=\"Gesch\u00e4tzte Lesezeit\" \/>\n\t<meta name=\"twitter:data1\" content=\"3\u00a0Minuten\" \/>\n<script type=\"application\/ld+json\" class=\"yoast-schema-graph\">{\"@context\":\"https:\/\/schema.org\",\"@graph\":[{\"@type\":\"WebPage\",\"@id\":\"https:\/\/talkpal.ai\/de\/chinesische-grammatik\/\",\"url\":\"https:\/\/talkpal.ai\/de\/chinesische-grammatik\/\",\"name\":\"Chinesische Grammatik - Talkpal\",\"isPartOf\":{\"@id\":\"https:\/\/talkpal.ai\/de\/#website\"},\"primaryImageOfPage\":{\"@id\":\"https:\/\/talkpal.ai\/de\/chinesische-grammatik\/#primaryimage\"},\"image\":{\"@id\":\"https:\/\/talkpal.ai\/de\/chinesische-grammatik\/#primaryimage\"},\"thumbnailUrl\":\"https:\/\/talkpal.ai\/wp-content\/uploads\/2023\/04\/china.png\",\"datePublished\":\"2023-05-14T13:48:36+00:00\",\"dateModified\":\"2025-06-17T16:40:04+00:00\",\"description\":\"Entschl\u00fcsseln Sie die Geheimnisse der chinesischen Grammatik, um die chinesische Sprache und Kultur besser zu verstehen.\",\"breadcrumb\":{\"@id\":\"https:\/\/talkpal.ai\/de\/chinesische-grammatik\/#breadcrumb\"},\"inLanguage\":\"de\",\"potentialAction\":[{\"@type\":\"ReadAction\",\"target\":[\"https:\/\/talkpal.ai\/de\/chinesische-grammatik\/\"]}]},{\"@type\":\"ImageObject\",\"inLanguage\":\"de\",\"@id\":\"https:\/\/talkpal.ai\/de\/chinesische-grammatik\/#primaryimage\",\"url\":\"https:\/\/talkpal.ai\/wp-content\/uploads\/2023\/04\/china.png\",\"contentUrl\":\"https:\/\/talkpal.ai\/wp-content\/uploads\/2023\/04\/china.png\",\"width\":512,\"height\":512},{\"@type\":\"BreadcrumbList\",\"@id\":\"https:\/\/talkpal.ai\/de\/chinesische-grammatik\/#breadcrumb\",\"itemListElement\":[{\"@type\":\"ListItem\",\"position\":1,\"name\":\"Homepage\",\"item\":\"https:\/\/talkpal.ai\/de\/\"},{\"@type\":\"ListItem\",\"position\":2,\"name\":\"Chinesische Grammatik\"}]},{\"@type\":\"WebSite\",\"@id\":\"https:\/\/talkpal.ai\/de\/#website\",\"url\":\"https:\/\/talkpal.ai\/de\/\",\"name\":\"Talkpal\",\"description\":\"AI Language Learning\",\"publisher\":{\"@id\":\"https:\/\/talkpal.ai\/de\/#organization\"},\"alternateName\":\"Talkpal AI\",\"potentialAction\":[{\"@type\":\"SearchAction\",\"target\":{\"@type\":\"EntryPoint\",\"urlTemplate\":\"https:\/\/talkpal.ai\/de\/?s={search_term_string}\"},\"query-input\":{\"@type\":\"PropertyValueSpecification\",\"valueRequired\":true,\"valueName\":\"search_term_string\"}}],\"inLanguage\":\"de\"},{\"@type\":\"Organization\",\"@id\":\"https:\/\/talkpal.ai\/de\/#organization\",\"name\":\"Talkpal, Inc.\",\"alternateName\":\"Talkpal AI\",\"url\":\"https:\/\/talkpal.ai\/de\/\",\"logo\":{\"@type\":\"ImageObject\",\"inLanguage\":\"de\",\"@id\":\"https:\/\/talkpal.ai\/de\/#\/schema\/logo\/image\/\",\"url\":\"https:\/\/talkpal.ai\/wp-content\/uploads\/2024\/03\/Talkpal-Logo-Icon.png\",\"contentUrl\":\"https:\/\/talkpal.ai\/wp-content\/uploads\/2024\/03\/Talkpal-Logo-Icon.png\",\"width\":2880,\"height\":2880,\"caption\":\"Talkpal, Inc.\"},\"image\":{\"@id\":\"https:\/\/talkpal.ai\/de\/#\/schema\/logo\/image\/\"},\"sameAs\":[\"https:\/\/www.facebook.com\/profile.php?id=100090733639311\",\"https:\/\/x.com\/talkpalai\",\"https:\/\/www.linkedin.com\/company\/talkpal\/\",\"https:\/\/www.youtube.com\/@TalkPal\/\",\"https:\/\/www.tiktok.com\/@talkpal\",\"https:\/\/www.instagram.com\/talkpal_ai\/\",\"https:\/\/www.crunchbase.com\/organization\/talkpal-9cde\",\"https:\/\/www.g2.com\/products\/talkpal-for-business\/\",\"https:\/\/www.trustpilot.com\/review\/talkpal.ai\",\"https:\/\/www.capterra.com\/p\/10006800\/TalkPal\/\"],\"description\":\"Talkpal is a language learning web and mobile education app, powered by the latest AI technologies, that provides engaging experiences to its customers in many different languages to help them improve their language skills. Users can chat about unlimited amount of topics with the app and use other modes to practice their language learning.\",\"email\":\"support@talkpal.ai\",\"legalName\":\"Talkpal, Inc.\",\"foundingDate\":\"2023-04-03\",\"duns\":\"118989042\",\"numberOfEmployees\":{\"@type\":\"QuantitativeValue\",\"minValue\":\"11\",\"maxValue\":\"50\"},\"publishingPrinciples\":\"https:\/\/talkpal.ai\/publishing-principles\/\",\"actionableFeedbackPolicy\":\"https:\/\/talkpal.ai\/actionable-feedback-policy\/\",\"correctionsPolicy\":\"https:\/\/talkpal.ai\/corrections-policy\/\",\"ethicsPolicy\":\"https:\/\/talkpal.ai\/ethics-policy\/\",\"diversityPolicy\":\"https:\/\/talkpal.ai\/diversity-policy\/\",\"diversityStaffingReport\":\"https:\/\/talkpal.ai\/diversity-policy\/\"}]}<\/script>\n<!-- \/ Yoast SEO Premium plugin. -->","yoast_head_json":{"title":"Chinesische Grammatik - Talkpal","description":"Entschl\u00fcsseln Sie die Geheimnisse der chinesischen Grammatik, um die chinesische Sprache und Kultur besser zu verstehen.","robots":{"index":"index","follow":"follow","max-snippet":"max-snippet:-1","max-image-preview":"max-image-preview:large","max-video-preview":"max-video-preview:-1"},"canonical":"https:\/\/talkpal.ai\/de\/chinesische-grammatik\/","og_locale":"de_DE","og_type":"article","og_title":"Chinesische Grammatik","og_description":"Chinesische Grammatik: Der Schl\u00fcssel zur Beherrschung von Mandarin Sind Sie ein ambitionierter Sprachlerner, der sich vorgenommen hat, Mandarin zu","og_url":"https:\/\/talkpal.ai\/de\/chinesische-grammatik\/","og_site_name":"Talkpal","article_publisher":"https:\/\/www.facebook.com\/profile.php?id=100090733639311","article_modified_time":"2025-06-17T16:40:04+00:00","og_image":[{"width":512,"height":512,"url":"https:\/\/talkpal.ai\/wp-content\/uploads\/2023\/04\/china.png","type":"image\/png"}],"twitter_card":"summary_large_image","twitter_site":"@talkpalai","twitter_misc":{"Gesch\u00e4tzte Lesezeit":"3\u00a0Minuten"},"schema":{"@context":"https:\/\/schema.org","@graph":[{"@type":"WebPage","@id":"https:\/\/talkpal.ai\/de\/chinesische-grammatik\/","url":"https:\/\/talkpal.ai\/de\/chinesische-grammatik\/","name":"Chinesische Grammatik - Talkpal","isPartOf":{"@id":"https:\/\/talkpal.ai\/de\/#website"},"primaryImageOfPage":{"@id":"https:\/\/talkpal.ai\/de\/chinesische-grammatik\/#primaryimage"},"image":{"@id":"https:\/\/talkpal.ai\/de\/chinesische-grammatik\/#primaryimage"},"thumbnailUrl":"https:\/\/talkpal.ai\/wp-content\/uploads\/2023\/04\/china.png","datePublished":"2023-05-14T13:48:36+00:00","dateModified":"2025-06-17T16:40:04+00:00","description":"Entschl\u00fcsseln Sie die Geheimnisse der chinesischen Grammatik, um die chinesische Sprache und Kultur besser zu verstehen.","breadcrumb":{"@id":"https:\/\/talkpal.ai\/de\/chinesische-grammatik\/#breadcrumb"},"inLanguage":"de","potentialAction":[{"@type":"ReadAction","target":["https:\/\/talkpal.ai\/de\/chinesische-grammatik\/"]}]},{"@type":"ImageObject","inLanguage":"de","@id":"https:\/\/talkpal.ai\/de\/chinesische-grammatik\/#primaryimage","url":"https:\/\/talkpal.ai\/wp-content\/uploads\/2023\/04\/china.png","contentUrl":"https:\/\/talkpal.ai\/wp-content\/uploads\/2023\/04\/china.png","width":512,"height":512},{"@type":"BreadcrumbList","@id":"https:\/\/talkpal.ai\/de\/chinesische-grammatik\/#breadcrumb","itemListElement":[{"@type":"ListItem","position":1,"name":"Homepage","item":"https:\/\/talkpal.ai\/de\/"},{"@type":"ListItem","position":2,"name":"Chinesische Grammatik"}]},{"@type":"WebSite","@id":"https:\/\/talkpal.ai\/de\/#website","url":"https:\/\/talkpal.ai\/de\/","name":"Talkpal","description":"AI Language Learning","publisher":{"@id":"https:\/\/talkpal.ai\/de\/#organization"},"alternateName":"Talkpal AI","potentialAction":[{"@type":"SearchAction","target":{"@type":"EntryPoint","urlTemplate":"https:\/\/talkpal.ai\/de\/?s={search_term_string}"},"query-input":{"@type":"PropertyValueSpecification","valueRequired":true,"valueName":"search_term_string"}}],"inLanguage":"de"},{"@type":"Organization","@id":"https:\/\/talkpal.ai\/de\/#organization","name":"Talkpal, Inc.","alternateName":"Talkpal AI","url":"https:\/\/talkpal.ai\/de\/","logo":{"@type":"ImageObject","inLanguage":"de","@id":"https:\/\/talkpal.ai\/de\/#\/schema\/logo\/image\/","url":"https:\/\/talkpal.ai\/wp-content\/uploads\/2024\/03\/Talkpal-Logo-Icon.png","contentUrl":"https:\/\/talkpal.ai\/wp-content\/uploads\/2024\/03\/Talkpal-Logo-Icon.png","width":2880,"height":2880,"caption":"Talkpal, Inc."},"image":{"@id":"https:\/\/talkpal.ai\/de\/#\/schema\/logo\/image\/"},"sameAs":["https:\/\/www.facebook.com\/profile.php?id=100090733639311","https:\/\/x.com\/talkpalai","https:\/\/www.linkedin.com\/company\/talkpal\/","https:\/\/www.youtube.com\/@TalkPal\/","https:\/\/www.tiktok.com\/@talkpal","https:\/\/www.instagram.com\/talkpal_ai\/","https:\/\/www.crunchbase.com\/organization\/talkpal-9cde","https:\/\/www.g2.com\/products\/talkpal-for-business\/","https:\/\/www.trustpilot.com\/review\/talkpal.ai","https:\/\/www.capterra.com\/p\/10006800\/TalkPal\/"],"description":"Talkpal is a language learning web and mobile education app, powered by the latest AI technologies, that provides engaging experiences to its customers in many different languages to help them improve their language skills. Users can chat about unlimited amount of topics with the app and use other modes to practice their language learning.","email":"support@talkpal.ai","legalName":"Talkpal, Inc.","foundingDate":"2023-04-03","duns":"118989042","numberOfEmployees":{"@type":"QuantitativeValue","minValue":"11","maxValue":"50"},"publishingPrinciples":"https:\/\/talkpal.ai\/publishing-principles\/","actionableFeedbackPolicy":"https:\/\/talkpal.ai\/actionable-feedback-policy\/","correctionsPolicy":"https:\/\/talkpal.ai\/corrections-policy\/","ethicsPolicy":"https:\/\/talkpal.ai\/ethics-policy\/","diversityPolicy":"https:\/\/talkpal.ai\/diversity-policy\/","diversityStaffingReport":"https:\/\/talkpal.ai\/diversity-policy\/"}]}},"_links":{"self":[{"href":"https:\/\/talkpal.ai\/de\/wp-json\/wp\/v2\/pages\/74455","targetHints":{"allow":["GET"]}}],"collection":[{"href":"https:\/\/talkpal.ai\/de\/wp-json\/wp\/v2\/pages"}],"about":[{"href":"https:\/\/talkpal.ai\/de\/wp-json\/wp\/v2\/types\/page"}],"author":[{"embeddable":true,"href":"https:\/\/talkpal.ai\/de\/wp-json\/wp\/v2\/users\/1"}],"replies":[{"embeddable":true,"href":"https:\/\/talkpal.ai\/de\/wp-json\/wp\/v2\/comments?post=74455"}],"version-history":[{"count":0,"href":"https:\/\/talkpal.ai\/de\/wp-json\/wp\/v2\/pages\/74455\/revisions"}],"wp:featuredmedia":[{"embeddable":true,"href":"https:\/\/talkpal.ai\/de\/wp-json\/wp\/v2\/media\/11559"}],"wp:attachment":[{"href":"https:\/\/talkpal.ai\/de\/wp-json\/wp\/v2\/media?parent=74455"}],"curies":[{"name":"wp","href":"https:\/\/api.w.org\/{rel}","templated":true}]}}