{"id":74388,"date":"2023-05-14T13:43:38","date_gmt":"2023-05-14T13:43:38","guid":{"rendered":"http:\/\/talkpal.ai\/arabische-grammatik\/"},"modified":"2025-05-21T11:48:46","modified_gmt":"2025-05-21T11:48:46","slug":"arabische-grammatik","status":"publish","type":"page","link":"https:\/\/talkpal.ai\/de\/arabische-grammatik\/","title":{"rendered":"Arabische Grammatik"},"content":{"rendered":"\r\n\r\n\r\n<section class=\"languageChallengeSection\">\r\n    <div class=\"languageInfoWrapper\">\r\n        \r\n        <h1>Arabische Grammatik<\/h1>\r\n        <p>Verbessern Sie Ihre Arabischkenntnisse, indem Sie die wichtigsten Grammatikkonzepte und klare, schrittweise Erkl\u00e4rungen erkunden. Fangen Sie jetzt an, die arabische <a href=\"https:\/\/talkpal.ai\/fr\/les\/\">Grammatik<\/a> zu beherrschen, und kommunizieren Sie flie\u00dfend und sicher!<\/p>\r\n\r\n                            <a class=\"getStartedHidden\" href=\"https:\/\/app.talkpal.ai\/de\/signup?lng=\">Leg los<\/a>\r\n        \r\n    <\/div>\r\n\r\n    <figure>\r\n    <img decoding=\"async\" width=\"768\" height=\"768\" src=\"https:\/\/talkpal.ai\/wp-content\/uploads\/2023\/06\/arabic-768x768.png\" class=\"languageImage no-lazy\" alt=\"Default alt text\" fetchpriority=\"high\" sizes=\"(max-width: 768px) 150px, 768px\" srcset=\"https:\/\/talkpal.ai\/wp-content\/uploads\/2023\/06\/arabic-768x768.png 768w, https:\/\/talkpal.ai\/wp-content\/uploads\/2023\/06\/arabic-300x300.png 300w\" \/>\r\n    \r\n\r\n    <\/figure>\r\n\r\n            <a class=\"getStartedVisible\" href=\"https:\/\/app.talkpal.ai\/de\/signup?lng=\">Leg los<\/a>\r\n    \r\n<\/section>\r\n        <section class=\"grammarSection\">\r\n            <div class=\"grammarLinks\">\r\n                <a href=\"https:\/\/talkpal.ai\/de\/language\/adjektive-arabische-grammatik\/\">Adjektive <\/a><a href=\"https:\/\/talkpal.ai\/de\/language\/adverbien-arabische-grammatik\/\">Adverbien <\/a><a href=\"https:\/\/talkpal.ai\/de\/language\/artikel-arabische-grammatik\/\">Artikel <\/a><a href=\"https:\/\/talkpal.ai\/de\/language\/bestimmte-und-unbestimmte-artikel-arabische-grammatik\/\">Bestimmte und unbestimmte Artikel <\/a><a href=\"https:\/\/talkpal.ai\/de\/language\/idaafa-genitivkonstruktion-arabische-grammatik\/\">Idaafa (Genitivkonstruktion) <\/a><a href=\"https:\/\/talkpal.ai\/de\/language\/indikativ-der-zeitformen-arabische-grammatik\/\">Indikativ der Zeitformen <\/a><a href=\"https:\/\/talkpal.ai\/de\/language\/konjunktiv-der-zeitformen-arabische-grammatik\/\">Konjunktiv der Zeitformen <\/a><a href=\"https:\/\/talkpal.ai\/de\/language\/nominal-und-verbalsatze-arabische-grammatik\/\">Nominal<\/a><a href=\"https:\/\/talkpal.ai\/de\/language\/prapositionen-arabische-grammatik\/\">Pr\u00e4positionen <\/a><a href=\"https:\/\/talkpal.ai\/de\/language\/pronomen-arabische-grammatik\/\">Pronomen <\/a><a href=\"https:\/\/talkpal.ai\/de\/language\/satzbau-arabische-grammatik\/\">Satzbau <\/a><a href=\"https:\/\/talkpal.ai\/de\/language\/subjekt-und-pradikat-arabische-grammatik\/\">Subjekt und Pr\u00e4dikat <\/a><a href=\"https:\/\/talkpal.ai\/de\/language\/substantive-arabische-grammatik\/\">Substantive <\/a><a href=\"https:\/\/talkpal.ai\/de\/language\/verben-arabische-grammatik\/\">Verben <\/a><a href=\"https:\/\/talkpal.ai\/de\/language\/zeitvergleich-arabische-grammatik\/\">Zeitvergleich <\/a>            <\/div>\r\n        <\/section>\r\n    <section class=\"promotionalBanner\">\r\n    <p class=\"promotionalText\">Der effizienteste Weg, eine Sprache zu lernen<\/p>\r\n    <a class=\"promotionalLink\" href=\"https:\/\/app.talkpal.ai\/de\/signup?lng=\">Talkpal kostenlos<\/a>\r\n<\/section>\n<div class=\"wp-block-group pageContainerStyle\"><div class=\"wp-block-group__inner-container is-layout-constrained wp-block-group-is-layout-constrained\">\n<h2 class=\"wp-block-heading\" id=\"h-the-intricacies-of-arabic-grammar-a-journey-through-its-roots-and-beauty\">Die Feinheiten der arabischen Grammatik: Eine Reise durch ihre Wurzeln und ihre Sch\u00f6nheit<\/h2>\n\n\n\n<p><strong>Erinnerst du dich, als du anfingst, englische Grammatik zu lernen?<\/strong>  Die scheinbar endlosen Regeln, Ausnahmen und Terminologien haben Sie vielleicht manchmal \u00fcberfordert. Wenn Sie mit dem Gedanken spielen, die arabische Sprache zu lernen, sollten Sie wissen, dass auch diese Sprache ein einzigartiges und kompliziertes Grammatiksystem hat. Lassen Sie uns also eine kurze, aber erhellende Reise durch die Wurzeln und die Sch\u00f6nheit der arabischen Grammatik unternehmen.<\/p>\n\n\n\n<p>Lassen Sie uns zun\u00e4chst einige <strong>wichtige Unterschiede zwischen der arabischen und der englischen Grammatik<\/strong> feststellen <strong>.<\/strong> Im Arabischen werden die W\u00f6rter in drei Kategorien eingeteilt: Substantive, Verben und <a href=\"https:\/\/talkpal.ai\/ja\/grammar\/%e7%b2%92%e5%ad%90%e3%81%b8\/\">Partikel<\/a>. Im Gegensatz zum Englischen folgen arabische W\u00f6rter einem Wurzelsystem, was bedeutet, dass Sie die Kernbedeutung eines Wortes verfolgen k\u00f6nnen, indem Sie seine Wurzel identifizieren. Dieses Wurzelsystem verleiht dem Arabischen ein au\u00dfergew\u00f6hnliches Ma\u00df an Tiefe und Reichtum. Das Unglaubliche an der arabischen Grammatik ist, dass sie sich auf Muster st\u00fctzt, die es den Sprechern oft erm\u00f6glichen, neue W\u00f6rter zu bilden, indem sie bestimmten Strukturen folgen.<\/p>\n\n\n\n<p>Ein weiterer wichtiger Aspekt der <strong>arabischen Grammatik ist, dass es sich um eine geschlechtsspezifische Sprache handelt<\/strong>, was bedeutet, dass Substantive und Adjektive geschlechtsspezifische Formen haben. Wussten Sie, dass es im Arabischen neben der Singular- und Pluralform sogar noch eine Doppelform gibt? Es ist wahr! Die arabische Doppelform wird verwendet, um Paare wie Augen, H\u00e4nde oder Eltern anzuzeigen. Es f\u00fcgt eine zus\u00e4tzliche Ebene der Spezifit\u00e4t hinzu, die der englischen Sprache fehlt.<\/p>\n\n\n\n<p>Lassen Sie uns nun \u00fcber die <strong>Konjugation von Verben im Arabischen<\/strong> sprechen, die eine ganz neue Welt f\u00fcr sich ist. Arabische Verben basieren auf einem System von Wurzeln, die in der Regel aus drei Kernkonsonanten bestehen. Die Wurzel bestimmt die grundlegende Bedeutung des Verbs, und durch das Hinzuf\u00fcgen von Vokalmustern erstellst du verschiedene Formen des Verbs, die unterschiedliche Bedeutungen und <a href=\"https:\/\/talkpal.ai\/zh-hans\/grammar_exercises\/zeitformen-%e5%be%b7%e5%9b%bd%e8%af%ad%e6%b3%95%e7%bb%83%e4%b9%a0\/\">Zeitformen<\/a> ausdr\u00fccken. Zum Beispiel kann das \u00c4ndern der Vokale in einer Wurzel die Zeitform von der Vergangenheit in die Gegenwart \u00e4ndern oder ein aktives Verb in ein passives Verb verwandeln. Ziemlich erstaunlich, oder?<\/p>\n\n\n\n<p>Ein weiterer faszinierender Aspekt der arabischen Grammatik, \u00fcber den wir sprechen m\u00fcssen, ist <strong>die Bestimmtheit<\/strong>. Im Englischen verwenden wir das Wort &#8222;the&#8220;, um anzuzeigen, dass ein Substantiv definitiv ist. Im Arabischen ist dieses Konzept in der Sprache durch ein kleines Partikel namens &#8222;Al-&#8220; verankert, das an den Anfang eines Wortes angeh\u00e4ngt wird. Wenn einem Substantiv ein &#8222;Al-&#8220; vorangestellt wird, wird es ohne zus\u00e4tzliche Qualifizierer definitiv. Anstatt also zu sagen &#8222;das Haus ist gro\u00df&#8220;, w\u00fcrden Sie auf Arabisch sagen &#8222;Al-baytu kabir&#8220;, wobei &#8222;Al-baytu&#8220; &#8222;das Haus&#8220; bedeutet.<\/p>\n\n\n\n<p><strong>Konversationsarabisch<\/strong> ist dynamischer und fl\u00fcssiger als formales Arabisch, wie es bei jeder anderen Sprache der Fall ist. Die Beherrschung der Grundprinzipien der arabischen Grammatik ist jedoch nach wie vor unerl\u00e4sslich, um die Sprache wirklich zu verstehen und zu sch\u00e4tzen. Sobald du den Dreh raus hast mit den Wurzelmustern, Geschlechtsformen und Verbkonjugationen, wird es viel einfacher, neue W\u00f6rter zu erkennen und zu lernen.<\/p>\n\n\n\n<p>Das <strong>Erlernen der arabischen Grammatik<\/strong> mag anfangs entmutigend erscheinen, aber mit Ausdauer und Hingabe werden Sie die Sch\u00f6nheit dieser komplizierten Sprache zu sch\u00e4tzen wissen. Genau wie beim L\u00f6sen eines komplexen R\u00e4tsels oder dem Entschl\u00fcsseln eines verschl\u00fcsselten Codes liegt die Belohnung in der Befriedigung, die Geheimnisse der arabischen Sprache zu entschl\u00fcsseln und in ihre reiche Kultur, Geschichte und Literatur einzutauchen. Also, worauf wartest du noch? Tauchen Sie ein in die zauberhafte Welt der arabischen Grammatik und entdecken Sie ihr wahres Wesen f\u00fcr sich.<\/p>\n<\/div><\/div>\n\r\n<section class=\"learnNavigationSection\">\r\n            \r\n        <a href=\"https:\/\/talkpal.ai\/de\/arabisch-lernen\/\">\r\n            <div class=\"learnNavigationWrapper\">\r\n                <div class=\"learnNavigationContent\">\r\n                    <img decoding=\"async\" src=\"https:\/\/talkpal.ai\/wp-content\/uploads\/2024\/08\/Arabic.jpg\" alt=\"Arabic Flag\">\r\n                    <div>\r\n                        <h4>\u00dcber Arabisch lernen<\/h4>\r\n                        <p>Erfahren Sie alles \u00fcber die arabische Grammatik.<\/p>\r\n                    <\/div>\r\n                <\/div>\r\n            <\/div>\r\n        <\/a>\r\n\r\n        \r\n        <a href=\"https:\/\/talkpal.ai\/de\/arabische-grammatikuebungen\/\">\r\n            <div class=\"learnNavigationWrapper\">\r\n                <div class=\"learnNavigationContent\">\r\n                    <img decoding=\"async\" src=\"https:\/\/talkpal.ai\/wp-content\/uploads\/2024\/08\/Arabic.jpg\" alt=\"Arabic Flag\">\r\n                    <div>\r\n                        <h4>Arabische Grammatik \u00dcbung<\/h4>\r\n                        <p>\u00dcbe die arabische Grammatik .<\/p>\r\n                    <\/div>\r\n                <\/div>\r\n            <\/div>\r\n        <\/a>\r\n\r\n        \r\n        <a href=\"https:\/\/talkpal.ai\/vocabulary_language\/arabic\/\">\r\n            <div class=\"learnNavigationWrapper\">\r\n                <div class=\"learnNavigationContent\">\r\n                    <img decoding=\"async\" src=\"https:\/\/talkpal.ai\/wp-content\/uploads\/2024\/08\/Arabic.jpg\" alt=\"Arabic Flag\">\r\n                    <div>\r\n                        <h4>Arabischer Wortschatz<\/h4>\r\n                        <p>Erweitern Sie Ihren arabischen Wortschatz.<\/p>\r\n                    <\/div>\r\n                <\/div>\r\n            <\/div>\r\n        <\/a>\r\n\r\n            <\/section>","protected":false},"excerpt":{"rendered":"<p>Die Feinheiten der arabischen Grammatik: Eine Reise durch ihre Wurzeln und ihre Sch\u00f6nheit Erinnerst du dich, als du anfingst, englische Grammatik zu lernen? Die scheinbar endlosen Regeln, Ausnahmen und Terminologien haben Sie vielleicht manchmal \u00fcberfordert. Wenn Sie mit dem Gedanken spielen, die arabische Sprache zu lernen, sollten Sie wissen, dass auch diese Sprache ein einzigartiges [&hellip;]<\/p>\n","protected":false},"author":1,"featured_media":11552,"parent":0,"menu_order":0,"comment_status":"closed","ping_status":"closed","template":"LearningContentPage.php","meta":{"_acf_changed":false,"footnotes":""},"class_list":["post-74388","page","type-page","status-publish","has-post-thumbnail","hentry"],"acf":[],"yoast_head":"<!-- This site is optimized with the Yoast SEO Premium plugin v27.2 (Yoast SEO v27.2) - https:\/\/yoast.com\/product\/yoast-seo-premium-wordpress\/ -->\n<title>Arabische Grammatik - Talkpal<\/title>\n<meta name=\"description\" content=\"Erforschen Sie die Feinheiten der arabischen Grammatik und entdecken Sie ihre einzigartige Struktur im Vergleich zur englischen Grammatik.\" \/>\n<meta name=\"robots\" content=\"index, follow, max-snippet:-1, max-image-preview:large, max-video-preview:-1\" \/>\n<link rel=\"canonical\" href=\"https:\/\/talkpal.ai\/de\/arabische-grammatik\/\" \/>\n<meta property=\"og:locale\" content=\"de_DE\" \/>\n<meta property=\"og:type\" content=\"article\" \/>\n<meta property=\"og:title\" content=\"Arabische Grammatik\" \/>\n<meta property=\"og:description\" content=\"Die Feinheiten der arabischen Grammatik: Eine Reise durch ihre Wurzeln und ihre Sch\u00f6nheit Erinnerst du dich, als du anfingst, englische Grammatik zu\" \/>\n<meta property=\"og:url\" content=\"https:\/\/talkpal.ai\/de\/arabische-grammatik\/\" \/>\n<meta property=\"og:site_name\" content=\"Talkpal\" \/>\n<meta property=\"article:publisher\" content=\"https:\/\/www.facebook.com\/profile.php?id=100090733639311\" \/>\n<meta property=\"article:modified_time\" content=\"2025-05-21T11:48:46+00:00\" \/>\n<meta property=\"og:image\" content=\"https:\/\/talkpal.ai\/wp-content\/uploads\/2023\/04\/arabic-united-arab-emirates.png\" \/>\n\t<meta property=\"og:image:width\" content=\"512\" \/>\n\t<meta property=\"og:image:height\" content=\"512\" \/>\n\t<meta property=\"og:image:type\" content=\"image\/png\" \/>\n<meta name=\"twitter:card\" content=\"summary_large_image\" \/>\n<meta name=\"twitter:site\" content=\"@talkpalai\" \/>\n<meta name=\"twitter:label1\" content=\"Gesch\u00e4tzte Lesezeit\" \/>\n\t<meta name=\"twitter:data1\" content=\"3\u00a0Minuten\" \/>\n<script type=\"application\/ld+json\" class=\"yoast-schema-graph\">{\"@context\":\"https:\/\/schema.org\",\"@graph\":[{\"@type\":\"WebPage\",\"@id\":\"https:\/\/talkpal.ai\/de\/arabische-grammatik\/\",\"url\":\"https:\/\/talkpal.ai\/de\/arabische-grammatik\/\",\"name\":\"Arabische Grammatik - Talkpal\",\"isPartOf\":{\"@id\":\"https:\/\/talkpal.ai\/de\/#website\"},\"primaryImageOfPage\":{\"@id\":\"https:\/\/talkpal.ai\/de\/arabische-grammatik\/#primaryimage\"},\"image\":{\"@id\":\"https:\/\/talkpal.ai\/de\/arabische-grammatik\/#primaryimage\"},\"thumbnailUrl\":\"https:\/\/talkpal.ai\/wp-content\/uploads\/2023\/04\/arabic-united-arab-emirates.png\",\"datePublished\":\"2023-05-14T13:43:38+00:00\",\"dateModified\":\"2025-05-21T11:48:46+00:00\",\"description\":\"Erforschen Sie die Feinheiten der arabischen Grammatik und entdecken Sie ihre einzigartige Struktur im Vergleich zur englischen Grammatik.\",\"breadcrumb\":{\"@id\":\"https:\/\/talkpal.ai\/de\/arabische-grammatik\/#breadcrumb\"},\"inLanguage\":\"de\",\"potentialAction\":[{\"@type\":\"ReadAction\",\"target\":[\"https:\/\/talkpal.ai\/de\/arabische-grammatik\/\"]}]},{\"@type\":\"ImageObject\",\"inLanguage\":\"de\",\"@id\":\"https:\/\/talkpal.ai\/de\/arabische-grammatik\/#primaryimage\",\"url\":\"https:\/\/talkpal.ai\/wp-content\/uploads\/2023\/04\/arabic-united-arab-emirates.png\",\"contentUrl\":\"https:\/\/talkpal.ai\/wp-content\/uploads\/2023\/04\/arabic-united-arab-emirates.png\",\"width\":512,\"height\":512},{\"@type\":\"BreadcrumbList\",\"@id\":\"https:\/\/talkpal.ai\/de\/arabische-grammatik\/#breadcrumb\",\"itemListElement\":[{\"@type\":\"ListItem\",\"position\":1,\"name\":\"Homepage\",\"item\":\"https:\/\/talkpal.ai\/de\/\"},{\"@type\":\"ListItem\",\"position\":2,\"name\":\"Arabische Grammatik\"}]},{\"@type\":\"WebSite\",\"@id\":\"https:\/\/talkpal.ai\/de\/#website\",\"url\":\"https:\/\/talkpal.ai\/de\/\",\"name\":\"Talkpal\",\"description\":\"AI Language Learning\",\"publisher\":{\"@id\":\"https:\/\/talkpal.ai\/de\/#organization\"},\"alternateName\":\"Talkpal AI\",\"potentialAction\":[{\"@type\":\"SearchAction\",\"target\":{\"@type\":\"EntryPoint\",\"urlTemplate\":\"https:\/\/talkpal.ai\/de\/?s={search_term_string}\"},\"query-input\":{\"@type\":\"PropertyValueSpecification\",\"valueRequired\":true,\"valueName\":\"search_term_string\"}}],\"inLanguage\":\"de\"},{\"@type\":\"Organization\",\"@id\":\"https:\/\/talkpal.ai\/de\/#organization\",\"name\":\"Talkpal, Inc.\",\"alternateName\":\"Talkpal AI\",\"url\":\"https:\/\/talkpal.ai\/de\/\",\"logo\":{\"@type\":\"ImageObject\",\"inLanguage\":\"de\",\"@id\":\"https:\/\/talkpal.ai\/de\/#\/schema\/logo\/image\/\",\"url\":\"https:\/\/talkpal.ai\/wp-content\/uploads\/2024\/03\/Talkpal-Logo-Icon.png\",\"contentUrl\":\"https:\/\/talkpal.ai\/wp-content\/uploads\/2024\/03\/Talkpal-Logo-Icon.png\",\"width\":2880,\"height\":2880,\"caption\":\"Talkpal, Inc.\"},\"image\":{\"@id\":\"https:\/\/talkpal.ai\/de\/#\/schema\/logo\/image\/\"},\"sameAs\":[\"https:\/\/www.facebook.com\/profile.php?id=100090733639311\",\"https:\/\/x.com\/talkpalai\",\"https:\/\/www.linkedin.com\/company\/talkpal\/\",\"https:\/\/www.youtube.com\/@TalkPal\/\",\"https:\/\/www.tiktok.com\/@talkpal\",\"https:\/\/www.instagram.com\/talkpal_ai\/\",\"https:\/\/www.crunchbase.com\/organization\/talkpal-9cde\",\"https:\/\/www.g2.com\/products\/talkpal-for-business\/\",\"https:\/\/www.trustpilot.com\/review\/talkpal.ai\",\"https:\/\/www.capterra.com\/p\/10006800\/TalkPal\/\"],\"description\":\"Talkpal is a language learning web and mobile education app, powered by the latest AI technologies, that provides engaging experiences to its customers in many different languages to help them improve their language skills. Users can chat about unlimited amount of topics with the app and use other modes to practice their language learning.\",\"email\":\"support@talkpal.ai\",\"legalName\":\"Talkpal, Inc.\",\"foundingDate\":\"2023-04-03\",\"duns\":\"118989042\",\"numberOfEmployees\":{\"@type\":\"QuantitativeValue\",\"minValue\":\"11\",\"maxValue\":\"50\"},\"publishingPrinciples\":\"https:\/\/talkpal.ai\/publishing-principles\/\",\"actionableFeedbackPolicy\":\"https:\/\/talkpal.ai\/actionable-feedback-policy\/\",\"correctionsPolicy\":\"https:\/\/talkpal.ai\/corrections-policy\/\",\"ethicsPolicy\":\"https:\/\/talkpal.ai\/ethics-policy\/\",\"diversityPolicy\":\"https:\/\/talkpal.ai\/diversity-policy\/\",\"diversityStaffingReport\":\"https:\/\/talkpal.ai\/diversity-policy\/\"}]}<\/script>\n<!-- \/ Yoast SEO Premium plugin. -->","yoast_head_json":{"title":"Arabische Grammatik - Talkpal","description":"Erforschen Sie die Feinheiten der arabischen Grammatik und entdecken Sie ihre einzigartige Struktur im Vergleich zur englischen Grammatik.","robots":{"index":"index","follow":"follow","max-snippet":"max-snippet:-1","max-image-preview":"max-image-preview:large","max-video-preview":"max-video-preview:-1"},"canonical":"https:\/\/talkpal.ai\/de\/arabische-grammatik\/","og_locale":"de_DE","og_type":"article","og_title":"Arabische Grammatik","og_description":"Die Feinheiten der arabischen Grammatik: Eine Reise durch ihre Wurzeln und ihre Sch\u00f6nheit Erinnerst du dich, als du anfingst, englische Grammatik zu","og_url":"https:\/\/talkpal.ai\/de\/arabische-grammatik\/","og_site_name":"Talkpal","article_publisher":"https:\/\/www.facebook.com\/profile.php?id=100090733639311","article_modified_time":"2025-05-21T11:48:46+00:00","og_image":[{"width":512,"height":512,"url":"https:\/\/talkpal.ai\/wp-content\/uploads\/2023\/04\/arabic-united-arab-emirates.png","type":"image\/png"}],"twitter_card":"summary_large_image","twitter_site":"@talkpalai","twitter_misc":{"Gesch\u00e4tzte Lesezeit":"3\u00a0Minuten"},"schema":{"@context":"https:\/\/schema.org","@graph":[{"@type":"WebPage","@id":"https:\/\/talkpal.ai\/de\/arabische-grammatik\/","url":"https:\/\/talkpal.ai\/de\/arabische-grammatik\/","name":"Arabische Grammatik - Talkpal","isPartOf":{"@id":"https:\/\/talkpal.ai\/de\/#website"},"primaryImageOfPage":{"@id":"https:\/\/talkpal.ai\/de\/arabische-grammatik\/#primaryimage"},"image":{"@id":"https:\/\/talkpal.ai\/de\/arabische-grammatik\/#primaryimage"},"thumbnailUrl":"https:\/\/talkpal.ai\/wp-content\/uploads\/2023\/04\/arabic-united-arab-emirates.png","datePublished":"2023-05-14T13:43:38+00:00","dateModified":"2025-05-21T11:48:46+00:00","description":"Erforschen Sie die Feinheiten der arabischen Grammatik und entdecken Sie ihre einzigartige Struktur im Vergleich zur englischen Grammatik.","breadcrumb":{"@id":"https:\/\/talkpal.ai\/de\/arabische-grammatik\/#breadcrumb"},"inLanguage":"de","potentialAction":[{"@type":"ReadAction","target":["https:\/\/talkpal.ai\/de\/arabische-grammatik\/"]}]},{"@type":"ImageObject","inLanguage":"de","@id":"https:\/\/talkpal.ai\/de\/arabische-grammatik\/#primaryimage","url":"https:\/\/talkpal.ai\/wp-content\/uploads\/2023\/04\/arabic-united-arab-emirates.png","contentUrl":"https:\/\/talkpal.ai\/wp-content\/uploads\/2023\/04\/arabic-united-arab-emirates.png","width":512,"height":512},{"@type":"BreadcrumbList","@id":"https:\/\/talkpal.ai\/de\/arabische-grammatik\/#breadcrumb","itemListElement":[{"@type":"ListItem","position":1,"name":"Homepage","item":"https:\/\/talkpal.ai\/de\/"},{"@type":"ListItem","position":2,"name":"Arabische Grammatik"}]},{"@type":"WebSite","@id":"https:\/\/talkpal.ai\/de\/#website","url":"https:\/\/talkpal.ai\/de\/","name":"Talkpal","description":"AI Language Learning","publisher":{"@id":"https:\/\/talkpal.ai\/de\/#organization"},"alternateName":"Talkpal AI","potentialAction":[{"@type":"SearchAction","target":{"@type":"EntryPoint","urlTemplate":"https:\/\/talkpal.ai\/de\/?s={search_term_string}"},"query-input":{"@type":"PropertyValueSpecification","valueRequired":true,"valueName":"search_term_string"}}],"inLanguage":"de"},{"@type":"Organization","@id":"https:\/\/talkpal.ai\/de\/#organization","name":"Talkpal, Inc.","alternateName":"Talkpal AI","url":"https:\/\/talkpal.ai\/de\/","logo":{"@type":"ImageObject","inLanguage":"de","@id":"https:\/\/talkpal.ai\/de\/#\/schema\/logo\/image\/","url":"https:\/\/talkpal.ai\/wp-content\/uploads\/2024\/03\/Talkpal-Logo-Icon.png","contentUrl":"https:\/\/talkpal.ai\/wp-content\/uploads\/2024\/03\/Talkpal-Logo-Icon.png","width":2880,"height":2880,"caption":"Talkpal, Inc."},"image":{"@id":"https:\/\/talkpal.ai\/de\/#\/schema\/logo\/image\/"},"sameAs":["https:\/\/www.facebook.com\/profile.php?id=100090733639311","https:\/\/x.com\/talkpalai","https:\/\/www.linkedin.com\/company\/talkpal\/","https:\/\/www.youtube.com\/@TalkPal\/","https:\/\/www.tiktok.com\/@talkpal","https:\/\/www.instagram.com\/talkpal_ai\/","https:\/\/www.crunchbase.com\/organization\/talkpal-9cde","https:\/\/www.g2.com\/products\/talkpal-for-business\/","https:\/\/www.trustpilot.com\/review\/talkpal.ai","https:\/\/www.capterra.com\/p\/10006800\/TalkPal\/"],"description":"Talkpal is a language learning web and mobile education app, powered by the latest AI technologies, that provides engaging experiences to its customers in many different languages to help them improve their language skills. Users can chat about unlimited amount of topics with the app and use other modes to practice their language learning.","email":"support@talkpal.ai","legalName":"Talkpal, Inc.","foundingDate":"2023-04-03","duns":"118989042","numberOfEmployees":{"@type":"QuantitativeValue","minValue":"11","maxValue":"50"},"publishingPrinciples":"https:\/\/talkpal.ai\/publishing-principles\/","actionableFeedbackPolicy":"https:\/\/talkpal.ai\/actionable-feedback-policy\/","correctionsPolicy":"https:\/\/talkpal.ai\/corrections-policy\/","ethicsPolicy":"https:\/\/talkpal.ai\/ethics-policy\/","diversityPolicy":"https:\/\/talkpal.ai\/diversity-policy\/","diversityStaffingReport":"https:\/\/talkpal.ai\/diversity-policy\/"}]}},"_links":{"self":[{"href":"https:\/\/talkpal.ai\/de\/wp-json\/wp\/v2\/pages\/74388","targetHints":{"allow":["GET"]}}],"collection":[{"href":"https:\/\/talkpal.ai\/de\/wp-json\/wp\/v2\/pages"}],"about":[{"href":"https:\/\/talkpal.ai\/de\/wp-json\/wp\/v2\/types\/page"}],"author":[{"embeddable":true,"href":"https:\/\/talkpal.ai\/de\/wp-json\/wp\/v2\/users\/1"}],"replies":[{"embeddable":true,"href":"https:\/\/talkpal.ai\/de\/wp-json\/wp\/v2\/comments?post=74388"}],"version-history":[{"count":0,"href":"https:\/\/talkpal.ai\/de\/wp-json\/wp\/v2\/pages\/74388\/revisions"}],"wp:featuredmedia":[{"embeddable":true,"href":"https:\/\/talkpal.ai\/de\/wp-json\/wp\/v2\/media\/11552"}],"wp:attachment":[{"href":"https:\/\/talkpal.ai\/de\/wp-json\/wp\/v2\/media?parent=74388"}],"curies":[{"name":"wp","href":"https:\/\/api.w.org\/{rel}","templated":true}]}}