{"id":74369,"date":"2023-05-14T13:51:09","date_gmt":"2023-05-14T13:51:09","guid":{"rendered":"http:\/\/talkpal.ai\/japanische-grammatik\/"},"modified":"2025-12-11T16:44:25","modified_gmt":"2025-12-11T16:44:25","slug":"japanische-grammatik","status":"publish","type":"page","link":"https:\/\/talkpal.ai\/de\/japanische-grammatik\/","title":{"rendered":"Japanische Grammatik"},"content":{"rendered":"\r\n\r\n\r\n<section class=\"languageChallengeSection\">\r\n    <div class=\"languageInfoWrapper\">\r\n        \r\n        <h1>Japanische Grammatik<\/h1>\r\n        <p>Verbessern Sie Ihre japanischen Sprachkenntnisse, indem Sie die wichtigsten Grammatikpunkte mit klaren Erkl\u00e4rungen und Beispielen beherrschen. Beginnen Sie Ihre Reise zu flie\u00dfenden Sprachkenntnissen &#8211; lernen Sie noch heute die japanische <a href=\"https:\/\/talkpal.ai\/fr\/les\/\">Grammatik<\/a> kennen!<\/p>\r\n\r\n                            <a class=\"getStartedHidden\" href=\"https:\/\/app.talkpal.ai\/de\/signup?lng=\">Leg los<\/a>\r\n        \r\n    <\/div>\r\n\r\n    <figure>\r\n    <img decoding=\"async\" width=\"768\" height=\"768\" src=\"https:\/\/talkpal.ai\/wp-content\/uploads\/2023\/06\/japanese-768x768.png\" class=\"languageImage no-lazy\" alt=\"Default alt text\" fetchpriority=\"high\" sizes=\"(max-width: 768px) 150px, 768px\" srcset=\"https:\/\/talkpal.ai\/wp-content\/uploads\/2023\/06\/japanese-768x768.png 768w, https:\/\/talkpal.ai\/wp-content\/uploads\/2023\/06\/japanese-300x300.png 300w\" \/>\r\n    \r\n\r\n    <\/figure>\r\n\r\n            <a class=\"getStartedVisible\" href=\"https:\/\/app.talkpal.ai\/de\/signup?lng=\">Leg los<\/a>\r\n    \r\n<\/section>\r\n        <section class=\"grammarSection\">\r\n            <div class=\"grammarLinks\">\r\n                <a href=\"https:\/\/talkpal.ai\/de\/language\/adjektive-japanische-grammatik\/\">Adjektive <\/a><a href=\"https:\/\/talkpal.ai\/de\/language\/adverbien-japanische-grammatik\/\">Adverbien <\/a><a href=\"https:\/\/talkpal.ai\/de\/language\/ausdruecke-japanische-grammatik\/\">Ausdr\u00fccke <\/a><a href=\"https:\/\/talkpal.ai\/de\/language\/ehrentitel-japanische-grammatik\/\">Ehrentitel <\/a><a href=\"https:\/\/talkpal.ai\/de\/language\/konjugation-von-verben-japanische-grammatik\/\">Konjugation von Verben <\/a><a href=\"https:\/\/talkpal.ai\/de\/language\/konjunktionen-japanische-grammatik\/\">Konjunktionen <\/a><a href=\"https:\/\/talkpal.ai\/de\/language\/partikel-japanische-grammatik\/\">Partikel <\/a><a href=\"https:\/\/talkpal.ai\/de\/language\/praepositionen-japanische-grammatik\/\">Pr\u00e4positionen <\/a><a href=\"https:\/\/talkpal.ai\/de\/language\/pronomen-japanische-grammatik\/\">Pronomen <\/a><a href=\"https:\/\/talkpal.ai\/de\/language\/satzbau-japanische-grammatik\/\">Satzbau <\/a><a href=\"https:\/\/talkpal.ai\/de\/language\/substantive-japanische-grammatik\/\">Substantive <\/a><a href=\"https:\/\/talkpal.ai\/de\/language\/verben-japanische-grammatik\/\">Verben <\/a><a href=\"https:\/\/talkpal.ai\/de\/language\/zahlen-japanische-grammatik\/\">Zahlen <\/a><a href=\"https:\/\/talkpal.ai\/de\/language\/zeitformen-japanische-grammatik\/\">Zeitformen <\/a>            <\/div>\r\n        <\/section>\r\n    <section class=\"promotionalBanner\">\r\n    <p class=\"promotionalText\">Der effizienteste Weg, eine Sprache zu lernen<\/p>\r\n    <a class=\"promotionalLink\" href=\"https:\/\/app.talkpal.ai\/de\/signup?lng=\">Talkpal kostenlos<\/a>\r\n<\/section>\n<div class=\"wp-block-group pageContainerStyle\"><div class=\"wp-block-group__inner-container is-layout-constrained wp-block-group-is-layout-constrained\">\n<h2 class=\"wp-block-heading\" id=\"h-mastering-the-intricacies-of-japanese-grammar\">Beherrschung der Feinheiten der japanischen Grammatik<\/h2>\n\n\n\n<p><a href=\"https:\/\/talkpal.ai\/talkpal-discount-for-language-enthusiasts\/\">Sprachbegeisterte<\/a> empfinden <a href=\"https:\/\/talkpal.ai\/learn-japanese\/\">Japanisch<\/a> oft als eine faszinierende und herausfordernde Sprache, die es zu lernen gilt, vor allem aufgrund seines einzigartigen Grammatiksystems. Trotzdem kann das Verst\u00e4ndnis der japanischen Grammatik Ihre Kommunikationsf\u00e4higkeiten und Ihr kulturelles Verst\u00e4ndnis erheblich verbessern. In diesem Artikel werden wir einige wesentliche Aspekte der japanischen Grammatik besprechen, um Ihnen auf Ihrem Weg zum <a href=\"https:\/\/talkpal.ai\/de\/effektives-sprachenlernen-so-gelingt-ihnen-das-schnelle-erlernen-neuer-sprachen\/\">Sprachenlernen<\/a> zu helfen. Also, schnallen Sie sich an und lassen Sie uns in die fesselnde Welt der japanischen Grammatik eintauchen.<\/p>\n\n\n\n<h3 class=\"wp-block-heading\" id=\"h-1-sentence-structure-sov\">1. Satzbau: SOV<\/h3>\n\n\n\n<p>Im Gegensatz zum Englischen (Subjekt &#8211; Verb &#8211; Objekt oder SVO) folgt das Japanische einer Subjekt &#8211; Objekt &#8211; Verb (SOV) Satzstruktur. Das bedeutet, dass das Verb in der Regel an letzter Stelle eines Satzes steht. Der Dreh raus mit dieser einzigartigen Wortstellung ist wichtig, um verst\u00e4ndliche S\u00e4tze auf Japanisch zu bilden.<\/p>\n\n\n\n<p>Beispiel:  <\/p>\n\n\n\n<p>&#8211; \u308f\u305f\u3057\u306f\u308a\u3093\u3054\u3092\u305f\u3079\u307e\u3059\u3002 (Ich esse einen Apfel)<\/p>\n\n\n\n<p>&#8211; Watashi wa ringo o tabemasu. (lit. Ich esse einen Apfel)<\/p>\n\n\n\n<h3 class=\"wp-block-heading\" id=\"h-2-particles-the-sentence-connectors\">2. Partikel: Die Satzkonnektoren<\/h3>\n\n\n\n<p><a href=\"https:\/\/talkpal.ai\/ja\/grammar\/%e7%b2%92%e5%ad%90%e3%81%b8\/\">Partikel<\/a> spielen in der japanischen Grammatik eine entscheidende Rolle, da sie die Funktion eines Wortes innerhalb eines Satzes kennzeichnen. Einige g\u00e4ngige Partikel sind \u306f (wa), \u3092 (o), \u304c (ga), \u3067 (de), und \u306b (ni). Wenn Sie verstehen, wie diese Partikel funktionieren, werden Sie feststellen, dass das Entschl\u00fcsseln und Konstruieren japanischer S\u00e4tze wesentlich einfacher wird.<\/p>\n\n\n\n<h3 class=\"wp-block-heading\" id=\"h-3-verbs-an-introduction-to-conjugation\">3. Verben: Eine Einf\u00fchrung in die Konjugation<\/h3>\n\n\n\n<p><a href=\"https:\/\/talkpal.ai\/de\/grammar\/top-50-japanische-verben-in-der-japanischen-grammatik\/\">Japanische Verben<\/a> lassen sich in drei Hauptgruppen einteilen, die durch die Endung ihrer Grundform gekennzeichnet sind. Diese Gruppen werden bei der Konjugation nach Zeit, H\u00f6flichkeit und Stimmung ber\u00fccksichtigt. Die gute Nachricht ist, dass sich <a href=\"https:\/\/talkpal.ai\/de\/grammar\/top-50-japanische-verben-in-der-japanischen-grammatik\/\">japanische Verben<\/a> nicht je nach Subjekt \u00e4ndern, was sie weniger komplex macht als die in einigen anderen Sprachen.<\/p>\n\n\n\n<p>&#8211; Gruppe 1: U-Verben<\/p>\n\n\n\n<p>&#8211; Gruppe 2: Ru-Verben<\/p>\n\n\n\n<p>&#8211; Gruppe 3: Unregelm\u00e4\u00dfige Verben (nur zwei Verben &#8211; \u3059\u308b (suru) und \u6765\u308b (kuru))<\/p>\n\n\n\n<h3 class=\"wp-block-heading\" id=\"h-4-politeness-levels\">4. Stufen der H\u00f6flichkeit<\/h3>\n\n\n\n<p>Japanisch ist eine Sprache der H\u00f6flichkeit, und die Grammatik der Sprache spiegelt dies wider. Es gibt drei prim\u00e4re H\u00f6flichkeitsstufen: l\u00e4ssig, h\u00f6flich und ehrenhaft. Diese zu erkennen und angemessen zu nutzen, ist essentiell f\u00fcr eine nat\u00fcrliche und respektvolle Kommunikation.<\/p>\n\n\n\n<p>&#8211; Casual: einfache Verbformen (z.B. \u98df\u3079\u308b &#8211; taberu &#8211; essen)<\/p>\n\n\n\n<p>&#8211; H\u00f6flich: \u307e\u3059 (masu) Konjugation (z.B., \u98df\u3079\u307e\u3059 &#8211; tabemasu &#8211; (h\u00f6flich) essen)<\/p>\n\n\n\n<p>&#8211; Ehrentitel: spezielle Konjugationen und Pr\u00e4fixe (z.B. \u304a\u53ec\u3057\u4e0a\u304c\u308a\u306b\u306a\u308b &#8211; omeshiagari ni naru &#8211; essen (Ehrentitel))<\/p>\n\n\n\n<h3 class=\"wp-block-heading\" id=\"h-5-japanese-adjectives\">5. Japanische Adjektive<\/h3>\n\n\n\n<p>Japanische Adjektive gibt es in zwei Arten: i-Adjektive und na-Adjektive. Beide Typen haben eindeutige Konjugationsregeln und interagieren unterschiedlich mit Substantiven. Die Beherrschung der Verwendung dieser beiden Arten von Adjektiven ist entscheidend f\u00fcr eine effektive Kommunikation auf Japanisch.<\/p>\n\n\n\n<h3 class=\"wp-block-heading\" id=\"h-6-engaging-with-the-language\">6. Sich mit der Sprache besch\u00e4ftigen<\/h3>\n\n\n\n<p>Eine der effektivsten M\u00f6glichkeiten, die japanische Grammatik zu lernen, besteht darin, sich konsequent mit der Sprache auseinanderzusetzen. Vom Anschauen japanischer Filme und Anime bis hin zur Teilnahme an Gespr\u00e4chen mit Muttersprachlern wird das Eintauchen in die Sprache dazu beitragen, Grammatikkonzepte zu festigen und Ihren Wortschatz zu erweitern.<\/p>\n\n\n\n<h3 class=\"wp-block-heading\" id=\"h-conclusion\">Schlussfolgerung<\/h3>\n\n\n\n<p>Auch wenn die japanische Grammatik anfangs \u00fcberw\u00e4ltigend erscheinen mag, werden Sie sich mit etwas Engagement und Zeit mit der Komplexit\u00e4t der Sprache zurechtfinden. Der Schl\u00fcssel ist, neugierig zu bleiben und regelm\u00e4\u00dfig zu \u00fcben. Viel Gl\u00fcck auf Ihrem Weg zur Beherrschung der japanischen Grammatik und viel Spa\u00df beim sprachlichen Abenteuer!<\/p>\n<\/div><\/div>\n\r\n<section class=\"learnNavigationSection\">\r\n            \r\n        <a href=\"https:\/\/talkpal.ai\/de\/japanisch-lernen\/\">\r\n            <div class=\"learnNavigationWrapper\">\r\n                <div class=\"learnNavigationContent\">\r\n                    <img decoding=\"async\" src=\"https:\/\/talkpal.ai\/wp-content\/uploads\/2024\/08\/Japanese.jpg\" alt=\"Japanese Flag\">\r\n                    <div>\r\n                        <h4>\u00dcber Japanisch lernen<\/h4>\r\n                        <p>Erfahren Sie alles \u00fcber die japanische Grammatik.<\/p>\r\n                    <\/div>\r\n                <\/div>\r\n            <\/div>\r\n        <\/a>\r\n\r\n        \r\n        <a href=\"https:\/\/talkpal.ai\/de\/japanische-grammatikuebungen\/\">\r\n            <div class=\"learnNavigationWrapper\">\r\n                <div class=\"learnNavigationContent\">\r\n                    <img decoding=\"async\" src=\"https:\/\/talkpal.ai\/wp-content\/uploads\/2024\/08\/Japanese.jpg\" alt=\"Japanese Flag\">\r\n                    <div>\r\n                        <h4>\u00dcbung zur japanischen Grammatik<\/h4>\r\n                        <p>\u00dcbe die japanische Grammatik.<\/p>\r\n                    <\/div>\r\n                <\/div>\r\n            <\/div>\r\n        <\/a>\r\n\r\n        \r\n        <a href=\"https:\/\/talkpal.ai\/vocabulary_language\/japanese\/\">\r\n            <div class=\"learnNavigationWrapper\">\r\n                <div class=\"learnNavigationContent\">\r\n                    <img decoding=\"async\" src=\"https:\/\/talkpal.ai\/wp-content\/uploads\/2024\/08\/Japanese.jpg\" alt=\"Japanese Flag\">\r\n                    <div>\r\n                        <h4>Japanisch Wortschatz<\/h4>\r\n                        <p>Erweitern Sie Ihren japanischen Wortschatz.<\/p>\r\n                    <\/div>\r\n                <\/div>\r\n            <\/div>\r\n        <\/a>\r\n\r\n            <\/section>","protected":false},"excerpt":{"rendered":"<p>Beherrschung der Feinheiten der japanischen Grammatik Sprachbegeisterte empfinden Japanisch oft als eine faszinierende und herausfordernde Sprache, die es zu lernen gilt, vor allem aufgrund seines einzigartigen Grammatiksystems. Trotzdem kann das Verst\u00e4ndnis der japanischen Grammatik Ihre Kommunikationsf\u00e4higkeiten und Ihr kulturelles Verst\u00e4ndnis erheblich verbessern. In diesem Artikel werden wir einige wesentliche Aspekte der japanischen Grammatik besprechen, um [&hellip;]<\/p>\n","protected":false},"author":1,"featured_media":11580,"parent":0,"menu_order":0,"comment_status":"closed","ping_status":"closed","template":"LearningContentPage.php","meta":{"_acf_changed":false,"footnotes":""},"class_list":["post-74369","page","type-page","status-publish","has-post-thumbnail","hentry"],"acf":[],"yoast_head":"<!-- This site is optimized with the Yoast SEO Premium plugin v27.2 (Yoast SEO v27.2) - https:\/\/yoast.com\/product\/yoast-seo-premium-wordpress\/ -->\n<title>Japanische Grammatik - Talkpal<\/title>\n<meta name=\"description\" content=\"Beherrschen Sie die japanische Grammatik mit unserer KI-Sprachlern-App. Verbessern Sie Ihre Sprachkenntnisse ganz einfach mit der TalkpalKI-Unterst\u00fctzung.\" \/>\n<meta name=\"robots\" content=\"index, follow, max-snippet:-1, max-image-preview:large, max-video-preview:-1\" \/>\n<link rel=\"canonical\" href=\"https:\/\/talkpal.ai\/de\/japanische-grammatik\/\" \/>\n<meta property=\"og:locale\" content=\"de_DE\" \/>\n<meta property=\"og:type\" content=\"article\" \/>\n<meta property=\"og:title\" content=\"Japanische Grammatik\" \/>\n<meta property=\"og:description\" content=\"Beherrschung der Feinheiten der japanischen Grammatik Sprachbegeisterte empfinden Japanisch oft als eine faszinierende und herausfordernde Sprache, die es\" \/>\n<meta property=\"og:url\" content=\"https:\/\/talkpal.ai\/de\/japanische-grammatik\/\" \/>\n<meta property=\"og:site_name\" content=\"Talkpal\" \/>\n<meta property=\"article:publisher\" content=\"https:\/\/www.facebook.com\/profile.php?id=100090733639311\" \/>\n<meta property=\"article:modified_time\" content=\"2025-12-11T16:44:25+00:00\" \/>\n<meta property=\"og:image\" content=\"https:\/\/talkpal.ai\/wp-content\/uploads\/2023\/04\/japan.png\" \/>\n\t<meta property=\"og:image:width\" content=\"512\" \/>\n\t<meta property=\"og:image:height\" content=\"512\" \/>\n\t<meta property=\"og:image:type\" content=\"image\/png\" \/>\n<meta name=\"twitter:card\" content=\"summary_large_image\" \/>\n<meta name=\"twitter:site\" content=\"@talkpalai\" \/>\n<meta name=\"twitter:label1\" content=\"Gesch\u00e4tzte Lesezeit\" \/>\n\t<meta name=\"twitter:data1\" content=\"3\u00a0Minuten\" \/>\n<script type=\"application\/ld+json\" class=\"yoast-schema-graph\">{\"@context\":\"https:\/\/schema.org\",\"@graph\":[{\"@type\":\"WebPage\",\"@id\":\"https:\/\/talkpal.ai\/de\/japanische-grammatik\/\",\"url\":\"https:\/\/talkpal.ai\/de\/japanische-grammatik\/\",\"name\":\"Japanische Grammatik - Talkpal\",\"isPartOf\":{\"@id\":\"https:\/\/talkpal.ai\/de\/#website\"},\"primaryImageOfPage\":{\"@id\":\"https:\/\/talkpal.ai\/de\/japanische-grammatik\/#primaryimage\"},\"image\":{\"@id\":\"https:\/\/talkpal.ai\/de\/japanische-grammatik\/#primaryimage\"},\"thumbnailUrl\":\"https:\/\/talkpal.ai\/wp-content\/uploads\/2023\/04\/japan.png\",\"datePublished\":\"2023-05-14T13:51:09+00:00\",\"dateModified\":\"2025-12-11T16:44:25+00:00\",\"description\":\"Beherrschen Sie die japanische Grammatik mit unserer KI-Sprachlern-App. Verbessern Sie Ihre Sprachkenntnisse ganz einfach mit der TalkpalKI-Unterst\u00fctzung.\",\"breadcrumb\":{\"@id\":\"https:\/\/talkpal.ai\/de\/japanische-grammatik\/#breadcrumb\"},\"inLanguage\":\"de\",\"potentialAction\":[{\"@type\":\"ReadAction\",\"target\":[\"https:\/\/talkpal.ai\/de\/japanische-grammatik\/\"]}]},{\"@type\":\"ImageObject\",\"inLanguage\":\"de\",\"@id\":\"https:\/\/talkpal.ai\/de\/japanische-grammatik\/#primaryimage\",\"url\":\"https:\/\/talkpal.ai\/wp-content\/uploads\/2023\/04\/japan.png\",\"contentUrl\":\"https:\/\/talkpal.ai\/wp-content\/uploads\/2023\/04\/japan.png\",\"width\":512,\"height\":512},{\"@type\":\"BreadcrumbList\",\"@id\":\"https:\/\/talkpal.ai\/de\/japanische-grammatik\/#breadcrumb\",\"itemListElement\":[{\"@type\":\"ListItem\",\"position\":1,\"name\":\"Homepage\",\"item\":\"https:\/\/talkpal.ai\/de\/\"},{\"@type\":\"ListItem\",\"position\":2,\"name\":\"Japanische Grammatik\"}]},{\"@type\":\"WebSite\",\"@id\":\"https:\/\/talkpal.ai\/de\/#website\",\"url\":\"https:\/\/talkpal.ai\/de\/\",\"name\":\"Talkpal\",\"description\":\"AI Language Learning\",\"publisher\":{\"@id\":\"https:\/\/talkpal.ai\/de\/#organization\"},\"alternateName\":\"Talkpal AI\",\"potentialAction\":[{\"@type\":\"SearchAction\",\"target\":{\"@type\":\"EntryPoint\",\"urlTemplate\":\"https:\/\/talkpal.ai\/de\/?s={search_term_string}\"},\"query-input\":{\"@type\":\"PropertyValueSpecification\",\"valueRequired\":true,\"valueName\":\"search_term_string\"}}],\"inLanguage\":\"de\"},{\"@type\":\"Organization\",\"@id\":\"https:\/\/talkpal.ai\/de\/#organization\",\"name\":\"Talkpal, Inc.\",\"alternateName\":\"Talkpal AI\",\"url\":\"https:\/\/talkpal.ai\/de\/\",\"logo\":{\"@type\":\"ImageObject\",\"inLanguage\":\"de\",\"@id\":\"https:\/\/talkpal.ai\/de\/#\/schema\/logo\/image\/\",\"url\":\"https:\/\/talkpal.ai\/wp-content\/uploads\/2024\/03\/Talkpal-Logo-Icon.png\",\"contentUrl\":\"https:\/\/talkpal.ai\/wp-content\/uploads\/2024\/03\/Talkpal-Logo-Icon.png\",\"width\":2880,\"height\":2880,\"caption\":\"Talkpal, Inc.\"},\"image\":{\"@id\":\"https:\/\/talkpal.ai\/de\/#\/schema\/logo\/image\/\"},\"sameAs\":[\"https:\/\/www.facebook.com\/profile.php?id=100090733639311\",\"https:\/\/x.com\/talkpalai\",\"https:\/\/www.linkedin.com\/company\/talkpal\/\",\"https:\/\/www.youtube.com\/@TalkPal\/\",\"https:\/\/www.tiktok.com\/@talkpal\",\"https:\/\/www.instagram.com\/talkpal_ai\/\",\"https:\/\/www.crunchbase.com\/organization\/talkpal-9cde\",\"https:\/\/www.g2.com\/products\/talkpal-for-business\/\",\"https:\/\/www.trustpilot.com\/review\/talkpal.ai\",\"https:\/\/www.capterra.com\/p\/10006800\/TalkPal\/\"],\"description\":\"Talkpal is a language learning web and mobile education app, powered by the latest AI technologies, that provides engaging experiences to its customers in many different languages to help them improve their language skills. Users can chat about unlimited amount of topics with the app and use other modes to practice their language learning.\",\"email\":\"support@talkpal.ai\",\"legalName\":\"Talkpal, Inc.\",\"foundingDate\":\"2023-04-03\",\"duns\":\"118989042\",\"numberOfEmployees\":{\"@type\":\"QuantitativeValue\",\"minValue\":\"11\",\"maxValue\":\"50\"},\"publishingPrinciples\":\"https:\/\/talkpal.ai\/publishing-principles\/\",\"actionableFeedbackPolicy\":\"https:\/\/talkpal.ai\/actionable-feedback-policy\/\",\"correctionsPolicy\":\"https:\/\/talkpal.ai\/corrections-policy\/\",\"ethicsPolicy\":\"https:\/\/talkpal.ai\/ethics-policy\/\",\"diversityPolicy\":\"https:\/\/talkpal.ai\/diversity-policy\/\",\"diversityStaffingReport\":\"https:\/\/talkpal.ai\/diversity-policy\/\"}]}<\/script>\n<!-- \/ Yoast SEO Premium plugin. -->","yoast_head_json":{"title":"Japanische Grammatik - Talkpal","description":"Beherrschen Sie die japanische Grammatik mit unserer KI-Sprachlern-App. Verbessern Sie Ihre Sprachkenntnisse ganz einfach mit der TalkpalKI-Unterst\u00fctzung.","robots":{"index":"index","follow":"follow","max-snippet":"max-snippet:-1","max-image-preview":"max-image-preview:large","max-video-preview":"max-video-preview:-1"},"canonical":"https:\/\/talkpal.ai\/de\/japanische-grammatik\/","og_locale":"de_DE","og_type":"article","og_title":"Japanische Grammatik","og_description":"Beherrschung der Feinheiten der japanischen Grammatik Sprachbegeisterte empfinden Japanisch oft als eine faszinierende und herausfordernde Sprache, die es","og_url":"https:\/\/talkpal.ai\/de\/japanische-grammatik\/","og_site_name":"Talkpal","article_publisher":"https:\/\/www.facebook.com\/profile.php?id=100090733639311","article_modified_time":"2025-12-11T16:44:25+00:00","og_image":[{"width":512,"height":512,"url":"https:\/\/talkpal.ai\/wp-content\/uploads\/2023\/04\/japan.png","type":"image\/png"}],"twitter_card":"summary_large_image","twitter_site":"@talkpalai","twitter_misc":{"Gesch\u00e4tzte Lesezeit":"3\u00a0Minuten"},"schema":{"@context":"https:\/\/schema.org","@graph":[{"@type":"WebPage","@id":"https:\/\/talkpal.ai\/de\/japanische-grammatik\/","url":"https:\/\/talkpal.ai\/de\/japanische-grammatik\/","name":"Japanische Grammatik - Talkpal","isPartOf":{"@id":"https:\/\/talkpal.ai\/de\/#website"},"primaryImageOfPage":{"@id":"https:\/\/talkpal.ai\/de\/japanische-grammatik\/#primaryimage"},"image":{"@id":"https:\/\/talkpal.ai\/de\/japanische-grammatik\/#primaryimage"},"thumbnailUrl":"https:\/\/talkpal.ai\/wp-content\/uploads\/2023\/04\/japan.png","datePublished":"2023-05-14T13:51:09+00:00","dateModified":"2025-12-11T16:44:25+00:00","description":"Beherrschen Sie die japanische Grammatik mit unserer KI-Sprachlern-App. Verbessern Sie Ihre Sprachkenntnisse ganz einfach mit der TalkpalKI-Unterst\u00fctzung.","breadcrumb":{"@id":"https:\/\/talkpal.ai\/de\/japanische-grammatik\/#breadcrumb"},"inLanguage":"de","potentialAction":[{"@type":"ReadAction","target":["https:\/\/talkpal.ai\/de\/japanische-grammatik\/"]}]},{"@type":"ImageObject","inLanguage":"de","@id":"https:\/\/talkpal.ai\/de\/japanische-grammatik\/#primaryimage","url":"https:\/\/talkpal.ai\/wp-content\/uploads\/2023\/04\/japan.png","contentUrl":"https:\/\/talkpal.ai\/wp-content\/uploads\/2023\/04\/japan.png","width":512,"height":512},{"@type":"BreadcrumbList","@id":"https:\/\/talkpal.ai\/de\/japanische-grammatik\/#breadcrumb","itemListElement":[{"@type":"ListItem","position":1,"name":"Homepage","item":"https:\/\/talkpal.ai\/de\/"},{"@type":"ListItem","position":2,"name":"Japanische Grammatik"}]},{"@type":"WebSite","@id":"https:\/\/talkpal.ai\/de\/#website","url":"https:\/\/talkpal.ai\/de\/","name":"Talkpal","description":"AI Language Learning","publisher":{"@id":"https:\/\/talkpal.ai\/de\/#organization"},"alternateName":"Talkpal AI","potentialAction":[{"@type":"SearchAction","target":{"@type":"EntryPoint","urlTemplate":"https:\/\/talkpal.ai\/de\/?s={search_term_string}"},"query-input":{"@type":"PropertyValueSpecification","valueRequired":true,"valueName":"search_term_string"}}],"inLanguage":"de"},{"@type":"Organization","@id":"https:\/\/talkpal.ai\/de\/#organization","name":"Talkpal, Inc.","alternateName":"Talkpal AI","url":"https:\/\/talkpal.ai\/de\/","logo":{"@type":"ImageObject","inLanguage":"de","@id":"https:\/\/talkpal.ai\/de\/#\/schema\/logo\/image\/","url":"https:\/\/talkpal.ai\/wp-content\/uploads\/2024\/03\/Talkpal-Logo-Icon.png","contentUrl":"https:\/\/talkpal.ai\/wp-content\/uploads\/2024\/03\/Talkpal-Logo-Icon.png","width":2880,"height":2880,"caption":"Talkpal, Inc."},"image":{"@id":"https:\/\/talkpal.ai\/de\/#\/schema\/logo\/image\/"},"sameAs":["https:\/\/www.facebook.com\/profile.php?id=100090733639311","https:\/\/x.com\/talkpalai","https:\/\/www.linkedin.com\/company\/talkpal\/","https:\/\/www.youtube.com\/@TalkPal\/","https:\/\/www.tiktok.com\/@talkpal","https:\/\/www.instagram.com\/talkpal_ai\/","https:\/\/www.crunchbase.com\/organization\/talkpal-9cde","https:\/\/www.g2.com\/products\/talkpal-for-business\/","https:\/\/www.trustpilot.com\/review\/talkpal.ai","https:\/\/www.capterra.com\/p\/10006800\/TalkPal\/"],"description":"Talkpal is a language learning web and mobile education app, powered by the latest AI technologies, that provides engaging experiences to its customers in many different languages to help them improve their language skills. Users can chat about unlimited amount of topics with the app and use other modes to practice their language learning.","email":"support@talkpal.ai","legalName":"Talkpal, Inc.","foundingDate":"2023-04-03","duns":"118989042","numberOfEmployees":{"@type":"QuantitativeValue","minValue":"11","maxValue":"50"},"publishingPrinciples":"https:\/\/talkpal.ai\/publishing-principles\/","actionableFeedbackPolicy":"https:\/\/talkpal.ai\/actionable-feedback-policy\/","correctionsPolicy":"https:\/\/talkpal.ai\/corrections-policy\/","ethicsPolicy":"https:\/\/talkpal.ai\/ethics-policy\/","diversityPolicy":"https:\/\/talkpal.ai\/diversity-policy\/","diversityStaffingReport":"https:\/\/talkpal.ai\/diversity-policy\/"}]}},"_links":{"self":[{"href":"https:\/\/talkpal.ai\/de\/wp-json\/wp\/v2\/pages\/74369","targetHints":{"allow":["GET"]}}],"collection":[{"href":"https:\/\/talkpal.ai\/de\/wp-json\/wp\/v2\/pages"}],"about":[{"href":"https:\/\/talkpal.ai\/de\/wp-json\/wp\/v2\/types\/page"}],"author":[{"embeddable":true,"href":"https:\/\/talkpal.ai\/de\/wp-json\/wp\/v2\/users\/1"}],"replies":[{"embeddable":true,"href":"https:\/\/talkpal.ai\/de\/wp-json\/wp\/v2\/comments?post=74369"}],"version-history":[{"count":0,"href":"https:\/\/talkpal.ai\/de\/wp-json\/wp\/v2\/pages\/74369\/revisions"}],"wp:featuredmedia":[{"embeddable":true,"href":"https:\/\/talkpal.ai\/de\/wp-json\/wp\/v2\/media\/11580"}],"wp:attachment":[{"href":"https:\/\/talkpal.ai\/de\/wp-json\/wp\/v2\/media?parent=74369"}],"curies":[{"name":"wp","href":"https:\/\/api.w.org\/{rel}","templated":true}]}}