{"id":74335,"date":"2023-05-14T13:51:46","date_gmt":"2023-05-14T13:51:46","guid":{"rendered":"http:\/\/talkpal.ai\/portugiesische-grammatik\/"},"modified":"2025-12-11T16:48:07","modified_gmt":"2025-12-11T16:48:07","slug":"portugiesische-grammatik","status":"publish","type":"page","link":"https:\/\/talkpal.ai\/de\/portugiesische-grammatik\/","title":{"rendered":"Portugiesische Grammatik"},"content":{"rendered":"\r\n\r\n\r\n<section class=\"languageChallengeSection\">\r\n    <div class=\"languageInfoWrapper\">\r\n        \r\n        <h1>Portugiesische Grammatik<\/h1>\r\n        <p>Entdecken Sie die Grundlagen der portugiesischen <a href=\"https:\/\/talkpal.ai\/fr\/les\/\">Grammatik<\/a> und erschlie\u00dfen Sie sich eine Welt voller M\u00f6glichkeiten, mit Millionen von Sprechern weltweit in Kontakt zu treten. Wenn Sie die wichtigsten Regeln und Strukturen beherrschen, k\u00f6nnen Sie selbstbewusst kommunizieren und die portugiesische Kultur in vollen Z\u00fcgen genie\u00dfen. Beginnen Sie noch heute mit dem Erlernen der portugiesischen Grammatik und machen Sie den ersten Schritt in Richtung flie\u00dfend sprechen!<\/p>\r\n\r\n                            <a class=\"getStartedHidden\" href=\"https:\/\/app.talkpal.ai\/de\/signup?lng=\">Leg los<\/a>\r\n        \r\n    <\/div>\r\n\r\n    <figure>\r\n    <img decoding=\"async\" width=\"768\" height=\"768\" src=\"https:\/\/talkpal.ai\/wp-content\/uploads\/2023\/06\/portuguese-768x768.png\" class=\"languageImage no-lazy\" alt=\"Default alt text\" fetchpriority=\"high\" sizes=\"(max-width: 768px) 150px, 768px\" srcset=\"https:\/\/talkpal.ai\/wp-content\/uploads\/2023\/06\/portuguese-768x768.png 768w, https:\/\/talkpal.ai\/wp-content\/uploads\/2023\/06\/portuguese-300x300.png 300w\" \/>\r\n    \r\n\r\n    <\/figure>\r\n\r\n            <a class=\"getStartedVisible\" href=\"https:\/\/app.talkpal.ai\/de\/signup?lng=\">Leg los<\/a>\r\n    \r\n<\/section>\r\n        <section class=\"grammarSection\">\r\n            <div class=\"grammarLinks\">\r\n                <a href=\"https:\/\/talkpal.ai\/de\/language\/adjektive-portugiesische-grammatik\/\">Adjektive <\/a><a href=\"https:\/\/talkpal.ai\/de\/language\/adverbien-portugiesische-grammatik\/\">Adverbien <\/a><a href=\"https:\/\/talkpal.ai\/de\/language\/artikel-portugiesische-grammatik\/\">Artikel <\/a><a href=\"https:\/\/talkpal.ai\/de\/language\/indikativ-der-zeitformen-portugiesische-grammatik\/\">Indikativ der Zeitformen <\/a><a href=\"https:\/\/talkpal.ai\/de\/language\/praepositionen-portugiesische-grammatik\/\">Pr\u00e4positionen <\/a><a href=\"https:\/\/talkpal.ai\/de\/language\/pronomen-portugiesische-grammatik\/\">Pronomen <\/a><a href=\"https:\/\/talkpal.ai\/de\/language\/satzbau-portugiesische-grammatik\/\">Satzbau <\/a><a href=\"https:\/\/talkpal.ai\/de\/language\/substantive-portugiesische-grammatik\/\">Substantive <\/a><a href=\"https:\/\/talkpal.ai\/de\/language\/verben-portugiesische-grammatik\/\">Verben <\/a><a href=\"https:\/\/talkpal.ai\/de\/language\/zeitformen-konjunktiv-portugiesische-grammatik\/\">Zeitformen Konjunktiv <\/a><a href=\"https:\/\/talkpal.ai\/de\/language\/zeitvergleich-portugiesische-grammatik\/\">Zeitvergleich <\/a>            <\/div>\r\n        <\/section>\r\n    <section class=\"promotionalBanner\">\r\n    <p class=\"promotionalText\">Der effizienteste Weg, eine Sprache zu lernen<\/p>\r\n    <a class=\"promotionalLink\" href=\"https:\/\/app.talkpal.ai\/de\/signup?lng=\">Talkpal kostenlos<\/a>\r\n<\/section>\n<div class=\"wp-block-group pageContainerStyle\"><div class=\"wp-block-group__inner-container is-layout-constrained wp-block-group-is-layout-constrained\">\n<h2 class=\"wp-block-heading\" id=\"h-a-beginner-s-guide-to-understanding-portuguese-grammar\">Ein Leitfaden f\u00fcr Anf\u00e4nger zum Verst\u00e4ndnis der portugiesischen Grammatik<\/h2>\n\n\n\n<p>Ganz gleich, ob Sie eine Reise nach <a href=\"https:\/\/talkpal.ai\/locations\/language-courses-in-portugal\/\">Portugal<\/a> planen oder einfach nur eine neue Sprache erlernen m\u00f6chten, <a href=\"https:\/\/talkpal.ai\/learn-portuguese\/\">Portugiesisch<\/a> zu lernen kann eine aufregende und lohnende Erfahrung sein. Ein wesentlicher Aspekt beim Erlernen der portugiesischen Sprache ist, wie bei jedem anderen auch, das Verst\u00e4ndnis der Grammatik. Dieser Artikel f\u00fchrt Sie durch die Grundlagen der portugiesischen Grammatik und gibt Ihnen wichtige Tipps und Einblicke, die Ihnen helfen, m\u00fchelos zu navigieren und zu kommunizieren. Wenn Sie also schon lange darauf gewartet haben, in die Welt des Portugiesischen einzutauchen, dann lassen Sie uns jetzt <a href=\"https:\/\/talkpal.ai\/ko\/ai-%ec%96%b8%ec%96%b4-%ea%b5%90%ec%82%ac\/\">loslegen<\/a>!<\/p>\n\n\n\n<h3 class=\"wp-block-heading\" id=\"h-1-the-basics-nouns-pronouns-and-articles\">1. Die Grundlagen: Substantive, Pronomen und Artikel<\/h3>\n\n\n\n<p>Wie im Englischen basiert die <a href=\"https:\/\/talkpal.ai\/es\/gramatica-portuguesa\/\">portugiesische Grammatik<\/a> auf Substantiven, Pronomen und Artikeln. Substantive im Portugiesischen k\u00f6nnen m\u00e4nnlich oder weiblich sein, und es ist wichtig, das Geschlecht f\u00fcr die richtige Satzbildung zu bestimmen. Zum Beispiel bedeutet &#8222;o menino&#8220; \u00fcbersetzt &#8222;der Junge&#8220;, w\u00e4hrend &#8222;a menina&#8220; mit &#8222;das M\u00e4dchen&#8220; \u00fcbersetzt wird.<\/p>\n\n\n\n<p>Pronomen im Portugiesischen fungieren wie im Englischen als Ersatz f\u00fcr Substantive. Auch sie haben Geschlechter. Zu den <a href=\"https:\/\/talkpal.ai\/de\/grammar\/englische-grammatik-personalpronomen\/\">Personalpronomen<\/a> geh\u00f6ren eu (ich), voc\u00ea\/tu (du), ele\/ela (er\/sie), n\u00f3s (wir) und eles\/elas (sie).<\/p>\n\n\n\n<p>Bestimmte Artikel (the) und <a href=\"https:\/\/talkpal.ai\/de\/grammar\/unbestimmte-artikel-in-der-malaiischen-grammatik\/\">unbestimmte Artikel<\/a> (a\/an) sind ebenfalls geschlechtsspezifisch und f\u00fcr den korrekten Satzbau unerl\u00e4sslich. Im Portugiesischen sind die bestimmten Artikel &#8222;o&#8220; (m\u00e4nnlich) und &#8222;a&#8220; (weiblich), und die <a href=\"https:\/\/talkpal.ai\/de\/grammar_exercises\/ubungen-zum-unbestimmten-artikel-fur-die-vietnamesische-grammatik\/\">unbestimmten Artikel<\/a> sind &#8222;um&#8220; (m\u00e4nnlich) und &#8222;uma&#8220; (weiblich).<\/p>\n\n\n\n<h3 class=\"wp-block-heading\" id=\"h-2-adjectives-and-adverbs-add-spice-to-your-sentences\">2. Adjektive und Adverbien: Bringen Sie W\u00fcrze in Ihre S\u00e4tze<\/h3>\n\n\n\n<p>Adjektive sind W\u00f6rter, die Substantive beschreiben oder modifizieren, und wie Substantive haben sie ein Geschlecht. In der Regel sind Adjektive, die auf &#8222;o&#8220; enden, maskulin, w\u00e4hrend solche, die auf &#8222;a&#8220; enden, feminin sind. Es ist wichtig, dass das Geschlecht des Adjektivs mit dem Substantiv, das es beschreibt, \u00fcbereinstimmt. Zum Beispiel bedeutet &#8222;homem alto&#8220; \u00fcbersetzt &#8222;gro\u00dfer Mann&#8220;, w\u00e4hrend &#8222;mulher alta&#8220; &#8222;gro\u00dfe Frau&#8220; bedeutet.<\/p>\n\n\n\n<p><a href=\"https:\/\/talkpal.ai\/ar\/grammar_exercises\/adverbien-%d8%aa%d9%85%d8%a7%d8%b1%d9%8a%d9%86-%d9%84%d9%84%d9%82%d9%88%d8%a7%d8%b9%d8%af-%d8%a7%d9%84%d8%a3%d9%84%d9%85%d8%a7%d9%86%d9%8a%d8%a9\/\">Adverbien<\/a> hingegen modifizieren Verben, Adjektive oder andere Adverbien. Im Portugiesischen haben Adverbien normalerweise keine geschlechtsspezifischen Formen. Einige g\u00e4ngige Adverbien sind &#8222;rapidamente&#8220; (schnell), &#8222;lentamente&#8220; (langsam) und &#8222;sempre&#8220; (immer).<\/p>\n\n\n\n<h3 class=\"wp-block-heading\" id=\"h-3-verbs-the-action-words\">3. Verben: Die Aktionsw\u00f6rter<\/h3>\n\n\n\n<p>Portugiesische Verben werden in drei Konjugationsgruppen (-ar, -er, -ir) eingeteilt, und ihre Formen \u00e4ndern sich je nach Zeitform und Subjekt. Dies sind einige wichtige Zeitformen, die Sie kennen m\u00fcssen:<\/p>\n\n\n\n<p>&#8211; Pr\u00e4sens (Presente): Beschreibt Handlungen, die jetzt geschehen, oder gewohnheitsm\u00e4\u00dfige Handlungen.<br\/>&#8211; Vergangenheitsform (Pret\u00e9rito): Beschreibt Handlungen, die in der Vergangenheit stattgefunden haben. Es gibt zwei Arten: Pret\u00e9rito Perfeito (einfache Vergangenheit) und Pret\u00e9rito Imperfeito (kontinuierliche Vergangenheit).<br\/>&#8211; Zukunftsform (Futuro): Beschreibt Handlungen, die in der Zukunft stattfinden werden.<\/p>\n\n\n\n<p>Die Beherrschung der Verbkonjugation kann im Portugiesischen eine Herausforderung sein, aber \u00dcbung und Konsequenz werden dir helfen, sie effizienter zu verstehen.<\/p>\n\n\n\n<h3 class=\"wp-block-heading\" id=\"h-4-word-order-building-understandable-sentences\">4. Wortstellung: Verst\u00e4ndliche S\u00e4tze bilden<\/h3>\n\n\n\n<p>Die typisch portugiesische Satzstruktur folgt der Subjekt-Verb-Objekt-Reihenfolge (SVO). Zum Beispiel folgt der Satz &#8222;Eu amo pizza&#8220; (&#8222;Ich liebe Pizza&#8220;) diesem Muster. Die portugiesische Grammatik kann jedoch sehr flexibel sein, und es kann zu Variationen in der Wortstellung kommen, insbesondere in der Literatur oder in informellen Gespr\u00e4chen. Kontext und gesunder Menschenverstand sind entscheidend, um diese Variationen zu verstehen.<\/p>\n\n\n\n<h3 class=\"wp-block-heading\" id=\"h-5-negation-and-interrogation-say-no-and-ask-questions\">5. Verneinung und Verh\u00f6r: Nein sagen und Fragen stellen<\/h3>\n\n\n\n<p>Um einen Satz im Portugiesischen zu verneinen, setzen Sie einfach das Wort &#8222;n\u00e3o&#8220; vor das Verb. Zum Beispiel: &#8222;Eu n\u00e3o falo portugu\u00eas&#8220; bedeutet &#8222;Ich spreche kein Portugiesisch&#8220;.<\/p>\n\n\n\n<p>Um eine Aussage im Portugiesischen in eine Frage zu verwandeln, k\u00f6nnen Sie entweder die Wortfolge \u00e4ndern oder ein Fragewort verwenden (wie &#8222;quem&#8220; f\u00fcr &#8222;wer&#8220;, &#8222;o que&#8220; f\u00fcr &#8222;was&#8220; oder &#8222;onde&#8220; f\u00fcr &#8222;wo&#8220;). Zum Beispiel bedeutet &#8222;Voc\u00ea fala ingl\u00eas?&#8220; \u00fcbersetzt: &#8222;Sprechen Sie Englisch?&#8220;<\/p>\n\n\n\n<h3 class=\"wp-block-heading\" id=\"h-conclusion\">Schlussfolgerung<\/h3>\n\n\n\n<p>Das Erlernen der portugiesischen Grammatik mag entmutigend erscheinen, aber lassen Sie sich nicht entmutigen! Jede Sprache hat ihre T\u00fccken, aber mit Best\u00e4ndigkeit, \u00dcbung und ein wenig Geduld werden Sie sich sicher und effektiv verst\u00e4ndigen k\u00f6nnen. Denken Sie daran, dass das Erlernen der Grammatik nur ein Teil des Spracherwerbs ist, und Sie sollten auch das H\u00f6ren, Sprechen und Lesen auf Portugiesisch \u00fcben. Boa sorte! (Viel Gl\u00fcck!)<\/p>\n<\/div><\/div>\n\r\n<section class=\"learnNavigationSection\">\r\n            \r\n        <a href=\"https:\/\/talkpal.ai\/de\/portugiesisch-lernen\/\">\r\n            <div class=\"learnNavigationWrapper\">\r\n                <div class=\"learnNavigationContent\">\r\n                    <img decoding=\"async\" src=\"https:\/\/talkpal.ai\/wp-content\/uploads\/2024\/08\/Portuguese.jpg\" alt=\"Portuguese Flag\">\r\n                    <div>\r\n                        <h4>\u00dcber Portugal Learning<\/h4>\r\n                        <p>Erfahren Sie alles \u00fcber die portugiesische Grammatik.<\/p>\r\n                    <\/div>\r\n                <\/div>\r\n            <\/div>\r\n        <\/a>\r\n\r\n        \r\n        <a href=\"https:\/\/talkpal.ai\/de\/portugiesische-grammatikuebungen\/\">\r\n            <div class=\"learnNavigationWrapper\">\r\n                <div class=\"learnNavigationContent\">\r\n                    <img decoding=\"async\" src=\"https:\/\/talkpal.ai\/wp-content\/uploads\/2024\/08\/Portuguese.jpg\" alt=\"Portuguese Flag\">\r\n                    <div>\r\n                        <h4>Portugiesische Grammatik \u00dcbung<\/h4>\r\n                        <p>\u00dcbe die portugiesische Grammatik .<\/p>\r\n                    <\/div>\r\n                <\/div>\r\n            <\/div>\r\n        <\/a>\r\n\r\n        \r\n        <a href=\"https:\/\/talkpal.ai\/vocabulary_language\/portuguese\/\">\r\n            <div class=\"learnNavigationWrapper\">\r\n                <div class=\"learnNavigationContent\">\r\n                    <img decoding=\"async\" src=\"https:\/\/talkpal.ai\/wp-content\/uploads\/2024\/08\/Portuguese.jpg\" alt=\"Portuguese Flag\">\r\n                    <div>\r\n                        <h4>Portugiesisch Wortschatz<\/h4>\r\n                        <p>Erweitern Sie Ihren portugiesischen Wortschatz.<\/p>\r\n                    <\/div>\r\n                <\/div>\r\n            <\/div>\r\n        <\/a>\r\n\r\n            <\/section>","protected":false},"excerpt":{"rendered":"<p>Ein Leitfaden f\u00fcr Anf\u00e4nger zum Verst\u00e4ndnis der portugiesischen Grammatik Ganz gleich, ob Sie eine Reise nach Portugal planen oder einfach nur eine neue Sprache erlernen m\u00f6chten, Portugiesisch zu lernen kann eine aufregende und lohnende Erfahrung sein. Ein wesentlicher Aspekt beim Erlernen der portugiesischen Sprache ist, wie bei jedem anderen auch, das Verst\u00e4ndnis der Grammatik. Dieser [&hellip;]<\/p>\n","protected":false},"author":1,"featured_media":11594,"parent":0,"menu_order":0,"comment_status":"closed","ping_status":"closed","template":"LearningContentPage.php","meta":{"_acf_changed":false,"footnotes":""},"class_list":["post-74335","page","type-page","status-publish","has-post-thumbnail","hentry"],"acf":[],"yoast_head":"<!-- This site is optimized with the Yoast SEO Premium plugin v27.2 (Yoast SEO v27.2) - https:\/\/yoast.com\/product\/yoast-seo-premium-wordpress\/ -->\n<title>Portugiesische Grammatik - Talkpal<\/title>\n<meta name=\"description\" content=\"Beherrschen Sie die portugiesische Grammatik mit interaktiven \u00dcbungen f\u00fcr alle Kenntnisstufen. Verbessern Sie Ihre Sprachkenntnisse!\" \/>\n<meta name=\"robots\" content=\"index, follow, max-snippet:-1, max-image-preview:large, max-video-preview:-1\" \/>\n<link rel=\"canonical\" href=\"https:\/\/talkpal.ai\/de\/portugiesische-grammatik\/\" \/>\n<meta property=\"og:locale\" content=\"de_DE\" \/>\n<meta property=\"og:type\" content=\"article\" \/>\n<meta property=\"og:title\" content=\"Portugiesische Grammatik\" \/>\n<meta property=\"og:description\" content=\"Ein Leitfaden f\u00fcr Anf\u00e4nger zum Verst\u00e4ndnis der portugiesischen Grammatik Ganz gleich, ob Sie eine Reise nach Portugal planen oder einfach nur eine neue\" \/>\n<meta property=\"og:url\" content=\"https:\/\/talkpal.ai\/de\/portugiesische-grammatik\/\" \/>\n<meta property=\"og:site_name\" content=\"Talkpal\" \/>\n<meta property=\"article:publisher\" content=\"https:\/\/www.facebook.com\/profile.php?id=100090733639311\" \/>\n<meta property=\"article:modified_time\" content=\"2025-12-11T16:48:07+00:00\" \/>\n<meta property=\"og:image\" content=\"https:\/\/talkpal.ai\/wp-content\/uploads\/2023\/04\/portugal.png\" \/>\n\t<meta property=\"og:image:width\" content=\"512\" \/>\n\t<meta property=\"og:image:height\" content=\"512\" \/>\n\t<meta property=\"og:image:type\" content=\"image\/png\" \/>\n<meta name=\"twitter:card\" content=\"summary_large_image\" \/>\n<meta name=\"twitter:site\" content=\"@talkpalai\" \/>\n<meta name=\"twitter:label1\" content=\"Gesch\u00e4tzte Lesezeit\" \/>\n\t<meta name=\"twitter:data1\" content=\"3\u00a0Minuten\" \/>\n<script type=\"application\/ld+json\" class=\"yoast-schema-graph\">{\"@context\":\"https:\/\/schema.org\",\"@graph\":[{\"@type\":\"WebPage\",\"@id\":\"https:\/\/talkpal.ai\/de\/portugiesische-grammatik\/\",\"url\":\"https:\/\/talkpal.ai\/de\/portugiesische-grammatik\/\",\"name\":\"Portugiesische Grammatik - Talkpal\",\"isPartOf\":{\"@id\":\"https:\/\/talkpal.ai\/de\/#website\"},\"primaryImageOfPage\":{\"@id\":\"https:\/\/talkpal.ai\/de\/portugiesische-grammatik\/#primaryimage\"},\"image\":{\"@id\":\"https:\/\/talkpal.ai\/de\/portugiesische-grammatik\/#primaryimage\"},\"thumbnailUrl\":\"https:\/\/talkpal.ai\/wp-content\/uploads\/2023\/04\/portugal.png\",\"datePublished\":\"2023-05-14T13:51:46+00:00\",\"dateModified\":\"2025-12-11T16:48:07+00:00\",\"description\":\"Beherrschen Sie die portugiesische Grammatik mit interaktiven \u00dcbungen f\u00fcr alle Kenntnisstufen. Verbessern Sie Ihre Sprachkenntnisse!\",\"breadcrumb\":{\"@id\":\"https:\/\/talkpal.ai\/de\/portugiesische-grammatik\/#breadcrumb\"},\"inLanguage\":\"de\",\"potentialAction\":[{\"@type\":\"ReadAction\",\"target\":[\"https:\/\/talkpal.ai\/de\/portugiesische-grammatik\/\"]}]},{\"@type\":\"ImageObject\",\"inLanguage\":\"de\",\"@id\":\"https:\/\/talkpal.ai\/de\/portugiesische-grammatik\/#primaryimage\",\"url\":\"https:\/\/talkpal.ai\/wp-content\/uploads\/2023\/04\/portugal.png\",\"contentUrl\":\"https:\/\/talkpal.ai\/wp-content\/uploads\/2023\/04\/portugal.png\",\"width\":512,\"height\":512},{\"@type\":\"BreadcrumbList\",\"@id\":\"https:\/\/talkpal.ai\/de\/portugiesische-grammatik\/#breadcrumb\",\"itemListElement\":[{\"@type\":\"ListItem\",\"position\":1,\"name\":\"Homepage\",\"item\":\"https:\/\/talkpal.ai\/de\/\"},{\"@type\":\"ListItem\",\"position\":2,\"name\":\"Portugiesische Grammatik\"}]},{\"@type\":\"WebSite\",\"@id\":\"https:\/\/talkpal.ai\/de\/#website\",\"url\":\"https:\/\/talkpal.ai\/de\/\",\"name\":\"Talkpal\",\"description\":\"AI Language Learning\",\"publisher\":{\"@id\":\"https:\/\/talkpal.ai\/de\/#organization\"},\"alternateName\":\"Talkpal AI\",\"potentialAction\":[{\"@type\":\"SearchAction\",\"target\":{\"@type\":\"EntryPoint\",\"urlTemplate\":\"https:\/\/talkpal.ai\/de\/?s={search_term_string}\"},\"query-input\":{\"@type\":\"PropertyValueSpecification\",\"valueRequired\":true,\"valueName\":\"search_term_string\"}}],\"inLanguage\":\"de\"},{\"@type\":\"Organization\",\"@id\":\"https:\/\/talkpal.ai\/de\/#organization\",\"name\":\"Talkpal, Inc.\",\"alternateName\":\"Talkpal AI\",\"url\":\"https:\/\/talkpal.ai\/de\/\",\"logo\":{\"@type\":\"ImageObject\",\"inLanguage\":\"de\",\"@id\":\"https:\/\/talkpal.ai\/de\/#\/schema\/logo\/image\/\",\"url\":\"https:\/\/talkpal.ai\/wp-content\/uploads\/2024\/03\/Talkpal-Logo-Icon.png\",\"contentUrl\":\"https:\/\/talkpal.ai\/wp-content\/uploads\/2024\/03\/Talkpal-Logo-Icon.png\",\"width\":2880,\"height\":2880,\"caption\":\"Talkpal, Inc.\"},\"image\":{\"@id\":\"https:\/\/talkpal.ai\/de\/#\/schema\/logo\/image\/\"},\"sameAs\":[\"https:\/\/www.facebook.com\/profile.php?id=100090733639311\",\"https:\/\/x.com\/talkpalai\",\"https:\/\/www.linkedin.com\/company\/talkpal\/\",\"https:\/\/www.youtube.com\/@TalkPal\/\",\"https:\/\/www.tiktok.com\/@talkpal\",\"https:\/\/www.instagram.com\/talkpal_ai\/\",\"https:\/\/www.crunchbase.com\/organization\/talkpal-9cde\",\"https:\/\/www.g2.com\/products\/talkpal-for-business\/\",\"https:\/\/www.trustpilot.com\/review\/talkpal.ai\",\"https:\/\/www.capterra.com\/p\/10006800\/TalkPal\/\"],\"description\":\"Talkpal is a language learning web and mobile education app, powered by the latest AI technologies, that provides engaging experiences to its customers in many different languages to help them improve their language skills. Users can chat about unlimited amount of topics with the app and use other modes to practice their language learning.\",\"email\":\"support@talkpal.ai\",\"legalName\":\"Talkpal, Inc.\",\"foundingDate\":\"2023-04-03\",\"duns\":\"118989042\",\"numberOfEmployees\":{\"@type\":\"QuantitativeValue\",\"minValue\":\"11\",\"maxValue\":\"50\"},\"publishingPrinciples\":\"https:\/\/talkpal.ai\/publishing-principles\/\",\"actionableFeedbackPolicy\":\"https:\/\/talkpal.ai\/actionable-feedback-policy\/\",\"correctionsPolicy\":\"https:\/\/talkpal.ai\/corrections-policy\/\",\"ethicsPolicy\":\"https:\/\/talkpal.ai\/ethics-policy\/\",\"diversityPolicy\":\"https:\/\/talkpal.ai\/diversity-policy\/\",\"diversityStaffingReport\":\"https:\/\/talkpal.ai\/diversity-policy\/\"}]}<\/script>\n<!-- \/ Yoast SEO Premium plugin. -->","yoast_head_json":{"title":"Portugiesische Grammatik - Talkpal","description":"Beherrschen Sie die portugiesische Grammatik mit interaktiven \u00dcbungen f\u00fcr alle Kenntnisstufen. Verbessern Sie Ihre Sprachkenntnisse!","robots":{"index":"index","follow":"follow","max-snippet":"max-snippet:-1","max-image-preview":"max-image-preview:large","max-video-preview":"max-video-preview:-1"},"canonical":"https:\/\/talkpal.ai\/de\/portugiesische-grammatik\/","og_locale":"de_DE","og_type":"article","og_title":"Portugiesische Grammatik","og_description":"Ein Leitfaden f\u00fcr Anf\u00e4nger zum Verst\u00e4ndnis der portugiesischen Grammatik Ganz gleich, ob Sie eine Reise nach Portugal planen oder einfach nur eine neue","og_url":"https:\/\/talkpal.ai\/de\/portugiesische-grammatik\/","og_site_name":"Talkpal","article_publisher":"https:\/\/www.facebook.com\/profile.php?id=100090733639311","article_modified_time":"2025-12-11T16:48:07+00:00","og_image":[{"width":512,"height":512,"url":"https:\/\/talkpal.ai\/wp-content\/uploads\/2023\/04\/portugal.png","type":"image\/png"}],"twitter_card":"summary_large_image","twitter_site":"@talkpalai","twitter_misc":{"Gesch\u00e4tzte Lesezeit":"3\u00a0Minuten"},"schema":{"@context":"https:\/\/schema.org","@graph":[{"@type":"WebPage","@id":"https:\/\/talkpal.ai\/de\/portugiesische-grammatik\/","url":"https:\/\/talkpal.ai\/de\/portugiesische-grammatik\/","name":"Portugiesische Grammatik - Talkpal","isPartOf":{"@id":"https:\/\/talkpal.ai\/de\/#website"},"primaryImageOfPage":{"@id":"https:\/\/talkpal.ai\/de\/portugiesische-grammatik\/#primaryimage"},"image":{"@id":"https:\/\/talkpal.ai\/de\/portugiesische-grammatik\/#primaryimage"},"thumbnailUrl":"https:\/\/talkpal.ai\/wp-content\/uploads\/2023\/04\/portugal.png","datePublished":"2023-05-14T13:51:46+00:00","dateModified":"2025-12-11T16:48:07+00:00","description":"Beherrschen Sie die portugiesische Grammatik mit interaktiven \u00dcbungen f\u00fcr alle Kenntnisstufen. Verbessern Sie Ihre Sprachkenntnisse!","breadcrumb":{"@id":"https:\/\/talkpal.ai\/de\/portugiesische-grammatik\/#breadcrumb"},"inLanguage":"de","potentialAction":[{"@type":"ReadAction","target":["https:\/\/talkpal.ai\/de\/portugiesische-grammatik\/"]}]},{"@type":"ImageObject","inLanguage":"de","@id":"https:\/\/talkpal.ai\/de\/portugiesische-grammatik\/#primaryimage","url":"https:\/\/talkpal.ai\/wp-content\/uploads\/2023\/04\/portugal.png","contentUrl":"https:\/\/talkpal.ai\/wp-content\/uploads\/2023\/04\/portugal.png","width":512,"height":512},{"@type":"BreadcrumbList","@id":"https:\/\/talkpal.ai\/de\/portugiesische-grammatik\/#breadcrumb","itemListElement":[{"@type":"ListItem","position":1,"name":"Homepage","item":"https:\/\/talkpal.ai\/de\/"},{"@type":"ListItem","position":2,"name":"Portugiesische Grammatik"}]},{"@type":"WebSite","@id":"https:\/\/talkpal.ai\/de\/#website","url":"https:\/\/talkpal.ai\/de\/","name":"Talkpal","description":"AI Language Learning","publisher":{"@id":"https:\/\/talkpal.ai\/de\/#organization"},"alternateName":"Talkpal AI","potentialAction":[{"@type":"SearchAction","target":{"@type":"EntryPoint","urlTemplate":"https:\/\/talkpal.ai\/de\/?s={search_term_string}"},"query-input":{"@type":"PropertyValueSpecification","valueRequired":true,"valueName":"search_term_string"}}],"inLanguage":"de"},{"@type":"Organization","@id":"https:\/\/talkpal.ai\/de\/#organization","name":"Talkpal, Inc.","alternateName":"Talkpal AI","url":"https:\/\/talkpal.ai\/de\/","logo":{"@type":"ImageObject","inLanguage":"de","@id":"https:\/\/talkpal.ai\/de\/#\/schema\/logo\/image\/","url":"https:\/\/talkpal.ai\/wp-content\/uploads\/2024\/03\/Talkpal-Logo-Icon.png","contentUrl":"https:\/\/talkpal.ai\/wp-content\/uploads\/2024\/03\/Talkpal-Logo-Icon.png","width":2880,"height":2880,"caption":"Talkpal, Inc."},"image":{"@id":"https:\/\/talkpal.ai\/de\/#\/schema\/logo\/image\/"},"sameAs":["https:\/\/www.facebook.com\/profile.php?id=100090733639311","https:\/\/x.com\/talkpalai","https:\/\/www.linkedin.com\/company\/talkpal\/","https:\/\/www.youtube.com\/@TalkPal\/","https:\/\/www.tiktok.com\/@talkpal","https:\/\/www.instagram.com\/talkpal_ai\/","https:\/\/www.crunchbase.com\/organization\/talkpal-9cde","https:\/\/www.g2.com\/products\/talkpal-for-business\/","https:\/\/www.trustpilot.com\/review\/talkpal.ai","https:\/\/www.capterra.com\/p\/10006800\/TalkPal\/"],"description":"Talkpal is a language learning web and mobile education app, powered by the latest AI technologies, that provides engaging experiences to its customers in many different languages to help them improve their language skills. Users can chat about unlimited amount of topics with the app and use other modes to practice their language learning.","email":"support@talkpal.ai","legalName":"Talkpal, Inc.","foundingDate":"2023-04-03","duns":"118989042","numberOfEmployees":{"@type":"QuantitativeValue","minValue":"11","maxValue":"50"},"publishingPrinciples":"https:\/\/talkpal.ai\/publishing-principles\/","actionableFeedbackPolicy":"https:\/\/talkpal.ai\/actionable-feedback-policy\/","correctionsPolicy":"https:\/\/talkpal.ai\/corrections-policy\/","ethicsPolicy":"https:\/\/talkpal.ai\/ethics-policy\/","diversityPolicy":"https:\/\/talkpal.ai\/diversity-policy\/","diversityStaffingReport":"https:\/\/talkpal.ai\/diversity-policy\/"}]}},"_links":{"self":[{"href":"https:\/\/talkpal.ai\/de\/wp-json\/wp\/v2\/pages\/74335","targetHints":{"allow":["GET"]}}],"collection":[{"href":"https:\/\/talkpal.ai\/de\/wp-json\/wp\/v2\/pages"}],"about":[{"href":"https:\/\/talkpal.ai\/de\/wp-json\/wp\/v2\/types\/page"}],"author":[{"embeddable":true,"href":"https:\/\/talkpal.ai\/de\/wp-json\/wp\/v2\/users\/1"}],"replies":[{"embeddable":true,"href":"https:\/\/talkpal.ai\/de\/wp-json\/wp\/v2\/comments?post=74335"}],"version-history":[{"count":0,"href":"https:\/\/talkpal.ai\/de\/wp-json\/wp\/v2\/pages\/74335\/revisions"}],"wp:featuredmedia":[{"embeddable":true,"href":"https:\/\/talkpal.ai\/de\/wp-json\/wp\/v2\/media\/11594"}],"wp:attachment":[{"href":"https:\/\/talkpal.ai\/de\/wp-json\/wp\/v2\/media?parent=74335"}],"curies":[{"name":"wp","href":"https:\/\/api.w.org\/{rel}","templated":true}]}}