{"id":74321,"date":"2023-05-14T13:50:21","date_gmt":"2023-05-14T13:50:21","guid":{"rendered":"http:\/\/talkpal.ai\/finnische-grammatik\/"},"modified":"2025-12-11T17:07:29","modified_gmt":"2025-12-11T17:07:29","slug":"finnische-grammatik","status":"publish","type":"page","link":"https:\/\/talkpal.ai\/de\/finnische-grammatik\/","title":{"rendered":"Finnische Grammatik"},"content":{"rendered":"\r\n\r\n\r\n<section class=\"languageChallengeSection\">\r\n    <div class=\"languageInfoWrapper\">\r\n        \r\n        <h1>Finnische Grammatik<\/h1>\r\n        <p>Sind Sie bereit, die Geheimnisse der finnischen Sprache zu entdecken? Tauchen Sie ein in die <a href=\"https:\/\/talkpal.ai\/es\/gramatica-finlandesa\/\">finnische Grammatik<\/a>, die f\u00fcr ihren logischen Aufbau, die Harmonie der Vokale und eine beeindruckende Anzahl von F\u00e4llen bekannt ist. Beginnen Sie noch heute mit dem Lernen &#8211; die Beherrschung der finnischen <a href=\"https:\/\/talkpal.ai\/fr\/les\/\">Grammatik<\/a> wird Ihnen das Selbstvertrauen geben, zu sprechen und Kontakte zu kn\u00fcpfen, und Ihnen die T\u00fcr zur reichen Kultur und den Traditionen Finnlands \u00f6ffnen!<\/p>\r\n\r\n                            <a class=\"getStartedHidden\" href=\"https:\/\/app.talkpal.ai\/de\/signup?lng=\">Leg los<\/a>\r\n        \r\n    <\/div>\r\n\r\n    <figure>\r\n    <img decoding=\"async\" width=\"768\" height=\"768\" src=\"https:\/\/talkpal.ai\/wp-content\/uploads\/2023\/06\/Finnish-768x768.png\" class=\"languageImage no-lazy\" alt=\"Default alt text\" fetchpriority=\"high\" sizes=\"(max-width: 768px) 150px, 768px\" srcset=\"https:\/\/talkpal.ai\/wp-content\/uploads\/2023\/06\/Finnish-768x768.png 768w, https:\/\/talkpal.ai\/wp-content\/uploads\/2023\/06\/Finnish-300x300.png 300w\" \/>\r\n    \r\n\r\n    <\/figure>\r\n\r\n            <a class=\"getStartedVisible\" href=\"https:\/\/app.talkpal.ai\/de\/signup?lng=\">Leg los<\/a>\r\n    \r\n<\/section>\r\n        <section class=\"grammarSection\">\r\n            <div class=\"grammarLinks\">\r\n                <a href=\"https:\/\/talkpal.ai\/de\/language\/adjektive-finnische-grammatik\/\">Adjektive <\/a><a href=\"https:\/\/talkpal.ai\/de\/language\/adverbien-finnische-grammatik\/\">Adverbien <\/a><a href=\"https:\/\/talkpal.ai\/de\/language\/artikel-finnische-grammatik\/\">Artikel <\/a><a href=\"https:\/\/talkpal.ai\/de\/language\/imperativ-der-zeitformen-finnische-grammatik\/\">Imperativ der Zeitformen <\/a><a href=\"https:\/\/talkpal.ai\/de\/language\/indikativ-der-zeitformen-finnische-grammatik\/\">Indikativ der Zeitformen <\/a><a href=\"https:\/\/talkpal.ai\/de\/language\/postpositionen-finnische-grammatik\/\">Postpositionen <\/a><a href=\"https:\/\/talkpal.ai\/de\/language\/potential-der-zeitformen-finnische-grammatik\/\">Potential der Zeitformen <\/a><a href=\"https:\/\/talkpal.ai\/de\/language\/satzbau-finnische-grammatik\/\">Satzbau <\/a><a href=\"https:\/\/talkpal.ai\/de\/language\/substantive-finnische-grammatik\/\">Substantive <\/a><a href=\"https:\/\/talkpal.ai\/de\/language\/verben-finnische-grammatik\/\">Verben <\/a><a href=\"https:\/\/talkpal.ai\/de\/language\/zeitvergleich-finnische-grammatik\/\">Zeitvergleich <\/a>            <\/div>\r\n        <\/section>\r\n    <section class=\"promotionalBanner\">\r\n    <p class=\"promotionalText\">Der effizienteste Weg, eine Sprache zu lernen<\/p>\r\n    <a class=\"promotionalLink\" href=\"https:\/\/app.talkpal.ai\/de\/signup?lng=\">Talkpal kostenlos<\/a>\r\n<\/section>\n<div class=\"wp-block-group pageContainerStyle\"><div class=\"wp-block-group__inner-container is-layout-constrained wp-block-group-is-layout-constrained\">\n<h2 class=\"wp-block-heading\" id=\"h-finnish-grammar-a-guide-to-mastering-the-complexities-of-the-finnish-language\">Finnische Grammatik: Ein Leitfaden zur Beherrschung der Komplexit\u00e4t der finnischen Sprache<\/h2>\n\n\n\n<p><a href=\"https:\/\/talkpal.ai\/learn-finnish\/\">Finnisch<\/a>, eine einzigartige und faszinierende Sprache, die von etwa 5 Millionen Menschen gesprochen wird, ist bekannt f\u00fcr ihre Komplexit\u00e4t und ihr unverwechselbares Grammatiksystem. Auf den ersten Blick m\u00f6gen die Regeln und Strukturen der finnischen Grammatik entmutigend erscheinen, aber keine Angst! Mit Geduld, \u00dcbung und Anleitung k\u00f6nnen Sie die Geheimnisse der finnischen Grammatik enth\u00fcllen und Ihre <a href=\"https:\/\/talkpal.ai\/de\/sprachkenntnisse-durch-stipendien-und-austauschprogramme-verbessern\/\">Sprachkenntnisse verbessern<\/a>. In diesem Artikel geben wir Ihnen einen \u00dcberblick \u00fcber die <a href=\"https:\/\/talkpal.ai\/es\/gramatica-finlandesa\/\">finnische Grammatik<\/a> und geben Ihnen einige Tipps, die Ihnen das Lernen erleichtern.<\/p>\n\n\n\n<h3 class=\"wp-block-heading\" id=\"h-the-basics-of-finnish-grammar\">Die Grundlagen der finnischen Grammatik:<\/h3>\n\n\n\n<p>Die finnische Grammatik, die sich von der englischen Grammatik unterscheidet, zeichnet sich durch die reiche Verwendung von F\u00e4llen, das Fehlen eines grammatikalischen Geschlechts und ein einzigartiges Verbkonjugationssystem aus. Hier sind einige wesentliche Aspekte der finnischen Grammatik, mit denen Sie vertraut sein sollten:<\/p>\n\n\n\n<p>1. Substantiv-F\u00e4lle: Im Finnischen gibt es 15 <strong>Substantiv-F\u00e4lle<\/strong>, die die Beziehung zwischen einem Substantiv und anderen Bestandteilen eines Satzes bezeichnen. Jeder Substantivfall hat eine bestimmte Endung, die an den Stamm des Substantivs angeh\u00e4ngt wird. Einige Beispiele f\u00fcr Substantivf\u00e4lle sind Nominativ, Genitiv, Akkusativ und Partitiv.<\/p>\n\n\n\n<p><strong>2. Kein grammatikalisches<\/strong> Geschlecht: Im Gegensatz zu vielen anderen Sprachen weist Finnisch Substantiven kein Geschlecht zu. Stattdessen verwendet die Sprache ein einziges Wort &#8211; h\u00e4n &#8211; um sowohl &#8218;er&#8216; als auch &#8217;sie&#8216; zu bezeichnen. Diese Eigenschaft vereinfacht das Erlernen der finnischen Sprache und macht es \u00fcberfl\u00fcssig, geschlechtsspezifische Artikel oder Pronomenformen auswendig zu lernen.<\/p>\n\n\n\n<p><strong>3. Konjugation von Verben:<\/strong> Finnische Verben werden auf der Grundlage von Zeitform, Stimmung und Stimme konjugiert. Im Finnischen gibt es vier Verbformen: Pr\u00e4sens, Vergangenheit, Perfekt und Pluperfekt. Dar\u00fcber hinaus haben finnische Verben f\u00fcnf Stimmungen: Indikativ, Konditional, Potenzial, <a href=\"https:\/\/talkpal.ai\/ja\/grammar_exercises\/imperatif-%e3%83%95%e3%83%a9%e3%83%b3%e3%82%b9%e3%81%ae%e6%96%87%e6%b3%95%e3%81%ae%e3%81%9f%e3%82%81%e3%81%ae%e6%bc%94%e7%bf%92\/\">Imperativ<\/a> und Eventiv.<\/p>\n\n\n\n<p><strong>4. Vokalharmonie<\/strong> : Im Finnischen werden Vokale in drei Gruppen eingeteilt: vorne (\u00e4, \u00f6, y), hinten (a, o, u) und neutral (i, e). Aufgrund der Vokalharmonie k\u00f6nnen vordere und hintere Vokale in der Regel nicht im selben Wort vorkommen, mit Ausnahme von zusammengesetzten W\u00f6rtern und einigen Lehnw\u00f6rtern.<\/p>\n\n\n\n<h3 class=\"wp-block-heading\" id=\"h-strategies-for-learning-finnish-grammar\">Strategien zum Erlernen der finnischen Grammatik:<\/h3>\n\n\n\n<p>Die finnische Grammatik zu verstehen, mag \u00fcberw\u00e4ltigend erscheinen, aber mit der richtigen Einstellung und den richtigen <a href=\"https:\/\/talkpal.ai\/de\/schneller-lernen-die-besten-strategien-fur-effektives-lernen\/\">Lernstrategien<\/a> werden Sie den Dreh schon herausbekommen. Hier sind einige n\u00fctzliche Tipps, die Sie bei Ihrem Studium unterst\u00fctzen k\u00f6nnen:<\/p>\n\n\n\n<p><strong>1. Machen Sie kleine Schritte:<\/strong> Beginnen Sie mit den Grundlagen der finnischen Grammatik, wie z. B. Substantivf\u00e4lle und Verbkonjugation. Indem Sie komplexe Regeln in kleinere, leicht verdauliche Teile zerlegen, k\u00f6nnen Sie stetig Fortschritte machen und eine solide Grundlage schaffen.<\/p>\n\n\n\n<p><strong>2. \u00dcben Sie regelm\u00e4\u00dfig:<\/strong> Konsistenz ist der Schl\u00fcssel zum Erlernen einer Sprache. Nehmen Sie sich jeden Tag oder jede Woche Zeit, um die Grammatik durch \u00dcbungen, Lesen und Schreiben auf Finnisch zu \u00fcben.<\/p>\n\n\n\n<p><strong>3. Verwenden Sie muttersprachliche Ressourcen:<\/strong> Um ein besseres Verst\u00e4ndnis der finnischen Grammatik im Kontext zu <a href=\"https:\/\/talkpal.ai\/de\/locations\/englisch-lernen-in-erlangen\/\">erlangen<\/a>, tauchen Sie ein in einheimische Materialien wie Literatur, Nachrichtenartikel und Podcasts. Dies wird Ihnen helfen, die Regeln zu verinnerlichen und Ihre H\u00f6r- und Lesef\u00e4higkeiten zu verbessern.<\/p>\n\n\n\n<p><strong>4. Verbinden Sie sich<\/strong> mit Muttersprachlern: Gespr\u00e4che mit finnischen Muttersprachlern sind eine hervorragende M\u00f6glichkeit, die Grammatik zu \u00fcben und wertvolles Feedback zu erhalten. Ziehe in Erw\u00e4gung, Sprachaustauschgruppen oder Online-Foren beizutreten, in denen du dich mit Leuten austauschen kannst, die Finnisch sprechen.<\/p>\n\n\n\n<p><strong>5. Seien Sie geduldig und ausdauernd:<\/strong> Das Erlernen der finnischen Grammatik ist ein schwieriger Weg, aber mit Geduld und Hingabe werden Sie die Feinheiten der Sprache entschl\u00fcsseln und die Sprache beherrschen.<\/p>\n\n\n\n<h3 class=\"wp-block-heading\" id=\"h-conclusion\">Schlussfolgerung:<\/h3>\n\n\n\n<p>Die Welt der finnischen Grammatik ist zwar komplex, aber faszinierend, die durch Entschlossenheit und \u00dcbung entwirrt werden kann. Indem Sie sich mit den Kernelementen der finnischen Grammatik vertraut machen und unsere Lernstrategien befolgen, ebnen Sie den Weg zu einem fl\u00fcssigen Sprachgebrauch und einer tieferen Wertsch\u00e4tzung dieser fesselnden Sprache. Tauchen Sie also mit einer positiven Einstellung in die Feinheiten der finnischen Grammatik ein, und ehe Sie sich versehen, werden Sie selbstbewusst durch die sprachliche Landschaft des Suomi navigieren!<\/p>\n<\/div><\/div>\n\r\n<section class=\"learnNavigationSection\">\r\n            \r\n        <a href=\"https:\/\/talkpal.ai\/de\/finnisch-lernen\/\">\r\n            <div class=\"learnNavigationWrapper\">\r\n                <div class=\"learnNavigationContent\">\r\n                    <img decoding=\"async\" src=\"https:\/\/talkpal.ai\/wp-content\/uploads\/2024\/08\/Finnish.jpg\" alt=\"Finnish Flag\">\r\n                    <div>\r\n                        <h4>\u00dcber Finnisch lernen<\/h4>\r\n                        <p>Erfahren Sie alles \u00fcber die finnische Grammatik.<\/p>\r\n                    <\/div>\r\n                <\/div>\r\n            <\/div>\r\n        <\/a>\r\n\r\n        \r\n        <a href=\"https:\/\/talkpal.ai\/de\/finnische-grammatikuebungen\/\">\r\n            <div class=\"learnNavigationWrapper\">\r\n                <div class=\"learnNavigationContent\">\r\n                    <img decoding=\"async\" src=\"https:\/\/talkpal.ai\/wp-content\/uploads\/2024\/08\/Finnish.jpg\" alt=\"Finnish Flag\">\r\n                    <div>\r\n                        <h4>Finnische Grammatik \u00dcbung<\/h4>\r\n                        <p>\u00dcbe die finnische Grammatik .<\/p>\r\n                    <\/div>\r\n                <\/div>\r\n            <\/div>\r\n        <\/a>\r\n\r\n        \r\n        <a href=\"https:\/\/talkpal.ai\/vocabulary_language\/finnish\/\">\r\n            <div class=\"learnNavigationWrapper\">\r\n                <div class=\"learnNavigationContent\">\r\n                    <img decoding=\"async\" src=\"https:\/\/talkpal.ai\/wp-content\/uploads\/2024\/08\/Finnish.jpg\" alt=\"Finnish Flag\">\r\n                    <div>\r\n                        <h4>Finnischer Wortschatz<\/h4>\r\n                        <p>Erweitern Sie Ihren finnischen Wortschatz.<\/p>\r\n                    <\/div>\r\n                <\/div>\r\n            <\/div>\r\n        <\/a>\r\n\r\n            <\/section>","protected":false},"excerpt":{"rendered":"<p>Finnische Grammatik: Ein Leitfaden zur Beherrschung der Komplexit\u00e4t der finnischen Sprache Finnisch, eine einzigartige und faszinierende Sprache, die von etwa 5 Millionen Menschen gesprochen wird, ist bekannt f\u00fcr ihre Komplexit\u00e4t und ihr unverwechselbares Grammatiksystem. Auf den ersten Blick m\u00f6gen die Regeln und Strukturen der finnischen Grammatik entmutigend erscheinen, aber keine Angst! Mit Geduld, \u00dcbung und [&hellip;]<\/p>\n","protected":false},"author":1,"featured_media":11566,"parent":0,"menu_order":0,"comment_status":"closed","ping_status":"closed","template":"LearningContentPage.php","meta":{"_acf_changed":false,"footnotes":""},"class_list":["post-74321","page","type-page","status-publish","has-post-thumbnail","hentry"],"acf":[],"yoast_head":"<!-- This site is optimized with the Yoast SEO Premium plugin v27.2 (Yoast SEO v27.2) - https:\/\/yoast.com\/product\/yoast-seo-premium-wordpress\/ -->\n<title>Finnische Grammatik - Talkpal<\/title>\n<meta name=\"description\" content=\"Lernen Sie die wichtigsten Aspekte der finnischen Grammatik, einschlie\u00dflich F\u00e4lle, Verben, Satzbau und Aussprachetipps, um die finnische Sprache zu beherrschen.\" \/>\n<meta name=\"robots\" content=\"index, follow, max-snippet:-1, max-image-preview:large, max-video-preview:-1\" \/>\n<link rel=\"canonical\" href=\"https:\/\/talkpal.ai\/de\/finnische-grammatik\/\" \/>\n<meta property=\"og:locale\" content=\"de_DE\" \/>\n<meta property=\"og:type\" content=\"article\" \/>\n<meta property=\"og:title\" content=\"Finnische Grammatik\" \/>\n<meta property=\"og:description\" content=\"Finnische Grammatik: Ein Leitfaden zur Beherrschung der Komplexit\u00e4t der finnischen Sprache Finnisch, eine einzigartige und faszinierende Sprache, die von\" \/>\n<meta property=\"og:url\" content=\"https:\/\/talkpal.ai\/de\/finnische-grammatik\/\" \/>\n<meta property=\"og:site_name\" content=\"Talkpal\" \/>\n<meta property=\"article:publisher\" content=\"https:\/\/www.facebook.com\/profile.php?id=100090733639311\" \/>\n<meta property=\"article:modified_time\" content=\"2025-12-11T17:07:29+00:00\" \/>\n<meta property=\"og:image\" content=\"https:\/\/talkpal.ai\/wp-content\/uploads\/2023\/04\/finland.png\" \/>\n\t<meta property=\"og:image:width\" content=\"512\" \/>\n\t<meta property=\"og:image:height\" content=\"512\" \/>\n\t<meta property=\"og:image:type\" content=\"image\/png\" \/>\n<meta name=\"twitter:card\" content=\"summary_large_image\" \/>\n<meta name=\"twitter:site\" content=\"@talkpalai\" \/>\n<meta name=\"twitter:label1\" content=\"Gesch\u00e4tzte Lesezeit\" \/>\n\t<meta name=\"twitter:data1\" content=\"3\u00a0Minuten\" \/>\n<script type=\"application\/ld+json\" class=\"yoast-schema-graph\">{\"@context\":\"https:\/\/schema.org\",\"@graph\":[{\"@type\":\"WebPage\",\"@id\":\"https:\/\/talkpal.ai\/de\/finnische-grammatik\/\",\"url\":\"https:\/\/talkpal.ai\/de\/finnische-grammatik\/\",\"name\":\"Finnische Grammatik - Talkpal\",\"isPartOf\":{\"@id\":\"https:\/\/talkpal.ai\/de\/#website\"},\"primaryImageOfPage\":{\"@id\":\"https:\/\/talkpal.ai\/de\/finnische-grammatik\/#primaryimage\"},\"image\":{\"@id\":\"https:\/\/talkpal.ai\/de\/finnische-grammatik\/#primaryimage\"},\"thumbnailUrl\":\"https:\/\/talkpal.ai\/wp-content\/uploads\/2023\/04\/finland.png\",\"datePublished\":\"2023-05-14T13:50:21+00:00\",\"dateModified\":\"2025-12-11T17:07:29+00:00\",\"description\":\"Lernen Sie die wichtigsten Aspekte der finnischen Grammatik, einschlie\u00dflich F\u00e4lle, Verben, Satzbau und Aussprachetipps, um die finnische Sprache zu beherrschen.\",\"breadcrumb\":{\"@id\":\"https:\/\/talkpal.ai\/de\/finnische-grammatik\/#breadcrumb\"},\"inLanguage\":\"de\",\"potentialAction\":[{\"@type\":\"ReadAction\",\"target\":[\"https:\/\/talkpal.ai\/de\/finnische-grammatik\/\"]}]},{\"@type\":\"ImageObject\",\"inLanguage\":\"de\",\"@id\":\"https:\/\/talkpal.ai\/de\/finnische-grammatik\/#primaryimage\",\"url\":\"https:\/\/talkpal.ai\/wp-content\/uploads\/2023\/04\/finland.png\",\"contentUrl\":\"https:\/\/talkpal.ai\/wp-content\/uploads\/2023\/04\/finland.png\",\"width\":512,\"height\":512,\"caption\":\"TalkPal finland Flag\"},{\"@type\":\"BreadcrumbList\",\"@id\":\"https:\/\/talkpal.ai\/de\/finnische-grammatik\/#breadcrumb\",\"itemListElement\":[{\"@type\":\"ListItem\",\"position\":1,\"name\":\"Homepage\",\"item\":\"https:\/\/talkpal.ai\/de\/\"},{\"@type\":\"ListItem\",\"position\":2,\"name\":\"Finnische Grammatik\"}]},{\"@type\":\"WebSite\",\"@id\":\"https:\/\/talkpal.ai\/de\/#website\",\"url\":\"https:\/\/talkpal.ai\/de\/\",\"name\":\"Talkpal\",\"description\":\"AI Language Learning\",\"publisher\":{\"@id\":\"https:\/\/talkpal.ai\/de\/#organization\"},\"alternateName\":\"Talkpal AI\",\"potentialAction\":[{\"@type\":\"SearchAction\",\"target\":{\"@type\":\"EntryPoint\",\"urlTemplate\":\"https:\/\/talkpal.ai\/de\/?s={search_term_string}\"},\"query-input\":{\"@type\":\"PropertyValueSpecification\",\"valueRequired\":true,\"valueName\":\"search_term_string\"}}],\"inLanguage\":\"de\"},{\"@type\":\"Organization\",\"@id\":\"https:\/\/talkpal.ai\/de\/#organization\",\"name\":\"Talkpal, Inc.\",\"alternateName\":\"Talkpal AI\",\"url\":\"https:\/\/talkpal.ai\/de\/\",\"logo\":{\"@type\":\"ImageObject\",\"inLanguage\":\"de\",\"@id\":\"https:\/\/talkpal.ai\/de\/#\/schema\/logo\/image\/\",\"url\":\"https:\/\/talkpal.ai\/wp-content\/uploads\/2024\/03\/Talkpal-Logo-Icon.png\",\"contentUrl\":\"https:\/\/talkpal.ai\/wp-content\/uploads\/2024\/03\/Talkpal-Logo-Icon.png\",\"width\":2880,\"height\":2880,\"caption\":\"Talkpal, Inc.\"},\"image\":{\"@id\":\"https:\/\/talkpal.ai\/de\/#\/schema\/logo\/image\/\"},\"sameAs\":[\"https:\/\/www.facebook.com\/profile.php?id=100090733639311\",\"https:\/\/x.com\/talkpalai\",\"https:\/\/www.linkedin.com\/company\/talkpal\/\",\"https:\/\/www.youtube.com\/@TalkPal\/\",\"https:\/\/www.tiktok.com\/@talkpal\",\"https:\/\/www.instagram.com\/talkpal_ai\/\",\"https:\/\/www.crunchbase.com\/organization\/talkpal-9cde\",\"https:\/\/www.g2.com\/products\/talkpal-for-business\/\",\"https:\/\/www.trustpilot.com\/review\/talkpal.ai\",\"https:\/\/www.capterra.com\/p\/10006800\/TalkPal\/\"],\"description\":\"Talkpal is a language learning web and mobile education app, powered by the latest AI technologies, that provides engaging experiences to its customers in many different languages to help them improve their language skills. Users can chat about unlimited amount of topics with the app and use other modes to practice their language learning.\",\"email\":\"support@talkpal.ai\",\"legalName\":\"Talkpal, Inc.\",\"foundingDate\":\"2023-04-03\",\"duns\":\"118989042\",\"numberOfEmployees\":{\"@type\":\"QuantitativeValue\",\"minValue\":\"11\",\"maxValue\":\"50\"},\"publishingPrinciples\":\"https:\/\/talkpal.ai\/publishing-principles\/\",\"actionableFeedbackPolicy\":\"https:\/\/talkpal.ai\/actionable-feedback-policy\/\",\"correctionsPolicy\":\"https:\/\/talkpal.ai\/corrections-policy\/\",\"ethicsPolicy\":\"https:\/\/talkpal.ai\/ethics-policy\/\",\"diversityPolicy\":\"https:\/\/talkpal.ai\/diversity-policy\/\",\"diversityStaffingReport\":\"https:\/\/talkpal.ai\/diversity-policy\/\"}]}<\/script>\n<!-- \/ Yoast SEO Premium plugin. -->","yoast_head_json":{"title":"Finnische Grammatik - Talkpal","description":"Lernen Sie die wichtigsten Aspekte der finnischen Grammatik, einschlie\u00dflich F\u00e4lle, Verben, Satzbau und Aussprachetipps, um die finnische Sprache zu beherrschen.","robots":{"index":"index","follow":"follow","max-snippet":"max-snippet:-1","max-image-preview":"max-image-preview:large","max-video-preview":"max-video-preview:-1"},"canonical":"https:\/\/talkpal.ai\/de\/finnische-grammatik\/","og_locale":"de_DE","og_type":"article","og_title":"Finnische Grammatik","og_description":"Finnische Grammatik: Ein Leitfaden zur Beherrschung der Komplexit\u00e4t der finnischen Sprache Finnisch, eine einzigartige und faszinierende Sprache, die von","og_url":"https:\/\/talkpal.ai\/de\/finnische-grammatik\/","og_site_name":"Talkpal","article_publisher":"https:\/\/www.facebook.com\/profile.php?id=100090733639311","article_modified_time":"2025-12-11T17:07:29+00:00","og_image":[{"width":512,"height":512,"url":"https:\/\/talkpal.ai\/wp-content\/uploads\/2023\/04\/finland.png","type":"image\/png"}],"twitter_card":"summary_large_image","twitter_site":"@talkpalai","twitter_misc":{"Gesch\u00e4tzte Lesezeit":"3\u00a0Minuten"},"schema":{"@context":"https:\/\/schema.org","@graph":[{"@type":"WebPage","@id":"https:\/\/talkpal.ai\/de\/finnische-grammatik\/","url":"https:\/\/talkpal.ai\/de\/finnische-grammatik\/","name":"Finnische Grammatik - Talkpal","isPartOf":{"@id":"https:\/\/talkpal.ai\/de\/#website"},"primaryImageOfPage":{"@id":"https:\/\/talkpal.ai\/de\/finnische-grammatik\/#primaryimage"},"image":{"@id":"https:\/\/talkpal.ai\/de\/finnische-grammatik\/#primaryimage"},"thumbnailUrl":"https:\/\/talkpal.ai\/wp-content\/uploads\/2023\/04\/finland.png","datePublished":"2023-05-14T13:50:21+00:00","dateModified":"2025-12-11T17:07:29+00:00","description":"Lernen Sie die wichtigsten Aspekte der finnischen Grammatik, einschlie\u00dflich F\u00e4lle, Verben, Satzbau und Aussprachetipps, um die finnische Sprache zu beherrschen.","breadcrumb":{"@id":"https:\/\/talkpal.ai\/de\/finnische-grammatik\/#breadcrumb"},"inLanguage":"de","potentialAction":[{"@type":"ReadAction","target":["https:\/\/talkpal.ai\/de\/finnische-grammatik\/"]}]},{"@type":"ImageObject","inLanguage":"de","@id":"https:\/\/talkpal.ai\/de\/finnische-grammatik\/#primaryimage","url":"https:\/\/talkpal.ai\/wp-content\/uploads\/2023\/04\/finland.png","contentUrl":"https:\/\/talkpal.ai\/wp-content\/uploads\/2023\/04\/finland.png","width":512,"height":512,"caption":"TalkPal finland Flag"},{"@type":"BreadcrumbList","@id":"https:\/\/talkpal.ai\/de\/finnische-grammatik\/#breadcrumb","itemListElement":[{"@type":"ListItem","position":1,"name":"Homepage","item":"https:\/\/talkpal.ai\/de\/"},{"@type":"ListItem","position":2,"name":"Finnische Grammatik"}]},{"@type":"WebSite","@id":"https:\/\/talkpal.ai\/de\/#website","url":"https:\/\/talkpal.ai\/de\/","name":"Talkpal","description":"AI Language Learning","publisher":{"@id":"https:\/\/talkpal.ai\/de\/#organization"},"alternateName":"Talkpal AI","potentialAction":[{"@type":"SearchAction","target":{"@type":"EntryPoint","urlTemplate":"https:\/\/talkpal.ai\/de\/?s={search_term_string}"},"query-input":{"@type":"PropertyValueSpecification","valueRequired":true,"valueName":"search_term_string"}}],"inLanguage":"de"},{"@type":"Organization","@id":"https:\/\/talkpal.ai\/de\/#organization","name":"Talkpal, Inc.","alternateName":"Talkpal AI","url":"https:\/\/talkpal.ai\/de\/","logo":{"@type":"ImageObject","inLanguage":"de","@id":"https:\/\/talkpal.ai\/de\/#\/schema\/logo\/image\/","url":"https:\/\/talkpal.ai\/wp-content\/uploads\/2024\/03\/Talkpal-Logo-Icon.png","contentUrl":"https:\/\/talkpal.ai\/wp-content\/uploads\/2024\/03\/Talkpal-Logo-Icon.png","width":2880,"height":2880,"caption":"Talkpal, Inc."},"image":{"@id":"https:\/\/talkpal.ai\/de\/#\/schema\/logo\/image\/"},"sameAs":["https:\/\/www.facebook.com\/profile.php?id=100090733639311","https:\/\/x.com\/talkpalai","https:\/\/www.linkedin.com\/company\/talkpal\/","https:\/\/www.youtube.com\/@TalkPal\/","https:\/\/www.tiktok.com\/@talkpal","https:\/\/www.instagram.com\/talkpal_ai\/","https:\/\/www.crunchbase.com\/organization\/talkpal-9cde","https:\/\/www.g2.com\/products\/talkpal-for-business\/","https:\/\/www.trustpilot.com\/review\/talkpal.ai","https:\/\/www.capterra.com\/p\/10006800\/TalkPal\/"],"description":"Talkpal is a language learning web and mobile education app, powered by the latest AI technologies, that provides engaging experiences to its customers in many different languages to help them improve their language skills. Users can chat about unlimited amount of topics with the app and use other modes to practice their language learning.","email":"support@talkpal.ai","legalName":"Talkpal, Inc.","foundingDate":"2023-04-03","duns":"118989042","numberOfEmployees":{"@type":"QuantitativeValue","minValue":"11","maxValue":"50"},"publishingPrinciples":"https:\/\/talkpal.ai\/publishing-principles\/","actionableFeedbackPolicy":"https:\/\/talkpal.ai\/actionable-feedback-policy\/","correctionsPolicy":"https:\/\/talkpal.ai\/corrections-policy\/","ethicsPolicy":"https:\/\/talkpal.ai\/ethics-policy\/","diversityPolicy":"https:\/\/talkpal.ai\/diversity-policy\/","diversityStaffingReport":"https:\/\/talkpal.ai\/diversity-policy\/"}]}},"_links":{"self":[{"href":"https:\/\/talkpal.ai\/de\/wp-json\/wp\/v2\/pages\/74321","targetHints":{"allow":["GET"]}}],"collection":[{"href":"https:\/\/talkpal.ai\/de\/wp-json\/wp\/v2\/pages"}],"about":[{"href":"https:\/\/talkpal.ai\/de\/wp-json\/wp\/v2\/types\/page"}],"author":[{"embeddable":true,"href":"https:\/\/talkpal.ai\/de\/wp-json\/wp\/v2\/users\/1"}],"replies":[{"embeddable":true,"href":"https:\/\/talkpal.ai\/de\/wp-json\/wp\/v2\/comments?post=74321"}],"version-history":[{"count":0,"href":"https:\/\/talkpal.ai\/de\/wp-json\/wp\/v2\/pages\/74321\/revisions"}],"wp:featuredmedia":[{"embeddable":true,"href":"https:\/\/talkpal.ai\/de\/wp-json\/wp\/v2\/media\/11566"}],"wp:attachment":[{"href":"https:\/\/talkpal.ai\/de\/wp-json\/wp\/v2\/media?parent=74321"}],"curies":[{"name":"wp","href":"https:\/\/api.w.org\/{rel}","templated":true}]}}