{"id":74319,"date":"2023-05-14T13:53:07","date_gmt":"2023-05-14T13:53:07","guid":{"rendered":"http:\/\/talkpal.ai\/schwedische-grammatik\/"},"modified":"2025-12-11T16:33:33","modified_gmt":"2025-12-11T16:33:33","slug":"schwedische-grammatik","status":"publish","type":"page","link":"https:\/\/talkpal.ai\/de\/schwedische-grammatik\/","title":{"rendered":"Schwedische Grammatik"},"content":{"rendered":"\r\n\r\n\r\n<section class=\"languageChallengeSection\">\r\n    <div class=\"languageInfoWrapper\">\r\n        \r\n        <h1>Schwedische Grammatik<\/h1>\r\n        <p>Entdecken Sie die Sch\u00f6nheit der schwedischen Sprache, indem Sie die wichtigsten Grammatikregeln beherrschen. Ein solides Verst\u00e4ndnis der schwedischen <a href=\"https:\/\/talkpal.ai\/fr\/les\/\">Grammatik<\/a> wird es Ihnen erm\u00f6glichen, selbstbewusst zu kommunizieren und die schwedische Kultur kennenzulernen. Beginnen Sie noch heute mit dem Erlernen der schwedischen Grammatik und machen Sie den ersten Schritt in Richtung flie\u00dfendes Sprechen!<\/p>\r\n\r\n                            <a class=\"getStartedHidden\" href=\"https:\/\/app.talkpal.ai\/de\/signup?lng=\">Leg los<\/a>\r\n        \r\n    <\/div>\r\n\r\n    <figure>\r\n    <img decoding=\"async\" width=\"768\" height=\"768\" src=\"https:\/\/talkpal.ai\/wp-content\/uploads\/2023\/06\/swedish-768x768.png\" class=\"languageImage no-lazy\" alt=\"Default alt text\" fetchpriority=\"high\" sizes=\"(max-width: 768px) 150px, 768px\" srcset=\"https:\/\/talkpal.ai\/wp-content\/uploads\/2023\/06\/swedish-768x768.png 768w, https:\/\/talkpal.ai\/wp-content\/uploads\/2023\/06\/swedish-300x300.png 300w\" \/>\r\n    \r\n\r\n    <\/figure>\r\n\r\n            <a class=\"getStartedVisible\" href=\"https:\/\/app.talkpal.ai\/de\/signup?lng=\">Leg los<\/a>\r\n    \r\n<\/section>\r\n        <section class=\"grammarSection\">\r\n            <div class=\"grammarLinks\">\r\n                <a href=\"https:\/\/talkpal.ai\/de\/language\/adjektive-schwedische-grammatik\/\">Adjektive <\/a><a href=\"https:\/\/talkpal.ai\/de\/language\/adverbien-schwedische-grammatik\/\">Adverbien <\/a><a href=\"https:\/\/talkpal.ai\/de\/language\/artikel-schwedische-grammatik\/\">Artikel <\/a><a href=\"https:\/\/talkpal.ai\/de\/language\/indikativ-der-zeitformen-schwedische-grammatik\/\">Indikativ der Zeitformen <\/a><a href=\"https:\/\/talkpal.ai\/de\/language\/prapositionen-schwedische-grammatik\/\">Pr\u00e4positionen <\/a><a href=\"https:\/\/talkpal.ai\/de\/language\/pronomen-schwedische-grammatik\/\">Pronomen <\/a><a href=\"https:\/\/talkpal.ai\/de\/language\/satzbau-schwedische-grammatik\/\">Satzbau <\/a><a href=\"https:\/\/talkpal.ai\/de\/language\/substantive-schwedische-grammatik\/\">Substantive <\/a><a href=\"https:\/\/talkpal.ai\/de\/language\/verben-schwedische-grammatik\/\">Verben <\/a><a href=\"https:\/\/talkpal.ai\/de\/language\/zeitformen-konjunktiv-schwedische-grammatik\/\">Zeitformen Konjunktiv <\/a><a href=\"https:\/\/talkpal.ai\/de\/language\/zeitvergleich-schwedische-grammatik\/\">Zeitvergleich <\/a>            <\/div>\r\n        <\/section>\r\n    <section class=\"promotionalBanner\">\r\n    <p class=\"promotionalText\">Der effizienteste Weg, eine Sprache zu lernen<\/p>\r\n    <a class=\"promotionalLink\" href=\"https:\/\/app.talkpal.ai\/de\/signup?lng=\">Talkpal kostenlos<\/a>\r\n<\/section>\n<div class=\"wp-block-group pageContainerStyle\"><div class=\"wp-block-group__inner-container is-layout-constrained wp-block-group-is-layout-constrained\">\n<h2 class=\"wp-block-heading\" id=\"h-demystifying-swedish-grammar-a-comprehensive-guide-to-master-its-rules-and-nuances\">Entmystifizierung der schwedischen Grammatik: Ein umfassender Leitfaden, um ihre Regeln und Nuancen zu beherrschen<\/h2>\n\n\n\n<p><a href=\"https:\/\/talkpal.ai\/learn-swedish\/\">Schwedisch<\/a>, das von etwa 10 Millionen Menschen gesprochen wird, ist eine reiche und melodische Sprache, die zur nordgermanischen Familie geh\u00f6rt. Obwohl die <a href=\"https:\/\/talkpal.ai\/es\/gramatica-sueca\/\">schwedische Grammatik<\/a> im Vergleich zu einigen anderen Sprachen relativ einfach ist, ist das Verst\u00e4ndnis ihrer Regeln und Struktur der Schl\u00fcssel zur Verbesserung Ihrer Sprachkenntnisse. In diesem Artikel f\u00fchren wir Sie durch die grundlegenden Aspekte der schwedischen Grammatik und geben Ihnen hilfreiche Tipps zur Verbesserung Ihrer Schwedischkenntnisse.<\/p>\n\n\n\n<h3 class=\"wp-block-heading\" id=\"h-essential-components-of-swedish-grammar\">Wesentliche Bestandteile der schwedischen Grammatik:<\/h3>\n\n\n\n<p>Die schwedische Grammatik hat \u00c4hnlichkeiten mit der englischen Grammatik, was es f\u00fcr Englischsprachige einfacher macht, sie zu erlernen. Hier sind einige wichtige Aspekte der schwedischen Grammatik, mit denen Sie sich vertraut machen sollten:<\/p>\n\n\n\n<p><strong>1.<\/strong> Substantive: Schwedische Substantive werden in zwei grammatikalische Geschlechter unterteilt: Common (en) und Neutrum (ett). Jedes Substantiv geh\u00f6rt zu einer dieser Kategorien, was bei der Verwendung von unbestimmten und bestimmten Artikeln zu ber\u00fccksichtigen ist. Schwedische Substantive haben auch Pluralformen, mit mehreren unterschiedlichen Mustern, die man sich merken sollte.<\/p>\n\n\n\n<p><strong>2. Adjektive:<\/strong> Adjektive stimmen im Schwedischen mit dem Geschlecht des Substantivs \u00fcberein. Je nach Geschlecht des Substantivs gibt es drei Formen von Adjektiven: positiv, vergleichend und Superlativ. Adjektive stimmen auch in der Zahl \u00fcberein (Singular oder Plural).<\/p>\n\n\n\n<p><strong>3. Verben: Schwedische Verben<\/strong> werden in vier Gruppen eingeteilt, jede mit ihrem eigenen Konjugationsmuster. Verben werden nach der Zeitform (Gegenwart, Vergangenheit oder Zukunft) konjugiert, aber nicht nach dem Subjekt, wie im Englischen. Stattdessen bleiben die schwedischen Verbformen unabh\u00e4ngig vom Subjekt konsistent. Au\u00dferdem haben schwedische Verben keine kontinuierlichen Formen (d. h. -ing) wie im Englischen.<\/p>\n\n\n\n<p><strong>4. Satzstruktur:<\/strong> Die schwedische Satzstruktur ist in der Regel Subjekt-Verb-Objekt (SVO), \u00e4hnlich wie im Englischen. Im Schwedischen wird jedoch h\u00e4ufig die V2-Wortstellungsregel verwendet, bei der das Verb in deklarativen S\u00e4tzen und Fragen an zweiter Stelle steht.<\/p>\n\n\n\n<h3 class=\"wp-block-heading\" id=\"h-tips-for-learning-swedish-grammar\">Tipps zum Erlernen der schwedischen Grammatik:<\/h3>\n\n\n\n<p>Um das Erlernen der schwedischen Grammatik reibungsloser zu gestalten, finden Sie hier einige praktische Tipps, die Sie befolgen sollten:<\/p>\n\n\n\n<p><strong>1. \u00dcben Sie regelm\u00e4\u00dfig:<\/strong> Konsistenz ist der Schl\u00fcssel. Nehmen Sie sich jeden Tag oder jede Woche Zeit, um Grammatik\u00fcbungen zu \u00fcben, auf Schwedisch zu lesen und zu schreiben.<\/p>\n\n\n\n<p><strong>2. Verwenden Sie einheimische Ressourcen: Tauchen Sie<\/strong> ein in muttersprachliche schwedische Materialien wie Literatur, Nachrichtenartikel und Podcasts. Dies wird Ihnen <a href=\"https:\/\/talkpal.ai\/culture\/how-do-i-use-the-word-nicht-nur-sondern-auch\/\">nicht nur<\/a> helfen, die schwedische Grammatik im Kontext zu verstehen, sondern auch Ihre Lese- und H\u00f6rf\u00e4higkeiten zu verbessern.<\/p>\n\n\n\n<p><strong>3. Lerne die Geschlechter und den Plural von Substantiven:<\/strong> Es ist wichtig, sich das Geschlecht (en oder ett) und die Pluralformen schwedischer Substantive zu merken. Das \u00dcben im Laufe der Zeit wird dir schlie\u00dflich helfen, diese Regeln zu verinnerlichen.<\/p>\n\n\n\n<p><strong>4. Vernetzen Sie<\/strong> sich mit Muttersprachlern: Wenn Sie sich mit schwedischen Muttersprachlern unterhalten, k\u00f6nnen Sie die <a href=\"https:\/\/talkpal.ai\/grammar\/\">Grammatik \u00fcben<\/a> und wertvolles Feedback erhalten. Erw\u00e4gen Sie, Sprachaustauschgruppen oder Online-Foren beizutreten, um mit schwedischsprachigen Personen in <a href=\"https:\/\/talkpal.ai\/contact\/\">Kontakt<\/a> zu treten.<\/p>\n\n\n\n<p><strong>5. Seien Sie geduldig und hartn\u00e4ckig: Denken Sie<\/strong> daran, dass das Erlernen der Grammatik ein Prozess ist. Bleiben Sie engagiert, \u00fcben Sie weiter und feiern Sie Fortschritte auf dem Weg.<\/p>\n\n\n\n<h2 class=\"wp-block-heading\" id=\"h-conclusion\">Schlussfolgerung:<\/h2>\n\n\n\n<p>Die schwedische Grammatik scheint zwar komplex zu sein, kann aber mit Hingabe und einem Verst\u00e4ndnis ihrer integralen Bestandteile gemeistert werden. Wenn Sie unseren Vorschl\u00e4gen folgen und in die Sprache eintauchen, werden Sie eine stetige Verbesserung Ihrer Schwedischkenntnisse feststellen. Nehmen Sie die Herausforderung an und genie\u00dfen Sie die Reise zur schwedischen Grammatik!<\/p>\n<\/div><\/div>\n\r\n<section class=\"learnNavigationSection\">\r\n            \r\n        <a href=\"https:\/\/talkpal.ai\/de\/schwedisch-lernen\/\">\r\n            <div class=\"learnNavigationWrapper\">\r\n                <div class=\"learnNavigationContent\">\r\n                    <img decoding=\"async\" src=\"https:\/\/talkpal.ai\/wp-content\/uploads\/2024\/08\/Swedish.jpg\" alt=\"Swedish Flag\">\r\n                    <div>\r\n                        <h4>\u00dcber Swedish Learning<\/h4>\r\n                        <p>Erfahren Sie alles \u00fcber die schwedische Grammatik.<\/p>\r\n                    <\/div>\r\n                <\/div>\r\n            <\/div>\r\n        <\/a>\r\n\r\n        \r\n        <a href=\"https:\/\/talkpal.ai\/de\/schwedische-grammatikuebungen\/\">\r\n            <div class=\"learnNavigationWrapper\">\r\n                <div class=\"learnNavigationContent\">\r\n                    <img decoding=\"async\" src=\"https:\/\/talkpal.ai\/wp-content\/uploads\/2024\/08\/Swedish.jpg\" alt=\"Swedish Flag\">\r\n                    <div>\r\n                        <h4>\u00dcbung zur schwedischen Grammatik<\/h4>\r\n                        <p>\u00dcbe die schwedische Grammatik .<\/p>\r\n                    <\/div>\r\n                <\/div>\r\n            <\/div>\r\n        <\/a>\r\n\r\n        \r\n        <a href=\"https:\/\/talkpal.ai\/vocabulary_language\/swedish\/\">\r\n            <div class=\"learnNavigationWrapper\">\r\n                <div class=\"learnNavigationContent\">\r\n                    <img decoding=\"async\" src=\"https:\/\/talkpal.ai\/wp-content\/uploads\/2024\/08\/Swedish.jpg\" alt=\"Swedish Flag\">\r\n                    <div>\r\n                        <h4>Schwedischer Wortschatz<\/h4>\r\n                        <p>Erweitern Sie Ihren schwedischen Wortschatz.<\/p>\r\n                    <\/div>\r\n                <\/div>\r\n            <\/div>\r\n        <\/a>\r\n\r\n            <\/section>","protected":false},"excerpt":{"rendered":"<p>Entmystifizierung der schwedischen Grammatik: Ein umfassender Leitfaden, um ihre Regeln und Nuancen zu beherrschen Schwedisch, das von etwa 10 Millionen Menschen gesprochen wird, ist eine reiche und melodische Sprache, die zur nordgermanischen Familie geh\u00f6rt. Obwohl die schwedische Grammatik im Vergleich zu einigen anderen Sprachen relativ einfach ist, ist das Verst\u00e4ndnis ihrer Regeln und Struktur der [&hellip;]<\/p>\n","protected":false},"author":1,"featured_media":11615,"parent":0,"menu_order":0,"comment_status":"closed","ping_status":"closed","template":"LearningContentPage.php","meta":{"_acf_changed":false,"footnotes":""},"class_list":["post-74319","page","type-page","status-publish","has-post-thumbnail","hentry"],"acf":[],"yoast_head":"<!-- This site is optimized with the Yoast SEO Premium plugin v27.2 (Yoast SEO v27.2) - https:\/\/yoast.com\/product\/yoast-seo-premium-wordpress\/ -->\n<title>Schwedische Grammatik - Talkpal<\/title>\n<meta name=\"description\" content=\"Entschl\u00fcsseln Sie die Geheimnisse der schwedischen Grammatik und verbessern Sie Ihre Sprachkenntnisse mit grundlegenden Regeln und hilfreichen Tipps.\" \/>\n<meta name=\"robots\" content=\"index, follow, max-snippet:-1, max-image-preview:large, max-video-preview:-1\" \/>\n<link rel=\"canonical\" href=\"https:\/\/talkpal.ai\/de\/schwedische-grammatik\/\" \/>\n<meta property=\"og:locale\" content=\"de_DE\" \/>\n<meta property=\"og:type\" content=\"article\" \/>\n<meta property=\"og:title\" content=\"Schwedische Grammatik\" \/>\n<meta property=\"og:description\" content=\"Entmystifizierung der schwedischen Grammatik: Ein umfassender Leitfaden, um ihre Regeln und Nuancen zu beherrschen Schwedisch, das von etwa 10 Millionen\" \/>\n<meta property=\"og:url\" content=\"https:\/\/talkpal.ai\/de\/schwedische-grammatik\/\" \/>\n<meta property=\"og:site_name\" content=\"Talkpal\" \/>\n<meta property=\"article:publisher\" content=\"https:\/\/www.facebook.com\/profile.php?id=100090733639311\" \/>\n<meta property=\"article:modified_time\" content=\"2025-12-11T16:33:33+00:00\" \/>\n<meta property=\"og:image\" content=\"https:\/\/talkpal.ai\/wp-content\/uploads\/2023\/04\/sweden.png\" \/>\n\t<meta property=\"og:image:width\" content=\"512\" \/>\n\t<meta property=\"og:image:height\" content=\"512\" \/>\n\t<meta property=\"og:image:type\" content=\"image\/png\" \/>\n<meta name=\"twitter:card\" content=\"summary_large_image\" \/>\n<meta name=\"twitter:site\" content=\"@talkpalai\" \/>\n<meta name=\"twitter:label1\" content=\"Gesch\u00e4tzte Lesezeit\" \/>\n\t<meta name=\"twitter:data1\" content=\"3\u00a0Minuten\" \/>\n<script type=\"application\/ld+json\" class=\"yoast-schema-graph\">{\"@context\":\"https:\/\/schema.org\",\"@graph\":[{\"@type\":\"WebPage\",\"@id\":\"https:\/\/talkpal.ai\/de\/schwedische-grammatik\/\",\"url\":\"https:\/\/talkpal.ai\/de\/schwedische-grammatik\/\",\"name\":\"Schwedische Grammatik - Talkpal\",\"isPartOf\":{\"@id\":\"https:\/\/talkpal.ai\/de\/#website\"},\"primaryImageOfPage\":{\"@id\":\"https:\/\/talkpal.ai\/de\/schwedische-grammatik\/#primaryimage\"},\"image\":{\"@id\":\"https:\/\/talkpal.ai\/de\/schwedische-grammatik\/#primaryimage\"},\"thumbnailUrl\":\"https:\/\/talkpal.ai\/wp-content\/uploads\/2023\/04\/sweden.png\",\"datePublished\":\"2023-05-14T13:53:07+00:00\",\"dateModified\":\"2025-12-11T16:33:33+00:00\",\"description\":\"Entschl\u00fcsseln Sie die Geheimnisse der schwedischen Grammatik und verbessern Sie Ihre Sprachkenntnisse mit grundlegenden Regeln und hilfreichen Tipps.\",\"breadcrumb\":{\"@id\":\"https:\/\/talkpal.ai\/de\/schwedische-grammatik\/#breadcrumb\"},\"inLanguage\":\"de\",\"potentialAction\":[{\"@type\":\"ReadAction\",\"target\":[\"https:\/\/talkpal.ai\/de\/schwedische-grammatik\/\"]}]},{\"@type\":\"ImageObject\",\"inLanguage\":\"de\",\"@id\":\"https:\/\/talkpal.ai\/de\/schwedische-grammatik\/#primaryimage\",\"url\":\"https:\/\/talkpal.ai\/wp-content\/uploads\/2023\/04\/sweden.png\",\"contentUrl\":\"https:\/\/talkpal.ai\/wp-content\/uploads\/2023\/04\/sweden.png\",\"width\":512,\"height\":512},{\"@type\":\"BreadcrumbList\",\"@id\":\"https:\/\/talkpal.ai\/de\/schwedische-grammatik\/#breadcrumb\",\"itemListElement\":[{\"@type\":\"ListItem\",\"position\":1,\"name\":\"Homepage\",\"item\":\"https:\/\/talkpal.ai\/de\/\"},{\"@type\":\"ListItem\",\"position\":2,\"name\":\"Schwedische Grammatik\"}]},{\"@type\":\"WebSite\",\"@id\":\"https:\/\/talkpal.ai\/de\/#website\",\"url\":\"https:\/\/talkpal.ai\/de\/\",\"name\":\"Talkpal\",\"description\":\"AI Language Learning\",\"publisher\":{\"@id\":\"https:\/\/talkpal.ai\/de\/#organization\"},\"alternateName\":\"Talkpal AI\",\"potentialAction\":[{\"@type\":\"SearchAction\",\"target\":{\"@type\":\"EntryPoint\",\"urlTemplate\":\"https:\/\/talkpal.ai\/de\/?s={search_term_string}\"},\"query-input\":{\"@type\":\"PropertyValueSpecification\",\"valueRequired\":true,\"valueName\":\"search_term_string\"}}],\"inLanguage\":\"de\"},{\"@type\":\"Organization\",\"@id\":\"https:\/\/talkpal.ai\/de\/#organization\",\"name\":\"Talkpal, Inc.\",\"alternateName\":\"Talkpal AI\",\"url\":\"https:\/\/talkpal.ai\/de\/\",\"logo\":{\"@type\":\"ImageObject\",\"inLanguage\":\"de\",\"@id\":\"https:\/\/talkpal.ai\/de\/#\/schema\/logo\/image\/\",\"url\":\"https:\/\/talkpal.ai\/wp-content\/uploads\/2024\/03\/Talkpal-Logo-Icon.png\",\"contentUrl\":\"https:\/\/talkpal.ai\/wp-content\/uploads\/2024\/03\/Talkpal-Logo-Icon.png\",\"width\":2880,\"height\":2880,\"caption\":\"Talkpal, Inc.\"},\"image\":{\"@id\":\"https:\/\/talkpal.ai\/de\/#\/schema\/logo\/image\/\"},\"sameAs\":[\"https:\/\/www.facebook.com\/profile.php?id=100090733639311\",\"https:\/\/x.com\/talkpalai\",\"https:\/\/www.linkedin.com\/company\/talkpal\/\",\"https:\/\/www.youtube.com\/@TalkPal\/\",\"https:\/\/www.tiktok.com\/@talkpal\",\"https:\/\/www.instagram.com\/talkpal_ai\/\",\"https:\/\/www.crunchbase.com\/organization\/talkpal-9cde\",\"https:\/\/www.g2.com\/products\/talkpal-for-business\/\",\"https:\/\/www.trustpilot.com\/review\/talkpal.ai\",\"https:\/\/www.capterra.com\/p\/10006800\/TalkPal\/\"],\"description\":\"Talkpal is a language learning web and mobile education app, powered by the latest AI technologies, that provides engaging experiences to its customers in many different languages to help them improve their language skills. Users can chat about unlimited amount of topics with the app and use other modes to practice their language learning.\",\"email\":\"support@talkpal.ai\",\"legalName\":\"Talkpal, Inc.\",\"foundingDate\":\"2023-04-03\",\"duns\":\"118989042\",\"numberOfEmployees\":{\"@type\":\"QuantitativeValue\",\"minValue\":\"11\",\"maxValue\":\"50\"},\"publishingPrinciples\":\"https:\/\/talkpal.ai\/publishing-principles\/\",\"actionableFeedbackPolicy\":\"https:\/\/talkpal.ai\/actionable-feedback-policy\/\",\"correctionsPolicy\":\"https:\/\/talkpal.ai\/corrections-policy\/\",\"ethicsPolicy\":\"https:\/\/talkpal.ai\/ethics-policy\/\",\"diversityPolicy\":\"https:\/\/talkpal.ai\/diversity-policy\/\",\"diversityStaffingReport\":\"https:\/\/talkpal.ai\/diversity-policy\/\"}]}<\/script>\n<!-- \/ Yoast SEO Premium plugin. -->","yoast_head_json":{"title":"Schwedische Grammatik - Talkpal","description":"Entschl\u00fcsseln Sie die Geheimnisse der schwedischen Grammatik und verbessern Sie Ihre Sprachkenntnisse mit grundlegenden Regeln und hilfreichen Tipps.","robots":{"index":"index","follow":"follow","max-snippet":"max-snippet:-1","max-image-preview":"max-image-preview:large","max-video-preview":"max-video-preview:-1"},"canonical":"https:\/\/talkpal.ai\/de\/schwedische-grammatik\/","og_locale":"de_DE","og_type":"article","og_title":"Schwedische Grammatik","og_description":"Entmystifizierung der schwedischen Grammatik: Ein umfassender Leitfaden, um ihre Regeln und Nuancen zu beherrschen Schwedisch, das von etwa 10 Millionen","og_url":"https:\/\/talkpal.ai\/de\/schwedische-grammatik\/","og_site_name":"Talkpal","article_publisher":"https:\/\/www.facebook.com\/profile.php?id=100090733639311","article_modified_time":"2025-12-11T16:33:33+00:00","og_image":[{"width":512,"height":512,"url":"https:\/\/talkpal.ai\/wp-content\/uploads\/2023\/04\/sweden.png","type":"image\/png"}],"twitter_card":"summary_large_image","twitter_site":"@talkpalai","twitter_misc":{"Gesch\u00e4tzte Lesezeit":"3\u00a0Minuten"},"schema":{"@context":"https:\/\/schema.org","@graph":[{"@type":"WebPage","@id":"https:\/\/talkpal.ai\/de\/schwedische-grammatik\/","url":"https:\/\/talkpal.ai\/de\/schwedische-grammatik\/","name":"Schwedische Grammatik - Talkpal","isPartOf":{"@id":"https:\/\/talkpal.ai\/de\/#website"},"primaryImageOfPage":{"@id":"https:\/\/talkpal.ai\/de\/schwedische-grammatik\/#primaryimage"},"image":{"@id":"https:\/\/talkpal.ai\/de\/schwedische-grammatik\/#primaryimage"},"thumbnailUrl":"https:\/\/talkpal.ai\/wp-content\/uploads\/2023\/04\/sweden.png","datePublished":"2023-05-14T13:53:07+00:00","dateModified":"2025-12-11T16:33:33+00:00","description":"Entschl\u00fcsseln Sie die Geheimnisse der schwedischen Grammatik und verbessern Sie Ihre Sprachkenntnisse mit grundlegenden Regeln und hilfreichen Tipps.","breadcrumb":{"@id":"https:\/\/talkpal.ai\/de\/schwedische-grammatik\/#breadcrumb"},"inLanguage":"de","potentialAction":[{"@type":"ReadAction","target":["https:\/\/talkpal.ai\/de\/schwedische-grammatik\/"]}]},{"@type":"ImageObject","inLanguage":"de","@id":"https:\/\/talkpal.ai\/de\/schwedische-grammatik\/#primaryimage","url":"https:\/\/talkpal.ai\/wp-content\/uploads\/2023\/04\/sweden.png","contentUrl":"https:\/\/talkpal.ai\/wp-content\/uploads\/2023\/04\/sweden.png","width":512,"height":512},{"@type":"BreadcrumbList","@id":"https:\/\/talkpal.ai\/de\/schwedische-grammatik\/#breadcrumb","itemListElement":[{"@type":"ListItem","position":1,"name":"Homepage","item":"https:\/\/talkpal.ai\/de\/"},{"@type":"ListItem","position":2,"name":"Schwedische Grammatik"}]},{"@type":"WebSite","@id":"https:\/\/talkpal.ai\/de\/#website","url":"https:\/\/talkpal.ai\/de\/","name":"Talkpal","description":"AI Language Learning","publisher":{"@id":"https:\/\/talkpal.ai\/de\/#organization"},"alternateName":"Talkpal AI","potentialAction":[{"@type":"SearchAction","target":{"@type":"EntryPoint","urlTemplate":"https:\/\/talkpal.ai\/de\/?s={search_term_string}"},"query-input":{"@type":"PropertyValueSpecification","valueRequired":true,"valueName":"search_term_string"}}],"inLanguage":"de"},{"@type":"Organization","@id":"https:\/\/talkpal.ai\/de\/#organization","name":"Talkpal, Inc.","alternateName":"Talkpal AI","url":"https:\/\/talkpal.ai\/de\/","logo":{"@type":"ImageObject","inLanguage":"de","@id":"https:\/\/talkpal.ai\/de\/#\/schema\/logo\/image\/","url":"https:\/\/talkpal.ai\/wp-content\/uploads\/2024\/03\/Talkpal-Logo-Icon.png","contentUrl":"https:\/\/talkpal.ai\/wp-content\/uploads\/2024\/03\/Talkpal-Logo-Icon.png","width":2880,"height":2880,"caption":"Talkpal, Inc."},"image":{"@id":"https:\/\/talkpal.ai\/de\/#\/schema\/logo\/image\/"},"sameAs":["https:\/\/www.facebook.com\/profile.php?id=100090733639311","https:\/\/x.com\/talkpalai","https:\/\/www.linkedin.com\/company\/talkpal\/","https:\/\/www.youtube.com\/@TalkPal\/","https:\/\/www.tiktok.com\/@talkpal","https:\/\/www.instagram.com\/talkpal_ai\/","https:\/\/www.crunchbase.com\/organization\/talkpal-9cde","https:\/\/www.g2.com\/products\/talkpal-for-business\/","https:\/\/www.trustpilot.com\/review\/talkpal.ai","https:\/\/www.capterra.com\/p\/10006800\/TalkPal\/"],"description":"Talkpal is a language learning web and mobile education app, powered by the latest AI technologies, that provides engaging experiences to its customers in many different languages to help them improve their language skills. Users can chat about unlimited amount of topics with the app and use other modes to practice their language learning.","email":"support@talkpal.ai","legalName":"Talkpal, Inc.","foundingDate":"2023-04-03","duns":"118989042","numberOfEmployees":{"@type":"QuantitativeValue","minValue":"11","maxValue":"50"},"publishingPrinciples":"https:\/\/talkpal.ai\/publishing-principles\/","actionableFeedbackPolicy":"https:\/\/talkpal.ai\/actionable-feedback-policy\/","correctionsPolicy":"https:\/\/talkpal.ai\/corrections-policy\/","ethicsPolicy":"https:\/\/talkpal.ai\/ethics-policy\/","diversityPolicy":"https:\/\/talkpal.ai\/diversity-policy\/","diversityStaffingReport":"https:\/\/talkpal.ai\/diversity-policy\/"}]}},"_links":{"self":[{"href":"https:\/\/talkpal.ai\/de\/wp-json\/wp\/v2\/pages\/74319","targetHints":{"allow":["GET"]}}],"collection":[{"href":"https:\/\/talkpal.ai\/de\/wp-json\/wp\/v2\/pages"}],"about":[{"href":"https:\/\/talkpal.ai\/de\/wp-json\/wp\/v2\/types\/page"}],"author":[{"embeddable":true,"href":"https:\/\/talkpal.ai\/de\/wp-json\/wp\/v2\/users\/1"}],"replies":[{"embeddable":true,"href":"https:\/\/talkpal.ai\/de\/wp-json\/wp\/v2\/comments?post=74319"}],"version-history":[{"count":0,"href":"https:\/\/talkpal.ai\/de\/wp-json\/wp\/v2\/pages\/74319\/revisions"}],"wp:featuredmedia":[{"embeddable":true,"href":"https:\/\/talkpal.ai\/de\/wp-json\/wp\/v2\/media\/11615"}],"wp:attachment":[{"href":"https:\/\/talkpal.ai\/de\/wp-json\/wp\/v2\/media?parent=74319"}],"curies":[{"name":"wp","href":"https:\/\/api.w.org\/{rel}","templated":true}]}}