{"id":74303,"date":"2023-05-14T13:52:27","date_gmt":"2023-05-14T13:52:27","guid":{"rendered":"http:\/\/talkpal.ai\/koreanische-grammatik\/"},"modified":"2025-12-11T16:29:15","modified_gmt":"2025-12-11T16:29:15","slug":"koreanische-grammatik","status":"publish","type":"page","link":"https:\/\/talkpal.ai\/de\/koreanische-grammatik\/","title":{"rendered":"Koreanische Grammatik"},"content":{"rendered":"\r\n\r\n\r\n<section class=\"languageChallengeSection\">\r\n    <div class=\"languageInfoWrapper\">\r\n        \r\n        <h1>Koreanische Grammatik<\/h1>\r\n        <p>Beherrschen Sie die koreanische <a href=\"https:\/\/talkpal.ai\/fr\/les\/\">Grammatik<\/a> mit leicht verst\u00e4ndlichen Anleitungen und praktischen Beispielen. Lernen Sie, S\u00e4tze zu bilden, <a href=\"https:\/\/talkpal.ai\/ja\/grammar\/%e7%b2%92%e5%ad%90%e3%81%b8\/\">Partikel<\/a> zu verwenden und Verben zu konjugieren, um sich pr\u00e4zise auszudr\u00fccken. \u00dcben Sie Ihre F\u00e4higkeiten mit interaktiven \u00dcbungen, um Ihr Selbstvertrauen zu st\u00e4rken. Machen Sie den n\u00e4chsten Schritt auf Ihrer Reise in die koreanische Sprache und verbessern Sie Ihre Sprachkenntnisse noch heute!<\/p>\r\n\r\n                            <a class=\"getStartedHidden\" href=\"https:\/\/app.talkpal.ai\/de\/signup?lng=\">Leg los<\/a>\r\n        \r\n    <\/div>\r\n\r\n    <figure>\r\n    <img decoding=\"async\" width=\"768\" height=\"768\" src=\"https:\/\/talkpal.ai\/wp-content\/uploads\/2023\/06\/korean-768x768.png\" class=\"languageImage no-lazy\" alt=\"Default alt text\" fetchpriority=\"high\" sizes=\"(max-width: 768px) 150px, 768px\" srcset=\"https:\/\/talkpal.ai\/wp-content\/uploads\/2023\/06\/korean-768x768.png 768w, https:\/\/talkpal.ai\/wp-content\/uploads\/2023\/06\/korean-300x300.png 300w\" \/>\r\n    \r\n\r\n    <\/figure>\r\n\r\n            <a class=\"getStartedVisible\" href=\"https:\/\/app.talkpal.ai\/de\/signup?lng=\">Leg los<\/a>\r\n    \r\n<\/section>\r\n        <section class=\"grammarSection\">\r\n            <div class=\"grammarLinks\">\r\n                <a href=\"https:\/\/talkpal.ai\/de\/language\/adjektive-koreanische-grammatik\/\">Adjektive <\/a><a href=\"https:\/\/talkpal.ai\/de\/language\/adverbien-koreanische-grammatik\/\">Adverbien <\/a><a href=\"https:\/\/talkpal.ai\/de\/language\/artikel-koreanische-grammatik\/\">Artikel <\/a><a href=\"https:\/\/talkpal.ai\/de\/language\/indikativ-der-zeitformen-koreanische-grammatik\/\">Indikativ der Zeitformen <\/a><a href=\"https:\/\/talkpal.ai\/de\/language\/konjunktiv-der-zeitformen-koreanische-grammatik\/\">Konjunktiv der Zeitformen <\/a><a href=\"https:\/\/talkpal.ai\/de\/language\/praepositionen-koreanische-grammatik\/\">Pr\u00e4positionen <\/a><a href=\"https:\/\/talkpal.ai\/de\/language\/pronomen-koreanische-grammatik\/\">Pronomen <\/a><a href=\"https:\/\/talkpal.ai\/de\/language\/satzbau-koreanische-grammatik\/\">Satzbau <\/a><a href=\"https:\/\/talkpal.ai\/de\/language\/substantive-koreanische-grammatik\/\">Substantive <\/a><a href=\"https:\/\/talkpal.ai\/de\/language\/verben-koreanische-grammatik\/\">Verben <\/a><a href=\"https:\/\/talkpal.ai\/de\/language\/zeitvergleich-koreanische-grammatik\/\">Zeitvergleich <\/a>            <\/div>\r\n        <\/section>\r\n    <section class=\"promotionalBanner\">\r\n    <p class=\"promotionalText\">Der effizienteste Weg, eine Sprache zu lernen<\/p>\r\n    <a class=\"promotionalLink\" href=\"https:\/\/app.talkpal.ai\/de\/signup?lng=\">Talkpal kostenlos<\/a>\r\n<\/section>\n<div class=\"wp-block-group pageContainerStyle\"><div class=\"wp-block-group__inner-container is-layout-constrained wp-block-group-is-layout-constrained\">\n<h2 class=\"wp-block-heading\" id=\"h-demystifying-korean-grammar-a-beginner-s-guide\">Entmystifizierung der koreanischen Grammatik: Ein Leitfaden f\u00fcr Anf\u00e4nger<\/h2>\n\n\n\n<p><a href=\"https:\/\/talkpal.ai\/learn-korean\/\">Koreanisch<\/a> zu lernen kann Ihnen eine Welt voller M\u00f6glichkeiten er\u00f6ffnen, ob Sie nun die koreanische K\u00fcche erkunden, die neuesten K-Dramen sehen oder in einem der vielen innovativen Unternehmen S\u00fcdkoreas arbeiten. Als Nicht-Muttersprachler, der in diese faszinierende Sprache eintaucht, kann eine der gr\u00f6\u00dften Herausforderungen darin bestehen, die Grammatik zu beherrschen. Die <a href=\"https:\/\/talkpal.ai\/es\/gramatica-coreana\/\">koreanische Grammatik<\/a> mag auf den ersten Blick komplex erscheinen, aber sie hat eine Logik und Konsistenz, die zug\u00e4nglicher sein kann, als Sie vielleicht denken. In diesem Artikel werden wir die wichtigsten Merkmale der koreanischen Grammatik aufschl\u00fcsseln und Ihnen wertvolle Hinweise geben, damit Ihre Reise zum fl\u00fcssigen Sprechen reibungslos und angenehm verl\u00e4uft.<\/p>\n\n\n\n<h3 class=\"wp-block-heading\" id=\"h-1-word-nbsp-order-nbsp-get-in-the-flow\"><b>1. Wortstellung<\/b><b> \u2013 Kommen Sie in den Flow!<\/b><\/h3>\n\n\n\n<p>Das erste, was Sie \u00fcber die koreanische Grammatik wissen m\u00fcssen, ist ihre grundlegende Wortstellung: Subjekt-Objekt-Verb (SOV). Das bedeutet, dass die Verben am Ende des Satzes stehen, im Gegensatz zur englischen Subjekt-Verb-Objekt (SVO) Reihenfolge. Das mag etwas gew\u00f6hnungsbed\u00fcrftig sein, aber der Schl\u00fcssel zur Gel\u00e4ufigkeit liegt darin, sich mit dieser neuen Struktur vertraut zu machen.<\/p>\n\n\n\n<p>Tipp: \u00dcben Sie, einfache koreanische S\u00e4tze zu bilden, indem Sie englische S\u00e4tze \u00fcbersetzen und die Reihenfolge der W\u00f6rter neu anordnen. Konzentriere dich darauf, die Logik hinter der SOV-Struktur zu verstehen, um dich damit wohler zu f\u00fchlen.<\/p>\n\n\n\n<h3 class=\"wp-block-heading\" id=\"h-2-particles-attach-and-connect\">2. Partikel \u2013 Anbringen und verbinden!<\/h3>\n\n\n\n<p>Koreanische S\u00e4tze verwenden winzige grammatikalische Informationen, die als Partikel bezeichnet werden, um die Funktion eines Wortes in einem Satz zu bestimmen. Zum Beispiel markieren \uc774\/\uac00 und \uc740\/\ub294 das Subjekt, w\u00e4hrend \uc744\/\ub97c das Objekt bezeichnet. Partikel sind ein wesentlicher Bestandteil der koreanischen Grammatik, aber ihre Verwendung mag sich anfangs \u00fcberw\u00e4ltigend anf\u00fchlen.<\/p>\n\n\n\n<p>Tipp: Gehen Sie ein Teilchen nach dem anderen an und machen Sie sich mit seiner Verwendung und Bedeutung vertraut. Entwickeln Sie eine Liste mit Beispiels\u00e4tzen, in denen Sie jedes Partikel verwenden, um eine Sammlung von Referenzmaterial zu erstellen.<\/p>\n\n\n\n<h3 class=\"wp-block-heading\" id=\"h-3-verb-conjugation-keep-it-simple\">3. Verbkonjugation \u2013 Halten Sie es einfach!<\/h3>\n\n\n\n<p>Koreanische Verben sind bemerkenswert konsistent, was sie leichter zu erlernen macht als Verben in anderen Sprachen. Alle koreanischen Verben enden in ihrer Grundform auf \ub2e4 (da), und um verschiedene <a href=\"https:\/\/talkpal.ai\/zh-hans\/grammar_exercises\/zeitformen-%e5%be%b7%e5%9b%bd%e8%af%ad%e6%b3%95%e7%bb%83%e4%b9%a0\/\">Zeitformen<\/a> oder H\u00f6flichkeitsstufen zu erzeugen, f\u00fcgen Sie einfach verschiedene Endungen hinzu. Die h\u00e4ufigsten sind -\uc694 (yo) f\u00fcr informelle H\u00f6flichkeit und -\uc2b5\ub2c8\ub2e4 (seumnida) f\u00fcr formellere Situationen.<\/p>\n\n\n\n<p>Tipp: Lernen Sie, einige wichtige Verben in den verschiedenen H\u00f6flichkeitsstufen zu konjugieren, wie \ud558\ub2e4 (tun), \uba39\ub2e4 (<a href=\"https:\/\/talkpal.ai\/locations\/language-courses-in-essen\/\">essen<\/a>), \uc790\ub2e4 (schlafen) und \uac00\ub2e4 (gehen). Beginnen Sie dann, sie in S\u00e4tze einzubauen, um sich mit der Verwendung verschiedener Konjugationen vertraut zu machen und sich damit vertraut zu machen.<\/p>\n\n\n\n<h3 class=\"wp-block-heading\" id=\"h-4-adjectives-treat-them-like-verbs\">4. Adjektive \u2013 Behandeln Sie sie wie Verben!<\/h3>\n\n\n\n<p>In der koreanischen Grammatik funktionieren Adjektive \u00e4hnlich wie Verben und werden nach dem gleichen System konjugiert. Viele Adjektive enden auf ~\ud558\ub2e4 (-hada) und k\u00f6nnen auf die gleiche Weise konjugiert werden, wie Sie Verben konjugieren w\u00fcrden.<\/p>\n\n\n\n<p>Tipp: \u00dcben Sie die Konjugation g\u00e4ngiger Adjektive wie \uc88b\ub2e4 (gut sein), \uc608\uc058\ub2e4 (sch\u00f6n sein), \ub192\ub2e4 (hoch sein), \ub0ae\ub2e4 (niedrig sein) und \ud06c\ub2e4 (gro\u00df sein). Wenn <a href=\"https:\/\/talkpal.ai\/culture\/what-is-the-difference-between-using-du-and-sie\/\">du sie<\/a> in S\u00e4tze einbaust, kannst du dein Verst\u00e4ndnis festigen.<\/p>\n\n\n\n<h3 class=\"wp-block-heading\" id=\"h-5-honorifics-show-your-respect\">5. Ehrungen \u2013 Zeigen Sie Ihren Respekt!<\/h3>\n\n\n\n<p>Die koreanische Kultur betont den Respekt gegen\u00fcber \u00c4ltesten und Autorit\u00e4tspersonen. Dies spiegelt sich in der Sprache durch Honoratioren wider, bei denen es sich um spezielle Formen von W\u00f6rtern und grammatikalischen Strukturen handelt, die verwendet werden, um H\u00f6flichkeit zu zeigen. Einige wichtige Beispiele sind die Verwendung der Partikel -\uaed8\uc11c (-kkeseo) anstelle von -\uc774\/\uac00, wenn Sie jemanden respektvoll ansprechen, oder das Anh\u00e4ngen von -\uc2dc (-si) an Verben als H\u00f6flichkeitsmarker.<\/p>\n\n\n\n<p>Tipp: Lernen Sie die Grundlagen der Verwendung von Ehrentiteln, aber machen Sie sich nicht zu viele Gedanken dar\u00fcber, dass Sie sofort ein Experte werden m\u00fcssen. Wenn Sie Englisch sprechen, werden Koreaner wahrscheinlich verstehen, wenn Sie Fehler machen, aber es wird gesch\u00e4tzt, wenn Sie sich bem\u00fchen, respektvoll zu sein.<\/p>\n\n\n\n<h3 class=\"wp-block-heading\" id=\"h-conclusion\">Schlussfolgerung:<\/h3>\n\n\n\n<p>Die koreanische Grammatik mag anfangs eine Herausforderung sein, aber mit zunehmender Erfahrung und Verst\u00e4ndnis werden Sie feststellen, dass es einen logischen und konsistenten Rahmen gibt. Indem Sie sich auf Schl\u00fcsselbegriffe wie Wortstellung, Partikel und Verbkonjugation konzentrieren, werden Sie schon bald S\u00e4tze wie ein Profi bilden k\u00f6nnen. Lassen Sie sich von der Liebe zu dieser ausdrucksstarken Sprache anstecken und beobachten Sie, wie Ihre Beherrschung der koreanischen Grammatik Ihnen eine Welt voller M\u00f6glichkeiten er\u00f6ffnet. \ud654\uc774\ud305 (hwaiting) &#8211; lassen<\/p>\n<\/div><\/div>\n\r\n<section class=\"learnNavigationSection\">\r\n            \r\n        <a href=\"https:\/\/talkpal.ai\/de\/koreanisch-lernen\/\">\r\n            <div class=\"learnNavigationWrapper\">\r\n                <div class=\"learnNavigationContent\">\r\n                    <img decoding=\"async\" src=\"https:\/\/talkpal.ai\/wp-content\/uploads\/2024\/08\/Korean.jpg\" alt=\"Korean Flag\">\r\n                    <div>\r\n                        <h4>\u00dcber Koreanisch lernen<\/h4>\r\n                        <p>Erfahren Sie alles \u00fcber die koreanische Grammatik.<\/p>\r\n                    <\/div>\r\n                <\/div>\r\n            <\/div>\r\n        <\/a>\r\n\r\n        \r\n        <a href=\"https:\/\/talkpal.ai\/de\/koreanische-grammatikuebungen\/\">\r\n            <div class=\"learnNavigationWrapper\">\r\n                <div class=\"learnNavigationContent\">\r\n                    <img decoding=\"async\" src=\"https:\/\/talkpal.ai\/wp-content\/uploads\/2024\/08\/Korean.jpg\" alt=\"Korean Flag\">\r\n                    <div>\r\n                        <h4>Koreanische Grammatik \u00dcbung<\/h4>\r\n                        <p>\u00dcbe die koreanische Grammatik .<\/p>\r\n                    <\/div>\r\n                <\/div>\r\n            <\/div>\r\n        <\/a>\r\n\r\n        \r\n        <a href=\"https:\/\/talkpal.ai\/vocabulary_language\/korean\/\">\r\n            <div class=\"learnNavigationWrapper\">\r\n                <div class=\"learnNavigationContent\">\r\n                    <img decoding=\"async\" src=\"https:\/\/talkpal.ai\/wp-content\/uploads\/2024\/08\/Korean.jpg\" alt=\"Korean Flag\">\r\n                    <div>\r\n                        <h4>Koreanisch Wortschatz<\/h4>\r\n                        <p>Erweitern Sie Ihren koreanischen Wortschatz.<\/p>\r\n                    <\/div>\r\n                <\/div>\r\n            <\/div>\r\n        <\/a>\r\n\r\n            <\/section>","protected":false},"excerpt":{"rendered":"<p>Entmystifizierung der koreanischen Grammatik: Ein Leitfaden f\u00fcr Anf\u00e4nger Koreanisch zu lernen kann Ihnen eine Welt voller M\u00f6glichkeiten er\u00f6ffnen, ob Sie nun die koreanische K\u00fcche erkunden, die neuesten K-Dramen sehen oder in einem der vielen innovativen Unternehmen S\u00fcdkoreas arbeiten. Als Nicht-Muttersprachler, der in diese faszinierende Sprache eintaucht, kann eine der gr\u00f6\u00dften Herausforderungen darin bestehen, die Grammatik [&hellip;]<\/p>\n","protected":false},"author":1,"featured_media":11608,"parent":0,"menu_order":0,"comment_status":"closed","ping_status":"closed","template":"LearningContentPage.php","meta":{"_acf_changed":false,"footnotes":""},"class_list":["post-74303","page","type-page","status-publish","has-post-thumbnail","hentry"],"acf":[],"yoast_head":"<!-- This site is optimized with the Yoast SEO Premium plugin v27.2 (Yoast SEO v27.2) - https:\/\/yoast.com\/product\/yoast-seo-premium-wordpress\/ -->\n<title>Koreanische Grammatik - Talkpal<\/title>\n<meta name=\"description\" content=\"Beherrschen Sie die koreanische Grammatik souver\u00e4n - festigen Sie die Satzstruktur, kl\u00e4ren Sie die Regeln und verbessern Sie die Sprachgewandtheit\" \/>\n<meta name=\"robots\" content=\"index, follow, max-snippet:-1, max-image-preview:large, max-video-preview:-1\" \/>\n<link rel=\"canonical\" href=\"https:\/\/talkpal.ai\/de\/koreanische-grammatik\/\" \/>\n<meta property=\"og:locale\" content=\"de_DE\" \/>\n<meta property=\"og:type\" content=\"article\" \/>\n<meta property=\"og:title\" content=\"Koreanische Grammatik\" \/>\n<meta property=\"og:description\" content=\"Entmystifizierung der koreanischen Grammatik: Ein Leitfaden f\u00fcr Anf\u00e4nger Koreanisch zu lernen kann Ihnen eine Welt voller M\u00f6glichkeiten er\u00f6ffnen, ob Sie\" \/>\n<meta property=\"og:url\" content=\"https:\/\/talkpal.ai\/de\/koreanische-grammatik\/\" \/>\n<meta property=\"og:site_name\" content=\"Talkpal\" \/>\n<meta property=\"article:publisher\" content=\"https:\/\/www.facebook.com\/profile.php?id=100090733639311\" \/>\n<meta property=\"article:modified_time\" content=\"2025-12-11T16:29:15+00:00\" \/>\n<meta property=\"og:image\" content=\"https:\/\/talkpal.ai\/wp-content\/uploads\/2023\/04\/south-korea.png\" \/>\n\t<meta property=\"og:image:width\" content=\"512\" \/>\n\t<meta property=\"og:image:height\" content=\"512\" \/>\n\t<meta property=\"og:image:type\" content=\"image\/png\" \/>\n<meta name=\"twitter:card\" content=\"summary_large_image\" \/>\n<meta name=\"twitter:site\" content=\"@talkpalai\" \/>\n<meta name=\"twitter:label1\" content=\"Gesch\u00e4tzte Lesezeit\" \/>\n\t<meta name=\"twitter:data1\" content=\"4\u00a0Minuten\" \/>\n<script type=\"application\/ld+json\" class=\"yoast-schema-graph\">{\"@context\":\"https:\/\/schema.org\",\"@graph\":[{\"@type\":\"WebPage\",\"@id\":\"https:\/\/talkpal.ai\/de\/koreanische-grammatik\/\",\"url\":\"https:\/\/talkpal.ai\/de\/koreanische-grammatik\/\",\"name\":\"Koreanische Grammatik - Talkpal\",\"isPartOf\":{\"@id\":\"https:\/\/talkpal.ai\/de\/#website\"},\"primaryImageOfPage\":{\"@id\":\"https:\/\/talkpal.ai\/de\/koreanische-grammatik\/#primaryimage\"},\"image\":{\"@id\":\"https:\/\/talkpal.ai\/de\/koreanische-grammatik\/#primaryimage\"},\"thumbnailUrl\":\"https:\/\/talkpal.ai\/wp-content\/uploads\/2023\/04\/south-korea.png\",\"datePublished\":\"2023-05-14T13:52:27+00:00\",\"dateModified\":\"2025-12-11T16:29:15+00:00\",\"description\":\"Beherrschen Sie die koreanische Grammatik souver\u00e4n - festigen Sie die Satzstruktur, kl\u00e4ren Sie die Regeln und verbessern Sie die Sprachgewandtheit\",\"breadcrumb\":{\"@id\":\"https:\/\/talkpal.ai\/de\/koreanische-grammatik\/#breadcrumb\"},\"inLanguage\":\"de\",\"potentialAction\":[{\"@type\":\"ReadAction\",\"target\":[\"https:\/\/talkpal.ai\/de\/koreanische-grammatik\/\"]}]},{\"@type\":\"ImageObject\",\"inLanguage\":\"de\",\"@id\":\"https:\/\/talkpal.ai\/de\/koreanische-grammatik\/#primaryimage\",\"url\":\"https:\/\/talkpal.ai\/wp-content\/uploads\/2023\/04\/south-korea.png\",\"contentUrl\":\"https:\/\/talkpal.ai\/wp-content\/uploads\/2023\/04\/south-korea.png\",\"width\":512,\"height\":512},{\"@type\":\"BreadcrumbList\",\"@id\":\"https:\/\/talkpal.ai\/de\/koreanische-grammatik\/#breadcrumb\",\"itemListElement\":[{\"@type\":\"ListItem\",\"position\":1,\"name\":\"Homepage\",\"item\":\"https:\/\/talkpal.ai\/de\/\"},{\"@type\":\"ListItem\",\"position\":2,\"name\":\"Koreanische Grammatik\"}]},{\"@type\":\"WebSite\",\"@id\":\"https:\/\/talkpal.ai\/de\/#website\",\"url\":\"https:\/\/talkpal.ai\/de\/\",\"name\":\"Talkpal\",\"description\":\"AI Language Learning\",\"publisher\":{\"@id\":\"https:\/\/talkpal.ai\/de\/#organization\"},\"alternateName\":\"Talkpal AI\",\"potentialAction\":[{\"@type\":\"SearchAction\",\"target\":{\"@type\":\"EntryPoint\",\"urlTemplate\":\"https:\/\/talkpal.ai\/de\/?s={search_term_string}\"},\"query-input\":{\"@type\":\"PropertyValueSpecification\",\"valueRequired\":true,\"valueName\":\"search_term_string\"}}],\"inLanguage\":\"de\"},{\"@type\":\"Organization\",\"@id\":\"https:\/\/talkpal.ai\/de\/#organization\",\"name\":\"Talkpal, Inc.\",\"alternateName\":\"Talkpal AI\",\"url\":\"https:\/\/talkpal.ai\/de\/\",\"logo\":{\"@type\":\"ImageObject\",\"inLanguage\":\"de\",\"@id\":\"https:\/\/talkpal.ai\/de\/#\/schema\/logo\/image\/\",\"url\":\"https:\/\/talkpal.ai\/wp-content\/uploads\/2024\/03\/Talkpal-Logo-Icon.png\",\"contentUrl\":\"https:\/\/talkpal.ai\/wp-content\/uploads\/2024\/03\/Talkpal-Logo-Icon.png\",\"width\":2880,\"height\":2880,\"caption\":\"Talkpal, Inc.\"},\"image\":{\"@id\":\"https:\/\/talkpal.ai\/de\/#\/schema\/logo\/image\/\"},\"sameAs\":[\"https:\/\/www.facebook.com\/profile.php?id=100090733639311\",\"https:\/\/x.com\/talkpalai\",\"https:\/\/www.linkedin.com\/company\/talkpal\/\",\"https:\/\/www.youtube.com\/@TalkPal\/\",\"https:\/\/www.tiktok.com\/@talkpal\",\"https:\/\/www.instagram.com\/talkpal_ai\/\",\"https:\/\/www.crunchbase.com\/organization\/talkpal-9cde\",\"https:\/\/www.g2.com\/products\/talkpal-for-business\/\",\"https:\/\/www.trustpilot.com\/review\/talkpal.ai\",\"https:\/\/www.capterra.com\/p\/10006800\/TalkPal\/\"],\"description\":\"Talkpal is a language learning web and mobile education app, powered by the latest AI technologies, that provides engaging experiences to its customers in many different languages to help them improve their language skills. Users can chat about unlimited amount of topics with the app and use other modes to practice their language learning.\",\"email\":\"support@talkpal.ai\",\"legalName\":\"Talkpal, Inc.\",\"foundingDate\":\"2023-04-03\",\"duns\":\"118989042\",\"numberOfEmployees\":{\"@type\":\"QuantitativeValue\",\"minValue\":\"11\",\"maxValue\":\"50\"},\"publishingPrinciples\":\"https:\/\/talkpal.ai\/publishing-principles\/\",\"actionableFeedbackPolicy\":\"https:\/\/talkpal.ai\/actionable-feedback-policy\/\",\"correctionsPolicy\":\"https:\/\/talkpal.ai\/corrections-policy\/\",\"ethicsPolicy\":\"https:\/\/talkpal.ai\/ethics-policy\/\",\"diversityPolicy\":\"https:\/\/talkpal.ai\/diversity-policy\/\",\"diversityStaffingReport\":\"https:\/\/talkpal.ai\/diversity-policy\/\"}]}<\/script>\n<!-- \/ Yoast SEO Premium plugin. -->","yoast_head_json":{"title":"Koreanische Grammatik - Talkpal","description":"Beherrschen Sie die koreanische Grammatik souver\u00e4n - festigen Sie die Satzstruktur, kl\u00e4ren Sie die Regeln und verbessern Sie die Sprachgewandtheit","robots":{"index":"index","follow":"follow","max-snippet":"max-snippet:-1","max-image-preview":"max-image-preview:large","max-video-preview":"max-video-preview:-1"},"canonical":"https:\/\/talkpal.ai\/de\/koreanische-grammatik\/","og_locale":"de_DE","og_type":"article","og_title":"Koreanische Grammatik","og_description":"Entmystifizierung der koreanischen Grammatik: Ein Leitfaden f\u00fcr Anf\u00e4nger Koreanisch zu lernen kann Ihnen eine Welt voller M\u00f6glichkeiten er\u00f6ffnen, ob Sie","og_url":"https:\/\/talkpal.ai\/de\/koreanische-grammatik\/","og_site_name":"Talkpal","article_publisher":"https:\/\/www.facebook.com\/profile.php?id=100090733639311","article_modified_time":"2025-12-11T16:29:15+00:00","og_image":[{"width":512,"height":512,"url":"https:\/\/talkpal.ai\/wp-content\/uploads\/2023\/04\/south-korea.png","type":"image\/png"}],"twitter_card":"summary_large_image","twitter_site":"@talkpalai","twitter_misc":{"Gesch\u00e4tzte Lesezeit":"4\u00a0Minuten"},"schema":{"@context":"https:\/\/schema.org","@graph":[{"@type":"WebPage","@id":"https:\/\/talkpal.ai\/de\/koreanische-grammatik\/","url":"https:\/\/talkpal.ai\/de\/koreanische-grammatik\/","name":"Koreanische Grammatik - Talkpal","isPartOf":{"@id":"https:\/\/talkpal.ai\/de\/#website"},"primaryImageOfPage":{"@id":"https:\/\/talkpal.ai\/de\/koreanische-grammatik\/#primaryimage"},"image":{"@id":"https:\/\/talkpal.ai\/de\/koreanische-grammatik\/#primaryimage"},"thumbnailUrl":"https:\/\/talkpal.ai\/wp-content\/uploads\/2023\/04\/south-korea.png","datePublished":"2023-05-14T13:52:27+00:00","dateModified":"2025-12-11T16:29:15+00:00","description":"Beherrschen Sie die koreanische Grammatik souver\u00e4n - festigen Sie die Satzstruktur, kl\u00e4ren Sie die Regeln und verbessern Sie die Sprachgewandtheit","breadcrumb":{"@id":"https:\/\/talkpal.ai\/de\/koreanische-grammatik\/#breadcrumb"},"inLanguage":"de","potentialAction":[{"@type":"ReadAction","target":["https:\/\/talkpal.ai\/de\/koreanische-grammatik\/"]}]},{"@type":"ImageObject","inLanguage":"de","@id":"https:\/\/talkpal.ai\/de\/koreanische-grammatik\/#primaryimage","url":"https:\/\/talkpal.ai\/wp-content\/uploads\/2023\/04\/south-korea.png","contentUrl":"https:\/\/talkpal.ai\/wp-content\/uploads\/2023\/04\/south-korea.png","width":512,"height":512},{"@type":"BreadcrumbList","@id":"https:\/\/talkpal.ai\/de\/koreanische-grammatik\/#breadcrumb","itemListElement":[{"@type":"ListItem","position":1,"name":"Homepage","item":"https:\/\/talkpal.ai\/de\/"},{"@type":"ListItem","position":2,"name":"Koreanische Grammatik"}]},{"@type":"WebSite","@id":"https:\/\/talkpal.ai\/de\/#website","url":"https:\/\/talkpal.ai\/de\/","name":"Talkpal","description":"AI Language Learning","publisher":{"@id":"https:\/\/talkpal.ai\/de\/#organization"},"alternateName":"Talkpal AI","potentialAction":[{"@type":"SearchAction","target":{"@type":"EntryPoint","urlTemplate":"https:\/\/talkpal.ai\/de\/?s={search_term_string}"},"query-input":{"@type":"PropertyValueSpecification","valueRequired":true,"valueName":"search_term_string"}}],"inLanguage":"de"},{"@type":"Organization","@id":"https:\/\/talkpal.ai\/de\/#organization","name":"Talkpal, Inc.","alternateName":"Talkpal AI","url":"https:\/\/talkpal.ai\/de\/","logo":{"@type":"ImageObject","inLanguage":"de","@id":"https:\/\/talkpal.ai\/de\/#\/schema\/logo\/image\/","url":"https:\/\/talkpal.ai\/wp-content\/uploads\/2024\/03\/Talkpal-Logo-Icon.png","contentUrl":"https:\/\/talkpal.ai\/wp-content\/uploads\/2024\/03\/Talkpal-Logo-Icon.png","width":2880,"height":2880,"caption":"Talkpal, Inc."},"image":{"@id":"https:\/\/talkpal.ai\/de\/#\/schema\/logo\/image\/"},"sameAs":["https:\/\/www.facebook.com\/profile.php?id=100090733639311","https:\/\/x.com\/talkpalai","https:\/\/www.linkedin.com\/company\/talkpal\/","https:\/\/www.youtube.com\/@TalkPal\/","https:\/\/www.tiktok.com\/@talkpal","https:\/\/www.instagram.com\/talkpal_ai\/","https:\/\/www.crunchbase.com\/organization\/talkpal-9cde","https:\/\/www.g2.com\/products\/talkpal-for-business\/","https:\/\/www.trustpilot.com\/review\/talkpal.ai","https:\/\/www.capterra.com\/p\/10006800\/TalkPal\/"],"description":"Talkpal is a language learning web and mobile education app, powered by the latest AI technologies, that provides engaging experiences to its customers in many different languages to help them improve their language skills. Users can chat about unlimited amount of topics with the app and use other modes to practice their language learning.","email":"support@talkpal.ai","legalName":"Talkpal, Inc.","foundingDate":"2023-04-03","duns":"118989042","numberOfEmployees":{"@type":"QuantitativeValue","minValue":"11","maxValue":"50"},"publishingPrinciples":"https:\/\/talkpal.ai\/publishing-principles\/","actionableFeedbackPolicy":"https:\/\/talkpal.ai\/actionable-feedback-policy\/","correctionsPolicy":"https:\/\/talkpal.ai\/corrections-policy\/","ethicsPolicy":"https:\/\/talkpal.ai\/ethics-policy\/","diversityPolicy":"https:\/\/talkpal.ai\/diversity-policy\/","diversityStaffingReport":"https:\/\/talkpal.ai\/diversity-policy\/"}]}},"_links":{"self":[{"href":"https:\/\/talkpal.ai\/de\/wp-json\/wp\/v2\/pages\/74303","targetHints":{"allow":["GET"]}}],"collection":[{"href":"https:\/\/talkpal.ai\/de\/wp-json\/wp\/v2\/pages"}],"about":[{"href":"https:\/\/talkpal.ai\/de\/wp-json\/wp\/v2\/types\/page"}],"author":[{"embeddable":true,"href":"https:\/\/talkpal.ai\/de\/wp-json\/wp\/v2\/users\/1"}],"replies":[{"embeddable":true,"href":"https:\/\/talkpal.ai\/de\/wp-json\/wp\/v2\/comments?post=74303"}],"version-history":[{"count":0,"href":"https:\/\/talkpal.ai\/de\/wp-json\/wp\/v2\/pages\/74303\/revisions"}],"wp:featuredmedia":[{"embeddable":true,"href":"https:\/\/talkpal.ai\/de\/wp-json\/wp\/v2\/media\/11608"}],"wp:attachment":[{"href":"https:\/\/talkpal.ai\/de\/wp-json\/wp\/v2\/media?parent=74303"}],"curies":[{"name":"wp","href":"https:\/\/api.w.org\/{rel}","templated":true}]}}