{"id":74290,"date":"2023-05-14T13:53:24","date_gmt":"2023-05-14T13:53:24","guid":{"rendered":"http:\/\/talkpal.ai\/ukrainische-grammatik\/"},"modified":"2025-12-11T16:37:34","modified_gmt":"2025-12-11T16:37:34","slug":"ukrainische-grammatik","status":"publish","type":"page","link":"https:\/\/talkpal.ai\/de\/ukrainische-grammatik\/","title":{"rendered":"Ukrainische Grammatik"},"content":{"rendered":"\r\n\r\n\r\n<section class=\"languageChallengeSection\">\r\n    <div class=\"languageInfoWrapper\">\r\n        \r\n        <h1>Ukrainische Grammatik<\/h1>\r\n        <p>Erkunden Sie die Struktur der ukrainischen Sprache, indem Sie die wichtigsten Grammatikregeln lernen. Die Beherrschung der ukrainischen <a href=\"https:\/\/talkpal.ai\/fr\/les\/\">Grammatik<\/a> wird Ihnen helfen, selbstbewusst zu kommunizieren und eine tiefere Verbindung zur ukrainischen Kultur und zum ukrainischen Erbe aufzubauen. Beginnen Sie Ihre Reise durch die <a href=\"https:\/\/talkpal.ai\/de\/ukrainische-geschichten-zum-ukrainischlernen\/\">ukrainische Grammatik<\/a> noch heute und machen Sie den ersten Schritt in Richtung Sprachgewandtheit!<\/p>\r\n\r\n                            <a class=\"getStartedHidden\" href=\"https:\/\/app.talkpal.ai\/de\/signup?lng=\">Leg los<\/a>\r\n        \r\n    <\/div>\r\n\r\n    <figure>\r\n    <img decoding=\"async\" width=\"768\" height=\"768\" src=\"https:\/\/talkpal.ai\/wp-content\/uploads\/2023\/06\/Ukrainian-768x768.png\" class=\"languageImage no-lazy\" alt=\"Default alt text\" fetchpriority=\"high\" sizes=\"(max-width: 768px) 150px, 768px\" srcset=\"https:\/\/talkpal.ai\/wp-content\/uploads\/2023\/06\/Ukrainian-768x768.png 768w, https:\/\/talkpal.ai\/wp-content\/uploads\/2023\/06\/Ukrainian-300x300.png 300w\" \/>\r\n    \r\n\r\n    <\/figure>\r\n\r\n            <a class=\"getStartedVisible\" href=\"https:\/\/app.talkpal.ai\/de\/signup?lng=\">Leg los<\/a>\r\n    \r\n<\/section>\r\n        <section class=\"grammarSection\">\r\n            <div class=\"grammarLinks\">\r\n                <a href=\"https:\/\/talkpal.ai\/de\/language\/adjektive-ukrainische-grammatik\/\">Adjektive <\/a><a href=\"https:\/\/talkpal.ai\/de\/language\/adverbien-ukrainische-grammatik\/\">Adverbien <\/a><a href=\"https:\/\/talkpal.ai\/de\/language\/artikel-ukrainische-grammatik\/\">Artikel <\/a><a href=\"https:\/\/talkpal.ai\/de\/language\/praepositionen-ukrainische-grammatik\/\">Pr\u00e4positionen <\/a><a href=\"https:\/\/talkpal.ai\/de\/language\/pronomen-ukrainische-grammatik\/\">Pronomen <\/a><a href=\"https:\/\/talkpal.ai\/de\/language\/satzbau-ukrainische-grammatik\/\">Satzbau <\/a><a href=\"https:\/\/talkpal.ai\/de\/language\/substantive-ukrainische-grammatik\/\">Substantive <\/a><a href=\"https:\/\/talkpal.ai\/de\/language\/verben-ukrainische-grammatik\/\">Verben <\/a><a href=\"https:\/\/talkpal.ai\/de\/language\/zeitformen-indikativ-ukrainische-grammatik\/\">Zeitformen Indikativ <\/a><a href=\"https:\/\/talkpal.ai\/de\/language\/zeitformen-konjunktiv-ukrainische-grammatik\/\">Zeitformen Konjunktiv <\/a><a href=\"https:\/\/talkpal.ai\/de\/language\/zeitvergleich-ukrainische-grammatik\/\">Zeitvergleich <\/a>            <\/div>\r\n        <\/section>\r\n    <section class=\"promotionalBanner\">\r\n    <p class=\"promotionalText\">Der effizienteste Weg, eine Sprache zu lernen<\/p>\r\n    <a class=\"promotionalLink\" href=\"https:\/\/app.talkpal.ai\/de\/signup?lng=\">Talkpal kostenlos<\/a>\r\n<\/section>\n<div class=\"wp-block-group pageContainerStyle\"><div class=\"wp-block-group__inner-container is-layout-constrained wp-block-group-is-layout-constrained\">\n<h2 class=\"wp-block-heading\" id=\"h-a-comprehensive-guide-to-mastering-ukrainian-grammar\">Ein umfassender Leitfaden zur Beherrschung der ukrainischen Grammatik<\/h2>\n\n\n\n<p><a href=\"https:\/\/talkpal.ai\/learn-ukrainian\/\">Ukrainisch<\/a>, eine sch\u00f6ne und melodische Sprache, hat bei Sprachbegeisterten weltweit zunehmendes Interesse geweckt. Das Erlernen der ukrainischen Sprache verschafft Ihnen Zugang zu einem reichen kulturellen Erbe und erm\u00f6glicht es Ihnen, mit Millionen von Menschen in der <a href=\"https:\/\/talkpal.ai\/locations\/language-courses-in-ukraine\/\">Ukraine<\/a> und den Nachbarl\u00e4ndern zu kommunizieren. Auch wenn sich das Eintauchen in die ukrainische Grammatik zun\u00e4chst entmutigend anf\u00fchlen mag, k\u00f6nnen Sie mit einer soliden Grundlage die Nuancen der Sprache erkunden und ihre Sch\u00f6nheit voll und ganz sch\u00e4tzen. Dieser Artikel f\u00fchrt Sie Schritt f\u00fcr Schritt durch die Grundlagen der ukrainischen Grammatik und r\u00fcstet Sie aus, um Ihre Sprachreise selbstbewusst zu beginnen.<\/p>\n\n\n\n<h3 class=\"wp-block-heading\" id=\"h-1-mastering-ukrainian-nouns-and-cases\">1. Ukrainische Substantive und F\u00e4lle beherrschen<\/h3>\n\n\n\n<p>Ein zentrales Merkmal der ukrainischen Grammatik ist ihr Kasussystem. Wenn Sie Substantive verwenden, m\u00fcssen Sie ihr Geschlecht kennen (maskulin, feminin oder Neutrum) und sich des Kontexts bewusst sein, der eine \u00c4nderung ihrer Endungen erfordern kann. In der ukrainischen Sprache gibt es sieben F\u00e4lle:<\/p>\n\n\n\n<p>&#8211; Nominativ: das Subjekt eines Satzes<\/p>\n\n\n\n<p>&#8211; Genitiv: zur Angabe von Besitz, Menge und Verneinung<\/p>\n\n\n\n<p>&#8211; Dativ: indirektes Objekt oder Bewegung in Richtung eines Ziels<\/p>\n\n\n\n<p>&#8211; Akkusativ: direktes Objekt oder auf etwas gerichtete Bewegung<\/p>\n\n\n\n<p>&#8211; Instrumental: bezeichnet das Mittel oder Instrument einer Handlung<\/p>\n\n\n\n<p>&#8211; Lokativ: gibt den Ort an<\/p>\n\n\n\n<p>&#8211; Vokativ: wird verwendet, um jemanden anzusprechen oder auszurufen<\/p>\n\n\n\n<p>Achten Sie auf die Endungen und Deklinationen von Substantiven, denn diese \u00e4ndern sich je nach verwendetem Kasus sowie Geschlecht und Zahl des Substantivs.<\/p>\n\n\n\n<h3 class=\"wp-block-heading\" id=\"h-2-navigating-the-ukrainian-verb-system\">2. Navigieren im ukrainischen Verbsystem<\/h3>\n\n\n\n<p>Ukrainische Verben werden basierend auf der Person, der Zahl, der Zeitform, der Stimmung und der Stimme konjugiert. Im Ukrainischen gibt es vier Aspekte von Verben \u2013 perfektiv, imperfektiv, iterativ und inceptiv:<\/p>\n\n\n\n<p>&#8211; Perfekt: bezeichnet abgeschlossene Handlungen<\/p>\n\n\n\n<p>&#8211; Imperfekt: beschreibt laufende, gewohnheitsm\u00e4\u00dfige oder wiederholte Handlungen<\/p>\n\n\n\n<p>&#8211; Iterativ: vermittelt Aktionen, die in einem bestimmten Intervall wiederholt werden<\/p>\n\n\n\n<p>&#8211; Inceptive: zeigt den Beginn einer Handlung an<\/p>\n\n\n\n<p>Um sich im ukrainischen Verbsystem zurechtzufinden, solltest du dich mit den drei grundlegenden Verbkonjugationen vertraut machen. Der Konjugationsprozess beinhaltet das \u00c4ndern der Endungen der Verbwurzel je nach Zeitform, Stimmung und Subjekt.<\/p>\n\n\n\n<h3 class=\"wp-block-heading\" id=\"h-3-perfecting-ukrainian-adjectives-and-pronouns\">3. Perfektionierung ukrainischer Adjektive und Pronomen<\/h3>\n\n\n\n<p>Adjektive im Ukrainischen m\u00fcssen mit dem Substantiv, das sie beschreiben, \u00fcbereinstimmen, in Bezug auf Geschlecht, Zahl und Kasus. Das bedeutet, dass du bei der Verwendung eines Adjektivs auf seine Endungen achten musst, da sie sich \u00e4ndern, um mit dem Substantiv \u00fcbereinzustimmen. Dar\u00fcber hinaus k\u00f6nnen Adjektive im Ukrainischen entweder Lang- oder Kurzformen sein, wobei jedes Adjektive je nach Kontext verwendet wird.<\/p>\n\n\n\n<p>Pronomen werden anstelle von Substantiven verwendet und m\u00fcssen auch mit dem Substantiv, das sie ersetzen, in Geschlecht, Zahl und Gro\u00df- und Kleinschreibung \u00fcbereinstimmen. Zu den <a href=\"https:\/\/talkpal.ai\/de\/grammar\/englische-grammatik-personalpronomen\/\">Personalpronomen<\/a> im Ukrainischen geh\u00f6ren &#8222;\u044f&#8220; (ich), &#8222;\u0442\u0438&#8220; (Sie, Singular), &#8222;\u0432\u0456\u043d\/\u0432\u043e\u043d\u0430\/\u0432\u043e\u043d\u043e&#8220; (er\/sie\/es), &#8222;\u043c\u0438&#8220; (wir), &#8222;\u0432\u0438&#8220; (Sie, Plural oder formal) und &#8222;\u0432\u043e\u043d\u0438&#8220; (sie). Im Ukrainischen gibt es auch Possessiv-, Demonstrativ- und <a href=\"https:\/\/talkpal.ai\/hi\/grammar_exercises\/relativpronomen-%e0%a4%9c%e0%a4%b0%e0%a5%8d%e0%a4%ae%e0%a4%a8-%e0%a4%b5%e0%a5%8d%e0%a4%af%e0%a4%be%e0%a4%95%e0%a4%b0%e0%a4%a3-%e0%a4%95%e0%a5%87-%e0%a4%b2%e0%a4%bf%e0%a4%8f-%e0%a4%85%e0%a4%ad%e0%a5%8d\/\">Relativpronomen<\/a>.<\/p>\n\n\n\n<h3 class=\"wp-block-heading\" id=\"h-4-putting-it-all-together-sentence-structure\">4. Alles zusammenf\u00fcgen: Satzbau<\/h3>\n\n\n\n<p>Das Ukrainische folgt der Subjekt-Verb-Objekt-Satzstruktur (SVO), \u00e4hnlich wie im Englischen. Im Gegensatz zum Englischen bietet das Ukrainische jedoch aufgrund seines Gro\u00df-\/Kleinschreibungssystems mehr Flexibilit\u00e4t bei der Wortstellung. Diese Flexibilit\u00e4t erm\u00f6glicht es Sprechern, bestimmte W\u00f6rter oder Ideen hervorzuheben, indem sie sie an verschiedenen Positionen innerhalb eines Satzes platzieren. Die Beherrschung dieser Vielseitigkeit kann zwar einige Zeit in Anspruch nehmen, aber sie erm\u00f6glicht es Ihnen, sich k\u00fcnstlerisch und fl\u00fcssiger auf Ukrainisch auszudr\u00fccken.<\/p>\n\n\n\n<h3 class=\"wp-block-heading\" id=\"h-conclusion\">Schlussfolgerung<\/h3>\n\n\n\n<p>Wenn Sie sich auf Ihre ukrainische Sprachreise begeben, denken Sie daran, dass es \u00dcbung und Ausdauer erfordert, um die Grammatik flie\u00dfend zu beherrschen. Machen Sie sich nach und nach mit den verschiedenen Aspekten der ukrainischen Grammatik vertraut, von Substantiven und Kasus bis hin zu Verben und Satzbau. Genie\u00dfen Sie den Lernprozess und genie\u00dfen Sie die Sch\u00f6nheit und Ausdruckskraft der ukrainischen Sprache. \u0412\u0434\u0430\u0447\u0456! (Viel Gl\u00fcck!)<\/p>\n<\/div><\/div>\n\r\n<section class=\"learnNavigationSection\">\r\n            \r\n        <a href=\"https:\/\/talkpal.ai\/de\/ukrainisch-lernen\/\">\r\n            <div class=\"learnNavigationWrapper\">\r\n                <div class=\"learnNavigationContent\">\r\n                    <img decoding=\"async\" src=\"https:\/\/talkpal.ai\/wp-content\/uploads\/2024\/08\/Ukrainian.jpg\" alt=\"Ukrainian Flag\">\r\n                    <div>\r\n                        <h4>\u00dcber Ukrainisch lernen<\/h4>\r\n                        <p>Erfahren Sie alles \u00fcber die ukrainische Grammatik.<\/p>\r\n                    <\/div>\r\n                <\/div>\r\n            <\/div>\r\n        <\/a>\r\n\r\n        \r\n        <a href=\"https:\/\/talkpal.ai\/de\/ukrainische-grammatikuebungen\/\">\r\n            <div class=\"learnNavigationWrapper\">\r\n                <div class=\"learnNavigationContent\">\r\n                    <img decoding=\"async\" src=\"https:\/\/talkpal.ai\/wp-content\/uploads\/2024\/08\/Ukrainian.jpg\" alt=\"Ukrainian Flag\">\r\n                    <div>\r\n                        <h4>\u00dcbung zur ukrainischen Grammatik<\/h4>\r\n                        <p>\u00dcbe die ukrainische Grammatik .<\/p>\r\n                    <\/div>\r\n                <\/div>\r\n            <\/div>\r\n        <\/a>\r\n\r\n        \r\n        <a href=\"https:\/\/talkpal.ai\/vocabulary_language\/ukrainian\/\">\r\n            <div class=\"learnNavigationWrapper\">\r\n                <div class=\"learnNavigationContent\">\r\n                    <img decoding=\"async\" src=\"https:\/\/talkpal.ai\/wp-content\/uploads\/2024\/08\/Ukrainian.jpg\" alt=\"Ukrainian Flag\">\r\n                    <div>\r\n                        <h4>Ukrainischer Wortschatz<\/h4>\r\n                        <p>Erweitern Sie Ihren ukrainischen Wortschatz.<\/p>\r\n                    <\/div>\r\n                <\/div>\r\n            <\/div>\r\n        <\/a>\r\n\r\n            <\/section>","protected":false},"excerpt":{"rendered":"<p>Ein umfassender Leitfaden zur Beherrschung der ukrainischen Grammatik Ukrainisch, eine sch\u00f6ne und melodische Sprache, hat bei Sprachbegeisterten weltweit zunehmendes Interesse geweckt. Das Erlernen der ukrainischen Sprache verschafft Ihnen Zugang zu einem reichen kulturellen Erbe und erm\u00f6glicht es Ihnen, mit Millionen von Menschen in der Ukraine und den Nachbarl\u00e4ndern zu kommunizieren. Auch wenn sich das Eintauchen [&hellip;]<\/p>\n","protected":false},"author":1,"featured_media":11622,"parent":0,"menu_order":0,"comment_status":"closed","ping_status":"closed","template":"LearningContentPage.php","meta":{"_acf_changed":false,"footnotes":""},"class_list":["post-74290","page","type-page","status-publish","has-post-thumbnail","hentry"],"acf":[],"yoast_head":"<!-- This site is optimized with the Yoast SEO Premium plugin v27.2 (Yoast SEO v27.2) - https:\/\/yoast.com\/product\/yoast-seo-premium-wordpress\/ -->\n<title>Ukrainische Grammatik - Talkpal<\/title>\n<meta name=\"description\" content=\"Erschlie\u00dfen Sie die Sch\u00f6nheit der ukrainischen Grammatik mit wichtigen Tipps und Erkenntnissen, um Ihre Sprachreise zu verbessern.\" \/>\n<meta name=\"robots\" content=\"index, follow, max-snippet:-1, max-image-preview:large, max-video-preview:-1\" \/>\n<link rel=\"canonical\" href=\"https:\/\/talkpal.ai\/de\/ukrainische-grammatik\/\" \/>\n<meta property=\"og:locale\" content=\"de_DE\" \/>\n<meta property=\"og:type\" content=\"article\" \/>\n<meta property=\"og:title\" content=\"Ukrainische Grammatik\" \/>\n<meta property=\"og:description\" content=\"Ein umfassender Leitfaden zur Beherrschung der ukrainischen Grammatik Ukrainisch, eine sch\u00f6ne und melodische Sprache, hat bei Sprachbegeisterten weltweit\" \/>\n<meta property=\"og:url\" content=\"https:\/\/talkpal.ai\/de\/ukrainische-grammatik\/\" \/>\n<meta property=\"og:site_name\" content=\"Talkpal\" \/>\n<meta property=\"article:publisher\" content=\"https:\/\/www.facebook.com\/profile.php?id=100090733639311\" \/>\n<meta property=\"article:modified_time\" content=\"2025-12-11T16:37:34+00:00\" \/>\n<meta property=\"og:image\" content=\"https:\/\/talkpal.ai\/wp-content\/uploads\/2023\/04\/ukraine.png\" \/>\n\t<meta property=\"og:image:width\" content=\"512\" \/>\n\t<meta property=\"og:image:height\" content=\"512\" \/>\n\t<meta property=\"og:image:type\" content=\"image\/png\" \/>\n<meta name=\"twitter:card\" content=\"summary_large_image\" \/>\n<meta name=\"twitter:site\" content=\"@talkpalai\" \/>\n<meta name=\"twitter:label1\" content=\"Gesch\u00e4tzte Lesezeit\" \/>\n\t<meta name=\"twitter:data1\" content=\"3\u00a0Minuten\" \/>\n<script type=\"application\/ld+json\" class=\"yoast-schema-graph\">{\"@context\":\"https:\/\/schema.org\",\"@graph\":[{\"@type\":\"WebPage\",\"@id\":\"https:\/\/talkpal.ai\/de\/ukrainische-grammatik\/\",\"url\":\"https:\/\/talkpal.ai\/de\/ukrainische-grammatik\/\",\"name\":\"Ukrainische Grammatik - Talkpal\",\"isPartOf\":{\"@id\":\"https:\/\/talkpal.ai\/de\/#website\"},\"primaryImageOfPage\":{\"@id\":\"https:\/\/talkpal.ai\/de\/ukrainische-grammatik\/#primaryimage\"},\"image\":{\"@id\":\"https:\/\/talkpal.ai\/de\/ukrainische-grammatik\/#primaryimage\"},\"thumbnailUrl\":\"https:\/\/talkpal.ai\/wp-content\/uploads\/2023\/04\/ukraine.png\",\"datePublished\":\"2023-05-14T13:53:24+00:00\",\"dateModified\":\"2025-12-11T16:37:34+00:00\",\"description\":\"Erschlie\u00dfen Sie die Sch\u00f6nheit der ukrainischen Grammatik mit wichtigen Tipps und Erkenntnissen, um Ihre Sprachreise zu verbessern.\",\"breadcrumb\":{\"@id\":\"https:\/\/talkpal.ai\/de\/ukrainische-grammatik\/#breadcrumb\"},\"inLanguage\":\"de\",\"potentialAction\":[{\"@type\":\"ReadAction\",\"target\":[\"https:\/\/talkpal.ai\/de\/ukrainische-grammatik\/\"]}]},{\"@type\":\"ImageObject\",\"inLanguage\":\"de\",\"@id\":\"https:\/\/talkpal.ai\/de\/ukrainische-grammatik\/#primaryimage\",\"url\":\"https:\/\/talkpal.ai\/wp-content\/uploads\/2023\/04\/ukraine.png\",\"contentUrl\":\"https:\/\/talkpal.ai\/wp-content\/uploads\/2023\/04\/ukraine.png\",\"width\":512,\"height\":512,\"caption\":\"TalkPal Ukrainian Flag\"},{\"@type\":\"BreadcrumbList\",\"@id\":\"https:\/\/talkpal.ai\/de\/ukrainische-grammatik\/#breadcrumb\",\"itemListElement\":[{\"@type\":\"ListItem\",\"position\":1,\"name\":\"Homepage\",\"item\":\"https:\/\/talkpal.ai\/de\/\"},{\"@type\":\"ListItem\",\"position\":2,\"name\":\"Ukrainische Grammatik\"}]},{\"@type\":\"WebSite\",\"@id\":\"https:\/\/talkpal.ai\/de\/#website\",\"url\":\"https:\/\/talkpal.ai\/de\/\",\"name\":\"Talkpal\",\"description\":\"AI Language Learning\",\"publisher\":{\"@id\":\"https:\/\/talkpal.ai\/de\/#organization\"},\"alternateName\":\"Talkpal AI\",\"potentialAction\":[{\"@type\":\"SearchAction\",\"target\":{\"@type\":\"EntryPoint\",\"urlTemplate\":\"https:\/\/talkpal.ai\/de\/?s={search_term_string}\"},\"query-input\":{\"@type\":\"PropertyValueSpecification\",\"valueRequired\":true,\"valueName\":\"search_term_string\"}}],\"inLanguage\":\"de\"},{\"@type\":\"Organization\",\"@id\":\"https:\/\/talkpal.ai\/de\/#organization\",\"name\":\"Talkpal, Inc.\",\"alternateName\":\"Talkpal AI\",\"url\":\"https:\/\/talkpal.ai\/de\/\",\"logo\":{\"@type\":\"ImageObject\",\"inLanguage\":\"de\",\"@id\":\"https:\/\/talkpal.ai\/de\/#\/schema\/logo\/image\/\",\"url\":\"https:\/\/talkpal.ai\/wp-content\/uploads\/2024\/03\/Talkpal-Logo-Icon.png\",\"contentUrl\":\"https:\/\/talkpal.ai\/wp-content\/uploads\/2024\/03\/Talkpal-Logo-Icon.png\",\"width\":2880,\"height\":2880,\"caption\":\"Talkpal, Inc.\"},\"image\":{\"@id\":\"https:\/\/talkpal.ai\/de\/#\/schema\/logo\/image\/\"},\"sameAs\":[\"https:\/\/www.facebook.com\/profile.php?id=100090733639311\",\"https:\/\/x.com\/talkpalai\",\"https:\/\/www.linkedin.com\/company\/talkpal\/\",\"https:\/\/www.youtube.com\/@TalkPal\/\",\"https:\/\/www.tiktok.com\/@talkpal\",\"https:\/\/www.instagram.com\/talkpal_ai\/\",\"https:\/\/www.crunchbase.com\/organization\/talkpal-9cde\",\"https:\/\/www.g2.com\/products\/talkpal-for-business\/\",\"https:\/\/www.trustpilot.com\/review\/talkpal.ai\",\"https:\/\/www.capterra.com\/p\/10006800\/TalkPal\/\"],\"description\":\"Talkpal is a language learning web and mobile education app, powered by the latest AI technologies, that provides engaging experiences to its customers in many different languages to help them improve their language skills. Users can chat about unlimited amount of topics with the app and use other modes to practice their language learning.\",\"email\":\"support@talkpal.ai\",\"legalName\":\"Talkpal, Inc.\",\"foundingDate\":\"2023-04-03\",\"duns\":\"118989042\",\"numberOfEmployees\":{\"@type\":\"QuantitativeValue\",\"minValue\":\"11\",\"maxValue\":\"50\"},\"publishingPrinciples\":\"https:\/\/talkpal.ai\/publishing-principles\/\",\"actionableFeedbackPolicy\":\"https:\/\/talkpal.ai\/actionable-feedback-policy\/\",\"correctionsPolicy\":\"https:\/\/talkpal.ai\/corrections-policy\/\",\"ethicsPolicy\":\"https:\/\/talkpal.ai\/ethics-policy\/\",\"diversityPolicy\":\"https:\/\/talkpal.ai\/diversity-policy\/\",\"diversityStaffingReport\":\"https:\/\/talkpal.ai\/diversity-policy\/\"}]}<\/script>\n<!-- \/ Yoast SEO Premium plugin. -->","yoast_head_json":{"title":"Ukrainische Grammatik - Talkpal","description":"Erschlie\u00dfen Sie die Sch\u00f6nheit der ukrainischen Grammatik mit wichtigen Tipps und Erkenntnissen, um Ihre Sprachreise zu verbessern.","robots":{"index":"index","follow":"follow","max-snippet":"max-snippet:-1","max-image-preview":"max-image-preview:large","max-video-preview":"max-video-preview:-1"},"canonical":"https:\/\/talkpal.ai\/de\/ukrainische-grammatik\/","og_locale":"de_DE","og_type":"article","og_title":"Ukrainische Grammatik","og_description":"Ein umfassender Leitfaden zur Beherrschung der ukrainischen Grammatik Ukrainisch, eine sch\u00f6ne und melodische Sprache, hat bei Sprachbegeisterten weltweit","og_url":"https:\/\/talkpal.ai\/de\/ukrainische-grammatik\/","og_site_name":"Talkpal","article_publisher":"https:\/\/www.facebook.com\/profile.php?id=100090733639311","article_modified_time":"2025-12-11T16:37:34+00:00","og_image":[{"width":512,"height":512,"url":"https:\/\/talkpal.ai\/wp-content\/uploads\/2023\/04\/ukraine.png","type":"image\/png"}],"twitter_card":"summary_large_image","twitter_site":"@talkpalai","twitter_misc":{"Gesch\u00e4tzte Lesezeit":"3\u00a0Minuten"},"schema":{"@context":"https:\/\/schema.org","@graph":[{"@type":"WebPage","@id":"https:\/\/talkpal.ai\/de\/ukrainische-grammatik\/","url":"https:\/\/talkpal.ai\/de\/ukrainische-grammatik\/","name":"Ukrainische Grammatik - Talkpal","isPartOf":{"@id":"https:\/\/talkpal.ai\/de\/#website"},"primaryImageOfPage":{"@id":"https:\/\/talkpal.ai\/de\/ukrainische-grammatik\/#primaryimage"},"image":{"@id":"https:\/\/talkpal.ai\/de\/ukrainische-grammatik\/#primaryimage"},"thumbnailUrl":"https:\/\/talkpal.ai\/wp-content\/uploads\/2023\/04\/ukraine.png","datePublished":"2023-05-14T13:53:24+00:00","dateModified":"2025-12-11T16:37:34+00:00","description":"Erschlie\u00dfen Sie die Sch\u00f6nheit der ukrainischen Grammatik mit wichtigen Tipps und Erkenntnissen, um Ihre Sprachreise zu verbessern.","breadcrumb":{"@id":"https:\/\/talkpal.ai\/de\/ukrainische-grammatik\/#breadcrumb"},"inLanguage":"de","potentialAction":[{"@type":"ReadAction","target":["https:\/\/talkpal.ai\/de\/ukrainische-grammatik\/"]}]},{"@type":"ImageObject","inLanguage":"de","@id":"https:\/\/talkpal.ai\/de\/ukrainische-grammatik\/#primaryimage","url":"https:\/\/talkpal.ai\/wp-content\/uploads\/2023\/04\/ukraine.png","contentUrl":"https:\/\/talkpal.ai\/wp-content\/uploads\/2023\/04\/ukraine.png","width":512,"height":512,"caption":"TalkPal Ukrainian Flag"},{"@type":"BreadcrumbList","@id":"https:\/\/talkpal.ai\/de\/ukrainische-grammatik\/#breadcrumb","itemListElement":[{"@type":"ListItem","position":1,"name":"Homepage","item":"https:\/\/talkpal.ai\/de\/"},{"@type":"ListItem","position":2,"name":"Ukrainische Grammatik"}]},{"@type":"WebSite","@id":"https:\/\/talkpal.ai\/de\/#website","url":"https:\/\/talkpal.ai\/de\/","name":"Talkpal","description":"AI Language Learning","publisher":{"@id":"https:\/\/talkpal.ai\/de\/#organization"},"alternateName":"Talkpal AI","potentialAction":[{"@type":"SearchAction","target":{"@type":"EntryPoint","urlTemplate":"https:\/\/talkpal.ai\/de\/?s={search_term_string}"},"query-input":{"@type":"PropertyValueSpecification","valueRequired":true,"valueName":"search_term_string"}}],"inLanguage":"de"},{"@type":"Organization","@id":"https:\/\/talkpal.ai\/de\/#organization","name":"Talkpal, Inc.","alternateName":"Talkpal AI","url":"https:\/\/talkpal.ai\/de\/","logo":{"@type":"ImageObject","inLanguage":"de","@id":"https:\/\/talkpal.ai\/de\/#\/schema\/logo\/image\/","url":"https:\/\/talkpal.ai\/wp-content\/uploads\/2024\/03\/Talkpal-Logo-Icon.png","contentUrl":"https:\/\/talkpal.ai\/wp-content\/uploads\/2024\/03\/Talkpal-Logo-Icon.png","width":2880,"height":2880,"caption":"Talkpal, Inc."},"image":{"@id":"https:\/\/talkpal.ai\/de\/#\/schema\/logo\/image\/"},"sameAs":["https:\/\/www.facebook.com\/profile.php?id=100090733639311","https:\/\/x.com\/talkpalai","https:\/\/www.linkedin.com\/company\/talkpal\/","https:\/\/www.youtube.com\/@TalkPal\/","https:\/\/www.tiktok.com\/@talkpal","https:\/\/www.instagram.com\/talkpal_ai\/","https:\/\/www.crunchbase.com\/organization\/talkpal-9cde","https:\/\/www.g2.com\/products\/talkpal-for-business\/","https:\/\/www.trustpilot.com\/review\/talkpal.ai","https:\/\/www.capterra.com\/p\/10006800\/TalkPal\/"],"description":"Talkpal is a language learning web and mobile education app, powered by the latest AI technologies, that provides engaging experiences to its customers in many different languages to help them improve their language skills. Users can chat about unlimited amount of topics with the app and use other modes to practice their language learning.","email":"support@talkpal.ai","legalName":"Talkpal, Inc.","foundingDate":"2023-04-03","duns":"118989042","numberOfEmployees":{"@type":"QuantitativeValue","minValue":"11","maxValue":"50"},"publishingPrinciples":"https:\/\/talkpal.ai\/publishing-principles\/","actionableFeedbackPolicy":"https:\/\/talkpal.ai\/actionable-feedback-policy\/","correctionsPolicy":"https:\/\/talkpal.ai\/corrections-policy\/","ethicsPolicy":"https:\/\/talkpal.ai\/ethics-policy\/","diversityPolicy":"https:\/\/talkpal.ai\/diversity-policy\/","diversityStaffingReport":"https:\/\/talkpal.ai\/diversity-policy\/"}]}},"_links":{"self":[{"href":"https:\/\/talkpal.ai\/de\/wp-json\/wp\/v2\/pages\/74290","targetHints":{"allow":["GET"]}}],"collection":[{"href":"https:\/\/talkpal.ai\/de\/wp-json\/wp\/v2\/pages"}],"about":[{"href":"https:\/\/talkpal.ai\/de\/wp-json\/wp\/v2\/types\/page"}],"author":[{"embeddable":true,"href":"https:\/\/talkpal.ai\/de\/wp-json\/wp\/v2\/users\/1"}],"replies":[{"embeddable":true,"href":"https:\/\/talkpal.ai\/de\/wp-json\/wp\/v2\/comments?post=74290"}],"version-history":[{"count":0,"href":"https:\/\/talkpal.ai\/de\/wp-json\/wp\/v2\/pages\/74290\/revisions"}],"wp:featuredmedia":[{"embeddable":true,"href":"https:\/\/talkpal.ai\/de\/wp-json\/wp\/v2\/media\/11622"}],"wp:attachment":[{"href":"https:\/\/talkpal.ai\/de\/wp-json\/wp\/v2\/media?parent=74290"}],"curies":[{"name":"wp","href":"https:\/\/api.w.org\/{rel}","templated":true}]}}