{"id":74289,"date":"2023-05-14T13:50:44","date_gmt":"2023-05-14T13:50:44","guid":{"rendered":"http:\/\/talkpal.ai\/hindi-grammatik\/"},"modified":"2025-12-13T15:12:19","modified_gmt":"2025-12-13T15:12:19","slug":"hindi-grammatik","status":"publish","type":"page","link":"https:\/\/talkpal.ai\/de\/hindi-grammatik\/","title":{"rendered":"Hindi-Grammatik"},"content":{"rendered":"\r\n\r\n\r\n<section class=\"languageChallengeSection\">\r\n    <div class=\"languageInfoWrapper\">\r\n        \r\n        <h1>Hindi-Grammatik<\/h1>\r\n        <p>Sind Sie bereit, <a href=\"https:\/\/talkpal.ai\/learn-hindi\/\">Hindi<\/a> zu lernen? Tauchen Sie ein in die <a href=\"https:\/\/talkpal.ai\/fr\/les\/\">Grammatik<\/a> des Hindi, wo geschlechtsspezifische Substantive, eine Subjekt-Objekt-Verb-Satzstruktur und ausdrucksstarke Verbkonjugationen die Sprache zum Leben erwecken. Beginnen Sie Ihre Hindi-Reise noch heute &#8211; die Beherrschung der Grammatik wird Sie bef\u00e4higen, selbstbewusst zu kommunizieren und sich mit der lebendigen Kultur und den Traditionen Indiens zu verbinden!<\/p>\r\n\r\n                            <a class=\"getStartedHidden\" href=\"https:\/\/app.talkpal.ai\/de\/signup?lng=\">Leg los<\/a>\r\n        \r\n    <\/div>\r\n\r\n    <figure>\r\n    <img decoding=\"async\" width=\"768\" height=\"768\" src=\"https:\/\/talkpal.ai\/wp-content\/uploads\/2023\/06\/hindi-768x768.png\" class=\"languageImage no-lazy\" alt=\"Default alt text\" fetchpriority=\"high\" sizes=\"(max-width: 768px) 150px, 768px\" srcset=\"https:\/\/talkpal.ai\/wp-content\/uploads\/2023\/06\/hindi-768x768.png 768w, https:\/\/talkpal.ai\/wp-content\/uploads\/2023\/06\/hindi-300x300.png 300w\" \/>\r\n    \r\n\r\n    <\/figure>\r\n\r\n            <a class=\"getStartedVisible\" href=\"https:\/\/app.talkpal.ai\/de\/signup?lng=\">Leg los<\/a>\r\n    \r\n<\/section>\r\n        <section class=\"grammarSection\">\r\n            <div class=\"grammarLinks\">\r\n                <a href=\"https:\/\/talkpal.ai\/de\/language\/adjektive-hindi-grammatik\/\">Adjektive <\/a><a href=\"https:\/\/talkpal.ai\/de\/language\/adverbien-hindi-grammatik\/\">Adverbien <\/a><a href=\"https:\/\/talkpal.ai\/de\/language\/artikel-hindi-grammatik\/\">Artikel <\/a><a href=\"https:\/\/talkpal.ai\/de\/language\/indikativ-der-zeitformen-hindi-grammatik\/\">Indikativ der Zeitformen <\/a><a href=\"https:\/\/talkpal.ai\/de\/language\/konjunktiv-der-zeitformen-hindi-grammatik\/\">Konjunktiv der Zeitformen <\/a><a href=\"https:\/\/talkpal.ai\/de\/language\/praepositionen-hindi-grammatik\/\">Pr\u00e4positionen <\/a><a href=\"https:\/\/talkpal.ai\/de\/language\/pronomen-hindi-grammatik\/\">Pronomen <\/a><a href=\"https:\/\/talkpal.ai\/de\/language\/satzbau-hindi-grammatik\/\">Satzbau <\/a><a href=\"https:\/\/talkpal.ai\/de\/language\/substantive-hindi-grammatik\/\">Substantive <\/a><a href=\"https:\/\/talkpal.ai\/de\/language\/verben-hindi-grammatik\/\">Verben <\/a><a href=\"https:\/\/talkpal.ai\/de\/language\/zeitvergleich-hindi-grammatik\/\">Zeitvergleich <\/a>            <\/div>\r\n        <\/section>\r\n    <section class=\"promotionalBanner\">\r\n    <p class=\"promotionalText\">Der effizienteste Weg, eine Sprache zu lernen<\/p>\r\n    <a class=\"promotionalLink\" href=\"https:\/\/app.talkpal.ai\/de\/signup?lng=\">Talkpal kostenlos<\/a>\r\n<\/section>\n<div class=\"wp-block-group pageContainerStyle\"><div class=\"wp-block-group__inner-container is-layout-constrained wp-block-group-is-layout-constrained\">\n<h2 class=\"wp-block-heading\" id=\"h-mastering-hindi-grammar-your-ultimate-guide\">Beherrschung der Hindi-Grammatik: Ihr ultimativer Leitfaden<\/h2>\n\n\n\n<p>Namaste, <a href=\"https:\/\/talkpal.ai\/talkpal-discount-for-language-enthusiasts\/\">Sprachbegeisterte<\/a>! Sind Sie bereit, die Welt der <a href=\"https:\/\/talkpal.ai\/hindi-grammar\/\">Hindi-Grammatik<\/a> zu erkunden? Dann sind Sie bei uns genau richtig. Gef\u00fcllt mit leicht verst\u00e4ndlichen Informationen und einem Konversationston f\u00fchrt Sie dieser Artikel durch das faszinierende Reich der Hindi-Grammatik. Schon bald werden Sie in der Lage sein, S\u00e4tze zu bilden und sinnvolle Unterhaltungen mit Muttersprachlern zu f\u00fchren. Lassen Sie uns also gleich eintauchen!<\/p>\n\n\n\n<p><strong>Aber zuerst, warum Hindi-Grammatik?<\/strong><\/p>\n\n\n\n<p>Wenn Sie <a href=\"https:\/\/talkpal.ai\/de\/hindi-lernen\/\">Hindi lernen<\/a>, ist eine solide Grundlage in Grammatik entscheidend, um flie\u00dfend sprechen, lesen und schreiben zu k\u00f6nnen. W\u00e4hrend die Hindi-Grammatik zun\u00e4chst komplex erscheinen kann, wird sie zug\u00e4nglicher, wenn sie in kleinere, \u00fcberschaubare Segmente unterteilt wird. Dieser Artikel ist der perfekte Ort, um Ihre Reise zur Beherrschung der Hindi-Grammatik zu beginnen!<\/p>\n\n\n\n<h3 class=\"wp-block-heading\" id=\"h-1-nouns-gender-and-cases\">1. Substantive, Geschlecht und Kasus<\/h3>\n\n\n\n<p>Hindi-Substantive gibt es in zwei Geschlechtern: m\u00e4nnlich und weiblich. Es ist wichtig, das Geschlecht von Substantiven zu bestimmen, da dies andere Teile der Sprache, wie Adjektive und Verben, beeinflusst.  <\/p>\n\n\n\n<p>Eine einfache Faustregel: Wenn ein Substantiv auf \u201e-aa\u201c (\u201e\u0906\u201c) endet, ist es in der Regel maskulin, w\u00e4hrend ein Substantiv, das auf \u201e-ii\u201c (\u201e\u0908\u201c) endet, in der Regel feminin ist. Aber denken Sie daran &#8211; wie immer gibt es Ausnahmen!  <\/p>\n\n\n\n<p>Hindi-Substantive nehmen je nach ihrer Rolle in einem Satz (Subjekt, Objekt, Possessiv usw.) unterschiedliche Formen an. Diese Formulare werden als F\u00e4lle bezeichnet. Die wichtigsten F\u00e4lle im Hindi sind direkt (\u201e\u0906\u092e \u0915\u094d\u0930\u092e\u201c), schr\u00e4g (\u201e\u0909\u092a \u0935\u093f\u0932\u094b\u092e\u201c) und Vokativ (\u201e\u0938\u0902\u092c\u094b\u0927\u0928\u201c).<\/p>\n\n\n\n<h3 class=\"wp-block-heading\" id=\"h-2-pronouns-and-agreement\">2. Pronomen und Vereinbarung<\/h3>\n\n\n\n<p>Hindi-Pronomen (ich, du, er, sie usw.) \u00e4ndern sich je nach Geschlecht und Hierarchie. Zum Beispiel: \u092e\u0948\u0902 (main &#8211; ich), \u0924\u0941\u092e (tum &#8211; Sie, informell), \u0906\u092a (aap &#8211; Sie, formell), \u0935\u0939 (vah &#8211; er\/sie), \u0939\u092e (hum &#8211; wir), und \u0935\u0947 (ve &#8211; sie).  <\/p>\n\n\n\n<p>Bei der Verwendung von Pronomen ist es wichtig, sich der Hierarchie bewusst zu sein. W\u00e4hrend zum Beispiel \u201e\u0924\u0941\u092e\u201c unter Freunden angemessen sein mag, zeigt die Verwendung von \u201e\u0906\u092a\u201c Respekt, wenn Sie \u00c4ltere oder Fremde ansprechen.<\/p>\n\n\n\n<h3 class=\"wp-block-heading\" id=\"h-3-verbs-tense-and-conjugation\">3. Verben, Zeitform und Konjugation<\/h3>\n\n\n\n<p>Verben bilden das R\u00fcckgrat der Hindi-Grammatik, und ihr Verst\u00e4ndnis ist f\u00fcr die Satzbildung von entscheidender Bedeutung. Hindi-Verben werden grob in transitiv (\u201e\u0938\u0915\u0930\u094d\u092e\u0915\u201c) und intransitiv (\u201e\u0905\u0915\u0930\u094d\u092e\u0915\u201c) eingeteilt, wobei f\u00fcr jedes Verb unterschiedliche Konjugationsregeln gelten.  <\/p>\n\n\n\n<p>Um Ihnen einen schnellen \u00dcberblick zu geben, lassen Sie uns die Konjugation des Pr\u00e4sens von regelm\u00e4\u00dfigen Verben besprechen:<\/p>\n\n\n\n<p>&#8211; \u092e\u0948\u0902 \u092a\u0922\u093c\u0924\u093e \u0939\u0942\u0901 (main padhta hoon &#8211; ich lese, m\u00e4nnlich)<\/p>\n\n\n\n<p>&#8211; \u092e\u0948\u0902 \u092a\u0922\u093c\u0924\u0940 \u0939\u0942\u0901 (main padhti hoon &#8211; ich lese, weiblich)<\/p>\n\n\n\n<p>&#8211; \u0924\u0941\u092e \u092a\u0922\u093c\u0924\u0947 \u0939\u094b (tum padhte ho &#8211; Sie lesen, informell, maskulin)<\/p>\n\n\n\n<p>&#8211; \u0924\u0941\u092e \u092a\u0922\u093c\u0924\u0940 \u0939\u094b (tum padhti ho &#8211; Sie lesen, informell, feminin)<\/p>\n\n\n\n<p>Denken Sie daran, dass dies erst der Anfang ist! <a href=\"https:\/\/talkpal.ai\/culture\/what-is-the-difference-between-es-gibt-and-da-ist\/\">Es gibt<\/a> viele <a href=\"https:\/\/talkpal.ai\/zh-hans\/grammar_exercises\/zeitformen-%e5%be%b7%e5%9b%bd%e8%af%ad%e6%b3%95%e7%bb%83%e4%b9%a0\/\">Zeitformen<\/a> und unregelm\u00e4\u00dfige Verben, die es zu meistern gilt, aber jeder neue Schritt bringt dich n\u00e4her an die Gel\u00e4ufigkeit.<\/p>\n\n\n\n<h3 class=\"wp-block-heading\" id=\"h-4-adjectives-adverbs-and-more\">4. Adjektive, Adverbien und mehr!<\/h3>\n\n\n\n<p>Die Hindi-Grammatik enth\u00e4lt andere Komponenten wie Adjektive (die mit Substantiven in Geschlecht und Zahl \u00fcbereinstimmen m\u00fcssen), Adverbien, Pr\u00e4positionen und idiomatische Ausdr\u00fccke. Jedes Element ist der Schl\u00fcssel, um flie\u00dfend Hindi zu sprechen, also gehen Sie es Schritt f\u00fcr Schritt an.<\/p>\n\n\n\n<p>Zusammenfassend l\u00e4sst sich sagen, dass es keine Abk\u00fcrzung gibt, um die Hindi-Grammatik zu beherrschen. Es erfordert Beharrlichkeit, \u00dcbung und Geduld. Sobald Sie es jedoch verstanden haben, werden Sie die Nuancen der Konversation auf Hindi zu sch\u00e4tzen wissen, die reiche Kultur und Geschichte entdecken und Ihre Liebe zur Sprache vertiefen. \u0936\u0941\u092d\u0915\u093e\u092e\u0928\u093e\u090f\u0901 (shubhkaamnaayein &#8211; beste W\u00fcnsche)!<\/p>\n<\/div><\/div>\n\r\n<section class=\"learnNavigationSection\">\r\n            \r\n        <a href=\"https:\/\/talkpal.ai\/de\/hindi-lernen\/\">\r\n            <div class=\"learnNavigationWrapper\">\r\n                <div class=\"learnNavigationContent\">\r\n                    <img decoding=\"async\" src=\"https:\/\/talkpal.ai\/wp-content\/uploads\/2024\/08\/Hindi.jpg\" alt=\"Indian Flag\">\r\n                    <div>\r\n                        <h4>\u00dcber Hindi Lernen<\/h4>\r\n                        <p>Erfahren Sie alles \u00fcber die Hindi-Grammatik.<\/p>\r\n                    <\/div>\r\n                <\/div>\r\n            <\/div>\r\n        <\/a>\r\n\r\n        \r\n        <a href=\"https:\/\/talkpal.ai\/de\/hindi-grammatikuebungen\/\">\r\n            <div class=\"learnNavigationWrapper\">\r\n                <div class=\"learnNavigationContent\">\r\n                    <img decoding=\"async\" src=\"https:\/\/talkpal.ai\/wp-content\/uploads\/2024\/08\/Hindi.jpg\" alt=\"Indian Flag\">\r\n                    <div>\r\n                        <h4>Hindi Grammatik \u00dcbung<\/h4>\r\n                        <p>\u00dcbe die Hindi-Grammatik .<\/p>\r\n                    <\/div>\r\n                <\/div>\r\n            <\/div>\r\n        <\/a>\r\n\r\n        \r\n        <a href=\"https:\/\/talkpal.ai\/vocabulary_language\/hindi\/\">\r\n            <div class=\"learnNavigationWrapper\">\r\n                <div class=\"learnNavigationContent\">\r\n                    <img decoding=\"async\" src=\"https:\/\/talkpal.ai\/wp-content\/uploads\/2024\/08\/Hindi.jpg\" alt=\"Indian Flag\">\r\n                    <div>\r\n                        <h4>Hindi Wortschatz<\/h4>\r\n                        <p>Erweitern Sie Ihren Hindi-Wortschatz.<\/p>\r\n                    <\/div>\r\n                <\/div>\r\n            <\/div>\r\n        <\/a>\r\n\r\n            <\/section>","protected":false},"excerpt":{"rendered":"<p>Beherrschung der Hindi-Grammatik: Ihr ultimativer Leitfaden Namaste, Sprachbegeisterte! Sind Sie bereit, die Welt der Hindi-Grammatik zu erkunden? Dann sind Sie bei uns genau richtig. Gef\u00fcllt mit leicht verst\u00e4ndlichen Informationen und einem Konversationston f\u00fchrt Sie dieser Artikel durch das faszinierende Reich der Hindi-Grammatik. Schon bald werden Sie in der Lage sein, S\u00e4tze zu bilden und sinnvolle [&hellip;]<\/p>\n","protected":false},"author":1,"featured_media":188207,"parent":0,"menu_order":0,"comment_status":"closed","ping_status":"closed","template":"LearningContentPage.php","meta":{"_acf_changed":false,"footnotes":""},"class_list":["post-74289","page","type-page","status-publish","has-post-thumbnail","hentry"],"acf":[],"yoast_head":"<!-- This site is optimized with the Yoast SEO Premium plugin v27.2 (Yoast SEO v27.2) - https:\/\/yoast.com\/product\/yoast-seo-premium-wordpress\/ -->\n<title>Hindi-Grammatik - Talkpal<\/title>\n<meta name=\"description\" content=\"Beherrschen Sie die Hindi-Grammatik souver\u00e4n - lernen Sie klare Regeln, bilden Sie korrekte S\u00e4tze und sprechen Sie besser mit der einfachen Anleitung von Talkpal KI.\" \/>\n<meta name=\"robots\" content=\"index, follow, max-snippet:-1, max-image-preview:large, max-video-preview:-1\" \/>\n<link rel=\"canonical\" href=\"https:\/\/talkpal.ai\/de\/hindi-grammatik\/\" \/>\n<meta property=\"og:locale\" content=\"de_DE\" \/>\n<meta property=\"og:type\" content=\"article\" \/>\n<meta property=\"og:title\" content=\"Hindi-Grammatik\" \/>\n<meta property=\"og:description\" content=\"Beherrschung der Hindi-Grammatik: Ihr ultimativer Leitfaden Namaste, Sprachbegeisterte! Sind Sie bereit, die Welt der Hindi-Grammatik zu erkunden? Dann\" \/>\n<meta property=\"og:url\" content=\"https:\/\/talkpal.ai\/de\/hindi-grammatik\/\" \/>\n<meta property=\"og:site_name\" content=\"Talkpal\" \/>\n<meta property=\"article:publisher\" content=\"https:\/\/www.facebook.com\/profile.php?id=100090733639311\" \/>\n<meta property=\"article:modified_time\" content=\"2025-12-13T15:12:19+00:00\" \/>\n<meta property=\"og:image\" content=\"https:\/\/talkpal.ai\/wp-content\/uploads\/2024\/02\/india.png\" \/>\n\t<meta property=\"og:image:width\" content=\"517\" \/>\n\t<meta property=\"og:image:height\" content=\"517\" \/>\n\t<meta property=\"og:image:type\" content=\"image\/png\" \/>\n<meta name=\"twitter:card\" content=\"summary_large_image\" \/>\n<meta name=\"twitter:site\" content=\"@talkpalai\" \/>\n<meta name=\"twitter:label1\" content=\"Gesch\u00e4tzte Lesezeit\" \/>\n\t<meta name=\"twitter:data1\" content=\"3\u00a0Minuten\" \/>\n<script type=\"application\/ld+json\" class=\"yoast-schema-graph\">{\"@context\":\"https:\/\/schema.org\",\"@graph\":[{\"@type\":\"WebPage\",\"@id\":\"https:\/\/talkpal.ai\/de\/hindi-grammatik\/\",\"url\":\"https:\/\/talkpal.ai\/de\/hindi-grammatik\/\",\"name\":\"Hindi-Grammatik - Talkpal\",\"isPartOf\":{\"@id\":\"https:\/\/talkpal.ai\/de\/#website\"},\"primaryImageOfPage\":{\"@id\":\"https:\/\/talkpal.ai\/de\/hindi-grammatik\/#primaryimage\"},\"image\":{\"@id\":\"https:\/\/talkpal.ai\/de\/hindi-grammatik\/#primaryimage\"},\"thumbnailUrl\":\"https:\/\/talkpal.ai\/wp-content\/uploads\/2024\/02\/india.png\",\"datePublished\":\"2023-05-14T13:50:44+00:00\",\"dateModified\":\"2025-12-13T15:12:19+00:00\",\"description\":\"Beherrschen Sie die Hindi-Grammatik souver\u00e4n - lernen Sie klare Regeln, bilden Sie korrekte S\u00e4tze und sprechen Sie besser mit der einfachen Anleitung von Talkpal KI.\",\"breadcrumb\":{\"@id\":\"https:\/\/talkpal.ai\/de\/hindi-grammatik\/#breadcrumb\"},\"inLanguage\":\"de\",\"potentialAction\":[{\"@type\":\"ReadAction\",\"target\":[\"https:\/\/talkpal.ai\/de\/hindi-grammatik\/\"]}]},{\"@type\":\"ImageObject\",\"inLanguage\":\"de\",\"@id\":\"https:\/\/talkpal.ai\/de\/hindi-grammatik\/#primaryimage\",\"url\":\"https:\/\/talkpal.ai\/wp-content\/uploads\/2024\/02\/india.png\",\"contentUrl\":\"https:\/\/talkpal.ai\/wp-content\/uploads\/2024\/02\/india.png\",\"width\":517,\"height\":517,\"caption\":\"TalkPal Indian Flag\"},{\"@type\":\"BreadcrumbList\",\"@id\":\"https:\/\/talkpal.ai\/de\/hindi-grammatik\/#breadcrumb\",\"itemListElement\":[{\"@type\":\"ListItem\",\"position\":1,\"name\":\"Homepage\",\"item\":\"https:\/\/talkpal.ai\/de\/\"},{\"@type\":\"ListItem\",\"position\":2,\"name\":\"Hindi-Grammatik\"}]},{\"@type\":\"WebSite\",\"@id\":\"https:\/\/talkpal.ai\/de\/#website\",\"url\":\"https:\/\/talkpal.ai\/de\/\",\"name\":\"Talkpal\",\"description\":\"AI Language Learning\",\"publisher\":{\"@id\":\"https:\/\/talkpal.ai\/de\/#organization\"},\"alternateName\":\"Talkpal AI\",\"potentialAction\":[{\"@type\":\"SearchAction\",\"target\":{\"@type\":\"EntryPoint\",\"urlTemplate\":\"https:\/\/talkpal.ai\/de\/?s={search_term_string}\"},\"query-input\":{\"@type\":\"PropertyValueSpecification\",\"valueRequired\":true,\"valueName\":\"search_term_string\"}}],\"inLanguage\":\"de\"},{\"@type\":\"Organization\",\"@id\":\"https:\/\/talkpal.ai\/de\/#organization\",\"name\":\"Talkpal, Inc.\",\"alternateName\":\"Talkpal AI\",\"url\":\"https:\/\/talkpal.ai\/de\/\",\"logo\":{\"@type\":\"ImageObject\",\"inLanguage\":\"de\",\"@id\":\"https:\/\/talkpal.ai\/de\/#\/schema\/logo\/image\/\",\"url\":\"https:\/\/talkpal.ai\/wp-content\/uploads\/2024\/03\/Talkpal-Logo-Icon.png\",\"contentUrl\":\"https:\/\/talkpal.ai\/wp-content\/uploads\/2024\/03\/Talkpal-Logo-Icon.png\",\"width\":2880,\"height\":2880,\"caption\":\"Talkpal, Inc.\"},\"image\":{\"@id\":\"https:\/\/talkpal.ai\/de\/#\/schema\/logo\/image\/\"},\"sameAs\":[\"https:\/\/www.facebook.com\/profile.php?id=100090733639311\",\"https:\/\/x.com\/talkpalai\",\"https:\/\/www.linkedin.com\/company\/talkpal\/\",\"https:\/\/www.youtube.com\/@TalkPal\/\",\"https:\/\/www.tiktok.com\/@talkpal\",\"https:\/\/www.instagram.com\/talkpal_ai\/\",\"https:\/\/www.crunchbase.com\/organization\/talkpal-9cde\",\"https:\/\/www.g2.com\/products\/talkpal-for-business\/\",\"https:\/\/www.trustpilot.com\/review\/talkpal.ai\",\"https:\/\/www.capterra.com\/p\/10006800\/TalkPal\/\"],\"description\":\"Talkpal is a language learning web and mobile education app, powered by the latest AI technologies, that provides engaging experiences to its customers in many different languages to help them improve their language skills. Users can chat about unlimited amount of topics with the app and use other modes to practice their language learning.\",\"email\":\"support@talkpal.ai\",\"legalName\":\"Talkpal, Inc.\",\"foundingDate\":\"2023-04-03\",\"duns\":\"118989042\",\"numberOfEmployees\":{\"@type\":\"QuantitativeValue\",\"minValue\":\"11\",\"maxValue\":\"50\"},\"publishingPrinciples\":\"https:\/\/talkpal.ai\/publishing-principles\/\",\"actionableFeedbackPolicy\":\"https:\/\/talkpal.ai\/actionable-feedback-policy\/\",\"correctionsPolicy\":\"https:\/\/talkpal.ai\/corrections-policy\/\",\"ethicsPolicy\":\"https:\/\/talkpal.ai\/ethics-policy\/\",\"diversityPolicy\":\"https:\/\/talkpal.ai\/diversity-policy\/\",\"diversityStaffingReport\":\"https:\/\/talkpal.ai\/diversity-policy\/\"}]}<\/script>\n<!-- \/ Yoast SEO Premium plugin. -->","yoast_head_json":{"title":"Hindi-Grammatik - Talkpal","description":"Beherrschen Sie die Hindi-Grammatik souver\u00e4n - lernen Sie klare Regeln, bilden Sie korrekte S\u00e4tze und sprechen Sie besser mit der einfachen Anleitung von Talkpal KI.","robots":{"index":"index","follow":"follow","max-snippet":"max-snippet:-1","max-image-preview":"max-image-preview:large","max-video-preview":"max-video-preview:-1"},"canonical":"https:\/\/talkpal.ai\/de\/hindi-grammatik\/","og_locale":"de_DE","og_type":"article","og_title":"Hindi-Grammatik","og_description":"Beherrschung der Hindi-Grammatik: Ihr ultimativer Leitfaden Namaste, Sprachbegeisterte! Sind Sie bereit, die Welt der Hindi-Grammatik zu erkunden? Dann","og_url":"https:\/\/talkpal.ai\/de\/hindi-grammatik\/","og_site_name":"Talkpal","article_publisher":"https:\/\/www.facebook.com\/profile.php?id=100090733639311","article_modified_time":"2025-12-13T15:12:19+00:00","og_image":[{"width":517,"height":517,"url":"https:\/\/talkpal.ai\/wp-content\/uploads\/2024\/02\/india.png","type":"image\/png"}],"twitter_card":"summary_large_image","twitter_site":"@talkpalai","twitter_misc":{"Gesch\u00e4tzte Lesezeit":"3\u00a0Minuten"},"schema":{"@context":"https:\/\/schema.org","@graph":[{"@type":"WebPage","@id":"https:\/\/talkpal.ai\/de\/hindi-grammatik\/","url":"https:\/\/talkpal.ai\/de\/hindi-grammatik\/","name":"Hindi-Grammatik - Talkpal","isPartOf":{"@id":"https:\/\/talkpal.ai\/de\/#website"},"primaryImageOfPage":{"@id":"https:\/\/talkpal.ai\/de\/hindi-grammatik\/#primaryimage"},"image":{"@id":"https:\/\/talkpal.ai\/de\/hindi-grammatik\/#primaryimage"},"thumbnailUrl":"https:\/\/talkpal.ai\/wp-content\/uploads\/2024\/02\/india.png","datePublished":"2023-05-14T13:50:44+00:00","dateModified":"2025-12-13T15:12:19+00:00","description":"Beherrschen Sie die Hindi-Grammatik souver\u00e4n - lernen Sie klare Regeln, bilden Sie korrekte S\u00e4tze und sprechen Sie besser mit der einfachen Anleitung von Talkpal KI.","breadcrumb":{"@id":"https:\/\/talkpal.ai\/de\/hindi-grammatik\/#breadcrumb"},"inLanguage":"de","potentialAction":[{"@type":"ReadAction","target":["https:\/\/talkpal.ai\/de\/hindi-grammatik\/"]}]},{"@type":"ImageObject","inLanguage":"de","@id":"https:\/\/talkpal.ai\/de\/hindi-grammatik\/#primaryimage","url":"https:\/\/talkpal.ai\/wp-content\/uploads\/2024\/02\/india.png","contentUrl":"https:\/\/talkpal.ai\/wp-content\/uploads\/2024\/02\/india.png","width":517,"height":517,"caption":"TalkPal Indian Flag"},{"@type":"BreadcrumbList","@id":"https:\/\/talkpal.ai\/de\/hindi-grammatik\/#breadcrumb","itemListElement":[{"@type":"ListItem","position":1,"name":"Homepage","item":"https:\/\/talkpal.ai\/de\/"},{"@type":"ListItem","position":2,"name":"Hindi-Grammatik"}]},{"@type":"WebSite","@id":"https:\/\/talkpal.ai\/de\/#website","url":"https:\/\/talkpal.ai\/de\/","name":"Talkpal","description":"AI Language Learning","publisher":{"@id":"https:\/\/talkpal.ai\/de\/#organization"},"alternateName":"Talkpal AI","potentialAction":[{"@type":"SearchAction","target":{"@type":"EntryPoint","urlTemplate":"https:\/\/talkpal.ai\/de\/?s={search_term_string}"},"query-input":{"@type":"PropertyValueSpecification","valueRequired":true,"valueName":"search_term_string"}}],"inLanguage":"de"},{"@type":"Organization","@id":"https:\/\/talkpal.ai\/de\/#organization","name":"Talkpal, Inc.","alternateName":"Talkpal AI","url":"https:\/\/talkpal.ai\/de\/","logo":{"@type":"ImageObject","inLanguage":"de","@id":"https:\/\/talkpal.ai\/de\/#\/schema\/logo\/image\/","url":"https:\/\/talkpal.ai\/wp-content\/uploads\/2024\/03\/Talkpal-Logo-Icon.png","contentUrl":"https:\/\/talkpal.ai\/wp-content\/uploads\/2024\/03\/Talkpal-Logo-Icon.png","width":2880,"height":2880,"caption":"Talkpal, Inc."},"image":{"@id":"https:\/\/talkpal.ai\/de\/#\/schema\/logo\/image\/"},"sameAs":["https:\/\/www.facebook.com\/profile.php?id=100090733639311","https:\/\/x.com\/talkpalai","https:\/\/www.linkedin.com\/company\/talkpal\/","https:\/\/www.youtube.com\/@TalkPal\/","https:\/\/www.tiktok.com\/@talkpal","https:\/\/www.instagram.com\/talkpal_ai\/","https:\/\/www.crunchbase.com\/organization\/talkpal-9cde","https:\/\/www.g2.com\/products\/talkpal-for-business\/","https:\/\/www.trustpilot.com\/review\/talkpal.ai","https:\/\/www.capterra.com\/p\/10006800\/TalkPal\/"],"description":"Talkpal is a language learning web and mobile education app, powered by the latest AI technologies, that provides engaging experiences to its customers in many different languages to help them improve their language skills. Users can chat about unlimited amount of topics with the app and use other modes to practice their language learning.","email":"support@talkpal.ai","legalName":"Talkpal, Inc.","foundingDate":"2023-04-03","duns":"118989042","numberOfEmployees":{"@type":"QuantitativeValue","minValue":"11","maxValue":"50"},"publishingPrinciples":"https:\/\/talkpal.ai\/publishing-principles\/","actionableFeedbackPolicy":"https:\/\/talkpal.ai\/actionable-feedback-policy\/","correctionsPolicy":"https:\/\/talkpal.ai\/corrections-policy\/","ethicsPolicy":"https:\/\/talkpal.ai\/ethics-policy\/","diversityPolicy":"https:\/\/talkpal.ai\/diversity-policy\/","diversityStaffingReport":"https:\/\/talkpal.ai\/diversity-policy\/"}]}},"_links":{"self":[{"href":"https:\/\/talkpal.ai\/de\/wp-json\/wp\/v2\/pages\/74289","targetHints":{"allow":["GET"]}}],"collection":[{"href":"https:\/\/talkpal.ai\/de\/wp-json\/wp\/v2\/pages"}],"about":[{"href":"https:\/\/talkpal.ai\/de\/wp-json\/wp\/v2\/types\/page"}],"author":[{"embeddable":true,"href":"https:\/\/talkpal.ai\/de\/wp-json\/wp\/v2\/users\/1"}],"replies":[{"embeddable":true,"href":"https:\/\/talkpal.ai\/de\/wp-json\/wp\/v2\/comments?post=74289"}],"version-history":[{"count":0,"href":"https:\/\/talkpal.ai\/de\/wp-json\/wp\/v2\/pages\/74289\/revisions"}],"wp:featuredmedia":[{"embeddable":true,"href":"https:\/\/talkpal.ai\/de\/wp-json\/wp\/v2\/media\/188207"}],"wp:attachment":[{"href":"https:\/\/talkpal.ai\/de\/wp-json\/wp\/v2\/media?parent=74289"}],"curies":[{"name":"wp","href":"https:\/\/api.w.org\/{rel}","templated":true}]}}