{"id":74277,"date":"2023-05-14T13:49:38","date_gmt":"2023-05-14T13:49:38","guid":{"rendered":"http:\/\/talkpal.ai\/niederlaendische-grammatik\/"},"modified":"2025-12-11T17:00:14","modified_gmt":"2025-12-11T17:00:14","slug":"niederlaendische-grammatik","status":"publish","type":"page","link":"https:\/\/talkpal.ai\/de\/niederlaendische-grammatik\/","title":{"rendered":"Niederl\u00e4ndische Grammatik"},"content":{"rendered":"\r\n\r\n\r\n<section class=\"languageChallengeSection\">\r\n    <div class=\"languageInfoWrapper\">\r\n        \r\n        <h1>Niederl\u00e4ndische Grammatik<\/h1>\r\n        <p>Erforschen Sie die Grundlagen der niederl\u00e4ndischen Sprache, indem Sie die wichtigsten Grammatikregeln lernen. Die Beherrschung der niederl\u00e4ndischen <a href=\"https:\/\/talkpal.ai\/fr\/les\/\">Grammatik<\/a> wird Ihnen helfen, effektiv zu kommunizieren und tiefere Einblicke in die niederl\u00e4ndische Kultur zu gewinnen. Beginnen Sie noch heute mit dem Erlernen der niederl\u00e4ndischen Grammatik und machen Sie den ersten Schritt in Richtung flie\u00dfende Sprachkenntnisse!\n<\/p>\r\n\r\n                            <a class=\"getStartedHidden\" href=\"https:\/\/app.talkpal.ai\/de\/signup?lng=\">Leg los<\/a>\r\n        \r\n    <\/div>\r\n\r\n    <figure>\r\n    <img decoding=\"async\" width=\"768\" height=\"768\" src=\"https:\/\/talkpal.ai\/wp-content\/uploads\/2023\/06\/Dutch-768x768.png\" class=\"languageImage no-lazy\" alt=\"Default alt text\" fetchpriority=\"high\" sizes=\"(max-width: 768px) 150px, 768px\" srcset=\"https:\/\/talkpal.ai\/wp-content\/uploads\/2023\/06\/Dutch-768x768.png 768w, https:\/\/talkpal.ai\/wp-content\/uploads\/2023\/06\/Dutch-300x300.png 300w\" \/>\r\n    \r\n\r\n    <\/figure>\r\n\r\n            <a class=\"getStartedVisible\" href=\"https:\/\/app.talkpal.ai\/de\/signup?lng=\">Leg los<\/a>\r\n    \r\n<\/section>\r\n        <section class=\"grammarSection\">\r\n            <div class=\"grammarLinks\">\r\n                <a href=\"https:\/\/talkpal.ai\/de\/language\/adjektive-niederlandische-grammatik\/\">Adjektive <\/a><a href=\"https:\/\/talkpal.ai\/de\/language\/adverbien-niederlandische-grammatik\/\">Adverbien <\/a><a href=\"https:\/\/talkpal.ai\/de\/language\/artikel-niederlandische-grammatik\/\">Artikel <\/a><a href=\"https:\/\/talkpal.ai\/de\/language\/indikativ-der-zeitformen-niederlandische-grammatik\/\">Indikativ der Zeitformen <\/a><a href=\"https:\/\/talkpal.ai\/de\/language\/konjunktiv-der-zeitformen-niederlandische-grammatik\/\">Konjunktiv der Zeitformen <\/a><a href=\"https:\/\/talkpal.ai\/de\/language\/prapositionen-niederlandische-grammatik\/\">Pr\u00e4positionen <\/a><a href=\"https:\/\/talkpal.ai\/de\/language\/pronomen-niederlandische-grammatik\/\">Pronomen <\/a><a href=\"https:\/\/talkpal.ai\/de\/language\/satzbau-niederlandische-grammatik\/\">Satzbau <\/a><a href=\"https:\/\/talkpal.ai\/de\/language\/substantive-niederlandische-grammatik\/\">Substantive <\/a><a href=\"https:\/\/talkpal.ai\/de\/language\/verben-niederlandische-grammatik\/\">Verben <\/a><a href=\"https:\/\/talkpal.ai\/de\/language\/zeitvergleich-niederlandische-grammatik\/\">Zeitvergleich <\/a>            <\/div>\r\n        <\/section>\r\n    <section class=\"promotionalBanner\">\r\n    <p class=\"promotionalText\">Der effizienteste Weg, eine Sprache zu lernen<\/p>\r\n    <a class=\"promotionalLink\" href=\"https:\/\/app.talkpal.ai\/de\/signup?lng=\">Talkpal kostenlos<\/a>\r\n<\/section>\n<div class=\"wp-block-group pageContainerStyle\"><div class=\"wp-block-group__inner-container is-layout-constrained wp-block-group-is-layout-constrained\">\n<h2 class=\"wp-block-heading\" id=\"h-dutch-grammar-master-the-mechanics-of-the-dutch-language\">Niederl\u00e4ndische Grammatik: Meistern Sie die Mechanik der niederl\u00e4ndischen Sprache<\/h2>\n\n\n\n<p>Wenn Sie den Schritt gewagt haben, <a href=\"https:\/\/talkpal.ai\/learn-dutch\/\">Niederl\u00e4ndisch<\/a> zu lernen, steht Ihnen eine aufregende Reise bevor! Mit \u00fcber 23 Millionen Sprechern weltweit ist Niederl\u00e4ndisch eine fantastische Sprache, um Ihre sprachlichen F\u00e4higkeiten zu verbessern und Ihren Horizont zu erweitern. Vielleicht haben Sie schon von der Komplexit\u00e4t der niederl\u00e4ndischen Grammatik geh\u00f6rt, aber keine Angst! Dieser Artikel ist ein freundlicher Leitfaden f\u00fcr Anf\u00e4nger, <a href=\"https:\/\/talkpal.ai\/culture\/what-is-the-difference-between-der-see-and-die-see\/\">der die<\/a> <a href=\"https:\/\/talkpal.ai\/es\/gramatica-holandesa\/\">niederl\u00e4ndische Grammatik<\/a> auf unterhaltsame und umfassende Weise erkl\u00e4rt.<\/p>\n\n\n\n<h3 class=\"wp-block-heading\" id=\"h-1-the-pillar-of-dutch-grammar-word-order\">1. Der Grundpfeiler der niederl\u00e4ndischen Grammatik: die Wortstellung<\/h3>\n\n\n\n<p>Die <a href=\"https:\/\/talkpal.ai\/es\/gramatica-holandesa\/\">niederl\u00e4ndische Grammatik<\/a> st\u00fctzt sich stark auf die Wortstellung. Im Allgemeinen folgt sie einer &#8222;Subjekt-Verb-Objekt&#8220;-Struktur, \u00e4hnlich wie in der englischen Sprache. Das Niederl\u00e4ndische weist jedoch eine Besonderheit auf: die Wortstellung Verbzweit (V2). In einem Satz mit mehr als einem Verb wird das zweite Verb an das Ende geschoben. Zum Beispiel:<\/p>\n\n\n\n<p><a href=\"https:\/\/talkpal.ai\/learn-english-with-ai\/\">Englisch<\/a>: Ich muss heute arbeiten.<\/p>\n\n\n\n<p>Niederl\u00e4ndisch: Ik moet vandaag werken. (w\u00f6rtlich: &#8222;Ich muss heute arbeiten.&#8220;)<\/p>\n\n\n\n<p>Die Beherrschung der V2-Wortstellung ist f\u00fcr das Erlernen der niederl\u00e4ndischen Grammatik unerl\u00e4sslich.<\/p>\n\n\n\n<h3 class=\"wp-block-heading\" id=\"h-2-get-to-know-your-articles\">2. Lernen Sie Ihre Artikel kennen<\/h3>\n\n\n\n<p>Das Niederl\u00e4ndische hat zwei bestimmte Artikel (&#8222;de&#8220; und &#8222;het&#8220;) und einen <a href=\"https:\/\/talkpal.ai\/de\/grammar_exercises\/ubungen-zum-unbestimmten-artikel-fur-die-vietnamesische-grammatik\/\">unbestimmten Artikel<\/a> (&#8222;een&#8220;). Die Wahl zwischen den beiden bestimmten Artikeln kann schwierig sein, da es keine eindeutige Regel gibt, der man folgen kann. Als Anf\u00e4nger lernt man sie <a href=\"https:\/\/talkpal.ai\/es\/la-mejor-aplicacion-de-conversacion-con-ia\/\">am besten<\/a> durch Praxis und Kontext. Zum Beispiel:<\/p>\n\n\n\n<p>Der Mann &#8211; Der Mann<\/p>\n\n\n\n<p>Het meisje &#8211; Das M\u00e4dchen<\/p>\n\n\n\n<p>Een hond &#8211; Ein Hund<\/p>\n\n\n\n<h3 class=\"wp-block-heading\" id=\"h-3-the-dance-of-dutch-conjugations\">3. Der Tanz der niederl\u00e4ndischen Konjugationen<\/h3>\n\n\n\n<p>Wie im Englischen \u00e4ndern auch die niederl\u00e4ndischen Verben ihre Form, um Zeitform und Stimmung zu vermitteln. Im Niederl\u00e4ndischen gibt es drei Hauptgruppen von Verbkonjugationen: schwache Verben, starke Verben und unregelm\u00e4\u00dfige Verben.<\/p>\n\n\n\n<p>Schwache Verben folgen festen Regeln f\u00fcr die Konjugation, wodurch sie relativ leicht zu lernen sind.  <\/p>\n\n\n\n<p>Beispiel (Pr\u00e4sens): Ik werk, jij werkt, hij\/zij\/u werkt, wij\/jullie\/zij werken<\/p>\n\n\n\n<p>Starke Verben beinhalten Vokalwechsel, was die Lernenden oft dazu veranlasst, sie einzeln auswendig zu lernen.<\/p>\n\n\n\n<p>Beispiel (Pr\u00e4sens): Ik zing, jij zingt, hij\/zij\/u zingt, wij\/jullie\/zij zingen<\/p>\n\n\n\n<p>Unregelm\u00e4\u00dfige Verben folgen, wie ihr Name schon sagt, keinem festen Muster f\u00fcr die Konjugation und m\u00fcssen unabh\u00e4ngig voneinander gelernt werden.<\/p>\n\n\n\n<p>Beispiel (Pr\u00e4sens): Ik ben, jij bent, hij\/zij\/u is, wij\/jullie\/zij zijn<\/p>\n\n\n\n<h3 class=\"wp-block-heading\" id=\"h-4-a-flair-for-pronouns\">4. Ein Gesp\u00fcr f\u00fcr Pronomen<\/h3>\n\n\n\n<p>Pronomen ersetzen in der niederl\u00e4ndischen Grammatik Substantive und sind wichtig, um Ihre Sprache dynamischer und fl\u00fcssiger zu gestalten. Es gibt Personalpronomina, Possessivpronomina, Demonstrativpronomina und Reflexivpronomina. Als Anf\u00e4nger ist es wichtig, die Personal- und Possessivpronomen zu verstehen.<\/p>\n\n\n\n<p>Personalpronomen: ik (ich), jij\/je (du), hij\/zij\/ze (er\/sie), wij\/we (wir), jullie (ihr alle), zij\/ze (sie)<\/p>\n\n\n\n<p>Possessivpronomen: mijn (mein), jouw\/je (dein), zijn\/haar (sein), ons\/onze (unser), jullie (dein), hun\/hen (ihr)<\/p>\n\n\n\n<h3 class=\"wp-block-heading\" id=\"h-5-cases-no-more-mostly\">5. Keine F\u00e4lle mehr (meistens)<\/h3>\n\n\n\n<p>Im Gegensatz zum Deutschen wird im Niederl\u00e4ndischen im t\u00e4glichen Leben kein Gro\u00dfbuchstabensystem mehr verwendet, was eine gewisse Erleichterung bei sprachlichen Hindernissen bedeutet. Die einzige Ausnahme sind die niederl\u00e4ndischen Varianten von \u201ewer\u201c und \u201ewen\u201c (wie bzw. wie) und einige feste Ausdr\u00fccke (wie te allen tijde, was \u201ezu allen Zeiten\u201c bedeutet).  <\/p>\n\n\n\n<p>Herzlichen Gl\u00fcckwunsch! Sie haben die ersten Schritte zur Beherrschung der niederl\u00e4ndischen Grammatik gemacht. Denken Sie daran, dass \u00dcbung der Schl\u00fcssel zum Erfolg ist. Z\u00f6gern Sie also nicht, tiefer in die Materie einzutauchen, mit Muttersprachlern zu kommunizieren und eine solide Grundlage zu schaffen. Viel Erfolg! (Viel Gl\u00fcck!)<\/p>\n<\/div><\/div>\n\r\n<section class=\"learnNavigationSection\">\r\n            \r\n        <a href=\"https:\/\/talkpal.ai\/de\/niederlaendisch-lernen\/\">\r\n            <div class=\"learnNavigationWrapper\">\r\n                <div class=\"learnNavigationContent\">\r\n                    <img decoding=\"async\" src=\"https:\/\/talkpal.ai\/wp-content\/uploads\/2024\/08\/Dutch.jpg\" alt=\"Netherlands Flag\">\r\n                    <div>\r\n                        <h4>\u00dcber Dutch Learning<\/h4>\r\n                        <p>Erfahren Sie alles \u00fcber die niederl\u00e4ndische Grammatik.<\/p>\r\n                    <\/div>\r\n                <\/div>\r\n            <\/div>\r\n        <\/a>\r\n\r\n        \r\n        <a href=\"https:\/\/talkpal.ai\/de\/niederlaendische-grammatikuebungen\/\">\r\n            <div class=\"learnNavigationWrapper\">\r\n                <div class=\"learnNavigationContent\">\r\n                    <img decoding=\"async\" src=\"https:\/\/talkpal.ai\/wp-content\/uploads\/2024\/08\/Dutch.jpg\" alt=\"Netherlands Flag\">\r\n                    <div>\r\n                        <h4>\u00dcbung zur niederl\u00e4ndischen Grammatik<\/h4>\r\n                        <p>\u00dcbe die niederl\u00e4ndische Grammatik .<\/p>\r\n                    <\/div>\r\n                <\/div>\r\n            <\/div>\r\n        <\/a>\r\n\r\n        \r\n        <a href=\"https:\/\/talkpal.ai\/vocabulary_language\/dutch\/\">\r\n            <div class=\"learnNavigationWrapper\">\r\n                <div class=\"learnNavigationContent\">\r\n                    <img decoding=\"async\" src=\"https:\/\/talkpal.ai\/wp-content\/uploads\/2024\/08\/Dutch.jpg\" alt=\"Netherlands Flag\">\r\n                    <div>\r\n                        <h4>Niederl\u00e4ndischer Wortschatz<\/h4>\r\n                        <p>Erweitern Sie Ihren niederl\u00e4ndischen Wortschatz.<\/p>\r\n                    <\/div>\r\n                <\/div>\r\n            <\/div>\r\n        <\/a>\r\n\r\n            <\/section>","protected":false},"excerpt":{"rendered":"<p>Niederl\u00e4ndische Grammatik: Meistern Sie die Mechanik der niederl\u00e4ndischen Sprache Wenn Sie den Schritt gewagt haben, Niederl\u00e4ndisch zu lernen, steht Ihnen eine aufregende Reise bevor! Mit \u00fcber 23 Millionen Sprechern weltweit ist Niederl\u00e4ndisch eine fantastische Sprache, um Ihre sprachlichen F\u00e4higkeiten zu verbessern und Ihren Horizont zu erweitern. Vielleicht haben Sie schon von der Komplexit\u00e4t der niederl\u00e4ndischen [&hellip;]<\/p>\n","protected":false},"author":1,"featured_media":11587,"parent":0,"menu_order":0,"comment_status":"closed","ping_status":"closed","template":"LearningContentPage.php","meta":{"_acf_changed":false,"footnotes":""},"class_list":["post-74277","page","type-page","status-publish","has-post-thumbnail","hentry"],"acf":[],"yoast_head":"<!-- This site is optimized with the Yoast SEO Premium plugin v27.2 (Yoast SEO v27.2) - https:\/\/yoast.com\/product\/yoast-seo-premium-wordpress\/ -->\n<title>Niederl\u00e4ndische Grammatik - Talkpal<\/title>\n<meta name=\"description\" content=\"Meistern Sie die niederl\u00e4ndische Grammatik mit Talkpal, Ihrem KI-gesteuerten Sprachtutor. Nutzen Sie klare Erkl\u00e4rungen, praktische Beispiele und interaktive \u00dcbungen!\" \/>\n<meta name=\"robots\" content=\"index, follow, max-snippet:-1, max-image-preview:large, max-video-preview:-1\" \/>\n<link rel=\"canonical\" href=\"https:\/\/talkpal.ai\/de\/niederlaendische-grammatik\/\" \/>\n<meta property=\"og:locale\" content=\"de_DE\" \/>\n<meta property=\"og:type\" content=\"article\" \/>\n<meta property=\"og:title\" content=\"Niederl\u00e4ndische Grammatik\" \/>\n<meta property=\"og:description\" content=\"Niederl\u00e4ndische Grammatik: Meistern Sie die Mechanik der niederl\u00e4ndischen Sprache Wenn Sie den Schritt gewagt haben, Niederl\u00e4ndisch zu lernen, steht Ihnen\" \/>\n<meta property=\"og:url\" content=\"https:\/\/talkpal.ai\/de\/niederlaendische-grammatik\/\" \/>\n<meta property=\"og:site_name\" content=\"Talkpal\" \/>\n<meta property=\"article:publisher\" content=\"https:\/\/www.facebook.com\/profile.php?id=100090733639311\" \/>\n<meta property=\"article:modified_time\" content=\"2025-12-11T17:00:14+00:00\" \/>\n<meta property=\"og:image\" content=\"https:\/\/talkpal.ai\/wp-content\/uploads\/2023\/04\/netherlands-dutch.png\" \/>\n\t<meta property=\"og:image:width\" content=\"512\" \/>\n\t<meta property=\"og:image:height\" content=\"512\" \/>\n\t<meta property=\"og:image:type\" content=\"image\/png\" \/>\n<meta name=\"twitter:card\" content=\"summary_large_image\" \/>\n<meta name=\"twitter:site\" content=\"@talkpalai\" \/>\n<meta name=\"twitter:label1\" content=\"Gesch\u00e4tzte Lesezeit\" \/>\n\t<meta name=\"twitter:data1\" content=\"3\u00a0Minuten\" \/>\n<script type=\"application\/ld+json\" class=\"yoast-schema-graph\">{\"@context\":\"https:\/\/schema.org\",\"@graph\":[{\"@type\":\"WebPage\",\"@id\":\"https:\/\/talkpal.ai\/de\/niederlaendische-grammatik\/\",\"url\":\"https:\/\/talkpal.ai\/de\/niederlaendische-grammatik\/\",\"name\":\"Niederl\u00e4ndische Grammatik - Talkpal\",\"isPartOf\":{\"@id\":\"https:\/\/talkpal.ai\/de\/#website\"},\"primaryImageOfPage\":{\"@id\":\"https:\/\/talkpal.ai\/de\/niederlaendische-grammatik\/#primaryimage\"},\"image\":{\"@id\":\"https:\/\/talkpal.ai\/de\/niederlaendische-grammatik\/#primaryimage\"},\"thumbnailUrl\":\"https:\/\/talkpal.ai\/wp-content\/uploads\/2023\/04\/netherlands-dutch.png\",\"datePublished\":\"2023-05-14T13:49:38+00:00\",\"dateModified\":\"2025-12-11T17:00:14+00:00\",\"description\":\"Meistern Sie die niederl\u00e4ndische Grammatik mit Talkpal, Ihrem KI-gesteuerten Sprachtutor. Nutzen Sie klare Erkl\u00e4rungen, praktische Beispiele und interaktive \u00dcbungen!\",\"breadcrumb\":{\"@id\":\"https:\/\/talkpal.ai\/de\/niederlaendische-grammatik\/#breadcrumb\"},\"inLanguage\":\"de\",\"potentialAction\":[{\"@type\":\"ReadAction\",\"target\":[\"https:\/\/talkpal.ai\/de\/niederlaendische-grammatik\/\"]}]},{\"@type\":\"ImageObject\",\"inLanguage\":\"de\",\"@id\":\"https:\/\/talkpal.ai\/de\/niederlaendische-grammatik\/#primaryimage\",\"url\":\"https:\/\/talkpal.ai\/wp-content\/uploads\/2023\/04\/netherlands-dutch.png\",\"contentUrl\":\"https:\/\/talkpal.ai\/wp-content\/uploads\/2023\/04\/netherlands-dutch.png\",\"width\":512,\"height\":512},{\"@type\":\"BreadcrumbList\",\"@id\":\"https:\/\/talkpal.ai\/de\/niederlaendische-grammatik\/#breadcrumb\",\"itemListElement\":[{\"@type\":\"ListItem\",\"position\":1,\"name\":\"Homepage\",\"item\":\"https:\/\/talkpal.ai\/de\/\"},{\"@type\":\"ListItem\",\"position\":2,\"name\":\"Niederl\u00e4ndische Grammatik\"}]},{\"@type\":\"WebSite\",\"@id\":\"https:\/\/talkpal.ai\/de\/#website\",\"url\":\"https:\/\/talkpal.ai\/de\/\",\"name\":\"Talkpal\",\"description\":\"AI Language Learning\",\"publisher\":{\"@id\":\"https:\/\/talkpal.ai\/de\/#organization\"},\"alternateName\":\"Talkpal AI\",\"potentialAction\":[{\"@type\":\"SearchAction\",\"target\":{\"@type\":\"EntryPoint\",\"urlTemplate\":\"https:\/\/talkpal.ai\/de\/?s={search_term_string}\"},\"query-input\":{\"@type\":\"PropertyValueSpecification\",\"valueRequired\":true,\"valueName\":\"search_term_string\"}}],\"inLanguage\":\"de\"},{\"@type\":\"Organization\",\"@id\":\"https:\/\/talkpal.ai\/de\/#organization\",\"name\":\"Talkpal, Inc.\",\"alternateName\":\"Talkpal AI\",\"url\":\"https:\/\/talkpal.ai\/de\/\",\"logo\":{\"@type\":\"ImageObject\",\"inLanguage\":\"de\",\"@id\":\"https:\/\/talkpal.ai\/de\/#\/schema\/logo\/image\/\",\"url\":\"https:\/\/talkpal.ai\/wp-content\/uploads\/2024\/03\/Talkpal-Logo-Icon.png\",\"contentUrl\":\"https:\/\/talkpal.ai\/wp-content\/uploads\/2024\/03\/Talkpal-Logo-Icon.png\",\"width\":2880,\"height\":2880,\"caption\":\"Talkpal, Inc.\"},\"image\":{\"@id\":\"https:\/\/talkpal.ai\/de\/#\/schema\/logo\/image\/\"},\"sameAs\":[\"https:\/\/www.facebook.com\/profile.php?id=100090733639311\",\"https:\/\/x.com\/talkpalai\",\"https:\/\/www.linkedin.com\/company\/talkpal\/\",\"https:\/\/www.youtube.com\/@TalkPal\/\",\"https:\/\/www.tiktok.com\/@talkpal\",\"https:\/\/www.instagram.com\/talkpal_ai\/\",\"https:\/\/www.crunchbase.com\/organization\/talkpal-9cde\",\"https:\/\/www.g2.com\/products\/talkpal-for-business\/\",\"https:\/\/www.trustpilot.com\/review\/talkpal.ai\",\"https:\/\/www.capterra.com\/p\/10006800\/TalkPal\/\"],\"description\":\"Talkpal is a language learning web and mobile education app, powered by the latest AI technologies, that provides engaging experiences to its customers in many different languages to help them improve their language skills. Users can chat about unlimited amount of topics with the app and use other modes to practice their language learning.\",\"email\":\"support@talkpal.ai\",\"legalName\":\"Talkpal, Inc.\",\"foundingDate\":\"2023-04-03\",\"duns\":\"118989042\",\"numberOfEmployees\":{\"@type\":\"QuantitativeValue\",\"minValue\":\"11\",\"maxValue\":\"50\"},\"publishingPrinciples\":\"https:\/\/talkpal.ai\/publishing-principles\/\",\"actionableFeedbackPolicy\":\"https:\/\/talkpal.ai\/actionable-feedback-policy\/\",\"correctionsPolicy\":\"https:\/\/talkpal.ai\/corrections-policy\/\",\"ethicsPolicy\":\"https:\/\/talkpal.ai\/ethics-policy\/\",\"diversityPolicy\":\"https:\/\/talkpal.ai\/diversity-policy\/\",\"diversityStaffingReport\":\"https:\/\/talkpal.ai\/diversity-policy\/\"}]}<\/script>\n<!-- \/ Yoast SEO Premium plugin. -->","yoast_head_json":{"title":"Niederl\u00e4ndische Grammatik - Talkpal","description":"Meistern Sie die niederl\u00e4ndische Grammatik mit Talkpal, Ihrem KI-gesteuerten Sprachtutor. Nutzen Sie klare Erkl\u00e4rungen, praktische Beispiele und interaktive \u00dcbungen!","robots":{"index":"index","follow":"follow","max-snippet":"max-snippet:-1","max-image-preview":"max-image-preview:large","max-video-preview":"max-video-preview:-1"},"canonical":"https:\/\/talkpal.ai\/de\/niederlaendische-grammatik\/","og_locale":"de_DE","og_type":"article","og_title":"Niederl\u00e4ndische Grammatik","og_description":"Niederl\u00e4ndische Grammatik: Meistern Sie die Mechanik der niederl\u00e4ndischen Sprache Wenn Sie den Schritt gewagt haben, Niederl\u00e4ndisch zu lernen, steht Ihnen","og_url":"https:\/\/talkpal.ai\/de\/niederlaendische-grammatik\/","og_site_name":"Talkpal","article_publisher":"https:\/\/www.facebook.com\/profile.php?id=100090733639311","article_modified_time":"2025-12-11T17:00:14+00:00","og_image":[{"width":512,"height":512,"url":"https:\/\/talkpal.ai\/wp-content\/uploads\/2023\/04\/netherlands-dutch.png","type":"image\/png"}],"twitter_card":"summary_large_image","twitter_site":"@talkpalai","twitter_misc":{"Gesch\u00e4tzte Lesezeit":"3\u00a0Minuten"},"schema":{"@context":"https:\/\/schema.org","@graph":[{"@type":"WebPage","@id":"https:\/\/talkpal.ai\/de\/niederlaendische-grammatik\/","url":"https:\/\/talkpal.ai\/de\/niederlaendische-grammatik\/","name":"Niederl\u00e4ndische Grammatik - Talkpal","isPartOf":{"@id":"https:\/\/talkpal.ai\/de\/#website"},"primaryImageOfPage":{"@id":"https:\/\/talkpal.ai\/de\/niederlaendische-grammatik\/#primaryimage"},"image":{"@id":"https:\/\/talkpal.ai\/de\/niederlaendische-grammatik\/#primaryimage"},"thumbnailUrl":"https:\/\/talkpal.ai\/wp-content\/uploads\/2023\/04\/netherlands-dutch.png","datePublished":"2023-05-14T13:49:38+00:00","dateModified":"2025-12-11T17:00:14+00:00","description":"Meistern Sie die niederl\u00e4ndische Grammatik mit Talkpal, Ihrem KI-gesteuerten Sprachtutor. Nutzen Sie klare Erkl\u00e4rungen, praktische Beispiele und interaktive \u00dcbungen!","breadcrumb":{"@id":"https:\/\/talkpal.ai\/de\/niederlaendische-grammatik\/#breadcrumb"},"inLanguage":"de","potentialAction":[{"@type":"ReadAction","target":["https:\/\/talkpal.ai\/de\/niederlaendische-grammatik\/"]}]},{"@type":"ImageObject","inLanguage":"de","@id":"https:\/\/talkpal.ai\/de\/niederlaendische-grammatik\/#primaryimage","url":"https:\/\/talkpal.ai\/wp-content\/uploads\/2023\/04\/netherlands-dutch.png","contentUrl":"https:\/\/talkpal.ai\/wp-content\/uploads\/2023\/04\/netherlands-dutch.png","width":512,"height":512},{"@type":"BreadcrumbList","@id":"https:\/\/talkpal.ai\/de\/niederlaendische-grammatik\/#breadcrumb","itemListElement":[{"@type":"ListItem","position":1,"name":"Homepage","item":"https:\/\/talkpal.ai\/de\/"},{"@type":"ListItem","position":2,"name":"Niederl\u00e4ndische Grammatik"}]},{"@type":"WebSite","@id":"https:\/\/talkpal.ai\/de\/#website","url":"https:\/\/talkpal.ai\/de\/","name":"Talkpal","description":"AI Language Learning","publisher":{"@id":"https:\/\/talkpal.ai\/de\/#organization"},"alternateName":"Talkpal AI","potentialAction":[{"@type":"SearchAction","target":{"@type":"EntryPoint","urlTemplate":"https:\/\/talkpal.ai\/de\/?s={search_term_string}"},"query-input":{"@type":"PropertyValueSpecification","valueRequired":true,"valueName":"search_term_string"}}],"inLanguage":"de"},{"@type":"Organization","@id":"https:\/\/talkpal.ai\/de\/#organization","name":"Talkpal, Inc.","alternateName":"Talkpal AI","url":"https:\/\/talkpal.ai\/de\/","logo":{"@type":"ImageObject","inLanguage":"de","@id":"https:\/\/talkpal.ai\/de\/#\/schema\/logo\/image\/","url":"https:\/\/talkpal.ai\/wp-content\/uploads\/2024\/03\/Talkpal-Logo-Icon.png","contentUrl":"https:\/\/talkpal.ai\/wp-content\/uploads\/2024\/03\/Talkpal-Logo-Icon.png","width":2880,"height":2880,"caption":"Talkpal, Inc."},"image":{"@id":"https:\/\/talkpal.ai\/de\/#\/schema\/logo\/image\/"},"sameAs":["https:\/\/www.facebook.com\/profile.php?id=100090733639311","https:\/\/x.com\/talkpalai","https:\/\/www.linkedin.com\/company\/talkpal\/","https:\/\/www.youtube.com\/@TalkPal\/","https:\/\/www.tiktok.com\/@talkpal","https:\/\/www.instagram.com\/talkpal_ai\/","https:\/\/www.crunchbase.com\/organization\/talkpal-9cde","https:\/\/www.g2.com\/products\/talkpal-for-business\/","https:\/\/www.trustpilot.com\/review\/talkpal.ai","https:\/\/www.capterra.com\/p\/10006800\/TalkPal\/"],"description":"Talkpal is a language learning web and mobile education app, powered by the latest AI technologies, that provides engaging experiences to its customers in many different languages to help them improve their language skills. Users can chat about unlimited amount of topics with the app and use other modes to practice their language learning.","email":"support@talkpal.ai","legalName":"Talkpal, Inc.","foundingDate":"2023-04-03","duns":"118989042","numberOfEmployees":{"@type":"QuantitativeValue","minValue":"11","maxValue":"50"},"publishingPrinciples":"https:\/\/talkpal.ai\/publishing-principles\/","actionableFeedbackPolicy":"https:\/\/talkpal.ai\/actionable-feedback-policy\/","correctionsPolicy":"https:\/\/talkpal.ai\/corrections-policy\/","ethicsPolicy":"https:\/\/talkpal.ai\/ethics-policy\/","diversityPolicy":"https:\/\/talkpal.ai\/diversity-policy\/","diversityStaffingReport":"https:\/\/talkpal.ai\/diversity-policy\/"}]}},"_links":{"self":[{"href":"https:\/\/talkpal.ai\/de\/wp-json\/wp\/v2\/pages\/74277","targetHints":{"allow":["GET"]}}],"collection":[{"href":"https:\/\/talkpal.ai\/de\/wp-json\/wp\/v2\/pages"}],"about":[{"href":"https:\/\/talkpal.ai\/de\/wp-json\/wp\/v2\/types\/page"}],"author":[{"embeddable":true,"href":"https:\/\/talkpal.ai\/de\/wp-json\/wp\/v2\/users\/1"}],"replies":[{"embeddable":true,"href":"https:\/\/talkpal.ai\/de\/wp-json\/wp\/v2\/comments?post=74277"}],"version-history":[{"count":0,"href":"https:\/\/talkpal.ai\/de\/wp-json\/wp\/v2\/pages\/74277\/revisions"}],"wp:featuredmedia":[{"embeddable":true,"href":"https:\/\/talkpal.ai\/de\/wp-json\/wp\/v2\/media\/11587"}],"wp:attachment":[{"href":"https:\/\/talkpal.ai\/de\/wp-json\/wp\/v2\/media?parent=74277"}],"curies":[{"name":"wp","href":"https:\/\/api.w.org\/{rel}","templated":true}]}}