{"id":74276,"date":"2023-05-14T13:52:49","date_gmt":"2023-05-14T13:52:49","guid":{"rendered":"http:\/\/talkpal.ai\/russische-grammatik\/"},"modified":"2025-12-13T15:17:28","modified_gmt":"2025-12-13T15:17:28","slug":"russische-grammatik","status":"publish","type":"page","link":"https:\/\/talkpal.ai\/de\/russische-grammatik\/","title":{"rendered":"Russische Grammatik"},"content":{"rendered":"\r\n\r\n\r\n<section class=\"languageChallengeSection\">\r\n    <div class=\"languageInfoWrapper\">\r\n        \r\n        <h1>Russische Grammatik<\/h1>\r\n        <p>Beginnen Sie Ihr Abenteuer mit der russischen Sprache und \u00f6ffnen Sie die T\u00fcren zu einer reichen Kultur und Geschichte. Die Beherrschung der russischen <a href=\"https:\/\/talkpal.ai\/fr\/les\/\">Grammatik<\/a> und des Wortschatzes wird Ihre Reise-, Karriere- und Kommunikationsm\u00f6glichkeiten verbessern. Fangen Sie noch heute an, <a href=\"https:\/\/talkpal.ai\/learn-russian\/\">Russisch<\/a> zu lernen und machen Sie den ersten Schritt in Richtung flie\u00dfend sprechen!\n\n<\/p>\r\n\r\n                            <a class=\"getStartedHidden\" href=\"https:\/\/app.talkpal.ai\/de\/signup?lng=\">Leg los<\/a>\r\n        \r\n    <\/div>\r\n\r\n    <figure>\r\n    <img decoding=\"async\" width=\"768\" height=\"768\" src=\"https:\/\/talkpal.ai\/wp-content\/uploads\/2023\/06\/russian-768x768.png\" class=\"languageImage no-lazy\" alt=\"Default alt text\" fetchpriority=\"high\" sizes=\"(max-width: 768px) 150px, 768px\" srcset=\"https:\/\/talkpal.ai\/wp-content\/uploads\/2023\/06\/russian-768x768.png 768w, https:\/\/talkpal.ai\/wp-content\/uploads\/2023\/06\/russian-300x300.png 300w\" \/>\r\n    \r\n\r\n    <\/figure>\r\n\r\n            <a class=\"getStartedVisible\" href=\"https:\/\/app.talkpal.ai\/de\/signup?lng=\">Leg los<\/a>\r\n    \r\n<\/section>\r\n        <section class=\"grammarSection\">\r\n            <div class=\"grammarLinks\">\r\n                <a href=\"https:\/\/talkpal.ai\/de\/language\/adjektive-russische-grammatik\/\">Adjektive <\/a><a href=\"https:\/\/talkpal.ai\/de\/language\/adverbien-russische-grammatik\/\">Adverbien <\/a><a href=\"https:\/\/talkpal.ai\/de\/language\/artikel-russische-grammatik\/\">Artikel <\/a><a href=\"https:\/\/talkpal.ai\/de\/language\/indikativ-der-zeitformen-russische-grammatik\/\">Indikativ der Zeitformen <\/a><a href=\"https:\/\/talkpal.ai\/de\/language\/praepositionen-russische-grammatik\/\">Pr\u00e4positionen <\/a><a href=\"https:\/\/talkpal.ai\/de\/language\/pronomen-russische-grammatik\/\">Pronomen <\/a><a href=\"https:\/\/talkpal.ai\/de\/language\/satzbau-russische-grammatik\/\">Satzbau <\/a><a href=\"https:\/\/talkpal.ai\/de\/language\/substantive-russische-grammatik\/\">Substantive <\/a><a href=\"https:\/\/talkpal.ai\/de\/language\/verben-russische-grammatik\/\">Verben <\/a><a href=\"https:\/\/talkpal.ai\/de\/language\/zeitformen-konjunktiv-russische-grammatik\/\">Zeitformen Konjunktiv <\/a><a href=\"https:\/\/talkpal.ai\/de\/language\/zeitvergleich-russische-grammatik\/\">Zeitvergleich <\/a>            <\/div>\r\n        <\/section>\r\n    <section class=\"promotionalBanner\">\r\n    <p class=\"promotionalText\">Der effizienteste Weg, eine Sprache zu lernen<\/p>\r\n    <a class=\"promotionalLink\" href=\"https:\/\/app.talkpal.ai\/de\/signup?lng=\">Talkpal kostenlos<\/a>\r\n<\/section>\n<div class=\"wp-block-group pageContainerStyle\"><div class=\"wp-block-group__inner-container is-layout-constrained wp-block-group-is-layout-constrained\">\n<h1 class=\"wp-block-heading\" id=\"h-russian-grammar-unlock-the-secrets-to-mastering-russian\">Russische Grammatik: Entschl\u00fcsseln Sie die Geheimnisse der Russischkenntnisse<\/h1>\n\n\n\n<p>Herzlichen Gl\u00fcckwunsch zu dem mutigen Schritt, Russisch zu lernen! Mit mehr als 258 Millionen Sprechern weltweit ist Russisch eine faszinierende und lohnende Sprache, die Einblicke in eine reiche Kultur und Geschichte bietet. Wenn es um die <a href=\"https:\/\/talkpal.ai\/russian-grammar\/\">russische Grammatik<\/a> geht, kann es einsch\u00fcchternd wirken, aber keine Angst! Dieser freundliche Leitfaden f\u00fcr Anf\u00e4nger erkl\u00e4rt Ihnen die Grundlagen der russischen Grammatik auf einfache und ansprechende Weise.<\/p>\n\n\n\n<h3 class=\"wp-block-heading\" id=\"h-1-the-russian-alphabet-your-starting-point\">1. Das russische Alphabet: Ihr Ausgangspunkt<\/h3>\n\n\n\n<p>Der Schl\u00fcssel zum Navigieren in der russischen Grammatik ist die Beherrschung des kyrillischen Alphabets. Mit 33 Buchstaben, 10 Vokalen und 21 Konsonanten bildet es die Grundlage f\u00fcr das Lesen, Schreiben und Verstehen der Sprache. Wenn du dich mit dem Alphabet vertraut machst, schaffst du eine solide Grundlage, auf der du deine russischen <a href=\"https:\/\/talkpal.ai\/fr\/grammaire\/\">Grammatikkenntnisse<\/a> aufbauen kannst.<\/p>\n\n\n\n<h3 class=\"wp-block-heading\" id=\"h-2-nouns-and-cases-the-core-of-russian-grammar\">2. Substantive und Kasus: Der Kern der russischen Grammatik<\/h3>\n\n\n\n<p>Die <a href=\"https:\/\/talkpal.ai\/russian-grammar\/\">russische Grammatik<\/a> betont die Verwendung von F\u00e4llen, um Bedeutung und Kontext zu vermitteln. Bei sechs F\u00e4llen \u2013 Nominativ, Genitiv, Dativ, Akkusativ, Instrumental und Pr\u00e4positional \u2013 \u00e4ndern russische Substantive ihre Endungen, um ihre Funktion in einem Satz zu zeigen. Daher wird die Wortstellung weniger kritisch als im Englischen. Zum Beispiel:<\/p>\n\n\n\n<p><a href=\"https:\/\/talkpal.ai\/learn-german\/\">Deutsch<\/a>: Ich schenke einem Freund ein Buch.<\/p>\n\n\n\n<p>Russisch: \u042f \u0434\u0430\u044e \u0434\u0440\u0443\u0433\u0443 \u043a\u043d\u0438\u0433\u0443 (Ya dayu drugu knigu)<\/p>\n\n\n\n<p>Hier stehen &#8222;\u0434\u0440\u0443\u0433\u0443&#8220; (an einen Freund) und &#8222;\u043a\u043d\u0438\u0433\u0443&#8220; (Buch) im Dativ bzw. Akkusativ.<\/p>\n\n\n\n<h3 class=\"wp-block-heading\" id=\"h-3-mastering-gender-and-plurals\">3. Beherrschung von Geschlecht und Plural<\/h3>\n\n\n\n<p>In der russischen Grammatik wird Substantiven eines von drei Geschlechtern zugeordnet: maskulin, feminin oder neutrum. Die Endung eines Substantivs gibt in der Regel sein Geschlecht an:<\/p>\n\n\n\n<p>&#8211; Maskulin: endet mit einem Konsonanten oder &#8222;-\u0439&#8220;.<\/p>\n\n\n\n<p>&#8211; Feminin: endet mit &#8222;-\u0430&#8220; oder &#8222;-\u044f&#8220;<\/p>\n\n\n\n<p>&#8211; Neutrum: endet mit &#8222;-\u043e&#8220; oder &#8222;-\u0435&#8220;<\/p>\n\n\n\n<p>Um <a href=\"https:\/\/talkpal.ai\/zh-hans\/grammar_exercises\/plurale-%e6%84%8f%e5%a4%a7%e5%88%a9%e8%af%ad%e6%b3%95%e7%bb%83%e4%b9%a0\/\">Plurale<\/a> zu bilden, \u00e4ndern sich die Endungen von Substantiven je nach Geschlecht und Gro\u00df- und Kleinschreibung.<\/p>\n\n\n\n<h3 class=\"wp-block-heading\" id=\"h-4-conquer-verb-conjugation\">4. \u00dcberwinde die Konjugation von Verben<\/h3>\n\n\n\n<p>Wie viele andere Sprachen \u00e4ndern auch russische Verben ihre Form (Konjugation) basierend auf Zeitform, Person und Zahl. Russische Verben gibt es auch in zwei Aspekten: perfektiv und imperfektiv. Der perfektive Aspekt signalisiert eine abgeschlossene Handlung, w\u00e4hrend sich der imperfektive Aspekt auf laufende oder gewohnheitsm\u00e4\u00dfige Handlungen bezieht.<\/p>\n\n\n\n<p>Konzentriere dich zun\u00e4chst darauf, die Konjugation im Pr\u00e4sens f\u00fcr imperfektive Verben und die Vergangenheitsform f\u00fcr beide Aspekte zu verstehen. Zum Beispiel:<\/p>\n\n\n\n<p>Pr\u00e4sens (Imperfekt): \u042f \u0447\u0438\u0442\u0430\u044e (Ya chitayu) &#8211; &#8222;ich lese&#8220; oder &#8222;ich bin am Lesen&#8220;<\/p>\n\n\n\n<p>Vergangenheitsform (Imperfekt): \u042f \u0447\u0438\u0442\u0430\u043b (Ya chital) &#8211; &#8222;Ich habe gelesen&#8220;<\/p>\n\n\n\n<p>Vergangenheitsform (Perfekt): \u042f \u043f\u0440\u043e\u0447\u0438\u0442\u0430\u043b (Ya prochital) &#8211; &#8222;ich habe gelesen&#8220; oder &#8222;ich habe gelesen (und beendet)&#8220;<\/p>\n\n\n\n<h3 class=\"wp-block-heading\" id=\"h-5-embrace-russian-pronouns\">5. Russische Pronomen annehmen<\/h3>\n\n\n\n<p>Pronomen ersetzen in der russischen Grammatik Substantive und sind entscheidend f\u00fcr eine fl\u00fcssige Sprache. Tauchen Sie ein in das Erlernen von Personal- und Possessivpronomen, wie zum Beispiel:<\/p>\n\n\n\n<p><a href=\"https:\/\/talkpal.ai\/de\/grammar\/englische-grammatik-personalpronomen\/\">Personalpronomen<\/a>: \u044f (ich), \u0442\u044b (du, informell), \u043e\u043d\/\u043e\u043d\u0430\/\u043e\u043d\u043e (er\/sie\/es), \u0432\u044b (du, formell oder Plural), \u043c\u044b (wir), \u043e\u043d\u0438 (sie)<\/p>\n\n\n\n<p>Possessivpronomen: \u043c\u043e\u0439\/\u043c\u043e\u044f\/\u043c\u043e\u0451 (mein), \u0442\u0432\u043e\u0439\/\u0442\u0432\u043e\u044f\/\u0442\u0432\u043e\u0451 (dein, informell), \u0435\u0433\u043e\/\u0435\u0451\/\u0438\u0445 (sein\/ihr\/ihr), \u0432\u0430\u0448\/\u0432\u0430\u0448\u0430\/\u0432\u0430\u0448\u0435 (dein, formell oder Plural), \u043d\u0430\u0448\/\u043d\u0430\u0448\u0430\/\u043d\u0430\u0448\u0435 (unser)<\/p>\n\n\n\n<p>Vergessen Sie nicht, dass russische Pronomen mit dem Geschlecht und dem Fall des Substantivs, das sie ersetzen, \u00fcbereinstimmen m\u00fcssen.<\/p>\n\n\n\n<p>Herzlichen Gl\u00fcckwunsch! Sie haben die ersten Schritte unternommen, um die Feinheiten der russischen Grammatik zu meistern. Denken Sie daran, dass \u00dcbung entscheidend ist, also tauchen Sie tiefer in die Sprache ein, tauschen Sie sich mit Muttersprachlern aus und st\u00e4rken Sie Ihre Lerngrundlage. \u0423\u0434\u0430\u0447\u0438! (Viel Gl\u00fcck!)<\/p>\n<\/div><\/div>\n\r\n<section class=\"learnNavigationSection\">\r\n            \r\n        <a href=\"https:\/\/talkpal.ai\/de\/russisch-lernen\/\">\r\n            <div class=\"learnNavigationWrapper\">\r\n                <div class=\"learnNavigationContent\">\r\n                    <img decoding=\"async\" src=\"https:\/\/talkpal.ai\/wp-content\/uploads\/2024\/08\/Russian.jpg\" alt=\"Russian Flag\">\r\n                    <div>\r\n                        <h4>\u00dcber Russisch lernen<\/h4>\r\n                        <p>Erfahren Sie alles \u00fcber die russische Grammatik.<\/p>\r\n                    <\/div>\r\n                <\/div>\r\n            <\/div>\r\n        <\/a>\r\n\r\n        \r\n        <a href=\"https:\/\/talkpal.ai\/de\/russische-grammatikuebungen\/\">\r\n            <div class=\"learnNavigationWrapper\">\r\n                <div class=\"learnNavigationContent\">\r\n                    <img decoding=\"async\" src=\"https:\/\/talkpal.ai\/wp-content\/uploads\/2024\/08\/Russian.jpg\" alt=\"Russian Flag\">\r\n                    <div>\r\n                        <h4>\u00dcbung zur russischen Grammatik<\/h4>\r\n                        <p>\u00dcbe die russische Grammatik.<\/p>\r\n                    <\/div>\r\n                <\/div>\r\n            <\/div>\r\n        <\/a>\r\n\r\n        \r\n        <a href=\"https:\/\/talkpal.ai\/vocabulary_language\/russian\/\">\r\n            <div class=\"learnNavigationWrapper\">\r\n                <div class=\"learnNavigationContent\">\r\n                    <img decoding=\"async\" src=\"https:\/\/talkpal.ai\/wp-content\/uploads\/2024\/08\/Russian.jpg\" alt=\"Russian Flag\">\r\n                    <div>\r\n                        <h4>Russisch Wortschatz<\/h4>\r\n                        <p>Erweitern Sie Ihren russischen Wortschatz.<\/p>\r\n                    <\/div>\r\n                <\/div>\r\n            <\/div>\r\n        <\/a>\r\n\r\n            <\/section>","protected":false},"excerpt":{"rendered":"<p>Russische Grammatik: Entschl\u00fcsseln Sie die Geheimnisse der Russischkenntnisse Herzlichen Gl\u00fcckwunsch zu dem mutigen Schritt, Russisch zu lernen! Mit mehr als 258 Millionen Sprechern weltweit ist Russisch eine faszinierende und lohnende Sprache, die Einblicke in eine reiche Kultur und Geschichte bietet. Wenn es um die russische Grammatik geht, kann es einsch\u00fcchternd wirken, aber keine Angst! Dieser [&hellip;]<\/p>\n","protected":false},"author":1,"featured_media":11601,"parent":0,"menu_order":0,"comment_status":"closed","ping_status":"closed","template":"LearningContentPage.php","meta":{"_acf_changed":false,"footnotes":""},"class_list":["post-74276","page","type-page","status-publish","has-post-thumbnail","hentry"],"acf":[],"yoast_head":"<!-- This site is optimized with the Yoast SEO Premium plugin v27.2 (Yoast SEO v27.2) - https:\/\/yoast.com\/product\/yoast-seo-premium-wordpress\/ -->\n<title>Russische Grammatik - Talkpal<\/title>\n<meta name=\"description\" content=\"Erschlie\u00dfen Sie sich die Welt der russischen Grammatik mit unserem Leitfaden f\u00fcr Einsteiger. Beherrschen Sie das kyrillische Alphabet und erweitern Sie Ihre Sprachkenntnisse.\" \/>\n<meta name=\"robots\" content=\"index, follow, max-snippet:-1, max-image-preview:large, max-video-preview:-1\" \/>\n<link rel=\"canonical\" href=\"https:\/\/talkpal.ai\/de\/russische-grammatik\/\" \/>\n<meta property=\"og:locale\" content=\"de_DE\" \/>\n<meta property=\"og:type\" content=\"article\" \/>\n<meta property=\"og:title\" content=\"Russische Grammatik\" \/>\n<meta property=\"og:description\" content=\"Russische Grammatik: Entschl\u00fcsseln Sie die Geheimnisse der Russischkenntnisse Herzlichen Gl\u00fcckwunsch zu dem mutigen Schritt, Russisch zu lernen! Mit mehr\" \/>\n<meta property=\"og:url\" content=\"https:\/\/talkpal.ai\/de\/russische-grammatik\/\" \/>\n<meta property=\"og:site_name\" content=\"Talkpal\" \/>\n<meta property=\"article:publisher\" content=\"https:\/\/www.facebook.com\/profile.php?id=100090733639311\" \/>\n<meta property=\"article:modified_time\" content=\"2025-12-13T15:17:28+00:00\" \/>\n<meta property=\"og:image\" content=\"https:\/\/talkpal.ai\/wp-content\/uploads\/2023\/04\/rusia.png\" \/>\n\t<meta property=\"og:image:width\" content=\"512\" \/>\n\t<meta property=\"og:image:height\" content=\"512\" \/>\n\t<meta property=\"og:image:type\" content=\"image\/png\" \/>\n<meta name=\"twitter:card\" content=\"summary_large_image\" \/>\n<meta name=\"twitter:site\" content=\"@talkpalai\" \/>\n<meta name=\"twitter:label1\" content=\"Gesch\u00e4tzte Lesezeit\" \/>\n\t<meta name=\"twitter:data1\" content=\"3\u00a0Minuten\" \/>\n<script type=\"application\/ld+json\" class=\"yoast-schema-graph\">{\"@context\":\"https:\/\/schema.org\",\"@graph\":[{\"@type\":\"WebPage\",\"@id\":\"https:\/\/talkpal.ai\/de\/russische-grammatik\/\",\"url\":\"https:\/\/talkpal.ai\/de\/russische-grammatik\/\",\"name\":\"Russische Grammatik - Talkpal\",\"isPartOf\":{\"@id\":\"https:\/\/talkpal.ai\/de\/#website\"},\"primaryImageOfPage\":{\"@id\":\"https:\/\/talkpal.ai\/de\/russische-grammatik\/#primaryimage\"},\"image\":{\"@id\":\"https:\/\/talkpal.ai\/de\/russische-grammatik\/#primaryimage\"},\"thumbnailUrl\":\"https:\/\/talkpal.ai\/wp-content\/uploads\/2023\/04\/rusia.png\",\"datePublished\":\"2023-05-14T13:52:49+00:00\",\"dateModified\":\"2025-12-13T15:17:28+00:00\",\"description\":\"Erschlie\u00dfen Sie sich die Welt der russischen Grammatik mit unserem Leitfaden f\u00fcr Einsteiger. Beherrschen Sie das kyrillische Alphabet und erweitern Sie Ihre Sprachkenntnisse.\",\"breadcrumb\":{\"@id\":\"https:\/\/talkpal.ai\/de\/russische-grammatik\/#breadcrumb\"},\"inLanguage\":\"de\",\"potentialAction\":[{\"@type\":\"ReadAction\",\"target\":[\"https:\/\/talkpal.ai\/de\/russische-grammatik\/\"]}]},{\"@type\":\"ImageObject\",\"inLanguage\":\"de\",\"@id\":\"https:\/\/talkpal.ai\/de\/russische-grammatik\/#primaryimage\",\"url\":\"https:\/\/talkpal.ai\/wp-content\/uploads\/2023\/04\/rusia.png\",\"contentUrl\":\"https:\/\/talkpal.ai\/wp-content\/uploads\/2023\/04\/rusia.png\",\"width\":512,\"height\":512},{\"@type\":\"BreadcrumbList\",\"@id\":\"https:\/\/talkpal.ai\/de\/russische-grammatik\/#breadcrumb\",\"itemListElement\":[{\"@type\":\"ListItem\",\"position\":1,\"name\":\"Homepage\",\"item\":\"https:\/\/talkpal.ai\/de\/\"},{\"@type\":\"ListItem\",\"position\":2,\"name\":\"Russische Grammatik\"}]},{\"@type\":\"WebSite\",\"@id\":\"https:\/\/talkpal.ai\/de\/#website\",\"url\":\"https:\/\/talkpal.ai\/de\/\",\"name\":\"Talkpal\",\"description\":\"AI Language Learning\",\"publisher\":{\"@id\":\"https:\/\/talkpal.ai\/de\/#organization\"},\"alternateName\":\"Talkpal AI\",\"potentialAction\":[{\"@type\":\"SearchAction\",\"target\":{\"@type\":\"EntryPoint\",\"urlTemplate\":\"https:\/\/talkpal.ai\/de\/?s={search_term_string}\"},\"query-input\":{\"@type\":\"PropertyValueSpecification\",\"valueRequired\":true,\"valueName\":\"search_term_string\"}}],\"inLanguage\":\"de\"},{\"@type\":\"Organization\",\"@id\":\"https:\/\/talkpal.ai\/de\/#organization\",\"name\":\"Talkpal, Inc.\",\"alternateName\":\"Talkpal AI\",\"url\":\"https:\/\/talkpal.ai\/de\/\",\"logo\":{\"@type\":\"ImageObject\",\"inLanguage\":\"de\",\"@id\":\"https:\/\/talkpal.ai\/de\/#\/schema\/logo\/image\/\",\"url\":\"https:\/\/talkpal.ai\/wp-content\/uploads\/2024\/03\/Talkpal-Logo-Icon.png\",\"contentUrl\":\"https:\/\/talkpal.ai\/wp-content\/uploads\/2024\/03\/Talkpal-Logo-Icon.png\",\"width\":2880,\"height\":2880,\"caption\":\"Talkpal, Inc.\"},\"image\":{\"@id\":\"https:\/\/talkpal.ai\/de\/#\/schema\/logo\/image\/\"},\"sameAs\":[\"https:\/\/www.facebook.com\/profile.php?id=100090733639311\",\"https:\/\/x.com\/talkpalai\",\"https:\/\/www.linkedin.com\/company\/talkpal\/\",\"https:\/\/www.youtube.com\/@TalkPal\/\",\"https:\/\/www.tiktok.com\/@talkpal\",\"https:\/\/www.instagram.com\/talkpal_ai\/\",\"https:\/\/www.crunchbase.com\/organization\/talkpal-9cde\",\"https:\/\/www.g2.com\/products\/talkpal-for-business\/\",\"https:\/\/www.trustpilot.com\/review\/talkpal.ai\",\"https:\/\/www.capterra.com\/p\/10006800\/TalkPal\/\"],\"description\":\"Talkpal is a language learning web and mobile education app, powered by the latest AI technologies, that provides engaging experiences to its customers in many different languages to help them improve their language skills. Users can chat about unlimited amount of topics with the app and use other modes to practice their language learning.\",\"email\":\"support@talkpal.ai\",\"legalName\":\"Talkpal, Inc.\",\"foundingDate\":\"2023-04-03\",\"duns\":\"118989042\",\"numberOfEmployees\":{\"@type\":\"QuantitativeValue\",\"minValue\":\"11\",\"maxValue\":\"50\"},\"publishingPrinciples\":\"https:\/\/talkpal.ai\/publishing-principles\/\",\"actionableFeedbackPolicy\":\"https:\/\/talkpal.ai\/actionable-feedback-policy\/\",\"correctionsPolicy\":\"https:\/\/talkpal.ai\/corrections-policy\/\",\"ethicsPolicy\":\"https:\/\/talkpal.ai\/ethics-policy\/\",\"diversityPolicy\":\"https:\/\/talkpal.ai\/diversity-policy\/\",\"diversityStaffingReport\":\"https:\/\/talkpal.ai\/diversity-policy\/\"}]}<\/script>\n<!-- \/ Yoast SEO Premium plugin. -->","yoast_head_json":{"title":"Russische Grammatik - Talkpal","description":"Erschlie\u00dfen Sie sich die Welt der russischen Grammatik mit unserem Leitfaden f\u00fcr Einsteiger. Beherrschen Sie das kyrillische Alphabet und erweitern Sie Ihre Sprachkenntnisse.","robots":{"index":"index","follow":"follow","max-snippet":"max-snippet:-1","max-image-preview":"max-image-preview:large","max-video-preview":"max-video-preview:-1"},"canonical":"https:\/\/talkpal.ai\/de\/russische-grammatik\/","og_locale":"de_DE","og_type":"article","og_title":"Russische Grammatik","og_description":"Russische Grammatik: Entschl\u00fcsseln Sie die Geheimnisse der Russischkenntnisse Herzlichen Gl\u00fcckwunsch zu dem mutigen Schritt, Russisch zu lernen! Mit mehr","og_url":"https:\/\/talkpal.ai\/de\/russische-grammatik\/","og_site_name":"Talkpal","article_publisher":"https:\/\/www.facebook.com\/profile.php?id=100090733639311","article_modified_time":"2025-12-13T15:17:28+00:00","og_image":[{"width":512,"height":512,"url":"https:\/\/talkpal.ai\/wp-content\/uploads\/2023\/04\/rusia.png","type":"image\/png"}],"twitter_card":"summary_large_image","twitter_site":"@talkpalai","twitter_misc":{"Gesch\u00e4tzte Lesezeit":"3\u00a0Minuten"},"schema":{"@context":"https:\/\/schema.org","@graph":[{"@type":"WebPage","@id":"https:\/\/talkpal.ai\/de\/russische-grammatik\/","url":"https:\/\/talkpal.ai\/de\/russische-grammatik\/","name":"Russische Grammatik - Talkpal","isPartOf":{"@id":"https:\/\/talkpal.ai\/de\/#website"},"primaryImageOfPage":{"@id":"https:\/\/talkpal.ai\/de\/russische-grammatik\/#primaryimage"},"image":{"@id":"https:\/\/talkpal.ai\/de\/russische-grammatik\/#primaryimage"},"thumbnailUrl":"https:\/\/talkpal.ai\/wp-content\/uploads\/2023\/04\/rusia.png","datePublished":"2023-05-14T13:52:49+00:00","dateModified":"2025-12-13T15:17:28+00:00","description":"Erschlie\u00dfen Sie sich die Welt der russischen Grammatik mit unserem Leitfaden f\u00fcr Einsteiger. Beherrschen Sie das kyrillische Alphabet und erweitern Sie Ihre Sprachkenntnisse.","breadcrumb":{"@id":"https:\/\/talkpal.ai\/de\/russische-grammatik\/#breadcrumb"},"inLanguage":"de","potentialAction":[{"@type":"ReadAction","target":["https:\/\/talkpal.ai\/de\/russische-grammatik\/"]}]},{"@type":"ImageObject","inLanguage":"de","@id":"https:\/\/talkpal.ai\/de\/russische-grammatik\/#primaryimage","url":"https:\/\/talkpal.ai\/wp-content\/uploads\/2023\/04\/rusia.png","contentUrl":"https:\/\/talkpal.ai\/wp-content\/uploads\/2023\/04\/rusia.png","width":512,"height":512},{"@type":"BreadcrumbList","@id":"https:\/\/talkpal.ai\/de\/russische-grammatik\/#breadcrumb","itemListElement":[{"@type":"ListItem","position":1,"name":"Homepage","item":"https:\/\/talkpal.ai\/de\/"},{"@type":"ListItem","position":2,"name":"Russische Grammatik"}]},{"@type":"WebSite","@id":"https:\/\/talkpal.ai\/de\/#website","url":"https:\/\/talkpal.ai\/de\/","name":"Talkpal","description":"AI Language Learning","publisher":{"@id":"https:\/\/talkpal.ai\/de\/#organization"},"alternateName":"Talkpal AI","potentialAction":[{"@type":"SearchAction","target":{"@type":"EntryPoint","urlTemplate":"https:\/\/talkpal.ai\/de\/?s={search_term_string}"},"query-input":{"@type":"PropertyValueSpecification","valueRequired":true,"valueName":"search_term_string"}}],"inLanguage":"de"},{"@type":"Organization","@id":"https:\/\/talkpal.ai\/de\/#organization","name":"Talkpal, Inc.","alternateName":"Talkpal AI","url":"https:\/\/talkpal.ai\/de\/","logo":{"@type":"ImageObject","inLanguage":"de","@id":"https:\/\/talkpal.ai\/de\/#\/schema\/logo\/image\/","url":"https:\/\/talkpal.ai\/wp-content\/uploads\/2024\/03\/Talkpal-Logo-Icon.png","contentUrl":"https:\/\/talkpal.ai\/wp-content\/uploads\/2024\/03\/Talkpal-Logo-Icon.png","width":2880,"height":2880,"caption":"Talkpal, Inc."},"image":{"@id":"https:\/\/talkpal.ai\/de\/#\/schema\/logo\/image\/"},"sameAs":["https:\/\/www.facebook.com\/profile.php?id=100090733639311","https:\/\/x.com\/talkpalai","https:\/\/www.linkedin.com\/company\/talkpal\/","https:\/\/www.youtube.com\/@TalkPal\/","https:\/\/www.tiktok.com\/@talkpal","https:\/\/www.instagram.com\/talkpal_ai\/","https:\/\/www.crunchbase.com\/organization\/talkpal-9cde","https:\/\/www.g2.com\/products\/talkpal-for-business\/","https:\/\/www.trustpilot.com\/review\/talkpal.ai","https:\/\/www.capterra.com\/p\/10006800\/TalkPal\/"],"description":"Talkpal is a language learning web and mobile education app, powered by the latest AI technologies, that provides engaging experiences to its customers in many different languages to help them improve their language skills. Users can chat about unlimited amount of topics with the app and use other modes to practice their language learning.","email":"support@talkpal.ai","legalName":"Talkpal, Inc.","foundingDate":"2023-04-03","duns":"118989042","numberOfEmployees":{"@type":"QuantitativeValue","minValue":"11","maxValue":"50"},"publishingPrinciples":"https:\/\/talkpal.ai\/publishing-principles\/","actionableFeedbackPolicy":"https:\/\/talkpal.ai\/actionable-feedback-policy\/","correctionsPolicy":"https:\/\/talkpal.ai\/corrections-policy\/","ethicsPolicy":"https:\/\/talkpal.ai\/ethics-policy\/","diversityPolicy":"https:\/\/talkpal.ai\/diversity-policy\/","diversityStaffingReport":"https:\/\/talkpal.ai\/diversity-policy\/"}]}},"_links":{"self":[{"href":"https:\/\/talkpal.ai\/de\/wp-json\/wp\/v2\/pages\/74276","targetHints":{"allow":["GET"]}}],"collection":[{"href":"https:\/\/talkpal.ai\/de\/wp-json\/wp\/v2\/pages"}],"about":[{"href":"https:\/\/talkpal.ai\/de\/wp-json\/wp\/v2\/types\/page"}],"author":[{"embeddable":true,"href":"https:\/\/talkpal.ai\/de\/wp-json\/wp\/v2\/users\/1"}],"replies":[{"embeddable":true,"href":"https:\/\/talkpal.ai\/de\/wp-json\/wp\/v2\/comments?post=74276"}],"version-history":[{"count":0,"href":"https:\/\/talkpal.ai\/de\/wp-json\/wp\/v2\/pages\/74276\/revisions"}],"wp:featuredmedia":[{"embeddable":true,"href":"https:\/\/talkpal.ai\/de\/wp-json\/wp\/v2\/media\/11601"}],"wp:attachment":[{"href":"https:\/\/talkpal.ai\/de\/wp-json\/wp\/v2\/media?parent=74276"}],"curies":[{"name":"wp","href":"https:\/\/api.w.org\/{rel}","templated":true}]}}