{"id":74269,"date":"2023-05-14T14:00:03","date_gmt":"2023-05-14T14:00:03","guid":{"rendered":"http:\/\/talkpal.ai\/bosnische-grammatik\/"},"modified":"2025-05-22T14:41:36","modified_gmt":"2025-05-22T14:41:36","slug":"bosnische-grammatik","status":"publish","type":"page","link":"https:\/\/talkpal.ai\/de\/bosnische-grammatik\/","title":{"rendered":"Bosnische Grammatik"},"content":{"rendered":"\r\n\r\n\r\n<section class=\"languageChallengeSection\">\r\n    <div class=\"languageInfoWrapper\">\r\n        \r\n        <h1>Bosnische Grammatik<\/h1>\r\n        <p>Erschlie\u00dfen Sie sich die reiche und ausdrucksstarke Welt der bosnischen Sprache, indem Sie die wichtigsten grammatikalischen Grundlagen beherrschen. Ein solides Verst\u00e4ndnis der bosnischen <a href=\"https:\/\/talkpal.ai\/fr\/les\/\">Grammatik<\/a> wird Ihnen helfen, selbstbewusst zu kommunizieren und die Kultur besser zu verstehen. Beginnen Sie noch heute mit dem Erlernen der bosnischen Grammatik und machen Sie den ersten Schritt in Richtung Sprachgewandtheit!<\/p>\r\n\r\n                            <a class=\"getStartedHidden\" href=\"https:\/\/app.talkpal.ai\/de\/signup?lng=\">Leg los<\/a>\r\n        \r\n    <\/div>\r\n\r\n    <figure>\r\n    <img decoding=\"async\" width=\"768\" height=\"768\" src=\"https:\/\/talkpal.ai\/wp-content\/uploads\/2023\/06\/bosinian-768x768.png\" class=\"languageImage no-lazy\" alt=\"Default alt text\" fetchpriority=\"high\" sizes=\"(max-width: 768px) 150px, 768px\" srcset=\"https:\/\/talkpal.ai\/wp-content\/uploads\/2023\/06\/bosinian-768x768.png 768w, https:\/\/talkpal.ai\/wp-content\/uploads\/2023\/06\/bosinian-300x300.png 300w\" \/>\r\n    \r\n\r\n    <\/figure>\r\n\r\n            <a class=\"getStartedVisible\" href=\"https:\/\/app.talkpal.ai\/de\/signup?lng=\">Leg los<\/a>\r\n    \r\n<\/section>\r\n        <section class=\"grammarSection\">\r\n            <div class=\"grammarLinks\">\r\n                <a href=\"https:\/\/talkpal.ai\/de\/language\/adjektive-bosnische-grammatik\/\">Adjektive <\/a><a href=\"https:\/\/talkpal.ai\/de\/language\/adverbien-bosnische-grammatik\/\">Adverbien <\/a><a href=\"https:\/\/talkpal.ai\/de\/language\/artikel-bosnische-grammatik\/\">Artikel <\/a><a href=\"https:\/\/talkpal.ai\/de\/language\/konditionale-bosnische-grammatik\/\">Konditionale <\/a><a href=\"https:\/\/talkpal.ai\/de\/language\/perfekt-progressiv-bosnische-grammatik\/\">Perfekt Progressiv <\/a><a href=\"https:\/\/talkpal.ai\/de\/language\/praepositionen-bosnische-grammatik\/\">Pr\u00e4positionen <\/a><a href=\"https:\/\/talkpal.ai\/de\/language\/progressiv-bosnische-grammatik\/\">Progressiv <\/a><a href=\"https:\/\/talkpal.ai\/de\/language\/pronomen-determinanten-bosnische-grammatik\/\">Pronomen\/Determinanten <\/a><a href=\"https:\/\/talkpal.ai\/de\/language\/saetze-bosnische-grammatik\/\">S\u00e4tze <\/a><a href=\"https:\/\/talkpal.ai\/de\/language\/substantive-bosnische-grammatik\/\">Substantive <\/a><a href=\"https:\/\/talkpal.ai\/de\/language\/verben-bosnische-grammatik\/\">Verben <\/a><a href=\"https:\/\/talkpal.ai\/de\/language\/zeitformen-bosnische-grammatik\/\">Zeitformen <\/a><a href=\"https:\/\/talkpal.ai\/de\/language\/zeitvergleich-bosnische-grammatik\/\">Zeitvergleich <\/a>            <\/div>\r\n        <\/section>\r\n    <section class=\"promotionalBanner\">\r\n    <p class=\"promotionalText\">Der effizienteste Weg, eine Sprache zu lernen<\/p>\r\n    <a class=\"promotionalLink\" href=\"https:\/\/app.talkpal.ai\/de\/signup?lng=\">Talkpal kostenlos<\/a>\r\n<\/section>\n<div class=\"wp-block-group pageContainerStyle\"><div class=\"wp-block-group__inner-container is-layout-constrained wp-block-group-is-layout-constrained\">\n<h2 class=\"wp-block-heading\" id=\"h-bosnian-grammar-a-guide-to-understanding-its-unique-features\">Bosnische Grammatik: Ein Leitfaden zum Verst\u00e4ndnis ihrer einzigartigen Merkmale<\/h2>\n\n\n\n<p>Lernen Sie <a href=\"https:\/\/talkpal.ai\/learn-bosnian\/\">Bosnisch<\/a> und sind Sie von der Grammatik der Sprache verwirrt? F\u00fcrchte dich nicht! In diesem Artikel werden wir in die Geheimnisse der bosnischen Grammatik eintauchen und Ihnen helfen, ihre einzigartigen Merkmale zu verstehen, ohne dabei die Sprache zu verkomplizieren. Sind Sie bereit, sich auf diese aufregende Sprachreise zu begeben? Fangen wir an!<\/p>\n\n\n\n<h3 class=\"wp-block-heading\" id=\"h-the-fundamentals-nouns-and-pronouns\">Die Grundlagen: Substantive und Pronomen<\/h3>\n\n\n\n<p>Zun\u00e4chst einmal ist es wichtig zu wissen, dass Bosnisch, wie andere slawische Sprachen, drei grammatikalische Geschlechter hat: m\u00e4nnlich, weiblich und s\u00e4chlich. Woran erkennt man, zu welchem Geschlecht ein Substantiv geh\u00f6rt? Das ist ganz einfach! Es geht nur um das Ende. Hier ist eine Kurzanleitung:<\/p>\n\n\n\n<p><strong>&#8211; Maskuline Substantive enden normalerweise auf einen Konsonanten,<\/strong><\/p>\n\n\n\n<p><strong>&#8211; Weibliche Substantive enden normalerweise auf -a,<\/strong><\/p>\n\n\n\n<p><strong>&#8211; Neutrale Substantive enden meist auf -o oder -e.<\/strong><\/p>\n\n\n\n<p>Denken Sie daran, dass es sich hierbei um allgemeine Regeln handelt und es Ausnahmen geben kann. Lassen Sie uns nun \u00fcber Pronomen sprechen. Die <a href=\"https:\/\/talkpal.ai\/de\/grammar\/englische-grammatik-personalpronomen\/\">Personalpronomen<\/a> im Bosnischen \u00e4ndern sich je nach Geschlecht des Substantivs, der Zahl (Singular oder Plural) und dem Fall (mehr \u00fcber F\u00e4lle sp\u00e4ter). Im Bosnischen gibt es sieben Personalpronomen: ja (ich), ti (du, Singular\/informell), on (er), ona (sie), <a href=\"https:\/\/talkpal.ai\/locations\/language-courses-in-ono\/\">ono<\/a> (es), mi (wir) und vi (du, Plural\/formell). Denken Sie daran, dass Bosnisch sowohl eine informelle als auch eine formelle Art hat, Menschen anzusprechen \u2013 stellen Sie also sicher, dass Sie das richtige Pronomen verwenden, wenn Sie mit jemandem sprechen!<\/p>\n\n\n\n<h3 class=\"wp-block-heading\" id=\"h-next-up-verb-conjugation\">Als n\u00e4chstes: Verbkonjugation<\/h3>\n\n\n\n<p>Verben sind das R\u00fcckgrat jeder Sprache, und Bosnisch ist da keine Ausnahme. Bosnische Verben haben zwei Hauptkonjugationsmuster: eines f\u00fcr die Verben, die auf -ti (erste Konjugation) enden, und eines f\u00fcr diejenigen, die auf -\u0107i (zweite Konjugation) enden. In beiden F\u00e4llen \u00e4ndern sich die Endungen der Verben je nach Geschlecht, Zahl und Zeitform des Subjekts.<\/p>\n\n\n\n<p>Apropos <a href=\"https:\/\/talkpal.ai\/zh-hans\/grammar_exercises\/zeitformen-%e5%be%b7%e5%9b%bd%e8%af%ad%e6%b3%95%e7%bb%83%e4%b9%a0\/\">Zeitformen<\/a>: Im Bosnischen gibt es drei einfache Zeitformen: Gegenwart, Vergangenheit und Zukunft. Das Pr\u00e4sens wird gebildet, indem dem Verbstamm bestimmte Endungen hinzugef\u00fcgt werden. Die Vergangenheitsform hingegen wird mit dem Hilfsverb &#8222;biti&#8220; (sein) in der Infinitivform &#8222;bio&#8220; und dem Partizip der Vergangenheit gebildet. Schlie\u00dflich wird das Futur durch die Kombination des Hilfsverbs &#8222;htjeti&#8220; (wird) und der Infinitivform des Hauptverbs gebildet.<\/p>\n\n\n\n<h3 class=\"wp-block-heading\" id=\"h-the-magic-of-cases\">Die Magie der F\u00e4lle<\/h3>\n\n\n\n<p>Die <a href=\"https:\/\/talkpal.ai\/bosnian-grammar\/\">bosnische Grammatik<\/a> verwendet ein Kasussystem, was bedeutet, dass Substantive, Pronomen, Adjektive und manchmal sogar Verben ihre Form entsprechend ihrer Funktion in einem Satz \u00e4ndern. Im Bosnischen gibt es sieben F\u00e4lle: Nominativ, Genitiv, Dativ, Akkusativ, Vokativ, Instrumental und Lokativ.<\/p>\n\n\n\n<p>Lassen Sie sich von diesen Begriffen nicht einsch\u00fcchtern! Es ist nur eine Frage der \u00dcbung. Jeder Fall dient einem bestimmten Zweck und beantwortet spezifische Fragen:<\/p>\n\n\n\n<p><strong>1. Nominativ:<\/strong> Das Subjekt des Satzes. Wer oder was macht die Aktion?<\/p>\n\n\n\n<p><strong>2. Genitiv:<\/strong> Zeigt Besitz, Herkunft oder einen Teil von etwas an. Wessen oder wovon?<\/p>\n\n\n\n<p><strong>3. Dativ:<\/strong> Das indirekte Objekt \u2013 wem oder f\u00fcr wen wird etwas gegeben oder getan?<\/p>\n\n\n\n<p><strong>4. Akkusativ:<\/strong> Das unmittelbare Objekt \u2013 wer oder was empf\u00e4ngt die Handlung?<\/p>\n\n\n\n<p><strong>5. Vokativ:<\/strong> Wird verwendet, um jemanden oder etwas direkt anzusprechen \u2013 Hey, du!<\/p>\n\n\n\n<p><strong>6. Instrumentell:<\/strong> Stellt das Mittel oder die Methode der Handlung dar \u2013 womit oder von wem?<\/p>\n\n\n\n<p><strong>7. Lokativ:<\/strong> Demonstriert den Ort oder die Position von etwas \u2013 wo oder wo?<\/p>\n\n\n\n<h3 class=\"wp-block-heading\" id=\"h-loving-the-adjectives\">Ich liebe die Adjektive<\/h3>\n\n\n\n<p>Adjektive im Bosnischen stimmen mit dem Substantiv \u00fcberein, das sie in Bezug auf Geschlecht, Zahl und Gro\u00df- und Kleinschreibung modifizieren. Das bedeutet, dass Adjektive, genau wie Substantive und Pronomen, unterschiedliche Formen haben, je nachdem, welches Substantiv sie beschreiben.<\/p>\n\n\n\n<p>Wenn Sie zum Beispiel &#8222;gro\u00dfes Haus&#8220; auf Bosnisch sagen wollen (das ein feminines Substantiv ist), w\u00fcrden Sie &#8222;velika ku\u0107a&#8220; sagen. Wenn Sie jedoch \u00fcber ein &#8222;gro\u00dfes Auto&#8220; (maskulines Substantiv) sprechen, w\u00fcrden Sie &#8222;veliki auto&#8220; sagen.<\/p>\n\n\n\n<h3 class=\"wp-block-heading\" id=\"h-final-thoughts\">Abschlie\u00dfende \u00dcberlegungen<\/h3>\n\n\n\n<p>Die bosnische Grammatik mit ihrem Geschlecht, den F\u00e4llen und der Konjugation von Verben mag auf den ersten Blick komplex erscheinen, aber denken Sie daran: \u00dcbung macht den Meister! Es geht darum, das System zu verstehen und es in realen Situationen anzuwenden. Seien Sie geduldig, \u00fcben Sie weiter, und schon bald werden Sie die sch\u00f6ne Sprache Bosniens beherrschen. Sretno! (Viel Gl\u00fcck!)<\/p>\n<\/div><\/div>\n\r\n<section class=\"learnNavigationSection\">\r\n            \r\n        <a href=\"https:\/\/talkpal.ai\/de\/bosnisch-lernen\/\">\r\n            <div class=\"learnNavigationWrapper\">\r\n                <div class=\"learnNavigationContent\">\r\n                    <img decoding=\"async\" src=\"https:\/\/talkpal.ai\/wp-content\/uploads\/2024\/08\/Bosnian.jpg\" alt=\"Bosnian Flag\">\r\n                    <div>\r\n                        <h4>\u00dcber Bosnisch lernen<\/h4>\r\n                        <p>Erfahren Sie alles \u00fcber die bosnische Grammatik.<\/p>\r\n                    <\/div>\r\n                <\/div>\r\n            <\/div>\r\n        <\/a>\r\n\r\n        \r\n        <a href=\"https:\/\/talkpal.ai\/de\/bosnische-grammatikuebungen\/\">\r\n            <div class=\"learnNavigationWrapper\">\r\n                <div class=\"learnNavigationContent\">\r\n                    <img decoding=\"async\" src=\"https:\/\/talkpal.ai\/wp-content\/uploads\/2024\/08\/Bosnian.jpg\" alt=\"Bosnian Flag\">\r\n                    <div>\r\n                        <h4>Bosnisch Grammatik \u00dcbung<\/h4>\r\n                        <p>\u00dcbe die bosnische Grammatik .<\/p>\r\n                    <\/div>\r\n                <\/div>\r\n            <\/div>\r\n        <\/a>\r\n\r\n        \r\n        <a href=\"https:\/\/talkpal.ai\/vocabulary_language\/bosnian\/\">\r\n            <div class=\"learnNavigationWrapper\">\r\n                <div class=\"learnNavigationContent\">\r\n                    <img decoding=\"async\" src=\"https:\/\/talkpal.ai\/wp-content\/uploads\/2024\/08\/Bosnian.jpg\" alt=\"Bosnian Flag\">\r\n                    <div>\r\n                        <h4>Bosnisch Wortschatz<\/h4>\r\n                        <p>Erweitern Sie Ihr bosnisches Vokabular.<\/p>\r\n                    <\/div>\r\n                <\/div>\r\n            <\/div>\r\n        <\/a>\r\n\r\n            <\/section>","protected":false},"excerpt":{"rendered":"<p>Bosnische Grammatik: Ein Leitfaden zum Verst\u00e4ndnis ihrer einzigartigen Merkmale Lernen Sie Bosnisch und sind Sie von der Grammatik der Sprache verwirrt? F\u00fcrchte dich nicht! In diesem Artikel werden wir in die Geheimnisse der bosnischen Grammatik eintauchen und Ihnen helfen, ihre einzigartigen Merkmale zu verstehen, ohne dabei die Sprache zu verkomplizieren. Sind Sie bereit, sich auf [&hellip;]<\/p>\n","protected":false},"author":1,"featured_media":28205,"parent":0,"menu_order":0,"comment_status":"closed","ping_status":"closed","template":"LearningContentPage.php","meta":{"_acf_changed":false,"footnotes":""},"class_list":["post-74269","page","type-page","status-publish","has-post-thumbnail","hentry"],"acf":[],"yoast_head":"<!-- This site is optimized with the Yoast SEO Premium plugin v27.2 (Yoast SEO v27.2) - https:\/\/yoast.com\/product\/yoast-seo-premium-wordpress\/ -->\n<title>Bosnische Grammatik - Talkpal<\/title>\n<meta name=\"description\" content=\"Beherrschen Sie m\u00fchelos die bosnische Grammatik mit Talkpal, Ihrem KI-gesteuerten Sprachtutor. Entdecken Sie einfache Erkl\u00e4rungen, praktische Tipps und interaktive \u00dcbungen!\" \/>\n<meta name=\"robots\" content=\"index, follow, max-snippet:-1, max-image-preview:large, max-video-preview:-1\" \/>\n<link rel=\"canonical\" href=\"https:\/\/talkpal.ai\/de\/bosnische-grammatik\/\" \/>\n<meta property=\"og:locale\" content=\"de_DE\" \/>\n<meta property=\"og:type\" content=\"article\" \/>\n<meta property=\"og:title\" content=\"Bosnische Grammatik\" \/>\n<meta property=\"og:description\" content=\"Bosnische Grammatik: Ein Leitfaden zum Verst\u00e4ndnis ihrer einzigartigen Merkmale Lernen Sie Bosnisch und sind Sie von der Grammatik der Sprache verwirrt?\" \/>\n<meta property=\"og:url\" content=\"https:\/\/talkpal.ai\/de\/bosnische-grammatik\/\" \/>\n<meta property=\"og:site_name\" content=\"Talkpal\" \/>\n<meta property=\"article:publisher\" content=\"https:\/\/www.facebook.com\/profile.php?id=100090733639311\" \/>\n<meta property=\"article:modified_time\" content=\"2025-05-22T14:41:36+00:00\" \/>\n<meta property=\"og:image\" content=\"https:\/\/talkpal.ai\/wp-content\/uploads\/2023\/05\/bosnia-and-herzegovina.png\" \/>\n\t<meta property=\"og:image:width\" content=\"512\" \/>\n\t<meta property=\"og:image:height\" content=\"512\" \/>\n\t<meta property=\"og:image:type\" content=\"image\/png\" \/>\n<meta name=\"twitter:card\" content=\"summary_large_image\" \/>\n<meta name=\"twitter:site\" content=\"@talkpalai\" \/>\n<meta name=\"twitter:label1\" content=\"Gesch\u00e4tzte Lesezeit\" \/>\n\t<meta name=\"twitter:data1\" content=\"3\u00a0Minuten\" \/>\n<script type=\"application\/ld+json\" class=\"yoast-schema-graph\">{\"@context\":\"https:\/\/schema.org\",\"@graph\":[{\"@type\":\"WebPage\",\"@id\":\"https:\/\/talkpal.ai\/de\/bosnische-grammatik\/\",\"url\":\"https:\/\/talkpal.ai\/de\/bosnische-grammatik\/\",\"name\":\"Bosnische Grammatik - Talkpal\",\"isPartOf\":{\"@id\":\"https:\/\/talkpal.ai\/de\/#website\"},\"primaryImageOfPage\":{\"@id\":\"https:\/\/talkpal.ai\/de\/bosnische-grammatik\/#primaryimage\"},\"image\":{\"@id\":\"https:\/\/talkpal.ai\/de\/bosnische-grammatik\/#primaryimage\"},\"thumbnailUrl\":\"https:\/\/talkpal.ai\/wp-content\/uploads\/2023\/05\/bosnia-and-herzegovina.png\",\"datePublished\":\"2023-05-14T14:00:03+00:00\",\"dateModified\":\"2025-05-22T14:41:36+00:00\",\"description\":\"Beherrschen Sie m\u00fchelos die bosnische Grammatik mit Talkpal, Ihrem KI-gesteuerten Sprachtutor. Entdecken Sie einfache Erkl\u00e4rungen, praktische Tipps und interaktive \u00dcbungen!\",\"breadcrumb\":{\"@id\":\"https:\/\/talkpal.ai\/de\/bosnische-grammatik\/#breadcrumb\"},\"inLanguage\":\"de\",\"potentialAction\":[{\"@type\":\"ReadAction\",\"target\":[\"https:\/\/talkpal.ai\/de\/bosnische-grammatik\/\"]}]},{\"@type\":\"ImageObject\",\"inLanguage\":\"de\",\"@id\":\"https:\/\/talkpal.ai\/de\/bosnische-grammatik\/#primaryimage\",\"url\":\"https:\/\/talkpal.ai\/wp-content\/uploads\/2023\/05\/bosnia-and-herzegovina.png\",\"contentUrl\":\"https:\/\/talkpal.ai\/wp-content\/uploads\/2023\/05\/bosnia-and-herzegovina.png\",\"width\":512,\"height\":512},{\"@type\":\"BreadcrumbList\",\"@id\":\"https:\/\/talkpal.ai\/de\/bosnische-grammatik\/#breadcrumb\",\"itemListElement\":[{\"@type\":\"ListItem\",\"position\":1,\"name\":\"Homepage\",\"item\":\"https:\/\/talkpal.ai\/de\/\"},{\"@type\":\"ListItem\",\"position\":2,\"name\":\"Bosnische Grammatik\"}]},{\"@type\":\"WebSite\",\"@id\":\"https:\/\/talkpal.ai\/de\/#website\",\"url\":\"https:\/\/talkpal.ai\/de\/\",\"name\":\"Talkpal\",\"description\":\"AI Language Learning\",\"publisher\":{\"@id\":\"https:\/\/talkpal.ai\/de\/#organization\"},\"alternateName\":\"Talkpal AI\",\"potentialAction\":[{\"@type\":\"SearchAction\",\"target\":{\"@type\":\"EntryPoint\",\"urlTemplate\":\"https:\/\/talkpal.ai\/de\/?s={search_term_string}\"},\"query-input\":{\"@type\":\"PropertyValueSpecification\",\"valueRequired\":true,\"valueName\":\"search_term_string\"}}],\"inLanguage\":\"de\"},{\"@type\":\"Organization\",\"@id\":\"https:\/\/talkpal.ai\/de\/#organization\",\"name\":\"Talkpal, Inc.\",\"alternateName\":\"Talkpal AI\",\"url\":\"https:\/\/talkpal.ai\/de\/\",\"logo\":{\"@type\":\"ImageObject\",\"inLanguage\":\"de\",\"@id\":\"https:\/\/talkpal.ai\/de\/#\/schema\/logo\/image\/\",\"url\":\"https:\/\/talkpal.ai\/wp-content\/uploads\/2024\/03\/Talkpal-Logo-Icon.png\",\"contentUrl\":\"https:\/\/talkpal.ai\/wp-content\/uploads\/2024\/03\/Talkpal-Logo-Icon.png\",\"width\":2880,\"height\":2880,\"caption\":\"Talkpal, Inc.\"},\"image\":{\"@id\":\"https:\/\/talkpal.ai\/de\/#\/schema\/logo\/image\/\"},\"sameAs\":[\"https:\/\/www.facebook.com\/profile.php?id=100090733639311\",\"https:\/\/x.com\/talkpalai\",\"https:\/\/www.linkedin.com\/company\/talkpal\/\",\"https:\/\/www.youtube.com\/@TalkPal\/\",\"https:\/\/www.tiktok.com\/@talkpal\",\"https:\/\/www.instagram.com\/talkpal_ai\/\",\"https:\/\/www.crunchbase.com\/organization\/talkpal-9cde\",\"https:\/\/www.g2.com\/products\/talkpal-for-business\/\",\"https:\/\/www.trustpilot.com\/review\/talkpal.ai\",\"https:\/\/www.capterra.com\/p\/10006800\/TalkPal\/\"],\"description\":\"Talkpal is a language learning web and mobile education app, powered by the latest AI technologies, that provides engaging experiences to its customers in many different languages to help them improve their language skills. Users can chat about unlimited amount of topics with the app and use other modes to practice their language learning.\",\"email\":\"support@talkpal.ai\",\"legalName\":\"Talkpal, Inc.\",\"foundingDate\":\"2023-04-03\",\"duns\":\"118989042\",\"numberOfEmployees\":{\"@type\":\"QuantitativeValue\",\"minValue\":\"11\",\"maxValue\":\"50\"},\"publishingPrinciples\":\"https:\/\/talkpal.ai\/publishing-principles\/\",\"actionableFeedbackPolicy\":\"https:\/\/talkpal.ai\/actionable-feedback-policy\/\",\"correctionsPolicy\":\"https:\/\/talkpal.ai\/corrections-policy\/\",\"ethicsPolicy\":\"https:\/\/talkpal.ai\/ethics-policy\/\",\"diversityPolicy\":\"https:\/\/talkpal.ai\/diversity-policy\/\",\"diversityStaffingReport\":\"https:\/\/talkpal.ai\/diversity-policy\/\"}]}<\/script>\n<!-- \/ Yoast SEO Premium plugin. -->","yoast_head_json":{"title":"Bosnische Grammatik - Talkpal","description":"Beherrschen Sie m\u00fchelos die bosnische Grammatik mit Talkpal, Ihrem KI-gesteuerten Sprachtutor. Entdecken Sie einfache Erkl\u00e4rungen, praktische Tipps und interaktive \u00dcbungen!","robots":{"index":"index","follow":"follow","max-snippet":"max-snippet:-1","max-image-preview":"max-image-preview:large","max-video-preview":"max-video-preview:-1"},"canonical":"https:\/\/talkpal.ai\/de\/bosnische-grammatik\/","og_locale":"de_DE","og_type":"article","og_title":"Bosnische Grammatik","og_description":"Bosnische Grammatik: Ein Leitfaden zum Verst\u00e4ndnis ihrer einzigartigen Merkmale Lernen Sie Bosnisch und sind Sie von der Grammatik der Sprache verwirrt?","og_url":"https:\/\/talkpal.ai\/de\/bosnische-grammatik\/","og_site_name":"Talkpal","article_publisher":"https:\/\/www.facebook.com\/profile.php?id=100090733639311","article_modified_time":"2025-05-22T14:41:36+00:00","og_image":[{"width":512,"height":512,"url":"https:\/\/talkpal.ai\/wp-content\/uploads\/2023\/05\/bosnia-and-herzegovina.png","type":"image\/png"}],"twitter_card":"summary_large_image","twitter_site":"@talkpalai","twitter_misc":{"Gesch\u00e4tzte Lesezeit":"3\u00a0Minuten"},"schema":{"@context":"https:\/\/schema.org","@graph":[{"@type":"WebPage","@id":"https:\/\/talkpal.ai\/de\/bosnische-grammatik\/","url":"https:\/\/talkpal.ai\/de\/bosnische-grammatik\/","name":"Bosnische Grammatik - Talkpal","isPartOf":{"@id":"https:\/\/talkpal.ai\/de\/#website"},"primaryImageOfPage":{"@id":"https:\/\/talkpal.ai\/de\/bosnische-grammatik\/#primaryimage"},"image":{"@id":"https:\/\/talkpal.ai\/de\/bosnische-grammatik\/#primaryimage"},"thumbnailUrl":"https:\/\/talkpal.ai\/wp-content\/uploads\/2023\/05\/bosnia-and-herzegovina.png","datePublished":"2023-05-14T14:00:03+00:00","dateModified":"2025-05-22T14:41:36+00:00","description":"Beherrschen Sie m\u00fchelos die bosnische Grammatik mit Talkpal, Ihrem KI-gesteuerten Sprachtutor. Entdecken Sie einfache Erkl\u00e4rungen, praktische Tipps und interaktive \u00dcbungen!","breadcrumb":{"@id":"https:\/\/talkpal.ai\/de\/bosnische-grammatik\/#breadcrumb"},"inLanguage":"de","potentialAction":[{"@type":"ReadAction","target":["https:\/\/talkpal.ai\/de\/bosnische-grammatik\/"]}]},{"@type":"ImageObject","inLanguage":"de","@id":"https:\/\/talkpal.ai\/de\/bosnische-grammatik\/#primaryimage","url":"https:\/\/talkpal.ai\/wp-content\/uploads\/2023\/05\/bosnia-and-herzegovina.png","contentUrl":"https:\/\/talkpal.ai\/wp-content\/uploads\/2023\/05\/bosnia-and-herzegovina.png","width":512,"height":512},{"@type":"BreadcrumbList","@id":"https:\/\/talkpal.ai\/de\/bosnische-grammatik\/#breadcrumb","itemListElement":[{"@type":"ListItem","position":1,"name":"Homepage","item":"https:\/\/talkpal.ai\/de\/"},{"@type":"ListItem","position":2,"name":"Bosnische Grammatik"}]},{"@type":"WebSite","@id":"https:\/\/talkpal.ai\/de\/#website","url":"https:\/\/talkpal.ai\/de\/","name":"Talkpal","description":"AI Language Learning","publisher":{"@id":"https:\/\/talkpal.ai\/de\/#organization"},"alternateName":"Talkpal AI","potentialAction":[{"@type":"SearchAction","target":{"@type":"EntryPoint","urlTemplate":"https:\/\/talkpal.ai\/de\/?s={search_term_string}"},"query-input":{"@type":"PropertyValueSpecification","valueRequired":true,"valueName":"search_term_string"}}],"inLanguage":"de"},{"@type":"Organization","@id":"https:\/\/talkpal.ai\/de\/#organization","name":"Talkpal, Inc.","alternateName":"Talkpal AI","url":"https:\/\/talkpal.ai\/de\/","logo":{"@type":"ImageObject","inLanguage":"de","@id":"https:\/\/talkpal.ai\/de\/#\/schema\/logo\/image\/","url":"https:\/\/talkpal.ai\/wp-content\/uploads\/2024\/03\/Talkpal-Logo-Icon.png","contentUrl":"https:\/\/talkpal.ai\/wp-content\/uploads\/2024\/03\/Talkpal-Logo-Icon.png","width":2880,"height":2880,"caption":"Talkpal, Inc."},"image":{"@id":"https:\/\/talkpal.ai\/de\/#\/schema\/logo\/image\/"},"sameAs":["https:\/\/www.facebook.com\/profile.php?id=100090733639311","https:\/\/x.com\/talkpalai","https:\/\/www.linkedin.com\/company\/talkpal\/","https:\/\/www.youtube.com\/@TalkPal\/","https:\/\/www.tiktok.com\/@talkpal","https:\/\/www.instagram.com\/talkpal_ai\/","https:\/\/www.crunchbase.com\/organization\/talkpal-9cde","https:\/\/www.g2.com\/products\/talkpal-for-business\/","https:\/\/www.trustpilot.com\/review\/talkpal.ai","https:\/\/www.capterra.com\/p\/10006800\/TalkPal\/"],"description":"Talkpal is a language learning web and mobile education app, powered by the latest AI technologies, that provides engaging experiences to its customers in many different languages to help them improve their language skills. Users can chat about unlimited amount of topics with the app and use other modes to practice their language learning.","email":"support@talkpal.ai","legalName":"Talkpal, Inc.","foundingDate":"2023-04-03","duns":"118989042","numberOfEmployees":{"@type":"QuantitativeValue","minValue":"11","maxValue":"50"},"publishingPrinciples":"https:\/\/talkpal.ai\/publishing-principles\/","actionableFeedbackPolicy":"https:\/\/talkpal.ai\/actionable-feedback-policy\/","correctionsPolicy":"https:\/\/talkpal.ai\/corrections-policy\/","ethicsPolicy":"https:\/\/talkpal.ai\/ethics-policy\/","diversityPolicy":"https:\/\/talkpal.ai\/diversity-policy\/","diversityStaffingReport":"https:\/\/talkpal.ai\/diversity-policy\/"}]}},"_links":{"self":[{"href":"https:\/\/talkpal.ai\/de\/wp-json\/wp\/v2\/pages\/74269","targetHints":{"allow":["GET"]}}],"collection":[{"href":"https:\/\/talkpal.ai\/de\/wp-json\/wp\/v2\/pages"}],"about":[{"href":"https:\/\/talkpal.ai\/de\/wp-json\/wp\/v2\/types\/page"}],"author":[{"embeddable":true,"href":"https:\/\/talkpal.ai\/de\/wp-json\/wp\/v2\/users\/1"}],"replies":[{"embeddable":true,"href":"https:\/\/talkpal.ai\/de\/wp-json\/wp\/v2\/comments?post=74269"}],"version-history":[{"count":0,"href":"https:\/\/talkpal.ai\/de\/wp-json\/wp\/v2\/pages\/74269\/revisions"}],"wp:featuredmedia":[{"embeddable":true,"href":"https:\/\/talkpal.ai\/de\/wp-json\/wp\/v2\/media\/28205"}],"wp:attachment":[{"href":"https:\/\/talkpal.ai\/de\/wp-json\/wp\/v2\/media?parent=74269"}],"curies":[{"name":"wp","href":"https:\/\/api.w.org\/{rel}","templated":true}]}}