{"id":74237,"date":"2023-05-14T14:00:39","date_gmt":"2023-05-14T14:00:39","guid":{"rendered":"http:\/\/talkpal.ai\/bulgarische-grammatik\/"},"modified":"2025-05-22T14:36:23","modified_gmt":"2025-05-22T14:36:23","slug":"bulgarische-grammatik","status":"publish","type":"page","link":"https:\/\/talkpal.ai\/de\/bulgarische-grammatik\/","title":{"rendered":"Bulgarische Grammatik"},"content":{"rendered":"\r\n\r\n\r\n<section class=\"languageChallengeSection\">\r\n    <div class=\"languageInfoWrapper\">\r\n        \r\n        <h1>Bulgarische Grammatik<\/h1>\r\n        <p>Lernen Sie die Besonderheiten der bulgarischen <a href=\"https:\/\/talkpal.ai\/fr\/les\/\">Grammatik<\/a> kennen und erwerben Sie das Handwerkszeug, um selbstbewusst in dieser lebendigen slawischen Sprache zu kommunizieren. Wenn Sie die Grundregeln der bulgarischen Sprache verstehen, k\u00f6nnen Sie sich besser mit Muttersprachlern verst\u00e4ndigen und das reiche Erbe Bulgariens besser kennen lernen. Beginnen Sie Ihre Reise durch die <a href=\"https:\/\/talkpal.ai\/bulgarian-grammar\/\">bulgarische Grammatik<\/a> noch heute und machen Sie den ersten Schritt zur Beherrschung der Sprache!<\/p>\r\n\r\n                            <a class=\"getStartedHidden\" href=\"https:\/\/app.talkpal.ai\/de\/signup?lng=\">Leg los<\/a>\r\n        \r\n    <\/div>\r\n\r\n    <figure>\r\n    <img decoding=\"async\" width=\"768\" height=\"768\" src=\"https:\/\/talkpal.ai\/wp-content\/uploads\/2023\/06\/bulgarian-768x768.png\" class=\"languageImage no-lazy\" alt=\"Default alt text\" fetchpriority=\"high\" sizes=\"(max-width: 768px) 150px, 768px\" srcset=\"https:\/\/talkpal.ai\/wp-content\/uploads\/2023\/06\/bulgarian-768x768.png 768w, https:\/\/talkpal.ai\/wp-content\/uploads\/2023\/06\/bulgarian-300x300.png 300w\" \/>\r\n    \r\n\r\n    <\/figure>\r\n\r\n            <a class=\"getStartedVisible\" href=\"https:\/\/app.talkpal.ai\/de\/signup?lng=\">Leg los<\/a>\r\n    \r\n<\/section>\r\n        <section class=\"grammarSection\">\r\n            <div class=\"grammarLinks\">\r\n                <a href=\"https:\/\/talkpal.ai\/de\/language\/adjektive-bulgarische-grammatik\/\">Adjektive <\/a><a href=\"https:\/\/talkpal.ai\/de\/language\/adverbien-bulgarische-grammatik\/\">Adverbien <\/a><a href=\"https:\/\/talkpal.ai\/de\/language\/artikel-bulgarische-grammatik\/\">Artikel <\/a><a href=\"https:\/\/talkpal.ai\/de\/language\/konditionale-bulgarische-grammatik\/\">Konditionale <\/a><a href=\"https:\/\/talkpal.ai\/de\/language\/perfekt-progressiv-bulgarische-grammatik\/\">Perfekt Progressiv <\/a><a href=\"https:\/\/talkpal.ai\/de\/language\/praepositionen-bulgarische-grammatik\/\">Pr\u00e4positionen <\/a><a href=\"https:\/\/talkpal.ai\/de\/language\/progressiv-bulgarische-grammatik\/\">Progressiv <\/a><a href=\"https:\/\/talkpal.ai\/de\/language\/pronomen-determinanten-bulgarische-grammatik\/\">Pronomen\/Determinanten <\/a><a href=\"https:\/\/talkpal.ai\/de\/language\/saetze-bulgarische-grammatik\/\">S\u00e4tze <\/a><a href=\"https:\/\/talkpal.ai\/de\/language\/substantive-bulgarische-grammatik\/\">Substantive <\/a><a href=\"https:\/\/talkpal.ai\/de\/language\/verben-bulgarische-grammatik\/\">Verben <\/a><a href=\"https:\/\/talkpal.ai\/de\/language\/zeitformen-bulgarische-grammatik\/\">Zeitformen <\/a><a href=\"https:\/\/talkpal.ai\/de\/language\/zeitvergleich-bulgarische-grammatik\/\">Zeitvergleich <\/a>            <\/div>\r\n        <\/section>\r\n    <section class=\"promotionalBanner\">\r\n    <p class=\"promotionalText\">Der effizienteste Weg, eine Sprache zu lernen<\/p>\r\n    <a class=\"promotionalLink\" href=\"https:\/\/app.talkpal.ai\/de\/signup?lng=\">Talkpal kostenlos<\/a>\r\n<\/section>\n<div class=\"wp-block-group pageContainerStyle\"><div class=\"wp-block-group__inner-container is-layout-constrained wp-block-group-is-layout-constrained\">\n<h2 class=\"wp-block-heading\" id=\"h-the-ultimate-guide-to-bulgarian-grammar-navigating-the-intricacies-of-a-rich-language\">Der ultimative Leitfaden f\u00fcr die bulgarische Grammatik: Navigieren durch die Feinheiten einer reichen Sprache<\/h2>\n\n\n\n<p>Die bulgarische Grammatik ist, wie die Sprache selbst, eine faszinierende Mischung aus Einfachheit, Komplexit\u00e4t und reicher Kulturgeschichte. Als eine der \u00e4ltesten slawischen Sprachen bietet <a href=\"https:\/\/talkpal.ai\/learn-bulgarian\/\">Bulgarisch<\/a> sprachlichen Nervenkitzel f\u00fcr Lernende und fordert selbst die ge\u00fcbtesten Sprecher heraus. In diesem Leitfaden erkunden wir die wichtigsten Prinzipien der bulgarischen Grammatik, entmystifizieren ihre Komplexit\u00e4t und helfen Ihnen dabei, diese wundersch\u00f6ne Sprache zu meistern. Lassen Sie uns eintauchen!<\/p>\n\n\n\n<h2 class=\"wp-block-heading\" id=\"h-the-nuts-and-bolts-bulgarian-sentence-structure\">Das A und O: Bulgarischer Satzbau<\/h2>\n\n\n\n<p>Im Kern ist die bulgarische Grammatik recht einfach. Die Sprache folgt der Subjekt-Verb-Objekt-Satzstruktur (SVO), \u00e4hnlich wie <a href=\"https:\/\/talkpal.ai\/learn-english-with-ai\/\">Englisch<\/a> und viele andere Sprachen. Zum Beispiel wird der Satz &#8222;Ich esse einen Apfel&#8220; mit &#8222;\u0410\u0437 \u044f\u043c \u044f\u0431\u044a\u043b\u043a\u0430&#8220; (Az yam yabalka) \u00fcbersetzt. Einfach, oder? Wenn wir jedoch tiefer gehen, werden Sie feststellen, dass die bulgarische Grammatik voller \u00dcberraschungen und einzigartiger Merkmale ist.<\/p>\n\n\n\n<h3 class=\"wp-block-heading\" id=\"h-meet-the-family-bulgarian-nouns-and-their-genders\">Lernen Sie die Familie kennen: Bulgarische Substantive und ihre Geschlechter<\/h3>\n\n\n\n<p>Einer der verwirrendsten Aspekte der bulgarischen Grammatik f\u00fcr Englischsprachige ist der Begriff des grammatikalischen Geschlechts. Im Bulgarischen wird jedes Substantiv einem von drei Geschlechtern zugeordnet &#8211; dem m\u00e4nnlichen, dem weiblichen und dem s\u00e4chlichen. Es ist wichtig, das Geschlecht eines Substantivs zu kennen, da es sich auf die Form von Adjektiven und Pronomen sowie auf die Konjugation der nachfolgenden Verben auswirkt.<\/p>\n\n\n\n<p>Wie bestimmt man also das Geschlecht eines Substantivs? Im Allgemeinen geht es nur um das Ende:<\/p>\n\n\n\n<p><strong>&#8211; Maskuline Substantive enden normalerweise auf einen Konsonanten.<\/strong><\/p>\n\n\n\n<p><strong>&#8211; Weibliche Substantive enden normalerweise auf -\u0430 (-a) oder -\u044f (-ya).<\/strong><\/p>\n\n\n\n<p><strong>&#8211; Neutrale Substantive enden oft auf -\u043e (-o) oder -\u0435 (-\u0435).<\/strong><\/p>\n\n\n\n<p>Zum Beispiel bedeutet &#8222;\u043c\u044a\u0436&#8220; (mazh) &#8222;Mann&#8220; und ist maskulin, &#8222;\u0436\u0435\u043d\u0430&#8220; (zhena) bedeutet &#8222;Frau&#8220; und ist feminin, und &#8222;\u0434\u0435\u0442\u0435&#8220; (dete) bedeutet &#8222;Kind&#8220; und ist neutra.<\/p>\n\n\n\n<p>Nat\u00fcrlich gibt es Ausnahmen, und deshalb ist es wichtig, dass Sie die Substantive zusammen mit ihrem Geschlecht lernen.<\/p>\n\n\n\n<h3 class=\"wp-block-heading\" id=\"h-playing-with-numbers-bulgarian-plurals\">Spiel mit Zahlen: Bulgarischer Plural<\/h3>\n\n\n\n<p>Sobald Sie das Geschlecht der bulgarischen Substantive beherrschen, ist es an der Zeit, sich mit ihren Pluralen zu besch\u00e4ftigen. Im Allgemeinen bilden Sie <a href=\"https:\/\/talkpal.ai\/zh-hans\/grammar_exercises\/plurale-%e6%84%8f%e5%a4%a7%e5%88%a9%e8%af%ad%e6%b3%95%e7%bb%83%e4%b9%a0\/\">Plurale<\/a>, indem Sie bestimmte Endungen hinzuf\u00fcgen, die dem Geschlecht des Substantivs entsprechen:<\/p>\n\n\n\n<p><strong>&#8211; Maskuline Substantive \u00e4ndern den letzten Konsonanten in -\u0438 (-i) oder f\u00fcgen -\u043e\u0432\u0435 (-ove) hinzu.<\/strong><\/p>\n\n\n\n<p><strong>&#8211; Feminine Substantive ersetzen -\u0430 oder -\u044f durch -\u0438 oder -\u0435.<\/strong><\/p>\n\n\n\n<p><strong>&#8211; Neutrale Substantive ersetzen -\u043e oder -\u0435 durch -\u0430.<\/strong><\/p>\n\n\n\n<p>Zum Beispiel wird &#8222;\u0443\u0447\u0435\u043d\u0438\u043a&#8220; (uchenik, maskulin) zu &#8222;\u0443\u0447\u0435\u043d\u0438\u0446\u0438&#8220; (uchenici, <a href=\"https:\/\/talkpal.ai\/talkpal-discount-for-students\/\">Studenten<\/a>) und &#8222;\u043a\u043d\u0438\u0433\u0430&#8220; (kniga, feminin) zu &#8222;\u043a\u043d\u0438\u0433\u0438&#8220; (knigi, B\u00fccher).<\/p>\n\n\n\n<p>Diese Regel hat Ausnahmen, also halte Ausschau nach unregelm\u00e4\u00dfigen Pluralformen und erweitere deinen Wortschatz entsprechend.<\/p>\n\n\n\n<h3 class=\"wp-block-heading\" id=\"h-the-art-of-conjugation-bulgarian-verbs\">Die Kunst der Konjugation: Bulgarische Verben<\/h3>\n\n\n\n<p>Bulgarische Verben k\u00f6nnen aufgrund ihrer schieren Anzahl von <a href=\"https:\/\/talkpal.ai\/zh-hans\/grammar_exercises\/zeitformen-%e5%be%b7%e5%9b%bd%e8%af%ad%e6%b3%95%e7%bb%83%e4%b9%a0\/\">Zeitformen<\/a>, Stimmungen und Konjugationen einsch\u00fcchternd sein. Der Schl\u00fcssel, um sie zu knacken, ist jedoch, Muster zu erkennen und regelm\u00e4\u00dfig zu \u00fcben.<\/p>\n\n\n\n<p>Im Bulgarischen werden Verben anhand ihrer Infinitivendung -\u0430 (-a), -\u0435 (-\u0435) oder -\u0438 (-i) in drei Gruppen eingeteilt. Jede Gruppe hat ihre spezifischen Konjugationsregeln. Nehmen wir zum Beispiel das Verb &#8222;\u043f\u0438\u0448\u0430&#8220; (pisha, &#8222;schreiben&#8220;):<\/p>\n\n\n\n<p><strong>Pr\u00e4sens: \u0410\u0437 \u043f\u0438\u0448\u0430 (Az pisha, &#8222;ich schreibe&#8220;)<\/strong><\/p>\n\n\n\n<p><strong>Vergangenheitsform: \u0410\u0437 \u043f\u0438\u0441\u0430\u0445 (Az pisah, &#8222;ich schrieb&#8220;)<\/strong><\/p>\n\n\n\n<p><strong>Zuk\u00fcnftige Zeitform: \u0410\u0437 \u0449\u0435 \u043f\u0438\u0448\u0430 (Az shte pisha, &#8222;Ich werde schreiben&#8220;)<\/strong><\/p>\n\n\n\n<p>Wie Sie sehen k\u00f6nnen, \u00e4ndern sich die Endungen je nach Zeitform. Und das kratzt nicht einmal an der Oberfl\u00e4che der bulgarischen Verbkonjugation! Lassen Sie sich jedoch nicht davon \u00fcberw\u00e4ltigen. Mit etwas \u00dcbung und Geduld werden Sie die Muster erkennen und diese Herausforderung meistern.<\/p>\n\n\n\n<h3 class=\"wp-block-heading\" id=\"h-the-finishing-touches-bulgarian-adjectives-adverbs-and-more\">Der letzte Schliff: Bulgarische Adjektive, Adverbien und mehr<\/h3>\n\n\n\n<p>Wenn es um bulgarische Adjektive und <a href=\"https:\/\/talkpal.ai\/ar\/grammar_exercises\/adverbien-%d8%aa%d9%85%d8%a7%d8%b1%d9%8a%d9%86-%d9%84%d9%84%d9%82%d9%88%d8%a7%d8%b9%d8%af-%d8%a7%d9%84%d8%a3%d9%84%d9%85%d8%a7%d9%86%d9%8a%d8%a9\/\">Adverbien<\/a> geht, spielen sie eine entscheidende Rolle, wenn es darum geht, Ihrer Sprache Tiefe und Komplexit\u00e4t zu verleihen. Adjektive m\u00fcssen mit den Substantiven, die sie modifizieren, in Bezug auf das Geschlecht \u00fcbereinstimmen. Normalerweise gibt es 3 Formen &#8211; m\u00e4nnlich, weiblich und s\u00e4chlich.<\/p>\n\n\n\n<p>Zum Beispiel bedeutet &#8222;\u0434\u043e\u0431\u044a\u0440&#8220; (dobur) &#8222;gut&#8220; und erscheint als &#8222;\u0434\u043e\u0431\u044a\u0440 \u043c\u044a\u0436&#8220; (dobur mazh, &#8222;guter Mann&#8220;), &#8222;\u0434\u043e\u0431\u0440\u0430 \u0436\u0435\u043d\u0430&#8220; (dobra zhena, &#8222;gute Frau&#8220;) und &#8222;\u0434\u043e\u0431\u0440\u043e \u0434\u0435\u0442\u0435&#8220; (dobro dete, &#8222;gutes Kind&#8220;). Adverbien folgen \u00e4hnlichen Mustern, die oft von Adjektiven abgeleitet sind.<\/p>\n\n\n\n<p>Zusammenfassend l\u00e4sst sich sagen, dass die Feinheiten und Eigenheiten der bulgarischen Grammatik zwar komplex sind, aber der Sprache ihre fesselnde Sch\u00f6nheit und ihren Charakter verleihen. Mit einer Kombination aus Beharrlichkeit, Neugier und praktischer Anwendung werden Sie sich bald mit Leichtigkeit und Sicherheit in der bulgarischen Grammatik zurechtfinden. Viel Spa\u00df beim Lernen!<\/p>\n<\/div><\/div>\n\r\n<section class=\"learnNavigationSection\">\r\n            \r\n        <a href=\"https:\/\/talkpal.ai\/de\/bulgarisch-lernen\/\">\r\n            <div class=\"learnNavigationWrapper\">\r\n                <div class=\"learnNavigationContent\">\r\n                    <img decoding=\"async\" src=\"https:\/\/talkpal.ai\/wp-content\/uploads\/2024\/08\/Bulgarian.jpg\" alt=\"Bulgarian Flag\">\r\n                    <div>\r\n                        <h4>\u00dcber Bulgarisch lernen<\/h4>\r\n                        <p>Erfahren Sie alles \u00fcber die bulgarische Grammatik.<\/p>\r\n                    <\/div>\r\n                <\/div>\r\n            <\/div>\r\n        <\/a>\r\n\r\n        \r\n        <a href=\"https:\/\/talkpal.ai\/de\/bulgarische-grammatikuebungen\/\">\r\n            <div class=\"learnNavigationWrapper\">\r\n                <div class=\"learnNavigationContent\">\r\n                    <img decoding=\"async\" src=\"https:\/\/talkpal.ai\/wp-content\/uploads\/2024\/08\/Bulgarian.jpg\" alt=\"Bulgarian Flag\">\r\n                    <div>\r\n                        <h4>\u00dcbung zur bulgarischen Grammatik<\/h4>\r\n                        <p>\u00dcbe die bulgarische Grammatik .<\/p>\r\n                    <\/div>\r\n                <\/div>\r\n            <\/div>\r\n        <\/a>\r\n\r\n        \r\n        <a href=\"https:\/\/talkpal.ai\/vocabulary_language\/bulgarian\/\">\r\n            <div class=\"learnNavigationWrapper\">\r\n                <div class=\"learnNavigationContent\">\r\n                    <img decoding=\"async\" src=\"https:\/\/talkpal.ai\/wp-content\/uploads\/2024\/08\/Bulgarian.jpg\" alt=\"Bulgarian Flag\">\r\n                    <div>\r\n                        <h4>Bulgarisch Vokabeln<\/h4>\r\n                        <p>Erweitern Sie Ihren bulgarischen Wortschatz.<\/p>\r\n                    <\/div>\r\n                <\/div>\r\n            <\/div>\r\n        <\/a>\r\n\r\n            <\/section>","protected":false},"excerpt":{"rendered":"<p>Der ultimative Leitfaden f\u00fcr die bulgarische Grammatik: Navigieren durch die Feinheiten einer reichen Sprache Die bulgarische Grammatik ist, wie die Sprache selbst, eine faszinierende Mischung aus Einfachheit, Komplexit\u00e4t und reicher Kulturgeschichte. Als eine der \u00e4ltesten slawischen Sprachen bietet Bulgarisch sprachlichen Nervenkitzel f\u00fcr Lernende und fordert selbst die ge\u00fcbtesten Sprecher heraus. In diesem Leitfaden erkunden wir [&hellip;]<\/p>\n","protected":false},"author":1,"featured_media":28221,"parent":0,"menu_order":0,"comment_status":"closed","ping_status":"closed","template":"LearningContentPage.php","meta":{"_acf_changed":false,"footnotes":""},"class_list":["post-74237","page","type-page","status-publish","has-post-thumbnail","hentry"],"acf":[],"yoast_head":"<!-- This site is optimized with the Yoast SEO Premium plugin v27.2 (Yoast SEO v27.2) - https:\/\/yoast.com\/product\/yoast-seo-premium-wordpress\/ -->\n<title>Bulgarische Grammatik - Talkpal<\/title>\n<meta name=\"description\" content=\"Lernen Sie die Grundlagen der bulgarischen Grammatik kennen, um die Sprache besser zu verstehen und zu kommunizieren.\" \/>\n<meta name=\"robots\" content=\"index, follow, max-snippet:-1, max-image-preview:large, max-video-preview:-1\" \/>\n<link rel=\"canonical\" href=\"https:\/\/talkpal.ai\/de\/bulgarische-grammatik\/\" \/>\n<meta property=\"og:locale\" content=\"de_DE\" \/>\n<meta property=\"og:type\" content=\"article\" \/>\n<meta property=\"og:title\" content=\"Bulgarische Grammatik\" \/>\n<meta property=\"og:description\" content=\"Der ultimative Leitfaden f\u00fcr die bulgarische Grammatik: Navigieren durch die Feinheiten einer reichen Sprache Die bulgarische Grammatik ist, wie die\" \/>\n<meta property=\"og:url\" content=\"https:\/\/talkpal.ai\/de\/bulgarische-grammatik\/\" \/>\n<meta property=\"og:site_name\" content=\"Talkpal\" \/>\n<meta property=\"article:publisher\" content=\"https:\/\/www.facebook.com\/profile.php?id=100090733639311\" \/>\n<meta property=\"article:modified_time\" content=\"2025-05-22T14:36:23+00:00\" \/>\n<meta property=\"og:image\" content=\"https:\/\/talkpal.ai\/wp-content\/uploads\/2023\/05\/bulgaria.png\" \/>\n\t<meta property=\"og:image:width\" content=\"512\" \/>\n\t<meta property=\"og:image:height\" content=\"512\" \/>\n\t<meta property=\"og:image:type\" content=\"image\/png\" \/>\n<meta name=\"twitter:card\" content=\"summary_large_image\" \/>\n<meta name=\"twitter:site\" content=\"@talkpalai\" \/>\n<meta name=\"twitter:label1\" content=\"Gesch\u00e4tzte Lesezeit\" \/>\n\t<meta name=\"twitter:data1\" content=\"3\u00a0Minuten\" \/>\n<script type=\"application\/ld+json\" class=\"yoast-schema-graph\">{\"@context\":\"https:\/\/schema.org\",\"@graph\":[{\"@type\":\"WebPage\",\"@id\":\"https:\/\/talkpal.ai\/de\/bulgarische-grammatik\/\",\"url\":\"https:\/\/talkpal.ai\/de\/bulgarische-grammatik\/\",\"name\":\"Bulgarische Grammatik - Talkpal\",\"isPartOf\":{\"@id\":\"https:\/\/talkpal.ai\/de\/#website\"},\"primaryImageOfPage\":{\"@id\":\"https:\/\/talkpal.ai\/de\/bulgarische-grammatik\/#primaryimage\"},\"image\":{\"@id\":\"https:\/\/talkpal.ai\/de\/bulgarische-grammatik\/#primaryimage\"},\"thumbnailUrl\":\"https:\/\/talkpal.ai\/wp-content\/uploads\/2023\/05\/bulgaria.png\",\"datePublished\":\"2023-05-14T14:00:39+00:00\",\"dateModified\":\"2025-05-22T14:36:23+00:00\",\"description\":\"Lernen Sie die Grundlagen der bulgarischen Grammatik kennen, um die Sprache besser zu verstehen und zu kommunizieren.\",\"breadcrumb\":{\"@id\":\"https:\/\/talkpal.ai\/de\/bulgarische-grammatik\/#breadcrumb\"},\"inLanguage\":\"de\",\"potentialAction\":[{\"@type\":\"ReadAction\",\"target\":[\"https:\/\/talkpal.ai\/de\/bulgarische-grammatik\/\"]}]},{\"@type\":\"ImageObject\",\"inLanguage\":\"de\",\"@id\":\"https:\/\/talkpal.ai\/de\/bulgarische-grammatik\/#primaryimage\",\"url\":\"https:\/\/talkpal.ai\/wp-content\/uploads\/2023\/05\/bulgaria.png\",\"contentUrl\":\"https:\/\/talkpal.ai\/wp-content\/uploads\/2023\/05\/bulgaria.png\",\"width\":512,\"height\":512},{\"@type\":\"BreadcrumbList\",\"@id\":\"https:\/\/talkpal.ai\/de\/bulgarische-grammatik\/#breadcrumb\",\"itemListElement\":[{\"@type\":\"ListItem\",\"position\":1,\"name\":\"Homepage\",\"item\":\"https:\/\/talkpal.ai\/de\/\"},{\"@type\":\"ListItem\",\"position\":2,\"name\":\"Bulgarische Grammatik\"}]},{\"@type\":\"WebSite\",\"@id\":\"https:\/\/talkpal.ai\/de\/#website\",\"url\":\"https:\/\/talkpal.ai\/de\/\",\"name\":\"Talkpal\",\"description\":\"AI Language Learning\",\"publisher\":{\"@id\":\"https:\/\/talkpal.ai\/de\/#organization\"},\"alternateName\":\"Talkpal AI\",\"potentialAction\":[{\"@type\":\"SearchAction\",\"target\":{\"@type\":\"EntryPoint\",\"urlTemplate\":\"https:\/\/talkpal.ai\/de\/?s={search_term_string}\"},\"query-input\":{\"@type\":\"PropertyValueSpecification\",\"valueRequired\":true,\"valueName\":\"search_term_string\"}}],\"inLanguage\":\"de\"},{\"@type\":\"Organization\",\"@id\":\"https:\/\/talkpal.ai\/de\/#organization\",\"name\":\"Talkpal, Inc.\",\"alternateName\":\"Talkpal AI\",\"url\":\"https:\/\/talkpal.ai\/de\/\",\"logo\":{\"@type\":\"ImageObject\",\"inLanguage\":\"de\",\"@id\":\"https:\/\/talkpal.ai\/de\/#\/schema\/logo\/image\/\",\"url\":\"https:\/\/talkpal.ai\/wp-content\/uploads\/2024\/03\/Talkpal-Logo-Icon.png\",\"contentUrl\":\"https:\/\/talkpal.ai\/wp-content\/uploads\/2024\/03\/Talkpal-Logo-Icon.png\",\"width\":2880,\"height\":2880,\"caption\":\"Talkpal, Inc.\"},\"image\":{\"@id\":\"https:\/\/talkpal.ai\/de\/#\/schema\/logo\/image\/\"},\"sameAs\":[\"https:\/\/www.facebook.com\/profile.php?id=100090733639311\",\"https:\/\/x.com\/talkpalai\",\"https:\/\/www.linkedin.com\/company\/talkpal\/\",\"https:\/\/www.youtube.com\/@TalkPal\/\",\"https:\/\/www.tiktok.com\/@talkpal\",\"https:\/\/www.instagram.com\/talkpal_ai\/\",\"https:\/\/www.crunchbase.com\/organization\/talkpal-9cde\",\"https:\/\/www.g2.com\/products\/talkpal-for-business\/\",\"https:\/\/www.trustpilot.com\/review\/talkpal.ai\",\"https:\/\/www.capterra.com\/p\/10006800\/TalkPal\/\"],\"description\":\"Talkpal is a language learning web and mobile education app, powered by the latest AI technologies, that provides engaging experiences to its customers in many different languages to help them improve their language skills. Users can chat about unlimited amount of topics with the app and use other modes to practice their language learning.\",\"email\":\"support@talkpal.ai\",\"legalName\":\"Talkpal, Inc.\",\"foundingDate\":\"2023-04-03\",\"duns\":\"118989042\",\"numberOfEmployees\":{\"@type\":\"QuantitativeValue\",\"minValue\":\"11\",\"maxValue\":\"50\"},\"publishingPrinciples\":\"https:\/\/talkpal.ai\/publishing-principles\/\",\"actionableFeedbackPolicy\":\"https:\/\/talkpal.ai\/actionable-feedback-policy\/\",\"correctionsPolicy\":\"https:\/\/talkpal.ai\/corrections-policy\/\",\"ethicsPolicy\":\"https:\/\/talkpal.ai\/ethics-policy\/\",\"diversityPolicy\":\"https:\/\/talkpal.ai\/diversity-policy\/\",\"diversityStaffingReport\":\"https:\/\/talkpal.ai\/diversity-policy\/\"}]}<\/script>\n<!-- \/ Yoast SEO Premium plugin. -->","yoast_head_json":{"title":"Bulgarische Grammatik - Talkpal","description":"Lernen Sie die Grundlagen der bulgarischen Grammatik kennen, um die Sprache besser zu verstehen und zu kommunizieren.","robots":{"index":"index","follow":"follow","max-snippet":"max-snippet:-1","max-image-preview":"max-image-preview:large","max-video-preview":"max-video-preview:-1"},"canonical":"https:\/\/talkpal.ai\/de\/bulgarische-grammatik\/","og_locale":"de_DE","og_type":"article","og_title":"Bulgarische Grammatik","og_description":"Der ultimative Leitfaden f\u00fcr die bulgarische Grammatik: Navigieren durch die Feinheiten einer reichen Sprache Die bulgarische Grammatik ist, wie die","og_url":"https:\/\/talkpal.ai\/de\/bulgarische-grammatik\/","og_site_name":"Talkpal","article_publisher":"https:\/\/www.facebook.com\/profile.php?id=100090733639311","article_modified_time":"2025-05-22T14:36:23+00:00","og_image":[{"width":512,"height":512,"url":"https:\/\/talkpal.ai\/wp-content\/uploads\/2023\/05\/bulgaria.png","type":"image\/png"}],"twitter_card":"summary_large_image","twitter_site":"@talkpalai","twitter_misc":{"Gesch\u00e4tzte Lesezeit":"3\u00a0Minuten"},"schema":{"@context":"https:\/\/schema.org","@graph":[{"@type":"WebPage","@id":"https:\/\/talkpal.ai\/de\/bulgarische-grammatik\/","url":"https:\/\/talkpal.ai\/de\/bulgarische-grammatik\/","name":"Bulgarische Grammatik - Talkpal","isPartOf":{"@id":"https:\/\/talkpal.ai\/de\/#website"},"primaryImageOfPage":{"@id":"https:\/\/talkpal.ai\/de\/bulgarische-grammatik\/#primaryimage"},"image":{"@id":"https:\/\/talkpal.ai\/de\/bulgarische-grammatik\/#primaryimage"},"thumbnailUrl":"https:\/\/talkpal.ai\/wp-content\/uploads\/2023\/05\/bulgaria.png","datePublished":"2023-05-14T14:00:39+00:00","dateModified":"2025-05-22T14:36:23+00:00","description":"Lernen Sie die Grundlagen der bulgarischen Grammatik kennen, um die Sprache besser zu verstehen und zu kommunizieren.","breadcrumb":{"@id":"https:\/\/talkpal.ai\/de\/bulgarische-grammatik\/#breadcrumb"},"inLanguage":"de","potentialAction":[{"@type":"ReadAction","target":["https:\/\/talkpal.ai\/de\/bulgarische-grammatik\/"]}]},{"@type":"ImageObject","inLanguage":"de","@id":"https:\/\/talkpal.ai\/de\/bulgarische-grammatik\/#primaryimage","url":"https:\/\/talkpal.ai\/wp-content\/uploads\/2023\/05\/bulgaria.png","contentUrl":"https:\/\/talkpal.ai\/wp-content\/uploads\/2023\/05\/bulgaria.png","width":512,"height":512},{"@type":"BreadcrumbList","@id":"https:\/\/talkpal.ai\/de\/bulgarische-grammatik\/#breadcrumb","itemListElement":[{"@type":"ListItem","position":1,"name":"Homepage","item":"https:\/\/talkpal.ai\/de\/"},{"@type":"ListItem","position":2,"name":"Bulgarische Grammatik"}]},{"@type":"WebSite","@id":"https:\/\/talkpal.ai\/de\/#website","url":"https:\/\/talkpal.ai\/de\/","name":"Talkpal","description":"AI Language Learning","publisher":{"@id":"https:\/\/talkpal.ai\/de\/#organization"},"alternateName":"Talkpal AI","potentialAction":[{"@type":"SearchAction","target":{"@type":"EntryPoint","urlTemplate":"https:\/\/talkpal.ai\/de\/?s={search_term_string}"},"query-input":{"@type":"PropertyValueSpecification","valueRequired":true,"valueName":"search_term_string"}}],"inLanguage":"de"},{"@type":"Organization","@id":"https:\/\/talkpal.ai\/de\/#organization","name":"Talkpal, Inc.","alternateName":"Talkpal AI","url":"https:\/\/talkpal.ai\/de\/","logo":{"@type":"ImageObject","inLanguage":"de","@id":"https:\/\/talkpal.ai\/de\/#\/schema\/logo\/image\/","url":"https:\/\/talkpal.ai\/wp-content\/uploads\/2024\/03\/Talkpal-Logo-Icon.png","contentUrl":"https:\/\/talkpal.ai\/wp-content\/uploads\/2024\/03\/Talkpal-Logo-Icon.png","width":2880,"height":2880,"caption":"Talkpal, Inc."},"image":{"@id":"https:\/\/talkpal.ai\/de\/#\/schema\/logo\/image\/"},"sameAs":["https:\/\/www.facebook.com\/profile.php?id=100090733639311","https:\/\/x.com\/talkpalai","https:\/\/www.linkedin.com\/company\/talkpal\/","https:\/\/www.youtube.com\/@TalkPal\/","https:\/\/www.tiktok.com\/@talkpal","https:\/\/www.instagram.com\/talkpal_ai\/","https:\/\/www.crunchbase.com\/organization\/talkpal-9cde","https:\/\/www.g2.com\/products\/talkpal-for-business\/","https:\/\/www.trustpilot.com\/review\/talkpal.ai","https:\/\/www.capterra.com\/p\/10006800\/TalkPal\/"],"description":"Talkpal is a language learning web and mobile education app, powered by the latest AI technologies, that provides engaging experiences to its customers in many different languages to help them improve their language skills. Users can chat about unlimited amount of topics with the app and use other modes to practice their language learning.","email":"support@talkpal.ai","legalName":"Talkpal, Inc.","foundingDate":"2023-04-03","duns":"118989042","numberOfEmployees":{"@type":"QuantitativeValue","minValue":"11","maxValue":"50"},"publishingPrinciples":"https:\/\/talkpal.ai\/publishing-principles\/","actionableFeedbackPolicy":"https:\/\/talkpal.ai\/actionable-feedback-policy\/","correctionsPolicy":"https:\/\/talkpal.ai\/corrections-policy\/","ethicsPolicy":"https:\/\/talkpal.ai\/ethics-policy\/","diversityPolicy":"https:\/\/talkpal.ai\/diversity-policy\/","diversityStaffingReport":"https:\/\/talkpal.ai\/diversity-policy\/"}]}},"_links":{"self":[{"href":"https:\/\/talkpal.ai\/de\/wp-json\/wp\/v2\/pages\/74237","targetHints":{"allow":["GET"]}}],"collection":[{"href":"https:\/\/talkpal.ai\/de\/wp-json\/wp\/v2\/pages"}],"about":[{"href":"https:\/\/talkpal.ai\/de\/wp-json\/wp\/v2\/types\/page"}],"author":[{"embeddable":true,"href":"https:\/\/talkpal.ai\/de\/wp-json\/wp\/v2\/users\/1"}],"replies":[{"embeddable":true,"href":"https:\/\/talkpal.ai\/de\/wp-json\/wp\/v2\/comments?post=74237"}],"version-history":[{"count":0,"href":"https:\/\/talkpal.ai\/de\/wp-json\/wp\/v2\/pages\/74237\/revisions"}],"wp:featuredmedia":[{"embeddable":true,"href":"https:\/\/talkpal.ai\/de\/wp-json\/wp\/v2\/media\/28221"}],"wp:attachment":[{"href":"https:\/\/talkpal.ai\/de\/wp-json\/wp\/v2\/media?parent=74237"}],"curies":[{"name":"wp","href":"https:\/\/api.w.org\/{rel}","templated":true}]}}