{"id":74225,"date":"2023-05-14T13:59:24","date_gmt":"2023-05-14T13:59:24","guid":{"rendered":"http:\/\/talkpal.ai\/afrikaans-grammatik\/"},"modified":"2025-05-22T19:04:50","modified_gmt":"2025-05-22T19:04:50","slug":"afrikaans-grammatik","status":"publish","type":"page","link":"https:\/\/talkpal.ai\/de\/afrikaans-grammatik\/","title":{"rendered":"Afrikaans-Grammatik"},"content":{"rendered":"\r\n\r\n\r\n<section class=\"languageChallengeSection\">\r\n    <div class=\"languageInfoWrapper\">\r\n        \r\n        <h1>Afrikaans-Grammatik<\/h1>\r\n        <p>Entdecken Sie die schlichte Sch\u00f6nheit von <a href=\"https:\/\/talkpal.ai\/learn-afrikaans\/\">Afrikaans<\/a>, indem Sie die wichtigsten Grammatikregeln lernen. Die Beherrschung der <a href=\"https:\/\/talkpal.ai\/es\/gramatica-afrikaans\/\">Afrikaans-Grammatik<\/a> wird Sie in die Lage versetzen, effektiv zu kommunizieren und die reiche Kultur seiner Sprecher zu genie\u00dfen. Beginnen Sie Ihre Afrikaans-Grammatikreise noch heute und machen Sie den ersten Schritt in Richtung flie\u00dfend sprechen!<\/p>\r\n\r\n                            <a class=\"getStartedHidden\" href=\"https:\/\/app.talkpal.ai\/de\/signup?lng=\">Leg los<\/a>\r\n        \r\n    <\/div>\r\n\r\n    <figure>\r\n    <img decoding=\"async\" width=\"768\" height=\"768\" src=\"https:\/\/talkpal.ai\/wp-content\/uploads\/2023\/06\/TalkPal-Afrikaans-768x768.png\" class=\"languageImage no-lazy\" alt=\"Default alt text\" fetchpriority=\"high\" sizes=\"(max-width: 768px) 150px, 768px\" srcset=\"https:\/\/talkpal.ai\/wp-content\/uploads\/2023\/06\/TalkPal-Afrikaans-768x768.png 768w, https:\/\/talkpal.ai\/wp-content\/uploads\/2023\/06\/TalkPal-Afrikaans-300x300.png 300w\" \/>\r\n    \r\n\r\n    <\/figure>\r\n\r\n            <a class=\"getStartedVisible\" href=\"https:\/\/app.talkpal.ai\/de\/signup?lng=\">Leg los<\/a>\r\n    \r\n<\/section>\r\n        <section class=\"grammarSection\">\r\n            <div class=\"grammarLinks\">\r\n                <a href=\"https:\/\/talkpal.ai\/de\/language\/adjektive-afrikaans-grammatik\/\">Adjektive <\/a><a href=\"https:\/\/talkpal.ai\/de\/language\/adverbien-afrikaans-grammatik\/\">Adverbien <\/a><a href=\"https:\/\/talkpal.ai\/de\/language\/artikel-afrikaans-grammatik\/\">Artikel <\/a><a href=\"https:\/\/talkpal.ai\/de\/language\/konditionale-afrikaans-grammatik\/\">Konditionale <\/a><a href=\"https:\/\/talkpal.ai\/de\/language\/perfekt-progressiv-afrikaans-grammatik\/\">Perfekt Progressiv <\/a><a href=\"https:\/\/talkpal.ai\/de\/language\/praepositionen-afrikaans-grammatik\/\">Pr\u00e4positionen <\/a><a href=\"https:\/\/talkpal.ai\/de\/language\/progressiv-afrikaans-grammatik\/\">Progressiv <\/a><a href=\"https:\/\/talkpal.ai\/de\/language\/pronomen-determinanten-afrikaans-grammatik\/\">Pronomen\/Determinanten <\/a><a href=\"https:\/\/talkpal.ai\/de\/language\/saetze-afrikaans-grammatik\/\">S\u00e4tze <\/a><a href=\"https:\/\/talkpal.ai\/de\/language\/substantive-afrikaans-grammatik\/\">Substantive <\/a><a href=\"https:\/\/talkpal.ai\/de\/language\/verben-afrikaans-grammatik\/\">Verben <\/a><a href=\"https:\/\/talkpal.ai\/de\/language\/zeitformen-afrikaans-grammatik\/\">Zeitformen <\/a><a href=\"https:\/\/talkpal.ai\/de\/language\/zeitvergleich-afrikaans-grammatik\/\">Zeitvergleich <\/a>            <\/div>\r\n        <\/section>\r\n    <section class=\"promotionalBanner\">\r\n    <p class=\"promotionalText\">Der effizienteste Weg, eine Sprache zu lernen<\/p>\r\n    <a class=\"promotionalLink\" href=\"https:\/\/app.talkpal.ai\/de\/signup?lng=\">Talkpal kostenlos<\/a>\r\n<\/section>\n<div class=\"wp-block-group pageContainerStyle\"><div class=\"wp-block-group__inner-container is-layout-constrained wp-block-group-is-layout-constrained\">\n<h2 class=\"wp-block-heading\" id=\"h-mastering-afrikaans-grammar-your-ultimate-guide\">Afrikaans-Grammatik beherrschen: Ihr ultimativer Leitfaden<\/h2>\n\n\n\n<p><strong>Goeie dag<\/strong>, <a href=\"https:\/\/talkpal.ai\/talkpal-discount-for-language-enthusiasts\/\">Sprachbegeisterte<\/a>! Sind Sie bereit, sich auf eine Reise in die Welt der Afrikaans-Grammatik zu begeben? Dann sind Sie bei uns genau richtig. Gef\u00fcllt mit leicht verst\u00e4ndlichen Informationen und einem Konversationston f\u00fchrt Sie dieser Artikel durch das faszinierende Reich der Afrikaans-Grammatik. Schon bald werden Sie in der Lage sein, S\u00e4tze zu bilden und sinnvolle Unterhaltungen mit Muttersprachlern zu f\u00fchren. Also, lassen Sie uns anfangen!<\/p>\n\n\n\n<p><strong>Aber zuerst, warum Afrikaans-Grammatik?<\/strong><\/p>\n\n\n\n<p>Wenn Sie <a href=\"https:\/\/talkpal.ai\/de\/afrikaans-lernen\/\">Afrikaans lernen<\/a>, ist eine solide Grundlage in <a href=\"https:\/\/talkpal.ai\/fr\/les\/\">Grammatik<\/a> entscheidend, um flie\u00dfend sprechen, lesen und schreiben zu k\u00f6nnen. Auch wenn die Grammatik des Afrikaans auf den ersten Blick komplex erscheint, ist sie doch relativ einfach, wenn man sie in kleinere, \u00fcberschaubare Teile zerlegt. Beginnen Sie also Ihre Reise zur Beherrschung der Grammatik von Afrikaans!<\/p>\n\n\n\n<h3 class=\"wp-block-heading\" id=\"h-1-nouns-gender-and-articles\">1. Substantive, Geschlecht und Artikel<\/h3>\n\n\n\n<p>Im Gegensatz zu vielen anderen Sprachen haben Afrikaans-Substantive kein Geschlecht, was sie einfacher zu erlernen macht. Der bestimmte Artikel &#8222;die&#8220; (die) wird f\u00fcr alle Substantive verwendet, w\u00e4hrend die <a href=\"https:\/\/talkpal.ai\/de\/grammar_exercises\/ubungen-zum-unbestimmten-artikel-fur-die-vietnamesische-grammatik\/\">unbestimmten Artikel<\/a> &#8220; &#8217;n &#8220; oder &#8222;een&#8220; (a\/an) ebenfalls geschlechtsneutral sind.  <\/p>\n\n\n\n<p>Zum Beispiel:<\/p>\n\n\n\n<p>&#8211; der hond (der Hund)<\/p>\n\n\n\n<p>&#8211; &#8217;n hond (ein Hund)<\/p>\n\n\n\n<h3 class=\"wp-block-heading\" id=\"h-2-adjectives\">2. Adjektive<\/h3>\n\n\n\n<p>In Afrikaans stehen Adjektive in der Regel vor dem Substantiv, das sie modifizieren, und stimmen in der Zahl mit dem Substantiv \u00fcberein. Adjektive haben keine Geschlechter\u00fcbereinstimmung. Zum Beispiel:<\/p>\n\n\n\n<p>&#8211; &#8217;n groot huis (ein gro\u00dfes Haus)<\/p>\n\n\n\n<p>&#8211; twee groot huise (zwei gro\u00dfe H\u00e4user)<\/p>\n\n\n\n<p>Einige Adjektive ben\u00f6tigen ein zus\u00e4tzliches &#8222;-e&#8220;, wenn sie ein Substantiv im Plural beschreiben:<\/p>\n\n\n\n<p>&#8211; &#8217;n ou man (ein alter Mann)<\/p>\n\n\n\n<p>&#8211; twee ou manne (zwei alte M\u00e4nner)<\/p>\n\n\n\n<h3 class=\"wp-block-heading\" id=\"h-3-verbs-and-tense\">3. Verben und Zeitformen<\/h3>\n\n\n\n<p>Afrikaans-Verben sind relativ einfach zu lernen, da sie nicht auf der Grundlage des Subjekts des Satzes konjugiert werden. Au\u00dferdem hat Afrikaans weniger <a href=\"https:\/\/talkpal.ai\/zh-hans\/grammar_exercises\/zeitformen-%e5%be%b7%e5%9b%bd%e8%af%ad%e6%b3%95%e7%bb%83%e4%b9%a0\/\">Zeitformen<\/a> als viele andere Sprachen. Um Ihnen einen Vorgeschmack auf die Afrikaans-Verben zu geben, lassen Sie uns \u00fcber regelm\u00e4\u00dfige Verben im Pr\u00e4sens sprechen:<\/p>\n\n\n\n<p>&#8211; Ek leer (Ich lerne)<\/p>\n\n\n\n<p>&#8211; Jy\/u leer (Sie lernen, informell\/formell)<\/p>\n\n\n\n<p>&#8211; Hy\/sy\/dit leer (er\/sie\/es lernt)<\/p>\n\n\n\n<p>&#8211; Ons\/julle leer (wir\/ihr alle lernen)<\/p>\n\n\n\n<p>&#8211; Hulle leer (sie lernen)<\/p>\n\n\n\n<p>Denken Sie daran, dass dies nur die Spitze des Eisbergs ist! Im Laufe deines Studiums wirst du auf verschiedene andere Zeitformen und einige unregelm\u00e4\u00dfige Verben sto\u00dfen.<\/p>\n\n\n\n<h3 class=\"wp-block-heading\" id=\"h-4-pronouns-prepositions-and-more\">4. Pronomen, Pr\u00e4positionen und mehr!<\/h3>\n\n\n\n<p>Die Afrikaans-Grammatik umfasst andere Komponenten wie Pronomen (ek, jy, hy, sy usw.), Pr\u00e4positionen (in, op, met usw.) und idiomatische Ausdr\u00fccke. W\u00e4hrend Sie die Sprache lernen, m\u00fcssen Sie jedes dieser Elemente beherrschen, damit Sie die Sprache fl\u00fcssig sprechen k\u00f6nnen.<\/p>\n\n\n\n<p>Zusammenfassend l\u00e4sst sich sagen, dass die Beherrschung der Afrikaans-Grammatik Ausdauer, \u00dcbung und Geduld erfordert. Aber sobald Sie die Feinheiten der Sprache verstanden haben, sind Sie auf dem besten Weg, sich mit Muttersprachlern zu unterhalten, die reiche Kultur und Geschichte der afrikaanssprachigen Welt kennenzulernen und Ihre Liebe zur Sprache zu vertiefen. Sterkte (viel Gl\u00fcck)!<\/p>\n<\/div><\/div>\n\r\n<section class=\"learnNavigationSection\">\r\n            \r\n        <a href=\"https:\/\/talkpal.ai\/de\/afrikaans-lernen\/\">\r\n            <div class=\"learnNavigationWrapper\">\r\n                <div class=\"learnNavigationContent\">\r\n                    <img decoding=\"async\" src=\"https:\/\/talkpal.ai\/wp-content\/uploads\/2024\/08\/Afrikaans.jpg\" alt=\"South Africa Flag\">\r\n                    <div>\r\n                        <h4>\u00dcber Afrikaans Lernen<\/h4>\r\n                        <p>Erfahren Sie alles \u00fcber die Grammatik des Afrikaans.<\/p>\r\n                    <\/div>\r\n                <\/div>\r\n            <\/div>\r\n        <\/a>\r\n\r\n        \r\n        <a href=\"https:\/\/talkpal.ai\/de\/afrikaans-grammatikuebungen\/\">\r\n            <div class=\"learnNavigationWrapper\">\r\n                <div class=\"learnNavigationContent\">\r\n                    <img decoding=\"async\" src=\"https:\/\/talkpal.ai\/wp-content\/uploads\/2024\/08\/Afrikaans.jpg\" alt=\"South Africa Flag\">\r\n                    <div>\r\n                        <h4>Afrikaans Grammatik \u00dcbung<\/h4>\r\n                        <p>\u00dcbe die Afrikaans-Grammatik .<\/p>\r\n                    <\/div>\r\n                <\/div>\r\n            <\/div>\r\n        <\/a>\r\n\r\n        \r\n        <a href=\"https:\/\/talkpal.ai\/vocabulary_language\/afrikaans\/\">\r\n            <div class=\"learnNavigationWrapper\">\r\n                <div class=\"learnNavigationContent\">\r\n                    <img decoding=\"async\" src=\"https:\/\/talkpal.ai\/wp-content\/uploads\/2024\/08\/Afrikaans.jpg\" alt=\"South Africa Flag\">\r\n                    <div>\r\n                        <h4>Afrikaans Wortschatz<\/h4>\r\n                        <p>Erweitern Sie Ihren Afrikaans-Wortschatz.<\/p>\r\n                    <\/div>\r\n                <\/div>\r\n            <\/div>\r\n        <\/a>\r\n\r\n            <\/section>","protected":false},"excerpt":{"rendered":"<p>Afrikaans-Grammatik beherrschen: Ihr ultimativer Leitfaden Goeie dag, Sprachbegeisterte! Sind Sie bereit, sich auf eine Reise in die Welt der Afrikaans-Grammatik zu begeben? Dann sind Sie bei uns genau richtig. Gef\u00fcllt mit leicht verst\u00e4ndlichen Informationen und einem Konversationston f\u00fchrt Sie dieser Artikel durch das faszinierende Reich der Afrikaans-Grammatik. Schon bald werden Sie in der Lage sein, [&hellip;]<\/p>\n","protected":false},"author":1,"featured_media":28669,"parent":0,"menu_order":0,"comment_status":"closed","ping_status":"closed","template":"LearningContentPage.php","meta":{"_acf_changed":false,"footnotes":""},"class_list":["post-74225","page","type-page","status-publish","has-post-thumbnail","hentry"],"acf":[],"yoast_head":"<!-- This site is optimized with the Yoast SEO Premium plugin v27.2 (Yoast SEO v27.2) - https:\/\/yoast.com\/product\/yoast-seo-premium-wordpress\/ -->\n<title>Afrikaans-Grammatik - Talkpal<\/title>\n<meta name=\"description\" content=\"Entdecken Sie die Grammatik von Afrikaans mit unserem anf\u00e4ngerfreundlichen Leitfaden. Beherrschen Sie den Satzbau und verbessern Sie Ihre Konversationsf\u00e4higkeiten.\" \/>\n<meta name=\"robots\" content=\"index, follow, max-snippet:-1, max-image-preview:large, max-video-preview:-1\" \/>\n<link rel=\"canonical\" href=\"https:\/\/talkpal.ai\/de\/afrikaans-grammatik\/\" \/>\n<meta property=\"og:locale\" content=\"de_DE\" \/>\n<meta property=\"og:type\" content=\"article\" \/>\n<meta property=\"og:title\" content=\"Afrikaans-Grammatik\" \/>\n<meta property=\"og:description\" content=\"Afrikaans-Grammatik beherrschen: Ihr ultimativer Leitfaden Goeie dag, Sprachbegeisterte! Sind Sie bereit, sich auf eine Reise in die Welt der\" \/>\n<meta property=\"og:url\" content=\"https:\/\/talkpal.ai\/de\/afrikaans-grammatik\/\" \/>\n<meta property=\"og:site_name\" content=\"Talkpal\" \/>\n<meta property=\"article:publisher\" content=\"https:\/\/www.facebook.com\/profile.php?id=100090733639311\" \/>\n<meta property=\"article:modified_time\" content=\"2025-05-22T19:04:50+00:00\" \/>\n<meta property=\"og:image\" content=\"https:\/\/talkpal.ai\/wp-content\/uploads\/2023\/05\/south-africa.png\" \/>\n\t<meta property=\"og:image:width\" content=\"512\" \/>\n\t<meta property=\"og:image:height\" content=\"512\" \/>\n\t<meta property=\"og:image:type\" content=\"image\/png\" \/>\n<meta name=\"twitter:card\" content=\"summary_large_image\" \/>\n<meta name=\"twitter:site\" content=\"@talkpalai\" \/>\n<meta name=\"twitter:label1\" content=\"Gesch\u00e4tzte Lesezeit\" \/>\n\t<meta name=\"twitter:data1\" content=\"2\u00a0Minuten\" \/>\n<script type=\"application\/ld+json\" class=\"yoast-schema-graph\">{\"@context\":\"https:\/\/schema.org\",\"@graph\":[{\"@type\":\"WebPage\",\"@id\":\"https:\/\/talkpal.ai\/de\/afrikaans-grammatik\/\",\"url\":\"https:\/\/talkpal.ai\/de\/afrikaans-grammatik\/\",\"name\":\"Afrikaans-Grammatik - Talkpal\",\"isPartOf\":{\"@id\":\"https:\/\/talkpal.ai\/de\/#website\"},\"primaryImageOfPage\":{\"@id\":\"https:\/\/talkpal.ai\/de\/afrikaans-grammatik\/#primaryimage\"},\"image\":{\"@id\":\"https:\/\/talkpal.ai\/de\/afrikaans-grammatik\/#primaryimage\"},\"thumbnailUrl\":\"https:\/\/talkpal.ai\/wp-content\/uploads\/2023\/05\/south-africa.png\",\"datePublished\":\"2023-05-14T13:59:24+00:00\",\"dateModified\":\"2025-05-22T19:04:50+00:00\",\"description\":\"Entdecken Sie die Grammatik von Afrikaans mit unserem anf\u00e4ngerfreundlichen Leitfaden. Beherrschen Sie den Satzbau und verbessern Sie Ihre Konversationsf\u00e4higkeiten.\",\"breadcrumb\":{\"@id\":\"https:\/\/talkpal.ai\/de\/afrikaans-grammatik\/#breadcrumb\"},\"inLanguage\":\"de\",\"potentialAction\":[{\"@type\":\"ReadAction\",\"target\":[\"https:\/\/talkpal.ai\/de\/afrikaans-grammatik\/\"]}]},{\"@type\":\"ImageObject\",\"inLanguage\":\"de\",\"@id\":\"https:\/\/talkpal.ai\/de\/afrikaans-grammatik\/#primaryimage\",\"url\":\"https:\/\/talkpal.ai\/wp-content\/uploads\/2023\/05\/south-africa.png\",\"contentUrl\":\"https:\/\/talkpal.ai\/wp-content\/uploads\/2023\/05\/south-africa.png\",\"width\":512,\"height\":512},{\"@type\":\"BreadcrumbList\",\"@id\":\"https:\/\/talkpal.ai\/de\/afrikaans-grammatik\/#breadcrumb\",\"itemListElement\":[{\"@type\":\"ListItem\",\"position\":1,\"name\":\"Homepage\",\"item\":\"https:\/\/talkpal.ai\/de\/\"},{\"@type\":\"ListItem\",\"position\":2,\"name\":\"Afrikaans-Grammatik\"}]},{\"@type\":\"WebSite\",\"@id\":\"https:\/\/talkpal.ai\/de\/#website\",\"url\":\"https:\/\/talkpal.ai\/de\/\",\"name\":\"Talkpal\",\"description\":\"AI Language Learning\",\"publisher\":{\"@id\":\"https:\/\/talkpal.ai\/de\/#organization\"},\"alternateName\":\"Talkpal AI\",\"potentialAction\":[{\"@type\":\"SearchAction\",\"target\":{\"@type\":\"EntryPoint\",\"urlTemplate\":\"https:\/\/talkpal.ai\/de\/?s={search_term_string}\"},\"query-input\":{\"@type\":\"PropertyValueSpecification\",\"valueRequired\":true,\"valueName\":\"search_term_string\"}}],\"inLanguage\":\"de\"},{\"@type\":\"Organization\",\"@id\":\"https:\/\/talkpal.ai\/de\/#organization\",\"name\":\"Talkpal, Inc.\",\"alternateName\":\"Talkpal AI\",\"url\":\"https:\/\/talkpal.ai\/de\/\",\"logo\":{\"@type\":\"ImageObject\",\"inLanguage\":\"de\",\"@id\":\"https:\/\/talkpal.ai\/de\/#\/schema\/logo\/image\/\",\"url\":\"https:\/\/talkpal.ai\/wp-content\/uploads\/2024\/03\/Talkpal-Logo-Icon.png\",\"contentUrl\":\"https:\/\/talkpal.ai\/wp-content\/uploads\/2024\/03\/Talkpal-Logo-Icon.png\",\"width\":2880,\"height\":2880,\"caption\":\"Talkpal, Inc.\"},\"image\":{\"@id\":\"https:\/\/talkpal.ai\/de\/#\/schema\/logo\/image\/\"},\"sameAs\":[\"https:\/\/www.facebook.com\/profile.php?id=100090733639311\",\"https:\/\/x.com\/talkpalai\",\"https:\/\/www.linkedin.com\/company\/talkpal\/\",\"https:\/\/www.youtube.com\/@TalkPal\/\",\"https:\/\/www.tiktok.com\/@talkpal\",\"https:\/\/www.instagram.com\/talkpal_ai\/\",\"https:\/\/www.crunchbase.com\/organization\/talkpal-9cde\",\"https:\/\/www.g2.com\/products\/talkpal-for-business\/\",\"https:\/\/www.trustpilot.com\/review\/talkpal.ai\",\"https:\/\/www.capterra.com\/p\/10006800\/TalkPal\/\"],\"description\":\"Talkpal is a language learning web and mobile education app, powered by the latest AI technologies, that provides engaging experiences to its customers in many different languages to help them improve their language skills. Users can chat about unlimited amount of topics with the app and use other modes to practice their language learning.\",\"email\":\"support@talkpal.ai\",\"legalName\":\"Talkpal, Inc.\",\"foundingDate\":\"2023-04-03\",\"duns\":\"118989042\",\"numberOfEmployees\":{\"@type\":\"QuantitativeValue\",\"minValue\":\"11\",\"maxValue\":\"50\"},\"publishingPrinciples\":\"https:\/\/talkpal.ai\/publishing-principles\/\",\"actionableFeedbackPolicy\":\"https:\/\/talkpal.ai\/actionable-feedback-policy\/\",\"correctionsPolicy\":\"https:\/\/talkpal.ai\/corrections-policy\/\",\"ethicsPolicy\":\"https:\/\/talkpal.ai\/ethics-policy\/\",\"diversityPolicy\":\"https:\/\/talkpal.ai\/diversity-policy\/\",\"diversityStaffingReport\":\"https:\/\/talkpal.ai\/diversity-policy\/\"}]}<\/script>\n<!-- \/ Yoast SEO Premium plugin. -->","yoast_head_json":{"title":"Afrikaans-Grammatik - Talkpal","description":"Entdecken Sie die Grammatik von Afrikaans mit unserem anf\u00e4ngerfreundlichen Leitfaden. Beherrschen Sie den Satzbau und verbessern Sie Ihre Konversationsf\u00e4higkeiten.","robots":{"index":"index","follow":"follow","max-snippet":"max-snippet:-1","max-image-preview":"max-image-preview:large","max-video-preview":"max-video-preview:-1"},"canonical":"https:\/\/talkpal.ai\/de\/afrikaans-grammatik\/","og_locale":"de_DE","og_type":"article","og_title":"Afrikaans-Grammatik","og_description":"Afrikaans-Grammatik beherrschen: Ihr ultimativer Leitfaden Goeie dag, Sprachbegeisterte! Sind Sie bereit, sich auf eine Reise in die Welt der","og_url":"https:\/\/talkpal.ai\/de\/afrikaans-grammatik\/","og_site_name":"Talkpal","article_publisher":"https:\/\/www.facebook.com\/profile.php?id=100090733639311","article_modified_time":"2025-05-22T19:04:50+00:00","og_image":[{"width":512,"height":512,"url":"https:\/\/talkpal.ai\/wp-content\/uploads\/2023\/05\/south-africa.png","type":"image\/png"}],"twitter_card":"summary_large_image","twitter_site":"@talkpalai","twitter_misc":{"Gesch\u00e4tzte Lesezeit":"2\u00a0Minuten"},"schema":{"@context":"https:\/\/schema.org","@graph":[{"@type":"WebPage","@id":"https:\/\/talkpal.ai\/de\/afrikaans-grammatik\/","url":"https:\/\/talkpal.ai\/de\/afrikaans-grammatik\/","name":"Afrikaans-Grammatik - Talkpal","isPartOf":{"@id":"https:\/\/talkpal.ai\/de\/#website"},"primaryImageOfPage":{"@id":"https:\/\/talkpal.ai\/de\/afrikaans-grammatik\/#primaryimage"},"image":{"@id":"https:\/\/talkpal.ai\/de\/afrikaans-grammatik\/#primaryimage"},"thumbnailUrl":"https:\/\/talkpal.ai\/wp-content\/uploads\/2023\/05\/south-africa.png","datePublished":"2023-05-14T13:59:24+00:00","dateModified":"2025-05-22T19:04:50+00:00","description":"Entdecken Sie die Grammatik von Afrikaans mit unserem anf\u00e4ngerfreundlichen Leitfaden. Beherrschen Sie den Satzbau und verbessern Sie Ihre Konversationsf\u00e4higkeiten.","breadcrumb":{"@id":"https:\/\/talkpal.ai\/de\/afrikaans-grammatik\/#breadcrumb"},"inLanguage":"de","potentialAction":[{"@type":"ReadAction","target":["https:\/\/talkpal.ai\/de\/afrikaans-grammatik\/"]}]},{"@type":"ImageObject","inLanguage":"de","@id":"https:\/\/talkpal.ai\/de\/afrikaans-grammatik\/#primaryimage","url":"https:\/\/talkpal.ai\/wp-content\/uploads\/2023\/05\/south-africa.png","contentUrl":"https:\/\/talkpal.ai\/wp-content\/uploads\/2023\/05\/south-africa.png","width":512,"height":512},{"@type":"BreadcrumbList","@id":"https:\/\/talkpal.ai\/de\/afrikaans-grammatik\/#breadcrumb","itemListElement":[{"@type":"ListItem","position":1,"name":"Homepage","item":"https:\/\/talkpal.ai\/de\/"},{"@type":"ListItem","position":2,"name":"Afrikaans-Grammatik"}]},{"@type":"WebSite","@id":"https:\/\/talkpal.ai\/de\/#website","url":"https:\/\/talkpal.ai\/de\/","name":"Talkpal","description":"AI Language Learning","publisher":{"@id":"https:\/\/talkpal.ai\/de\/#organization"},"alternateName":"Talkpal AI","potentialAction":[{"@type":"SearchAction","target":{"@type":"EntryPoint","urlTemplate":"https:\/\/talkpal.ai\/de\/?s={search_term_string}"},"query-input":{"@type":"PropertyValueSpecification","valueRequired":true,"valueName":"search_term_string"}}],"inLanguage":"de"},{"@type":"Organization","@id":"https:\/\/talkpal.ai\/de\/#organization","name":"Talkpal, Inc.","alternateName":"Talkpal AI","url":"https:\/\/talkpal.ai\/de\/","logo":{"@type":"ImageObject","inLanguage":"de","@id":"https:\/\/talkpal.ai\/de\/#\/schema\/logo\/image\/","url":"https:\/\/talkpal.ai\/wp-content\/uploads\/2024\/03\/Talkpal-Logo-Icon.png","contentUrl":"https:\/\/talkpal.ai\/wp-content\/uploads\/2024\/03\/Talkpal-Logo-Icon.png","width":2880,"height":2880,"caption":"Talkpal, Inc."},"image":{"@id":"https:\/\/talkpal.ai\/de\/#\/schema\/logo\/image\/"},"sameAs":["https:\/\/www.facebook.com\/profile.php?id=100090733639311","https:\/\/x.com\/talkpalai","https:\/\/www.linkedin.com\/company\/talkpal\/","https:\/\/www.youtube.com\/@TalkPal\/","https:\/\/www.tiktok.com\/@talkpal","https:\/\/www.instagram.com\/talkpal_ai\/","https:\/\/www.crunchbase.com\/organization\/talkpal-9cde","https:\/\/www.g2.com\/products\/talkpal-for-business\/","https:\/\/www.trustpilot.com\/review\/talkpal.ai","https:\/\/www.capterra.com\/p\/10006800\/TalkPal\/"],"description":"Talkpal is a language learning web and mobile education app, powered by the latest AI technologies, that provides engaging experiences to its customers in many different languages to help them improve their language skills. Users can chat about unlimited amount of topics with the app and use other modes to practice their language learning.","email":"support@talkpal.ai","legalName":"Talkpal, Inc.","foundingDate":"2023-04-03","duns":"118989042","numberOfEmployees":{"@type":"QuantitativeValue","minValue":"11","maxValue":"50"},"publishingPrinciples":"https:\/\/talkpal.ai\/publishing-principles\/","actionableFeedbackPolicy":"https:\/\/talkpal.ai\/actionable-feedback-policy\/","correctionsPolicy":"https:\/\/talkpal.ai\/corrections-policy\/","ethicsPolicy":"https:\/\/talkpal.ai\/ethics-policy\/","diversityPolicy":"https:\/\/talkpal.ai\/diversity-policy\/","diversityStaffingReport":"https:\/\/talkpal.ai\/diversity-policy\/"}]}},"_links":{"self":[{"href":"https:\/\/talkpal.ai\/de\/wp-json\/wp\/v2\/pages\/74225","targetHints":{"allow":["GET"]}}],"collection":[{"href":"https:\/\/talkpal.ai\/de\/wp-json\/wp\/v2\/pages"}],"about":[{"href":"https:\/\/talkpal.ai\/de\/wp-json\/wp\/v2\/types\/page"}],"author":[{"embeddable":true,"href":"https:\/\/talkpal.ai\/de\/wp-json\/wp\/v2\/users\/1"}],"replies":[{"embeddable":true,"href":"https:\/\/talkpal.ai\/de\/wp-json\/wp\/v2\/comments?post=74225"}],"version-history":[{"count":0,"href":"https:\/\/talkpal.ai\/de\/wp-json\/wp\/v2\/pages\/74225\/revisions"}],"wp:featuredmedia":[{"embeddable":true,"href":"https:\/\/talkpal.ai\/de\/wp-json\/wp\/v2\/media\/28669"}],"wp:attachment":[{"href":"https:\/\/talkpal.ai\/de\/wp-json\/wp\/v2\/media?parent=74225"}],"curies":[{"name":"wp","href":"https:\/\/api.w.org\/{rel}","templated":true}]}}