{"id":74212,"date":"2023-05-14T14:00:56","date_gmt":"2023-05-14T14:00:56","guid":{"rendered":"http:\/\/talkpal.ai\/katalanische-grammatik\/"},"modified":"2025-05-22T18:36:18","modified_gmt":"2025-05-22T18:36:18","slug":"katalanische-grammatik","status":"publish","type":"page","link":"https:\/\/talkpal.ai\/de\/katalanische-grammatik\/","title":{"rendered":"Katalanische Grammatik"},"content":{"rendered":"\r\n\r\n\r\n<section class=\"languageChallengeSection\">\r\n    <div class=\"languageInfoWrapper\">\r\n        \r\n        <h1>Katalanische Grammatik<\/h1>\r\n        <p>Tauchen Sie ein in die Welt der katalanischen Grammatik und entdecken Sie die einzigartige Struktur dieser lebendigen romanischen Sprache. Die Beherrschung der Grundlagen wird Ihnen helfen, effektiver zu kommunizieren und sich mit der katalanischen Kultur auf einer tieferen Ebene zu verbinden. Fangen Sie noch heute an, die <a href=\"https:\/\/talkpal.ai\/de\/grammar\/einfache-prapositionen-in-der-katalanischen-grammatik\/\">katalanische Grammatik<\/a> zu lernen, und machen Sie den ersten Schritt in Richtung Sprachgewandtheit!\n\n<\/p>\r\n\r\n                            <a class=\"getStartedHidden\" href=\"https:\/\/app.talkpal.ai\/de\/signup?lng=\">Leg los<\/a>\r\n        \r\n    <\/div>\r\n\r\n    <figure>\r\n    <img decoding=\"async\" width=\"768\" height=\"768\" src=\"https:\/\/talkpal.ai\/wp-content\/uploads\/2023\/06\/catalan-768x768.png\" class=\"languageImage no-lazy\" alt=\"Default alt text\" fetchpriority=\"high\" sizes=\"(max-width: 768px) 150px, 768px\" srcset=\"https:\/\/talkpal.ai\/wp-content\/uploads\/2023\/06\/catalan-768x768.png 768w, https:\/\/talkpal.ai\/wp-content\/uploads\/2023\/06\/catalan-300x300.png 300w\" \/>\r\n    \r\n\r\n    <\/figure>\r\n\r\n            <a class=\"getStartedVisible\" href=\"https:\/\/app.talkpal.ai\/de\/signup?lng=\">Leg los<\/a>\r\n    \r\n<\/section>\r\n        <section class=\"grammarSection\">\r\n            <div class=\"grammarLinks\">\r\n                <a href=\"https:\/\/talkpal.ai\/de\/language\/adjektive-katalanische-grammatik\/\">Adjektive <\/a><a href=\"https:\/\/talkpal.ai\/de\/language\/adverbien-katalanische-grammatik\/\">Adverbien <\/a><a href=\"https:\/\/talkpal.ai\/de\/language\/artikel-katalanische-grammatik\/\">Artikel <\/a><a href=\"https:\/\/talkpal.ai\/de\/language\/konditionale-katalanische-grammatik\/\">Konditionale <\/a><a href=\"https:\/\/talkpal.ai\/de\/language\/perfekt-progressiv-katalanische-grammatik\/\">Perfekt Progressiv <\/a><a href=\"https:\/\/talkpal.ai\/de\/language\/praepositionen-katalanische-grammatik\/\">Pr\u00e4positionen <\/a><a href=\"https:\/\/talkpal.ai\/de\/language\/progressiv-katalanische-grammatik\/\">Progressiv <\/a><a href=\"https:\/\/talkpal.ai\/de\/language\/pronomen-determinanten-katalanische-grammatik\/\">Pronomen\/Determinanten <\/a><a href=\"https:\/\/talkpal.ai\/de\/language\/saetze-katalanische-grammatik\/\">S\u00e4tze <\/a><a href=\"https:\/\/talkpal.ai\/de\/language\/substantive-katalanische-grammatik\/\">Substantive <\/a><a href=\"https:\/\/talkpal.ai\/de\/language\/verben-katalanische-grammatik\/\">Verben <\/a><a href=\"https:\/\/talkpal.ai\/de\/language\/zeitformen-katalanische-grammatik\/\">Zeitformen <\/a><a href=\"https:\/\/talkpal.ai\/de\/language\/zeitvergleich-katalanische-grammatik\/\">Zeitvergleich <\/a>            <\/div>\r\n        <\/section>\r\n    <section class=\"promotionalBanner\">\r\n    <p class=\"promotionalText\">Der effizienteste Weg, eine Sprache zu lernen<\/p>\r\n    <a class=\"promotionalLink\" href=\"https:\/\/app.talkpal.ai\/de\/signup?lng=\">Talkpal kostenlos<\/a>\r\n<\/section>\n<div class=\"wp-block-group pageContainerStyle\"><div class=\"wp-block-group__inner-container is-layout-constrained wp-block-group-is-layout-constrained\">\n<h2 class=\"wp-block-heading\" id=\"h-catalan-grammar-a-quick-guide-for-language-enthusiasts\">Katalanische Grammatik: Eine Kurzanleitung f\u00fcr Sprachbegeisterte<\/h2>\n\n\n\n<p>Planen Sie, <a href=\"https:\/\/talkpal.ai\/learn-catalan\/\">Katalanisch<\/a> zu lernen oder sind Sie einfach nur neugierig auf diese sch\u00f6ne romanische Sprache? Suchen Sie nicht weiter! Wir nehmen Sie mit auf eine kurze Tour durch die <a href=\"https:\/\/talkpal.ai\/de\/grammar\/einfache-prapositionen-in-der-katalanischen-grammatik\/\">katalanische Grammatik<\/a> und machen Sie mit den Grundlagen vertraut. Lassen Sie uns in diese charmante Sprache eintauchen und erkunden, wie sie auf grammatikalischer Ebene funktioniert.<\/p>\n\n\n\n<p>Katalanisch, das von rund 10 Millionen Menschen vor allem in Katalonien, <a href=\"https:\/\/talkpal.ai\/locations\/language-courses-in-valencia\/\">Valencia<\/a> und auf den Balearen gesprochen wird, hat eine einzigartige Mischung aus Einfl\u00fcssen aus Latein, <a href=\"https:\/\/talkpal.ai\/learn-spanish\/\">Spanisch<\/a> und <a href=\"https:\/\/talkpal.ai\/learn-french\/\">Franz\u00f6sisch<\/a>. Genau wie du und ich bereichern sich Sprachen weiter, indem sie sich im Laufe der Zeit verschiedene Nuancen voneinander ausleihen. Wie aufregend!<\/p>\n\n\n\n<p><strong>Lassen Sie uns nun einige grundlegende Aspekte der katalanischen Grammatik lernen:<\/strong><\/p>\n\n\n\n<h3 class=\"wp-block-heading\" id=\"h-1-nouns-and-gender\">1. Substantive und Geschlecht:<\/h3>\n\n\n\n<p>Singen Sie mit mir &#8211; &#8218;Jedes Substantiv hat die Macht!&#8216; Genau wie in anderen romanischen Sprachen sind katalanische Substantive entweder m\u00e4nnlich oder weiblich, und dieses &#8218;Geschlecht&#8216; beeinflusst, wie sie mit Artikeln und Adjektiven verwendet werden. Aber keine Sorge! Meistens sind Substantive, die auf &#8218;-a&#8216; enden, weiblich, w\u00e4hrend solche, die auf &#8218;-o&#8216; (oder andere Konsonanten) enden, m\u00e4nnlich sind. Achten Sie jedoch auf Ausnahmen \u2013 sie lieben es, sich an Sie heranzuschleichen!<\/p>\n\n\n\n<h3 class=\"wp-block-heading\" id=\"h-2-articles\">2. Artikel:<\/h3>\n\n\n\n<p>Das Leben w\u00e4re langweilig ohne Artikel, nicht wahr? Im Katalanischen haben wir bestimmte Artikel, um auf bestimmte Dinge oder Personen hinzuweisen (wie \u201eder Hund\u201c oder \u201edas Buch\u201c) und <a href=\"https:\/\/talkpal.ai\/de\/grammar\/unbestimmte-artikel-in-der-malaiischen-grammatik\/\">unbestimmte Artikel<\/a> f\u00fcr allgemeine Hinweise (wie \u201eein Hund\u201c oder \u201eein Buch\u201c).  <\/p>\n\n\n\n<p>Die definiten Artikel im Katalanischen sind &#8222;el&#8220; f\u00fcr m\u00e4nnliche Substantive im Singular, &#8222;la&#8220; f\u00fcr weibliche Substantive im Singular, &#8222;els&#8220; f\u00fcr m\u00e4nnliche Substantive im Plural und &#8222;les&#8220; f\u00fcr weibliche Substantive im Plural. Unbestimmte Artikel hingegen sind &#8222;un&#8220; f\u00fcr m\u00e4nnliche Substantive im Singular und &#8222;una&#8220; f\u00fcr weibliche Substantive im Singular. In der Pluralform gibt es keine spezifischen unbestimmten Artikel. Kinderleicht, oder?<\/p>\n\n\n\n<h3 class=\"wp-block-heading\" id=\"h-3-adjectives\">3. Adjektive:<\/h3>\n\n\n\n<p>Adjektive verleihen deinen S\u00e4tzen W\u00fcrze, indem sie Substantive beschreiben, und im Katalanischen stimmen sie in Geschlecht und Zahl mit den Substantiven \u00fcberein, die sie modifizieren. In den meisten F\u00e4llen sind Adjektive, die auf &#8222;-o&#8220; enden, maskulin, und solche, die auf &#8222;-a&#8220; enden, feminin. Um den Plural zu bilden, \u00e4ndern Sie &#8222;-o&#8220; in &#8222;-os&#8220; (maskulin) und &#8222;-a&#8220; in &#8222;-es&#8220; (feminin). Denken Sie daran, dass einige Adjektive f\u00fcr beide Geschlechter eine eindeutige Form haben und sich nur der Pluralmarker \u00e4ndert. Klingt lustig, oder?<\/p>\n\n\n\n<h3 class=\"wp-block-heading\" id=\"h-4-verbs-and-conjugation\">4. Verben und Konjugation:<\/h3>\n\n\n\n<p>Das Herz jeder Sprache! Verben im Katalanischen werden anhand ihrer Infinitiv-Endungen in drei Gruppen eingeteilt: &#8222;-ar&#8220;, &#8222;-er&#8220; und &#8222;-ir&#8220;. Jede Gruppe hat ihr eigenes Konjugationsmuster f\u00fcr verschiedene Zeitformen, Stimmungen und Pronomen \u2013 genau wie beim Tanzen zu verschiedenen Rhythmen. Im Katalanischen gibt es auch Hilfsverben (wie &#8218;haben&#8216; und &#8217;sein&#8216;), die mit anderen Verben kombiniert werden, um zusammengesetzte Zeitformen und das Passiv zu bilden. Ziehen Sie also Ihre Tanzschuhe an und erkunden Sie die lebendige Welt der katalanischen Verben.<\/p>\n\n\n\n<h3 class=\"wp-block-heading\" id=\"h-5-word-order\">5. Wortstellung:<\/h3>\n\n\n\n<p>Bringen wir diese W\u00f6rter in die richtige Reihenfolge! Katalanisch folgt in der Regel einer Subjekt-Verb-Objekt-Wortstellung (SVO), genau wie Englisch. Flexibilit\u00e4t in der Wortstellung ist jedoch aus Gr\u00fcnden der Betonung oder aus stilistischen Gr\u00fcnden zul\u00e4ssig. Adjektive kommen normalerweise nach dem Substantiv, das sie beschreiben, aber du kannst sie auch vor dem Substantiv sehen, um ihre Bedeutung zu betonen. Denken Sie daran, \u00dcbung macht den Meister, wenn es darum geht, die Wortstellung auf Katalanisch zu meistern.<\/p>\n\n\n\n<h3 class=\"wp-block-heading\" id=\"h-6-pronouns-and-prepositions\">6. Pronomen und Pr\u00e4positionen:<\/h3>\n\n\n\n<p>Zu guter Letzt! Im Katalanischen gibt es Subjektpronomen (ich, du, er, sie usw.) und Objektpronomen (ich, du, ihn, sie usw.), die je nach ihrer Funktion innerhalb eines Satzes unterschiedliche Ver\u00e4nderungen erfahren k\u00f6nnen. Au\u00dferdem helfen Ihnen katalanische Pr\u00e4positionen (wie &#8222;a&#8220;, &#8222;de&#8220;, &#8222;en&#8220;, &#8222;amb&#8220;), W\u00f6rter und S\u00e4tze zu verbinden und Beziehungen zwischen ihnen aufzuzeigen.<\/p>\n\n\n\n<p>Puh! Jetzt haben Sie die Grundlagen der katalanischen Grammatik im Kopf. Erforschen Sie weiter, stellen Sie Fragen und \u00fcben Sie diese sch\u00f6ne Sprache. Denken Sie daran, dass das Erlernen einer neuen Sprache wie eine aufregende Reise ist. Sie werden Ihre H\u00f6hen und Tiefen haben, aber die Belohnungen sind die M\u00fche wert. Guten Appetit!<\/p>\n<\/div><\/div>\n\r\n<section class=\"learnNavigationSection\">\r\n            \r\n        <a href=\"https:\/\/talkpal.ai\/de\/katalanisch-lernen\/\">\r\n            <div class=\"learnNavigationWrapper\">\r\n                <div class=\"learnNavigationContent\">\r\n                    <img decoding=\"async\" src=\"https:\/\/talkpal.ai\/wp-content\/uploads\/2024\/08\/Catalan.jpg\" alt=\"Catalan Flag\">\r\n                    <div>\r\n                        <h4>\u00dcber Katalanisch Lernen<\/h4>\r\n                        <p>Erfahren Sie alles \u00fcber die katalanische Grammatik.<\/p>\r\n                    <\/div>\r\n                <\/div>\r\n            <\/div>\r\n        <\/a>\r\n\r\n        \r\n        <a href=\"https:\/\/talkpal.ai\/de\/grammatikuebungen-auf-katalanisch\/\">\r\n            <div class=\"learnNavigationWrapper\">\r\n                <div class=\"learnNavigationContent\">\r\n                    <img decoding=\"async\" src=\"https:\/\/talkpal.ai\/wp-content\/uploads\/2024\/08\/Catalan.jpg\" alt=\"Catalan Flag\">\r\n                    <div>\r\n                        <h4>\u00dcbung zur katalanischen Grammatik<\/h4>\r\n                        <p>\u00dcbe die katalanische Grammatik .<\/p>\r\n                    <\/div>\r\n                <\/div>\r\n            <\/div>\r\n        <\/a>\r\n\r\n        \r\n        <a href=\"https:\/\/talkpal.ai\/vocabulary_language\/catalan\/\">\r\n            <div class=\"learnNavigationWrapper\">\r\n                <div class=\"learnNavigationContent\">\r\n                    <img decoding=\"async\" src=\"https:\/\/talkpal.ai\/wp-content\/uploads\/2024\/08\/Catalan.jpg\" alt=\"Catalan Flag\">\r\n                    <div>\r\n                        <h4>Katalanisch Vokabeln<\/h4>\r\n                        <p>Erweitern Sie Ihren katalanischen Wortschatz.<\/p>\r\n                    <\/div>\r\n                <\/div>\r\n            <\/div>\r\n        <\/a>\r\n\r\n            <\/section>","protected":false},"excerpt":{"rendered":"<p>Katalanische Grammatik: Eine Kurzanleitung f\u00fcr Sprachbegeisterte Planen Sie, Katalanisch zu lernen oder sind Sie einfach nur neugierig auf diese sch\u00f6ne romanische Sprache? Suchen Sie nicht weiter! Wir nehmen Sie mit auf eine kurze Tour durch die katalanische Grammatik und machen Sie mit den Grundlagen vertraut. Lassen Sie uns in diese charmante Sprache eintauchen und erkunden, [&hellip;]<\/p>\n","protected":false},"author":1,"featured_media":56829,"parent":0,"menu_order":0,"comment_status":"closed","ping_status":"closed","template":"LearningContentPage.php","meta":{"_acf_changed":false,"footnotes":""},"class_list":["post-74212","page","type-page","status-publish","has-post-thumbnail","hentry"],"acf":[],"yoast_head":"<!-- This site is optimized with the Yoast SEO Premium plugin v27.2 (Yoast SEO v27.2) - https:\/\/yoast.com\/product\/yoast-seo-premium-wordpress\/ -->\n<title>Katalanische Grammatik - Talkpal<\/title>\n<meta name=\"description\" content=\"Entdecken Sie die Grundlagen der katalanischen Grammatik und beginnen Sie noch heute Ihre Reise in diese wundersch\u00f6ne romanische Sprache!\" \/>\n<meta name=\"robots\" content=\"index, follow, max-snippet:-1, max-image-preview:large, max-video-preview:-1\" \/>\n<link rel=\"canonical\" href=\"https:\/\/talkpal.ai\/de\/katalanische-grammatik\/\" \/>\n<meta property=\"og:locale\" content=\"de_DE\" \/>\n<meta property=\"og:type\" content=\"article\" \/>\n<meta property=\"og:title\" content=\"Katalanische Grammatik\" \/>\n<meta property=\"og:description\" content=\"Katalanische Grammatik: Eine Kurzanleitung f\u00fcr Sprachbegeisterte Planen Sie, Katalanisch zu lernen oder sind Sie einfach nur neugierig auf diese sch\u00f6ne\" \/>\n<meta property=\"og:url\" content=\"https:\/\/talkpal.ai\/de\/katalanische-grammatik\/\" \/>\n<meta property=\"og:site_name\" content=\"Talkpal\" \/>\n<meta property=\"article:publisher\" content=\"https:\/\/www.facebook.com\/profile.php?id=100090733639311\" \/>\n<meta property=\"article:modified_time\" content=\"2025-05-22T18:36:18+00:00\" \/>\n<meta property=\"og:image\" content=\"https:\/\/talkpal.ai\/wp-content\/uploads\/2023\/08\/Catalan.png\" \/>\n\t<meta property=\"og:image:width\" content=\"479\" \/>\n\t<meta property=\"og:image:height\" content=\"479\" \/>\n\t<meta property=\"og:image:type\" content=\"image\/png\" \/>\n<meta name=\"twitter:card\" content=\"summary_large_image\" \/>\n<meta name=\"twitter:site\" content=\"@talkpalai\" \/>\n<meta name=\"twitter:label1\" content=\"Gesch\u00e4tzte Lesezeit\" \/>\n\t<meta name=\"twitter:data1\" content=\"3\u00a0Minuten\" \/>\n<script type=\"application\/ld+json\" class=\"yoast-schema-graph\">{\"@context\":\"https:\/\/schema.org\",\"@graph\":[{\"@type\":\"WebPage\",\"@id\":\"https:\/\/talkpal.ai\/de\/katalanische-grammatik\/\",\"url\":\"https:\/\/talkpal.ai\/de\/katalanische-grammatik\/\",\"name\":\"Katalanische Grammatik - Talkpal\",\"isPartOf\":{\"@id\":\"https:\/\/talkpal.ai\/de\/#website\"},\"primaryImageOfPage\":{\"@id\":\"https:\/\/talkpal.ai\/de\/katalanische-grammatik\/#primaryimage\"},\"image\":{\"@id\":\"https:\/\/talkpal.ai\/de\/katalanische-grammatik\/#primaryimage\"},\"thumbnailUrl\":\"https:\/\/talkpal.ai\/wp-content\/uploads\/2023\/08\/Catalan.png\",\"datePublished\":\"2023-05-14T14:00:56+00:00\",\"dateModified\":\"2025-05-22T18:36:18+00:00\",\"description\":\"Entdecken Sie die Grundlagen der katalanischen Grammatik und beginnen Sie noch heute Ihre Reise in diese wundersch\u00f6ne romanische Sprache!\",\"breadcrumb\":{\"@id\":\"https:\/\/talkpal.ai\/de\/katalanische-grammatik\/#breadcrumb\"},\"inLanguage\":\"de\",\"potentialAction\":[{\"@type\":\"ReadAction\",\"target\":[\"https:\/\/talkpal.ai\/de\/katalanische-grammatik\/\"]}]},{\"@type\":\"ImageObject\",\"inLanguage\":\"de\",\"@id\":\"https:\/\/talkpal.ai\/de\/katalanische-grammatik\/#primaryimage\",\"url\":\"https:\/\/talkpal.ai\/wp-content\/uploads\/2023\/08\/Catalan.png\",\"contentUrl\":\"https:\/\/talkpal.ai\/wp-content\/uploads\/2023\/08\/Catalan.png\",\"width\":479,\"height\":479},{\"@type\":\"BreadcrumbList\",\"@id\":\"https:\/\/talkpal.ai\/de\/katalanische-grammatik\/#breadcrumb\",\"itemListElement\":[{\"@type\":\"ListItem\",\"position\":1,\"name\":\"Homepage\",\"item\":\"https:\/\/talkpal.ai\/de\/\"},{\"@type\":\"ListItem\",\"position\":2,\"name\":\"Katalanische Grammatik\"}]},{\"@type\":\"WebSite\",\"@id\":\"https:\/\/talkpal.ai\/de\/#website\",\"url\":\"https:\/\/talkpal.ai\/de\/\",\"name\":\"Talkpal\",\"description\":\"AI Language Learning\",\"publisher\":{\"@id\":\"https:\/\/talkpal.ai\/de\/#organization\"},\"alternateName\":\"Talkpal AI\",\"potentialAction\":[{\"@type\":\"SearchAction\",\"target\":{\"@type\":\"EntryPoint\",\"urlTemplate\":\"https:\/\/talkpal.ai\/de\/?s={search_term_string}\"},\"query-input\":{\"@type\":\"PropertyValueSpecification\",\"valueRequired\":true,\"valueName\":\"search_term_string\"}}],\"inLanguage\":\"de\"},{\"@type\":\"Organization\",\"@id\":\"https:\/\/talkpal.ai\/de\/#organization\",\"name\":\"Talkpal, Inc.\",\"alternateName\":\"Talkpal AI\",\"url\":\"https:\/\/talkpal.ai\/de\/\",\"logo\":{\"@type\":\"ImageObject\",\"inLanguage\":\"de\",\"@id\":\"https:\/\/talkpal.ai\/de\/#\/schema\/logo\/image\/\",\"url\":\"https:\/\/talkpal.ai\/wp-content\/uploads\/2024\/03\/Talkpal-Logo-Icon.png\",\"contentUrl\":\"https:\/\/talkpal.ai\/wp-content\/uploads\/2024\/03\/Talkpal-Logo-Icon.png\",\"width\":2880,\"height\":2880,\"caption\":\"Talkpal, Inc.\"},\"image\":{\"@id\":\"https:\/\/talkpal.ai\/de\/#\/schema\/logo\/image\/\"},\"sameAs\":[\"https:\/\/www.facebook.com\/profile.php?id=100090733639311\",\"https:\/\/x.com\/talkpalai\",\"https:\/\/www.linkedin.com\/company\/talkpal\/\",\"https:\/\/www.youtube.com\/@TalkPal\/\",\"https:\/\/www.tiktok.com\/@talkpal\",\"https:\/\/www.instagram.com\/talkpal_ai\/\",\"https:\/\/www.crunchbase.com\/organization\/talkpal-9cde\",\"https:\/\/www.g2.com\/products\/talkpal-for-business\/\",\"https:\/\/www.trustpilot.com\/review\/talkpal.ai\",\"https:\/\/www.capterra.com\/p\/10006800\/TalkPal\/\"],\"description\":\"Talkpal is a language learning web and mobile education app, powered by the latest AI technologies, that provides engaging experiences to its customers in many different languages to help them improve their language skills. Users can chat about unlimited amount of topics with the app and use other modes to practice their language learning.\",\"email\":\"support@talkpal.ai\",\"legalName\":\"Talkpal, Inc.\",\"foundingDate\":\"2023-04-03\",\"duns\":\"118989042\",\"numberOfEmployees\":{\"@type\":\"QuantitativeValue\",\"minValue\":\"11\",\"maxValue\":\"50\"},\"publishingPrinciples\":\"https:\/\/talkpal.ai\/publishing-principles\/\",\"actionableFeedbackPolicy\":\"https:\/\/talkpal.ai\/actionable-feedback-policy\/\",\"correctionsPolicy\":\"https:\/\/talkpal.ai\/corrections-policy\/\",\"ethicsPolicy\":\"https:\/\/talkpal.ai\/ethics-policy\/\",\"diversityPolicy\":\"https:\/\/talkpal.ai\/diversity-policy\/\",\"diversityStaffingReport\":\"https:\/\/talkpal.ai\/diversity-policy\/\"}]}<\/script>\n<!-- \/ Yoast SEO Premium plugin. -->","yoast_head_json":{"title":"Katalanische Grammatik - Talkpal","description":"Entdecken Sie die Grundlagen der katalanischen Grammatik und beginnen Sie noch heute Ihre Reise in diese wundersch\u00f6ne romanische Sprache!","robots":{"index":"index","follow":"follow","max-snippet":"max-snippet:-1","max-image-preview":"max-image-preview:large","max-video-preview":"max-video-preview:-1"},"canonical":"https:\/\/talkpal.ai\/de\/katalanische-grammatik\/","og_locale":"de_DE","og_type":"article","og_title":"Katalanische Grammatik","og_description":"Katalanische Grammatik: Eine Kurzanleitung f\u00fcr Sprachbegeisterte Planen Sie, Katalanisch zu lernen oder sind Sie einfach nur neugierig auf diese sch\u00f6ne","og_url":"https:\/\/talkpal.ai\/de\/katalanische-grammatik\/","og_site_name":"Talkpal","article_publisher":"https:\/\/www.facebook.com\/profile.php?id=100090733639311","article_modified_time":"2025-05-22T18:36:18+00:00","og_image":[{"width":479,"height":479,"url":"https:\/\/talkpal.ai\/wp-content\/uploads\/2023\/08\/Catalan.png","type":"image\/png"}],"twitter_card":"summary_large_image","twitter_site":"@talkpalai","twitter_misc":{"Gesch\u00e4tzte Lesezeit":"3\u00a0Minuten"},"schema":{"@context":"https:\/\/schema.org","@graph":[{"@type":"WebPage","@id":"https:\/\/talkpal.ai\/de\/katalanische-grammatik\/","url":"https:\/\/talkpal.ai\/de\/katalanische-grammatik\/","name":"Katalanische Grammatik - Talkpal","isPartOf":{"@id":"https:\/\/talkpal.ai\/de\/#website"},"primaryImageOfPage":{"@id":"https:\/\/talkpal.ai\/de\/katalanische-grammatik\/#primaryimage"},"image":{"@id":"https:\/\/talkpal.ai\/de\/katalanische-grammatik\/#primaryimage"},"thumbnailUrl":"https:\/\/talkpal.ai\/wp-content\/uploads\/2023\/08\/Catalan.png","datePublished":"2023-05-14T14:00:56+00:00","dateModified":"2025-05-22T18:36:18+00:00","description":"Entdecken Sie die Grundlagen der katalanischen Grammatik und beginnen Sie noch heute Ihre Reise in diese wundersch\u00f6ne romanische Sprache!","breadcrumb":{"@id":"https:\/\/talkpal.ai\/de\/katalanische-grammatik\/#breadcrumb"},"inLanguage":"de","potentialAction":[{"@type":"ReadAction","target":["https:\/\/talkpal.ai\/de\/katalanische-grammatik\/"]}]},{"@type":"ImageObject","inLanguage":"de","@id":"https:\/\/talkpal.ai\/de\/katalanische-grammatik\/#primaryimage","url":"https:\/\/talkpal.ai\/wp-content\/uploads\/2023\/08\/Catalan.png","contentUrl":"https:\/\/talkpal.ai\/wp-content\/uploads\/2023\/08\/Catalan.png","width":479,"height":479},{"@type":"BreadcrumbList","@id":"https:\/\/talkpal.ai\/de\/katalanische-grammatik\/#breadcrumb","itemListElement":[{"@type":"ListItem","position":1,"name":"Homepage","item":"https:\/\/talkpal.ai\/de\/"},{"@type":"ListItem","position":2,"name":"Katalanische Grammatik"}]},{"@type":"WebSite","@id":"https:\/\/talkpal.ai\/de\/#website","url":"https:\/\/talkpal.ai\/de\/","name":"Talkpal","description":"AI Language Learning","publisher":{"@id":"https:\/\/talkpal.ai\/de\/#organization"},"alternateName":"Talkpal AI","potentialAction":[{"@type":"SearchAction","target":{"@type":"EntryPoint","urlTemplate":"https:\/\/talkpal.ai\/de\/?s={search_term_string}"},"query-input":{"@type":"PropertyValueSpecification","valueRequired":true,"valueName":"search_term_string"}}],"inLanguage":"de"},{"@type":"Organization","@id":"https:\/\/talkpal.ai\/de\/#organization","name":"Talkpal, Inc.","alternateName":"Talkpal AI","url":"https:\/\/talkpal.ai\/de\/","logo":{"@type":"ImageObject","inLanguage":"de","@id":"https:\/\/talkpal.ai\/de\/#\/schema\/logo\/image\/","url":"https:\/\/talkpal.ai\/wp-content\/uploads\/2024\/03\/Talkpal-Logo-Icon.png","contentUrl":"https:\/\/talkpal.ai\/wp-content\/uploads\/2024\/03\/Talkpal-Logo-Icon.png","width":2880,"height":2880,"caption":"Talkpal, Inc."},"image":{"@id":"https:\/\/talkpal.ai\/de\/#\/schema\/logo\/image\/"},"sameAs":["https:\/\/www.facebook.com\/profile.php?id=100090733639311","https:\/\/x.com\/talkpalai","https:\/\/www.linkedin.com\/company\/talkpal\/","https:\/\/www.youtube.com\/@TalkPal\/","https:\/\/www.tiktok.com\/@talkpal","https:\/\/www.instagram.com\/talkpal_ai\/","https:\/\/www.crunchbase.com\/organization\/talkpal-9cde","https:\/\/www.g2.com\/products\/talkpal-for-business\/","https:\/\/www.trustpilot.com\/review\/talkpal.ai","https:\/\/www.capterra.com\/p\/10006800\/TalkPal\/"],"description":"Talkpal is a language learning web and mobile education app, powered by the latest AI technologies, that provides engaging experiences to its customers in many different languages to help them improve their language skills. Users can chat about unlimited amount of topics with the app and use other modes to practice their language learning.","email":"support@talkpal.ai","legalName":"Talkpal, Inc.","foundingDate":"2023-04-03","duns":"118989042","numberOfEmployees":{"@type":"QuantitativeValue","minValue":"11","maxValue":"50"},"publishingPrinciples":"https:\/\/talkpal.ai\/publishing-principles\/","actionableFeedbackPolicy":"https:\/\/talkpal.ai\/actionable-feedback-policy\/","correctionsPolicy":"https:\/\/talkpal.ai\/corrections-policy\/","ethicsPolicy":"https:\/\/talkpal.ai\/ethics-policy\/","diversityPolicy":"https:\/\/talkpal.ai\/diversity-policy\/","diversityStaffingReport":"https:\/\/talkpal.ai\/diversity-policy\/"}]}},"_links":{"self":[{"href":"https:\/\/talkpal.ai\/de\/wp-json\/wp\/v2\/pages\/74212","targetHints":{"allow":["GET"]}}],"collection":[{"href":"https:\/\/talkpal.ai\/de\/wp-json\/wp\/v2\/pages"}],"about":[{"href":"https:\/\/talkpal.ai\/de\/wp-json\/wp\/v2\/types\/page"}],"author":[{"embeddable":true,"href":"https:\/\/talkpal.ai\/de\/wp-json\/wp\/v2\/users\/1"}],"replies":[{"embeddable":true,"href":"https:\/\/talkpal.ai\/de\/wp-json\/wp\/v2\/comments?post=74212"}],"version-history":[{"count":0,"href":"https:\/\/talkpal.ai\/de\/wp-json\/wp\/v2\/pages\/74212\/revisions"}],"wp:featuredmedia":[{"embeddable":true,"href":"https:\/\/talkpal.ai\/de\/wp-json\/wp\/v2\/media\/56829"}],"wp:attachment":[{"href":"https:\/\/talkpal.ai\/de\/wp-json\/wp\/v2\/media?parent=74212"}],"curies":[{"name":"wp","href":"https:\/\/api.w.org\/{rel}","templated":true}]}}