{"id":74210,"date":"2023-05-14T13:53:48","date_gmt":"2023-05-14T13:53:48","guid":{"rendered":"http:\/\/talkpal.ai\/aserbaidschanische-grammatik\/"},"modified":"2025-05-22T08:24:39","modified_gmt":"2025-05-22T08:24:39","slug":"aserbaidschanische-grammatik","status":"publish","type":"page","link":"https:\/\/talkpal.ai\/de\/aserbaidschanische-grammatik\/","title":{"rendered":"Aserbaidschanische Grammatik"},"content":{"rendered":"\r\n\r\n\r\n<section class=\"languageChallengeSection\">\r\n    <div class=\"languageInfoWrapper\">\r\n        \r\n        <h1>Aserbaidschanische Grammatik<\/h1>\r\n        <p>Sind Sie bereit, die Sch\u00f6nheit der aserbaidschanischen Sprache zu entdecken? Tauchen Sie ein in die aserbaidschanische <a href=\"https:\/\/talkpal.ai\/fr\/les\/\">Grammatik<\/a> und entdecken Sie ihre einzigartige Struktur, von der Vokalharmonie bis zu ausdrucksstarken Verbformen. Beginnen Sie noch heute mit dem Lernen und erleben Sie, wie die Beherrschung der Grammatik Ihnen den Weg zu einer flie\u00dfenden Konversation und einem tieferen Verst\u00e4ndnis der aserbaidschanischen Kultur ebnet!<\/p>\r\n\r\n                            <a class=\"getStartedHidden\" href=\"https:\/\/app.talkpal.ai\/de\/signup?lng=\">Leg los<\/a>\r\n        \r\n    <\/div>\r\n\r\n    <figure>\r\n    <img decoding=\"async\" width=\"768\" height=\"768\" src=\"https:\/\/talkpal.ai\/wp-content\/uploads\/2023\/06\/azerbaijani-768x768.png\" class=\"languageImage no-lazy\" alt=\"Default alt text\" fetchpriority=\"high\" sizes=\"(max-width: 768px) 150px, 768px\" srcset=\"https:\/\/talkpal.ai\/wp-content\/uploads\/2023\/06\/azerbaijani-768x768.png 768w, https:\/\/talkpal.ai\/wp-content\/uploads\/2023\/06\/azerbaijani-300x300.png 300w\" \/>\r\n    \r\n\r\n    <\/figure>\r\n\r\n            <a class=\"getStartedVisible\" href=\"https:\/\/app.talkpal.ai\/de\/signup?lng=\">Leg los<\/a>\r\n    \r\n<\/section>\r\n        <section class=\"grammarSection\">\r\n            <div class=\"grammarLinks\">\r\n                <a href=\"https:\/\/talkpal.ai\/de\/language\/adjektive-aserbaidschanische-grammatik\/\">Adjektive <\/a><a href=\"https:\/\/talkpal.ai\/de\/language\/adverbien-aserbaidschanische-grammatik\/\">Adverbien <\/a><a href=\"https:\/\/talkpal.ai\/de\/language\/artikel-aserbaidschanische-grammatik\/\">Artikel <\/a><a href=\"https:\/\/talkpal.ai\/de\/language\/konditionale-aserbaidschanische-grammatik\/\">Konditionale <\/a><a href=\"https:\/\/talkpal.ai\/de\/language\/perfekt-progressiv-aserbaidschanische-grammatik\/\">Perfekt Progressiv <\/a><a href=\"https:\/\/talkpal.ai\/de\/language\/praepositionen-aserbaidschanische-grammatik\/\">Pr\u00e4positionen <\/a><a href=\"https:\/\/talkpal.ai\/de\/language\/progressiv-aserbaidschanische-grammatik\/\">Progressiv <\/a><a href=\"https:\/\/talkpal.ai\/de\/language\/pronomen-determinanten-aserbaidschanische-grammatik\/\">Pronomen\/Determinanten <\/a><a href=\"https:\/\/talkpal.ai\/de\/language\/saetze-aserbaidschanische-grammatik\/\">S\u00e4tze <\/a><a href=\"https:\/\/talkpal.ai\/de\/language\/substantive-aserbaidschanische-grammatik\/\">Substantive <\/a><a href=\"https:\/\/talkpal.ai\/de\/language\/verben-aserbaidschanische-grammatik\/\">Verben <\/a><a href=\"https:\/\/talkpal.ai\/de\/language\/zeitformen-aserbaidschanische-grammatik\/\">Zeitformen <\/a><a href=\"https:\/\/talkpal.ai\/de\/language\/zeitvergleich-aserbaidschanische-grammatik\/\">Zeitvergleich <\/a>            <\/div>\r\n        <\/section>\r\n    <section class=\"promotionalBanner\">\r\n    <p class=\"promotionalText\">Der effizienteste Weg, eine Sprache zu lernen<\/p>\r\n    <a class=\"promotionalLink\" href=\"https:\/\/app.talkpal.ai\/de\/signup?lng=\">Talkpal kostenlos<\/a>\r\n<\/section>\n<div class=\"wp-block-group pageContainerStyle\"><div class=\"wp-block-group__inner-container is-layout-constrained wp-block-group-is-layout-constrained\">\n<h2 class=\"wp-block-heading\" id=\"h-a-comprehensive-guide-to-azerbaijani-grammar\">Ein umfassender Leitfaden zur aserbaidschanischen Grammatik<\/h2>\n\n\n\n<p>Haben Sie schon einmal dar\u00fcber nachgedacht, <a href=\"https:\/\/talkpal.ai\/learn-azerbaijani\/\">Aserbaidschanisch<\/a> zu lernen? Als Amtssprache Aserbaidschans, die von Millionen von Menschen in der Kaukasusregion gesprochen wird, ist Aserbaidschanisch eine einzigartige und faszinierende Sprache. Mit einer reichen Geschichte, einer vielf\u00e4ltigen Kultur und einer Mischung aus Einfl\u00fcssen aus der t\u00fcrkischen, russischen und persischen Sprache bietet Aserbaidschanisch ein einzigartiges Spracherlebnis. Aber f\u00fcrchte dich nicht, mein Freund! In diesem Artikel werden wir die Wunder der aserbaidschanischen Grammatik aufdecken und sie f\u00fcr <a href=\"https:\/\/talkpal.ai\/talkpal-discount-for-language-enthusiasts\/\">Sprachbegeisterte<\/a> wie Sie zug\u00e4nglich und angenehm machen.<\/p>\n\n\n\n<p><strong>Fangen wir an, ja?<\/strong><\/p>\n\n\n\n<h3 class=\"wp-block-heading\" id=\"h-1-the-azerbaijani-alphabet-a-fusion-of-beauty-and-simplicity\">1. Das aserbaidschanische Alphabet: Eine Verschmelzung von Sch\u00f6nheit und Einfachheit<\/h3>\n\n\n\n<p>Das aserbaidschanische Alphabet basiert auf der lateinischen Schrift, die aus 32 Buchstaben besteht. Keine Sorge, Sie werden keine kryptischen Zeichen entziffern m\u00fcssen, da es dem englischen Alphabet sehr \u00e4hnlich ist. Einige Buchstaben besitzen jedoch einzigartige Akzente und diakritische Zeichen, um bestimmte aserbaidschanische Laute darzustellen. Was ist die wichtigste Erkenntnis? Die Beherrschung des Alphabets ist der erste kleine, aber wesentliche Schritt beim Erlernen der Sprache.<\/p>\n\n\n\n<h3 class=\"wp-block-heading\" id=\"h-2-word-order-simple-as-s-o-v\">2. Wortstellung: Einfach wie S-O-V!<\/h3>\n\n\n\n<p>Im Gegensatz zum Englischen, das einer Subjekt-Verb-Objekt-Wortstellung (SVO) folgt, ist Aserbaidschanisch eine SOV-Sprache. Das bedeutet, dass du das Subjekt normalerweise am Anfang eines Satzes findest, gefolgt vom Objekt und endend mit dem Verb. Das mag Ihnen anfangs etwas seltsam vorkommen, aber glauben Sie mir, Sie werden den Dreh schon bald raus haben! Im Englischen sagen wir zum Beispiel &#8222;I love Azerbaijan&#8220;. Auf Aserbaidschanisch w\u00fcrde der Satz &#8222;M\u0259n Az\u0259rbaycan\u0131 sevir\u0259m&#8220; (w\u00f6rtlich: &#8222;Ich liebe Aserbaidschan&#8220;) lauten. Ein Kinderspiel, oder?<\/p>\n\n\n\n<h3 class=\"wp-block-heading\" id=\"h-3-noun-cases-a-colorful-display-of-linguistic-variety\">3. Substantiv-F\u00e4lle: Eine bunte Darstellung der sprachlichen Vielfalt<\/h3>\n\n\n\n<p>Eines der auff\u00e4lligsten Merkmale der aserbaidschanischen Grammatik sind die Substantivf\u00e4lle. Die Sprache verf\u00fcgt \u00fcber sechs verschiedene F\u00e4lle, die jeweils eine bestimmte Funktion erf\u00fcllen. Diese sind: Nominativ, Genitiv, Dativ, Akkusativ, Lokativ und Ablativ. Nun, das mag einsch\u00fcchternd klingen, aber keine Angst! Genau wie das Malen eines Bildes mit verschiedenen Farben verleihen diese F\u00e4lle Ihren S\u00e4tzen Tiefe und Bedeutung. Zum Beispiel kann sich &#8222;kitab&#8220; (Buch) in &#8222;kitab\u0131n&#8220; (des Buches) verwandeln, um Besitz zu vermitteln. Wenn Sie sich nach und nach mit diesen F\u00e4llen vertraut machen, werden Sie deren Bedeutung in der Sprache zu sch\u00e4tzen wissen.<\/p>\n\n\n\n<h3 class=\"wp-block-heading\" id=\"h-4-verb-conjugation-express-yourself-with-ease\">4. Verbkonjugation: Dr\u00fccke dich mit Leichtigkeit aus<\/h3>\n\n\n\n<p>Aserbaidschanische Verben sind reichhaltig und ausdrucksstark und erm\u00f6glichen es Ihnen, eine breite Palette von Handlungen, Emotionen, Absichten und mehr zu vermitteln. Der Schl\u00fcssel zur Beherrschung der aserbaidschanischen Verbkonjugation liegt im Verst\u00e4ndnis der Infinitivform (der grundlegenden, unkonjugierten Form des Verbs) und verschiedener Suffixe, die Zeitform, Person und Zahl angeben. Zum Beispiel kann der Infinitiv &#8222;g\u00f6rm\u0259k&#8220; (sehen) durch die Magie der Konjugation zu &#8222;g\u00f6r\u00fcr\u0259m&#8220; (ich sehe) oder &#8222;g\u00f6rd\u00fcm&#8220; (ich sah) werden. \u00dcbung macht den Meister, also bleiben Sie dran und Sie werden im Handumdrehen ein Konjugationsgenie sein!<\/p>\n\n\n\n<h3 class=\"wp-block-heading\" id=\"h-5-it-s-all-about-the-context-dig-deep-into-the-azerbaijani-mindset\">5. Es kommt auf den Kontext an: Tauchen Sie tief in die aserbaidschanische Mentalit\u00e4t ein!<\/h3>\n\n\n\n<p>Wenn du anf\u00e4ngst, S\u00e4tze zusammenzusetzen und in die <a href=\"https:\/\/talkpal.ai\/de\/in-welchen-landern-wird-die-aserbaidschanische-sprache-am-besten-gesprochen\/\">aserbaidschanische Sprache<\/a> einzutauchen, denke immer daran, dass der Kontext entscheidend ist. Die aserbaidschanische Kultur, Geschichte und Weltanschauung spielen eine gro\u00dfe Rolle bei der Gestaltung der Sprache. Wie hei\u00dft es so sch\u00f6n: &#8222;Wenn Sie in Rom sind, tun Sie, was die R\u00f6mer tun&#8220;. Tauchen Sie ein in die aserbaidschanische Denkweise, um ein echtes Gef\u00fchl f\u00fcr die Sprache zu bekommen. Tauschen Sie sich mit Muttersprachlern aus, erkunden Sie die lokale Literatur und machen Sie sich die Eigenheiten der Sprache zu eigen. Glauben Sie mir, Sie werden <a href=\"https:\/\/talkpal.ai\/culture\/how-do-i-use-the-word-nicht-nur-sondern-auch\/\">nicht nur<\/a> Ihre <a href=\"https:\/\/talkpal.ai\/de\/sprachkenntnisse-durch-stipendien-und-austauschprogramme-verbessern\/\">Sprachkenntnisse verbessern<\/a>, sondern auch unvergessliche Erfahrungen und Erinnerungen sammeln.<\/p>\n\n\n\n<p>Zusammenfassend l\u00e4sst sich sagen, dass die <a href=\"https:\/\/talkpal.ai\/de\/grammar\/wish-if-only-in-der-aserbaidschanischen-grammatik\/\">aserbaidschanische Grammatik<\/a> anfangs eine Herausforderung zu sein scheint, aber mit Hingabe, \u00dcbung und einem gro\u00dfen Interesse an der Kultur werden Sie im Handumdrehen ein Profi sein! Warum also warten? Wagen Sie den Sprung und begeben Sie sich auf dieses aufregende sprachliche Abenteuer, das Sie von der Sch\u00f6nheit und Tiefe der aserbaidschanischen Sprache in Staunen versetzen wird.<\/p>\n<\/div><\/div>\n\r\n<section class=\"learnNavigationSection\">\r\n            \r\n        <a href=\"https:\/\/talkpal.ai\/de\/aserbaidschanisch-lernen\/\">\r\n            <div class=\"learnNavigationWrapper\">\r\n                <div class=\"learnNavigationContent\">\r\n                    <img decoding=\"async\" src=\"https:\/\/talkpal.ai\/wp-content\/uploads\/2024\/08\/Azerbaijani.jpg\" alt=\"Azerbaijani Flag\">\r\n                    <div>\r\n                        <h4>\u00dcber Aserbaidschanisch lernen<\/h4>\r\n                        <p>Erfahren Sie alles \u00fcber die aserbaidschanische Grammatik.<\/p>\r\n                    <\/div>\r\n                <\/div>\r\n            <\/div>\r\n        <\/a>\r\n\r\n        \r\n        <a href=\"https:\/\/talkpal.ai\/de\/aserbaidschanische-grammatikuebungen\/\">\r\n            <div class=\"learnNavigationWrapper\">\r\n                <div class=\"learnNavigationContent\">\r\n                    <img decoding=\"async\" src=\"https:\/\/talkpal.ai\/wp-content\/uploads\/2024\/08\/Azerbaijani.jpg\" alt=\"Azerbaijani Flag\">\r\n                    <div>\r\n                        <h4>Aserbaidschanische Grammatik \u00dcbung<\/h4>\r\n                        <p>\u00dcben Sie die aserbaidschanische Grammatik .<\/p>\r\n                    <\/div>\r\n                <\/div>\r\n            <\/div>\r\n        <\/a>\r\n\r\n        \r\n        <a href=\"https:\/\/talkpal.ai\/vocabulary_language\/azerbaijani\/\">\r\n            <div class=\"learnNavigationWrapper\">\r\n                <div class=\"learnNavigationContent\">\r\n                    <img decoding=\"async\" src=\"https:\/\/talkpal.ai\/wp-content\/uploads\/2024\/08\/Azerbaijani.jpg\" alt=\"Azerbaijani Flag\">\r\n                    <div>\r\n                        <h4>Aserbaidschanisch Wortschatz<\/h4>\r\n                        <p>Erweitern Sie Ihren aserbaidschanischen Wortschatz.<\/p>\r\n                    <\/div>\r\n                <\/div>\r\n            <\/div>\r\n        <\/a>\r\n\r\n            <\/section>","protected":false},"excerpt":{"rendered":"<p>Ein umfassender Leitfaden zur aserbaidschanischen Grammatik Haben Sie schon einmal dar\u00fcber nachgedacht, Aserbaidschanisch zu lernen? Als Amtssprache Aserbaidschans, die von Millionen von Menschen in der Kaukasusregion gesprochen wird, ist Aserbaidschanisch eine einzigartige und faszinierende Sprache. Mit einer reichen Geschichte, einer vielf\u00e4ltigen Kultur und einer Mischung aus Einfl\u00fcssen aus der t\u00fcrkischen, russischen und persischen Sprache bietet [&hellip;]<\/p>\n","protected":false},"author":1,"featured_media":28157,"parent":0,"menu_order":0,"comment_status":"closed","ping_status":"closed","template":"LearningContentPage.php","meta":{"_acf_changed":false,"footnotes":""},"class_list":["post-74210","page","type-page","status-publish","has-post-thumbnail","hentry"],"acf":[],"yoast_head":"<!-- This site is optimized with the Yoast SEO Premium plugin v27.2 (Yoast SEO v27.2) - https:\/\/yoast.com\/product\/yoast-seo-premium-wordpress\/ -->\n<title>Aserbaidschanische Grammatik - Talkpal<\/title>\n<meta name=\"description\" content=\"Beherrschen Sie die aserbaidschanische Grammatik m\u00fchelos mit Talkpal, Ihrem KI-gesteuerten Tutor. Entdecken Sie einfache Erkl\u00e4rungen, interaktive \u00dcbungen und praktische Tipps\" \/>\n<meta name=\"robots\" content=\"index, follow, max-snippet:-1, max-image-preview:large, max-video-preview:-1\" \/>\n<link rel=\"canonical\" href=\"https:\/\/talkpal.ai\/de\/aserbaidschanische-grammatik\/\" \/>\n<meta property=\"og:locale\" content=\"de_DE\" \/>\n<meta property=\"og:type\" content=\"article\" \/>\n<meta property=\"og:title\" content=\"Aserbaidschanische Grammatik\" \/>\n<meta property=\"og:description\" content=\"Ein umfassender Leitfaden zur aserbaidschanischen Grammatik Haben Sie schon einmal dar\u00fcber nachgedacht, Aserbaidschanisch zu lernen? Als Amtssprache\" \/>\n<meta property=\"og:url\" content=\"https:\/\/talkpal.ai\/de\/aserbaidschanische-grammatik\/\" \/>\n<meta property=\"og:site_name\" content=\"Talkpal\" \/>\n<meta property=\"article:publisher\" content=\"https:\/\/www.facebook.com\/profile.php?id=100090733639311\" \/>\n<meta property=\"article:modified_time\" content=\"2025-05-22T08:24:39+00:00\" \/>\n<meta property=\"og:image\" content=\"https:\/\/talkpal.ai\/wp-content\/uploads\/2023\/05\/azerbaijan.png\" \/>\n\t<meta property=\"og:image:width\" content=\"512\" \/>\n\t<meta property=\"og:image:height\" content=\"512\" \/>\n\t<meta property=\"og:image:type\" content=\"image\/png\" \/>\n<meta name=\"twitter:card\" content=\"summary_large_image\" \/>\n<meta name=\"twitter:site\" content=\"@talkpalai\" \/>\n<meta name=\"twitter:label1\" content=\"Gesch\u00e4tzte Lesezeit\" \/>\n\t<meta name=\"twitter:data1\" content=\"3\u00a0Minuten\" \/>\n<script type=\"application\/ld+json\" class=\"yoast-schema-graph\">{\"@context\":\"https:\/\/schema.org\",\"@graph\":[{\"@type\":\"WebPage\",\"@id\":\"https:\/\/talkpal.ai\/de\/aserbaidschanische-grammatik\/\",\"url\":\"https:\/\/talkpal.ai\/de\/aserbaidschanische-grammatik\/\",\"name\":\"Aserbaidschanische Grammatik - Talkpal\",\"isPartOf\":{\"@id\":\"https:\/\/talkpal.ai\/de\/#website\"},\"primaryImageOfPage\":{\"@id\":\"https:\/\/talkpal.ai\/de\/aserbaidschanische-grammatik\/#primaryimage\"},\"image\":{\"@id\":\"https:\/\/talkpal.ai\/de\/aserbaidschanische-grammatik\/#primaryimage\"},\"thumbnailUrl\":\"https:\/\/talkpal.ai\/wp-content\/uploads\/2023\/05\/azerbaijan.png\",\"datePublished\":\"2023-05-14T13:53:48+00:00\",\"dateModified\":\"2025-05-22T08:24:39+00:00\",\"description\":\"Beherrschen Sie die aserbaidschanische Grammatik m\u00fchelos mit Talkpal, Ihrem KI-gesteuerten Tutor. Entdecken Sie einfache Erkl\u00e4rungen, interaktive \u00dcbungen und praktische Tipps\",\"breadcrumb\":{\"@id\":\"https:\/\/talkpal.ai\/de\/aserbaidschanische-grammatik\/#breadcrumb\"},\"inLanguage\":\"de\",\"potentialAction\":[{\"@type\":\"ReadAction\",\"target\":[\"https:\/\/talkpal.ai\/de\/aserbaidschanische-grammatik\/\"]}]},{\"@type\":\"ImageObject\",\"inLanguage\":\"de\",\"@id\":\"https:\/\/talkpal.ai\/de\/aserbaidschanische-grammatik\/#primaryimage\",\"url\":\"https:\/\/talkpal.ai\/wp-content\/uploads\/2023\/05\/azerbaijan.png\",\"contentUrl\":\"https:\/\/talkpal.ai\/wp-content\/uploads\/2023\/05\/azerbaijan.png\",\"width\":512,\"height\":512},{\"@type\":\"BreadcrumbList\",\"@id\":\"https:\/\/talkpal.ai\/de\/aserbaidschanische-grammatik\/#breadcrumb\",\"itemListElement\":[{\"@type\":\"ListItem\",\"position\":1,\"name\":\"Homepage\",\"item\":\"https:\/\/talkpal.ai\/de\/\"},{\"@type\":\"ListItem\",\"position\":2,\"name\":\"Aserbaidschanische Grammatik\"}]},{\"@type\":\"WebSite\",\"@id\":\"https:\/\/talkpal.ai\/de\/#website\",\"url\":\"https:\/\/talkpal.ai\/de\/\",\"name\":\"Talkpal\",\"description\":\"AI Language Learning\",\"publisher\":{\"@id\":\"https:\/\/talkpal.ai\/de\/#organization\"},\"alternateName\":\"Talkpal AI\",\"potentialAction\":[{\"@type\":\"SearchAction\",\"target\":{\"@type\":\"EntryPoint\",\"urlTemplate\":\"https:\/\/talkpal.ai\/de\/?s={search_term_string}\"},\"query-input\":{\"@type\":\"PropertyValueSpecification\",\"valueRequired\":true,\"valueName\":\"search_term_string\"}}],\"inLanguage\":\"de\"},{\"@type\":\"Organization\",\"@id\":\"https:\/\/talkpal.ai\/de\/#organization\",\"name\":\"Talkpal, Inc.\",\"alternateName\":\"Talkpal AI\",\"url\":\"https:\/\/talkpal.ai\/de\/\",\"logo\":{\"@type\":\"ImageObject\",\"inLanguage\":\"de\",\"@id\":\"https:\/\/talkpal.ai\/de\/#\/schema\/logo\/image\/\",\"url\":\"https:\/\/talkpal.ai\/wp-content\/uploads\/2024\/03\/Talkpal-Logo-Icon.png\",\"contentUrl\":\"https:\/\/talkpal.ai\/wp-content\/uploads\/2024\/03\/Talkpal-Logo-Icon.png\",\"width\":2880,\"height\":2880,\"caption\":\"Talkpal, Inc.\"},\"image\":{\"@id\":\"https:\/\/talkpal.ai\/de\/#\/schema\/logo\/image\/\"},\"sameAs\":[\"https:\/\/www.facebook.com\/profile.php?id=100090733639311\",\"https:\/\/x.com\/talkpalai\",\"https:\/\/www.linkedin.com\/company\/talkpal\/\",\"https:\/\/www.youtube.com\/@TalkPal\/\",\"https:\/\/www.tiktok.com\/@talkpal\",\"https:\/\/www.instagram.com\/talkpal_ai\/\",\"https:\/\/www.crunchbase.com\/organization\/talkpal-9cde\",\"https:\/\/www.g2.com\/products\/talkpal-for-business\/\",\"https:\/\/www.trustpilot.com\/review\/talkpal.ai\",\"https:\/\/www.capterra.com\/p\/10006800\/TalkPal\/\"],\"description\":\"Talkpal is a language learning web and mobile education app, powered by the latest AI technologies, that provides engaging experiences to its customers in many different languages to help them improve their language skills. Users can chat about unlimited amount of topics with the app and use other modes to practice their language learning.\",\"email\":\"support@talkpal.ai\",\"legalName\":\"Talkpal, Inc.\",\"foundingDate\":\"2023-04-03\",\"duns\":\"118989042\",\"numberOfEmployees\":{\"@type\":\"QuantitativeValue\",\"minValue\":\"11\",\"maxValue\":\"50\"},\"publishingPrinciples\":\"https:\/\/talkpal.ai\/publishing-principles\/\",\"actionableFeedbackPolicy\":\"https:\/\/talkpal.ai\/actionable-feedback-policy\/\",\"correctionsPolicy\":\"https:\/\/talkpal.ai\/corrections-policy\/\",\"ethicsPolicy\":\"https:\/\/talkpal.ai\/ethics-policy\/\",\"diversityPolicy\":\"https:\/\/talkpal.ai\/diversity-policy\/\",\"diversityStaffingReport\":\"https:\/\/talkpal.ai\/diversity-policy\/\"}]}<\/script>\n<!-- \/ Yoast SEO Premium plugin. -->","yoast_head_json":{"title":"Aserbaidschanische Grammatik - Talkpal","description":"Beherrschen Sie die aserbaidschanische Grammatik m\u00fchelos mit Talkpal, Ihrem KI-gesteuerten Tutor. Entdecken Sie einfache Erkl\u00e4rungen, interaktive \u00dcbungen und praktische Tipps","robots":{"index":"index","follow":"follow","max-snippet":"max-snippet:-1","max-image-preview":"max-image-preview:large","max-video-preview":"max-video-preview:-1"},"canonical":"https:\/\/talkpal.ai\/de\/aserbaidschanische-grammatik\/","og_locale":"de_DE","og_type":"article","og_title":"Aserbaidschanische Grammatik","og_description":"Ein umfassender Leitfaden zur aserbaidschanischen Grammatik Haben Sie schon einmal dar\u00fcber nachgedacht, Aserbaidschanisch zu lernen? Als Amtssprache","og_url":"https:\/\/talkpal.ai\/de\/aserbaidschanische-grammatik\/","og_site_name":"Talkpal","article_publisher":"https:\/\/www.facebook.com\/profile.php?id=100090733639311","article_modified_time":"2025-05-22T08:24:39+00:00","og_image":[{"width":512,"height":512,"url":"https:\/\/talkpal.ai\/wp-content\/uploads\/2023\/05\/azerbaijan.png","type":"image\/png"}],"twitter_card":"summary_large_image","twitter_site":"@talkpalai","twitter_misc":{"Gesch\u00e4tzte Lesezeit":"3\u00a0Minuten"},"schema":{"@context":"https:\/\/schema.org","@graph":[{"@type":"WebPage","@id":"https:\/\/talkpal.ai\/de\/aserbaidschanische-grammatik\/","url":"https:\/\/talkpal.ai\/de\/aserbaidschanische-grammatik\/","name":"Aserbaidschanische Grammatik - Talkpal","isPartOf":{"@id":"https:\/\/talkpal.ai\/de\/#website"},"primaryImageOfPage":{"@id":"https:\/\/talkpal.ai\/de\/aserbaidschanische-grammatik\/#primaryimage"},"image":{"@id":"https:\/\/talkpal.ai\/de\/aserbaidschanische-grammatik\/#primaryimage"},"thumbnailUrl":"https:\/\/talkpal.ai\/wp-content\/uploads\/2023\/05\/azerbaijan.png","datePublished":"2023-05-14T13:53:48+00:00","dateModified":"2025-05-22T08:24:39+00:00","description":"Beherrschen Sie die aserbaidschanische Grammatik m\u00fchelos mit Talkpal, Ihrem KI-gesteuerten Tutor. Entdecken Sie einfache Erkl\u00e4rungen, interaktive \u00dcbungen und praktische Tipps","breadcrumb":{"@id":"https:\/\/talkpal.ai\/de\/aserbaidschanische-grammatik\/#breadcrumb"},"inLanguage":"de","potentialAction":[{"@type":"ReadAction","target":["https:\/\/talkpal.ai\/de\/aserbaidschanische-grammatik\/"]}]},{"@type":"ImageObject","inLanguage":"de","@id":"https:\/\/talkpal.ai\/de\/aserbaidschanische-grammatik\/#primaryimage","url":"https:\/\/talkpal.ai\/wp-content\/uploads\/2023\/05\/azerbaijan.png","contentUrl":"https:\/\/talkpal.ai\/wp-content\/uploads\/2023\/05\/azerbaijan.png","width":512,"height":512},{"@type":"BreadcrumbList","@id":"https:\/\/talkpal.ai\/de\/aserbaidschanische-grammatik\/#breadcrumb","itemListElement":[{"@type":"ListItem","position":1,"name":"Homepage","item":"https:\/\/talkpal.ai\/de\/"},{"@type":"ListItem","position":2,"name":"Aserbaidschanische Grammatik"}]},{"@type":"WebSite","@id":"https:\/\/talkpal.ai\/de\/#website","url":"https:\/\/talkpal.ai\/de\/","name":"Talkpal","description":"AI Language Learning","publisher":{"@id":"https:\/\/talkpal.ai\/de\/#organization"},"alternateName":"Talkpal AI","potentialAction":[{"@type":"SearchAction","target":{"@type":"EntryPoint","urlTemplate":"https:\/\/talkpal.ai\/de\/?s={search_term_string}"},"query-input":{"@type":"PropertyValueSpecification","valueRequired":true,"valueName":"search_term_string"}}],"inLanguage":"de"},{"@type":"Organization","@id":"https:\/\/talkpal.ai\/de\/#organization","name":"Talkpal, Inc.","alternateName":"Talkpal AI","url":"https:\/\/talkpal.ai\/de\/","logo":{"@type":"ImageObject","inLanguage":"de","@id":"https:\/\/talkpal.ai\/de\/#\/schema\/logo\/image\/","url":"https:\/\/talkpal.ai\/wp-content\/uploads\/2024\/03\/Talkpal-Logo-Icon.png","contentUrl":"https:\/\/talkpal.ai\/wp-content\/uploads\/2024\/03\/Talkpal-Logo-Icon.png","width":2880,"height":2880,"caption":"Talkpal, Inc."},"image":{"@id":"https:\/\/talkpal.ai\/de\/#\/schema\/logo\/image\/"},"sameAs":["https:\/\/www.facebook.com\/profile.php?id=100090733639311","https:\/\/x.com\/talkpalai","https:\/\/www.linkedin.com\/company\/talkpal\/","https:\/\/www.youtube.com\/@TalkPal\/","https:\/\/www.tiktok.com\/@talkpal","https:\/\/www.instagram.com\/talkpal_ai\/","https:\/\/www.crunchbase.com\/organization\/talkpal-9cde","https:\/\/www.g2.com\/products\/talkpal-for-business\/","https:\/\/www.trustpilot.com\/review\/talkpal.ai","https:\/\/www.capterra.com\/p\/10006800\/TalkPal\/"],"description":"Talkpal is a language learning web and mobile education app, powered by the latest AI technologies, that provides engaging experiences to its customers in many different languages to help them improve their language skills. Users can chat about unlimited amount of topics with the app and use other modes to practice their language learning.","email":"support@talkpal.ai","legalName":"Talkpal, Inc.","foundingDate":"2023-04-03","duns":"118989042","numberOfEmployees":{"@type":"QuantitativeValue","minValue":"11","maxValue":"50"},"publishingPrinciples":"https:\/\/talkpal.ai\/publishing-principles\/","actionableFeedbackPolicy":"https:\/\/talkpal.ai\/actionable-feedback-policy\/","correctionsPolicy":"https:\/\/talkpal.ai\/corrections-policy\/","ethicsPolicy":"https:\/\/talkpal.ai\/ethics-policy\/","diversityPolicy":"https:\/\/talkpal.ai\/diversity-policy\/","diversityStaffingReport":"https:\/\/talkpal.ai\/diversity-policy\/"}]}},"_links":{"self":[{"href":"https:\/\/talkpal.ai\/de\/wp-json\/wp\/v2\/pages\/74210","targetHints":{"allow":["GET"]}}],"collection":[{"href":"https:\/\/talkpal.ai\/de\/wp-json\/wp\/v2\/pages"}],"about":[{"href":"https:\/\/talkpal.ai\/de\/wp-json\/wp\/v2\/types\/page"}],"author":[{"embeddable":true,"href":"https:\/\/talkpal.ai\/de\/wp-json\/wp\/v2\/users\/1"}],"replies":[{"embeddable":true,"href":"https:\/\/talkpal.ai\/de\/wp-json\/wp\/v2\/comments?post=74210"}],"version-history":[{"count":0,"href":"https:\/\/talkpal.ai\/de\/wp-json\/wp\/v2\/pages\/74210\/revisions"}],"wp:featuredmedia":[{"embeddable":true,"href":"https:\/\/talkpal.ai\/de\/wp-json\/wp\/v2\/media\/28157"}],"wp:attachment":[{"href":"https:\/\/talkpal.ai\/de\/wp-json\/wp\/v2\/media?parent=74210"}],"curies":[{"name":"wp","href":"https:\/\/api.w.org\/{rel}","templated":true}]}}