{"id":74201,"date":"2023-05-14T13:59:42","date_gmt":"2023-05-14T13:59:42","guid":{"rendered":"http:\/\/talkpal.ai\/belarussische-grammatik\/"},"modified":"2025-05-22T13:50:02","modified_gmt":"2025-05-22T13:50:02","slug":"belarussische-grammatik","status":"publish","type":"page","link":"https:\/\/talkpal.ai\/de\/belarussische-grammatik\/","title":{"rendered":"Belarussische Grammatik"},"content":{"rendered":"\r\n\r\n\r\n<section class=\"languageChallengeSection\">\r\n    <div class=\"languageInfoWrapper\">\r\n        \r\n        <h1>Belarussische Grammatik<\/h1>\r\n        <p>Entdecken Sie die Sch\u00f6nheit und den Reichtum der belarussischen Sprache, indem Sie ihre grundlegenden Grammatikregeln lernen. Der Aufbau eines soliden Verst\u00e4ndnisses der belarussischen <a href=\"https:\/\/talkpal.ai\/fr\/les\/\">Grammatik<\/a> wird Ihnen helfen, selbstbewusst zu kommunizieren und sich mit der belarussischen Kultur zu verbinden. Tauchen Sie jetzt ein und beginnen Sie noch heute damit, Wei\u00dfrussisch zu lernen!<\/p>\r\n\r\n                            <a class=\"getStartedHidden\" href=\"https:\/\/app.talkpal.ai\/de\/signup?lng=\">Leg los<\/a>\r\n        \r\n    <\/div>\r\n\r\n    <figure>\r\n    <img decoding=\"async\" width=\"768\" height=\"768\" src=\"https:\/\/talkpal.ai\/wp-content\/uploads\/2023\/06\/belarusian-768x768.png\" class=\"languageImage no-lazy\" alt=\"Default alt text\" fetchpriority=\"high\" sizes=\"(max-width: 768px) 150px, 768px\" srcset=\"https:\/\/talkpal.ai\/wp-content\/uploads\/2023\/06\/belarusian-768x768.png 768w, https:\/\/talkpal.ai\/wp-content\/uploads\/2023\/06\/belarusian-300x300.png 300w\" \/>\r\n    \r\n\r\n    <\/figure>\r\n\r\n            <a class=\"getStartedVisible\" href=\"https:\/\/app.talkpal.ai\/de\/signup?lng=\">Leg los<\/a>\r\n    \r\n<\/section>\r\n        <section class=\"grammarSection\">\r\n            <div class=\"grammarLinks\">\r\n                <a href=\"https:\/\/talkpal.ai\/de\/language\/adjektive-weissrussische-grammatik\/\">Adjektive <\/a><a href=\"https:\/\/talkpal.ai\/de\/language\/adverbien-weissrussische-grammatik\/\">Adverbien <\/a><a href=\"https:\/\/talkpal.ai\/de\/language\/artikel-weissrussische-grammatik\/\">Artikel <\/a><a href=\"https:\/\/talkpal.ai\/de\/language\/konditionale-weissrussische-grammatik\/\">Konditionale <\/a><a href=\"https:\/\/talkpal.ai\/de\/language\/perfekt-progressiv-weissrussische-grammatik\/\">Perfekt Progressiv <\/a><a href=\"https:\/\/talkpal.ai\/de\/language\/praepositionen-weissrussische-grammatik\/\">Pr\u00e4positionen <\/a><a href=\"https:\/\/talkpal.ai\/de\/language\/progressiv-weissrussische-grammatik\/\">Progressiv <\/a><a href=\"https:\/\/talkpal.ai\/de\/language\/pronomen-determinanten-weissrussische-grammatik\/\">Pronomen\/Determinanten <\/a><a href=\"https:\/\/talkpal.ai\/de\/language\/saetze-weissrussische-grammatik\/\">S\u00e4tze <\/a><a href=\"https:\/\/talkpal.ai\/de\/language\/substantive-weissrussische-grammatik\/\">Substantive <\/a><a href=\"https:\/\/talkpal.ai\/de\/language\/verben-weissrussische-grammatik\/\">Verben <\/a><a href=\"https:\/\/talkpal.ai\/de\/language\/zeitformen-weissrussische-grammatik\/\">Zeitformen <\/a><a href=\"https:\/\/talkpal.ai\/de\/language\/zeitvergleich-weissrussische-grammatik\/\">Zeitvergleich <\/a>            <\/div>\r\n        <\/section>\r\n    <section class=\"promotionalBanner\">\r\n    <p class=\"promotionalText\">Der effizienteste Weg, eine Sprache zu lernen<\/p>\r\n    <a class=\"promotionalLink\" href=\"https:\/\/app.talkpal.ai\/de\/signup?lng=\">Talkpal kostenlos<\/a>\r\n<\/section>\n<div class=\"wp-block-group pageContainerStyle\"><div class=\"wp-block-group__inner-container is-layout-constrained wp-block-group-is-layout-constrained\">\n<h2 class=\"wp-block-heading\" id=\"h-belarusian-grammar-a-closer-look-at-the-slavic-language-s-intricacies\">Belarussische Grammatik: Ein genauerer Blick auf die Feinheiten der slawischen Sprache<\/h2>\n\n\n\n<p>Sind Sie ein aufstrebender Polyglott mit einer Faszination f\u00fcr slawische Sprachen? Oder sind Sie einfach nur neugierig auf die grammatikalischen Feinheiten der Sprachen aus dieser interessanten Region? Dann schnallen Sie sich an! In diesem Artikel werden wir die wunderbare Welt der wei\u00dfrussischen Grammatik erkunden, ein weniger bekanntes, aber faszinierendes Mitglied der slawischen Sprachfamilie.<\/p>\n\n\n\n<p>Lassen Sie uns eintauchen, ja?<\/p>\n\n\n\n<h3 class=\"wp-block-heading\" id=\"h-first-things-first-what-is-belarusian\">Das Wichtigste zuerst: Was ist Belarussisch?<\/h3>\n\n\n\n<p>Wei\u00dfrussisch ist die Amtssprache von Belarus, einem Binnenstaat in Osteuropa zwischen Russland, der <a href=\"https:\/\/talkpal.ai\/locations\/language-courses-in-ukraine\/\">Ukraine<\/a>, Polen, Litauen und Lettland. Mit rund 7,9 Millionen Sprechern hat <a href=\"https:\/\/talkpal.ai\/learn-belarusian\/\">Belarussisch<\/a> einen liebenswerten Charme f\u00fcr Linguisten und <a href=\"https:\/\/talkpal.ai\/talkpal-discount-for-language-enthusiasts\/\">Sprachbegeisterte<\/a> gleicherma\u00dfen. Als slawische Sprache weist das Wei\u00dfrussische viele \u00c4hnlichkeiten mit dem Russischen, Ukrainischen und Polnischen auf; Er weist jedoch auch seine eigenen einzigartigen Eigenschaften auf, die ihn von seinen Geschwistern unterscheiden.<\/p>\n\n\n\n<h3 class=\"wp-block-heading\" id=\"h-the-building-blocks-nouns-pronouns-and-cases\">Die Bausteine: Substantive, Pronomen und Kasus<\/h3>\n\n\n\n<p>Wie andere slawische Sprachen dreht sich auch die belarussische Grammatik um die Beugung von W\u00f6rtern. Das bedeutet, dass sich die Endungen von W\u00f6rtern entsprechend ihrer grammatikalischen Funktion in einem Satz \u00e4ndern. Am deutlichsten wird dies bei Substantiven, Pronomen und Adjektiven, wenn sie in verschiedenen F\u00e4llen verwendet werden. In Belarusian gibt es sechs F\u00e4lle, die wie folgt lauten:<\/p>\n\n\n\n<p><strong>1. Nominativ &#8211; bezeichnet das Subjekt eines Satzes<\/strong><\/p>\n\n\n\n<p><strong>2. Genitiv &#8211; zeigt den Besitz oder das Objekt der Verneinung an<\/strong><\/p>\n\n\n\n<p><strong>3. Dativ &#8211; markiert das indirekte Objekt eines Satzes<\/strong><\/p>\n\n\n\n<p><strong>4. Akkusativ &#8211; bezeichnet das direkte Objekt eines Satzes<\/strong><\/p>\n\n\n\n<p><strong>5. Instrumental &#8211; dr\u00fcckt das Mittel oder die Methode aus, mit der eine Handlung ausgef\u00fchrt wird<\/strong><\/p>\n\n\n\n<p><strong>6. Pr\u00e4positional oder Lokativ &#8211; gibt den Ort oder das Objekt von Pr\u00e4positionen an<\/strong><\/p>\n\n\n\n<p>Neben den F\u00e4llen haben belarussische Substantive auch drei Geschlechter (maskulin, feminin und Neutrum) und zwei Zahlen (Singular und Plural). Jede Kombination aus Geschlecht und Zahlen hat jeweils bestimmte Endungen, so dass es wichtig ist, sich diese zu merken, um grammatikalisch korrekte S\u00e4tze zu bilden.<\/p>\n\n\n\n<h3 class=\"wp-block-heading\" id=\"h-let-s-talk-verbs-tenses-aspects-and-moods\">Lassen Sie uns \u00fcber Verben sprechen: Zeitformen, Aspekte und Stimmungen<\/h3>\n\n\n\n<p>Wei\u00dfrussische Verben sind wunderbar komplex, voller Nuancen und Komplexit\u00e4t. Sie haben drei <a href=\"https:\/\/talkpal.ai\/zh-hans\/grammar_exercises\/zeitformen-%e5%be%b7%e5%9b%bd%e8%af%ad%e6%b3%95%e7%bb%83%e4%b9%a0\/\">Zeitformen<\/a> (Vergangenheit, Gegenwart und Zukunft), zwei Aspekte (Perfektiv und Imperfektiv) sowie drei Stimmungen (Indikativ, <a href=\"https:\/\/talkpal.ai\/ja\/grammar_exercises\/imperatif-%e3%83%95%e3%83%a9%e3%83%b3%e3%82%b9%e3%81%ae%e6%96%87%e6%b3%95%e3%81%ae%e3%81%9f%e3%82%81%e3%81%ae%e6%bc%94%e7%bf%92\/\">Imperativ<\/a> und Konditional). Was die belarussischen Verben von anderen slawischen Sprachen unterscheidet, ist die umfangreiche Verwendung von Aspekten.<\/p>\n\n\n\n<p>Der Aspekt bezieht sich darauf, ob eine Handlung als abgeschlossen (perfektiv) oder fortlaufend (imperfektiv) angesehen wird. Viele Verben kommen in Paaren vor, die die verschiedenen Aspekte anzeigen, oft durch die Verwendung eines eindeutigen Pr\u00e4fixes oder Suffixes. Die Beherrschung des Aspekts ist unerl\u00e4sslich, um die Feinheiten der belarussischen Sprache zu verstehen.<\/p>\n\n\n\n<h3 class=\"wp-block-heading\" id=\"h-adjectives-adverbs-and-other-delights\">Adjektive, Adverbien und andere Freuden<\/h3>\n\n\n\n<p>Belarussische Adjektive stimmen mit den Substantiven \u00fcberein, die sie in Bezug auf Geschlecht, Anzahl und Gro\u00df- und Kleinschreibung modifizieren. Sie haben auch vergleichende und superlative Formen, um unterschiedliche Grade von Qualit\u00e4ten auszudr\u00fccken. Au\u00dferdem werden viele Adverbien von Adjektiven abgeleitet, indem einfach das Suffix &#8218;-\u0430&#8216; f\u00fcr maskulin und &#8218;-\u044b&#8216; f\u00fcr feminin hinzugef\u00fcgt wird.<\/p>\n\n\n\n<p>Die belarussische Sprache bietet auch eine faszinierende Reihe von Konjunktionen, <a href=\"https:\/\/talkpal.ai\/ar\/grammar_exercises\/prapositionen-%d8%aa%d9%85%d8%a7%d8%b1%d9%8a%d9%86-%d9%84%d9%84%d9%82%d9%88%d8%a7%d8%b9%d8%af-%d8%a7%d9%84%d8%a3%d9%84%d9%85%d8%a7%d9%86%d9%8a%d8%a9\/\">Pr\u00e4positionen<\/a>, Ziffern und Partikeln, die Ihnen helfen, ausgefeilte und ausdrucksstarke S\u00e4tze zu bilden. Mit gen\u00fcgend \u00dcbung werden Sie bald in der Lage sein, Ihre Worte wie ein echter belarussischer Wortschmied zu verweben.<\/p>\n\n\n\n<h3 class=\"wp-block-heading\" id=\"h-in-closing-the-magic-of-belarusian-grammar\">Abschlie\u00dfend: Die Magie der belarussischen Grammatik<\/h3>\n\n\n\n<p>Auf den ersten Blick mag die belarussische Grammatik abschreckend wirken. Wenn Sie jedoch tiefer in das reiche Geflecht von F\u00e4llen, Aspekten und anderen sprachlichen Eigenheiten eintauchen, werden Sie eine Sprache voller Tiefe, Nuancen und Ausdruckskraft entdecken. Wenn Sie sich der Herausforderung der belarussischen Grammatik stellen, erhalten Sie nicht nur ein besseres Verst\u00e4ndnis f\u00fcr die slawische Familie im Allgemeinen, sondern erhalten auch Zugang zu einer wundersch\u00f6nen und lebendigen Kultur, die darauf wartet, von Ihnen erkundet zu werden.<\/p>\n\n\n\n<p>Jetzt, mit einem neu gewonnenen Verst\u00e4ndnis der belarussischen Grammatik, warum nicht tiefer in diese faszinierende Sprache eintauchen? Wer wei\u00df &#8211; vielleicht schlendern Sie eines Tages durch die Stra\u00dfen von Minsk und unterhalten sich m\u00fchelos mit den Einheimischen in deren Muttersprache. Viel Spa\u00df beim Lernen!<\/p>\n<\/div><\/div>\n\r\n<section class=\"learnNavigationSection\">\r\n            \r\n        <a href=\"https:\/\/talkpal.ai\/de\/weissrussisch-lernen\/\">\r\n            <div class=\"learnNavigationWrapper\">\r\n                <div class=\"learnNavigationContent\">\r\n                    <img decoding=\"async\" src=\"https:\/\/talkpal.ai\/wp-content\/uploads\/2024\/08\/Belarusian.jpg\" alt=\"Belarusian Flag\">\r\n                    <div>\r\n                        <h4>\u00dcber Wei\u00dfrussisch lernen<\/h4>\r\n                        <p>Erfahren Sie alles \u00fcber die wei\u00dfrussische Grammatik.<\/p>\r\n                    <\/div>\r\n                <\/div>\r\n            <\/div>\r\n        <\/a>\r\n\r\n        \r\n        <a href=\"https:\/\/talkpal.ai\/de\/belarussische-grammatikuebungen\/\">\r\n            <div class=\"learnNavigationWrapper\">\r\n                <div class=\"learnNavigationContent\">\r\n                    <img decoding=\"async\" src=\"https:\/\/talkpal.ai\/wp-content\/uploads\/2024\/08\/Belarusian.jpg\" alt=\"Belarusian Flag\">\r\n                    <div>\r\n                        <h4>Belarussische Grammatik \u00dcbung<\/h4>\r\n                        <p>\u00dcbe die belarussische Grammatik .<\/p>\r\n                    <\/div>\r\n                <\/div>\r\n            <\/div>\r\n        <\/a>\r\n\r\n        \r\n        <a href=\"https:\/\/talkpal.ai\/vocabulary_language\/belarusian\/\">\r\n            <div class=\"learnNavigationWrapper\">\r\n                <div class=\"learnNavigationContent\">\r\n                    <img decoding=\"async\" src=\"https:\/\/talkpal.ai\/wp-content\/uploads\/2024\/08\/Belarusian.jpg\" alt=\"Belarusian Flag\">\r\n                    <div>\r\n                        <h4>Wei\u00dfrussisch Wortschatz<\/h4>\r\n                        <p>Erweitern Sie Ihren belarussischen Wortschatz.<\/p>\r\n                    <\/div>\r\n                <\/div>\r\n            <\/div>\r\n        <\/a>\r\n\r\n            <\/section>","protected":false},"excerpt":{"rendered":"<p>Belarussische Grammatik: Ein genauerer Blick auf die Feinheiten der slawischen Sprache Sind Sie ein aufstrebender Polyglott mit einer Faszination f\u00fcr slawische Sprachen? Oder sind Sie einfach nur neugierig auf die grammatikalischen Feinheiten der Sprachen aus dieser interessanten Region? Dann schnallen Sie sich an! In diesem Artikel werden wir die wunderbare Welt der wei\u00dfrussischen Grammatik erkunden, [&hellip;]<\/p>\n","protected":false},"author":1,"featured_media":28189,"parent":0,"menu_order":0,"comment_status":"closed","ping_status":"closed","template":"LearningContentPage.php","meta":{"_acf_changed":false,"footnotes":""},"class_list":["post-74201","page","type-page","status-publish","has-post-thumbnail","hentry"],"acf":[],"yoast_head":"<!-- This site is optimized with the Yoast SEO Premium plugin v27.2 (Yoast SEO v27.2) - https:\/\/yoast.com\/product\/yoast-seo-premium-wordpress\/ -->\n<title>Belarussische Grammatik - Talkpal<\/title>\n<meta name=\"description\" content=\"Beherrschen Sie die belarussische Grammatik m\u00fchelos mit Talkpal, Ihrem KI-gesteuerten Sprachtutor. Erhalten Sie klare Erkl\u00e4rungen, hilfreiche Tipps und interaktive \u00dcbungen!\" \/>\n<meta name=\"robots\" content=\"index, follow, max-snippet:-1, max-image-preview:large, max-video-preview:-1\" \/>\n<link rel=\"canonical\" href=\"https:\/\/talkpal.ai\/de\/belarussische-grammatik\/\" \/>\n<meta property=\"og:locale\" content=\"de_DE\" \/>\n<meta property=\"og:type\" content=\"article\" \/>\n<meta property=\"og:title\" content=\"Belarussische Grammatik\" \/>\n<meta property=\"og:description\" content=\"Belarussische Grammatik: Ein genauerer Blick auf die Feinheiten der slawischen Sprache Sind Sie ein aufstrebender Polyglott mit einer Faszination f\u00fcr\" \/>\n<meta property=\"og:url\" content=\"https:\/\/talkpal.ai\/de\/belarussische-grammatik\/\" \/>\n<meta property=\"og:site_name\" content=\"Talkpal\" \/>\n<meta property=\"article:publisher\" content=\"https:\/\/www.facebook.com\/profile.php?id=100090733639311\" \/>\n<meta property=\"article:modified_time\" content=\"2025-05-22T13:50:02+00:00\" \/>\n<meta property=\"og:image\" content=\"https:\/\/talkpal.ai\/wp-content\/uploads\/2023\/05\/belarus.png\" \/>\n\t<meta property=\"og:image:width\" content=\"512\" \/>\n\t<meta property=\"og:image:height\" content=\"512\" \/>\n\t<meta property=\"og:image:type\" content=\"image\/png\" \/>\n<meta name=\"twitter:card\" content=\"summary_large_image\" \/>\n<meta name=\"twitter:site\" content=\"@talkpalai\" \/>\n<meta name=\"twitter:label1\" content=\"Gesch\u00e4tzte Lesezeit\" \/>\n\t<meta name=\"twitter:data1\" content=\"3\u00a0Minuten\" \/>\n<script type=\"application\/ld+json\" class=\"yoast-schema-graph\">{\"@context\":\"https:\/\/schema.org\",\"@graph\":[{\"@type\":\"WebPage\",\"@id\":\"https:\/\/talkpal.ai\/de\/belarussische-grammatik\/\",\"url\":\"https:\/\/talkpal.ai\/de\/belarussische-grammatik\/\",\"name\":\"Belarussische Grammatik - Talkpal\",\"isPartOf\":{\"@id\":\"https:\/\/talkpal.ai\/de\/#website\"},\"primaryImageOfPage\":{\"@id\":\"https:\/\/talkpal.ai\/de\/belarussische-grammatik\/#primaryimage\"},\"image\":{\"@id\":\"https:\/\/talkpal.ai\/de\/belarussische-grammatik\/#primaryimage\"},\"thumbnailUrl\":\"https:\/\/talkpal.ai\/wp-content\/uploads\/2023\/05\/belarus.png\",\"datePublished\":\"2023-05-14T13:59:42+00:00\",\"dateModified\":\"2025-05-22T13:50:02+00:00\",\"description\":\"Beherrschen Sie die belarussische Grammatik m\u00fchelos mit Talkpal, Ihrem KI-gesteuerten Sprachtutor. Erhalten Sie klare Erkl\u00e4rungen, hilfreiche Tipps und interaktive \u00dcbungen!\",\"breadcrumb\":{\"@id\":\"https:\/\/talkpal.ai\/de\/belarussische-grammatik\/#breadcrumb\"},\"inLanguage\":\"de\",\"potentialAction\":[{\"@type\":\"ReadAction\",\"target\":[\"https:\/\/talkpal.ai\/de\/belarussische-grammatik\/\"]}]},{\"@type\":\"ImageObject\",\"inLanguage\":\"de\",\"@id\":\"https:\/\/talkpal.ai\/de\/belarussische-grammatik\/#primaryimage\",\"url\":\"https:\/\/talkpal.ai\/wp-content\/uploads\/2023\/05\/belarus.png\",\"contentUrl\":\"https:\/\/talkpal.ai\/wp-content\/uploads\/2023\/05\/belarus.png\",\"width\":512,\"height\":512},{\"@type\":\"BreadcrumbList\",\"@id\":\"https:\/\/talkpal.ai\/de\/belarussische-grammatik\/#breadcrumb\",\"itemListElement\":[{\"@type\":\"ListItem\",\"position\":1,\"name\":\"Homepage\",\"item\":\"https:\/\/talkpal.ai\/de\/\"},{\"@type\":\"ListItem\",\"position\":2,\"name\":\"Belarussische Grammatik\"}]},{\"@type\":\"WebSite\",\"@id\":\"https:\/\/talkpal.ai\/de\/#website\",\"url\":\"https:\/\/talkpal.ai\/de\/\",\"name\":\"Talkpal\",\"description\":\"AI Language Learning\",\"publisher\":{\"@id\":\"https:\/\/talkpal.ai\/de\/#organization\"},\"alternateName\":\"Talkpal AI\",\"potentialAction\":[{\"@type\":\"SearchAction\",\"target\":{\"@type\":\"EntryPoint\",\"urlTemplate\":\"https:\/\/talkpal.ai\/de\/?s={search_term_string}\"},\"query-input\":{\"@type\":\"PropertyValueSpecification\",\"valueRequired\":true,\"valueName\":\"search_term_string\"}}],\"inLanguage\":\"de\"},{\"@type\":\"Organization\",\"@id\":\"https:\/\/talkpal.ai\/de\/#organization\",\"name\":\"Talkpal, Inc.\",\"alternateName\":\"Talkpal AI\",\"url\":\"https:\/\/talkpal.ai\/de\/\",\"logo\":{\"@type\":\"ImageObject\",\"inLanguage\":\"de\",\"@id\":\"https:\/\/talkpal.ai\/de\/#\/schema\/logo\/image\/\",\"url\":\"https:\/\/talkpal.ai\/wp-content\/uploads\/2024\/03\/Talkpal-Logo-Icon.png\",\"contentUrl\":\"https:\/\/talkpal.ai\/wp-content\/uploads\/2024\/03\/Talkpal-Logo-Icon.png\",\"width\":2880,\"height\":2880,\"caption\":\"Talkpal, Inc.\"},\"image\":{\"@id\":\"https:\/\/talkpal.ai\/de\/#\/schema\/logo\/image\/\"},\"sameAs\":[\"https:\/\/www.facebook.com\/profile.php?id=100090733639311\",\"https:\/\/x.com\/talkpalai\",\"https:\/\/www.linkedin.com\/company\/talkpal\/\",\"https:\/\/www.youtube.com\/@TalkPal\/\",\"https:\/\/www.tiktok.com\/@talkpal\",\"https:\/\/www.instagram.com\/talkpal_ai\/\",\"https:\/\/www.crunchbase.com\/organization\/talkpal-9cde\",\"https:\/\/www.g2.com\/products\/talkpal-for-business\/\",\"https:\/\/www.trustpilot.com\/review\/talkpal.ai\",\"https:\/\/www.capterra.com\/p\/10006800\/TalkPal\/\"],\"description\":\"Talkpal is a language learning web and mobile education app, powered by the latest AI technologies, that provides engaging experiences to its customers in many different languages to help them improve their language skills. Users can chat about unlimited amount of topics with the app and use other modes to practice their language learning.\",\"email\":\"support@talkpal.ai\",\"legalName\":\"Talkpal, Inc.\",\"foundingDate\":\"2023-04-03\",\"duns\":\"118989042\",\"numberOfEmployees\":{\"@type\":\"QuantitativeValue\",\"minValue\":\"11\",\"maxValue\":\"50\"},\"publishingPrinciples\":\"https:\/\/talkpal.ai\/publishing-principles\/\",\"actionableFeedbackPolicy\":\"https:\/\/talkpal.ai\/actionable-feedback-policy\/\",\"correctionsPolicy\":\"https:\/\/talkpal.ai\/corrections-policy\/\",\"ethicsPolicy\":\"https:\/\/talkpal.ai\/ethics-policy\/\",\"diversityPolicy\":\"https:\/\/talkpal.ai\/diversity-policy\/\",\"diversityStaffingReport\":\"https:\/\/talkpal.ai\/diversity-policy\/\"}]}<\/script>\n<!-- \/ Yoast SEO Premium plugin. -->","yoast_head_json":{"title":"Belarussische Grammatik - Talkpal","description":"Beherrschen Sie die belarussische Grammatik m\u00fchelos mit Talkpal, Ihrem KI-gesteuerten Sprachtutor. Erhalten Sie klare Erkl\u00e4rungen, hilfreiche Tipps und interaktive \u00dcbungen!","robots":{"index":"index","follow":"follow","max-snippet":"max-snippet:-1","max-image-preview":"max-image-preview:large","max-video-preview":"max-video-preview:-1"},"canonical":"https:\/\/talkpal.ai\/de\/belarussische-grammatik\/","og_locale":"de_DE","og_type":"article","og_title":"Belarussische Grammatik","og_description":"Belarussische Grammatik: Ein genauerer Blick auf die Feinheiten der slawischen Sprache Sind Sie ein aufstrebender Polyglott mit einer Faszination f\u00fcr","og_url":"https:\/\/talkpal.ai\/de\/belarussische-grammatik\/","og_site_name":"Talkpal","article_publisher":"https:\/\/www.facebook.com\/profile.php?id=100090733639311","article_modified_time":"2025-05-22T13:50:02+00:00","og_image":[{"width":512,"height":512,"url":"https:\/\/talkpal.ai\/wp-content\/uploads\/2023\/05\/belarus.png","type":"image\/png"}],"twitter_card":"summary_large_image","twitter_site":"@talkpalai","twitter_misc":{"Gesch\u00e4tzte Lesezeit":"3\u00a0Minuten"},"schema":{"@context":"https:\/\/schema.org","@graph":[{"@type":"WebPage","@id":"https:\/\/talkpal.ai\/de\/belarussische-grammatik\/","url":"https:\/\/talkpal.ai\/de\/belarussische-grammatik\/","name":"Belarussische Grammatik - Talkpal","isPartOf":{"@id":"https:\/\/talkpal.ai\/de\/#website"},"primaryImageOfPage":{"@id":"https:\/\/talkpal.ai\/de\/belarussische-grammatik\/#primaryimage"},"image":{"@id":"https:\/\/talkpal.ai\/de\/belarussische-grammatik\/#primaryimage"},"thumbnailUrl":"https:\/\/talkpal.ai\/wp-content\/uploads\/2023\/05\/belarus.png","datePublished":"2023-05-14T13:59:42+00:00","dateModified":"2025-05-22T13:50:02+00:00","description":"Beherrschen Sie die belarussische Grammatik m\u00fchelos mit Talkpal, Ihrem KI-gesteuerten Sprachtutor. Erhalten Sie klare Erkl\u00e4rungen, hilfreiche Tipps und interaktive \u00dcbungen!","breadcrumb":{"@id":"https:\/\/talkpal.ai\/de\/belarussische-grammatik\/#breadcrumb"},"inLanguage":"de","potentialAction":[{"@type":"ReadAction","target":["https:\/\/talkpal.ai\/de\/belarussische-grammatik\/"]}]},{"@type":"ImageObject","inLanguage":"de","@id":"https:\/\/talkpal.ai\/de\/belarussische-grammatik\/#primaryimage","url":"https:\/\/talkpal.ai\/wp-content\/uploads\/2023\/05\/belarus.png","contentUrl":"https:\/\/talkpal.ai\/wp-content\/uploads\/2023\/05\/belarus.png","width":512,"height":512},{"@type":"BreadcrumbList","@id":"https:\/\/talkpal.ai\/de\/belarussische-grammatik\/#breadcrumb","itemListElement":[{"@type":"ListItem","position":1,"name":"Homepage","item":"https:\/\/talkpal.ai\/de\/"},{"@type":"ListItem","position":2,"name":"Belarussische Grammatik"}]},{"@type":"WebSite","@id":"https:\/\/talkpal.ai\/de\/#website","url":"https:\/\/talkpal.ai\/de\/","name":"Talkpal","description":"AI Language Learning","publisher":{"@id":"https:\/\/talkpal.ai\/de\/#organization"},"alternateName":"Talkpal AI","potentialAction":[{"@type":"SearchAction","target":{"@type":"EntryPoint","urlTemplate":"https:\/\/talkpal.ai\/de\/?s={search_term_string}"},"query-input":{"@type":"PropertyValueSpecification","valueRequired":true,"valueName":"search_term_string"}}],"inLanguage":"de"},{"@type":"Organization","@id":"https:\/\/talkpal.ai\/de\/#organization","name":"Talkpal, Inc.","alternateName":"Talkpal AI","url":"https:\/\/talkpal.ai\/de\/","logo":{"@type":"ImageObject","inLanguage":"de","@id":"https:\/\/talkpal.ai\/de\/#\/schema\/logo\/image\/","url":"https:\/\/talkpal.ai\/wp-content\/uploads\/2024\/03\/Talkpal-Logo-Icon.png","contentUrl":"https:\/\/talkpal.ai\/wp-content\/uploads\/2024\/03\/Talkpal-Logo-Icon.png","width":2880,"height":2880,"caption":"Talkpal, Inc."},"image":{"@id":"https:\/\/talkpal.ai\/de\/#\/schema\/logo\/image\/"},"sameAs":["https:\/\/www.facebook.com\/profile.php?id=100090733639311","https:\/\/x.com\/talkpalai","https:\/\/www.linkedin.com\/company\/talkpal\/","https:\/\/www.youtube.com\/@TalkPal\/","https:\/\/www.tiktok.com\/@talkpal","https:\/\/www.instagram.com\/talkpal_ai\/","https:\/\/www.crunchbase.com\/organization\/talkpal-9cde","https:\/\/www.g2.com\/products\/talkpal-for-business\/","https:\/\/www.trustpilot.com\/review\/talkpal.ai","https:\/\/www.capterra.com\/p\/10006800\/TalkPal\/"],"description":"Talkpal is a language learning web and mobile education app, powered by the latest AI technologies, that provides engaging experiences to its customers in many different languages to help them improve their language skills. Users can chat about unlimited amount of topics with the app and use other modes to practice their language learning.","email":"support@talkpal.ai","legalName":"Talkpal, Inc.","foundingDate":"2023-04-03","duns":"118989042","numberOfEmployees":{"@type":"QuantitativeValue","minValue":"11","maxValue":"50"},"publishingPrinciples":"https:\/\/talkpal.ai\/publishing-principles\/","actionableFeedbackPolicy":"https:\/\/talkpal.ai\/actionable-feedback-policy\/","correctionsPolicy":"https:\/\/talkpal.ai\/corrections-policy\/","ethicsPolicy":"https:\/\/talkpal.ai\/ethics-policy\/","diversityPolicy":"https:\/\/talkpal.ai\/diversity-policy\/","diversityStaffingReport":"https:\/\/talkpal.ai\/diversity-policy\/"}]}},"_links":{"self":[{"href":"https:\/\/talkpal.ai\/de\/wp-json\/wp\/v2\/pages\/74201","targetHints":{"allow":["GET"]}}],"collection":[{"href":"https:\/\/talkpal.ai\/de\/wp-json\/wp\/v2\/pages"}],"about":[{"href":"https:\/\/talkpal.ai\/de\/wp-json\/wp\/v2\/types\/page"}],"author":[{"embeddable":true,"href":"https:\/\/talkpal.ai\/de\/wp-json\/wp\/v2\/users\/1"}],"replies":[{"embeddable":true,"href":"https:\/\/talkpal.ai\/de\/wp-json\/wp\/v2\/comments?post=74201"}],"version-history":[{"count":0,"href":"https:\/\/talkpal.ai\/de\/wp-json\/wp\/v2\/pages\/74201\/revisions"}],"wp:featuredmedia":[{"embeddable":true,"href":"https:\/\/talkpal.ai\/de\/wp-json\/wp\/v2\/media\/28189"}],"wp:attachment":[{"href":"https:\/\/talkpal.ai\/de\/wp-json\/wp\/v2\/media?parent=74201"}],"curies":[{"name":"wp","href":"https:\/\/api.w.org\/{rel}","templated":true}]}}