{"id":74159,"date":"2023-06-16T10:27:33","date_gmt":"2023-06-16T10:27:33","guid":{"rendered":"http:\/\/talkpal.ai\/koreanische-grammatikuebungen\/"},"modified":"2025-12-17T16:57:59","modified_gmt":"2025-12-17T16:57:59","slug":"koreanische-grammatikuebungen","status":"publish","type":"page","link":"https:\/\/talkpal.ai\/de\/koreanische-grammatikuebungen\/","title":{"rendered":"Koreanische Grammatik\u00fcbungen"},"content":{"rendered":"\r\n\r\n\r\n<section class=\"languageChallengeSection\">\r\n    <div class=\"languageInfoWrapper\">\r\n        \r\n        <h1>Koreanische Grammatik\u00fcbungen<\/h1>\r\n        <p>Sie m\u00f6chten Ihre Koreanischkenntnisse verbessern? Die Konzentration auf Grammatik\u00fcbungen ist eine gute M\u00f6glichkeit, Satzstrukturen, Verbendungen und allt\u00e4gliche Redewendungen zu beherrschen. Tauchen Sie ein und \u00fcben Sie regelm\u00e4\u00dfig die koreanische <a href=\"https:\/\/talkpal.ai\/fr\/les\/\">Grammatik<\/a> &#8211; jede \u00dcbung bringt Sie einer nat\u00fcrlichen, sicheren Kommunikation n\u00e4her. Beginnen Sie noch heute und sehen Sie zu, wie Ihre Koreanischkenntnisse Schritt f\u00fcr Schritt wachsen!<\/p>\r\n\r\n                            <a class=\"getStartedHidden\" href=\"https:\/\/app.talkpal.ai\/de\/signup?lng=\">Leg los<\/a>\r\n        \r\n    <\/div>\r\n\r\n    <figure>\r\n    <img decoding=\"async\" width=\"768\" height=\"768\" src=\"https:\/\/talkpal.ai\/wp-content\/uploads\/2023\/06\/korean-768x768.png\" class=\"languageImage no-lazy\" alt=\"Default alt text\" fetchpriority=\"high\" sizes=\"(max-width: 768px) 150px, 768px\" srcset=\"https:\/\/talkpal.ai\/wp-content\/uploads\/2023\/06\/korean-768x768.png 768w, https:\/\/talkpal.ai\/wp-content\/uploads\/2023\/06\/korean-300x300.png 300w\" \/>\r\n    \r\n\r\n    <\/figure>\r\n\r\n            <a class=\"getStartedVisible\" href=\"https:\/\/app.talkpal.ai\/de\/signup?lng=\">Leg los<\/a>\r\n    \r\n<\/section>\r\n\r\n\r\n<!-- <section class=\"grammarSection\">\r\n    <div class=\"grammarLinks\">\r\n        <a href=\"https:\/\/talkpal.ai\/de\/exercise_language\/adjektive-koreanische-grammatik\/\">Adjektive <\/a><a href=\"https:\/\/talkpal.ai\/de\/exercise_language\/adverbien-koreanische-grammatik\/\">Adverbien <\/a><a href=\"https:\/\/talkpal.ai\/de\/exercise_language\/artikel-koreanische-grammatik\/\">Artikel <\/a><a href=\"https:\/\/talkpal.ai\/de\/exercise_language\/indikativ-der-zeitformen-koreanische-grammatik\/\">Indikativ der Zeitformen <\/a><a href=\"https:\/\/talkpal.ai\/de\/exercise_language\/konjunktiv-der-zeitformen-koreanische-grammatik\/\">Konjunktiv der Zeitformen <\/a><a href=\"https:\/\/talkpal.ai\/de\/exercise_language\/prapositionen-koreanische-grammatik\/\">Pr\u00e4positionen <\/a><a href=\"https:\/\/talkpal.ai\/de\/exercise_language\/pronomen-koreanische-grammatik\/\">Pronomen <\/a><a href=\"https:\/\/talkpal.ai\/de\/exercise_language\/satzbau-koreanische-grammatik\/\">Satzbau <\/a><a href=\"https:\/\/talkpal.ai\/de\/exercise_language\/substantive-koreanische-grammatik\/\">Substantive <\/a><a href=\"https:\/\/talkpal.ai\/de\/exercise_language\/verben-koreanische-grammatik\/\">Verben <\/a><a href=\"https:\/\/talkpal.ai\/de\/exercise_language\/zeitvergleich-koreanische-grammatik\/\">Zeitvergleich <\/a>    <\/div>\r\n<\/section> -->\r\n\r\n\r\n\r\n\r\n        <section class=\"grammarSection\">\r\n            <div class=\"grammarLinks\">\r\n                <a href=\"https:\/\/talkpal.ai\/de\/exercise_language\/adjektive-koreanische-grammatik\/\">Adjektive <\/a><a href=\"https:\/\/talkpal.ai\/de\/exercise_language\/adverbien-koreanische-grammatik\/\">Adverbien <\/a><a href=\"https:\/\/talkpal.ai\/de\/exercise_language\/artikel-koreanische-grammatik\/\">Artikel <\/a><a href=\"https:\/\/talkpal.ai\/de\/exercise_language\/indikativ-der-zeitformen-koreanische-grammatik\/\">Indikativ der Zeitformen <\/a><a href=\"https:\/\/talkpal.ai\/de\/exercise_language\/konjunktiv-der-zeitformen-koreanische-grammatik\/\">Konjunktiv der Zeitformen <\/a><a href=\"https:\/\/talkpal.ai\/de\/exercise_language\/prapositionen-koreanische-grammatik\/\">Pr\u00e4positionen <\/a><a href=\"https:\/\/talkpal.ai\/de\/exercise_language\/pronomen-koreanische-grammatik\/\">Pronomen <\/a><a href=\"https:\/\/talkpal.ai\/de\/exercise_language\/satzbau-koreanische-grammatik\/\">Satzbau <\/a><a href=\"https:\/\/talkpal.ai\/de\/exercise_language\/substantive-koreanische-grammatik\/\">Substantive <\/a><a href=\"https:\/\/talkpal.ai\/de\/exercise_language\/verben-koreanische-grammatik\/\">Verben <\/a><a href=\"https:\/\/talkpal.ai\/de\/exercise_language\/zeitvergleich-koreanische-grammatik\/\">Zeitvergleich <\/a>            <\/div>\r\n        <\/section>\r\n<section class=\"promotionalBanner\">\r\n    <p class=\"promotionalText\">Der effizienteste Weg, eine Sprache zu lernen<\/p>\r\n    <a class=\"promotionalLink\" href=\"https:\/\/app.talkpal.ai\/de\/signup?lng=\">Talkpal kostenlos<\/a>\r\n<\/section>\n<div class=\"wp-block-group pageContainerStyle\"><div class=\"wp-block-group__inner-container is-layout-constrained wp-block-group-is-layout-constrained\">\n<h2 class=\"wp-block-heading\" id=\"h-korean-grammar-topics\">Koreanische Grammatikthemen<\/h2>\n\n\n\n<p><a href=\"https:\/\/talkpal.ai\/learn-korean\/\">Koreanisch<\/a> zu lernen kann eine aufregende und lohnende Erfahrung sein, da es neue kulturelle und berufliche M\u00f6glichkeiten er\u00f6ffnet. Die koreanische Sprache hat eine reiche Geschichte und wird von Millionen von Menschen auf der ganzen Welt gesprochen. Einer der wichtigsten Aspekte beim Erlernen einer Sprache ist das Verst\u00e4ndnis der Grammatik. Im Falle des Koreanischen unterscheidet sich die Grammatik stark von vielen westlichen Sprachen, aber mit der richtigen Herangehensweise kann sie systematisch verstanden werden. In diesem Artikel werden wir verschiedene Themen der koreanischen Grammatik untersuchen, darunter <a href=\"https:\/\/talkpal.ai\/zh-hans\/grammar_exercises\/zeitformen-%e5%be%b7%e5%9b%bd%e8%af%ad%e6%b3%95%e7%bb%83%e4%b9%a0\/\">Zeitformen<\/a>, Verben, Substantive, Artikel, Pronomen, Adjektive, <a href=\"https:\/\/talkpal.ai\/ar\/grammar_exercises\/adverbien-%d8%aa%d9%85%d8%a7%d8%b1%d9%8a%d9%86-%d9%84%d9%84%d9%82%d9%88%d8%a7%d8%b9%d8%af-%d8%a7%d9%84%d8%a3%d9%84%d9%85%d8%a7%d9%86%d9%8a%d8%a9\/\">Adverbien<\/a>, <a href=\"https:\/\/talkpal.ai\/ar\/grammar_exercises\/prapositionen-%d8%aa%d9%85%d8%a7%d8%b1%d9%8a%d9%86-%d9%84%d9%84%d9%82%d9%88%d8%a7%d8%b9%d8%af-%d8%a7%d9%84%d8%a3%d9%84%d9%85%d8%a7%d9%86%d9%8a%d8%a9\/\">Pr\u00e4positionen<\/a> und Satzstrukturen. Wenn Sie diese Konzepte verstehen und beherrschen, sind Sie auf dem besten Weg, Koreanisch zu beherrschen.<\/p>\n\n\n\n<h3 class=\"wp-block-heading\" id=\"h-1-nouns\">1. Substantive:<\/h3>\n\n\n\n<p>Im Koreanischen sind Substantive wesentliche Bausteine von S\u00e4tzen. Sie repr\u00e4sentieren Menschen, Orte, Dinge oder Ideen. Koreanische Substantive haben keine Geschlechts- oder Zahlenunterscheidungen, so dass sie relativ einfach zu erlernen sind. Wenn du dich mit gebr\u00e4uchlichen koreanischen Substantiven vertraut machst, kannst du ein starkes Vokabularfundament aufbauen.<\/p>\n\n\n\n<h3 class=\"wp-block-heading\" id=\"h-2-verbs\">2. Verben:<\/h3>\n\n\n\n<p>Koreanische Verben sind entscheidend f\u00fcr die Vermittlung von Handlungen und Seinszust\u00e4nden. Sie stehen in der Regel am Ende eines Satzes und haben je nach Zeitform und H\u00f6flichkeitsgrad verschiedene Formen. Das Verst\u00e4ndnis der Konjugationsregeln f\u00fcr verschiedene Verbformen ist f\u00fcr eine effektive Kommunikation im Koreanischen unerl\u00e4sslich.<\/p>\n\n\n\n<h3 class=\"wp-block-heading\" id=\"h-3-adjectives\">3. Adjektive:<\/h3>\n\n\n\n<p>Im Koreanischen werden Adjektive verwendet, um Substantive zu beschreiben, und haben \u00e4hnliche Konjugationsregeln wie Verben. Sie k\u00f6nnen vor oder nach einem Substantiv verwendet werden, und ihre Form kann sich je nach Zeitform und H\u00f6flichkeitsniveau \u00e4ndern. Das Erlernen g\u00e4ngiger Adjektive und deren Verwendung wird Ihre Beschreibungsf\u00e4higkeiten auf Koreanisch verbessern.<\/p>\n\n\n\n<h3 class=\"wp-block-heading\" id=\"h-4-adverbs\">4. Adverbien:<\/h3>\n\n\n\n<p>Adverbien im Koreanischen bieten zus\u00e4tzliche Informationen zu Verben, Adjektiven oder anderen Adverbien. Sie stehen in der Regel vor dem Wort, das sie modifizieren, und haben keine spezifischen Konjugationsregeln. Das Einbauen von Adverbien in deine koreanischen S\u00e4tze kann deinem Ausdruck Tiefe und Nuancen verleihen.<\/p>\n\n\n\n<h3 class=\"wp-block-heading\" id=\"h-5-pronouns\">5. Pronomen:<\/h3>\n\n\n\n<p>Koreanische Pronomen helfen, Redundanzen zu vermeiden und S\u00e4tze pr\u00e4gnanter zu machen. Sie ersetzen Substantive, die bereits erw\u00e4hnt wurden oder im Kontext verstanden werden. Die koreanischen Pronomen haben je nach sozialem Status und Geschlecht des Subjekts unterschiedliche Formen, was sie zu einem wichtigen Aspekt der Sprache macht, den es zu beherrschen gilt.<\/p>\n\n\n\n<h3 class=\"wp-block-heading\" id=\"h-6-prepositions\">6. Pr\u00e4positionen:<\/h3>\n\n\n\n<p>Im Koreanischen werden Pr\u00e4positionen verwendet, um Beziehungen zwischen Substantiven in einem Satz auszudr\u00fccken, z. B. Ort, Richtung oder Besitz. Im Gegensatz zum Englischen stehen koreanische Pr\u00e4positionen in der Regel nach dem Substantiv, das sie modifizieren, und bilden eine einzige Einheit, die als postpositionale Phrase bezeichnet wird. Das Verst\u00e4ndnis der korrekten Verwendung dieser <a href=\"https:\/\/talkpal.ai\/ja\/grammar\/%e7%b2%92%e5%ad%90%e3%81%b8\/\">Partikel<\/a> ist entscheidend f\u00fcr die Konstruktion koh\u00e4renter koreanischer S\u00e4tze.<\/p>\n\n\n\n<h3 class=\"wp-block-heading\" id=\"h-7-sentence-structure\">7. Satzbau:<\/h3>\n\n\n\n<p>Die Grundstruktur eines koreanischen Satzes ist Subjekt-Objekt-Verb (SOV). Das bedeutet, dass das Verb in der Regel an letzter Stelle eines Satzes steht, was f\u00fcr Englischsprachige eine erhebliche \u00c4nderung darstellen kann. Das Erlernen der richtigen Wortstellung und Satzstruktur erm\u00f6glicht es Ihnen, effektiver auf Koreanisch zu kommunizieren.<\/p>\n\n\n\n<h3 class=\"wp-block-heading\" id=\"h-8-tenses-indicative-and-subjunctive\">8. Zeitformen Indikativ und Konjunktiv:<\/h3>\n\n\n\n<p>Im Koreanischen gibt es verschiedene Verbformen, um vergangene, gegenw\u00e4rtige und zuk\u00fcnftige Handlungen oder Zust\u00e4nde auszudr\u00fccken. Der Indikativ wird f\u00fcr Tatsachenbehauptungen verwendet, w\u00e4hrend der Konjunktiv Unsicherheit, M\u00f6glichkeit oder hypothetische Situationen vermittelt. Das richtige Erkennen und Verwenden dieser Verbformen ist f\u00fcr eine klare Kommunikation im Koreanischen unerl\u00e4sslich.<\/p>\n\n\n\n<h3 class=\"wp-block-heading\" id=\"h-9-tense-comparison\">9. Angespannter Vergleich:<\/h3>\n\n\n\n<p>Um Ereignisse in verschiedenen Zeitr\u00e4umen zu vergleichen, muss man die Nuancen der koreanischen Verbkonjugation verstehen. Indem du lernst, wie du vergangene, gegenw\u00e4rtige und zuk\u00fcnftige Ereignisse mit geeigneten Verbformen vergleichst, kannst du komplexe Ideen und Beziehungen auf Koreanisch vermitteln.<\/p>\n\n\n\n<h3 class=\"wp-block-heading\" id=\"h-10-articles\">10. Artikel:<\/h3>\n\n\n\n<p>Im Gegensatz zum Englischen gibt es im Koreanischen keine bestimmten oder unbestimmten Artikel. Stattdessen verl\u00e4sst sich die Sprache auf den Kontext und die Verwendung bestimmter Partikel, um die Bestimmtheit oder Unbestimmtheit eines Substantivs zu vermitteln. Wenn Sie diese Partikel beherrschen, k\u00f6nnen Sie sich genauer auf Koreanisch ausdr\u00fccken.<\/p>\n<\/div><\/div>\n\r\n<section class=\"learnNavigationSection\">\r\n            \r\n        <a href=\"https:\/\/talkpal.ai\/de\/koreanisch-lernen\/\">\r\n            <div class=\"learnNavigationWrapper\">\r\n                <div class=\"learnNavigationContent\">\r\n                    <img decoding=\"async\" src=\"https:\/\/talkpal.ai\/wp-content\/uploads\/2024\/08\/Korean.jpg\" alt=\"Korean Flag\">\r\n                    <div>\r\n                        <h4>\u00dcber Koreanisch lernen<\/h4>\r\n                        <p>Erfahren Sie alles \u00fcber die koreanische Grammatik.<\/p>\r\n                    <\/div>\r\n                <\/div>\r\n            <\/div>\r\n        <\/a>\r\n\r\n        \r\n        <a href=\"https:\/\/talkpal.ai\/de\/koreanische-grammatik\/\">\r\n            <div class=\"learnNavigationWrapper\">\r\n                <div class=\"learnNavigationContent\">\r\n                    <img decoding=\"async\" src=\"https:\/\/talkpal.ai\/wp-content\/uploads\/2024\/08\/Korean.jpg\" alt=\"Korean Flag\">\r\n                    <div>\r\n                        <h4>Koreanische Grammatik Lektionen<\/h4>\r\n                        <p>\u00dcbe die koreanische Grammatik .<\/p>\r\n                    <\/div>\r\n                <\/div>\r\n            <\/div>\r\n        <\/a>\r\n\r\n        \r\n        <a href=\"https:\/\/talkpal.ai\/vocabulary_language\/korean\/\">\r\n            <div class=\"learnNavigationWrapper\">\r\n                <div class=\"learnNavigationContent\">\r\n                    <img decoding=\"async\" src=\"https:\/\/talkpal.ai\/wp-content\/uploads\/2024\/08\/Korean.jpg\" alt=\"Korean Flag\">\r\n                    <div>\r\n                        <h4>Koreanisch Wortschatz<\/h4>\r\n                        <p>Erweitern Sie Ihren koreanischen Wortschatz.<\/p>\r\n                    <\/div>\r\n                <\/div>\r\n            <\/div>\r\n        <\/a>\r\n\r\n            <\/section>","protected":false},"excerpt":{"rendered":"<p>Koreanische Grammatikthemen Koreanisch zu lernen kann eine aufregende und lohnende Erfahrung sein, da es neue kulturelle und berufliche M\u00f6glichkeiten er\u00f6ffnet. Die koreanische Sprache hat eine reiche Geschichte und wird von Millionen von Menschen auf der ganzen Welt gesprochen. Einer der wichtigsten Aspekte beim Erlernen einer Sprache ist das Verst\u00e4ndnis der Grammatik. Im Falle des Koreanischen [&hellip;]<\/p>\n","protected":false},"author":6,"featured_media":11608,"parent":0,"menu_order":0,"comment_status":"closed","ping_status":"closed","template":"LearningContentPage.php","meta":{"_acf_changed":false,"footnotes":""},"class_list":["post-74159","page","type-page","status-publish","has-post-thumbnail","hentry"],"acf":[],"yoast_head":"<!-- This site is optimized with the Yoast SEO Premium plugin v27.2 (Yoast SEO v27.2) - https:\/\/yoast.com\/product\/yoast-seo-premium-wordpress\/ -->\n<title>Koreanische Grammatik\u00fcbungen - Talkpal<\/title>\n<meta name=\"description\" content=\"Verbessern Sie ganz einfach Ihre koreanische Grammatik - \u00fcben Sie mit interaktiven \u00dcbungen, meistern Sie Sprachmuster und bauen Sie Selbstvertrauen auf\" \/>\n<meta name=\"robots\" content=\"index, follow, max-snippet:-1, max-image-preview:large, max-video-preview:-1\" \/>\n<link rel=\"canonical\" href=\"https:\/\/talkpal.ai\/de\/koreanische-grammatikuebungen\/\" \/>\n<meta property=\"og:locale\" content=\"de_DE\" \/>\n<meta property=\"og:type\" content=\"article\" \/>\n<meta property=\"og:title\" content=\"Koreanische Grammatik\u00fcbungen\" \/>\n<meta property=\"og:description\" content=\"Koreanische Grammatikthemen Koreanisch zu lernen kann eine aufregende und lohnende Erfahrung sein, da es neue kulturelle und berufliche M\u00f6glichkeiten\" \/>\n<meta property=\"og:url\" content=\"https:\/\/talkpal.ai\/de\/koreanische-grammatikuebungen\/\" \/>\n<meta property=\"og:site_name\" content=\"Talkpal\" \/>\n<meta property=\"article:publisher\" content=\"https:\/\/www.facebook.com\/profile.php?id=100090733639311\" \/>\n<meta property=\"article:modified_time\" content=\"2025-12-17T16:57:59+00:00\" \/>\n<meta property=\"og:image\" content=\"https:\/\/talkpal.ai\/wp-content\/uploads\/2023\/04\/south-korea.png\" \/>\n\t<meta property=\"og:image:width\" content=\"512\" \/>\n\t<meta property=\"og:image:height\" content=\"512\" \/>\n\t<meta property=\"og:image:type\" content=\"image\/png\" \/>\n<meta name=\"twitter:card\" content=\"summary_large_image\" \/>\n<meta name=\"twitter:site\" content=\"@talkpalai\" \/>\n<meta name=\"twitter:label1\" content=\"Gesch\u00e4tzte Lesezeit\" \/>\n\t<meta name=\"twitter:data1\" content=\"3\u00a0Minuten\" \/>\n<script type=\"application\/ld+json\" class=\"yoast-schema-graph\">{\"@context\":\"https:\/\/schema.org\",\"@graph\":[{\"@type\":\"WebPage\",\"@id\":\"https:\/\/talkpal.ai\/de\/koreanische-grammatikuebungen\/\",\"url\":\"https:\/\/talkpal.ai\/de\/koreanische-grammatikuebungen\/\",\"name\":\"Koreanische Grammatik\u00fcbungen - Talkpal\",\"isPartOf\":{\"@id\":\"https:\/\/talkpal.ai\/de\/#website\"},\"primaryImageOfPage\":{\"@id\":\"https:\/\/talkpal.ai\/de\/koreanische-grammatikuebungen\/#primaryimage\"},\"image\":{\"@id\":\"https:\/\/talkpal.ai\/de\/koreanische-grammatikuebungen\/#primaryimage\"},\"thumbnailUrl\":\"https:\/\/talkpal.ai\/wp-content\/uploads\/2023\/04\/south-korea.png\",\"datePublished\":\"2023-06-16T10:27:33+00:00\",\"dateModified\":\"2025-12-17T16:57:59+00:00\",\"description\":\"Verbessern Sie ganz einfach Ihre koreanische Grammatik - \u00fcben Sie mit interaktiven \u00dcbungen, meistern Sie Sprachmuster und bauen Sie Selbstvertrauen auf\",\"breadcrumb\":{\"@id\":\"https:\/\/talkpal.ai\/de\/koreanische-grammatikuebungen\/#breadcrumb\"},\"inLanguage\":\"de\",\"potentialAction\":[{\"@type\":\"ReadAction\",\"target\":[\"https:\/\/talkpal.ai\/de\/koreanische-grammatikuebungen\/\"]}]},{\"@type\":\"ImageObject\",\"inLanguage\":\"de\",\"@id\":\"https:\/\/talkpal.ai\/de\/koreanische-grammatikuebungen\/#primaryimage\",\"url\":\"https:\/\/talkpal.ai\/wp-content\/uploads\/2023\/04\/south-korea.png\",\"contentUrl\":\"https:\/\/talkpal.ai\/wp-content\/uploads\/2023\/04\/south-korea.png\",\"width\":512,\"height\":512},{\"@type\":\"BreadcrumbList\",\"@id\":\"https:\/\/talkpal.ai\/de\/koreanische-grammatikuebungen\/#breadcrumb\",\"itemListElement\":[{\"@type\":\"ListItem\",\"position\":1,\"name\":\"Homepage\",\"item\":\"https:\/\/talkpal.ai\/de\/\"},{\"@type\":\"ListItem\",\"position\":2,\"name\":\"Koreanische Grammatik\u00fcbungen\"}]},{\"@type\":\"WebSite\",\"@id\":\"https:\/\/talkpal.ai\/de\/#website\",\"url\":\"https:\/\/talkpal.ai\/de\/\",\"name\":\"Talkpal\",\"description\":\"AI Language Learning\",\"publisher\":{\"@id\":\"https:\/\/talkpal.ai\/de\/#organization\"},\"alternateName\":\"Talkpal AI\",\"potentialAction\":[{\"@type\":\"SearchAction\",\"target\":{\"@type\":\"EntryPoint\",\"urlTemplate\":\"https:\/\/talkpal.ai\/de\/?s={search_term_string}\"},\"query-input\":{\"@type\":\"PropertyValueSpecification\",\"valueRequired\":true,\"valueName\":\"search_term_string\"}}],\"inLanguage\":\"de\"},{\"@type\":\"Organization\",\"@id\":\"https:\/\/talkpal.ai\/de\/#organization\",\"name\":\"Talkpal, Inc.\",\"alternateName\":\"Talkpal AI\",\"url\":\"https:\/\/talkpal.ai\/de\/\",\"logo\":{\"@type\":\"ImageObject\",\"inLanguage\":\"de\",\"@id\":\"https:\/\/talkpal.ai\/de\/#\/schema\/logo\/image\/\",\"url\":\"https:\/\/talkpal.ai\/wp-content\/uploads\/2024\/03\/Talkpal-Logo-Icon.png\",\"contentUrl\":\"https:\/\/talkpal.ai\/wp-content\/uploads\/2024\/03\/Talkpal-Logo-Icon.png\",\"width\":2880,\"height\":2880,\"caption\":\"Talkpal, Inc.\"},\"image\":{\"@id\":\"https:\/\/talkpal.ai\/de\/#\/schema\/logo\/image\/\"},\"sameAs\":[\"https:\/\/www.facebook.com\/profile.php?id=100090733639311\",\"https:\/\/x.com\/talkpalai\",\"https:\/\/www.linkedin.com\/company\/talkpal\/\",\"https:\/\/www.youtube.com\/@TalkPal\/\",\"https:\/\/www.tiktok.com\/@talkpal\",\"https:\/\/www.instagram.com\/talkpal_ai\/\",\"https:\/\/www.crunchbase.com\/organization\/talkpal-9cde\",\"https:\/\/www.g2.com\/products\/talkpal-for-business\/\",\"https:\/\/www.trustpilot.com\/review\/talkpal.ai\",\"https:\/\/www.capterra.com\/p\/10006800\/TalkPal\/\"],\"description\":\"Talkpal is a language learning web and mobile education app, powered by the latest AI technologies, that provides engaging experiences to its customers in many different languages to help them improve their language skills. Users can chat about unlimited amount of topics with the app and use other modes to practice their language learning.\",\"email\":\"support@talkpal.ai\",\"legalName\":\"Talkpal, Inc.\",\"foundingDate\":\"2023-04-03\",\"duns\":\"118989042\",\"numberOfEmployees\":{\"@type\":\"QuantitativeValue\",\"minValue\":\"11\",\"maxValue\":\"50\"},\"publishingPrinciples\":\"https:\/\/talkpal.ai\/publishing-principles\/\",\"actionableFeedbackPolicy\":\"https:\/\/talkpal.ai\/actionable-feedback-policy\/\",\"correctionsPolicy\":\"https:\/\/talkpal.ai\/corrections-policy\/\",\"ethicsPolicy\":\"https:\/\/talkpal.ai\/ethics-policy\/\",\"diversityPolicy\":\"https:\/\/talkpal.ai\/diversity-policy\/\",\"diversityStaffingReport\":\"https:\/\/talkpal.ai\/diversity-policy\/\"}]}<\/script>\n<!-- \/ Yoast SEO Premium plugin. -->","yoast_head_json":{"title":"Koreanische Grammatik\u00fcbungen - Talkpal","description":"Verbessern Sie ganz einfach Ihre koreanische Grammatik - \u00fcben Sie mit interaktiven \u00dcbungen, meistern Sie Sprachmuster und bauen Sie Selbstvertrauen auf","robots":{"index":"index","follow":"follow","max-snippet":"max-snippet:-1","max-image-preview":"max-image-preview:large","max-video-preview":"max-video-preview:-1"},"canonical":"https:\/\/talkpal.ai\/de\/koreanische-grammatikuebungen\/","og_locale":"de_DE","og_type":"article","og_title":"Koreanische Grammatik\u00fcbungen","og_description":"Koreanische Grammatikthemen Koreanisch zu lernen kann eine aufregende und lohnende Erfahrung sein, da es neue kulturelle und berufliche M\u00f6glichkeiten","og_url":"https:\/\/talkpal.ai\/de\/koreanische-grammatikuebungen\/","og_site_name":"Talkpal","article_publisher":"https:\/\/www.facebook.com\/profile.php?id=100090733639311","article_modified_time":"2025-12-17T16:57:59+00:00","og_image":[{"width":512,"height":512,"url":"https:\/\/talkpal.ai\/wp-content\/uploads\/2023\/04\/south-korea.png","type":"image\/png"}],"twitter_card":"summary_large_image","twitter_site":"@talkpalai","twitter_misc":{"Gesch\u00e4tzte Lesezeit":"3\u00a0Minuten"},"schema":{"@context":"https:\/\/schema.org","@graph":[{"@type":"WebPage","@id":"https:\/\/talkpal.ai\/de\/koreanische-grammatikuebungen\/","url":"https:\/\/talkpal.ai\/de\/koreanische-grammatikuebungen\/","name":"Koreanische Grammatik\u00fcbungen - Talkpal","isPartOf":{"@id":"https:\/\/talkpal.ai\/de\/#website"},"primaryImageOfPage":{"@id":"https:\/\/talkpal.ai\/de\/koreanische-grammatikuebungen\/#primaryimage"},"image":{"@id":"https:\/\/talkpal.ai\/de\/koreanische-grammatikuebungen\/#primaryimage"},"thumbnailUrl":"https:\/\/talkpal.ai\/wp-content\/uploads\/2023\/04\/south-korea.png","datePublished":"2023-06-16T10:27:33+00:00","dateModified":"2025-12-17T16:57:59+00:00","description":"Verbessern Sie ganz einfach Ihre koreanische Grammatik - \u00fcben Sie mit interaktiven \u00dcbungen, meistern Sie Sprachmuster und bauen Sie Selbstvertrauen auf","breadcrumb":{"@id":"https:\/\/talkpal.ai\/de\/koreanische-grammatikuebungen\/#breadcrumb"},"inLanguage":"de","potentialAction":[{"@type":"ReadAction","target":["https:\/\/talkpal.ai\/de\/koreanische-grammatikuebungen\/"]}]},{"@type":"ImageObject","inLanguage":"de","@id":"https:\/\/talkpal.ai\/de\/koreanische-grammatikuebungen\/#primaryimage","url":"https:\/\/talkpal.ai\/wp-content\/uploads\/2023\/04\/south-korea.png","contentUrl":"https:\/\/talkpal.ai\/wp-content\/uploads\/2023\/04\/south-korea.png","width":512,"height":512},{"@type":"BreadcrumbList","@id":"https:\/\/talkpal.ai\/de\/koreanische-grammatikuebungen\/#breadcrumb","itemListElement":[{"@type":"ListItem","position":1,"name":"Homepage","item":"https:\/\/talkpal.ai\/de\/"},{"@type":"ListItem","position":2,"name":"Koreanische Grammatik\u00fcbungen"}]},{"@type":"WebSite","@id":"https:\/\/talkpal.ai\/de\/#website","url":"https:\/\/talkpal.ai\/de\/","name":"Talkpal","description":"AI Language Learning","publisher":{"@id":"https:\/\/talkpal.ai\/de\/#organization"},"alternateName":"Talkpal AI","potentialAction":[{"@type":"SearchAction","target":{"@type":"EntryPoint","urlTemplate":"https:\/\/talkpal.ai\/de\/?s={search_term_string}"},"query-input":{"@type":"PropertyValueSpecification","valueRequired":true,"valueName":"search_term_string"}}],"inLanguage":"de"},{"@type":"Organization","@id":"https:\/\/talkpal.ai\/de\/#organization","name":"Talkpal, Inc.","alternateName":"Talkpal AI","url":"https:\/\/talkpal.ai\/de\/","logo":{"@type":"ImageObject","inLanguage":"de","@id":"https:\/\/talkpal.ai\/de\/#\/schema\/logo\/image\/","url":"https:\/\/talkpal.ai\/wp-content\/uploads\/2024\/03\/Talkpal-Logo-Icon.png","contentUrl":"https:\/\/talkpal.ai\/wp-content\/uploads\/2024\/03\/Talkpal-Logo-Icon.png","width":2880,"height":2880,"caption":"Talkpal, Inc."},"image":{"@id":"https:\/\/talkpal.ai\/de\/#\/schema\/logo\/image\/"},"sameAs":["https:\/\/www.facebook.com\/profile.php?id=100090733639311","https:\/\/x.com\/talkpalai","https:\/\/www.linkedin.com\/company\/talkpal\/","https:\/\/www.youtube.com\/@TalkPal\/","https:\/\/www.tiktok.com\/@talkpal","https:\/\/www.instagram.com\/talkpal_ai\/","https:\/\/www.crunchbase.com\/organization\/talkpal-9cde","https:\/\/www.g2.com\/products\/talkpal-for-business\/","https:\/\/www.trustpilot.com\/review\/talkpal.ai","https:\/\/www.capterra.com\/p\/10006800\/TalkPal\/"],"description":"Talkpal is a language learning web and mobile education app, powered by the latest AI technologies, that provides engaging experiences to its customers in many different languages to help them improve their language skills. Users can chat about unlimited amount of topics with the app and use other modes to practice their language learning.","email":"support@talkpal.ai","legalName":"Talkpal, Inc.","foundingDate":"2023-04-03","duns":"118989042","numberOfEmployees":{"@type":"QuantitativeValue","minValue":"11","maxValue":"50"},"publishingPrinciples":"https:\/\/talkpal.ai\/publishing-principles\/","actionableFeedbackPolicy":"https:\/\/talkpal.ai\/actionable-feedback-policy\/","correctionsPolicy":"https:\/\/talkpal.ai\/corrections-policy\/","ethicsPolicy":"https:\/\/talkpal.ai\/ethics-policy\/","diversityPolicy":"https:\/\/talkpal.ai\/diversity-policy\/","diversityStaffingReport":"https:\/\/talkpal.ai\/diversity-policy\/"}]}},"_links":{"self":[{"href":"https:\/\/talkpal.ai\/de\/wp-json\/wp\/v2\/pages\/74159","targetHints":{"allow":["GET"]}}],"collection":[{"href":"https:\/\/talkpal.ai\/de\/wp-json\/wp\/v2\/pages"}],"about":[{"href":"https:\/\/talkpal.ai\/de\/wp-json\/wp\/v2\/types\/page"}],"author":[{"embeddable":true,"href":"https:\/\/talkpal.ai\/de\/wp-json\/wp\/v2\/users\/6"}],"replies":[{"embeddable":true,"href":"https:\/\/talkpal.ai\/de\/wp-json\/wp\/v2\/comments?post=74159"}],"version-history":[{"count":0,"href":"https:\/\/talkpal.ai\/de\/wp-json\/wp\/v2\/pages\/74159\/revisions"}],"wp:featuredmedia":[{"embeddable":true,"href":"https:\/\/talkpal.ai\/de\/wp-json\/wp\/v2\/media\/11608"}],"wp:attachment":[{"href":"https:\/\/talkpal.ai\/de\/wp-json\/wp\/v2\/media?parent=74159"}],"curies":[{"name":"wp","href":"https:\/\/api.w.org\/{rel}","templated":true}]}}