{"id":74118,"date":"2023-06-16T12:01:29","date_gmt":"2023-06-16T12:01:29","guid":{"rendered":"http:\/\/talkpal.ai\/bosnische-grammatikuebungen\/"},"modified":"2025-05-23T12:07:04","modified_gmt":"2025-05-23T12:07:04","slug":"bosnische-grammatikuebungen","status":"publish","type":"page","link":"https:\/\/talkpal.ai\/de\/bosnische-grammatikuebungen\/","title":{"rendered":"Bosnische Grammatik\u00fcbungen"},"content":{"rendered":"\r\n\r\n\r\n<section class=\"languageChallengeSection\">\r\n    <div class=\"languageInfoWrapper\">\r\n        \r\n        <h1>Bosnische Grammatik\u00fcbungen<\/h1>\r\n        <p>Sind Sie bereit, mehr Selbstvertrauen in <a href=\"https:\/\/talkpal.ai\/learn-bosnian\/\">Bosnisch<\/a> zu bekommen? Grammatik\u00fcbungen sind eine gute M\u00f6glichkeit, die Satzstruktur, die Verbformen und die charakteristischen Muster der bosnischen Sprache zu beherrschen. Fangen Sie noch heute an, an der bosnischen Grammatik zu arbeiten und sehen Sie, wie Ihr Verst\u00e4ndnis und Ihre Sprachgewandtheit mit jeder \u00dcbung zunehmen!\n\n<\/p>\r\n\r\n                            <a class=\"getStartedHidden\" href=\"https:\/\/app.talkpal.ai\/de\/signup?lng=\">Leg los<\/a>\r\n        \r\n    <\/div>\r\n\r\n    <figure>\r\n    <img decoding=\"async\" width=\"768\" height=\"768\" src=\"https:\/\/talkpal.ai\/wp-content\/uploads\/2023\/06\/bosinian-768x768.png\" class=\"languageImage no-lazy\" alt=\"Default alt text\" fetchpriority=\"high\" sizes=\"(max-width: 768px) 150px, 768px\" srcset=\"https:\/\/talkpal.ai\/wp-content\/uploads\/2023\/06\/bosinian-768x768.png 768w, https:\/\/talkpal.ai\/wp-content\/uploads\/2023\/06\/bosinian-300x300.png 300w\" \/>\r\n    \r\n\r\n    <\/figure>\r\n\r\n            <a class=\"getStartedVisible\" href=\"https:\/\/app.talkpal.ai\/de\/signup?lng=\">Leg los<\/a>\r\n    \r\n<\/section>\r\n\r\n\r\n<!-- <section class=\"grammarSection\">\r\n    <div class=\"grammarLinks\">\r\n        <a href=\"https:\/\/talkpal.ai\/de\/exercise_language\/adjektive-bosnische-grammatik\/\">Adjektive <\/a><a href=\"https:\/\/talkpal.ai\/de\/exercise_language\/adverbien-bosnische-grammatik\/\">Adverbien <\/a><a href=\"https:\/\/talkpal.ai\/de\/exercise_language\/artikel-bosnische-grammatik\/\">Artikel \u2013 Bosnische Grammatik<\/a><a href=\"https:\/\/talkpal.ai\/de\/exercise_language\/konditionale-bosnische-grammatik\/\">Konditionale \u2013 Bosnische Grammatik<\/a><a href=\"https:\/\/talkpal.ai\/de\/exercise_language\/perfekt-progressiv-bosnische-grammatik\/\">Perfekt Progressiv \u2013 Bosnische Grammatik<\/a><a href=\"https:\/\/talkpal.ai\/de\/exercise_language\/prapositionen-bosnische-grammatik\/\">Pr\u00e4positionen \u2013 Bosnische Grammatik<\/a><a href=\"https:\/\/talkpal.ai\/de\/exercise_language\/progressiv-bosnische-grammatik\/\">Progressiv \u2013 Bosnische Grammatik<\/a><a href=\"https:\/\/talkpal.ai\/de\/exercise_language\/pronomen-determinanten-bosnische-grammatik\/\">Pronomen\/Determinanten \u2013 Bosnische Grammatik<\/a><a href=\"https:\/\/talkpal.ai\/de\/exercise_language\/satze-bosnische-grammatik\/\">S\u00e4tze \u2013 Bosnische Grammatik<\/a><a href=\"https:\/\/talkpal.ai\/de\/exercise_language\/substantive-bosnische-grammatik\/\">Substantive \u2013 Bosnische Grammatik<\/a><a href=\"https:\/\/talkpal.ai\/de\/exercise_language\/verben-bosnische-grammatik\/\">Verben <\/a><a href=\"https:\/\/talkpal.ai\/de\/exercise_language\/zeitformen-bosnische-grammatik\/\">Zeitformen <\/a><a href=\"https:\/\/talkpal.ai\/de\/exercise_language\/zeitvergleich-bosnische-grammatik\/\">Zeitvergleich <\/a>    <\/div>\r\n<\/section> -->\r\n\r\n\r\n\r\n\r\n        <section class=\"grammarSection\">\r\n            <div class=\"grammarLinks\">\r\n                <a href=\"https:\/\/talkpal.ai\/de\/exercise_language\/adjektive-bosnische-grammatik\/\">Adjektive <\/a><a href=\"https:\/\/talkpal.ai\/de\/exercise_language\/adverbien-bosnische-grammatik\/\">Adverbien <\/a><a href=\"https:\/\/talkpal.ai\/de\/exercise_language\/artikel-bosnische-grammatik\/\">Artikel \u2013 Bosnische Grammatik<\/a><a href=\"https:\/\/talkpal.ai\/de\/exercise_language\/konditionale-bosnische-grammatik\/\">Konditionale \u2013 Bosnische Grammatik<\/a><a href=\"https:\/\/talkpal.ai\/de\/exercise_language\/perfekt-progressiv-bosnische-grammatik\/\">Perfekt Progressiv \u2013 Bosnische Grammatik<\/a><a href=\"https:\/\/talkpal.ai\/de\/exercise_language\/prapositionen-bosnische-grammatik\/\">Pr\u00e4positionen \u2013 Bosnische Grammatik<\/a><a href=\"https:\/\/talkpal.ai\/de\/exercise_language\/progressiv-bosnische-grammatik\/\">Progressiv \u2013 Bosnische Grammatik<\/a><a href=\"https:\/\/talkpal.ai\/de\/exercise_language\/pronomen-determinanten-bosnische-grammatik\/\">Pronomen\/Determinanten \u2013 Bosnische Grammatik<\/a><a href=\"https:\/\/talkpal.ai\/de\/exercise_language\/satze-bosnische-grammatik\/\">S\u00e4tze \u2013 Bosnische Grammatik<\/a><a href=\"https:\/\/talkpal.ai\/de\/exercise_language\/substantive-bosnische-grammatik\/\">Substantive \u2013 Bosnische Grammatik<\/a><a href=\"https:\/\/talkpal.ai\/de\/exercise_language\/verben-bosnische-grammatik\/\">Verben <\/a><a href=\"https:\/\/talkpal.ai\/de\/exercise_language\/zeitformen-bosnische-grammatik\/\">Zeitformen <\/a><a href=\"https:\/\/talkpal.ai\/de\/exercise_language\/zeitvergleich-bosnische-grammatik\/\">Zeitvergleich <\/a>            <\/div>\r\n        <\/section>\r\n<section class=\"promotionalBanner\">\r\n    <p class=\"promotionalText\">Der effizienteste Weg, eine Sprache zu lernen<\/p>\r\n    <a class=\"promotionalLink\" href=\"https:\/\/app.talkpal.ai\/de\/signup?lng=\">Talkpal kostenlos<\/a>\r\n<\/section>\n<div class=\"wp-block-group pageContainerStyle\"><div class=\"wp-block-group__inner-container is-layout-constrained wp-block-group-is-layout-constrained\">\n<h2 class=\"wp-block-heading\" id=\"h-bosnian-grammar-topics\">Bosnische Grammatik<\/h2>\n\n\n\n<p>Bosnisch ist eine s\u00fcdslawische Sprache, die haupts\u00e4chlich in Bosnien und Herzegowina, Serbien, <a href=\"https:\/\/talkpal.ai\/locations\/language-courses-in-montenegro\/\">Montenegro<\/a> und Kroatien gesprochen wird. Es ist mit <a href=\"https:\/\/talkpal.ai\/learn-serbian\/\">Serbisch<\/a> und <a href=\"https:\/\/talkpal.ai\/learn-croatian\/\">Kroatisch<\/a> gegenseitig verst\u00e4ndlich und geh\u00f6rt zur standardisierten serbokroatischen Sprache. Bosnisch zu lernen kann eine faszinierende und lohnende Erfahrung sein, da es einen Einblick in die reiche Geschichte, Kultur und Traditionen der Balkanregion bietet. Um Bosnisch effektiv zu lernen, ist es wichtig, das Grammatiksystem zu verstehen, das verschiedene <a href=\"https:\/\/talkpal.ai\/zh-hans\/grammar_exercises\/zeitformen-%e5%be%b7%e5%9b%bd%e8%af%ad%e6%b3%95%e7%bb%83%e4%b9%a0\/\">Zeitformen<\/a>, Substantiv- und Adjektivformen sowie Satzstrukturen umfasst. In diesem Leitfaden werden wir die Reihenfolge der bosnischen Grammatikthemen untersuchen, um Ihnen zu helfen, die Sprache effizient zu beherrschen.<\/p>\n\n\n\n<h3 class=\"wp-block-heading\" id=\"h-1-nouns-and-articles\">1. Substantive und Artikel:<\/h3>\n\n\n\n<p>Beginnen Sie mit dem Erlernen der Substantive, die in drei Geschlechter unterteilt sind (maskulin, feminin, Neutrum) und Singular- und Pluralformen haben. Im Bosnischen gibt es keine Artikel wie im Englischen, aber es werden Demonstrativpronomen verwendet, um Besonderheiten anzuzeigen.<\/p>\n\n\n\n<h3 class=\"wp-block-heading\" id=\"h-2-adjectives\">2. Adjektive:<\/h3>\n\n\n\n<p>Adjektive stimmen mit Substantiven in Geschlecht, Zahl und Gro\u00df- und Kleinschreibung \u00fcberein. Lerne, wie du Adjektive bildest und verwendest, um Substantive genau zu beschreiben.<\/p>\n\n\n\n<h3 class=\"wp-block-heading\" id=\"h-3-pronouns-determiners\">3. Pronomen\/Determinanten:<\/h3>\n\n\n\n<p>Bosnische Pronomen und Determinanten stimmen auch mit Substantiven in Geschlecht, Zahl und Gro\u00df- und Kleinschreibung \u00fcberein. Lerne pers\u00f6nliche, possessive, demonstrative und fragende Pronomen, um deine Kommunikationsf\u00e4higkeiten zu verbessern.<\/p>\n\n\n\n<h3 class=\"wp-block-heading\" id=\"h-4-verbs\">4. Verben:<\/h3>\n\n\n\n<p>Machen Sie sich mit regelm\u00e4\u00dfigen und unregelm\u00e4\u00dfigen Verben, ihren Konjugationsmustern und der Unterscheidung zwischen perfektiven und imperfektiven Aspekten vertraut.<\/p>\n\n\n\n<h3 class=\"wp-block-heading\" id=\"h-5-tenses\">5. Zeitformen:<\/h3>\n\n\n\n<p>Bosnisch hat drei Zeitformen: Vergangenheit, Gegenwart und Zukunft. Lerne, wie du diese Zeitformen bildest und verwendest, um Handlungen und Ereignisse in verschiedenen Zeitr\u00e4umen auszudr\u00fccken.<\/p>\n\n\n\n<h3 class=\"wp-block-heading\" id=\"h-6-tense-comparison\">6. Angespannter Vergleich:<\/h3>\n\n\n\n<p>Verstehen Sie die Unterschiede und Gemeinsamkeiten zwischen den Zeitformen und konzentrieren Sie sich auf ihre Verwendung in verschiedenen Kontexten.<\/p>\n\n\n\n<h3 class=\"wp-block-heading\" id=\"h-7-progressive-and-perfect-progressive\">7. Progressive und Perfect Progressive:<\/h3>\n\n\n\n<p>Bosnisch hat kein direktes \u00c4quivalent zum englischen progressiven und perfekten progressiven Zeitformen. Es verwendet jedoch den verbalen Aspekt (perfektiv und imperfektiv), um \u00e4hnliche Bedeutungen zu vermitteln.<\/p>\n\n\n\n<h3 class=\"wp-block-heading\" id=\"h-8-adverbs\">8. Adverbien:<\/h3>\n\n\n\n<p>Studiere <a href=\"https:\/\/talkpal.ai\/ar\/grammar_exercises\/adverbien-%d8%aa%d9%85%d8%a7%d8%b1%d9%8a%d9%86-%d9%84%d9%84%d9%82%d9%88%d8%a7%d8%b9%d8%af-%d8%a7%d9%84%d8%a3%d9%84%d9%85%d8%a7%d9%86%d9%8a%d8%a9\/\">Adverbien<\/a> und ihre Platzierung in S\u00e4tzen, um Zeit, Art und Grad auszudr\u00fccken.<\/p>\n\n\n\n<h3 class=\"wp-block-heading\" id=\"h-9-conditionals\">9. Bedingungen:<\/h3>\n\n\n\n<p>Lerne, wie du Konditionals\u00e4tze (real und irreal) bildest und verwendest, um hypothetische Situationen und ihre Konsequenzen auszudr\u00fccken.<\/p>\n\n\n\n<h3 class=\"wp-block-heading\" id=\"h-10-prepositions\">10. Pr\u00e4positionen:<\/h3>\n\n\n\n<p>Pr\u00e4positionen sind wichtig, um Beziehungen zwischen W\u00f6rtern und Phrasen anzuzeigen. Erfahren Sie, wie Sie sie in verschiedenen Kontexten genau einsetzen k\u00f6nnen.<\/p>\n\n\n\n<h3 class=\"wp-block-heading\" id=\"h-11-sentences\">11. S\u00e4tze:<\/h3>\n\n\n\n<p>\u00dcben Sie schlie\u00dflich, einfache und komplexe S\u00e4tze mit allen Grammatikelementen zu bilden, die Sie gelernt haben. Dies wird Ihnen helfen, eine solide Grundlage in Bosnisch zu entwickeln und effektiv mit Muttersprachlern zu kommunizieren.<\/p>\n<\/div><\/div>\n\r\n<section class=\"learnNavigationSection\">\r\n            \r\n        <a href=\"https:\/\/talkpal.ai\/de\/bosnisch-lernen\/\">\r\n            <div class=\"learnNavigationWrapper\">\r\n                <div class=\"learnNavigationContent\">\r\n                    <img decoding=\"async\" src=\"https:\/\/talkpal.ai\/wp-content\/uploads\/2024\/08\/Bosnian.jpg\" alt=\"Bosnian Flag\">\r\n                    <div>\r\n                        <h4>\u00dcber Bosnisch lernen<\/h4>\r\n                        <p>Erfahren Sie alles \u00fcber die bosnische Grammatik.<\/p>\r\n                    <\/div>\r\n                <\/div>\r\n            <\/div>\r\n        <\/a>\r\n\r\n        \r\n        <a href=\"https:\/\/talkpal.ai\/de\/bosnische-grammatik\/\">\r\n            <div class=\"learnNavigationWrapper\">\r\n                <div class=\"learnNavigationContent\">\r\n                    <img decoding=\"async\" src=\"https:\/\/talkpal.ai\/wp-content\/uploads\/2024\/08\/Bosnian.jpg\" alt=\"Bosnian Flag\">\r\n                    <div>\r\n                        <h4>Bosnischer Grammatikunterricht<\/h4>\r\n                        <p>\u00dcbe die bosnische Grammatik .<\/p>\r\n                    <\/div>\r\n                <\/div>\r\n            <\/div>\r\n        <\/a>\r\n\r\n        \r\n        <a href=\"https:\/\/talkpal.ai\/vocabulary_language\/bosnian\/\">\r\n            <div class=\"learnNavigationWrapper\">\r\n                <div class=\"learnNavigationContent\">\r\n                    <img decoding=\"async\" src=\"https:\/\/talkpal.ai\/wp-content\/uploads\/2024\/08\/Bosnian.jpg\" alt=\"Bosnian Flag\">\r\n                    <div>\r\n                        <h4>Bosnisch Wortschatz<\/h4>\r\n                        <p>Erweitern Sie Ihr bosnisches Vokabular.<\/p>\r\n                    <\/div>\r\n                <\/div>\r\n            <\/div>\r\n        <\/a>\r\n\r\n            <\/section>","protected":false},"excerpt":{"rendered":"<p>Bosnische Grammatik Bosnisch ist eine s\u00fcdslawische Sprache, die haupts\u00e4chlich in Bosnien und Herzegowina, Serbien, Montenegro und Kroatien gesprochen wird. Es ist mit Serbisch und Kroatisch gegenseitig verst\u00e4ndlich und geh\u00f6rt zur standardisierten serbokroatischen Sprache. Bosnisch zu lernen kann eine faszinierende und lohnende Erfahrung sein, da es einen Einblick in die reiche Geschichte, Kultur und Traditionen der [&hellip;]<\/p>\n","protected":false},"author":6,"featured_media":28205,"parent":0,"menu_order":0,"comment_status":"closed","ping_status":"closed","template":"LearningContentPage.php","meta":{"_acf_changed":false,"footnotes":""},"class_list":["post-74118","page","type-page","status-publish","has-post-thumbnail","hentry"],"acf":[],"yoast_head":"<!-- This site is optimized with the Yoast SEO Premium plugin v27.2 (Yoast SEO v27.2) - https:\/\/yoast.com\/product\/yoast-seo-premium-wordpress\/ -->\n<title>Bosnische Grammatik\u00fcbungen - Talkpal<\/title>\n<meta name=\"description\" content=\"Beherrschen Sie Bosnisch mit ansprechenden bosnischen Grammatik\u00fcbungen, die Ihr Verst\u00e4ndnis von Satzstrukturen und Zeitformen verbessern.\" \/>\n<meta name=\"robots\" content=\"index, follow, max-snippet:-1, max-image-preview:large, max-video-preview:-1\" \/>\n<link rel=\"canonical\" href=\"https:\/\/talkpal.ai\/de\/bosnische-grammatikuebungen\/\" \/>\n<meta property=\"og:locale\" content=\"de_DE\" \/>\n<meta property=\"og:type\" content=\"article\" \/>\n<meta property=\"og:title\" content=\"Bosnische Grammatik\u00fcbungen\" \/>\n<meta property=\"og:description\" content=\"Bosnische Grammatik Bosnisch ist eine s\u00fcdslawische Sprache, die haupts\u00e4chlich in Bosnien und Herzegowina, Serbien, Montenegro und Kroatien gesprochen\" \/>\n<meta property=\"og:url\" content=\"https:\/\/talkpal.ai\/de\/bosnische-grammatikuebungen\/\" \/>\n<meta property=\"og:site_name\" content=\"Talkpal\" \/>\n<meta property=\"article:publisher\" content=\"https:\/\/www.facebook.com\/profile.php?id=100090733639311\" \/>\n<meta property=\"article:modified_time\" content=\"2025-05-23T12:07:04+00:00\" \/>\n<meta property=\"og:image\" content=\"https:\/\/talkpal.ai\/wp-content\/uploads\/2023\/05\/bosnia-and-herzegovina.png\" \/>\n\t<meta property=\"og:image:width\" content=\"512\" \/>\n\t<meta property=\"og:image:height\" content=\"512\" \/>\n\t<meta property=\"og:image:type\" content=\"image\/png\" \/>\n<meta name=\"twitter:card\" content=\"summary_large_image\" \/>\n<meta name=\"twitter:site\" content=\"@talkpalai\" \/>\n<meta name=\"twitter:label1\" content=\"Gesch\u00e4tzte Lesezeit\" \/>\n\t<meta name=\"twitter:data1\" content=\"2\u00a0Minuten\" \/>\n<script type=\"application\/ld+json\" class=\"yoast-schema-graph\">{\"@context\":\"https:\/\/schema.org\",\"@graph\":[{\"@type\":\"WebPage\",\"@id\":\"https:\/\/talkpal.ai\/de\/bosnische-grammatikuebungen\/\",\"url\":\"https:\/\/talkpal.ai\/de\/bosnische-grammatikuebungen\/\",\"name\":\"Bosnische Grammatik\u00fcbungen - Talkpal\",\"isPartOf\":{\"@id\":\"https:\/\/talkpal.ai\/de\/#website\"},\"primaryImageOfPage\":{\"@id\":\"https:\/\/talkpal.ai\/de\/bosnische-grammatikuebungen\/#primaryimage\"},\"image\":{\"@id\":\"https:\/\/talkpal.ai\/de\/bosnische-grammatikuebungen\/#primaryimage\"},\"thumbnailUrl\":\"https:\/\/talkpal.ai\/wp-content\/uploads\/2023\/05\/bosnia-and-herzegovina.png\",\"datePublished\":\"2023-06-16T12:01:29+00:00\",\"dateModified\":\"2025-05-23T12:07:04+00:00\",\"description\":\"Beherrschen Sie Bosnisch mit ansprechenden bosnischen Grammatik\u00fcbungen, die Ihr Verst\u00e4ndnis von Satzstrukturen und Zeitformen verbessern.\",\"breadcrumb\":{\"@id\":\"https:\/\/talkpal.ai\/de\/bosnische-grammatikuebungen\/#breadcrumb\"},\"inLanguage\":\"de\",\"potentialAction\":[{\"@type\":\"ReadAction\",\"target\":[\"https:\/\/talkpal.ai\/de\/bosnische-grammatikuebungen\/\"]}]},{\"@type\":\"ImageObject\",\"inLanguage\":\"de\",\"@id\":\"https:\/\/talkpal.ai\/de\/bosnische-grammatikuebungen\/#primaryimage\",\"url\":\"https:\/\/talkpal.ai\/wp-content\/uploads\/2023\/05\/bosnia-and-herzegovina.png\",\"contentUrl\":\"https:\/\/talkpal.ai\/wp-content\/uploads\/2023\/05\/bosnia-and-herzegovina.png\",\"width\":512,\"height\":512},{\"@type\":\"BreadcrumbList\",\"@id\":\"https:\/\/talkpal.ai\/de\/bosnische-grammatikuebungen\/#breadcrumb\",\"itemListElement\":[{\"@type\":\"ListItem\",\"position\":1,\"name\":\"Homepage\",\"item\":\"https:\/\/talkpal.ai\/de\/\"},{\"@type\":\"ListItem\",\"position\":2,\"name\":\"Bosnische Grammatik\u00fcbungen\"}]},{\"@type\":\"WebSite\",\"@id\":\"https:\/\/talkpal.ai\/de\/#website\",\"url\":\"https:\/\/talkpal.ai\/de\/\",\"name\":\"Talkpal\",\"description\":\"AI Language Learning\",\"publisher\":{\"@id\":\"https:\/\/talkpal.ai\/de\/#organization\"},\"alternateName\":\"Talkpal AI\",\"potentialAction\":[{\"@type\":\"SearchAction\",\"target\":{\"@type\":\"EntryPoint\",\"urlTemplate\":\"https:\/\/talkpal.ai\/de\/?s={search_term_string}\"},\"query-input\":{\"@type\":\"PropertyValueSpecification\",\"valueRequired\":true,\"valueName\":\"search_term_string\"}}],\"inLanguage\":\"de\"},{\"@type\":\"Organization\",\"@id\":\"https:\/\/talkpal.ai\/de\/#organization\",\"name\":\"Talkpal, Inc.\",\"alternateName\":\"Talkpal AI\",\"url\":\"https:\/\/talkpal.ai\/de\/\",\"logo\":{\"@type\":\"ImageObject\",\"inLanguage\":\"de\",\"@id\":\"https:\/\/talkpal.ai\/de\/#\/schema\/logo\/image\/\",\"url\":\"https:\/\/talkpal.ai\/wp-content\/uploads\/2024\/03\/Talkpal-Logo-Icon.png\",\"contentUrl\":\"https:\/\/talkpal.ai\/wp-content\/uploads\/2024\/03\/Talkpal-Logo-Icon.png\",\"width\":2880,\"height\":2880,\"caption\":\"Talkpal, Inc.\"},\"image\":{\"@id\":\"https:\/\/talkpal.ai\/de\/#\/schema\/logo\/image\/\"},\"sameAs\":[\"https:\/\/www.facebook.com\/profile.php?id=100090733639311\",\"https:\/\/x.com\/talkpalai\",\"https:\/\/www.linkedin.com\/company\/talkpal\/\",\"https:\/\/www.youtube.com\/@TalkPal\/\",\"https:\/\/www.tiktok.com\/@talkpal\",\"https:\/\/www.instagram.com\/talkpal_ai\/\",\"https:\/\/www.crunchbase.com\/organization\/talkpal-9cde\",\"https:\/\/www.g2.com\/products\/talkpal-for-business\/\",\"https:\/\/www.trustpilot.com\/review\/talkpal.ai\",\"https:\/\/www.capterra.com\/p\/10006800\/TalkPal\/\"],\"description\":\"Talkpal is a language learning web and mobile education app, powered by the latest AI technologies, that provides engaging experiences to its customers in many different languages to help them improve their language skills. Users can chat about unlimited amount of topics with the app and use other modes to practice their language learning.\",\"email\":\"support@talkpal.ai\",\"legalName\":\"Talkpal, Inc.\",\"foundingDate\":\"2023-04-03\",\"duns\":\"118989042\",\"numberOfEmployees\":{\"@type\":\"QuantitativeValue\",\"minValue\":\"11\",\"maxValue\":\"50\"},\"publishingPrinciples\":\"https:\/\/talkpal.ai\/publishing-principles\/\",\"actionableFeedbackPolicy\":\"https:\/\/talkpal.ai\/actionable-feedback-policy\/\",\"correctionsPolicy\":\"https:\/\/talkpal.ai\/corrections-policy\/\",\"ethicsPolicy\":\"https:\/\/talkpal.ai\/ethics-policy\/\",\"diversityPolicy\":\"https:\/\/talkpal.ai\/diversity-policy\/\",\"diversityStaffingReport\":\"https:\/\/talkpal.ai\/diversity-policy\/\"}]}<\/script>\n<!-- \/ Yoast SEO Premium plugin. -->","yoast_head_json":{"title":"Bosnische Grammatik\u00fcbungen - Talkpal","description":"Beherrschen Sie Bosnisch mit ansprechenden bosnischen Grammatik\u00fcbungen, die Ihr Verst\u00e4ndnis von Satzstrukturen und Zeitformen verbessern.","robots":{"index":"index","follow":"follow","max-snippet":"max-snippet:-1","max-image-preview":"max-image-preview:large","max-video-preview":"max-video-preview:-1"},"canonical":"https:\/\/talkpal.ai\/de\/bosnische-grammatikuebungen\/","og_locale":"de_DE","og_type":"article","og_title":"Bosnische Grammatik\u00fcbungen","og_description":"Bosnische Grammatik Bosnisch ist eine s\u00fcdslawische Sprache, die haupts\u00e4chlich in Bosnien und Herzegowina, Serbien, Montenegro und Kroatien gesprochen","og_url":"https:\/\/talkpal.ai\/de\/bosnische-grammatikuebungen\/","og_site_name":"Talkpal","article_publisher":"https:\/\/www.facebook.com\/profile.php?id=100090733639311","article_modified_time":"2025-05-23T12:07:04+00:00","og_image":[{"width":512,"height":512,"url":"https:\/\/talkpal.ai\/wp-content\/uploads\/2023\/05\/bosnia-and-herzegovina.png","type":"image\/png"}],"twitter_card":"summary_large_image","twitter_site":"@talkpalai","twitter_misc":{"Gesch\u00e4tzte Lesezeit":"2\u00a0Minuten"},"schema":{"@context":"https:\/\/schema.org","@graph":[{"@type":"WebPage","@id":"https:\/\/talkpal.ai\/de\/bosnische-grammatikuebungen\/","url":"https:\/\/talkpal.ai\/de\/bosnische-grammatikuebungen\/","name":"Bosnische Grammatik\u00fcbungen - Talkpal","isPartOf":{"@id":"https:\/\/talkpal.ai\/de\/#website"},"primaryImageOfPage":{"@id":"https:\/\/talkpal.ai\/de\/bosnische-grammatikuebungen\/#primaryimage"},"image":{"@id":"https:\/\/talkpal.ai\/de\/bosnische-grammatikuebungen\/#primaryimage"},"thumbnailUrl":"https:\/\/talkpal.ai\/wp-content\/uploads\/2023\/05\/bosnia-and-herzegovina.png","datePublished":"2023-06-16T12:01:29+00:00","dateModified":"2025-05-23T12:07:04+00:00","description":"Beherrschen Sie Bosnisch mit ansprechenden bosnischen Grammatik\u00fcbungen, die Ihr Verst\u00e4ndnis von Satzstrukturen und Zeitformen verbessern.","breadcrumb":{"@id":"https:\/\/talkpal.ai\/de\/bosnische-grammatikuebungen\/#breadcrumb"},"inLanguage":"de","potentialAction":[{"@type":"ReadAction","target":["https:\/\/talkpal.ai\/de\/bosnische-grammatikuebungen\/"]}]},{"@type":"ImageObject","inLanguage":"de","@id":"https:\/\/talkpal.ai\/de\/bosnische-grammatikuebungen\/#primaryimage","url":"https:\/\/talkpal.ai\/wp-content\/uploads\/2023\/05\/bosnia-and-herzegovina.png","contentUrl":"https:\/\/talkpal.ai\/wp-content\/uploads\/2023\/05\/bosnia-and-herzegovina.png","width":512,"height":512},{"@type":"BreadcrumbList","@id":"https:\/\/talkpal.ai\/de\/bosnische-grammatikuebungen\/#breadcrumb","itemListElement":[{"@type":"ListItem","position":1,"name":"Homepage","item":"https:\/\/talkpal.ai\/de\/"},{"@type":"ListItem","position":2,"name":"Bosnische Grammatik\u00fcbungen"}]},{"@type":"WebSite","@id":"https:\/\/talkpal.ai\/de\/#website","url":"https:\/\/talkpal.ai\/de\/","name":"Talkpal","description":"AI Language Learning","publisher":{"@id":"https:\/\/talkpal.ai\/de\/#organization"},"alternateName":"Talkpal AI","potentialAction":[{"@type":"SearchAction","target":{"@type":"EntryPoint","urlTemplate":"https:\/\/talkpal.ai\/de\/?s={search_term_string}"},"query-input":{"@type":"PropertyValueSpecification","valueRequired":true,"valueName":"search_term_string"}}],"inLanguage":"de"},{"@type":"Organization","@id":"https:\/\/talkpal.ai\/de\/#organization","name":"Talkpal, Inc.","alternateName":"Talkpal AI","url":"https:\/\/talkpal.ai\/de\/","logo":{"@type":"ImageObject","inLanguage":"de","@id":"https:\/\/talkpal.ai\/de\/#\/schema\/logo\/image\/","url":"https:\/\/talkpal.ai\/wp-content\/uploads\/2024\/03\/Talkpal-Logo-Icon.png","contentUrl":"https:\/\/talkpal.ai\/wp-content\/uploads\/2024\/03\/Talkpal-Logo-Icon.png","width":2880,"height":2880,"caption":"Talkpal, Inc."},"image":{"@id":"https:\/\/talkpal.ai\/de\/#\/schema\/logo\/image\/"},"sameAs":["https:\/\/www.facebook.com\/profile.php?id=100090733639311","https:\/\/x.com\/talkpalai","https:\/\/www.linkedin.com\/company\/talkpal\/","https:\/\/www.youtube.com\/@TalkPal\/","https:\/\/www.tiktok.com\/@talkpal","https:\/\/www.instagram.com\/talkpal_ai\/","https:\/\/www.crunchbase.com\/organization\/talkpal-9cde","https:\/\/www.g2.com\/products\/talkpal-for-business\/","https:\/\/www.trustpilot.com\/review\/talkpal.ai","https:\/\/www.capterra.com\/p\/10006800\/TalkPal\/"],"description":"Talkpal is a language learning web and mobile education app, powered by the latest AI technologies, that provides engaging experiences to its customers in many different languages to help them improve their language skills. Users can chat about unlimited amount of topics with the app and use other modes to practice their language learning.","email":"support@talkpal.ai","legalName":"Talkpal, Inc.","foundingDate":"2023-04-03","duns":"118989042","numberOfEmployees":{"@type":"QuantitativeValue","minValue":"11","maxValue":"50"},"publishingPrinciples":"https:\/\/talkpal.ai\/publishing-principles\/","actionableFeedbackPolicy":"https:\/\/talkpal.ai\/actionable-feedback-policy\/","correctionsPolicy":"https:\/\/talkpal.ai\/corrections-policy\/","ethicsPolicy":"https:\/\/talkpal.ai\/ethics-policy\/","diversityPolicy":"https:\/\/talkpal.ai\/diversity-policy\/","diversityStaffingReport":"https:\/\/talkpal.ai\/diversity-policy\/"}]}},"_links":{"self":[{"href":"https:\/\/talkpal.ai\/de\/wp-json\/wp\/v2\/pages\/74118","targetHints":{"allow":["GET"]}}],"collection":[{"href":"https:\/\/talkpal.ai\/de\/wp-json\/wp\/v2\/pages"}],"about":[{"href":"https:\/\/talkpal.ai\/de\/wp-json\/wp\/v2\/types\/page"}],"author":[{"embeddable":true,"href":"https:\/\/talkpal.ai\/de\/wp-json\/wp\/v2\/users\/6"}],"replies":[{"embeddable":true,"href":"https:\/\/talkpal.ai\/de\/wp-json\/wp\/v2\/comments?post=74118"}],"version-history":[{"count":0,"href":"https:\/\/talkpal.ai\/de\/wp-json\/wp\/v2\/pages\/74118\/revisions"}],"wp:featuredmedia":[{"embeddable":true,"href":"https:\/\/talkpal.ai\/de\/wp-json\/wp\/v2\/media\/28205"}],"wp:attachment":[{"href":"https:\/\/talkpal.ai\/de\/wp-json\/wp\/v2\/media?parent=74118"}],"curies":[{"name":"wp","href":"https:\/\/api.w.org\/{rel}","templated":true}]}}