{"id":74104,"date":"2023-06-16T13:02:09","date_gmt":"2023-06-16T13:02:09","guid":{"rendered":"http:\/\/talkpal.ai\/kroatische-grammatikuebungen\/"},"modified":"2025-12-17T16:26:41","modified_gmt":"2025-12-17T16:26:41","slug":"kroatische-grammatikuebungen","status":"publish","type":"page","link":"https:\/\/talkpal.ai\/de\/kroatische-grammatikuebungen\/","title":{"rendered":"Kroatische Grammatik\u00fcbungen"},"content":{"rendered":"\r\n\r\n\r\n<section class=\"languageChallengeSection\">\r\n    <div class=\"languageInfoWrapper\">\r\n        \r\n        <h1>Kroatische Grammatik\u00fcbungen<\/h1>\r\n        <p>M\u00f6chten Sie mehr Selbstvertrauen in der kroatischen Sprache erlangen? Grammatik\u00fcbungen helfen Ihnen, die Satzstruktur, die Verbformen und die Besonderheiten der kroatischen Sprache zu beherrschen. Fangen Sie noch heute an, die kroatische <a href=\"https:\/\/talkpal.ai\/fr\/les\/\">Grammatik<\/a> zu erforschen, und beobachten Sie, wie sich Ihre Kenntnisse und Ihre Sprachgewandtheit mit jeder neuen \u00dcbung verbessern!\n\n<\/p>\r\n\r\n                            <a class=\"getStartedHidden\" href=\"https:\/\/app.talkpal.ai\/de\/signup?lng=\">Leg los<\/a>\r\n        \r\n    <\/div>\r\n\r\n    <figure>\r\n    <img decoding=\"async\" width=\"768\" height=\"768\" src=\"https:\/\/talkpal.ai\/wp-content\/uploads\/2023\/06\/croatian-768x768.png\" class=\"languageImage no-lazy\" alt=\"Default alt text\" fetchpriority=\"high\" sizes=\"(max-width: 768px) 150px, 768px\" srcset=\"https:\/\/talkpal.ai\/wp-content\/uploads\/2023\/06\/croatian-768x768.png 768w, https:\/\/talkpal.ai\/wp-content\/uploads\/2023\/06\/croatian-300x300.png 300w\" \/>\r\n    \r\n\r\n    <\/figure>\r\n\r\n            <a class=\"getStartedVisible\" href=\"https:\/\/app.talkpal.ai\/de\/signup?lng=\">Leg los<\/a>\r\n    \r\n<\/section>\r\n\r\n\r\n<!-- <section class=\"grammarSection\">\r\n    <div class=\"grammarLinks\">\r\n        <a href=\"https:\/\/talkpal.ai\/de\/exercise_language\/adjektive-kroatische-grammatik\/\">Adjektive <\/a><a href=\"https:\/\/talkpal.ai\/de\/exercise_language\/adverbien-kroatische-grammatik\/\">Adverbien \u2013 Kroatische Grammatik<\/a><a href=\"https:\/\/talkpal.ai\/de\/exercise_language\/artikel-kroatische-grammatik\/\">Artikel \u2013 Kroatische Grammatik<\/a><a href=\"https:\/\/talkpal.ai\/de\/exercise_language\/konditionale-kroatische-grammatik\/\">Konditionale \u2013 Kroatische Grammatik<\/a><a href=\"https:\/\/talkpal.ai\/de\/exercise_language\/perfekt-progressiv-kroatische-grammatik\/\">Perfekt Progressiv \u2013 Kroatische Grammatik<\/a><a href=\"https:\/\/talkpal.ai\/de\/exercise_language\/prapositionen-kroatische-grammatik\/\">Pr\u00e4positionen \u2013 Kroatische Grammatik<\/a><a href=\"https:\/\/talkpal.ai\/de\/exercise_language\/progressiv-kroatische-grammatik\/\">Progressiv <\/a><a href=\"https:\/\/talkpal.ai\/de\/exercise_language\/pronomen-determinanten-kroatische-grammatik\/\">Pronomen\/Determinanten <\/a><a href=\"https:\/\/talkpal.ai\/de\/exercise_language\/satze-kroatische-grammatik\/\">S\u00e4tze \u2013 Kroatische Grammatik<\/a><a href=\"https:\/\/talkpal.ai\/de\/exercise_language\/substantive-kroatische-grammatik\/\">Substantive \u2013 Kroatische Grammatik<\/a><a href=\"https:\/\/talkpal.ai\/de\/exercise_language\/verben-kroatische-grammatik\/\">Verben <\/a><a href=\"https:\/\/talkpal.ai\/de\/exercise_language\/zeitformen-kroatische-grammatik\/\">Zeitformen <\/a><a href=\"https:\/\/talkpal.ai\/de\/exercise_language\/zeitvergleich-kroatische-grammatik\/\">Zeitvergleich \u2013 Kroatische Grammatik<\/a>    <\/div>\r\n<\/section> -->\r\n\r\n\r\n\r\n\r\n        <section class=\"grammarSection\">\r\n            <div class=\"grammarLinks\">\r\n                <a href=\"https:\/\/talkpal.ai\/de\/exercise_language\/adjektive-kroatische-grammatik\/\">Adjektive <\/a><a href=\"https:\/\/talkpal.ai\/de\/exercise_language\/adverbien-kroatische-grammatik\/\">Adverbien \u2013 Kroatische Grammatik<\/a><a href=\"https:\/\/talkpal.ai\/de\/exercise_language\/artikel-kroatische-grammatik\/\">Artikel \u2013 Kroatische Grammatik<\/a><a href=\"https:\/\/talkpal.ai\/de\/exercise_language\/konditionale-kroatische-grammatik\/\">Konditionale \u2013 Kroatische Grammatik<\/a><a href=\"https:\/\/talkpal.ai\/de\/exercise_language\/perfekt-progressiv-kroatische-grammatik\/\">Perfekt Progressiv \u2013 Kroatische Grammatik<\/a><a href=\"https:\/\/talkpal.ai\/de\/exercise_language\/prapositionen-kroatische-grammatik\/\">Pr\u00e4positionen \u2013 Kroatische Grammatik<\/a><a href=\"https:\/\/talkpal.ai\/de\/exercise_language\/progressiv-kroatische-grammatik\/\">Progressiv <\/a><a href=\"https:\/\/talkpal.ai\/de\/exercise_language\/pronomen-determinanten-kroatische-grammatik\/\">Pronomen\/Determinanten <\/a><a href=\"https:\/\/talkpal.ai\/de\/exercise_language\/satze-kroatische-grammatik\/\">S\u00e4tze \u2013 Kroatische Grammatik<\/a><a href=\"https:\/\/talkpal.ai\/de\/exercise_language\/substantive-kroatische-grammatik\/\">Substantive \u2013 Kroatische Grammatik<\/a><a href=\"https:\/\/talkpal.ai\/de\/exercise_language\/verben-kroatische-grammatik\/\">Verben <\/a><a href=\"https:\/\/talkpal.ai\/de\/exercise_language\/zeitformen-kroatische-grammatik\/\">Zeitformen <\/a><a href=\"https:\/\/talkpal.ai\/de\/exercise_language\/zeitvergleich-kroatische-grammatik\/\">Zeitvergleich \u2013 Kroatische Grammatik<\/a>            <\/div>\r\n        <\/section>\r\n<section class=\"promotionalBanner\">\r\n    <p class=\"promotionalText\">Der effizienteste Weg, eine Sprache zu lernen<\/p>\r\n    <a class=\"promotionalLink\" href=\"https:\/\/app.talkpal.ai\/de\/signup?lng=\">Talkpal kostenlos<\/a>\r\n<\/section>\n<div class=\"wp-block-group pageContainerStyle\"><div class=\"wp-block-group__inner-container is-layout-constrained wp-block-group-is-layout-constrained\">\n<h2 class=\"wp-block-heading\" id=\"h-croatian-grammar-topics\">Themen der kroatischen Grammatik<\/h2>\n\n\n\n<p><a href=\"https:\/\/talkpal.ai\/learn-croatian\/\">Kroatisch<\/a>, eine s\u00fcdslawische Sprache, ist die Amtssprache Kroatiens und eine der Amtssprachen von Bosnien und Herzegowina. Es ist eine komplexe und reiche Sprache mit einer <a href=\"https:\/\/talkpal.ai\/locations\/language-courses-in-langen\/\">langen<\/a> Geschichte und einem einzigartigen Grammatiksystem. F\u00fcr die Lernenden ist es wichtig, die grundlegenden Aspekte der kroatischen Grammatik zu verstehen, um die Sprache zu beherrschen. Dieser Leitfaden hilft Ihnen, durch die wichtigsten Grammatikthemen wie <a href=\"https:\/\/talkpal.ai\/zh-hans\/grammar_exercises\/zeitformen-%e5%be%b7%e5%9b%bd%e8%af%ad%e6%b3%95%e7%bb%83%e4%b9%a0\/\">Zeitformen<\/a>, Verben, Substantive und mehr in einer Reihenfolge zu navigieren, die Ihren Lernprozess erleichtert und eine solide Grundlage f\u00fcr die Beherrschung dieser sch\u00f6nen Sprache bietet.<\/p>\n\n\n\n<h3 class=\"wp-block-heading\" id=\"h-1-nouns\">1. Substantive:<\/h3>\n\n\n\n<p>Substantive sind der erste Baustein jeder Sprache, und kroatische Substantive haben drei Geschlechter &#8211; m\u00e4nnlich, weiblich und s\u00e4chlich, was sich auf die <a href=\"https:\/\/talkpal.ai\/zh-hans\/grammar_exercises\/deklination-%e5%be%b7%e5%9b%bd%e8%af%ad%e6%b3%95%e7%bb%83%e4%b9%a0\/\">Deklination<\/a> und die \u00dcbereinstimmung mit Adjektiven und Pronomen auswirkt. Machen Sie sich mit den verschiedenen Geschlechtern und ihren jeweiligen Enden vertraut.<\/p>\n\n\n\n<h3 class=\"wp-block-heading\" id=\"h-2-articles\">2. Artikel:<\/h3>\n\n\n\n<p>Im Kroatischen gibt es keine Artikel wie &#8222;the&#8220; oder &#8222;a&#8220; im Englischen, was es Anf\u00e4ngern leichter macht, <a href=\"https:\/\/talkpal.ai\/de\/grammar\/einfache-satze-in-der-slowakischen-grammatik\/\">einfache S\u00e4tze<\/a> zu bilden, ohne sich Gedanken \u00fcber die Verwendung von Artikeln zu machen.<\/p>\n\n\n\n<h3 class=\"wp-block-heading\" id=\"h-3-pronouns-determiners\">3. Pronomen\/Determinanten:<\/h3>\n\n\n\n<p>Pronomen werden verwendet, um Substantive in S\u00e4tzen zu ersetzen, w\u00e4hrend Determinanten die Spezifit\u00e4t eines Substantivs anzeigen. Lerne die verschiedenen Arten von Pronomen (Personal, Possessivpronomen, Demonstrativpronomen usw.) und ihre Deklination nach Geschlecht, Zahl und Kasus.<\/p>\n\n\n\n<h3 class=\"wp-block-heading\" id=\"h-4-adjectives\">4. Adjektive:<\/h3>\n\n\n\n<p>Adjektive beschreiben die Eigenschaften von Substantiven und stimmen mit dem Geschlecht, der Anzahl und der Gro\u00df- und Kleinschreibung des Substantivs \u00fcberein, das sie modifizieren. Lerne die Grundformen und Deklinationsmuster von Adjektiven.<\/p>\n\n\n\n<h3 class=\"wp-block-heading\" id=\"h-5-verbs\">5. Verben:<\/h3>\n\n\n\n<p>Verben sind der Kern eines jeden Satzes und dr\u00fccken Handlungen oder Zust\u00e4nde aus. Kroatische Verben werden nach Zeitform, Stimmung, Stimme und Person konjugiert. Beginne mit den gebr\u00e4uchlichsten regelm\u00e4\u00dfigen Verben und ihren Konjugationsmustern im Pr\u00e4sens.<\/p>\n\n\n\n<h3 class=\"wp-block-heading\" id=\"h-6-tenses\">6. Zeitformen:<\/h3>\n\n\n\n<p>Kroatisch hat sieben Zeitformen &#8211; Gegenwart, Zukunft I, Zukunft II, Vergangenheit, Pluperfekt, Aorist und Imperfekt. Beginne mit der Gegenwart und gehe dann zur Vergangenheits- und Zukunftsform \u00fcber, wobei du die Konjugationsmuster f\u00fcr jede Zeit lernst.<\/p>\n\n\n\n<h3 class=\"wp-block-heading\" id=\"h-7-tense-comparison\">7. Spannender Vergleich:<\/h3>\n\n\n\n<p>Das Verst\u00e4ndnis der Unterschiede und Gemeinsamkeiten zwischen den Zeitformen ist entscheidend f\u00fcr die Beherrschung des Kroatischen. Vergleichen Sie die Zeitformen und \u00fcben Sie, sie im Kontext zu verwenden.<\/p>\n\n\n\n<h3 class=\"wp-block-heading\" id=\"h-8-progressive\">8. Progressiv:<\/h3>\n\n\n\n<p>Der progressive Aspekt dr\u00fcckt Handlungen aus, die fortlaufend oder kontinuierlich sind. Im Kroatischen gibt es keine separate progressive Form wie im Englischen, aber Sie k\u00f6nnen die progressive Bedeutung vermitteln, indem Sie bestimmte Verbformen, Adverbien oder Konstruktionen verwenden.<\/p>\n\n\n\n<h3 class=\"wp-block-heading\" id=\"h-9-perfect-progressive\">9. Perfekt progressiv:<\/h3>\n\n\n\n<p>Dieser Aspekt vereint die perfekten und progressiven Bedeutungen. Im Kroatischen wird es durch die Verwendung des Perfekts mit einer bestimmten Verbform oder -konstruktion ausgedr\u00fcckt, die auf eine kontinuierliche Handlung hinweist.<\/p>\n\n\n\n<h3 class=\"wp-block-heading\" id=\"h-10-adverbs\">10. Adverbien:<\/h3>\n\n\n\n<p>Adverbien modifizieren Verben, Adjektive oder andere Adverbien und geben in der Regel die Art, den Ort, die Zeit oder den Grad an. Lerne die gebr\u00e4uchlichsten kroatischen Adverbien und ihre Platzierung in S\u00e4tzen.<\/p>\n\n\n\n<h3 class=\"wp-block-heading\" id=\"h-11-prepositions\">11. Pr\u00e4positionen:<\/h3>\n\n\n\n<p>Pr\u00e4positionen werden verwendet, um Beziehungen zwischen W\u00f6rtern anzugeben, z. B. Ort, Richtung, Zeit oder Besitz. Lernen Sie die gebr\u00e4uchlichsten kroatischen Pr\u00e4positionen und die F\u00e4lle, die sie regeln.<\/p>\n\n\n\n<h3 class=\"wp-block-heading\" id=\"h-12-conditionals\">12. Bedingungen:<\/h3>\n\n\n\n<p>Konditionale dr\u00fccken hypothetische Situationen oder Bedingungen und deren Konsequenzen aus. Im Kroatischen gibt es drei Arten von Konditionalen &#8211; echte, unechte und gemischte. Lernen Sie die Entstehung und Verwendung der einzelnen Typen kennen.<\/p>\n\n\n\n<h3 class=\"wp-block-heading\" id=\"h-13-sentences\">13. S\u00e4tze:<\/h3>\n\n\n\n<p>Zum Schluss \u00fcben Sie, alle gelernten Grammatikelemente zu kombinieren, um einfache und komplexe S\u00e4tze auf Kroatisch zu bilden. Dies wird Ihnen helfen, Ihre Sprachkenntnisse und Ihr Verst\u00e4ndnis der kroatischen Grammatik als Ganzes zu verbessern.<\/p>\n<\/div><\/div>\n\r\n<section class=\"learnNavigationSection\">\r\n            \r\n        <a href=\"https:\/\/talkpal.ai\/de\/kroatisch-lernen\/\">\r\n            <div class=\"learnNavigationWrapper\">\r\n                <div class=\"learnNavigationContent\">\r\n                    <img decoding=\"async\" src=\"https:\/\/talkpal.ai\/wp-content\/uploads\/2024\/08\/Croatian.jpg\" alt=\"Croatian Flag\">\r\n                    <div>\r\n                        <h4>\u00dcber Kroatisch lernen<\/h4>\r\n                        <p>Erfahren Sie alles \u00fcber die kroatische Grammatik.<\/p>\r\n                    <\/div>\r\n                <\/div>\r\n            <\/div>\r\n        <\/a>\r\n\r\n        \r\n        <a href=\"https:\/\/talkpal.ai\/de\/kroatische-grammatik\/\">\r\n            <div class=\"learnNavigationWrapper\">\r\n                <div class=\"learnNavigationContent\">\r\n                    <img decoding=\"async\" src=\"https:\/\/talkpal.ai\/wp-content\/uploads\/2024\/08\/Croatian.jpg\" alt=\"Croatian Flag\">\r\n                    <div>\r\n                        <h4>Kroatisch Grammatik Lektionen<\/h4>\r\n                        <p>\u00dcben Sie die kroatische Grammatik .<\/p>\r\n                    <\/div>\r\n                <\/div>\r\n            <\/div>\r\n        <\/a>\r\n\r\n        \r\n        <a href=\"https:\/\/talkpal.ai\/vocabulary_language\/croatian\/\">\r\n            <div class=\"learnNavigationWrapper\">\r\n                <div class=\"learnNavigationContent\">\r\n                    <img decoding=\"async\" src=\"https:\/\/talkpal.ai\/wp-content\/uploads\/2024\/08\/Croatian.jpg\" alt=\"Croatian Flag\">\r\n                    <div>\r\n                        <h4>Kroatisch Wortschatz<\/h4>\r\n                        <p>Erweitern Sie Ihren kroatischen Wortschatz.<\/p>\r\n                    <\/div>\r\n                <\/div>\r\n            <\/div>\r\n        <\/a>\r\n\r\n            <\/section>","protected":false},"excerpt":{"rendered":"<p>Themen der kroatischen Grammatik Kroatisch, eine s\u00fcdslawische Sprache, ist die Amtssprache Kroatiens und eine der Amtssprachen von Bosnien und Herzegowina. Es ist eine komplexe und reiche Sprache mit einer langen Geschichte und einem einzigartigen Grammatiksystem. F\u00fcr die Lernenden ist es wichtig, die grundlegenden Aspekte der kroatischen Grammatik zu verstehen, um die Sprache zu beherrschen. Dieser [&hellip;]<\/p>\n","protected":false},"author":6,"featured_media":28253,"parent":0,"menu_order":0,"comment_status":"closed","ping_status":"closed","template":"LearningContentPage.php","meta":{"_acf_changed":false,"footnotes":""},"class_list":["post-74104","page","type-page","status-publish","has-post-thumbnail","hentry"],"acf":[],"yoast_head":"<!-- This site is optimized with the Yoast SEO Premium plugin v27.2 (Yoast SEO v27.2) - https:\/\/yoast.com\/product\/yoast-seo-premium-wordpress\/ -->\n<title>Kroatische Grammatik\u00fcbungen - Talkpal<\/title>\n<meta name=\"description\" content=\"Beherrschen Sie die kroatische Sprache mit effektiven \u00dcbungen zur kroatischen Grammatik, die das Lernen von Zeitformen, Verben und Substantiven f\u00fcr den Benutzer vereinfachen.\" \/>\n<meta name=\"robots\" content=\"index, follow, max-snippet:-1, max-image-preview:large, max-video-preview:-1\" \/>\n<link rel=\"canonical\" href=\"https:\/\/talkpal.ai\/de\/kroatische-grammatikuebungen\/\" \/>\n<meta property=\"og:locale\" content=\"de_DE\" \/>\n<meta property=\"og:type\" content=\"article\" \/>\n<meta property=\"og:title\" content=\"Kroatische Grammatik\u00fcbungen\" \/>\n<meta property=\"og:description\" content=\"Themen der kroatischen Grammatik Kroatisch, eine s\u00fcdslawische Sprache, ist die Amtssprache Kroatiens und eine der Amtssprachen von Bosnien und\" \/>\n<meta property=\"og:url\" content=\"https:\/\/talkpal.ai\/de\/kroatische-grammatikuebungen\/\" \/>\n<meta property=\"og:site_name\" content=\"Talkpal\" \/>\n<meta property=\"article:publisher\" content=\"https:\/\/www.facebook.com\/profile.php?id=100090733639311\" \/>\n<meta property=\"article:modified_time\" content=\"2025-12-17T16:26:41+00:00\" \/>\n<meta property=\"og:image\" content=\"https:\/\/talkpal.ai\/wp-content\/uploads\/2023\/05\/croatia.png\" \/>\n\t<meta property=\"og:image:width\" content=\"512\" \/>\n\t<meta property=\"og:image:height\" content=\"512\" \/>\n\t<meta property=\"og:image:type\" content=\"image\/png\" \/>\n<meta name=\"twitter:card\" content=\"summary_large_image\" \/>\n<meta name=\"twitter:site\" content=\"@talkpalai\" \/>\n<meta name=\"twitter:label1\" content=\"Gesch\u00e4tzte Lesezeit\" \/>\n\t<meta name=\"twitter:data1\" content=\"3\u00a0Minuten\" \/>\n<script type=\"application\/ld+json\" class=\"yoast-schema-graph\">{\"@context\":\"https:\/\/schema.org\",\"@graph\":[{\"@type\":\"WebPage\",\"@id\":\"https:\/\/talkpal.ai\/de\/kroatische-grammatikuebungen\/\",\"url\":\"https:\/\/talkpal.ai\/de\/kroatische-grammatikuebungen\/\",\"name\":\"Kroatische Grammatik\u00fcbungen - Talkpal\",\"isPartOf\":{\"@id\":\"https:\/\/talkpal.ai\/de\/#website\"},\"primaryImageOfPage\":{\"@id\":\"https:\/\/talkpal.ai\/de\/kroatische-grammatikuebungen\/#primaryimage\"},\"image\":{\"@id\":\"https:\/\/talkpal.ai\/de\/kroatische-grammatikuebungen\/#primaryimage\"},\"thumbnailUrl\":\"https:\/\/talkpal.ai\/wp-content\/uploads\/2023\/05\/croatia.png\",\"datePublished\":\"2023-06-16T13:02:09+00:00\",\"dateModified\":\"2025-12-17T16:26:41+00:00\",\"description\":\"Beherrschen Sie die kroatische Sprache mit effektiven \u00dcbungen zur kroatischen Grammatik, die das Lernen von Zeitformen, Verben und Substantiven f\u00fcr den Benutzer vereinfachen.\",\"breadcrumb\":{\"@id\":\"https:\/\/talkpal.ai\/de\/kroatische-grammatikuebungen\/#breadcrumb\"},\"inLanguage\":\"de\",\"potentialAction\":[{\"@type\":\"ReadAction\",\"target\":[\"https:\/\/talkpal.ai\/de\/kroatische-grammatikuebungen\/\"]}]},{\"@type\":\"ImageObject\",\"inLanguage\":\"de\",\"@id\":\"https:\/\/talkpal.ai\/de\/kroatische-grammatikuebungen\/#primaryimage\",\"url\":\"https:\/\/talkpal.ai\/wp-content\/uploads\/2023\/05\/croatia.png\",\"contentUrl\":\"https:\/\/talkpal.ai\/wp-content\/uploads\/2023\/05\/croatia.png\",\"width\":512,\"height\":512},{\"@type\":\"BreadcrumbList\",\"@id\":\"https:\/\/talkpal.ai\/de\/kroatische-grammatikuebungen\/#breadcrumb\",\"itemListElement\":[{\"@type\":\"ListItem\",\"position\":1,\"name\":\"Homepage\",\"item\":\"https:\/\/talkpal.ai\/de\/\"},{\"@type\":\"ListItem\",\"position\":2,\"name\":\"Kroatische Grammatik\u00fcbungen\"}]},{\"@type\":\"WebSite\",\"@id\":\"https:\/\/talkpal.ai\/de\/#website\",\"url\":\"https:\/\/talkpal.ai\/de\/\",\"name\":\"Talkpal\",\"description\":\"AI Language Learning\",\"publisher\":{\"@id\":\"https:\/\/talkpal.ai\/de\/#organization\"},\"alternateName\":\"Talkpal AI\",\"potentialAction\":[{\"@type\":\"SearchAction\",\"target\":{\"@type\":\"EntryPoint\",\"urlTemplate\":\"https:\/\/talkpal.ai\/de\/?s={search_term_string}\"},\"query-input\":{\"@type\":\"PropertyValueSpecification\",\"valueRequired\":true,\"valueName\":\"search_term_string\"}}],\"inLanguage\":\"de\"},{\"@type\":\"Organization\",\"@id\":\"https:\/\/talkpal.ai\/de\/#organization\",\"name\":\"Talkpal, Inc.\",\"alternateName\":\"Talkpal AI\",\"url\":\"https:\/\/talkpal.ai\/de\/\",\"logo\":{\"@type\":\"ImageObject\",\"inLanguage\":\"de\",\"@id\":\"https:\/\/talkpal.ai\/de\/#\/schema\/logo\/image\/\",\"url\":\"https:\/\/talkpal.ai\/wp-content\/uploads\/2024\/03\/Talkpal-Logo-Icon.png\",\"contentUrl\":\"https:\/\/talkpal.ai\/wp-content\/uploads\/2024\/03\/Talkpal-Logo-Icon.png\",\"width\":2880,\"height\":2880,\"caption\":\"Talkpal, Inc.\"},\"image\":{\"@id\":\"https:\/\/talkpal.ai\/de\/#\/schema\/logo\/image\/\"},\"sameAs\":[\"https:\/\/www.facebook.com\/profile.php?id=100090733639311\",\"https:\/\/x.com\/talkpalai\",\"https:\/\/www.linkedin.com\/company\/talkpal\/\",\"https:\/\/www.youtube.com\/@TalkPal\/\",\"https:\/\/www.tiktok.com\/@talkpal\",\"https:\/\/www.instagram.com\/talkpal_ai\/\",\"https:\/\/www.crunchbase.com\/organization\/talkpal-9cde\",\"https:\/\/www.g2.com\/products\/talkpal-for-business\/\",\"https:\/\/www.trustpilot.com\/review\/talkpal.ai\",\"https:\/\/www.capterra.com\/p\/10006800\/TalkPal\/\"],\"description\":\"Talkpal is a language learning web and mobile education app, powered by the latest AI technologies, that provides engaging experiences to its customers in many different languages to help them improve their language skills. Users can chat about unlimited amount of topics with the app and use other modes to practice their language learning.\",\"email\":\"support@talkpal.ai\",\"legalName\":\"Talkpal, Inc.\",\"foundingDate\":\"2023-04-03\",\"duns\":\"118989042\",\"numberOfEmployees\":{\"@type\":\"QuantitativeValue\",\"minValue\":\"11\",\"maxValue\":\"50\"},\"publishingPrinciples\":\"https:\/\/talkpal.ai\/publishing-principles\/\",\"actionableFeedbackPolicy\":\"https:\/\/talkpal.ai\/actionable-feedback-policy\/\",\"correctionsPolicy\":\"https:\/\/talkpal.ai\/corrections-policy\/\",\"ethicsPolicy\":\"https:\/\/talkpal.ai\/ethics-policy\/\",\"diversityPolicy\":\"https:\/\/talkpal.ai\/diversity-policy\/\",\"diversityStaffingReport\":\"https:\/\/talkpal.ai\/diversity-policy\/\"}]}<\/script>\n<!-- \/ Yoast SEO Premium plugin. -->","yoast_head_json":{"title":"Kroatische Grammatik\u00fcbungen - Talkpal","description":"Beherrschen Sie die kroatische Sprache mit effektiven \u00dcbungen zur kroatischen Grammatik, die das Lernen von Zeitformen, Verben und Substantiven f\u00fcr den Benutzer vereinfachen.","robots":{"index":"index","follow":"follow","max-snippet":"max-snippet:-1","max-image-preview":"max-image-preview:large","max-video-preview":"max-video-preview:-1"},"canonical":"https:\/\/talkpal.ai\/de\/kroatische-grammatikuebungen\/","og_locale":"de_DE","og_type":"article","og_title":"Kroatische Grammatik\u00fcbungen","og_description":"Themen der kroatischen Grammatik Kroatisch, eine s\u00fcdslawische Sprache, ist die Amtssprache Kroatiens und eine der Amtssprachen von Bosnien und","og_url":"https:\/\/talkpal.ai\/de\/kroatische-grammatikuebungen\/","og_site_name":"Talkpal","article_publisher":"https:\/\/www.facebook.com\/profile.php?id=100090733639311","article_modified_time":"2025-12-17T16:26:41+00:00","og_image":[{"width":512,"height":512,"url":"https:\/\/talkpal.ai\/wp-content\/uploads\/2023\/05\/croatia.png","type":"image\/png"}],"twitter_card":"summary_large_image","twitter_site":"@talkpalai","twitter_misc":{"Gesch\u00e4tzte Lesezeit":"3\u00a0Minuten"},"schema":{"@context":"https:\/\/schema.org","@graph":[{"@type":"WebPage","@id":"https:\/\/talkpal.ai\/de\/kroatische-grammatikuebungen\/","url":"https:\/\/talkpal.ai\/de\/kroatische-grammatikuebungen\/","name":"Kroatische Grammatik\u00fcbungen - Talkpal","isPartOf":{"@id":"https:\/\/talkpal.ai\/de\/#website"},"primaryImageOfPage":{"@id":"https:\/\/talkpal.ai\/de\/kroatische-grammatikuebungen\/#primaryimage"},"image":{"@id":"https:\/\/talkpal.ai\/de\/kroatische-grammatikuebungen\/#primaryimage"},"thumbnailUrl":"https:\/\/talkpal.ai\/wp-content\/uploads\/2023\/05\/croatia.png","datePublished":"2023-06-16T13:02:09+00:00","dateModified":"2025-12-17T16:26:41+00:00","description":"Beherrschen Sie die kroatische Sprache mit effektiven \u00dcbungen zur kroatischen Grammatik, die das Lernen von Zeitformen, Verben und Substantiven f\u00fcr den Benutzer vereinfachen.","breadcrumb":{"@id":"https:\/\/talkpal.ai\/de\/kroatische-grammatikuebungen\/#breadcrumb"},"inLanguage":"de","potentialAction":[{"@type":"ReadAction","target":["https:\/\/talkpal.ai\/de\/kroatische-grammatikuebungen\/"]}]},{"@type":"ImageObject","inLanguage":"de","@id":"https:\/\/talkpal.ai\/de\/kroatische-grammatikuebungen\/#primaryimage","url":"https:\/\/talkpal.ai\/wp-content\/uploads\/2023\/05\/croatia.png","contentUrl":"https:\/\/talkpal.ai\/wp-content\/uploads\/2023\/05\/croatia.png","width":512,"height":512},{"@type":"BreadcrumbList","@id":"https:\/\/talkpal.ai\/de\/kroatische-grammatikuebungen\/#breadcrumb","itemListElement":[{"@type":"ListItem","position":1,"name":"Homepage","item":"https:\/\/talkpal.ai\/de\/"},{"@type":"ListItem","position":2,"name":"Kroatische Grammatik\u00fcbungen"}]},{"@type":"WebSite","@id":"https:\/\/talkpal.ai\/de\/#website","url":"https:\/\/talkpal.ai\/de\/","name":"Talkpal","description":"AI Language Learning","publisher":{"@id":"https:\/\/talkpal.ai\/de\/#organization"},"alternateName":"Talkpal AI","potentialAction":[{"@type":"SearchAction","target":{"@type":"EntryPoint","urlTemplate":"https:\/\/talkpal.ai\/de\/?s={search_term_string}"},"query-input":{"@type":"PropertyValueSpecification","valueRequired":true,"valueName":"search_term_string"}}],"inLanguage":"de"},{"@type":"Organization","@id":"https:\/\/talkpal.ai\/de\/#organization","name":"Talkpal, Inc.","alternateName":"Talkpal AI","url":"https:\/\/talkpal.ai\/de\/","logo":{"@type":"ImageObject","inLanguage":"de","@id":"https:\/\/talkpal.ai\/de\/#\/schema\/logo\/image\/","url":"https:\/\/talkpal.ai\/wp-content\/uploads\/2024\/03\/Talkpal-Logo-Icon.png","contentUrl":"https:\/\/talkpal.ai\/wp-content\/uploads\/2024\/03\/Talkpal-Logo-Icon.png","width":2880,"height":2880,"caption":"Talkpal, Inc."},"image":{"@id":"https:\/\/talkpal.ai\/de\/#\/schema\/logo\/image\/"},"sameAs":["https:\/\/www.facebook.com\/profile.php?id=100090733639311","https:\/\/x.com\/talkpalai","https:\/\/www.linkedin.com\/company\/talkpal\/","https:\/\/www.youtube.com\/@TalkPal\/","https:\/\/www.tiktok.com\/@talkpal","https:\/\/www.instagram.com\/talkpal_ai\/","https:\/\/www.crunchbase.com\/organization\/talkpal-9cde","https:\/\/www.g2.com\/products\/talkpal-for-business\/","https:\/\/www.trustpilot.com\/review\/talkpal.ai","https:\/\/www.capterra.com\/p\/10006800\/TalkPal\/"],"description":"Talkpal is a language learning web and mobile education app, powered by the latest AI technologies, that provides engaging experiences to its customers in many different languages to help them improve their language skills. Users can chat about unlimited amount of topics with the app and use other modes to practice their language learning.","email":"support@talkpal.ai","legalName":"Talkpal, Inc.","foundingDate":"2023-04-03","duns":"118989042","numberOfEmployees":{"@type":"QuantitativeValue","minValue":"11","maxValue":"50"},"publishingPrinciples":"https:\/\/talkpal.ai\/publishing-principles\/","actionableFeedbackPolicy":"https:\/\/talkpal.ai\/actionable-feedback-policy\/","correctionsPolicy":"https:\/\/talkpal.ai\/corrections-policy\/","ethicsPolicy":"https:\/\/talkpal.ai\/ethics-policy\/","diversityPolicy":"https:\/\/talkpal.ai\/diversity-policy\/","diversityStaffingReport":"https:\/\/talkpal.ai\/diversity-policy\/"}]}},"_links":{"self":[{"href":"https:\/\/talkpal.ai\/de\/wp-json\/wp\/v2\/pages\/74104","targetHints":{"allow":["GET"]}}],"collection":[{"href":"https:\/\/talkpal.ai\/de\/wp-json\/wp\/v2\/pages"}],"about":[{"href":"https:\/\/talkpal.ai\/de\/wp-json\/wp\/v2\/types\/page"}],"author":[{"embeddable":true,"href":"https:\/\/talkpal.ai\/de\/wp-json\/wp\/v2\/users\/6"}],"replies":[{"embeddable":true,"href":"https:\/\/talkpal.ai\/de\/wp-json\/wp\/v2\/comments?post=74104"}],"version-history":[{"count":0,"href":"https:\/\/talkpal.ai\/de\/wp-json\/wp\/v2\/pages\/74104\/revisions"}],"wp:featuredmedia":[{"embeddable":true,"href":"https:\/\/talkpal.ai\/de\/wp-json\/wp\/v2\/media\/28253"}],"wp:attachment":[{"href":"https:\/\/talkpal.ai\/de\/wp-json\/wp\/v2\/media?parent=74104"}],"curies":[{"name":"wp","href":"https:\/\/api.w.org\/{rel}","templated":true}]}}