{"id":74067,"date":"2023-05-14T14:02:30","date_gmt":"2023-05-14T14:02:30","guid":{"rendered":"http:\/\/talkpal.ai\/griechische-grammatik\/"},"modified":"2025-12-13T15:13:38","modified_gmt":"2025-12-13T15:13:38","slug":"griechische-grammatik","status":"publish","type":"page","link":"https:\/\/talkpal.ai\/de\/griechische-grammatik\/","title":{"rendered":"Griechische Grammatik"},"content":{"rendered":"\r\n\r\n\r\n<section class=\"languageChallengeSection\">\r\n    <div class=\"languageInfoWrapper\">\r\n        \r\n        <h1>Griechische Grammatik<\/h1>\r\n        <p>Lernen Sie griechische <a href=\"https:\/\/talkpal.ai\/fr\/les\/\">Grammatik<\/a> und tauchen Sie ein in die Welt einer der \u00e4ltesten und einflussreichsten Sprachen der Menschheit. <a href=\"https:\/\/talkpal.ai\/learn-greek\/\">Griechisch<\/a> f\u00fchrt Sie in das einzigartige Alphabet, die ausdrucksstarken Verbkonjugationen und das System der Substantivf\u00e4lle ein, die die Bedeutung pr\u00e4gen. Bei Ihren Erkundungen werden Sie die Wurzeln vieler englischer W\u00f6rter entdecken und ein reiches kulturelles Erbe kennenlernen. Tauchen Sie ein und genie\u00dfen Sie die lohnende Herausforderung, <a href=\"https:\/\/talkpal.ai\/greek-grammar\/\">griechische Grammatik<\/a> zu lernen!<\/p>\r\n\r\n                            <a class=\"getStartedHidden\" href=\"https:\/\/app.talkpal.ai\/de\/signup?lng=\">Leg los<\/a>\r\n        \r\n    <\/div>\r\n\r\n    <figure>\r\n    <img decoding=\"async\" width=\"768\" height=\"768\" src=\"https:\/\/talkpal.ai\/wp-content\/uploads\/2023\/06\/greek-768x768.png\" class=\"languageImage no-lazy\" alt=\"Default alt text\" fetchpriority=\"high\" sizes=\"(max-width: 768px) 150px, 768px\" srcset=\"https:\/\/talkpal.ai\/wp-content\/uploads\/2023\/06\/greek-768x768.png 768w, https:\/\/talkpal.ai\/wp-content\/uploads\/2023\/06\/greek-300x300.png 300w\" \/>\r\n    \r\n\r\n    <\/figure>\r\n\r\n            <a class=\"getStartedVisible\" href=\"https:\/\/app.talkpal.ai\/de\/signup?lng=\">Leg los<\/a>\r\n    \r\n<\/section>\r\n        <section class=\"grammarSection\">\r\n            <div class=\"grammarLinks\">\r\n                <a href=\"https:\/\/talkpal.ai\/de\/language\/adjektive-griechische-grammatik\/\">Adjektive <\/a><a href=\"https:\/\/talkpal.ai\/de\/language\/adverbien-griechische-grammatik\/\">Adverbien <\/a><a href=\"https:\/\/talkpal.ai\/de\/language\/artikel-griechische-grammatik\/\">Artikel <\/a><a href=\"https:\/\/talkpal.ai\/de\/language\/konditionale-griechische-grammatik\/\">Konditionale <\/a><a href=\"https:\/\/talkpal.ai\/de\/language\/perfekt-progressiv-griechische-grammatik\/\">Perfekt Progressiv <\/a><a href=\"https:\/\/talkpal.ai\/de\/language\/praepositionen-griechische-grammatik\/\">Pr\u00e4positionen <\/a><a href=\"https:\/\/talkpal.ai\/de\/language\/progressiv-griechische-grammatik\/\">Progressiv <\/a><a href=\"https:\/\/talkpal.ai\/de\/language\/pronomen-determinanten-griechische-grammatik\/\">Pronomen\/Determinanten <\/a><a href=\"https:\/\/talkpal.ai\/de\/language\/saetze-griechische-grammatik\/\">S\u00e4tze <\/a><a href=\"https:\/\/talkpal.ai\/de\/language\/substantive-griechische-grammatik\/\">Substantive <\/a><a href=\"https:\/\/talkpal.ai\/de\/language\/verben-griechische-grammatik\/\">Verben <\/a><a href=\"https:\/\/talkpal.ai\/de\/language\/zeitformen-griechische-grammatik\/\">Zeitformen <\/a><a href=\"https:\/\/talkpal.ai\/de\/language\/zeitvergleich-griechische-grammatik\/\">Zeitvergleich <\/a>            <\/div>\r\n        <\/section>\r\n    <section class=\"promotionalBanner\">\r\n    <p class=\"promotionalText\">Der effizienteste Weg, eine Sprache zu lernen<\/p>\r\n    <a class=\"promotionalLink\" href=\"https:\/\/app.talkpal.ai\/de\/signup?lng=\">Talkpal kostenlos<\/a>\r\n<\/section>\n<div class=\"wp-block-group pageContainerStyle\"><div class=\"wp-block-group__inner-container is-layout-constrained wp-block-group-is-layout-constrained\">\n<h2 class=\"wp-block-heading\" id=\"h-demystifying-greek-grammar-a-comprehensive-guide\">Entmystifizierung der griechischen Grammatik: Ein umfassender Leitfaden<\/h2>\n\n\n\n<p>Griechisch, eine elegante und alte Sprache, nimmt einen besonderen Platz in der Sprachgeschichte ein und ist bis heute einflussreich. Mit einer soliden Grundlage in der griechischen Grammatik erhalten Sie Zugang zu einer F\u00fclle kultureller und historischer Ressourcen und erschlie\u00dfen gleichzeitig eine weitere Bedeutungsebene im englischen Wortschatz. Entgegen der landl\u00e4ufigen Meinung ist die griechische Grammatik nicht so einsch\u00fcchternd, wie sie zun\u00e4chst erscheinen mag. In diesem Artikel werden wir Ihnen helfen, sich durch die wesentlichen Bestandteile der griechischen Grammatik zu bewegen, damit Sie sich dieser Sprache mit Selbstvertrauen und Begeisterung n\u00e4hern k\u00f6nnen.<\/p>\n\n\n\n<h3 class=\"wp-block-heading\" id=\"h-1-understanding-greek-nouns-cases-and-articles\">1. Griechische Substantive, F\u00e4lle und Artikel verstehen<\/h3>\n\n\n\n<p><a href=\"https:\/\/talkpal.ai\/de\/grammar\/allgemeine-substantive-in-der-griechischen-grammatik\/\">Griechische Substantive<\/a> werden in drei Geschlechter eingeteilt: m\u00e4nnlich, weiblich und Neutrum. Jedes Substantiv geh\u00f6rt zu einer der drei Deklinationen, die die Endungen des Substantivs auf der Grundlage des Geschlechts, der Zahl (Singular oder Plural) und des Kasus bestimmen. In der griechischen Sprache gibt es f\u00fcnf F\u00e4lle: Nominativ, Genitiv, Dativ, Akkusativ und Vokativ.<\/p>\n\n\n\n<p>Ein wesentlicher Aspekt der griechischen Grammatik dreht sich um den Artikel. \u00c4hnlich wie das englische &#8218;the&#8216; ist der griechische definite Artikel entscheidend f\u00fcr das Verst\u00e4ndnis griechischer Texte. Der griechische Artikel muss mit dem Substantiv in Geschlecht, Zahl und Gro\u00df- und Kleinschreibung \u00fcbereinstimmen. Das Griechische hat auch einen <a href=\"https:\/\/talkpal.ai\/de\/grammar_exercises\/ubungen-zum-unbestimmten-artikel-fur-die-vietnamesische-grammatik\/\">unbestimmten Artikel<\/a>, der wie &#8218;a&#8216; oder &#8218;an&#8216; im Englischen funktioniert.<\/p>\n\n\n\n<h3 class=\"wp-block-heading\" id=\"h-2-tackling-greek-verbs-conjugation-and-moods\">2. Umgang mit griechischen Verben: Konjugation und Stimmungen<\/h3>\n\n\n\n<p>Griechische Verben zeichnen sich durch ihre Zeitform, Stimme, Stimmung, Person und Zahl aus. Verben werden in der griechischen Sprache entsprechend ihrer Zeitform konjugiert, die angibt, wann eine Handlung stattfindet. <a href=\"https:\/\/talkpal.ai\/culture\/what-is-the-difference-between-es-gibt-and-da-ist\/\">Es gibt<\/a> sieben Hauptteile eines griechischen Verbs, die jeweils einer Zeitform entsprechen:<\/p>\n\n\n\n<p><strong>&#8211; Anwesend<\/strong><\/p>\n\n\n\n<p><strong>&#8211; Zukunft<\/strong><\/p>\n\n\n\n<p><strong>&#8211; Aorist (einfache Vergangenheit)<\/strong><\/p>\n\n\n\n<p><strong>&#8211; Perfekt<\/strong><\/p>\n\n\n\n<p><strong>&#8211; Zukunft perfekt<\/strong><\/p>\n\n\n\n<p><strong>&#8211; Pluperfekt<\/strong><\/p>\n\n\n\n<p><strong>&#8211; Aorist Passiv<\/strong><\/p>\n\n\n\n<p>Dar\u00fcber hinaus haben griechische Verben verschiedene Stimmungen, die die Haltung des Sprechers gegen\u00fcber der Handlung ausdr\u00fccken. Diese Stimmungen sind Imperative, Indikativ und <a href=\"https:\/\/talkpal.ai\/ja\/grammar_exercises\/konjunktiv-%e3%83%89%e3%82%a4%e3%83%84%e6%96%87%e6%b3%95%e3%81%ae%e6%bc%94%e7%bf%92\/\">Konjunktiv<\/a>.<\/p>\n\n\n\n<h3 class=\"wp-block-heading\" id=\"h-3-crafting-expressive-sentences-with-greek-adjectives-and-adverbs\">3. Ausdrucksstarke S\u00e4tze mit griechischen Adjektiven und Adverbien bilden<\/h3>\n\n\n\n<p>Griechische Adjektive verleihen deinen S\u00e4tzen Farbe und Beschreibung. \u00c4hnlich wie Substantive m\u00fcssen Adjektive im Griechischen in Geschlecht, Zahl und Gro\u00df- und Kleinschreibung mit dem Substantiv, das sie beschreiben, \u00fcbereinstimmen. Dar\u00fcber hinaus geh\u00f6ren Adjektive zu einer der drei Deklinationen, die ihre Endungen bestimmt.<\/p>\n\n\n\n<p>Griechische Adverbien modifizieren Verben, Adjektive oder andere Adverbien. Sie geben an, wie, wann, wo oder in welchem Umfang eine Handlung ausgef\u00fchrt wird. Im Gegensatz zu Adjektiven m\u00fcssen Adverbien nicht mit Substantiven in Geschlecht, Zahl oder Gro\u00df- und Kleinschreibung \u00fcbereinstimmen. In vielen F\u00e4llen werden Adverbien gebildet, indem bestimmte Endungen an Adjektivwurzeln angeh\u00e4ngt werden.<\/p>\n\n\n\n<h3 class=\"wp-block-heading\" id=\"h-4-exploring-greek-pronouns-and-greek-sentence-structure\">4. Griechische Pronomen und griechische Satzstruktur erforschen<\/h3>\n\n\n\n<p>Pronomen spielen in der griechischen Grammatik eine wichtige Rolle, da sie Substantive ersetzen und mit dem Substantiv, das sie repr\u00e4sentieren, in Geschlecht, Zahl und Gro\u00df- und Kleinschreibung \u00fcbereinstimmen m\u00fcssen. Im Griechischen gibt es pers\u00f6nliche, reflexive, demonstrative, relative, fragende und unbestimmte Pronomen.<\/p>\n\n\n\n<p>Die griechische Satzstruktur folgt in erster Linie der Subjekt-Verb-Objekt-Reihenfolge (SVO). Aufgrund seiner stark flektierten Natur bietet das Griechische jedoch mehr Flexibilit\u00e4t in der Wortstellung, was eine Betonung und einen poetischen Ausdruck erm\u00f6glicht. Diese Flexibilit\u00e4t mag anfangs eine Herausforderung sein, wird aber mit zunehmender Vertrautheit mit den Nuancen der Sprache immer einfacher.<\/p>\n\n\n\n<h3 class=\"wp-block-heading\" id=\"h-conclusion\">Schlussfolgerung<\/h3>\n\n\n\n<p>Wenn Sie sich auf den Weg machen, die griechische Grammatik zu beherrschen, denken Sie daran, dass \u00dcbung und Ausdauer entscheidend f\u00fcr den Erfolg sind. Nehmen Sie sich Zeit, um die Komplexit\u00e4t der griechischen Substantive, Verben, Adjektive, Adverbien und Satzstrukturen zu entwirren. Wenn Sie tiefer in diese faszinierende Sprache eintauchen, werden Sie feststellen, dass die griechische Grammatik vertrauter und weniger einsch\u00fcchternd wird. Viel Gl\u00fcck und \u03ba\u03b1\u03bb\u03ae \u03b5\u03c0\u03b9\u03c4\u03c5\u03c7\u03af\u03b1!<\/p>\n<\/div><\/div>\n\r\n<section class=\"learnNavigationSection\">\r\n            \r\n        <a href=\"https:\/\/talkpal.ai\/de\/griechisch-lernen\/\">\r\n            <div class=\"learnNavigationWrapper\">\r\n                <div class=\"learnNavigationContent\">\r\n                    <img decoding=\"async\" src=\"https:\/\/talkpal.ai\/wp-content\/uploads\/2024\/08\/Greek.jpg\" alt=\"Greek Flag\">\r\n                    <div>\r\n                        <h4>\u00dcber Griechisch lernen<\/h4>\r\n                        <p>Erfahren Sie alles \u00fcber griechische Grammatik.<\/p>\r\n                    <\/div>\r\n                <\/div>\r\n            <\/div>\r\n        <\/a>\r\n\r\n        \r\n        <a href=\"https:\/\/talkpal.ai\/de\/griechische-grammatikuebungen\/\">\r\n            <div class=\"learnNavigationWrapper\">\r\n                <div class=\"learnNavigationContent\">\r\n                    <img decoding=\"async\" src=\"https:\/\/talkpal.ai\/wp-content\/uploads\/2024\/08\/Greek.jpg\" alt=\"Greek Flag\">\r\n                    <div>\r\n                        <h4>\u00dcbung zur griechischen Grammatik<\/h4>\r\n                        <p>\u00dcbe die griechische Grammatik .<\/p>\r\n                    <\/div>\r\n                <\/div>\r\n            <\/div>\r\n        <\/a>\r\n\r\n        \r\n        <a href=\"https:\/\/talkpal.ai\/vocabulary_language\/greek\/\">\r\n            <div class=\"learnNavigationWrapper\">\r\n                <div class=\"learnNavigationContent\">\r\n                    <img decoding=\"async\" src=\"https:\/\/talkpal.ai\/wp-content\/uploads\/2024\/08\/Greek.jpg\" alt=\"Greek Flag\">\r\n                    <div>\r\n                        <h4>Griechischer Wortschatz<\/h4>\r\n                        <p>Erweitern Sie Ihren griechischen Wortschatz.<\/p>\r\n                    <\/div>\r\n                <\/div>\r\n            <\/div>\r\n        <\/a>\r\n\r\n            <\/section>","protected":false},"excerpt":{"rendered":"<p>Entmystifizierung der griechischen Grammatik: Ein umfassender Leitfaden Griechisch, eine elegante und alte Sprache, nimmt einen besonderen Platz in der Sprachgeschichte ein und ist bis heute einflussreich. Mit einer soliden Grundlage in der griechischen Grammatik erhalten Sie Zugang zu einer F\u00fclle kultureller und historischer Ressourcen und erschlie\u00dfen gleichzeitig eine weitere Bedeutungsebene im englischen Wortschatz. Entgegen der [&hellip;]<\/p>\n","protected":false},"author":1,"featured_media":28333,"parent":0,"menu_order":0,"comment_status":"closed","ping_status":"closed","template":"LearningContentPage.php","meta":{"_acf_changed":false,"footnotes":""},"class_list":["post-74067","page","type-page","status-publish","has-post-thumbnail","hentry"],"acf":[],"yoast_head":"<!-- This site is optimized with the Yoast SEO Premium plugin v27.2 (Yoast SEO v27.2) - https:\/\/yoast.com\/product\/yoast-seo-premium-wordpress\/ -->\n<title>Griechische Grammatik - Talkpal<\/title>\n<meta name=\"description\" content=\"Beherrschen Sie die griechische Grammatik souver\u00e4n - lernen Sie wichtige Regeln, \u00fcben Sie das Bilden von S\u00e4tzen und festigen Sie Ihre Kenntnisse schnell mit Talkpal KI.\" \/>\n<meta name=\"robots\" content=\"index, follow, max-snippet:-1, max-image-preview:large, max-video-preview:-1\" \/>\n<link rel=\"canonical\" href=\"https:\/\/talkpal.ai\/de\/griechische-grammatik\/\" \/>\n<meta property=\"og:locale\" content=\"de_DE\" \/>\n<meta property=\"og:type\" content=\"article\" \/>\n<meta property=\"og:title\" content=\"Griechische Grammatik\" \/>\n<meta property=\"og:description\" content=\"Entmystifizierung der griechischen Grammatik: Ein umfassender Leitfaden Griechisch, eine elegante und alte Sprache, nimmt einen besonderen Platz in der\" \/>\n<meta property=\"og:url\" content=\"https:\/\/talkpal.ai\/de\/griechische-grammatik\/\" \/>\n<meta property=\"og:site_name\" content=\"Talkpal\" \/>\n<meta property=\"article:publisher\" content=\"https:\/\/www.facebook.com\/profile.php?id=100090733639311\" \/>\n<meta property=\"article:modified_time\" content=\"2025-12-13T15:13:38+00:00\" \/>\n<meta property=\"og:image\" content=\"https:\/\/talkpal.ai\/wp-content\/uploads\/2023\/05\/greece.png\" \/>\n\t<meta property=\"og:image:width\" content=\"512\" \/>\n\t<meta property=\"og:image:height\" content=\"512\" \/>\n\t<meta property=\"og:image:type\" content=\"image\/png\" \/>\n<meta name=\"twitter:card\" content=\"summary_large_image\" \/>\n<meta name=\"twitter:site\" content=\"@talkpalai\" \/>\n<meta name=\"twitter:label1\" content=\"Gesch\u00e4tzte Lesezeit\" \/>\n\t<meta name=\"twitter:data1\" content=\"3\u00a0Minuten\" \/>\n<script type=\"application\/ld+json\" class=\"yoast-schema-graph\">{\"@context\":\"https:\/\/schema.org\",\"@graph\":[{\"@type\":\"WebPage\",\"@id\":\"https:\/\/talkpal.ai\/de\/griechische-grammatik\/\",\"url\":\"https:\/\/talkpal.ai\/de\/griechische-grammatik\/\",\"name\":\"Griechische Grammatik - Talkpal\",\"isPartOf\":{\"@id\":\"https:\/\/talkpal.ai\/de\/#website\"},\"primaryImageOfPage\":{\"@id\":\"https:\/\/talkpal.ai\/de\/griechische-grammatik\/#primaryimage\"},\"image\":{\"@id\":\"https:\/\/talkpal.ai\/de\/griechische-grammatik\/#primaryimage\"},\"thumbnailUrl\":\"https:\/\/talkpal.ai\/wp-content\/uploads\/2023\/05\/greece.png\",\"datePublished\":\"2023-05-14T14:02:30+00:00\",\"dateModified\":\"2025-12-13T15:13:38+00:00\",\"description\":\"Beherrschen Sie die griechische Grammatik souver\u00e4n - lernen Sie wichtige Regeln, \u00fcben Sie das Bilden von S\u00e4tzen und festigen Sie Ihre Kenntnisse schnell mit Talkpal KI.\",\"breadcrumb\":{\"@id\":\"https:\/\/talkpal.ai\/de\/griechische-grammatik\/#breadcrumb\"},\"inLanguage\":\"de\",\"potentialAction\":[{\"@type\":\"ReadAction\",\"target\":[\"https:\/\/talkpal.ai\/de\/griechische-grammatik\/\"]}]},{\"@type\":\"ImageObject\",\"inLanguage\":\"de\",\"@id\":\"https:\/\/talkpal.ai\/de\/griechische-grammatik\/#primaryimage\",\"url\":\"https:\/\/talkpal.ai\/wp-content\/uploads\/2023\/05\/greece.png\",\"contentUrl\":\"https:\/\/talkpal.ai\/wp-content\/uploads\/2023\/05\/greece.png\",\"width\":512,\"height\":512},{\"@type\":\"BreadcrumbList\",\"@id\":\"https:\/\/talkpal.ai\/de\/griechische-grammatik\/#breadcrumb\",\"itemListElement\":[{\"@type\":\"ListItem\",\"position\":1,\"name\":\"Homepage\",\"item\":\"https:\/\/talkpal.ai\/de\/\"},{\"@type\":\"ListItem\",\"position\":2,\"name\":\"Griechische Grammatik\"}]},{\"@type\":\"WebSite\",\"@id\":\"https:\/\/talkpal.ai\/de\/#website\",\"url\":\"https:\/\/talkpal.ai\/de\/\",\"name\":\"Talkpal\",\"description\":\"AI Language Learning\",\"publisher\":{\"@id\":\"https:\/\/talkpal.ai\/de\/#organization\"},\"alternateName\":\"Talkpal AI\",\"potentialAction\":[{\"@type\":\"SearchAction\",\"target\":{\"@type\":\"EntryPoint\",\"urlTemplate\":\"https:\/\/talkpal.ai\/de\/?s={search_term_string}\"},\"query-input\":{\"@type\":\"PropertyValueSpecification\",\"valueRequired\":true,\"valueName\":\"search_term_string\"}}],\"inLanguage\":\"de\"},{\"@type\":\"Organization\",\"@id\":\"https:\/\/talkpal.ai\/de\/#organization\",\"name\":\"Talkpal, Inc.\",\"alternateName\":\"Talkpal AI\",\"url\":\"https:\/\/talkpal.ai\/de\/\",\"logo\":{\"@type\":\"ImageObject\",\"inLanguage\":\"de\",\"@id\":\"https:\/\/talkpal.ai\/de\/#\/schema\/logo\/image\/\",\"url\":\"https:\/\/talkpal.ai\/wp-content\/uploads\/2024\/03\/Talkpal-Logo-Icon.png\",\"contentUrl\":\"https:\/\/talkpal.ai\/wp-content\/uploads\/2024\/03\/Talkpal-Logo-Icon.png\",\"width\":2880,\"height\":2880,\"caption\":\"Talkpal, Inc.\"},\"image\":{\"@id\":\"https:\/\/talkpal.ai\/de\/#\/schema\/logo\/image\/\"},\"sameAs\":[\"https:\/\/www.facebook.com\/profile.php?id=100090733639311\",\"https:\/\/x.com\/talkpalai\",\"https:\/\/www.linkedin.com\/company\/talkpal\/\",\"https:\/\/www.youtube.com\/@TalkPal\/\",\"https:\/\/www.tiktok.com\/@talkpal\",\"https:\/\/www.instagram.com\/talkpal_ai\/\",\"https:\/\/www.crunchbase.com\/organization\/talkpal-9cde\",\"https:\/\/www.g2.com\/products\/talkpal-for-business\/\",\"https:\/\/www.trustpilot.com\/review\/talkpal.ai\",\"https:\/\/www.capterra.com\/p\/10006800\/TalkPal\/\"],\"description\":\"Talkpal is a language learning web and mobile education app, powered by the latest AI technologies, that provides engaging experiences to its customers in many different languages to help them improve their language skills. Users can chat about unlimited amount of topics with the app and use other modes to practice their language learning.\",\"email\":\"support@talkpal.ai\",\"legalName\":\"Talkpal, Inc.\",\"foundingDate\":\"2023-04-03\",\"duns\":\"118989042\",\"numberOfEmployees\":{\"@type\":\"QuantitativeValue\",\"minValue\":\"11\",\"maxValue\":\"50\"},\"publishingPrinciples\":\"https:\/\/talkpal.ai\/publishing-principles\/\",\"actionableFeedbackPolicy\":\"https:\/\/talkpal.ai\/actionable-feedback-policy\/\",\"correctionsPolicy\":\"https:\/\/talkpal.ai\/corrections-policy\/\",\"ethicsPolicy\":\"https:\/\/talkpal.ai\/ethics-policy\/\",\"diversityPolicy\":\"https:\/\/talkpal.ai\/diversity-policy\/\",\"diversityStaffingReport\":\"https:\/\/talkpal.ai\/diversity-policy\/\"}]}<\/script>\n<!-- \/ Yoast SEO Premium plugin. -->","yoast_head_json":{"title":"Griechische Grammatik - Talkpal","description":"Beherrschen Sie die griechische Grammatik souver\u00e4n - lernen Sie wichtige Regeln, \u00fcben Sie das Bilden von S\u00e4tzen und festigen Sie Ihre Kenntnisse schnell mit Talkpal KI.","robots":{"index":"index","follow":"follow","max-snippet":"max-snippet:-1","max-image-preview":"max-image-preview:large","max-video-preview":"max-video-preview:-1"},"canonical":"https:\/\/talkpal.ai\/de\/griechische-grammatik\/","og_locale":"de_DE","og_type":"article","og_title":"Griechische Grammatik","og_description":"Entmystifizierung der griechischen Grammatik: Ein umfassender Leitfaden Griechisch, eine elegante und alte Sprache, nimmt einen besonderen Platz in der","og_url":"https:\/\/talkpal.ai\/de\/griechische-grammatik\/","og_site_name":"Talkpal","article_publisher":"https:\/\/www.facebook.com\/profile.php?id=100090733639311","article_modified_time":"2025-12-13T15:13:38+00:00","og_image":[{"width":512,"height":512,"url":"https:\/\/talkpal.ai\/wp-content\/uploads\/2023\/05\/greece.png","type":"image\/png"}],"twitter_card":"summary_large_image","twitter_site":"@talkpalai","twitter_misc":{"Gesch\u00e4tzte Lesezeit":"3\u00a0Minuten"},"schema":{"@context":"https:\/\/schema.org","@graph":[{"@type":"WebPage","@id":"https:\/\/talkpal.ai\/de\/griechische-grammatik\/","url":"https:\/\/talkpal.ai\/de\/griechische-grammatik\/","name":"Griechische Grammatik - Talkpal","isPartOf":{"@id":"https:\/\/talkpal.ai\/de\/#website"},"primaryImageOfPage":{"@id":"https:\/\/talkpal.ai\/de\/griechische-grammatik\/#primaryimage"},"image":{"@id":"https:\/\/talkpal.ai\/de\/griechische-grammatik\/#primaryimage"},"thumbnailUrl":"https:\/\/talkpal.ai\/wp-content\/uploads\/2023\/05\/greece.png","datePublished":"2023-05-14T14:02:30+00:00","dateModified":"2025-12-13T15:13:38+00:00","description":"Beherrschen Sie die griechische Grammatik souver\u00e4n - lernen Sie wichtige Regeln, \u00fcben Sie das Bilden von S\u00e4tzen und festigen Sie Ihre Kenntnisse schnell mit Talkpal KI.","breadcrumb":{"@id":"https:\/\/talkpal.ai\/de\/griechische-grammatik\/#breadcrumb"},"inLanguage":"de","potentialAction":[{"@type":"ReadAction","target":["https:\/\/talkpal.ai\/de\/griechische-grammatik\/"]}]},{"@type":"ImageObject","inLanguage":"de","@id":"https:\/\/talkpal.ai\/de\/griechische-grammatik\/#primaryimage","url":"https:\/\/talkpal.ai\/wp-content\/uploads\/2023\/05\/greece.png","contentUrl":"https:\/\/talkpal.ai\/wp-content\/uploads\/2023\/05\/greece.png","width":512,"height":512},{"@type":"BreadcrumbList","@id":"https:\/\/talkpal.ai\/de\/griechische-grammatik\/#breadcrumb","itemListElement":[{"@type":"ListItem","position":1,"name":"Homepage","item":"https:\/\/talkpal.ai\/de\/"},{"@type":"ListItem","position":2,"name":"Griechische Grammatik"}]},{"@type":"WebSite","@id":"https:\/\/talkpal.ai\/de\/#website","url":"https:\/\/talkpal.ai\/de\/","name":"Talkpal","description":"AI Language Learning","publisher":{"@id":"https:\/\/talkpal.ai\/de\/#organization"},"alternateName":"Talkpal AI","potentialAction":[{"@type":"SearchAction","target":{"@type":"EntryPoint","urlTemplate":"https:\/\/talkpal.ai\/de\/?s={search_term_string}"},"query-input":{"@type":"PropertyValueSpecification","valueRequired":true,"valueName":"search_term_string"}}],"inLanguage":"de"},{"@type":"Organization","@id":"https:\/\/talkpal.ai\/de\/#organization","name":"Talkpal, Inc.","alternateName":"Talkpal AI","url":"https:\/\/talkpal.ai\/de\/","logo":{"@type":"ImageObject","inLanguage":"de","@id":"https:\/\/talkpal.ai\/de\/#\/schema\/logo\/image\/","url":"https:\/\/talkpal.ai\/wp-content\/uploads\/2024\/03\/Talkpal-Logo-Icon.png","contentUrl":"https:\/\/talkpal.ai\/wp-content\/uploads\/2024\/03\/Talkpal-Logo-Icon.png","width":2880,"height":2880,"caption":"Talkpal, Inc."},"image":{"@id":"https:\/\/talkpal.ai\/de\/#\/schema\/logo\/image\/"},"sameAs":["https:\/\/www.facebook.com\/profile.php?id=100090733639311","https:\/\/x.com\/talkpalai","https:\/\/www.linkedin.com\/company\/talkpal\/","https:\/\/www.youtube.com\/@TalkPal\/","https:\/\/www.tiktok.com\/@talkpal","https:\/\/www.instagram.com\/talkpal_ai\/","https:\/\/www.crunchbase.com\/organization\/talkpal-9cde","https:\/\/www.g2.com\/products\/talkpal-for-business\/","https:\/\/www.trustpilot.com\/review\/talkpal.ai","https:\/\/www.capterra.com\/p\/10006800\/TalkPal\/"],"description":"Talkpal is a language learning web and mobile education app, powered by the latest AI technologies, that provides engaging experiences to its customers in many different languages to help them improve their language skills. Users can chat about unlimited amount of topics with the app and use other modes to practice their language learning.","email":"support@talkpal.ai","legalName":"Talkpal, Inc.","foundingDate":"2023-04-03","duns":"118989042","numberOfEmployees":{"@type":"QuantitativeValue","minValue":"11","maxValue":"50"},"publishingPrinciples":"https:\/\/talkpal.ai\/publishing-principles\/","actionableFeedbackPolicy":"https:\/\/talkpal.ai\/actionable-feedback-policy\/","correctionsPolicy":"https:\/\/talkpal.ai\/corrections-policy\/","ethicsPolicy":"https:\/\/talkpal.ai\/ethics-policy\/","diversityPolicy":"https:\/\/talkpal.ai\/diversity-policy\/","diversityStaffingReport":"https:\/\/talkpal.ai\/diversity-policy\/"}]}},"_links":{"self":[{"href":"https:\/\/talkpal.ai\/de\/wp-json\/wp\/v2\/pages\/74067","targetHints":{"allow":["GET"]}}],"collection":[{"href":"https:\/\/talkpal.ai\/de\/wp-json\/wp\/v2\/pages"}],"about":[{"href":"https:\/\/talkpal.ai\/de\/wp-json\/wp\/v2\/types\/page"}],"author":[{"embeddable":true,"href":"https:\/\/talkpal.ai\/de\/wp-json\/wp\/v2\/users\/1"}],"replies":[{"embeddable":true,"href":"https:\/\/talkpal.ai\/de\/wp-json\/wp\/v2\/comments?post=74067"}],"version-history":[{"count":0,"href":"https:\/\/talkpal.ai\/de\/wp-json\/wp\/v2\/pages\/74067\/revisions"}],"wp:featuredmedia":[{"embeddable":true,"href":"https:\/\/talkpal.ai\/de\/wp-json\/wp\/v2\/media\/28333"}],"wp:attachment":[{"href":"https:\/\/talkpal.ai\/de\/wp-json\/wp\/v2\/media?parent=74067"}],"curies":[{"name":"wp","href":"https:\/\/api.w.org\/{rel}","templated":true}]}}