{"id":74051,"date":"2023-05-14T14:01:16","date_gmt":"2023-05-14T14:01:16","guid":{"rendered":"http:\/\/talkpal.ai\/kroatische-grammatik\/"},"modified":"2025-12-11T16:41:18","modified_gmt":"2025-12-11T16:41:18","slug":"kroatische-grammatik","status":"publish","type":"page","link":"https:\/\/talkpal.ai\/de\/kroatische-grammatik\/","title":{"rendered":"Kroatische Grammatik"},"content":{"rendered":"\r\n\r\n\r\n<section class=\"languageChallengeSection\">\r\n    <div class=\"languageInfoWrapper\">\r\n        \r\n        <h1>Kroatische Grammatik<\/h1>\r\n        <p>Entdecken Sie die faszinierende Struktur der kroatischen Sprache und lernen Sie die wichtigsten Grammatikregeln. Die Beherrschung der kroatischen <a href=\"https:\/\/talkpal.ai\/fr\/les\/\">Grammatik<\/a> wird Ihnen neue M\u00f6glichkeiten der Kommunikation er\u00f6ffnen und Ihnen helfen, die Kultur und das Erbe des Landes besser kennenzulernen. Beginnen Sie noch heute mit dem Erlernen der kroatischen Grammatik und machen Sie den ersten Schritt in Richtung Sprachgewandtheit!<\/p>\r\n\r\n                            <a class=\"getStartedHidden\" href=\"https:\/\/app.talkpal.ai\/de\/signup?lng=\">Leg los<\/a>\r\n        \r\n    <\/div>\r\n\r\n    <figure>\r\n    <img decoding=\"async\" width=\"768\" height=\"768\" src=\"https:\/\/talkpal.ai\/wp-content\/uploads\/2023\/06\/croatian-768x768.png\" class=\"languageImage no-lazy\" alt=\"Default alt text\" fetchpriority=\"high\" sizes=\"(max-width: 768px) 150px, 768px\" srcset=\"https:\/\/talkpal.ai\/wp-content\/uploads\/2023\/06\/croatian-768x768.png 768w, https:\/\/talkpal.ai\/wp-content\/uploads\/2023\/06\/croatian-300x300.png 300w\" \/>\r\n    \r\n\r\n    <\/figure>\r\n\r\n            <a class=\"getStartedVisible\" href=\"https:\/\/app.talkpal.ai\/de\/signup?lng=\">Leg los<\/a>\r\n    \r\n<\/section>\r\n        <section class=\"grammarSection\">\r\n            <div class=\"grammarLinks\">\r\n                <a href=\"https:\/\/talkpal.ai\/de\/language\/adjektive-kroatische-grammatik\/\">Adjektive <\/a><a href=\"https:\/\/talkpal.ai\/de\/language\/adverbien-kroatische-grammatik\/\">Adverbien <\/a><a href=\"https:\/\/talkpal.ai\/de\/language\/artikel-kroatische-grammatik\/\">Artikel <\/a><a href=\"https:\/\/talkpal.ai\/de\/language\/konditionale-kroatische-grammatik\/\">Konditionale <\/a><a href=\"https:\/\/talkpal.ai\/de\/language\/perfekt-progressiv-kroatische-grammatik\/\">Perfekt Progressiv <\/a><a href=\"https:\/\/talkpal.ai\/de\/language\/praepositionen-kroatische-grammatik\/\">Pr\u00e4positionen <\/a><a href=\"https:\/\/talkpal.ai\/de\/language\/progressiv-kroatische-grammatik\/\">Progressiv <\/a><a href=\"https:\/\/talkpal.ai\/de\/language\/pronomen-determinanten-kroatische-grammatik\/\">Pronomen\/Determinanten <\/a><a href=\"https:\/\/talkpal.ai\/de\/language\/saetze-kroatische-grammatik\/\">S\u00e4tze <\/a><a href=\"https:\/\/talkpal.ai\/de\/language\/substantive-kroatische-grammatik\/\">Substantive <\/a><a href=\"https:\/\/talkpal.ai\/de\/language\/verben-kroatische-grammatik\/\">Verben <\/a><a href=\"https:\/\/talkpal.ai\/de\/language\/zeitformen-kroatische-grammatik\/\">Zeitformen <\/a><a href=\"https:\/\/talkpal.ai\/de\/language\/zeitvergleich-kroatische-grammatik\/\">Zeitvergleich <\/a>            <\/div>\r\n        <\/section>\r\n    <section class=\"promotionalBanner\">\r\n    <p class=\"promotionalText\">Der effizienteste Weg, eine Sprache zu lernen<\/p>\r\n    <a class=\"promotionalLink\" href=\"https:\/\/app.talkpal.ai\/de\/signup?lng=\">Talkpal kostenlos<\/a>\r\n<\/section>\n<div class=\"wp-block-group pageContainerStyle\"><div class=\"wp-block-group__inner-container is-layout-constrained wp-block-group-is-layout-constrained\">\n<h2 class=\"wp-block-heading\" id=\"h-a-journey-through-croatian-grammar-unraveling-the-complexities-made-easy\">Eine Reise durch die kroatische Grammatik: Die Komplexit\u00e4t entr\u00e4tseln leicht gemacht<\/h2>\n\n\n\n<p><a href=\"https:\/\/talkpal.ai\/de\/grammar\/gemischter-konditional-in-der-kroatischen-grammatik\/\">Kroatische Grammatik<\/a>: verf\u00fchrerisch und einsch\u00fcchternd, einfach und kompliziert, geheimnisvoll und faszinierend. Wenn Sie sich auf die Reise begeben, die kroatische Sprache zu lernen, f\u00fchlen Sie sich vielleicht von dem Gedanken \u00fcberw\u00e4ltigt, ihre grammatikalischen Feinheiten zu verstehen. Aber haben Sie keine Angst, unerschrockener Linguist, denn wir sind hier, um Sie bei jedem Schritt des Weges zu begleiten!<\/p>\n\n\n\n<p>In diesem Artikel vermitteln wir ein grundlegendes Verst\u00e4ndnis der kroatischen Grammatikkonzepte und geben Tipps und Tricks zur Beherrschung dieser sch\u00f6nen slawischen Sprache. Lehnen Sie sich einfach zur\u00fcck, entspannen Sie sich und lassen Sie uns diese scheinbar komplizierte Angelegenheit vereinfachen!<\/p>\n\n\n\n<h3 class=\"wp-block-heading\" id=\"h-1-heavenly-nouns-declining-in-style\">1. Himmlische Substantive: Abnehmen im Stil<\/h3>\n\n\n\n<p>Wenn Sie mit Sprachen wie Latein oder <a href=\"https:\/\/talkpal.ai\/learn-german\/\">Deutsch<\/a> vertraut sind, dann wird Ihnen das Konzept der <a href=\"https:\/\/talkpal.ai\/zh-hans\/grammar_exercises\/deklination-%e5%be%b7%e5%9b%bd%e8%af%ad%e6%b3%95%e7%bb%83%e4%b9%a0\/\">Deklination<\/a> von Substantiven nicht neu sein. Die <a href=\"https:\/\/talkpal.ai\/de\/grammar\/gemischter-konditional-in-der-kroatischen-grammatik\/\">kroatische Grammatik<\/a> basiert auf der Grundlage der Deklination, mit insgesamt sieben F\u00e4llen. Ja, Sie haben richtig geh\u00f6rt! Jedes Substantiv im Kroatischen kann bis zu sieben verschiedene Formen haben, <a href=\"https:\/\/talkpal.ai\/culture\/how-do-i-use-the-word-je-nachdem\/\">je nachdem<\/a>, welche Rolle es im Satz spielt. Aber warum die Aufregung, fragst du dich? Nun, es reduziert den Bedarf an <a href=\"https:\/\/talkpal.ai\/ar\/grammar_exercises\/prapositionen-%d8%aa%d9%85%d8%a7%d8%b1%d9%8a%d9%86-%d9%84%d9%84%d9%82%d9%88%d8%a7%d8%b9%d8%af-%d8%a7%d9%84%d8%a3%d9%84%d9%85%d8%a7%d9%86%d9%8a%d8%a9\/\">Pr\u00e4positionen<\/a> und macht die Sprache pr\u00e4ziser.  <\/p>\n\n\n\n<p>Hier ist ein kurzer \u00dcberblick \u00fcber die F\u00e4lle:<\/p>\n\n\n\n<p><strong>&#8211; Nominativ:<\/strong> Das Subjekt eines Satzes<\/p>\n\n\n\n<p><strong>&#8211; Genitiv:<\/strong> Zeigt Besitz oder Herkunft an<\/p>\n\n\n\n<p><strong>&#8211; Dativ:<\/strong> Das indirekte Objekt oder Ziel<\/p>\n\n\n\n<p><strong>&#8211; Akkusativ:<\/strong> Das direkte Objekt oder Ziel<\/p>\n\n\n\n<p><strong>&#8211; Vokativ:<\/strong> Wird verwendet, um jemanden anzusprechen oder zu rufen<\/p>\n\n\n\n<p><strong>&#8211; Lokativ:<\/strong> Gibt den Ort an<\/p>\n\n\n\n<p><strong>&#8211; Instrumental:<\/strong> Beschreibt das Mittel, die Art und Weise oder die Begleitung<\/p>\n\n\n\n<p>Bevor Sie jetzt in Panik geraten, denken Sie daran, dass \u00dcbung den Meister macht. Regelm\u00e4\u00dfiges Kennenlernen und Anwenden der Sprache wird Ihnen helfen, diese Deklinationen allm\u00e4hlich zu meistern und ein kroatisches Grammatikgenie zu werden!<\/p>\n\n\n\n<h3 class=\"wp-block-heading\" id=\"h-2-adorable-adjectives-agreements-galore\">2. Entz\u00fcckende Adjektive: \u00dcbereinstimmungen in H\u00fclle und F\u00fclle<\/h3>\n\n\n\n<p>In der Welt der kroatischen Grammatik sind Adjektive gerne angenehm. Sie \u00e4ndern sich je nach Geschlecht, Zahl und Gro\u00df- und Kleinschreibung des Substantivs, das sie modifizieren. Das bedeutet, dass Sie die Form des Adjektivs anpassen m\u00fcssen, je nachdem, ob das Substantiv m\u00e4nnlich, weiblich oder s\u00e4chlich ist und ob es sich um die Einzahl oder Mehrzahl handelt.<\/p>\n\n\n\n<p>F\u00e4llt es Ihnen schwer, sich zu einigen? Hier ein kleiner Tipp: Konzentrieren Sie sich darauf, den Wortstamm eines Adjektivs zu lernen, und der Rest wird sich von selbst ergeben. Das Stammadjektiv f\u00fcr &#8222;sch\u00f6n&#8220; ist zum Beispiel &#8222;lijep-&#8222;, und Sie k\u00f6nnen Formen wie &#8222;lijepa&#8220; (feminin, Nominativ) oder &#8222;lijepim&#8220; (maskulin\/neuter, instrumental) mit verschiedenen Endungen bilden.<\/p>\n\n\n\n<h3 class=\"wp-block-heading\" id=\"h-3-vibrant-verbs-conjugating-to-perfection\">3. Lebendige Verben: Konjugieren bis zur Perfektion<\/h3>\n\n\n\n<p>Erkennen Sie hier ein Muster? Genau wie Substantive und Adjektive sind auch kroatische Verben voller Variationen. In dieser Sprache werden Verben auf der Grundlage von Zeitform, Stimmung, Aspekt, Person und Zahl konjugiert.<\/p>\n\n\n\n<p>Im Kroatischen gibt es drei Hauptformen: Vergangenheit, Gegenwart und Zukunft. W\u00e4hrend die Gegenwartsform relativ einfach zu verstehen scheint, k\u00f6nnen die Vergangenheits- und Futurformen kompliziert sein. Aber keine Sorge! \u00dcben und der Umgang mit der Sprache werden Ihnen helfen, diese H\u00fcrden in k\u00fcrzester Zeit zu \u00fcberwinden.<\/p>\n\n\n\n<h3 class=\"wp-block-heading\" id=\"h-4-prepositions-cases-dynamic-duo\">4. Pr\u00e4positionen + Kasus = Dynamisches Duo!<\/h3>\n\n\n\n<p>Kroatische Pr\u00e4positionen k\u00f6nnen etwas knifflig sein, da sie eng mit den Substantivf\u00e4llen verbunden sind. Zum Beispiel wird die Pr\u00e4position &#8222;u&#8220; (in, in) mit dem Akkusativ verwendet, wenn sie eine Bewegung oder Richtung bezeichnet, aber wenn sie einen Ort darstellt, dann funktioniert sie mit dem Lokativ.<\/p>\n\n\n\n<p>Um Verwechslungen zu vermeiden, verkn\u00fcpfen Sie eine Pr\u00e4position mit der erforderlichen Gro\u00df-\/Kleinschreibung. Denken Sie zum Beispiel an &#8222;u + Lokativ = in&#8220; und &#8222;u + Akkusativ = in&#8220;.<\/p>\n\n\n\n<h3 class=\"wp-block-heading\" id=\"h-5-tame-the-complexities-practice-makes-perfect\">5. Z\u00e4hmen Sie die Komplexit\u00e4t: \u00dcbung macht den Meister<\/h3>\n\n\n\n<p>Auf den ersten Blick mag die kroatische Grammatik wie ein Labyrinth erscheinen, aber denken Sie daran, dass \u00dcbung die geheime Zutat f\u00fcr den Erfolg ist. Tauchen Sie ein in die Sprache durch Lesen, Schreiben, H\u00f6ren und Unterhalten. Verwandeln Sie Herausforderungen in Triumphe, indem Sie Ihrem Gehirn erlauben, die neue sprachliche Umgebung aufzunehmen und sich an sie anzupassen.<\/p>\n\n\n\n<p>So, nachdem Sie nun Ihre Zehen in die bezaubernden Gew\u00e4sser der kroatischen Grammatik getaucht haben, sind Sie bereit, tiefer einzutauchen? Lassen Sie sich auf die Komplexit\u00e4t ein, genie\u00dfen Sie die Nuancen und denken Sie daran, dass Sie mit Beharrlichkeit und Leidenschaft die wahre Sch\u00f6nheit der kroatischen Sprache entdecken k\u00f6nnen. Sretno! (Viel Gl\u00fcck!)<\/p>\n<\/div><\/div>\n\r\n<section class=\"learnNavigationSection\">\r\n            \r\n        <a href=\"https:\/\/talkpal.ai\/de\/kroatisch-lernen\/\">\r\n            <div class=\"learnNavigationWrapper\">\r\n                <div class=\"learnNavigationContent\">\r\n                    <img decoding=\"async\" src=\"https:\/\/talkpal.ai\/wp-content\/uploads\/2024\/08\/Croatian.jpg\" alt=\"Croatian Flag\">\r\n                    <div>\r\n                        <h4>\u00dcber Kroatisch lernen<\/h4>\r\n                        <p>Erfahren Sie alles \u00fcber die kroatische Grammatik.<\/p>\r\n                    <\/div>\r\n                <\/div>\r\n            <\/div>\r\n        <\/a>\r\n\r\n        \r\n        <a href=\"https:\/\/talkpal.ai\/de\/kroatische-grammatikuebungen\/\">\r\n            <div class=\"learnNavigationWrapper\">\r\n                <div class=\"learnNavigationContent\">\r\n                    <img decoding=\"async\" src=\"https:\/\/talkpal.ai\/wp-content\/uploads\/2024\/08\/Croatian.jpg\" alt=\"Croatian Flag\">\r\n                    <div>\r\n                        <h4>\u00dcbung zur kroatischen Grammatik<\/h4>\r\n                        <p>\u00dcben Sie die kroatische Grammatik .<\/p>\r\n                    <\/div>\r\n                <\/div>\r\n            <\/div>\r\n        <\/a>\r\n\r\n        \r\n        <a href=\"https:\/\/talkpal.ai\/vocabulary_language\/croatian\/\">\r\n            <div class=\"learnNavigationWrapper\">\r\n                <div class=\"learnNavigationContent\">\r\n                    <img decoding=\"async\" src=\"https:\/\/talkpal.ai\/wp-content\/uploads\/2024\/08\/Croatian.jpg\" alt=\"Croatian Flag\">\r\n                    <div>\r\n                        <h4>Kroatisch Wortschatz<\/h4>\r\n                        <p>Erweitern Sie Ihren kroatischen Wortschatz.<\/p>\r\n                    <\/div>\r\n                <\/div>\r\n            <\/div>\r\n        <\/a>\r\n\r\n            <\/section>","protected":false},"excerpt":{"rendered":"<p>Eine Reise durch die kroatische Grammatik: Die Komplexit\u00e4t entr\u00e4tseln leicht gemacht Kroatische Grammatik: verf\u00fchrerisch und einsch\u00fcchternd, einfach und kompliziert, geheimnisvoll und faszinierend. Wenn Sie sich auf die Reise begeben, die kroatische Sprache zu lernen, f\u00fchlen Sie sich vielleicht von dem Gedanken \u00fcberw\u00e4ltigt, ihre grammatikalischen Feinheiten zu verstehen. Aber haben Sie keine Angst, unerschrockener Linguist, denn [&hellip;]<\/p>\n","protected":false},"author":1,"featured_media":28253,"parent":0,"menu_order":0,"comment_status":"closed","ping_status":"closed","template":"LearningContentPage.php","meta":{"_acf_changed":false,"footnotes":""},"class_list":["post-74051","page","type-page","status-publish","has-post-thumbnail","hentry"],"acf":[],"yoast_head":"<!-- This site is optimized with the Yoast SEO Premium plugin v27.2 (Yoast SEO v27.2) - https:\/\/yoast.com\/product\/yoast-seo-premium-wordpress\/ -->\n<title>Kroatische Grammatik - Talkpal<\/title>\n<meta name=\"description\" content=\"Erforschen Sie die kroatische Grammatik und verbessern Sie Ihr Verst\u00e4ndnis der Sprache mit wichtigen Tipps und Ressourcen.\" \/>\n<meta name=\"robots\" content=\"index, follow, max-snippet:-1, max-image-preview:large, max-video-preview:-1\" \/>\n<link rel=\"canonical\" href=\"https:\/\/talkpal.ai\/de\/kroatische-grammatik\/\" \/>\n<meta property=\"og:locale\" content=\"de_DE\" \/>\n<meta property=\"og:type\" content=\"article\" \/>\n<meta property=\"og:title\" content=\"Kroatische Grammatik\" \/>\n<meta property=\"og:description\" content=\"Eine Reise durch die kroatische Grammatik: Die Komplexit\u00e4t entr\u00e4tseln leicht gemacht Kroatische Grammatik: verf\u00fchrerisch und einsch\u00fcchternd, einfach und\" \/>\n<meta property=\"og:url\" content=\"https:\/\/talkpal.ai\/de\/kroatische-grammatik\/\" \/>\n<meta property=\"og:site_name\" content=\"Talkpal\" \/>\n<meta property=\"article:publisher\" content=\"https:\/\/www.facebook.com\/profile.php?id=100090733639311\" \/>\n<meta property=\"article:modified_time\" content=\"2025-12-11T16:41:18+00:00\" \/>\n<meta property=\"og:image\" content=\"https:\/\/talkpal.ai\/wp-content\/uploads\/2023\/05\/croatia.png\" \/>\n\t<meta property=\"og:image:width\" content=\"512\" \/>\n\t<meta property=\"og:image:height\" content=\"512\" \/>\n\t<meta property=\"og:image:type\" content=\"image\/png\" \/>\n<meta name=\"twitter:card\" content=\"summary_large_image\" \/>\n<meta name=\"twitter:site\" content=\"@talkpalai\" \/>\n<meta name=\"twitter:label1\" content=\"Gesch\u00e4tzte Lesezeit\" \/>\n\t<meta name=\"twitter:data1\" content=\"4\u00a0Minuten\" \/>\n<script type=\"application\/ld+json\" class=\"yoast-schema-graph\">{\"@context\":\"https:\/\/schema.org\",\"@graph\":[{\"@type\":\"WebPage\",\"@id\":\"https:\/\/talkpal.ai\/de\/kroatische-grammatik\/\",\"url\":\"https:\/\/talkpal.ai\/de\/kroatische-grammatik\/\",\"name\":\"Kroatische Grammatik - Talkpal\",\"isPartOf\":{\"@id\":\"https:\/\/talkpal.ai\/de\/#website\"},\"primaryImageOfPage\":{\"@id\":\"https:\/\/talkpal.ai\/de\/kroatische-grammatik\/#primaryimage\"},\"image\":{\"@id\":\"https:\/\/talkpal.ai\/de\/kroatische-grammatik\/#primaryimage\"},\"thumbnailUrl\":\"https:\/\/talkpal.ai\/wp-content\/uploads\/2023\/05\/croatia.png\",\"datePublished\":\"2023-05-14T14:01:16+00:00\",\"dateModified\":\"2025-12-11T16:41:18+00:00\",\"description\":\"Erforschen Sie die kroatische Grammatik und verbessern Sie Ihr Verst\u00e4ndnis der Sprache mit wichtigen Tipps und Ressourcen.\",\"breadcrumb\":{\"@id\":\"https:\/\/talkpal.ai\/de\/kroatische-grammatik\/#breadcrumb\"},\"inLanguage\":\"de\",\"potentialAction\":[{\"@type\":\"ReadAction\",\"target\":[\"https:\/\/talkpal.ai\/de\/kroatische-grammatik\/\"]}]},{\"@type\":\"ImageObject\",\"inLanguage\":\"de\",\"@id\":\"https:\/\/talkpal.ai\/de\/kroatische-grammatik\/#primaryimage\",\"url\":\"https:\/\/talkpal.ai\/wp-content\/uploads\/2023\/05\/croatia.png\",\"contentUrl\":\"https:\/\/talkpal.ai\/wp-content\/uploads\/2023\/05\/croatia.png\",\"width\":512,\"height\":512},{\"@type\":\"BreadcrumbList\",\"@id\":\"https:\/\/talkpal.ai\/de\/kroatische-grammatik\/#breadcrumb\",\"itemListElement\":[{\"@type\":\"ListItem\",\"position\":1,\"name\":\"Homepage\",\"item\":\"https:\/\/talkpal.ai\/de\/\"},{\"@type\":\"ListItem\",\"position\":2,\"name\":\"Kroatische Grammatik\"}]},{\"@type\":\"WebSite\",\"@id\":\"https:\/\/talkpal.ai\/de\/#website\",\"url\":\"https:\/\/talkpal.ai\/de\/\",\"name\":\"Talkpal\",\"description\":\"AI Language Learning\",\"publisher\":{\"@id\":\"https:\/\/talkpal.ai\/de\/#organization\"},\"alternateName\":\"Talkpal AI\",\"potentialAction\":[{\"@type\":\"SearchAction\",\"target\":{\"@type\":\"EntryPoint\",\"urlTemplate\":\"https:\/\/talkpal.ai\/de\/?s={search_term_string}\"},\"query-input\":{\"@type\":\"PropertyValueSpecification\",\"valueRequired\":true,\"valueName\":\"search_term_string\"}}],\"inLanguage\":\"de\"},{\"@type\":\"Organization\",\"@id\":\"https:\/\/talkpal.ai\/de\/#organization\",\"name\":\"Talkpal, Inc.\",\"alternateName\":\"Talkpal AI\",\"url\":\"https:\/\/talkpal.ai\/de\/\",\"logo\":{\"@type\":\"ImageObject\",\"inLanguage\":\"de\",\"@id\":\"https:\/\/talkpal.ai\/de\/#\/schema\/logo\/image\/\",\"url\":\"https:\/\/talkpal.ai\/wp-content\/uploads\/2024\/03\/Talkpal-Logo-Icon.png\",\"contentUrl\":\"https:\/\/talkpal.ai\/wp-content\/uploads\/2024\/03\/Talkpal-Logo-Icon.png\",\"width\":2880,\"height\":2880,\"caption\":\"Talkpal, Inc.\"},\"image\":{\"@id\":\"https:\/\/talkpal.ai\/de\/#\/schema\/logo\/image\/\"},\"sameAs\":[\"https:\/\/www.facebook.com\/profile.php?id=100090733639311\",\"https:\/\/x.com\/talkpalai\",\"https:\/\/www.linkedin.com\/company\/talkpal\/\",\"https:\/\/www.youtube.com\/@TalkPal\/\",\"https:\/\/www.tiktok.com\/@talkpal\",\"https:\/\/www.instagram.com\/talkpal_ai\/\",\"https:\/\/www.crunchbase.com\/organization\/talkpal-9cde\",\"https:\/\/www.g2.com\/products\/talkpal-for-business\/\",\"https:\/\/www.trustpilot.com\/review\/talkpal.ai\",\"https:\/\/www.capterra.com\/p\/10006800\/TalkPal\/\"],\"description\":\"Talkpal is a language learning web and mobile education app, powered by the latest AI technologies, that provides engaging experiences to its customers in many different languages to help them improve their language skills. Users can chat about unlimited amount of topics with the app and use other modes to practice their language learning.\",\"email\":\"support@talkpal.ai\",\"legalName\":\"Talkpal, Inc.\",\"foundingDate\":\"2023-04-03\",\"duns\":\"118989042\",\"numberOfEmployees\":{\"@type\":\"QuantitativeValue\",\"minValue\":\"11\",\"maxValue\":\"50\"},\"publishingPrinciples\":\"https:\/\/talkpal.ai\/publishing-principles\/\",\"actionableFeedbackPolicy\":\"https:\/\/talkpal.ai\/actionable-feedback-policy\/\",\"correctionsPolicy\":\"https:\/\/talkpal.ai\/corrections-policy\/\",\"ethicsPolicy\":\"https:\/\/talkpal.ai\/ethics-policy\/\",\"diversityPolicy\":\"https:\/\/talkpal.ai\/diversity-policy\/\",\"diversityStaffingReport\":\"https:\/\/talkpal.ai\/diversity-policy\/\"}]}<\/script>\n<!-- \/ Yoast SEO Premium plugin. -->","yoast_head_json":{"title":"Kroatische Grammatik - Talkpal","description":"Erforschen Sie die kroatische Grammatik und verbessern Sie Ihr Verst\u00e4ndnis der Sprache mit wichtigen Tipps und Ressourcen.","robots":{"index":"index","follow":"follow","max-snippet":"max-snippet:-1","max-image-preview":"max-image-preview:large","max-video-preview":"max-video-preview:-1"},"canonical":"https:\/\/talkpal.ai\/de\/kroatische-grammatik\/","og_locale":"de_DE","og_type":"article","og_title":"Kroatische Grammatik","og_description":"Eine Reise durch die kroatische Grammatik: Die Komplexit\u00e4t entr\u00e4tseln leicht gemacht Kroatische Grammatik: verf\u00fchrerisch und einsch\u00fcchternd, einfach und","og_url":"https:\/\/talkpal.ai\/de\/kroatische-grammatik\/","og_site_name":"Talkpal","article_publisher":"https:\/\/www.facebook.com\/profile.php?id=100090733639311","article_modified_time":"2025-12-11T16:41:18+00:00","og_image":[{"width":512,"height":512,"url":"https:\/\/talkpal.ai\/wp-content\/uploads\/2023\/05\/croatia.png","type":"image\/png"}],"twitter_card":"summary_large_image","twitter_site":"@talkpalai","twitter_misc":{"Gesch\u00e4tzte Lesezeit":"4\u00a0Minuten"},"schema":{"@context":"https:\/\/schema.org","@graph":[{"@type":"WebPage","@id":"https:\/\/talkpal.ai\/de\/kroatische-grammatik\/","url":"https:\/\/talkpal.ai\/de\/kroatische-grammatik\/","name":"Kroatische Grammatik - Talkpal","isPartOf":{"@id":"https:\/\/talkpal.ai\/de\/#website"},"primaryImageOfPage":{"@id":"https:\/\/talkpal.ai\/de\/kroatische-grammatik\/#primaryimage"},"image":{"@id":"https:\/\/talkpal.ai\/de\/kroatische-grammatik\/#primaryimage"},"thumbnailUrl":"https:\/\/talkpal.ai\/wp-content\/uploads\/2023\/05\/croatia.png","datePublished":"2023-05-14T14:01:16+00:00","dateModified":"2025-12-11T16:41:18+00:00","description":"Erforschen Sie die kroatische Grammatik und verbessern Sie Ihr Verst\u00e4ndnis der Sprache mit wichtigen Tipps und Ressourcen.","breadcrumb":{"@id":"https:\/\/talkpal.ai\/de\/kroatische-grammatik\/#breadcrumb"},"inLanguage":"de","potentialAction":[{"@type":"ReadAction","target":["https:\/\/talkpal.ai\/de\/kroatische-grammatik\/"]}]},{"@type":"ImageObject","inLanguage":"de","@id":"https:\/\/talkpal.ai\/de\/kroatische-grammatik\/#primaryimage","url":"https:\/\/talkpal.ai\/wp-content\/uploads\/2023\/05\/croatia.png","contentUrl":"https:\/\/talkpal.ai\/wp-content\/uploads\/2023\/05\/croatia.png","width":512,"height":512},{"@type":"BreadcrumbList","@id":"https:\/\/talkpal.ai\/de\/kroatische-grammatik\/#breadcrumb","itemListElement":[{"@type":"ListItem","position":1,"name":"Homepage","item":"https:\/\/talkpal.ai\/de\/"},{"@type":"ListItem","position":2,"name":"Kroatische Grammatik"}]},{"@type":"WebSite","@id":"https:\/\/talkpal.ai\/de\/#website","url":"https:\/\/talkpal.ai\/de\/","name":"Talkpal","description":"AI Language Learning","publisher":{"@id":"https:\/\/talkpal.ai\/de\/#organization"},"alternateName":"Talkpal AI","potentialAction":[{"@type":"SearchAction","target":{"@type":"EntryPoint","urlTemplate":"https:\/\/talkpal.ai\/de\/?s={search_term_string}"},"query-input":{"@type":"PropertyValueSpecification","valueRequired":true,"valueName":"search_term_string"}}],"inLanguage":"de"},{"@type":"Organization","@id":"https:\/\/talkpal.ai\/de\/#organization","name":"Talkpal, Inc.","alternateName":"Talkpal AI","url":"https:\/\/talkpal.ai\/de\/","logo":{"@type":"ImageObject","inLanguage":"de","@id":"https:\/\/talkpal.ai\/de\/#\/schema\/logo\/image\/","url":"https:\/\/talkpal.ai\/wp-content\/uploads\/2024\/03\/Talkpal-Logo-Icon.png","contentUrl":"https:\/\/talkpal.ai\/wp-content\/uploads\/2024\/03\/Talkpal-Logo-Icon.png","width":2880,"height":2880,"caption":"Talkpal, Inc."},"image":{"@id":"https:\/\/talkpal.ai\/de\/#\/schema\/logo\/image\/"},"sameAs":["https:\/\/www.facebook.com\/profile.php?id=100090733639311","https:\/\/x.com\/talkpalai","https:\/\/www.linkedin.com\/company\/talkpal\/","https:\/\/www.youtube.com\/@TalkPal\/","https:\/\/www.tiktok.com\/@talkpal","https:\/\/www.instagram.com\/talkpal_ai\/","https:\/\/www.crunchbase.com\/organization\/talkpal-9cde","https:\/\/www.g2.com\/products\/talkpal-for-business\/","https:\/\/www.trustpilot.com\/review\/talkpal.ai","https:\/\/www.capterra.com\/p\/10006800\/TalkPal\/"],"description":"Talkpal is a language learning web and mobile education app, powered by the latest AI technologies, that provides engaging experiences to its customers in many different languages to help them improve their language skills. Users can chat about unlimited amount of topics with the app and use other modes to practice their language learning.","email":"support@talkpal.ai","legalName":"Talkpal, Inc.","foundingDate":"2023-04-03","duns":"118989042","numberOfEmployees":{"@type":"QuantitativeValue","minValue":"11","maxValue":"50"},"publishingPrinciples":"https:\/\/talkpal.ai\/publishing-principles\/","actionableFeedbackPolicy":"https:\/\/talkpal.ai\/actionable-feedback-policy\/","correctionsPolicy":"https:\/\/talkpal.ai\/corrections-policy\/","ethicsPolicy":"https:\/\/talkpal.ai\/ethics-policy\/","diversityPolicy":"https:\/\/talkpal.ai\/diversity-policy\/","diversityStaffingReport":"https:\/\/talkpal.ai\/diversity-policy\/"}]}},"_links":{"self":[{"href":"https:\/\/talkpal.ai\/de\/wp-json\/wp\/v2\/pages\/74051","targetHints":{"allow":["GET"]}}],"collection":[{"href":"https:\/\/talkpal.ai\/de\/wp-json\/wp\/v2\/pages"}],"about":[{"href":"https:\/\/talkpal.ai\/de\/wp-json\/wp\/v2\/types\/page"}],"author":[{"embeddable":true,"href":"https:\/\/talkpal.ai\/de\/wp-json\/wp\/v2\/users\/1"}],"replies":[{"embeddable":true,"href":"https:\/\/talkpal.ai\/de\/wp-json\/wp\/v2\/comments?post=74051"}],"version-history":[{"count":0,"href":"https:\/\/talkpal.ai\/de\/wp-json\/wp\/v2\/pages\/74051\/revisions"}],"wp:featuredmedia":[{"embeddable":true,"href":"https:\/\/talkpal.ai\/de\/wp-json\/wp\/v2\/media\/28253"}],"wp:attachment":[{"href":"https:\/\/talkpal.ai\/de\/wp-json\/wp\/v2\/media?parent=74051"}],"curies":[{"name":"wp","href":"https:\/\/api.w.org\/{rel}","templated":true}]}}