{"id":74050,"date":"2023-05-14T14:03:43","date_gmt":"2023-05-14T14:03:43","guid":{"rendered":"http:\/\/talkpal.ai\/galizische-grammatik\/"},"modified":"2025-12-13T15:35:53","modified_gmt":"2025-12-13T15:35:53","slug":"galizische-grammatik","status":"publish","type":"page","link":"https:\/\/talkpal.ai\/de\/galizische-grammatik\/","title":{"rendered":"Galizische Grammatik"},"content":{"rendered":"\r\n\r\n\r\n<section class=\"languageChallengeSection\">\r\n    <div class=\"languageInfoWrapper\">\r\n        \r\n        <h1>Galizische Grammatik<\/h1>\r\n        <p>Entdecken Sie den Charme der galicischen Sprache, indem Sie ihre grundlegenden Grammatikregeln beherrschen. Die Kenntnis der galicischen <a href=\"https:\/\/talkpal.ai\/fr\/les\/\">Grammatik<\/a> \u00f6ffnet Ihnen die T\u00fcren zu einer sinnvollen Kommunikation und einer tieferen Wertsch\u00e4tzung der lebendigen Kultur Galiciens. Beginnen Sie noch heute mit dem Erlernen der galicischen Grammatik und machen Sie den ersten Schritt in Richtung Sprachgewandtheit!<\/p>\r\n\r\n                            <a class=\"getStartedHidden\" href=\"https:\/\/app.talkpal.ai\/de\/signup?lng=\">Leg los<\/a>\r\n        \r\n    <\/div>\r\n\r\n    <figure>\r\n    <img decoding=\"async\" width=\"768\" height=\"768\" src=\"https:\/\/talkpal.ai\/wp-content\/uploads\/2023\/06\/galician-768x768.png\" class=\"languageImage no-lazy\" alt=\"Default alt text\" fetchpriority=\"high\" sizes=\"(max-width: 768px) 150px, 768px\" srcset=\"https:\/\/talkpal.ai\/wp-content\/uploads\/2023\/06\/galician-768x768.png 768w, https:\/\/talkpal.ai\/wp-content\/uploads\/2023\/06\/galician-300x300.png 300w\" \/>\r\n    \r\n\r\n    <\/figure>\r\n\r\n            <a class=\"getStartedVisible\" href=\"https:\/\/app.talkpal.ai\/de\/signup?lng=\">Leg los<\/a>\r\n    \r\n<\/section>\r\n        <section class=\"grammarSection\">\r\n            <div class=\"grammarLinks\">\r\n                <a href=\"https:\/\/talkpal.ai\/de\/language\/adjektive-galicische-grammatik\/\">Adjektive <\/a><a href=\"https:\/\/talkpal.ai\/de\/language\/adverbien-galicische-grammatik\/\">Adverbien <\/a><a href=\"https:\/\/talkpal.ai\/de\/language\/artikel-galicische-grammatik\/\">Artikel <\/a><a href=\"https:\/\/talkpal.ai\/de\/language\/konditionale-galicische-grammatik\/\">Konditionale <\/a><a href=\"https:\/\/talkpal.ai\/de\/language\/perfekt-progressiv-galizische-grammatik\/\">Perfekt Progressiv <\/a><a href=\"https:\/\/talkpal.ai\/de\/language\/praepositionen-galizische-grammatik\/\">Pr\u00e4positionen <\/a><a href=\"https:\/\/talkpal.ai\/de\/language\/progressiv-galicische-grammatik\/\">Progressiv <\/a><a href=\"https:\/\/talkpal.ai\/de\/language\/pronomen-determinanten-galizische-grammatik\/\">Pronomen\/Determinanten <\/a><a href=\"https:\/\/talkpal.ai\/de\/language\/saetze-galicische-grammatik\/\">S\u00e4tze <\/a><a href=\"https:\/\/talkpal.ai\/de\/language\/substantive-galizische-grammatik\/\">Substantive <\/a><a href=\"https:\/\/talkpal.ai\/de\/language\/verben-galicische-grammatik\/\">Verben <\/a><a href=\"https:\/\/talkpal.ai\/de\/language\/zeitformen-galicische-grammatik\/\">Zeitformen <\/a><a href=\"https:\/\/talkpal.ai\/de\/language\/zeitvergleich-galizische-grammatik\/\">Zeitvergleich <\/a>            <\/div>\r\n        <\/section>\r\n    <section class=\"promotionalBanner\">\r\n    <p class=\"promotionalText\">Der effizienteste Weg, eine Sprache zu lernen<\/p>\r\n    <a class=\"promotionalLink\" href=\"https:\/\/app.talkpal.ai\/de\/signup?lng=\">Talkpal kostenlos<\/a>\r\n<\/section>\n<div class=\"wp-block-group pageContainerStyle\"><div class=\"wp-block-group__inner-container is-layout-constrained wp-block-group-is-layout-constrained\">\n<h2 class=\"wp-block-heading\" id=\"h-galician-grammar-unlocking-the-beauty-of-a-romance-language\">Galizische Grammatik: Die Sch\u00f6nheit einer romanischen Sprache erschlie\u00dfen<\/h2>\n\n\n\n<p><a href=\"https:\/\/talkpal.ai\/learn-galician\/\">Galizisch<\/a>, eine romanische Sprache, die von \u00fcber zwei Millionen Menschen im Nordwesten Spaniens gesprochen wird, ist ein einzigartiger und faszinierender Dialekt, der \u00c4hnlichkeiten mit dem Portugiesischen aufweist. Es hat eine unverwechselbare Phonologie, eine faszinierende Geschichte und eine lebendige poetische Tradition. Um diese bezaubernde Sprache zu beherrschen, ist es wichtig, ihre Grammatik zu verstehen. In diesem Artikel gehen wir auf die wesentlichen Aspekte der galicischen Grammatik ein und geben Ihnen Tipps, die Ihnen helfen, auf dieser sprachlichen Reise zu bestehen.<\/p>\n\n\n\n<h3 class=\"wp-block-heading\" id=\"h-key-components-of-galician-grammar\">Hauptbestandteile der galicischen Grammatik:<\/h3>\n\n\n\n<p>Die <a href=\"https:\/\/talkpal.ai\/galician-grammar\/\">galicische Grammatik<\/a> besteht, wie andere romanische Sprachen auch, aus verschiedenen Regeln und Strukturen, die ihren korrekten Gebrauch definieren. Hier sind einige grundlegende Aspekte der galicischen Grammatik, mit denen Sie vertraut sein sollten:<\/p>\n\n\n\n<p>1. Substantive: Galizische <strong>Substantive<\/strong> haben zwei grammatikalische Geschlechter (m\u00e4nnlich und weiblich) und werden f\u00fcr die Zahl (Singular und Plural) flektiert. Das Geschlecht eines Substantivs beeinflusst die Form der Artikel, Adjektive und Pronomen, die es begleiten.<\/p>\n\n\n\n<p><strong>2. Artikel:<\/strong> Im Galizischen gibt es bestimmte Artikel (o, os, a, as) und <a href=\"https:\/\/talkpal.ai\/de\/grammar\/unbestimmte-artikel-in-der-malaiischen-grammatik\/\">unbestimmte Artikel<\/a> (un, uns, unha, unhas). Bestimmte Artikel werden verwendet, um sich auf bestimmte Objekte oder Personen zu beziehen, w\u00e4hrend unbestimmte Artikel f\u00fcr allgemeine oder unspezifische Referenzen verwendet werden.<\/p>\n\n\n\n<p>3. Adjektive und <strong>Adverbien: Adjektive<\/strong> im Galizischen stimmen in der Regel in Geschlecht und Anzahl mit den Substantiven \u00fcberein, die sie modifizieren. <a href=\"https:\/\/talkpal.ai\/ar\/grammar_exercises\/adverbien-%d8%aa%d9%85%d8%a7%d8%b1%d9%8a%d9%86-%d9%84%d9%84%d9%82%d9%88%d8%a7%d8%b9%d8%af-%d8%a7%d9%84%d8%a3%d9%84%d9%85%d8%a7%d9%86%d9%8a%d8%a9\/\">Adverbien<\/a> hingegen sind unver\u00e4nderlich und \u00e4ndern sich nicht je nach Geschlecht oder Zahl des Substantivs.<\/p>\n\n\n\n<p><strong>4. Verben:<\/strong> Galizische Verben werden in drei regelm\u00e4\u00dfigen Mustern (ar, er, ir) und verschiedenen unregelm\u00e4\u00dfigen Mustern konjugiert. Verben werden nach Zeitform (Gegenwart, Vergangenheit, Zukunft usw.), Stimmung (Indikativ, <a href=\"https:\/\/talkpal.ai\/ja\/grammar_exercises\/konjunktiv-%e3%83%89%e3%82%a4%e3%83%84%e6%96%87%e6%b3%95%e3%81%ae%e6%bc%94%e7%bf%92\/\">Konjunktiv<\/a>, Imperativ), Aspekt (Perfektiv, Imperfektiv) und Stimme (Aktiv, Passiv) flektiert. Pronomen werden in der Verbkonjugation oft weggelassen, da die Verbform in der Regel das Subjekt angibt.<\/p>\n\n\n\n<p><strong>5. Satzbau:<\/strong> Galizisch verwendet in der Regel die Wortstellung Subjekt-Verb-Objekt (SVO) oder Verb-Subjekt-Objekt (VSO), je nach Betonung und Kontext. Diese Wortstellung ist jedoch flexibel.<\/p>\n\n\n\n<h3 class=\"wp-block-heading\" id=\"h-tips-for-learning-galician-grammar\">Tipps zum Erlernen der galicischen Grammatik:<\/h3>\n\n\n\n<p>Um beim Erlernen der galicischen Grammatik zu gl\u00e4nzen, sollten Sie diese hilfreichen Strategien in Betracht ziehen:<\/p>\n\n\n\n<p><strong>1. Regelm\u00e4\u00dfiges \u00dcben:<\/strong> Konsistenz ist der Schl\u00fcssel. Nehmen Sie sich jeden Tag oder jede Woche bestimmte Zeiten, um Grammatik\u00fcbungen, Lesen und Schreiben auf Galizisch zu \u00fcben.<\/p>\n\n\n\n<p><strong>2. Nutzen Sie einheimische Ressourcen:<\/strong> Tauchen Sie ein in authentische galicische Materialien wie Literatur, Nachrichtenartikel und Filme. Dies hilft Ihnen nicht nur, die galicische Grammatik im Kontext zu sehen, sondern verbessert auch Ihre Lese- und H\u00f6rf\u00e4higkeiten.<\/p>\n\n\n\n<p>3. Lerne Substantivgeschlechter und Artikel: Machen Sie sich mit den galicischen <strong>Substantivgeschlechtern und<\/strong> der richtigen Verwendung von Artikeln vertraut. Dies ist entscheidend, um genaue und koh\u00e4rente S\u00e4tze zu bilden.<\/p>\n\n\n\n<p><strong>4. Vernetzen Sie sich mit Muttersprachlern:<\/strong> Tauschen Sie sich mit galicischen Muttersprachlern \u00fcber Sprachaustauschprogramme, soziale Medien oder Online-Foren aus. Dies bietet die M\u00f6glichkeit, die Grammatik in realen Gespr\u00e4chen zu \u00fcben und wertvolles Feedback zu erhalten.<\/p>\n\n\n\n<p>5. Geduld und <strong>Beharrlichkeit:<\/strong> Das Erlernen einer neuen Sprache erfordert Zeit, Entschlossenheit und Geduld. Nehmen Sie die Herausforderungen an und feiern Sie Ihre Fortschritte auf dem Weg.<\/p>\n\n\n\n<h2 class=\"wp-block-heading\" id=\"h-conclusion\">Schlussfolgerung:<\/h2>\n\n\n\n<p>Die galicische Grammatik mit ihren einzigartigen Merkmalen und ihrer Verbindung zur romanischen Sprachfamilie ist der Schl\u00fcssel zur Beherrschung dieses faszinierenden Dialekts. Wenn Sie die wichtigsten Komponenten verstehen und unsere Lernstrategien befolgen, sind Sie auf dem besten Weg, die Sprache zu beherrschen. Begeben Sie sich also auf diese aufregende Reise und entdecken Sie die Wunder der galicischen Sprache!<\/p>\n<\/div><\/div>\n\r\n<section class=\"learnNavigationSection\">\r\n            \r\n        <a href=\"https:\/\/talkpal.ai\/de\/galicisch-lernen\/\">\r\n            <div class=\"learnNavigationWrapper\">\r\n                <div class=\"learnNavigationContent\">\r\n                    <img decoding=\"async\" src=\"https:\/\/talkpal.ai\/wp-content\/uploads\/2024\/08\/Galician.jpg\" alt=\"Galicia Flag\">\r\n                    <div>\r\n                        <h4>\u00dcber Galicisch Lernen<\/h4>\r\n                        <p>Erfahren Sie alles \u00fcber die galicische Grammatik.<\/p>\r\n                    <\/div>\r\n                <\/div>\r\n            <\/div>\r\n        <\/a>\r\n\r\n        \r\n        <a href=\"https:\/\/talkpal.ai\/de\/galizische-grammatikuebungen\/\">\r\n            <div class=\"learnNavigationWrapper\">\r\n                <div class=\"learnNavigationContent\">\r\n                    <img decoding=\"async\" src=\"https:\/\/talkpal.ai\/wp-content\/uploads\/2024\/08\/Galician.jpg\" alt=\"Galicia Flag\">\r\n                    <div>\r\n                        <h4>Galicische Grammatik \u00dcbung<\/h4>\r\n                        <p>\u00dcben Sie die galicische Grammatik .<\/p>\r\n                    <\/div>\r\n                <\/div>\r\n            <\/div>\r\n        <\/a>\r\n\r\n        \r\n        <a href=\"https:\/\/talkpal.ai\/vocabulary_language\/galician\/\">\r\n            <div class=\"learnNavigationWrapper\">\r\n                <div class=\"learnNavigationContent\">\r\n                    <img decoding=\"async\" src=\"https:\/\/talkpal.ai\/wp-content\/uploads\/2024\/08\/Galician.jpg\" alt=\"Galicia Flag\">\r\n                    <div>\r\n                        <h4>Galicisch Wortschatz<\/h4>\r\n                        <p>Erweitern Sie Ihren galicischen Wortschatz.<\/p>\r\n                    <\/div>\r\n                <\/div>\r\n            <\/div>\r\n        <\/a>\r\n\r\n            <\/section>","protected":false},"excerpt":{"rendered":"<p>Galizische Grammatik: Die Sch\u00f6nheit einer romanischen Sprache erschlie\u00dfen Galizisch, eine romanische Sprache, die von \u00fcber zwei Millionen Menschen im Nordwesten Spaniens gesprochen wird, ist ein einzigartiger und faszinierender Dialekt, der \u00c4hnlichkeiten mit dem Portugiesischen aufweist. Es hat eine unverwechselbare Phonologie, eine faszinierende Geschichte und eine lebendige poetische Tradition. Um diese bezaubernde Sprache zu beherrschen, ist [&hellip;]<\/p>\n","protected":false},"author":1,"featured_media":28317,"parent":0,"menu_order":0,"comment_status":"closed","ping_status":"closed","template":"LearningContentPage.php","meta":{"_acf_changed":false,"footnotes":""},"class_list":["post-74050","page","type-page","status-publish","has-post-thumbnail","hentry"],"acf":[],"yoast_head":"<!-- This site is optimized with the Yoast SEO Premium plugin v27.2 (Yoast SEO v27.2) - https:\/\/yoast.com\/product\/yoast-seo-premium-wordpress\/ -->\n<title>Galizische Grammatik - Talkpal<\/title>\n<meta name=\"description\" content=\"Beherrschen Sie die galicische Grammatik m\u00fchelos - lernen Sie Regeln, bilden Sie korrekte S\u00e4tze und kommunizieren Sie klar und deutlich.\" \/>\n<meta name=\"robots\" content=\"index, follow, max-snippet:-1, max-image-preview:large, max-video-preview:-1\" \/>\n<link rel=\"canonical\" href=\"https:\/\/talkpal.ai\/de\/galizische-grammatik\/\" \/>\n<meta property=\"og:locale\" content=\"de_DE\" \/>\n<meta property=\"og:type\" content=\"article\" \/>\n<meta property=\"og:title\" content=\"Galizische Grammatik\" \/>\n<meta property=\"og:description\" content=\"Galizische Grammatik: Die Sch\u00f6nheit einer romanischen Sprache erschlie\u00dfen Galizisch, eine romanische Sprache, die von \u00fcber zwei Millionen Menschen im\" \/>\n<meta property=\"og:url\" content=\"https:\/\/talkpal.ai\/de\/galizische-grammatik\/\" \/>\n<meta property=\"og:site_name\" content=\"Talkpal\" \/>\n<meta property=\"article:publisher\" content=\"https:\/\/www.facebook.com\/profile.php?id=100090733639311\" \/>\n<meta property=\"article:modified_time\" content=\"2025-12-13T15:35:53+00:00\" \/>\n<meta property=\"og:image\" content=\"https:\/\/talkpal.ai\/wp-content\/uploads\/2023\/05\/Galician-spain.png\" \/>\n\t<meta property=\"og:image:width\" content=\"512\" \/>\n\t<meta property=\"og:image:height\" content=\"512\" \/>\n\t<meta property=\"og:image:type\" content=\"image\/png\" \/>\n<meta name=\"twitter:card\" content=\"summary_large_image\" \/>\n<meta name=\"twitter:site\" content=\"@talkpalai\" \/>\n<meta name=\"twitter:label1\" content=\"Gesch\u00e4tzte Lesezeit\" \/>\n\t<meta name=\"twitter:data1\" content=\"3\u00a0Minuten\" \/>\n<script type=\"application\/ld+json\" class=\"yoast-schema-graph\">{\"@context\":\"https:\/\/schema.org\",\"@graph\":[{\"@type\":\"WebPage\",\"@id\":\"https:\/\/talkpal.ai\/de\/galizische-grammatik\/\",\"url\":\"https:\/\/talkpal.ai\/de\/galizische-grammatik\/\",\"name\":\"Galizische Grammatik - Talkpal\",\"isPartOf\":{\"@id\":\"https:\/\/talkpal.ai\/de\/#website\"},\"primaryImageOfPage\":{\"@id\":\"https:\/\/talkpal.ai\/de\/galizische-grammatik\/#primaryimage\"},\"image\":{\"@id\":\"https:\/\/talkpal.ai\/de\/galizische-grammatik\/#primaryimage\"},\"thumbnailUrl\":\"https:\/\/talkpal.ai\/wp-content\/uploads\/2023\/05\/Galician-spain.png\",\"datePublished\":\"2023-05-14T14:03:43+00:00\",\"dateModified\":\"2025-12-13T15:35:53+00:00\",\"description\":\"Beherrschen Sie die galicische Grammatik m\u00fchelos - lernen Sie Regeln, bilden Sie korrekte S\u00e4tze und kommunizieren Sie klar und deutlich.\",\"breadcrumb\":{\"@id\":\"https:\/\/talkpal.ai\/de\/galizische-grammatik\/#breadcrumb\"},\"inLanguage\":\"de\",\"potentialAction\":[{\"@type\":\"ReadAction\",\"target\":[\"https:\/\/talkpal.ai\/de\/galizische-grammatik\/\"]}]},{\"@type\":\"ImageObject\",\"inLanguage\":\"de\",\"@id\":\"https:\/\/talkpal.ai\/de\/galizische-grammatik\/#primaryimage\",\"url\":\"https:\/\/talkpal.ai\/wp-content\/uploads\/2023\/05\/Galician-spain.png\",\"contentUrl\":\"https:\/\/talkpal.ai\/wp-content\/uploads\/2023\/05\/Galician-spain.png\",\"width\":512,\"height\":512},{\"@type\":\"BreadcrumbList\",\"@id\":\"https:\/\/talkpal.ai\/de\/galizische-grammatik\/#breadcrumb\",\"itemListElement\":[{\"@type\":\"ListItem\",\"position\":1,\"name\":\"Homepage\",\"item\":\"https:\/\/talkpal.ai\/de\/\"},{\"@type\":\"ListItem\",\"position\":2,\"name\":\"Galizische Grammatik\"}]},{\"@type\":\"WebSite\",\"@id\":\"https:\/\/talkpal.ai\/de\/#website\",\"url\":\"https:\/\/talkpal.ai\/de\/\",\"name\":\"Talkpal\",\"description\":\"AI Language Learning\",\"publisher\":{\"@id\":\"https:\/\/talkpal.ai\/de\/#organization\"},\"alternateName\":\"Talkpal AI\",\"potentialAction\":[{\"@type\":\"SearchAction\",\"target\":{\"@type\":\"EntryPoint\",\"urlTemplate\":\"https:\/\/talkpal.ai\/de\/?s={search_term_string}\"},\"query-input\":{\"@type\":\"PropertyValueSpecification\",\"valueRequired\":true,\"valueName\":\"search_term_string\"}}],\"inLanguage\":\"de\"},{\"@type\":\"Organization\",\"@id\":\"https:\/\/talkpal.ai\/de\/#organization\",\"name\":\"Talkpal, Inc.\",\"alternateName\":\"Talkpal AI\",\"url\":\"https:\/\/talkpal.ai\/de\/\",\"logo\":{\"@type\":\"ImageObject\",\"inLanguage\":\"de\",\"@id\":\"https:\/\/talkpal.ai\/de\/#\/schema\/logo\/image\/\",\"url\":\"https:\/\/talkpal.ai\/wp-content\/uploads\/2024\/03\/Talkpal-Logo-Icon.png\",\"contentUrl\":\"https:\/\/talkpal.ai\/wp-content\/uploads\/2024\/03\/Talkpal-Logo-Icon.png\",\"width\":2880,\"height\":2880,\"caption\":\"Talkpal, Inc.\"},\"image\":{\"@id\":\"https:\/\/talkpal.ai\/de\/#\/schema\/logo\/image\/\"},\"sameAs\":[\"https:\/\/www.facebook.com\/profile.php?id=100090733639311\",\"https:\/\/x.com\/talkpalai\",\"https:\/\/www.linkedin.com\/company\/talkpal\/\",\"https:\/\/www.youtube.com\/@TalkPal\/\",\"https:\/\/www.tiktok.com\/@talkpal\",\"https:\/\/www.instagram.com\/talkpal_ai\/\",\"https:\/\/www.crunchbase.com\/organization\/talkpal-9cde\",\"https:\/\/www.g2.com\/products\/talkpal-for-business\/\",\"https:\/\/www.trustpilot.com\/review\/talkpal.ai\",\"https:\/\/www.capterra.com\/p\/10006800\/TalkPal\/\"],\"description\":\"Talkpal is a language learning web and mobile education app, powered by the latest AI technologies, that provides engaging experiences to its customers in many different languages to help them improve their language skills. Users can chat about unlimited amount of topics with the app and use other modes to practice their language learning.\",\"email\":\"support@talkpal.ai\",\"legalName\":\"Talkpal, Inc.\",\"foundingDate\":\"2023-04-03\",\"duns\":\"118989042\",\"numberOfEmployees\":{\"@type\":\"QuantitativeValue\",\"minValue\":\"11\",\"maxValue\":\"50\"},\"publishingPrinciples\":\"https:\/\/talkpal.ai\/publishing-principles\/\",\"actionableFeedbackPolicy\":\"https:\/\/talkpal.ai\/actionable-feedback-policy\/\",\"correctionsPolicy\":\"https:\/\/talkpal.ai\/corrections-policy\/\",\"ethicsPolicy\":\"https:\/\/talkpal.ai\/ethics-policy\/\",\"diversityPolicy\":\"https:\/\/talkpal.ai\/diversity-policy\/\",\"diversityStaffingReport\":\"https:\/\/talkpal.ai\/diversity-policy\/\"}]}<\/script>\n<!-- \/ Yoast SEO Premium plugin. -->","yoast_head_json":{"title":"Galizische Grammatik - Talkpal","description":"Beherrschen Sie die galicische Grammatik m\u00fchelos - lernen Sie Regeln, bilden Sie korrekte S\u00e4tze und kommunizieren Sie klar und deutlich.","robots":{"index":"index","follow":"follow","max-snippet":"max-snippet:-1","max-image-preview":"max-image-preview:large","max-video-preview":"max-video-preview:-1"},"canonical":"https:\/\/talkpal.ai\/de\/galizische-grammatik\/","og_locale":"de_DE","og_type":"article","og_title":"Galizische Grammatik","og_description":"Galizische Grammatik: Die Sch\u00f6nheit einer romanischen Sprache erschlie\u00dfen Galizisch, eine romanische Sprache, die von \u00fcber zwei Millionen Menschen im","og_url":"https:\/\/talkpal.ai\/de\/galizische-grammatik\/","og_site_name":"Talkpal","article_publisher":"https:\/\/www.facebook.com\/profile.php?id=100090733639311","article_modified_time":"2025-12-13T15:35:53+00:00","og_image":[{"width":512,"height":512,"url":"https:\/\/talkpal.ai\/wp-content\/uploads\/2023\/05\/Galician-spain.png","type":"image\/png"}],"twitter_card":"summary_large_image","twitter_site":"@talkpalai","twitter_misc":{"Gesch\u00e4tzte Lesezeit":"3\u00a0Minuten"},"schema":{"@context":"https:\/\/schema.org","@graph":[{"@type":"WebPage","@id":"https:\/\/talkpal.ai\/de\/galizische-grammatik\/","url":"https:\/\/talkpal.ai\/de\/galizische-grammatik\/","name":"Galizische Grammatik - Talkpal","isPartOf":{"@id":"https:\/\/talkpal.ai\/de\/#website"},"primaryImageOfPage":{"@id":"https:\/\/talkpal.ai\/de\/galizische-grammatik\/#primaryimage"},"image":{"@id":"https:\/\/talkpal.ai\/de\/galizische-grammatik\/#primaryimage"},"thumbnailUrl":"https:\/\/talkpal.ai\/wp-content\/uploads\/2023\/05\/Galician-spain.png","datePublished":"2023-05-14T14:03:43+00:00","dateModified":"2025-12-13T15:35:53+00:00","description":"Beherrschen Sie die galicische Grammatik m\u00fchelos - lernen Sie Regeln, bilden Sie korrekte S\u00e4tze und kommunizieren Sie klar und deutlich.","breadcrumb":{"@id":"https:\/\/talkpal.ai\/de\/galizische-grammatik\/#breadcrumb"},"inLanguage":"de","potentialAction":[{"@type":"ReadAction","target":["https:\/\/talkpal.ai\/de\/galizische-grammatik\/"]}]},{"@type":"ImageObject","inLanguage":"de","@id":"https:\/\/talkpal.ai\/de\/galizische-grammatik\/#primaryimage","url":"https:\/\/talkpal.ai\/wp-content\/uploads\/2023\/05\/Galician-spain.png","contentUrl":"https:\/\/talkpal.ai\/wp-content\/uploads\/2023\/05\/Galician-spain.png","width":512,"height":512},{"@type":"BreadcrumbList","@id":"https:\/\/talkpal.ai\/de\/galizische-grammatik\/#breadcrumb","itemListElement":[{"@type":"ListItem","position":1,"name":"Homepage","item":"https:\/\/talkpal.ai\/de\/"},{"@type":"ListItem","position":2,"name":"Galizische Grammatik"}]},{"@type":"WebSite","@id":"https:\/\/talkpal.ai\/de\/#website","url":"https:\/\/talkpal.ai\/de\/","name":"Talkpal","description":"AI Language Learning","publisher":{"@id":"https:\/\/talkpal.ai\/de\/#organization"},"alternateName":"Talkpal AI","potentialAction":[{"@type":"SearchAction","target":{"@type":"EntryPoint","urlTemplate":"https:\/\/talkpal.ai\/de\/?s={search_term_string}"},"query-input":{"@type":"PropertyValueSpecification","valueRequired":true,"valueName":"search_term_string"}}],"inLanguage":"de"},{"@type":"Organization","@id":"https:\/\/talkpal.ai\/de\/#organization","name":"Talkpal, Inc.","alternateName":"Talkpal AI","url":"https:\/\/talkpal.ai\/de\/","logo":{"@type":"ImageObject","inLanguage":"de","@id":"https:\/\/talkpal.ai\/de\/#\/schema\/logo\/image\/","url":"https:\/\/talkpal.ai\/wp-content\/uploads\/2024\/03\/Talkpal-Logo-Icon.png","contentUrl":"https:\/\/talkpal.ai\/wp-content\/uploads\/2024\/03\/Talkpal-Logo-Icon.png","width":2880,"height":2880,"caption":"Talkpal, Inc."},"image":{"@id":"https:\/\/talkpal.ai\/de\/#\/schema\/logo\/image\/"},"sameAs":["https:\/\/www.facebook.com\/profile.php?id=100090733639311","https:\/\/x.com\/talkpalai","https:\/\/www.linkedin.com\/company\/talkpal\/","https:\/\/www.youtube.com\/@TalkPal\/","https:\/\/www.tiktok.com\/@talkpal","https:\/\/www.instagram.com\/talkpal_ai\/","https:\/\/www.crunchbase.com\/organization\/talkpal-9cde","https:\/\/www.g2.com\/products\/talkpal-for-business\/","https:\/\/www.trustpilot.com\/review\/talkpal.ai","https:\/\/www.capterra.com\/p\/10006800\/TalkPal\/"],"description":"Talkpal is a language learning web and mobile education app, powered by the latest AI technologies, that provides engaging experiences to its customers in many different languages to help them improve their language skills. Users can chat about unlimited amount of topics with the app and use other modes to practice their language learning.","email":"support@talkpal.ai","legalName":"Talkpal, Inc.","foundingDate":"2023-04-03","duns":"118989042","numberOfEmployees":{"@type":"QuantitativeValue","minValue":"11","maxValue":"50"},"publishingPrinciples":"https:\/\/talkpal.ai\/publishing-principles\/","actionableFeedbackPolicy":"https:\/\/talkpal.ai\/actionable-feedback-policy\/","correctionsPolicy":"https:\/\/talkpal.ai\/corrections-policy\/","ethicsPolicy":"https:\/\/talkpal.ai\/ethics-policy\/","diversityPolicy":"https:\/\/talkpal.ai\/diversity-policy\/","diversityStaffingReport":"https:\/\/talkpal.ai\/diversity-policy\/"}]}},"_links":{"self":[{"href":"https:\/\/talkpal.ai\/de\/wp-json\/wp\/v2\/pages\/74050","targetHints":{"allow":["GET"]}}],"collection":[{"href":"https:\/\/talkpal.ai\/de\/wp-json\/wp\/v2\/pages"}],"about":[{"href":"https:\/\/talkpal.ai\/de\/wp-json\/wp\/v2\/types\/page"}],"author":[{"embeddable":true,"href":"https:\/\/talkpal.ai\/de\/wp-json\/wp\/v2\/users\/1"}],"replies":[{"embeddable":true,"href":"https:\/\/talkpal.ai\/de\/wp-json\/wp\/v2\/comments?post=74050"}],"version-history":[{"count":0,"href":"https:\/\/talkpal.ai\/de\/wp-json\/wp\/v2\/pages\/74050\/revisions"}],"wp:featuredmedia":[{"embeddable":true,"href":"https:\/\/talkpal.ai\/de\/wp-json\/wp\/v2\/media\/28317"}],"wp:attachment":[{"href":"https:\/\/talkpal.ai\/de\/wp-json\/wp\/v2\/media?parent=74050"}],"curies":[{"name":"wp","href":"https:\/\/api.w.org\/{rel}","templated":true}]}}