{"id":74032,"date":"2023-05-14T14:03:07","date_gmt":"2023-05-14T14:03:07","guid":{"rendered":"http:\/\/talkpal.ai\/tschechische-grammatik\/"},"modified":"2025-12-13T15:23:29","modified_gmt":"2025-12-13T15:23:29","slug":"tschechische-grammatik","status":"publish","type":"page","link":"https:\/\/talkpal.ai\/de\/tschechische-grammatik\/","title":{"rendered":"Tschechische Grammatik"},"content":{"rendered":"\r\n\r\n\r\n<section class=\"languageChallengeSection\">\r\n    <div class=\"languageInfoWrapper\">\r\n        \r\n        <h1>Tschechische Grammatik<\/h1>\r\n        <p>Erkunden Sie die Feinheiten der tschechischen <a href=\"https:\/\/talkpal.ai\/fr\/les\/\">Grammatik<\/a> und \u00f6ffnen Sie die T\u00fcr zum Verst\u00e4ndnis dieser mitteleurop\u00e4ischen Sprache. Wenn Sie die wesentlichen Regeln und Muster beherrschen, werden Sie effektiver kommunizieren und einen tieferen Einblick in die tschechische Kultur gewinnen. Beginnen Sie noch heute mit dem Erlernen der tschechischen Grammatik und machen Sie den ersten Schritt in Richtung flie\u00dfende Sprache!<\/p>\r\n\r\n                            <a class=\"getStartedHidden\" href=\"https:\/\/app.talkpal.ai\/de\/signup?lng=\">Leg los<\/a>\r\n        \r\n    <\/div>\r\n\r\n    <figure>\r\n    <img decoding=\"async\" width=\"768\" height=\"768\" src=\"https:\/\/talkpal.ai\/wp-content\/uploads\/2023\/06\/Czech-768x768.png\" class=\"languageImage no-lazy\" alt=\"Default alt text\" fetchpriority=\"high\" sizes=\"(max-width: 768px) 150px, 768px\" srcset=\"https:\/\/talkpal.ai\/wp-content\/uploads\/2023\/06\/Czech-768x768.png 768w, https:\/\/talkpal.ai\/wp-content\/uploads\/2023\/06\/Czech-300x300.png 300w\" \/>\r\n    \r\n\r\n    <\/figure>\r\n\r\n            <a class=\"getStartedVisible\" href=\"https:\/\/app.talkpal.ai\/de\/signup?lng=\">Leg los<\/a>\r\n    \r\n<\/section>\r\n        <section class=\"grammarSection\">\r\n            <div class=\"grammarLinks\">\r\n                <a href=\"https:\/\/talkpal.ai\/de\/language\/adjektive-tschechische-grammatik\/\">Adjektive <\/a><a href=\"https:\/\/talkpal.ai\/de\/language\/adverbien-tschechische-grammatik\/\">Adverbien <\/a><a href=\"https:\/\/talkpal.ai\/de\/language\/artikel-tschechische-grammatik\/\">Artikel <\/a><a href=\"https:\/\/talkpal.ai\/de\/language\/konditionale-tschechische-grammatik\/\">Konditionale <\/a><a href=\"https:\/\/talkpal.ai\/de\/language\/perfekt-progressiv-tschechische-grammatik\/\">Perfekt Progressiv <\/a><a href=\"https:\/\/talkpal.ai\/de\/language\/praepositionen-tschechische-grammatik\/\">Pr\u00e4positionen <\/a><a href=\"https:\/\/talkpal.ai\/de\/language\/progressiv-tschechische-grammatik\/\">Progressiv <\/a><a href=\"https:\/\/talkpal.ai\/de\/language\/pronomen-determinanten-tschechische-grammatik\/\">Pronomen\/Determinanten <\/a><a href=\"https:\/\/talkpal.ai\/de\/language\/saetze-tschechische-grammatik\/\">S\u00e4tze <\/a><a href=\"https:\/\/talkpal.ai\/de\/language\/substantive-tschechische-grammatik\/\">Substantive <\/a><a href=\"https:\/\/talkpal.ai\/de\/language\/verben-tschechische-grammatik\/\">Verben <\/a><a href=\"https:\/\/talkpal.ai\/de\/language\/zeitformen-tschechische-grammatik\/\">Zeitformen <\/a><a href=\"https:\/\/talkpal.ai\/de\/language\/zeitvergleich-tschechische-grammatik\/\">Zeitvergleich <\/a>            <\/div>\r\n        <\/section>\r\n    <section class=\"promotionalBanner\">\r\n    <p class=\"promotionalText\">Der effizienteste Weg, eine Sprache zu lernen<\/p>\r\n    <a class=\"promotionalLink\" href=\"https:\/\/app.talkpal.ai\/de\/signup?lng=\">Talkpal kostenlos<\/a>\r\n<\/section>\n<div class=\"wp-block-group pageContainerStyle\"><div class=\"wp-block-group__inner-container is-layout-constrained wp-block-group-is-layout-constrained\">\n<h2 class=\"wp-block-heading\" id=\"h-czech-grammar-making-sense-of-the-czech-language-s-unique-structure\">Tschechische Grammatik: Der Sinn der einzigartigen Struktur der tschechischen Sprache<\/h2>\n\n\n\n<p>Wenn Sie jemals versucht haben, <a href=\"https:\/\/talkpal.ai\/learn-czech\/\">Tschechisch<\/a> zu lernen &#8211; oder auch nur einen tschechischen Artikel oder ein Buch gelesen haben &#8211; haben Sie wahrscheinlich festgestellt, dass die Grammatik ziemlich schwierig sein kann. Die <a href=\"https:\/\/talkpal.ai\/de\/grammar\/einfach-vs-progressiv-in-der-tschechischen-grammatik\/\">tschechische Grammatik<\/a>, die weithin als eines der komplexesten Sprachsysteme gilt, hat viele ausl\u00e4ndische <a href=\"https:\/\/talkpal.ai\/talkpal-discount-for-students\/\">Studenten<\/a> verbl\u00fcfft. Aber lassen Sie sich davon nicht einsch\u00fcchtern! Die Besonderheiten der tschechischen Grammatik machen sie faszinierend und einzigartig. In diesem Artikel entmystifizieren wir einige Schl\u00fcsselelemente der tschechischen Grammatik auf unterhaltsame Weise und helfen Ihnen, diese sch\u00f6ne Sprache besser zu verstehen.<\/p>\n\n\n\n<h3 class=\"wp-block-heading\" id=\"h-1-nouns-declensions-and-cases-galore\">1. Substantive \u2013 Deklinationen und F\u00e4lle in H\u00fclle und F\u00fclle!<\/h3>\n\n\n\n<p>Eines der ersten Dinge, die Ihnen an der tschechischen Grammatik auffallen werden, sind die Deklinationen der Substantive. Eine <a href=\"https:\/\/talkpal.ai\/zh-hans\/grammar_exercises\/deklination-%e5%be%b7%e5%9b%bd%e8%af%ad%e6%b3%95%e7%bb%83%e4%b9%a0\/\">Deklination<\/a> ist eine Gruppe von Substantiven mit \u00e4hnlichen grammatikalischen Merkmalen, und das Tschechische hat bis zu 14 verschiedene Deklinationen. Das nenne ich Abwechslung! Jede Deklination hat ein spezifisches Muster f\u00fcr die Darstellung von Substantivformen im Singular und Plural.<\/p>\n\n\n\n<p><a href=\"https:\/\/talkpal.ai\/de\/grammar\/allgemeine-substantive-in-der-tschechischen-grammatik\/\">Tschechische Substantive<\/a> haben auch sieben verschiedene F\u00e4lle: Nominativ, Genitiv, Dativ, Akkusativ, Vokativ, Lokativ und Instrumental. Eine solche Zahl mag zwar entmutigend erscheinen, aber es ist wichtig, diese F\u00e4lle zu kennen, denn sie sind von zentraler Bedeutung f\u00fcr die Vermittlung von Bedeutung. Im Tschechischen zum Beispiel ist die Wortreihenfolge nicht so entscheidend wie im Englischen &#8211; es sind die Gro\u00df- und Kleinschreibung, die die Beziehungen zwischen den W\u00f6rtern anzeigen.<\/p>\n\n\n\n<h3 class=\"wp-block-heading\" id=\"h-2-adjectives-agreeing-with-nouns\">2. Adjektive \u2013 \u00dcbereinstimmung mit Substantiven<\/h3>\n\n\n\n<p>Tschechische Adjektive haben eine besondere Aufgabe: Sie m\u00fcssen mit den Substantiven, die sie modifizieren, in Geschlecht, Zahl und Gro\u00df- und Kleinschreibung \u00fcbereinstimmen. Stellen Sie es sich als ein dynamisches Duo vor, den Grammatik-Tango, bei dem sich eine H\u00e4lfte anmutig anpasst, um die andere zu erg\u00e4nzen. Diese \u00dcbereinkunft tr\u00e4gt dazu bei, Harmonie in den S\u00e4tzen zu schaffen und die Klarheit zu erh\u00f6hen.<\/p>\n\n\n\n<p>Zum Beispiel ist das Wort f\u00fcr &#8222;sch\u00f6n&#8220; auf Tschechisch &#8222;kr\u00e1sn\u00fd&#8220;. Wenn Sie ein sch\u00f6nes Haus (d\u016fm) beschreiben, das maskulin ist, verwenden Sie &#8222;kr\u00e1sn\u00fd d\u016fm&#8220;. F\u00fcr ein sch\u00f6nes M\u00e4dchen (d\u00edvka), das weiblich ist, wird daraus &#8222;kr\u00e1sn\u00e1 d\u00edvka&#8220;. Und f\u00fcr einen sch\u00f6nen Tag (den), der ein Neutrum ist, sagen Sie &#8222;kr\u00e1sn\u00fd den&#8220;. Siehst du, wie das Adjektiv mit dem Substantiv tanzt?<\/p>\n\n\n\n<h3 class=\"wp-block-heading\" id=\"h-3-verbs-the-art-of-conjugation\">3. Verben \u2013 Die Kunst der Konjugation<\/h3>\n\n\n\n<p>Im Tschechischen entwickelt die Kunst der Konjugation \u2013 also das Wechseln von Verbformen je nach Zeitform, Stimmung und Person \u2013 ein Eigenleben. Tschechische Verben lassen sich in zwei Kategorien einteilen: perfektiv und imperfektiv. Perfektive Verben zeigen an, dass eine Handlung abgeschlossen wurde, w\u00e4hrend imperfektive Verben auf laufende oder gewohnheitsm\u00e4\u00dfige Handlungen hindeuten.  <\/p>\n\n\n\n<p>Die <a href=\"https:\/\/talkpal.ai\/de\/grammar\/einfach-vs-progressiv-in-der-tschechischen-grammatik\/\">tschechische Grammatik<\/a> hat einige spannende Eigenheiten, wenn es um Verben geht. Zum Beispiel wird das Futur nur f\u00fcr imperfektive Verben regelm\u00e4\u00dfig gebildet. Bei perfektiven Verben verschmilzt es mit dem Pr\u00e4sens! Anstatt ein spezifisches Passiv zu haben, werden im Tschechischen auch passive Konstruktionen mit Hilfsverben verwendet. Vergessen Sie nicht die reflexiven Verben des Tschechischen, bei denen Handlungen auf das Subjekt zur\u00fcckwirken, was dieser faszinierenden Sprache eine weitere Nuance verleiht.<\/p>\n\n\n\n<h3 class=\"wp-block-heading\" id=\"h-4-pronouns-the-mirror-of-linguistic-diversity\">4. Pronomen: Der Spiegel der sprachlichen Vielfalt<\/h3>\n\n\n\n<p>Die Pronomen in der tschechischen Grammatik &#8211; wir sprechen von Personal-, Possessiv-, Demonstrativ-, Interrogativ- und Relativpronomen &#8211; weisen alle die gleiche Vielfalt auf wie andere Teile der Sprache. Auch sie m\u00fcssen in Geschlecht, Anzahl und Gro\u00df- und Kleinschreibung mit den Substantiven \u00fcbereinstimmen, die sie ersetzen oder auf die sie sich beziehen.<\/p>\n\n\n\n<p>Wenn Sie zum Beispiel \u00fcber ein Buch sprechen, das Sie m\u00f6gen, sagen Sie &#8222;M\u00e1m r\u00e1d tu knihu&#8220; (Ich mag dieses Buch). Hier ist &#8222;tu&#8220; die weibliche Form des Demonstrativpronomens &#8222;dass&#8220; und stimmt mit &#8222;kniha&#8220; (Buch) \u00fcberein, das ebenfalls weiblich ist.<\/p>\n\n\n\n<h3 class=\"wp-block-heading\" id=\"h-5-embracing-the-challenge\">5. Die Herausforderung annehmen<\/h3>\n\n\n\n<p>Die tschechische Grammatik mag verwirrend und einsch\u00fcchternd sein, aber sie ist auch das, was diese faszinierende Sprache auszeichnet. Scheuen Sie sich nicht vor der Herausforderung! Denken Sie daran, dass es nicht darum geht, alles auf einmal zu meistern, sondern Schritt f\u00fcr Schritt Fortschritte zu machen. Nehmen Sie sich die Zeit, das einzigartige System der tschechischen Grammatik zu verstehen, und Sie werden auf dem besten Weg sein, diese sch\u00f6ne, komplexe Sprache zu beherrschen. Und wenn Sie sich auf die reizvollen Nuancen einlassen, die die tschechische Grammatik zu bieten hat, werden Sie zweifellos eine neue Wertsch\u00e4tzung f\u00fcr ihre Feinheiten entdecken. Viel Spa\u00df beim Lernen!<\/p>\n<\/div><\/div>\n\r\n<section class=\"learnNavigationSection\">\r\n            \r\n        <a href=\"https:\/\/talkpal.ai\/de\/tschechisch-lernen\/\">\r\n            <div class=\"learnNavigationWrapper\">\r\n                <div class=\"learnNavigationContent\">\r\n                    <img decoding=\"async\" src=\"https:\/\/talkpal.ai\/wp-content\/uploads\/2024\/08\/Czech.jpg\" alt=\"Czech Flag\">\r\n                    <div>\r\n                        <h4>\u00dcber Tschechisch lernen<\/h4>\r\n                        <p>Erfahren Sie alles \u00fcber die tschechische Grammatik.<\/p>\r\n                    <\/div>\r\n                <\/div>\r\n            <\/div>\r\n        <\/a>\r\n\r\n        \r\n        <a href=\"https:\/\/talkpal.ai\/de\/tschechische-grammatikuebungen\/\">\r\n            <div class=\"learnNavigationWrapper\">\r\n                <div class=\"learnNavigationContent\">\r\n                    <img decoding=\"async\" src=\"https:\/\/talkpal.ai\/wp-content\/uploads\/2024\/08\/Czech.jpg\" alt=\"Czech Flag\">\r\n                    <div>\r\n                        <h4>Tschechische Grammatik \u00dcbung<\/h4>\r\n                        <p>\u00dcben Sie die tschechische Grammatik .<\/p>\r\n                    <\/div>\r\n                <\/div>\r\n            <\/div>\r\n        <\/a>\r\n\r\n        \r\n        <a href=\"https:\/\/talkpal.ai\/vocabulary_language\/czech\/\">\r\n            <div class=\"learnNavigationWrapper\">\r\n                <div class=\"learnNavigationContent\">\r\n                    <img decoding=\"async\" src=\"https:\/\/talkpal.ai\/wp-content\/uploads\/2024\/08\/Czech.jpg\" alt=\"Czech Flag\">\r\n                    <div>\r\n                        <h4>Tschechisch Wortschatz<\/h4>\r\n                        <p>Erweitern Sie Ihren tschechischen Wortschatz.<\/p>\r\n                    <\/div>\r\n                <\/div>\r\n            <\/div>\r\n        <\/a>\r\n\r\n            <\/section>","protected":false},"excerpt":{"rendered":"<p>Tschechische Grammatik: Der Sinn der einzigartigen Struktur der tschechischen Sprache Wenn Sie jemals versucht haben, Tschechisch zu lernen &#8211; oder auch nur einen tschechischen Artikel oder ein Buch gelesen haben &#8211; haben Sie wahrscheinlich festgestellt, dass die Grammatik ziemlich schwierig sein kann. Die tschechische Grammatik, die weithin als eines der komplexesten Sprachsysteme gilt, hat viele [&hellip;]<\/p>\n","protected":false},"author":1,"featured_media":28269,"parent":0,"menu_order":0,"comment_status":"closed","ping_status":"closed","template":"LearningContentPage.php","meta":{"_acf_changed":false,"footnotes":""},"class_list":["post-74032","page","type-page","status-publish","has-post-thumbnail","hentry"],"acf":[],"yoast_head":"<!-- This site is optimized with the Yoast SEO Premium plugin v27.2 (Yoast SEO v27.2) - https:\/\/yoast.com\/product\/yoast-seo-premium-wordpress\/ -->\n<title>Tschechische Grammatik - Talkpal<\/title>\n<meta name=\"description\" content=\"Entschl\u00fcsseln Sie die Geheimnisse der tschechischen Grammatik. Erfahren Sie mehr \u00fcber ihre einzigartige Komplexit\u00e4t und wie Sie Substantivdeklinationen effektiv beherrschen.\" \/>\n<meta name=\"robots\" content=\"index, follow, max-snippet:-1, max-image-preview:large, max-video-preview:-1\" \/>\n<link rel=\"canonical\" href=\"https:\/\/talkpal.ai\/de\/tschechische-grammatik\/\" \/>\n<meta property=\"og:locale\" content=\"de_DE\" \/>\n<meta property=\"og:type\" content=\"article\" \/>\n<meta property=\"og:title\" content=\"Tschechische Grammatik\" \/>\n<meta property=\"og:description\" content=\"Tschechische Grammatik: Der Sinn der einzigartigen Struktur der tschechischen Sprache Wenn Sie jemals versucht haben, Tschechisch zu lernen - oder auch\" \/>\n<meta property=\"og:url\" content=\"https:\/\/talkpal.ai\/de\/tschechische-grammatik\/\" \/>\n<meta property=\"og:site_name\" content=\"Talkpal\" \/>\n<meta property=\"article:publisher\" content=\"https:\/\/www.facebook.com\/profile.php?id=100090733639311\" \/>\n<meta property=\"article:modified_time\" content=\"2025-12-13T15:23:29+00:00\" \/>\n<meta property=\"og:image\" content=\"https:\/\/talkpal.ai\/wp-content\/uploads\/2023\/05\/czech-republic.png\" \/>\n\t<meta property=\"og:image:width\" content=\"512\" \/>\n\t<meta property=\"og:image:height\" content=\"512\" \/>\n\t<meta property=\"og:image:type\" content=\"image\/png\" \/>\n<meta name=\"twitter:card\" content=\"summary_large_image\" \/>\n<meta name=\"twitter:site\" content=\"@talkpalai\" \/>\n<meta name=\"twitter:label1\" content=\"Gesch\u00e4tzte Lesezeit\" \/>\n\t<meta name=\"twitter:data1\" content=\"4\u00a0Minuten\" \/>\n<script type=\"application\/ld+json\" class=\"yoast-schema-graph\">{\"@context\":\"https:\/\/schema.org\",\"@graph\":[{\"@type\":\"WebPage\",\"@id\":\"https:\/\/talkpal.ai\/de\/tschechische-grammatik\/\",\"url\":\"https:\/\/talkpal.ai\/de\/tschechische-grammatik\/\",\"name\":\"Tschechische Grammatik - Talkpal\",\"isPartOf\":{\"@id\":\"https:\/\/talkpal.ai\/de\/#website\"},\"primaryImageOfPage\":{\"@id\":\"https:\/\/talkpal.ai\/de\/tschechische-grammatik\/#primaryimage\"},\"image\":{\"@id\":\"https:\/\/talkpal.ai\/de\/tschechische-grammatik\/#primaryimage\"},\"thumbnailUrl\":\"https:\/\/talkpal.ai\/wp-content\/uploads\/2023\/05\/czech-republic.png\",\"datePublished\":\"2023-05-14T14:03:07+00:00\",\"dateModified\":\"2025-12-13T15:23:29+00:00\",\"description\":\"Entschl\u00fcsseln Sie die Geheimnisse der tschechischen Grammatik. Erfahren Sie mehr \u00fcber ihre einzigartige Komplexit\u00e4t und wie Sie Substantivdeklinationen effektiv beherrschen.\",\"breadcrumb\":{\"@id\":\"https:\/\/talkpal.ai\/de\/tschechische-grammatik\/#breadcrumb\"},\"inLanguage\":\"de\",\"potentialAction\":[{\"@type\":\"ReadAction\",\"target\":[\"https:\/\/talkpal.ai\/de\/tschechische-grammatik\/\"]}]},{\"@type\":\"ImageObject\",\"inLanguage\":\"de\",\"@id\":\"https:\/\/talkpal.ai\/de\/tschechische-grammatik\/#primaryimage\",\"url\":\"https:\/\/talkpal.ai\/wp-content\/uploads\/2023\/05\/czech-republic.png\",\"contentUrl\":\"https:\/\/talkpal.ai\/wp-content\/uploads\/2023\/05\/czech-republic.png\",\"width\":512,\"height\":512},{\"@type\":\"BreadcrumbList\",\"@id\":\"https:\/\/talkpal.ai\/de\/tschechische-grammatik\/#breadcrumb\",\"itemListElement\":[{\"@type\":\"ListItem\",\"position\":1,\"name\":\"Homepage\",\"item\":\"https:\/\/talkpal.ai\/de\/\"},{\"@type\":\"ListItem\",\"position\":2,\"name\":\"Tschechische Grammatik\"}]},{\"@type\":\"WebSite\",\"@id\":\"https:\/\/talkpal.ai\/de\/#website\",\"url\":\"https:\/\/talkpal.ai\/de\/\",\"name\":\"Talkpal\",\"description\":\"AI Language Learning\",\"publisher\":{\"@id\":\"https:\/\/talkpal.ai\/de\/#organization\"},\"alternateName\":\"Talkpal AI\",\"potentialAction\":[{\"@type\":\"SearchAction\",\"target\":{\"@type\":\"EntryPoint\",\"urlTemplate\":\"https:\/\/talkpal.ai\/de\/?s={search_term_string}\"},\"query-input\":{\"@type\":\"PropertyValueSpecification\",\"valueRequired\":true,\"valueName\":\"search_term_string\"}}],\"inLanguage\":\"de\"},{\"@type\":\"Organization\",\"@id\":\"https:\/\/talkpal.ai\/de\/#organization\",\"name\":\"Talkpal, Inc.\",\"alternateName\":\"Talkpal AI\",\"url\":\"https:\/\/talkpal.ai\/de\/\",\"logo\":{\"@type\":\"ImageObject\",\"inLanguage\":\"de\",\"@id\":\"https:\/\/talkpal.ai\/de\/#\/schema\/logo\/image\/\",\"url\":\"https:\/\/talkpal.ai\/wp-content\/uploads\/2024\/03\/Talkpal-Logo-Icon.png\",\"contentUrl\":\"https:\/\/talkpal.ai\/wp-content\/uploads\/2024\/03\/Talkpal-Logo-Icon.png\",\"width\":2880,\"height\":2880,\"caption\":\"Talkpal, Inc.\"},\"image\":{\"@id\":\"https:\/\/talkpal.ai\/de\/#\/schema\/logo\/image\/\"},\"sameAs\":[\"https:\/\/www.facebook.com\/profile.php?id=100090733639311\",\"https:\/\/x.com\/talkpalai\",\"https:\/\/www.linkedin.com\/company\/talkpal\/\",\"https:\/\/www.youtube.com\/@TalkPal\/\",\"https:\/\/www.tiktok.com\/@talkpal\",\"https:\/\/www.instagram.com\/talkpal_ai\/\",\"https:\/\/www.crunchbase.com\/organization\/talkpal-9cde\",\"https:\/\/www.g2.com\/products\/talkpal-for-business\/\",\"https:\/\/www.trustpilot.com\/review\/talkpal.ai\",\"https:\/\/www.capterra.com\/p\/10006800\/TalkPal\/\"],\"description\":\"Talkpal is a language learning web and mobile education app, powered by the latest AI technologies, that provides engaging experiences to its customers in many different languages to help them improve their language skills. Users can chat about unlimited amount of topics with the app and use other modes to practice their language learning.\",\"email\":\"support@talkpal.ai\",\"legalName\":\"Talkpal, Inc.\",\"foundingDate\":\"2023-04-03\",\"duns\":\"118989042\",\"numberOfEmployees\":{\"@type\":\"QuantitativeValue\",\"minValue\":\"11\",\"maxValue\":\"50\"},\"publishingPrinciples\":\"https:\/\/talkpal.ai\/publishing-principles\/\",\"actionableFeedbackPolicy\":\"https:\/\/talkpal.ai\/actionable-feedback-policy\/\",\"correctionsPolicy\":\"https:\/\/talkpal.ai\/corrections-policy\/\",\"ethicsPolicy\":\"https:\/\/talkpal.ai\/ethics-policy\/\",\"diversityPolicy\":\"https:\/\/talkpal.ai\/diversity-policy\/\",\"diversityStaffingReport\":\"https:\/\/talkpal.ai\/diversity-policy\/\"}]}<\/script>\n<!-- \/ Yoast SEO Premium plugin. -->","yoast_head_json":{"title":"Tschechische Grammatik - Talkpal","description":"Entschl\u00fcsseln Sie die Geheimnisse der tschechischen Grammatik. Erfahren Sie mehr \u00fcber ihre einzigartige Komplexit\u00e4t und wie Sie Substantivdeklinationen effektiv beherrschen.","robots":{"index":"index","follow":"follow","max-snippet":"max-snippet:-1","max-image-preview":"max-image-preview:large","max-video-preview":"max-video-preview:-1"},"canonical":"https:\/\/talkpal.ai\/de\/tschechische-grammatik\/","og_locale":"de_DE","og_type":"article","og_title":"Tschechische Grammatik","og_description":"Tschechische Grammatik: Der Sinn der einzigartigen Struktur der tschechischen Sprache Wenn Sie jemals versucht haben, Tschechisch zu lernen - oder auch","og_url":"https:\/\/talkpal.ai\/de\/tschechische-grammatik\/","og_site_name":"Talkpal","article_publisher":"https:\/\/www.facebook.com\/profile.php?id=100090733639311","article_modified_time":"2025-12-13T15:23:29+00:00","og_image":[{"width":512,"height":512,"url":"https:\/\/talkpal.ai\/wp-content\/uploads\/2023\/05\/czech-republic.png","type":"image\/png"}],"twitter_card":"summary_large_image","twitter_site":"@talkpalai","twitter_misc":{"Gesch\u00e4tzte Lesezeit":"4\u00a0Minuten"},"schema":{"@context":"https:\/\/schema.org","@graph":[{"@type":"WebPage","@id":"https:\/\/talkpal.ai\/de\/tschechische-grammatik\/","url":"https:\/\/talkpal.ai\/de\/tschechische-grammatik\/","name":"Tschechische Grammatik - Talkpal","isPartOf":{"@id":"https:\/\/talkpal.ai\/de\/#website"},"primaryImageOfPage":{"@id":"https:\/\/talkpal.ai\/de\/tschechische-grammatik\/#primaryimage"},"image":{"@id":"https:\/\/talkpal.ai\/de\/tschechische-grammatik\/#primaryimage"},"thumbnailUrl":"https:\/\/talkpal.ai\/wp-content\/uploads\/2023\/05\/czech-republic.png","datePublished":"2023-05-14T14:03:07+00:00","dateModified":"2025-12-13T15:23:29+00:00","description":"Entschl\u00fcsseln Sie die Geheimnisse der tschechischen Grammatik. Erfahren Sie mehr \u00fcber ihre einzigartige Komplexit\u00e4t und wie Sie Substantivdeklinationen effektiv beherrschen.","breadcrumb":{"@id":"https:\/\/talkpal.ai\/de\/tschechische-grammatik\/#breadcrumb"},"inLanguage":"de","potentialAction":[{"@type":"ReadAction","target":["https:\/\/talkpal.ai\/de\/tschechische-grammatik\/"]}]},{"@type":"ImageObject","inLanguage":"de","@id":"https:\/\/talkpal.ai\/de\/tschechische-grammatik\/#primaryimage","url":"https:\/\/talkpal.ai\/wp-content\/uploads\/2023\/05\/czech-republic.png","contentUrl":"https:\/\/talkpal.ai\/wp-content\/uploads\/2023\/05\/czech-republic.png","width":512,"height":512},{"@type":"BreadcrumbList","@id":"https:\/\/talkpal.ai\/de\/tschechische-grammatik\/#breadcrumb","itemListElement":[{"@type":"ListItem","position":1,"name":"Homepage","item":"https:\/\/talkpal.ai\/de\/"},{"@type":"ListItem","position":2,"name":"Tschechische Grammatik"}]},{"@type":"WebSite","@id":"https:\/\/talkpal.ai\/de\/#website","url":"https:\/\/talkpal.ai\/de\/","name":"Talkpal","description":"AI Language Learning","publisher":{"@id":"https:\/\/talkpal.ai\/de\/#organization"},"alternateName":"Talkpal AI","potentialAction":[{"@type":"SearchAction","target":{"@type":"EntryPoint","urlTemplate":"https:\/\/talkpal.ai\/de\/?s={search_term_string}"},"query-input":{"@type":"PropertyValueSpecification","valueRequired":true,"valueName":"search_term_string"}}],"inLanguage":"de"},{"@type":"Organization","@id":"https:\/\/talkpal.ai\/de\/#organization","name":"Talkpal, Inc.","alternateName":"Talkpal AI","url":"https:\/\/talkpal.ai\/de\/","logo":{"@type":"ImageObject","inLanguage":"de","@id":"https:\/\/talkpal.ai\/de\/#\/schema\/logo\/image\/","url":"https:\/\/talkpal.ai\/wp-content\/uploads\/2024\/03\/Talkpal-Logo-Icon.png","contentUrl":"https:\/\/talkpal.ai\/wp-content\/uploads\/2024\/03\/Talkpal-Logo-Icon.png","width":2880,"height":2880,"caption":"Talkpal, Inc."},"image":{"@id":"https:\/\/talkpal.ai\/de\/#\/schema\/logo\/image\/"},"sameAs":["https:\/\/www.facebook.com\/profile.php?id=100090733639311","https:\/\/x.com\/talkpalai","https:\/\/www.linkedin.com\/company\/talkpal\/","https:\/\/www.youtube.com\/@TalkPal\/","https:\/\/www.tiktok.com\/@talkpal","https:\/\/www.instagram.com\/talkpal_ai\/","https:\/\/www.crunchbase.com\/organization\/talkpal-9cde","https:\/\/www.g2.com\/products\/talkpal-for-business\/","https:\/\/www.trustpilot.com\/review\/talkpal.ai","https:\/\/www.capterra.com\/p\/10006800\/TalkPal\/"],"description":"Talkpal is a language learning web and mobile education app, powered by the latest AI technologies, that provides engaging experiences to its customers in many different languages to help them improve their language skills. Users can chat about unlimited amount of topics with the app and use other modes to practice their language learning.","email":"support@talkpal.ai","legalName":"Talkpal, Inc.","foundingDate":"2023-04-03","duns":"118989042","numberOfEmployees":{"@type":"QuantitativeValue","minValue":"11","maxValue":"50"},"publishingPrinciples":"https:\/\/talkpal.ai\/publishing-principles\/","actionableFeedbackPolicy":"https:\/\/talkpal.ai\/actionable-feedback-policy\/","correctionsPolicy":"https:\/\/talkpal.ai\/corrections-policy\/","ethicsPolicy":"https:\/\/talkpal.ai\/ethics-policy\/","diversityPolicy":"https:\/\/talkpal.ai\/diversity-policy\/","diversityStaffingReport":"https:\/\/talkpal.ai\/diversity-policy\/"}]}},"_links":{"self":[{"href":"https:\/\/talkpal.ai\/de\/wp-json\/wp\/v2\/pages\/74032","targetHints":{"allow":["GET"]}}],"collection":[{"href":"https:\/\/talkpal.ai\/de\/wp-json\/wp\/v2\/pages"}],"about":[{"href":"https:\/\/talkpal.ai\/de\/wp-json\/wp\/v2\/types\/page"}],"author":[{"embeddable":true,"href":"https:\/\/talkpal.ai\/de\/wp-json\/wp\/v2\/users\/1"}],"replies":[{"embeddable":true,"href":"https:\/\/talkpal.ai\/de\/wp-json\/wp\/v2\/comments?post=74032"}],"version-history":[{"count":0,"href":"https:\/\/talkpal.ai\/de\/wp-json\/wp\/v2\/pages\/74032\/revisions"}],"wp:featuredmedia":[{"embeddable":true,"href":"https:\/\/talkpal.ai\/de\/wp-json\/wp\/v2\/media\/28269"}],"wp:attachment":[{"href":"https:\/\/talkpal.ai\/de\/wp-json\/wp\/v2\/media?parent=74032"}],"curies":[{"name":"wp","href":"https:\/\/api.w.org\/{rel}","templated":true}]}}