{"id":74011,"date":"2023-05-14T14:01:53","date_gmt":"2023-05-14T14:01:53","guid":{"rendered":"http:\/\/talkpal.ai\/estnische-grammatik\/"},"modified":"2025-12-13T15:31:54","modified_gmt":"2025-12-13T15:31:54","slug":"estnische-grammatik","status":"publish","type":"page","link":"https:\/\/talkpal.ai\/de\/estnische-grammatik\/","title":{"rendered":"Estnische Grammatik"},"content":{"rendered":"\r\n\r\n\r\n<section class=\"languageChallengeSection\">\r\n    <div class=\"languageInfoWrapper\">\r\n        \r\n        <h1>Estnische Grammatik<\/h1>\r\n        <p>M\u00f6chten Sie <a href=\"https:\/\/talkpal.ai\/learn-estonian\/\">Estnisch<\/a> lernen? Treten Sie ein in die Welt der estnischen <a href=\"https:\/\/talkpal.ai\/fr\/les\/\">Grammatik<\/a>, in der Agglutination, Vokalharmonie und eine breite Palette von Substantivf\u00e4llen ein wahrhaft unverwechselbares Spracherlebnis schaffen. Beginnen Sie noch heute mit Ihrer Entdeckungsreise &#8211; die Beherrschung der estnischen Grammatik wird nicht nur Ihre Sprachkenntnisse verbessern, sondern Sie auch mit der reichen Kultur und Geschichte Estlands verbinden!<\/p>\r\n\r\n                            <a class=\"getStartedHidden\" href=\"https:\/\/app.talkpal.ai\/de\/signup?lng=\">Leg los<\/a>\r\n        \r\n    <\/div>\r\n\r\n    <figure>\r\n    <img decoding=\"async\" width=\"768\" height=\"768\" src=\"https:\/\/talkpal.ai\/wp-content\/uploads\/2023\/06\/Estonian-768x768.png\" class=\"languageImage no-lazy\" alt=\"Default alt text\" fetchpriority=\"high\" sizes=\"(max-width: 768px) 150px, 768px\" srcset=\"https:\/\/talkpal.ai\/wp-content\/uploads\/2023\/06\/Estonian-768x768.png 768w, https:\/\/talkpal.ai\/wp-content\/uploads\/2023\/06\/Estonian-300x300.png 300w\" \/>\r\n    \r\n\r\n    <\/figure>\r\n\r\n            <a class=\"getStartedVisible\" href=\"https:\/\/app.talkpal.ai\/de\/signup?lng=\">Leg los<\/a>\r\n    \r\n<\/section>\r\n        <section class=\"grammarSection\">\r\n            <div class=\"grammarLinks\">\r\n                <a href=\"https:\/\/talkpal.ai\/de\/language\/adjektive-estnische-grammatik\/\">Adjektive <\/a><a href=\"https:\/\/talkpal.ai\/de\/language\/adverbien-estnische-grammatik\/\">Adverbien <\/a><a href=\"https:\/\/talkpal.ai\/de\/language\/artikel-estnische-grammatik\/\">Artikel <\/a><a href=\"https:\/\/talkpal.ai\/de\/language\/konditionale-estnische-grammatik\/\">Konditionale <\/a><a href=\"https:\/\/talkpal.ai\/de\/language\/perfekt-progressiv-estnische-grammatik\/\">Perfekt Progressiv <\/a><a href=\"https:\/\/talkpal.ai\/de\/language\/praepositionen-estnische-grammatik\/\">Pr\u00e4positionen <\/a><a href=\"https:\/\/talkpal.ai\/de\/language\/progressiv-estnische-grammatik\/\">Progressiv <\/a><a href=\"https:\/\/talkpal.ai\/de\/language\/pronomen-determinanten-estnische-grammatik\/\">Pronomen\/Determinanten <\/a><a href=\"https:\/\/talkpal.ai\/de\/language\/saetze-estnische-grammatik\/\">S\u00e4tze <\/a><a href=\"https:\/\/talkpal.ai\/de\/language\/substantive-estnische-grammatik\/\">Substantive <\/a><a href=\"https:\/\/talkpal.ai\/de\/language\/verben-estnische-grammatik\/\">Verben <\/a><a href=\"https:\/\/talkpal.ai\/de\/language\/zeitformen-estnische-grammatik\/\">Zeitformen <\/a><a href=\"https:\/\/talkpal.ai\/de\/language\/zeitvergleich-estnische-grammatik\/\">Zeitvergleich <\/a>            <\/div>\r\n        <\/section>\r\n    <section class=\"promotionalBanner\">\r\n    <p class=\"promotionalText\">Der effizienteste Weg, eine Sprache zu lernen<\/p>\r\n    <a class=\"promotionalLink\" href=\"https:\/\/app.talkpal.ai\/de\/signup?lng=\">Talkpal kostenlos<\/a>\r\n<\/section>\n<div class=\"wp-block-group pageContainerStyle\"><div class=\"wp-block-group__inner-container is-layout-constrained wp-block-group-is-layout-constrained\">\n<h2 class=\"wp-block-heading\" id=\"h-estonian-grammar-the-gateway-to-a-unique-language-journey\">Estnische Grammatik: Das Tor zu einer einzigartigen Sprachreise<\/h2>\n\n\n\n<p>Willkommen in der faszinierenden Welt des Estnischen! Mit \u00fcber einer Million Muttersprachlern bietet Ihnen Estnisch eine einzigartige Gelegenheit, Ihren sprachlichen Horizont zu erweitern und eine lebendige Kultur zu entdecken. Die Feinheiten der estnischen Grammatik m\u00f6gen auf den ersten Blick abschreckend wirken, aber dieser freundliche Leitfaden f\u00fcr Anf\u00e4nger ist dazu da, die Grundlagen der estnischen Grammatik auf einfache und ansprechende Weise zu vermitteln.<\/p>\n\n\n\n<h3 class=\"wp-block-heading\" id=\"h-1-embracing-the-estonian-alphabet\">1. Das estnische Alphabet annehmen<\/h3>\n\n\n\n<p>Der Weg zur Beherrschung der estnischen Sprache beginnt mit dem Alphabet. Im Estnischen wird die lateinische Schrift verwendet, die durch neun Sonderzeichen erg\u00e4nzt wird: \u00c4, \u00d6, \u00dc, \u00d5, \u0160, \u017d und ihre kleingeschriebenen Gegenst\u00fccke. Wenn Sie sich mit diesen Schriftzeichen vertraut machen, schaffen Sie eine solide Grundlage f\u00fcr Ihre estnische Lernerfahrung.<\/p>\n\n\n\n<h3 class=\"wp-block-heading\" id=\"h-2-getting-a-grip-on-estonian-nouns\">2. Estnische Substantive in den Griff bekommen<\/h3>\n\n\n\n<p>Im Gegensatz zu vielen europ\u00e4ischen Sprachen wird im Estnischen nicht zwischen m\u00e4nnlichen und weiblichen Geschlechtern unterschieden. Substantive werden stattdessen entweder als Singular oder Plural klassifiziert, und jedes Substantiv hat 14 F\u00e4lle. Auch wenn dies \u00fcberw\u00e4ltigend erscheinen mag, ist es wichtig zu verstehen, dass die morphologische Struktur von Substantiven recht regelm\u00e4\u00dfig ist, was das Lernen erleichtert. Konzentriere dich zun\u00e4chst auf die Beherrschung der h\u00e4ufigsten F\u00e4lle: Nominativ, Genitiv und Partitiv.<\/p>\n\n\n\n<h3 class=\"wp-block-heading\" id=\"h-3-conquering-estonian-verb-conjugation\">3. Die estnische Verbkonjugation erobern<\/h3>\n\n\n\n<p>Estnische Verben werden auf der Grundlage von Zeitform, Person und Zahl konjugiert. <a href=\"https:\/\/talkpal.ai\/culture\/what-is-the-difference-between-es-gibt-and-da-ist\/\">Es gibt<\/a> nur drei <a href=\"https:\/\/talkpal.ai\/zh-hans\/grammar_exercises\/zeitformen-%e5%be%b7%e5%9b%bd%e8%af%ad%e6%b3%95%e7%bb%83%e4%b9%a0\/\">Zeitformen<\/a>: Gegenwart, Vergangenheit (kodiert durch das Partizip Pr\u00e4teritum) und Zukunft (ausgedr\u00fcckt durch die Gegenwartsform des Verbs, kombiniert mit einem Futur-Hilfswort).<\/p>\n\n\n\n<p>Hier finden Sie zum Beispiel Konjugationen f\u00fcr das Verb &#8222;lugema&#8220; (lesen):<\/p>\n\n\n\n<p><strong>&#8211; Gegenwart: Ma loen (Ich lese)<\/strong><\/p>\n\n\n\n<p><strong>&#8211; Vergangenheit: Ma lugesin (Ich lese\/ich habe gelesen)<\/strong><\/p>\n\n\n\n<p><strong>&#8211; Zukunft: Ma loen raamatuid (Ich werde B\u00fccher lesen)<\/strong><\/p>\n\n\n\n<h3 class=\"wp-block-heading\" id=\"h-4-unraveling-the-mystery-of-estonian-pronouns\">4. Das Geheimnis der estnischen Pronomen entr\u00e4tseln<\/h3>\n\n\n\n<p>Pronomen im Estnischen dienen dazu, Substantive zu ersetzen und die Sprache fl\u00fcssiger und dynamischer zu machen. Konzentriere dich auf das Erlernen der Personal- und Possessivpronomen:<\/p>\n\n\n\n<p><strong>&#8211; Personalpronomen: mina (ich), sina (Sie, informell), tema (er\/sie), meie (wir), teie (Sie, Plural\/formell), nemad (sie)<\/strong><\/p>\n\n\n\n<p><strong>&#8211; Possessivpronomen: minu (mein), sinu (dein, informell), tema (sein), meie (unser), teie (dein, Plural\/Formel), nende (ihr)<\/strong><\/p>\n\n\n\n<h3 class=\"wp-block-heading\" id=\"h-5-no-articles-no-problem\">5. Keine Artikel, kein Problem!<\/h3>\n\n\n\n<p>Im Estnischen werden keine bestimmten oder <a href=\"https:\/\/talkpal.ai\/de\/grammar_exercises\/ubungen-zum-unbestimmten-artikel-fur-die-vietnamesische-grammatik\/\">unbestimmten Artikel<\/a> verwendet, so dass Sie aufatmen k\u00f6nnen. Zum Beispiel:<\/p>\n\n\n\n<p><strong>&#8211; Koer &#8211; &#8222;Hund&#8220; oder &#8222;ein Hund&#8220;<\/strong><\/p>\n\n\n\n<p><strong>&#8211; Maja &#8211; &#8222;Haus&#8220; oder &#8222;ein Haus&#8220;<\/strong><\/p>\n\n\n\n<p>Die Beherrschung der estnischen Grammatik ist ein spannender und bereichernder Prozess, der T\u00fcren zu einer reichen kulturellen Erfahrung \u00f6ffnet. Denken Sie daran, dass \u00dcbung der Schl\u00fcssel ist, also tauchen Sie ein in die <a href=\"https:\/\/talkpal.ai\/de\/estnische-geschichten-zum-estnischlernen\/\">estnische Grammatik<\/a>, tauschen Sie sich mit Muttersprachlern aus und schaffen Sie eine solide Grundlage f\u00fcr Ihre Sprachreise. Edu! (Viel Gl\u00fcck!)<\/p>\n<\/div><\/div>\n\r\n<section class=\"learnNavigationSection\">\r\n            \r\n        <a href=\"https:\/\/talkpal.ai\/de\/estnisch-lernen\/\">\r\n            <div class=\"learnNavigationWrapper\">\r\n                <div class=\"learnNavigationContent\">\r\n                    <img decoding=\"async\" src=\"https:\/\/talkpal.ai\/wp-content\/uploads\/2024\/08\/Estonian.jpg\" alt=\"Estonian Flag\">\r\n                    <div>\r\n                        <h4>\u00dcber Estnisch lernen<\/h4>\r\n                        <p>Erfahren Sie alles \u00fcber die estnische Grammatik.<\/p>\r\n                    <\/div>\r\n                <\/div>\r\n            <\/div>\r\n        <\/a>\r\n\r\n        \r\n        <a href=\"https:\/\/talkpal.ai\/de\/estnische-grammatikuebungen\/\">\r\n            <div class=\"learnNavigationWrapper\">\r\n                <div class=\"learnNavigationContent\">\r\n                    <img decoding=\"async\" src=\"https:\/\/talkpal.ai\/wp-content\/uploads\/2024\/08\/Estonian.jpg\" alt=\"Estonian Flag\">\r\n                    <div>\r\n                        <h4>\u00dcbung zur estnischen Grammatik<\/h4>\r\n                        <p>\u00dcbe die estnische Grammatik .<\/p>\r\n                    <\/div>\r\n                <\/div>\r\n            <\/div>\r\n        <\/a>\r\n\r\n        \r\n        <a href=\"https:\/\/talkpal.ai\/vocabulary_language\/estonian\/\">\r\n            <div class=\"learnNavigationWrapper\">\r\n                <div class=\"learnNavigationContent\">\r\n                    <img decoding=\"async\" src=\"https:\/\/talkpal.ai\/wp-content\/uploads\/2024\/08\/Estonian.jpg\" alt=\"Estonian Flag\">\r\n                    <div>\r\n                        <h4>Estnisch Wortschatz<\/h4>\r\n                        <p>Erweitern Sie Ihr estnisches Vokabular.<\/p>\r\n                    <\/div>\r\n                <\/div>\r\n            <\/div>\r\n        <\/a>\r\n\r\n            <\/section>","protected":false},"excerpt":{"rendered":"<p>Estnische Grammatik: Das Tor zu einer einzigartigen Sprachreise Willkommen in der faszinierenden Welt des Estnischen! Mit \u00fcber einer Million Muttersprachlern bietet Ihnen Estnisch eine einzigartige Gelegenheit, Ihren sprachlichen Horizont zu erweitern und eine lebendige Kultur zu entdecken. Die Feinheiten der estnischen Grammatik m\u00f6gen auf den ersten Blick abschreckend wirken, aber dieser freundliche Leitfaden f\u00fcr Anf\u00e4nger [&hellip;]<\/p>\n","protected":false},"author":1,"featured_media":28301,"parent":0,"menu_order":0,"comment_status":"closed","ping_status":"closed","template":"LearningContentPage.php","meta":{"_acf_changed":false,"footnotes":""},"class_list":["post-74011","page","type-page","status-publish","has-post-thumbnail","hentry"],"acf":[],"yoast_head":"<!-- This site is optimized with the Yoast SEO Premium plugin v27.2 (Yoast SEO v27.2) - https:\/\/yoast.com\/product\/yoast-seo-premium-wordpress\/ -->\n<title>Estnische Grammatik - Talkpal<\/title>\n<meta name=\"description\" content=\"Lernen Sie die wichtigsten Konzepte der estnischen Grammatik kennen, darunter F\u00e4lle, Verben, Satzbau, Aussprache und Tipps.\" \/>\n<meta name=\"robots\" content=\"index, follow, max-snippet:-1, max-image-preview:large, max-video-preview:-1\" \/>\n<link rel=\"canonical\" href=\"https:\/\/talkpal.ai\/de\/estnische-grammatik\/\" \/>\n<meta property=\"og:locale\" content=\"de_DE\" \/>\n<meta property=\"og:type\" content=\"article\" \/>\n<meta property=\"og:title\" content=\"Estnische Grammatik\" \/>\n<meta property=\"og:description\" content=\"Estnische Grammatik: Das Tor zu einer einzigartigen Sprachreise Willkommen in der faszinierenden Welt des Estnischen! Mit \u00fcber einer Million\" \/>\n<meta property=\"og:url\" content=\"https:\/\/talkpal.ai\/de\/estnische-grammatik\/\" \/>\n<meta property=\"og:site_name\" content=\"Talkpal\" \/>\n<meta property=\"article:publisher\" content=\"https:\/\/www.facebook.com\/profile.php?id=100090733639311\" \/>\n<meta property=\"article:modified_time\" content=\"2025-12-13T15:31:54+00:00\" \/>\n<meta property=\"og:image\" content=\"https:\/\/talkpal.ai\/wp-content\/uploads\/2023\/05\/estonia.png\" \/>\n\t<meta property=\"og:image:width\" content=\"512\" \/>\n\t<meta property=\"og:image:height\" content=\"512\" \/>\n\t<meta property=\"og:image:type\" content=\"image\/png\" \/>\n<meta name=\"twitter:card\" content=\"summary_large_image\" \/>\n<meta name=\"twitter:site\" content=\"@talkpalai\" \/>\n<meta name=\"twitter:label1\" content=\"Gesch\u00e4tzte Lesezeit\" \/>\n\t<meta name=\"twitter:data1\" content=\"2\u00a0Minuten\" \/>\n<script type=\"application\/ld+json\" class=\"yoast-schema-graph\">{\"@context\":\"https:\/\/schema.org\",\"@graph\":[{\"@type\":\"WebPage\",\"@id\":\"https:\/\/talkpal.ai\/de\/estnische-grammatik\/\",\"url\":\"https:\/\/talkpal.ai\/de\/estnische-grammatik\/\",\"name\":\"Estnische Grammatik - Talkpal\",\"isPartOf\":{\"@id\":\"https:\/\/talkpal.ai\/de\/#website\"},\"primaryImageOfPage\":{\"@id\":\"https:\/\/talkpal.ai\/de\/estnische-grammatik\/#primaryimage\"},\"image\":{\"@id\":\"https:\/\/talkpal.ai\/de\/estnische-grammatik\/#primaryimage\"},\"thumbnailUrl\":\"https:\/\/talkpal.ai\/wp-content\/uploads\/2023\/05\/estonia.png\",\"datePublished\":\"2023-05-14T14:01:53+00:00\",\"dateModified\":\"2025-12-13T15:31:54+00:00\",\"description\":\"Lernen Sie die wichtigsten Konzepte der estnischen Grammatik kennen, darunter F\u00e4lle, Verben, Satzbau, Aussprache und Tipps.\",\"breadcrumb\":{\"@id\":\"https:\/\/talkpal.ai\/de\/estnische-grammatik\/#breadcrumb\"},\"inLanguage\":\"de\",\"potentialAction\":[{\"@type\":\"ReadAction\",\"target\":[\"https:\/\/talkpal.ai\/de\/estnische-grammatik\/\"]}]},{\"@type\":\"ImageObject\",\"inLanguage\":\"de\",\"@id\":\"https:\/\/talkpal.ai\/de\/estnische-grammatik\/#primaryimage\",\"url\":\"https:\/\/talkpal.ai\/wp-content\/uploads\/2023\/05\/estonia.png\",\"contentUrl\":\"https:\/\/talkpal.ai\/wp-content\/uploads\/2023\/05\/estonia.png\",\"width\":512,\"height\":512},{\"@type\":\"BreadcrumbList\",\"@id\":\"https:\/\/talkpal.ai\/de\/estnische-grammatik\/#breadcrumb\",\"itemListElement\":[{\"@type\":\"ListItem\",\"position\":1,\"name\":\"Homepage\",\"item\":\"https:\/\/talkpal.ai\/de\/\"},{\"@type\":\"ListItem\",\"position\":2,\"name\":\"Estnische Grammatik\"}]},{\"@type\":\"WebSite\",\"@id\":\"https:\/\/talkpal.ai\/de\/#website\",\"url\":\"https:\/\/talkpal.ai\/de\/\",\"name\":\"Talkpal\",\"description\":\"AI Language Learning\",\"publisher\":{\"@id\":\"https:\/\/talkpal.ai\/de\/#organization\"},\"alternateName\":\"Talkpal AI\",\"potentialAction\":[{\"@type\":\"SearchAction\",\"target\":{\"@type\":\"EntryPoint\",\"urlTemplate\":\"https:\/\/talkpal.ai\/de\/?s={search_term_string}\"},\"query-input\":{\"@type\":\"PropertyValueSpecification\",\"valueRequired\":true,\"valueName\":\"search_term_string\"}}],\"inLanguage\":\"de\"},{\"@type\":\"Organization\",\"@id\":\"https:\/\/talkpal.ai\/de\/#organization\",\"name\":\"Talkpal, Inc.\",\"alternateName\":\"Talkpal AI\",\"url\":\"https:\/\/talkpal.ai\/de\/\",\"logo\":{\"@type\":\"ImageObject\",\"inLanguage\":\"de\",\"@id\":\"https:\/\/talkpal.ai\/de\/#\/schema\/logo\/image\/\",\"url\":\"https:\/\/talkpal.ai\/wp-content\/uploads\/2024\/03\/Talkpal-Logo-Icon.png\",\"contentUrl\":\"https:\/\/talkpal.ai\/wp-content\/uploads\/2024\/03\/Talkpal-Logo-Icon.png\",\"width\":2880,\"height\":2880,\"caption\":\"Talkpal, Inc.\"},\"image\":{\"@id\":\"https:\/\/talkpal.ai\/de\/#\/schema\/logo\/image\/\"},\"sameAs\":[\"https:\/\/www.facebook.com\/profile.php?id=100090733639311\",\"https:\/\/x.com\/talkpalai\",\"https:\/\/www.linkedin.com\/company\/talkpal\/\",\"https:\/\/www.youtube.com\/@TalkPal\/\",\"https:\/\/www.tiktok.com\/@talkpal\",\"https:\/\/www.instagram.com\/talkpal_ai\/\",\"https:\/\/www.crunchbase.com\/organization\/talkpal-9cde\",\"https:\/\/www.g2.com\/products\/talkpal-for-business\/\",\"https:\/\/www.trustpilot.com\/review\/talkpal.ai\",\"https:\/\/www.capterra.com\/p\/10006800\/TalkPal\/\"],\"description\":\"Talkpal is a language learning web and mobile education app, powered by the latest AI technologies, that provides engaging experiences to its customers in many different languages to help them improve their language skills. Users can chat about unlimited amount of topics with the app and use other modes to practice their language learning.\",\"email\":\"support@talkpal.ai\",\"legalName\":\"Talkpal, Inc.\",\"foundingDate\":\"2023-04-03\",\"duns\":\"118989042\",\"numberOfEmployees\":{\"@type\":\"QuantitativeValue\",\"minValue\":\"11\",\"maxValue\":\"50\"},\"publishingPrinciples\":\"https:\/\/talkpal.ai\/publishing-principles\/\",\"actionableFeedbackPolicy\":\"https:\/\/talkpal.ai\/actionable-feedback-policy\/\",\"correctionsPolicy\":\"https:\/\/talkpal.ai\/corrections-policy\/\",\"ethicsPolicy\":\"https:\/\/talkpal.ai\/ethics-policy\/\",\"diversityPolicy\":\"https:\/\/talkpal.ai\/diversity-policy\/\",\"diversityStaffingReport\":\"https:\/\/talkpal.ai\/diversity-policy\/\"}]}<\/script>\n<!-- \/ Yoast SEO Premium plugin. -->","yoast_head_json":{"title":"Estnische Grammatik - Talkpal","description":"Lernen Sie die wichtigsten Konzepte der estnischen Grammatik kennen, darunter F\u00e4lle, Verben, Satzbau, Aussprache und Tipps.","robots":{"index":"index","follow":"follow","max-snippet":"max-snippet:-1","max-image-preview":"max-image-preview:large","max-video-preview":"max-video-preview:-1"},"canonical":"https:\/\/talkpal.ai\/de\/estnische-grammatik\/","og_locale":"de_DE","og_type":"article","og_title":"Estnische Grammatik","og_description":"Estnische Grammatik: Das Tor zu einer einzigartigen Sprachreise Willkommen in der faszinierenden Welt des Estnischen! Mit \u00fcber einer Million","og_url":"https:\/\/talkpal.ai\/de\/estnische-grammatik\/","og_site_name":"Talkpal","article_publisher":"https:\/\/www.facebook.com\/profile.php?id=100090733639311","article_modified_time":"2025-12-13T15:31:54+00:00","og_image":[{"width":512,"height":512,"url":"https:\/\/talkpal.ai\/wp-content\/uploads\/2023\/05\/estonia.png","type":"image\/png"}],"twitter_card":"summary_large_image","twitter_site":"@talkpalai","twitter_misc":{"Gesch\u00e4tzte Lesezeit":"2\u00a0Minuten"},"schema":{"@context":"https:\/\/schema.org","@graph":[{"@type":"WebPage","@id":"https:\/\/talkpal.ai\/de\/estnische-grammatik\/","url":"https:\/\/talkpal.ai\/de\/estnische-grammatik\/","name":"Estnische Grammatik - Talkpal","isPartOf":{"@id":"https:\/\/talkpal.ai\/de\/#website"},"primaryImageOfPage":{"@id":"https:\/\/talkpal.ai\/de\/estnische-grammatik\/#primaryimage"},"image":{"@id":"https:\/\/talkpal.ai\/de\/estnische-grammatik\/#primaryimage"},"thumbnailUrl":"https:\/\/talkpal.ai\/wp-content\/uploads\/2023\/05\/estonia.png","datePublished":"2023-05-14T14:01:53+00:00","dateModified":"2025-12-13T15:31:54+00:00","description":"Lernen Sie die wichtigsten Konzepte der estnischen Grammatik kennen, darunter F\u00e4lle, Verben, Satzbau, Aussprache und Tipps.","breadcrumb":{"@id":"https:\/\/talkpal.ai\/de\/estnische-grammatik\/#breadcrumb"},"inLanguage":"de","potentialAction":[{"@type":"ReadAction","target":["https:\/\/talkpal.ai\/de\/estnische-grammatik\/"]}]},{"@type":"ImageObject","inLanguage":"de","@id":"https:\/\/talkpal.ai\/de\/estnische-grammatik\/#primaryimage","url":"https:\/\/talkpal.ai\/wp-content\/uploads\/2023\/05\/estonia.png","contentUrl":"https:\/\/talkpal.ai\/wp-content\/uploads\/2023\/05\/estonia.png","width":512,"height":512},{"@type":"BreadcrumbList","@id":"https:\/\/talkpal.ai\/de\/estnische-grammatik\/#breadcrumb","itemListElement":[{"@type":"ListItem","position":1,"name":"Homepage","item":"https:\/\/talkpal.ai\/de\/"},{"@type":"ListItem","position":2,"name":"Estnische Grammatik"}]},{"@type":"WebSite","@id":"https:\/\/talkpal.ai\/de\/#website","url":"https:\/\/talkpal.ai\/de\/","name":"Talkpal","description":"AI Language Learning","publisher":{"@id":"https:\/\/talkpal.ai\/de\/#organization"},"alternateName":"Talkpal AI","potentialAction":[{"@type":"SearchAction","target":{"@type":"EntryPoint","urlTemplate":"https:\/\/talkpal.ai\/de\/?s={search_term_string}"},"query-input":{"@type":"PropertyValueSpecification","valueRequired":true,"valueName":"search_term_string"}}],"inLanguage":"de"},{"@type":"Organization","@id":"https:\/\/talkpal.ai\/de\/#organization","name":"Talkpal, Inc.","alternateName":"Talkpal AI","url":"https:\/\/talkpal.ai\/de\/","logo":{"@type":"ImageObject","inLanguage":"de","@id":"https:\/\/talkpal.ai\/de\/#\/schema\/logo\/image\/","url":"https:\/\/talkpal.ai\/wp-content\/uploads\/2024\/03\/Talkpal-Logo-Icon.png","contentUrl":"https:\/\/talkpal.ai\/wp-content\/uploads\/2024\/03\/Talkpal-Logo-Icon.png","width":2880,"height":2880,"caption":"Talkpal, Inc."},"image":{"@id":"https:\/\/talkpal.ai\/de\/#\/schema\/logo\/image\/"},"sameAs":["https:\/\/www.facebook.com\/profile.php?id=100090733639311","https:\/\/x.com\/talkpalai","https:\/\/www.linkedin.com\/company\/talkpal\/","https:\/\/www.youtube.com\/@TalkPal\/","https:\/\/www.tiktok.com\/@talkpal","https:\/\/www.instagram.com\/talkpal_ai\/","https:\/\/www.crunchbase.com\/organization\/talkpal-9cde","https:\/\/www.g2.com\/products\/talkpal-for-business\/","https:\/\/www.trustpilot.com\/review\/talkpal.ai","https:\/\/www.capterra.com\/p\/10006800\/TalkPal\/"],"description":"Talkpal is a language learning web and mobile education app, powered by the latest AI technologies, that provides engaging experiences to its customers in many different languages to help them improve their language skills. Users can chat about unlimited amount of topics with the app and use other modes to practice their language learning.","email":"support@talkpal.ai","legalName":"Talkpal, Inc.","foundingDate":"2023-04-03","duns":"118989042","numberOfEmployees":{"@type":"QuantitativeValue","minValue":"11","maxValue":"50"},"publishingPrinciples":"https:\/\/talkpal.ai\/publishing-principles\/","actionableFeedbackPolicy":"https:\/\/talkpal.ai\/actionable-feedback-policy\/","correctionsPolicy":"https:\/\/talkpal.ai\/corrections-policy\/","ethicsPolicy":"https:\/\/talkpal.ai\/ethics-policy\/","diversityPolicy":"https:\/\/talkpal.ai\/diversity-policy\/","diversityStaffingReport":"https:\/\/talkpal.ai\/diversity-policy\/"}]}},"_links":{"self":[{"href":"https:\/\/talkpal.ai\/de\/wp-json\/wp\/v2\/pages\/74011","targetHints":{"allow":["GET"]}}],"collection":[{"href":"https:\/\/talkpal.ai\/de\/wp-json\/wp\/v2\/pages"}],"about":[{"href":"https:\/\/talkpal.ai\/de\/wp-json\/wp\/v2\/types\/page"}],"author":[{"embeddable":true,"href":"https:\/\/talkpal.ai\/de\/wp-json\/wp\/v2\/users\/1"}],"replies":[{"embeddable":true,"href":"https:\/\/talkpal.ai\/de\/wp-json\/wp\/v2\/comments?post=74011"}],"version-history":[{"count":0,"href":"https:\/\/talkpal.ai\/de\/wp-json\/wp\/v2\/pages\/74011\/revisions"}],"wp:featuredmedia":[{"embeddable":true,"href":"https:\/\/talkpal.ai\/de\/wp-json\/wp\/v2\/media\/28301"}],"wp:attachment":[{"href":"https:\/\/talkpal.ai\/de\/wp-json\/wp\/v2\/media?parent=74011"}],"curies":[{"name":"wp","href":"https:\/\/api.w.org\/{rel}","templated":true}]}}