{"id":73989,"date":"2023-05-14T14:03:23","date_gmt":"2023-05-14T14:03:23","guid":{"rendered":"http:\/\/talkpal.ai\/daenische-grammatik\/"},"modified":"2025-12-13T15:27:19","modified_gmt":"2025-12-13T15:27:19","slug":"daenische-grammatik","status":"publish","type":"page","link":"https:\/\/talkpal.ai\/de\/daenische-grammatik\/","title":{"rendered":"D\u00e4nische Grammatik"},"content":{"rendered":"\r\n\r\n\r\n<section class=\"languageChallengeSection\">\r\n    <div class=\"languageInfoWrapper\">\r\n        \r\n        <h1>D\u00e4nische Grammatik<\/h1>\r\n        <p>Lernen Sie das Wesentliche der d\u00e4nischen <a href=\"https:\/\/talkpal.ai\/fr\/les\/\">Grammatik<\/a> und kommunizieren Sie selbstbewusst in dieser charmanten skandinavischen Sprache. Indem Sie die wichtigsten Regeln und Strukturen beherrschen, erwerben Sie die n\u00f6tigen F\u00e4higkeiten, um mit d\u00e4nischen Sprechern in Kontakt zu treten und deren reiche Kultur aus erster Hand zu erleben. Beginnen Sie noch heute mit dem Erlernen der d\u00e4nischen Grammatik und machen Sie den ersten Schritt in Richtung flie\u00dfend sprechen!\n\n<\/p>\r\n\r\n                            <a class=\"getStartedHidden\" href=\"https:\/\/app.talkpal.ai\/de\/signup?lng=\">Leg los<\/a>\r\n        \r\n    <\/div>\r\n\r\n    <figure>\r\n    <img decoding=\"async\" width=\"768\" height=\"768\" src=\"https:\/\/talkpal.ai\/wp-content\/uploads\/2023\/06\/danish-768x768.png\" class=\"languageImage no-lazy\" alt=\"Default alt text\" fetchpriority=\"high\" sizes=\"(max-width: 768px) 150px, 768px\" srcset=\"https:\/\/talkpal.ai\/wp-content\/uploads\/2023\/06\/danish-768x768.png 768w, https:\/\/talkpal.ai\/wp-content\/uploads\/2023\/06\/danish-300x300.png 300w\" \/>\r\n    \r\n\r\n    <\/figure>\r\n\r\n            <a class=\"getStartedVisible\" href=\"https:\/\/app.talkpal.ai\/de\/signup?lng=\">Leg los<\/a>\r\n    \r\n<\/section>\r\n        <section class=\"grammarSection\">\r\n            <div class=\"grammarLinks\">\r\n                <a href=\"https:\/\/talkpal.ai\/de\/language\/adjektive-daenische-grammatik\/\">Adjektive <\/a><a href=\"https:\/\/talkpal.ai\/de\/language\/adverbien-daenische-grammatik\/\">Adverbien <\/a><a href=\"https:\/\/talkpal.ai\/de\/language\/artikel-daenische-grammatik\/\">Artikel <\/a><a href=\"https:\/\/talkpal.ai\/de\/language\/konditionale-daenische-grammatik\/\">Konditionale <\/a><a href=\"https:\/\/talkpal.ai\/de\/language\/perfekt-progressiv-daenische-grammatik\/\">Perfekt Progressiv <\/a><a href=\"https:\/\/talkpal.ai\/de\/language\/praepositionen-daenische-grammatik\/\">Pr\u00e4positionen <\/a><a href=\"https:\/\/talkpal.ai\/de\/language\/progressiv-daenische-grammatik\/\">Progressiv <\/a><a href=\"https:\/\/talkpal.ai\/de\/language\/pronomen-determinanten-daenische-grammatik\/\">Pronomen\/Determinanten <\/a><a href=\"https:\/\/talkpal.ai\/de\/language\/saetze-daenische-grammatik\/\">S\u00e4tze <\/a><a href=\"https:\/\/talkpal.ai\/de\/language\/substantive-daenische-grammatik\/\">Substantive <\/a><a href=\"https:\/\/talkpal.ai\/de\/language\/verben-daenische-grammatik\/\">Verben <\/a><a href=\"https:\/\/talkpal.ai\/de\/language\/zeitformen-daenische-grammatik\/\">Zeitformen <\/a><a href=\"https:\/\/talkpal.ai\/de\/language\/zeitvergleich-daenische-grammatik\/\">Zeitvergleich <\/a>            <\/div>\r\n        <\/section>\r\n    <section class=\"promotionalBanner\">\r\n    <p class=\"promotionalText\">Der effizienteste Weg, eine Sprache zu lernen<\/p>\r\n    <a class=\"promotionalLink\" href=\"https:\/\/app.talkpal.ai\/de\/signup?lng=\">Talkpal kostenlos<\/a>\r\n<\/section>\n<div class=\"wp-block-group pageContainerStyle\"><div class=\"wp-block-group__inner-container is-layout-constrained wp-block-group-is-layout-constrained\">\n<h2 class=\"wp-block-heading\" id=\"h-delving-into-the-depths-of-danish-grammar-unraveling-its-idiosyncrasies-and-charm\">Eintauchen in die Tiefen der d\u00e4nischen Grammatik: Entr\u00e4tselt ihre Eigenheiten und ihren Charme<\/h2>\n\n\n\n<p>Erinnern Sie sich an die Zeit, als das Erlernen der englischen Grammatik mit einer F\u00fclle von Regeln, Ausnahmen und komplizierter Terminologie wie ein harter Kampf erschien? Wenn Sie jetzt die d\u00e4nische <a href=\"https:\/\/talkpal.ai\/de\/der-beste-weg-um-eine-neue-sprache-zu-sprechen\/\">Sprache lernen<\/a> wollen, bereiten Sie sich auf einen weiteren spannenden Ritt durch die Komplexit\u00e4t und die Freuden der d\u00e4nischen Grammatik vor.<\/p>\n\n\n\n<p><a href=\"https:\/\/talkpal.ai\/learn-danish\/\">D\u00e4nisch<\/a>, eine nordgermanische Sprache, hat \u00c4hnlichkeiten mit Sprachen wie <a href=\"https:\/\/talkpal.ai\/learn-norwegian\/\">Norwegisch<\/a> und <a href=\"https:\/\/talkpal.ai\/learn-swedish\/\">Schwedisch<\/a>. Es hat jedoch seine eigenen einzigartigen Eigenschaften, die es zu einem Juwel machen, das es wert ist, eingehend erforscht zu werden. Beginnen wir damit, die Wunder der d\u00e4nischen Grammatik zu entr\u00e4tseln, eine Regel nach der anderen.<\/p>\n\n\n\n<p><strong>Ein auff\u00e4lliges Merkmal der d\u00e4nischen Grammatik<\/strong> ist ihre Einfachheit, wenn es um die Wortstellung geht. Das D\u00e4nische folgt wie das Englische der Subjekt-Verb-Objekt-Struktur (SVO), so dass es f\u00fcr Englischsprachige relativ einfach zu verstehen ist. <a href=\"https:\/\/talkpal.ai\/culture\/what-is-the-difference-between-es-gibt-and-da-ist\/\">Es gibt<\/a> jedoch eine Besonderheit &#8211; die Verwendung der V2-Wortfolge in Haupts\u00e4tzen, was bedeutet, dass das Verb immer das zweite Element sein muss. Diese Regel verleiht der d\u00e4nischen Sprache einen Hauch von Einzigartigkeit.<\/p>\n\n\n\n<p>Ein weiterer liebenswerter Aspekt der d\u00e4nischen Grammatik ist das <strong>Zwei-Geschlechter-System<\/strong>. W\u00e4hrend einige Sprachen wie <a href=\"https:\/\/talkpal.ai\/learn-french\/\">Franz\u00f6sisch<\/a> oder <a href=\"https:\/\/talkpal.ai\/learn-spanish\/\">Spanisch<\/a> aus getrennten Geschlechtern f\u00fcr m\u00e4nnlich und weiblich bestehen, vereinfacht das D\u00e4nische dies durch die Verwendung von zwei Hauptgeschlechtern: common und neutrum. Im D\u00e4nischen fallen die meisten Substantive in die Kategorie &#8222;gew\u00f6hnlich&#8220;, so dass die Geschlechtsvereinbarung mit Adjektiven und Artikeln relativ einfach zu verstehen ist.<\/p>\n\n\n\n<p>Tauchen Sie in das Reich der <strong>Verbkonjugation<\/strong> ein und Sie werden feststellen, dass das D\u00e4nische andere Sprachen in Bezug auf die Einfachheit in den Schatten stellt. D\u00e4nische Verben \u00e4ndern sich nicht je nach Subjekt, so dass es ein Kinderspiel ist, sich verschiedene Formen zu merken und zu verstehen. <a href=\"https:\/\/talkpal.ai\/de\/grammar\/regelmasige-verben-in-der-slowakischen-grammatik\/\">Regelm\u00e4\u00dfige Verben<\/a> folgen vorhersehbaren Mustern, und selbst unregelm\u00e4\u00dfige Verben stellen keine Herausforderung dar, da ihre Unregelm\u00e4\u00dfigkeiten sehr subtil sind.<\/p>\n\n\n\n<p>Die d\u00e4nische Grammatik bietet ein einzigartiges Merkmal durch die <strong>Verwendung von Indefinitiven, Artikeln und Demonstrativen<\/strong>. Der unbestimmte Artikel entspricht im Englischen &#8222;a&#8220; oder &#8222;an&#8220;, und im D\u00e4nischen kann er &#8222;en&#8220; f\u00fcr das gemeine Geschlecht oder &#8222;et&#8220; f\u00fcr Neutrum sein. Der definite Artikel, \u00e4hnlich wie &#8222;the&#8220; im Englischen, wird an das Ende des Substantivs selbst angeh\u00e4ngt und verschmilzt zu einem einzigen Wort. Demonstrative, die auf bestimmte Substantive hinweisen, \u00e4ndern sich auch je nach Geschlecht des Substantivs, was ein gewisses Ma\u00df an Spezifit\u00e4t und Charme hinzuf\u00fcgt.<\/p>\n\n\n\n<p>Vergessen Sie nicht die Sch\u00f6nheit der <strong>d\u00e4nischen Aussprache<\/strong>, die die Vertrautheit mit den charakteristischen Vokallauten und den weicheren Konsonanten erfordert. Die Verwendung von st\u00f8d (ein glottaler Stop) unterscheidet es weiter von anderen germanischen Sprachen und verleiht dem D\u00e4nischen seinen einzigartigen Klang und Reiz.<\/p>\n\n\n\n<p>Indem Sie in die d\u00e4nische Grammatik eintauchen, lernen Sie nicht nur eine neue Sprache, sondern bereichern auch Ihr kulturelles Wissen und Ihr Verst\u00e4ndnis f\u00fcr D\u00e4nemark und seine Menschen auf breiter Basis. Obwohl die d\u00e4nische Grammatik manchmal eine Herausforderung ist, bietet sie eine einzigartige Lernerfahrung, die die T\u00fcr zu unz\u00e4hligen Reizen und Eigenheiten \u00f6ffnet, die sie zu einer unwiderstehlichen Sprache machen, die es zu erkunden gilt. Schnappen Sie sich also Ihre Sprachb\u00fccher und begeben Sie sich auf ein d\u00e4nisches Grammatikabenteuer, das Sie auf Schritt und Tritt fesseln und inspirieren wird!<\/p>\n<\/div><\/div>\n\r\n<section class=\"learnNavigationSection\">\r\n            \r\n        <a href=\"https:\/\/talkpal.ai\/de\/daenisch-lernen\/\">\r\n            <div class=\"learnNavigationWrapper\">\r\n                <div class=\"learnNavigationContent\">\r\n                    <img decoding=\"async\" src=\"https:\/\/talkpal.ai\/wp-content\/uploads\/2024\/08\/Danish.jpg\" alt=\"Danish Flag\">\r\n                    <div>\r\n                        <h4>\u00dcber D\u00e4nisch lernen<\/h4>\r\n                        <p>Erfahren Sie alles \u00fcber die d\u00e4nische Grammatik.<\/p>\r\n                    <\/div>\r\n                <\/div>\r\n            <\/div>\r\n        <\/a>\r\n\r\n        \r\n        <a href=\"https:\/\/talkpal.ai\/de\/daenische-grammatikuebungen\/\">\r\n            <div class=\"learnNavigationWrapper\">\r\n                <div class=\"learnNavigationContent\">\r\n                    <img decoding=\"async\" src=\"https:\/\/talkpal.ai\/wp-content\/uploads\/2024\/08\/Danish.jpg\" alt=\"Danish Flag\">\r\n                    <div>\r\n                        <h4>\u00dcbung zur d\u00e4nischen Grammatik<\/h4>\r\n                        <p>\u00dcbe die d\u00e4nische Grammatik .<\/p>\r\n                    <\/div>\r\n                <\/div>\r\n            <\/div>\r\n        <\/a>\r\n\r\n        \r\n        <a href=\"https:\/\/talkpal.ai\/vocabulary_language\/danish\/\">\r\n            <div class=\"learnNavigationWrapper\">\r\n                <div class=\"learnNavigationContent\">\r\n                    <img decoding=\"async\" src=\"https:\/\/talkpal.ai\/wp-content\/uploads\/2024\/08\/Danish.jpg\" alt=\"Danish Flag\">\r\n                    <div>\r\n                        <h4>D\u00e4nischer Wortschatz<\/h4>\r\n                        <p>Erweitern Sie Ihren d\u00e4nischen Wortschatz.<\/p>\r\n                    <\/div>\r\n                <\/div>\r\n            <\/div>\r\n        <\/a>\r\n\r\n            <\/section>","protected":false},"excerpt":{"rendered":"<p>Eintauchen in die Tiefen der d\u00e4nischen Grammatik: Entr\u00e4tselt ihre Eigenheiten und ihren Charme Erinnern Sie sich an die Zeit, als das Erlernen der englischen Grammatik mit einer F\u00fclle von Regeln, Ausnahmen und komplizierter Terminologie wie ein harter Kampf erschien? Wenn Sie jetzt die d\u00e4nische Sprache lernen wollen, bereiten Sie sich auf einen weiteren spannenden Ritt [&hellip;]<\/p>\n","protected":false},"author":1,"featured_media":28285,"parent":0,"menu_order":0,"comment_status":"closed","ping_status":"closed","template":"LearningContentPage.php","meta":{"_acf_changed":false,"footnotes":""},"class_list":["post-73989","page","type-page","status-publish","has-post-thumbnail","hentry"],"acf":[],"yoast_head":"<!-- This site is optimized with the Yoast SEO Premium plugin v27.2 (Yoast SEO v27.2) - https:\/\/yoast.com\/product\/yoast-seo-premium-wordpress\/ -->\n<title>D\u00e4nische Grammatik - Talkpal<\/title>\n<meta name=\"description\" content=\"Erforschen Sie die Feinheiten der d\u00e4nischen Grammatik und entdecken Sie ihre einzigartigen Regeln und Merkmale. Lernen Sie, sich m\u00fchelos in der Sprache zurechtzufinden.\" \/>\n<meta name=\"robots\" content=\"index, follow, max-snippet:-1, max-image-preview:large, max-video-preview:-1\" \/>\n<link rel=\"canonical\" href=\"https:\/\/talkpal.ai\/de\/daenische-grammatik\/\" \/>\n<meta property=\"og:locale\" content=\"de_DE\" \/>\n<meta property=\"og:type\" content=\"article\" \/>\n<meta property=\"og:title\" content=\"D\u00e4nische Grammatik\" \/>\n<meta property=\"og:description\" content=\"Eintauchen in die Tiefen der d\u00e4nischen Grammatik: Entr\u00e4tselt ihre Eigenheiten und ihren Charme Erinnern Sie sich an die Zeit, als das Erlernen der\" \/>\n<meta property=\"og:url\" content=\"https:\/\/talkpal.ai\/de\/daenische-grammatik\/\" \/>\n<meta property=\"og:site_name\" content=\"Talkpal\" \/>\n<meta property=\"article:publisher\" content=\"https:\/\/www.facebook.com\/profile.php?id=100090733639311\" \/>\n<meta property=\"article:modified_time\" content=\"2025-12-13T15:27:19+00:00\" \/>\n<meta property=\"og:image\" content=\"https:\/\/talkpal.ai\/wp-content\/uploads\/2023\/05\/denmark.png\" \/>\n\t<meta property=\"og:image:width\" content=\"512\" \/>\n\t<meta property=\"og:image:height\" content=\"512\" \/>\n\t<meta property=\"og:image:type\" content=\"image\/png\" \/>\n<meta name=\"twitter:card\" content=\"summary_large_image\" \/>\n<meta name=\"twitter:site\" content=\"@talkpalai\" \/>\n<meta name=\"twitter:label1\" content=\"Gesch\u00e4tzte Lesezeit\" \/>\n\t<meta name=\"twitter:data1\" content=\"3\u00a0Minuten\" \/>\n<script type=\"application\/ld+json\" class=\"yoast-schema-graph\">{\"@context\":\"https:\/\/schema.org\",\"@graph\":[{\"@type\":\"WebPage\",\"@id\":\"https:\/\/talkpal.ai\/de\/daenische-grammatik\/\",\"url\":\"https:\/\/talkpal.ai\/de\/daenische-grammatik\/\",\"name\":\"D\u00e4nische Grammatik - Talkpal\",\"isPartOf\":{\"@id\":\"https:\/\/talkpal.ai\/de\/#website\"},\"primaryImageOfPage\":{\"@id\":\"https:\/\/talkpal.ai\/de\/daenische-grammatik\/#primaryimage\"},\"image\":{\"@id\":\"https:\/\/talkpal.ai\/de\/daenische-grammatik\/#primaryimage\"},\"thumbnailUrl\":\"https:\/\/talkpal.ai\/wp-content\/uploads\/2023\/05\/denmark.png\",\"datePublished\":\"2023-05-14T14:03:23+00:00\",\"dateModified\":\"2025-12-13T15:27:19+00:00\",\"description\":\"Erforschen Sie die Feinheiten der d\u00e4nischen Grammatik und entdecken Sie ihre einzigartigen Regeln und Merkmale. Lernen Sie, sich m\u00fchelos in der Sprache zurechtzufinden.\",\"breadcrumb\":{\"@id\":\"https:\/\/talkpal.ai\/de\/daenische-grammatik\/#breadcrumb\"},\"inLanguage\":\"de\",\"potentialAction\":[{\"@type\":\"ReadAction\",\"target\":[\"https:\/\/talkpal.ai\/de\/daenische-grammatik\/\"]}]},{\"@type\":\"ImageObject\",\"inLanguage\":\"de\",\"@id\":\"https:\/\/talkpal.ai\/de\/daenische-grammatik\/#primaryimage\",\"url\":\"https:\/\/talkpal.ai\/wp-content\/uploads\/2023\/05\/denmark.png\",\"contentUrl\":\"https:\/\/talkpal.ai\/wp-content\/uploads\/2023\/05\/denmark.png\",\"width\":512,\"height\":512},{\"@type\":\"BreadcrumbList\",\"@id\":\"https:\/\/talkpal.ai\/de\/daenische-grammatik\/#breadcrumb\",\"itemListElement\":[{\"@type\":\"ListItem\",\"position\":1,\"name\":\"Homepage\",\"item\":\"https:\/\/talkpal.ai\/de\/\"},{\"@type\":\"ListItem\",\"position\":2,\"name\":\"D\u00e4nische Grammatik\"}]},{\"@type\":\"WebSite\",\"@id\":\"https:\/\/talkpal.ai\/de\/#website\",\"url\":\"https:\/\/talkpal.ai\/de\/\",\"name\":\"Talkpal\",\"description\":\"AI Language Learning\",\"publisher\":{\"@id\":\"https:\/\/talkpal.ai\/de\/#organization\"},\"alternateName\":\"Talkpal AI\",\"potentialAction\":[{\"@type\":\"SearchAction\",\"target\":{\"@type\":\"EntryPoint\",\"urlTemplate\":\"https:\/\/talkpal.ai\/de\/?s={search_term_string}\"},\"query-input\":{\"@type\":\"PropertyValueSpecification\",\"valueRequired\":true,\"valueName\":\"search_term_string\"}}],\"inLanguage\":\"de\"},{\"@type\":\"Organization\",\"@id\":\"https:\/\/talkpal.ai\/de\/#organization\",\"name\":\"Talkpal, Inc.\",\"alternateName\":\"Talkpal AI\",\"url\":\"https:\/\/talkpal.ai\/de\/\",\"logo\":{\"@type\":\"ImageObject\",\"inLanguage\":\"de\",\"@id\":\"https:\/\/talkpal.ai\/de\/#\/schema\/logo\/image\/\",\"url\":\"https:\/\/talkpal.ai\/wp-content\/uploads\/2024\/03\/Talkpal-Logo-Icon.png\",\"contentUrl\":\"https:\/\/talkpal.ai\/wp-content\/uploads\/2024\/03\/Talkpal-Logo-Icon.png\",\"width\":2880,\"height\":2880,\"caption\":\"Talkpal, Inc.\"},\"image\":{\"@id\":\"https:\/\/talkpal.ai\/de\/#\/schema\/logo\/image\/\"},\"sameAs\":[\"https:\/\/www.facebook.com\/profile.php?id=100090733639311\",\"https:\/\/x.com\/talkpalai\",\"https:\/\/www.linkedin.com\/company\/talkpal\/\",\"https:\/\/www.youtube.com\/@TalkPal\/\",\"https:\/\/www.tiktok.com\/@talkpal\",\"https:\/\/www.instagram.com\/talkpal_ai\/\",\"https:\/\/www.crunchbase.com\/organization\/talkpal-9cde\",\"https:\/\/www.g2.com\/products\/talkpal-for-business\/\",\"https:\/\/www.trustpilot.com\/review\/talkpal.ai\",\"https:\/\/www.capterra.com\/p\/10006800\/TalkPal\/\"],\"description\":\"Talkpal is a language learning web and mobile education app, powered by the latest AI technologies, that provides engaging experiences to its customers in many different languages to help them improve their language skills. Users can chat about unlimited amount of topics with the app and use other modes to practice their language learning.\",\"email\":\"support@talkpal.ai\",\"legalName\":\"Talkpal, Inc.\",\"foundingDate\":\"2023-04-03\",\"duns\":\"118989042\",\"numberOfEmployees\":{\"@type\":\"QuantitativeValue\",\"minValue\":\"11\",\"maxValue\":\"50\"},\"publishingPrinciples\":\"https:\/\/talkpal.ai\/publishing-principles\/\",\"actionableFeedbackPolicy\":\"https:\/\/talkpal.ai\/actionable-feedback-policy\/\",\"correctionsPolicy\":\"https:\/\/talkpal.ai\/corrections-policy\/\",\"ethicsPolicy\":\"https:\/\/talkpal.ai\/ethics-policy\/\",\"diversityPolicy\":\"https:\/\/talkpal.ai\/diversity-policy\/\",\"diversityStaffingReport\":\"https:\/\/talkpal.ai\/diversity-policy\/\"}]}<\/script>\n<!-- \/ Yoast SEO Premium plugin. -->","yoast_head_json":{"title":"D\u00e4nische Grammatik - Talkpal","description":"Erforschen Sie die Feinheiten der d\u00e4nischen Grammatik und entdecken Sie ihre einzigartigen Regeln und Merkmale. Lernen Sie, sich m\u00fchelos in der Sprache zurechtzufinden.","robots":{"index":"index","follow":"follow","max-snippet":"max-snippet:-1","max-image-preview":"max-image-preview:large","max-video-preview":"max-video-preview:-1"},"canonical":"https:\/\/talkpal.ai\/de\/daenische-grammatik\/","og_locale":"de_DE","og_type":"article","og_title":"D\u00e4nische Grammatik","og_description":"Eintauchen in die Tiefen der d\u00e4nischen Grammatik: Entr\u00e4tselt ihre Eigenheiten und ihren Charme Erinnern Sie sich an die Zeit, als das Erlernen der","og_url":"https:\/\/talkpal.ai\/de\/daenische-grammatik\/","og_site_name":"Talkpal","article_publisher":"https:\/\/www.facebook.com\/profile.php?id=100090733639311","article_modified_time":"2025-12-13T15:27:19+00:00","og_image":[{"width":512,"height":512,"url":"https:\/\/talkpal.ai\/wp-content\/uploads\/2023\/05\/denmark.png","type":"image\/png"}],"twitter_card":"summary_large_image","twitter_site":"@talkpalai","twitter_misc":{"Gesch\u00e4tzte Lesezeit":"3\u00a0Minuten"},"schema":{"@context":"https:\/\/schema.org","@graph":[{"@type":"WebPage","@id":"https:\/\/talkpal.ai\/de\/daenische-grammatik\/","url":"https:\/\/talkpal.ai\/de\/daenische-grammatik\/","name":"D\u00e4nische Grammatik - Talkpal","isPartOf":{"@id":"https:\/\/talkpal.ai\/de\/#website"},"primaryImageOfPage":{"@id":"https:\/\/talkpal.ai\/de\/daenische-grammatik\/#primaryimage"},"image":{"@id":"https:\/\/talkpal.ai\/de\/daenische-grammatik\/#primaryimage"},"thumbnailUrl":"https:\/\/talkpal.ai\/wp-content\/uploads\/2023\/05\/denmark.png","datePublished":"2023-05-14T14:03:23+00:00","dateModified":"2025-12-13T15:27:19+00:00","description":"Erforschen Sie die Feinheiten der d\u00e4nischen Grammatik und entdecken Sie ihre einzigartigen Regeln und Merkmale. Lernen Sie, sich m\u00fchelos in der Sprache zurechtzufinden.","breadcrumb":{"@id":"https:\/\/talkpal.ai\/de\/daenische-grammatik\/#breadcrumb"},"inLanguage":"de","potentialAction":[{"@type":"ReadAction","target":["https:\/\/talkpal.ai\/de\/daenische-grammatik\/"]}]},{"@type":"ImageObject","inLanguage":"de","@id":"https:\/\/talkpal.ai\/de\/daenische-grammatik\/#primaryimage","url":"https:\/\/talkpal.ai\/wp-content\/uploads\/2023\/05\/denmark.png","contentUrl":"https:\/\/talkpal.ai\/wp-content\/uploads\/2023\/05\/denmark.png","width":512,"height":512},{"@type":"BreadcrumbList","@id":"https:\/\/talkpal.ai\/de\/daenische-grammatik\/#breadcrumb","itemListElement":[{"@type":"ListItem","position":1,"name":"Homepage","item":"https:\/\/talkpal.ai\/de\/"},{"@type":"ListItem","position":2,"name":"D\u00e4nische Grammatik"}]},{"@type":"WebSite","@id":"https:\/\/talkpal.ai\/de\/#website","url":"https:\/\/talkpal.ai\/de\/","name":"Talkpal","description":"AI Language Learning","publisher":{"@id":"https:\/\/talkpal.ai\/de\/#organization"},"alternateName":"Talkpal AI","potentialAction":[{"@type":"SearchAction","target":{"@type":"EntryPoint","urlTemplate":"https:\/\/talkpal.ai\/de\/?s={search_term_string}"},"query-input":{"@type":"PropertyValueSpecification","valueRequired":true,"valueName":"search_term_string"}}],"inLanguage":"de"},{"@type":"Organization","@id":"https:\/\/talkpal.ai\/de\/#organization","name":"Talkpal, Inc.","alternateName":"Talkpal AI","url":"https:\/\/talkpal.ai\/de\/","logo":{"@type":"ImageObject","inLanguage":"de","@id":"https:\/\/talkpal.ai\/de\/#\/schema\/logo\/image\/","url":"https:\/\/talkpal.ai\/wp-content\/uploads\/2024\/03\/Talkpal-Logo-Icon.png","contentUrl":"https:\/\/talkpal.ai\/wp-content\/uploads\/2024\/03\/Talkpal-Logo-Icon.png","width":2880,"height":2880,"caption":"Talkpal, Inc."},"image":{"@id":"https:\/\/talkpal.ai\/de\/#\/schema\/logo\/image\/"},"sameAs":["https:\/\/www.facebook.com\/profile.php?id=100090733639311","https:\/\/x.com\/talkpalai","https:\/\/www.linkedin.com\/company\/talkpal\/","https:\/\/www.youtube.com\/@TalkPal\/","https:\/\/www.tiktok.com\/@talkpal","https:\/\/www.instagram.com\/talkpal_ai\/","https:\/\/www.crunchbase.com\/organization\/talkpal-9cde","https:\/\/www.g2.com\/products\/talkpal-for-business\/","https:\/\/www.trustpilot.com\/review\/talkpal.ai","https:\/\/www.capterra.com\/p\/10006800\/TalkPal\/"],"description":"Talkpal is a language learning web and mobile education app, powered by the latest AI technologies, that provides engaging experiences to its customers in many different languages to help them improve their language skills. Users can chat about unlimited amount of topics with the app and use other modes to practice their language learning.","email":"support@talkpal.ai","legalName":"Talkpal, Inc.","foundingDate":"2023-04-03","duns":"118989042","numberOfEmployees":{"@type":"QuantitativeValue","minValue":"11","maxValue":"50"},"publishingPrinciples":"https:\/\/talkpal.ai\/publishing-principles\/","actionableFeedbackPolicy":"https:\/\/talkpal.ai\/actionable-feedback-policy\/","correctionsPolicy":"https:\/\/talkpal.ai\/corrections-policy\/","ethicsPolicy":"https:\/\/talkpal.ai\/ethics-policy\/","diversityPolicy":"https:\/\/talkpal.ai\/diversity-policy\/","diversityStaffingReport":"https:\/\/talkpal.ai\/diversity-policy\/"}]}},"_links":{"self":[{"href":"https:\/\/talkpal.ai\/de\/wp-json\/wp\/v2\/pages\/73989","targetHints":{"allow":["GET"]}}],"collection":[{"href":"https:\/\/talkpal.ai\/de\/wp-json\/wp\/v2\/pages"}],"about":[{"href":"https:\/\/talkpal.ai\/de\/wp-json\/wp\/v2\/types\/page"}],"author":[{"embeddable":true,"href":"https:\/\/talkpal.ai\/de\/wp-json\/wp\/v2\/users\/1"}],"replies":[{"embeddable":true,"href":"https:\/\/talkpal.ai\/de\/wp-json\/wp\/v2\/comments?post=73989"}],"version-history":[{"count":0,"href":"https:\/\/talkpal.ai\/de\/wp-json\/wp\/v2\/pages\/73989\/revisions"}],"wp:featuredmedia":[{"embeddable":true,"href":"https:\/\/talkpal.ai\/de\/wp-json\/wp\/v2\/media\/28285"}],"wp:attachment":[{"href":"https:\/\/talkpal.ai\/de\/wp-json\/wp\/v2\/media?parent=73989"}],"curies":[{"name":"wp","href":"https:\/\/api.w.org\/{rel}","templated":true}]}}