{"id":73908,"date":"2023-05-14T14:10:42","date_gmt":"2023-05-14T14:10:42","guid":{"rendered":"http:\/\/talkpal.ai\/litauische-grammatik\/"},"modified":"2025-12-12T10:44:10","modified_gmt":"2025-12-12T10:44:10","slug":"litauische-grammatik","status":"publish","type":"page","link":"https:\/\/talkpal.ai\/de\/litauische-grammatik\/","title":{"rendered":"Litauische Grammatik"},"content":{"rendered":"\r\n\r\n\r\n<section class=\"languageChallengeSection\">\r\n    <div class=\"languageInfoWrapper\">\r\n        \r\n        <h1>Litauische Grammatik<\/h1>\r\n        <p>Beginnen Sie Ihre Reise in die <a href=\"https:\/\/talkpal.ai\/de\/grammar\/proper-vs-common-in-der-litauischen-grammatik\/\">litauische Grammatik<\/a> und entdecken Sie eine der \u00e4ltesten und faszinierendsten Sprachen Europas. Lernen Sie wichtige Regeln und Muster, um eine solide Sprachgrundlage zu schaffen. Tauchen Sie jetzt ein und beginnen Sie noch heute, <a href=\"https:\/\/talkpal.ai\/learn-lithuanian\/\">Litauisch<\/a> zu beherrschen!<\/p>\r\n\r\n                            <a class=\"getStartedHidden\" href=\"https:\/\/app.talkpal.ai\/de\/signup?lng=\">Leg los<\/a>\r\n        \r\n    <\/div>\r\n\r\n    <figure>\r\n    <img decoding=\"async\" width=\"768\" height=\"768\" src=\"https:\/\/talkpal.ai\/wp-content\/uploads\/2023\/06\/lithuenian-768x768.png\" class=\"languageImage no-lazy\" alt=\"Default alt text\" fetchpriority=\"high\" sizes=\"(max-width: 768px) 150px, 768px\" srcset=\"https:\/\/talkpal.ai\/wp-content\/uploads\/2023\/06\/lithuenian-768x768.png 768w, https:\/\/talkpal.ai\/wp-content\/uploads\/2023\/06\/lithuenian-300x300.png 300w\" \/>\r\n    \r\n\r\n    <\/figure>\r\n\r\n            <a class=\"getStartedVisible\" href=\"https:\/\/app.talkpal.ai\/de\/signup?lng=\">Leg los<\/a>\r\n    \r\n<\/section>\r\n        <section class=\"grammarSection\">\r\n            <div class=\"grammarLinks\">\r\n                <a href=\"https:\/\/talkpal.ai\/de\/language\/adjektive-litauische-grammatik\/\">Adjektive <\/a><a href=\"https:\/\/talkpal.ai\/de\/language\/adverbien-litauische-grammatik\/\">Adverbien <\/a><a href=\"https:\/\/talkpal.ai\/de\/language\/artikel-litauische-grammatik\/\">Artikel <\/a><a href=\"https:\/\/talkpal.ai\/de\/language\/konditionale-litauische-grammatik\/\">Konditionale <\/a><a href=\"https:\/\/talkpal.ai\/de\/language\/perfekt-progressiv-litauische-grammatik\/\">Perfekt Progressiv <\/a><a href=\"https:\/\/talkpal.ai\/de\/language\/prapositionen-litauische-grammatik\/\">Pr\u00e4positionen <\/a><a href=\"https:\/\/talkpal.ai\/de\/language\/progressiv-litauische-grammatik\/\">Progressiv <\/a><a href=\"https:\/\/talkpal.ai\/de\/language\/pronomen-determinanten-litauische-grammatik\/\">Pronomen\/Determinanten <\/a><a href=\"https:\/\/talkpal.ai\/de\/language\/satze-litauische-grammatik\/\">S\u00e4tze <\/a><a href=\"https:\/\/talkpal.ai\/de\/language\/substantive-litauische-grammatik\/\">Substantive <\/a><a href=\"https:\/\/talkpal.ai\/de\/language\/verben-litauische-grammatik\/\">Verben <\/a><a href=\"https:\/\/talkpal.ai\/de\/language\/zeitformen-litauische-grammatik\/\">Zeitformen <\/a><a href=\"https:\/\/talkpal.ai\/de\/language\/zeitvergleich-litauische-grammatik\/\">Zeitvergleich <\/a>            <\/div>\r\n        <\/section>\r\n    <section class=\"promotionalBanner\">\r\n    <p class=\"promotionalText\">Der effizienteste Weg, eine Sprache zu lernen<\/p>\r\n    <a class=\"promotionalLink\" href=\"https:\/\/app.talkpal.ai\/de\/signup?lng=\">Talkpal kostenlos<\/a>\r\n<\/section>\n<div class=\"wp-block-group pageContainerStyle\"><div class=\"wp-block-group__inner-container is-layout-constrained wp-block-group-is-layout-constrained\">\n<h2 class=\"wp-block-heading\" id=\"h-lithuanian-grammar-a-fascinating-journey-through-language\">Litauische Grammatik: Eine faszinierende Sprachreise<\/h2>\n\n\n\n<p>Haben Sie schon einmal dar\u00fcber nachgedacht, Litauisch zu lernen, oder waren Sie einfach fasziniert von der einzigartigen <a href=\"https:\/\/talkpal.ai\/fr\/les\/\">Grammatik<\/a>? Dann k\u00f6nnen Sie sich auf etwas gefasst machen! Die <a href=\"https:\/\/talkpal.ai\/de\/grammar\/proper-vs-common-in-der-litauischen-grammatik\/\">litauische Grammatik<\/a> mag auf den ersten Blick seltsam erscheinen, aber t\u00e4uschen Sie sich nicht \u2013 sie zeigt eine exquisite linguistische Logik. In diesem Artikel werden wir die verschiedenen Aspekte der litauischen Grammatik enth\u00fcllen und Sie in die Lage versetzen, ihren Charme zu sch\u00e4tzen.<\/p>\n\n\n\n<p>Zun\u00e4chst ein kurzer Hintergrund: Litauisch ist eine baltische Sprache, die vor allem in Litauen gesprochen wird, aber auch in den Nachbarl\u00e4ndern vorkommt. Als eine der \u00e4ltesten lebenden indogermanischen Sprachen bewahrt sie archaische Z\u00fcge, die einen Einblick in die Entwicklung anderer Sprachen innerhalb der Sprachfamilie geben. Diese historische Bedeutung macht Litauisch f\u00fcr Sprachliebhaber besonders faszinierend.<\/p>\n\n\n\n<p>Lassen Sie uns nun einige wichtige Aspekte der litauischen Grammatik n\u00e4her betrachten.<\/p>\n\n\n\n<h3 class=\"wp-block-heading\" id=\"h-1-nouns-cases-and-declensions\">1. Substantive, Kasus und Deklinationen<\/h3>\n\n\n\n<p>Eines der hervorstechendsten Merkmale der litauischen Grammatik ist ihr kompliziertes Kasussystem. Substantive nehmen unterschiedliche Formen an, <a href=\"https:\/\/talkpal.ai\/culture\/how-do-i-use-the-word-je-nachdem\/\">je nachdem<\/a>, welche Funktion sie in einem Satz haben und ob sie das Subjekt, das Objekt oder den Empf\u00e4nger einer Handlung widerspiegeln. Im Litauischen gibt es sieben F\u00e4lle: Nominativ, Genitiv, Dativ, Akkusativ, Instrumental, Lokativ und Vokativ.<\/p>\n\n\n\n<p>Nehmen Sie das Substantiv &#8222;vaikas&#8220; (Kind) als Beispiel. Es kann sich in &#8222;vaiko&#8220;, &#8222;vaikui&#8220;, &#8222;vaik\u0105&#8220; und so weiter verwandeln, je nachdem, welche Rolle es innerhalb eines Satzes spielt. Zus\u00e4tzlich werden die Endungen durch das Geschlecht des Substantivs (m\u00e4nnlich oder weiblich) beeinflusst und weiter in Deklinationen unterteilt, was die Sprache noch vielseitiger macht.<\/p>\n\n\n\n<h3 class=\"wp-block-heading\" id=\"h-2-verb-conjugation-and-tenses\">2. Konjugation und Zeitformen von Verben<\/h3>\n\n\n\n<p>Litauische Verben \u00e4ndern ihre Endungen je nach Person und Zahl (Singular oder Plural) des Subjekts. Zum Beispiel kann das Verb &#8222;eiti&#8220; (gehen) zu &#8222;einu&#8220; (ich gehe), &#8222;einate&#8220; (Sie -plural- gehen), &#8222;eina&#8220; (sie gehen) und anderen Formen werden.<\/p>\n\n\n\n<p>Im Litauischen gibt es vier Hauptformen: Gegenwart, Vergangenheit, Vergangenheitsiterativ und Zukunft. Interessanterweise gibt es in der Sprache auch Aspektmarkierungen: perfektiv und imperfektiv. Diese Markierungen liefern zus\u00e4tzliche Informationen dar\u00fcber, ob eine Aktion abgeschlossen oder noch nicht abgeschlossen ist. Zum Beispiel &#8222;ne\u0161ti&#8220; (tragen &#8211; Imperfekt) versus &#8222;nat&#8220; (getragen haben &#8211; Perfekt).<\/p>\n\n\n\n<h3 class=\"wp-block-heading\" id=\"h-3-sentence-structure-and-word-order\">3. Satzbau und Wortstellung<\/h3>\n\n\n\n<p>Obwohl das Litauische im Allgemeinen der SVO-Wortstellung (Subjekt-Verb-Objekt) folgt, erm\u00f6glicht das Kasussystem eine betr\u00e4chtliche Flexibilit\u00e4t. Anders als im Englischen, wo die Reihenfolge der W\u00f6rter in der Regel die Bedeutung eines Satzes bestimmt, \u00e4ndert das Verschieben von W\u00f6rtern im Litauischen die Bedeutung nicht. Zum Beispiel kann &#8222;kat\u0117 valgo \u017euv\u012f&#8220; (die Katze frisst den Fisch) auch &#8222;\u017euv\u012f valgo kat\u0117&#8220; hei\u00dfen, ohne seine Bedeutung zu verlieren oder zu ver\u00e4ndern.<\/p>\n\n\n\n<p>Diese Flexibilit\u00e4t erm\u00f6glicht es Ihnen, mit der Satzstruktur zu spielen, bestimmte Elemente hervorzuheben oder Nuancen zu erzeugen, wenn Sie die Sprache besser beherrschen.<\/p>\n\n\n\n<h3 class=\"wp-block-heading\" id=\"h-4-adjectives-adverbs-and-agreement-rules\">4. Adjektive, Adverbien und Vereinbarungsregeln<\/h3>\n\n\n\n<p>Wie in vielen Sprachen beschreiben Adjektive und <a href=\"https:\/\/talkpal.ai\/ar\/grammar_exercises\/adverbien-%d8%aa%d9%85%d8%a7%d8%b1%d9%8a%d9%86-%d9%84%d9%84%d9%82%d9%88%d8%a7%d8%b9%d8%af-%d8%a7%d9%84%d8%a3%d9%84%d9%85%d8%a7%d9%86%d9%8a%d8%a9\/\">Adverbien<\/a> im Litauischen Substantive und Verben, aber sie folgen auch bestimmten \u00dcbereinstimmungsregeln. Insbesondere m\u00fcssen Adjektive mit dem Substantiv, das sie modifizieren, in Gro\u00df- und Kleinschreibung, Geschlecht und Zahl \u00fcbereinstimmen. Sobald du die Substantivf\u00e4lle und Verbkonjugationen verstanden hast, werden diese Regeln nat\u00fcrlicher werden.<\/p>\n\n\n\n<p>Sind Sie bereit, in die litauische Grammatik einzutauchen? Mit Beharrlichkeit, Hingabe und den richtigen Ressourcen ist das Erlernen der litauischen Sprache \u2013 reich an Geschichte und kulturellem Erbe \u2013 eine ungemein lohnende Erfahrung. Gehen Sie die Sprache Schritt f\u00fcr Schritt an, \u00fcben Sie konsequent und bleiben Sie offen daf\u00fcr, aus Ihren Fehlern zu lernen. S\u0117km\u0117s! (Viel Gl\u00fcck!)<\/p>\n<\/div><\/div>\n\r\n<section class=\"learnNavigationSection\">\r\n            \r\n        <a href=\"https:\/\/talkpal.ai\/de\/litauisch-lernen\/\">\r\n            <div class=\"learnNavigationWrapper\">\r\n                <div class=\"learnNavigationContent\">\r\n                    <img decoding=\"async\" src=\"https:\/\/talkpal.ai\/wp-content\/uploads\/2024\/08\/Lithuanian.jpg\" alt=\"Lithuanian Flag\">\r\n                    <div>\r\n                        <h4>\u00dcber Litauisch lernen<\/h4>\r\n                        <p>Erfahren Sie alles \u00fcber die litauische Grammatik.<\/p>\r\n                    <\/div>\r\n                <\/div>\r\n            <\/div>\r\n        <\/a>\r\n\r\n        \r\n        <a href=\"https:\/\/talkpal.ai\/de\/litauische-grammatikuebungen\/\">\r\n            <div class=\"learnNavigationWrapper\">\r\n                <div class=\"learnNavigationContent\">\r\n                    <img decoding=\"async\" src=\"https:\/\/talkpal.ai\/wp-content\/uploads\/2024\/08\/Lithuanian.jpg\" alt=\"Lithuanian Flag\">\r\n                    <div>\r\n                        <h4>Litauische Grammatik \u00dcbung<\/h4>\r\n                        <p>\u00dcbe die litauische Grammatik .<\/p>\r\n                    <\/div>\r\n                <\/div>\r\n            <\/div>\r\n        <\/a>\r\n\r\n        \r\n        <a href=\"https:\/\/talkpal.ai\/vocabulary_language\/lithuanian\/\">\r\n            <div class=\"learnNavigationWrapper\">\r\n                <div class=\"learnNavigationContent\">\r\n                    <img decoding=\"async\" src=\"https:\/\/talkpal.ai\/wp-content\/uploads\/2024\/08\/Lithuanian.jpg\" alt=\"Lithuanian Flag\">\r\n                    <div>\r\n                        <h4>Litauisch Wortschatz<\/h4>\r\n                        <p>Erweitern Sie Ihren litauischen Wortschatz.<\/p>\r\n                    <\/div>\r\n                <\/div>\r\n            <\/div>\r\n        <\/a>\r\n\r\n            <\/section>","protected":false},"excerpt":{"rendered":"<p>Litauische Grammatik: Eine faszinierende Sprachreise Haben Sie schon einmal dar\u00fcber nachgedacht, Litauisch zu lernen, oder waren Sie einfach fasziniert von der einzigartigen Grammatik? Dann k\u00f6nnen Sie sich auf etwas gefasst machen! Die litauische Grammatik mag auf den ersten Blick seltsam erscheinen, aber t\u00e4uschen Sie sich nicht \u2013 sie zeigt eine exquisite linguistische Logik. In diesem [&hellip;]<\/p>\n","protected":false},"author":1,"featured_media":28461,"parent":0,"menu_order":0,"comment_status":"closed","ping_status":"closed","template":"LearningContentPage.php","meta":{"_acf_changed":false,"footnotes":""},"class_list":["post-73908","page","type-page","status-publish","has-post-thumbnail","hentry"],"acf":[],"yoast_head":"<!-- This site is optimized with the Yoast SEO Premium plugin v27.2 (Yoast SEO v27.2) - https:\/\/yoast.com\/product\/yoast-seo-premium-wordpress\/ -->\n<title>Litauische Grammatik - Talkpal<\/title>\n<meta name=\"description\" content=\"Entdecken Sie, wie die litauische Grammatik den historischen Reichtum und die Logik widerspiegelt, was sie zu einem perfekten Studium f\u00fcr Sprachliebhaber macht.\" \/>\n<meta name=\"robots\" content=\"index, follow, max-snippet:-1, max-image-preview:large, max-video-preview:-1\" \/>\n<link rel=\"canonical\" href=\"https:\/\/talkpal.ai\/de\/litauische-grammatik\/\" \/>\n<meta property=\"og:locale\" content=\"de_DE\" \/>\n<meta property=\"og:type\" content=\"article\" \/>\n<meta property=\"og:title\" content=\"Litauische Grammatik\" \/>\n<meta property=\"og:description\" content=\"Litauische Grammatik: Eine faszinierende Sprachreise Haben Sie schon einmal dar\u00fcber nachgedacht, Litauisch zu lernen, oder waren Sie einfach fasziniert\" \/>\n<meta property=\"og:url\" content=\"https:\/\/talkpal.ai\/de\/litauische-grammatik\/\" \/>\n<meta property=\"og:site_name\" content=\"Talkpal\" \/>\n<meta property=\"article:publisher\" content=\"https:\/\/www.facebook.com\/profile.php?id=100090733639311\" \/>\n<meta property=\"article:modified_time\" content=\"2025-12-12T10:44:10+00:00\" \/>\n<meta property=\"og:image\" content=\"https:\/\/talkpal.ai\/wp-content\/uploads\/2023\/05\/Lithuanian.png\" \/>\n\t<meta property=\"og:image:width\" content=\"512\" \/>\n\t<meta property=\"og:image:height\" content=\"512\" \/>\n\t<meta property=\"og:image:type\" content=\"image\/png\" \/>\n<meta name=\"twitter:card\" content=\"summary_large_image\" \/>\n<meta name=\"twitter:site\" content=\"@talkpalai\" \/>\n<meta name=\"twitter:label1\" content=\"Gesch\u00e4tzte Lesezeit\" \/>\n\t<meta name=\"twitter:data1\" content=\"3\u00a0Minuten\" \/>\n<script type=\"application\/ld+json\" class=\"yoast-schema-graph\">{\"@context\":\"https:\/\/schema.org\",\"@graph\":[{\"@type\":\"WebPage\",\"@id\":\"https:\/\/talkpal.ai\/de\/litauische-grammatik\/\",\"url\":\"https:\/\/talkpal.ai\/de\/litauische-grammatik\/\",\"name\":\"Litauische Grammatik - Talkpal\",\"isPartOf\":{\"@id\":\"https:\/\/talkpal.ai\/de\/#website\"},\"primaryImageOfPage\":{\"@id\":\"https:\/\/talkpal.ai\/de\/litauische-grammatik\/#primaryimage\"},\"image\":{\"@id\":\"https:\/\/talkpal.ai\/de\/litauische-grammatik\/#primaryimage\"},\"thumbnailUrl\":\"https:\/\/talkpal.ai\/wp-content\/uploads\/2023\/05\/Lithuanian.png\",\"datePublished\":\"2023-05-14T14:10:42+00:00\",\"dateModified\":\"2025-12-12T10:44:10+00:00\",\"description\":\"Entdecken Sie, wie die litauische Grammatik den historischen Reichtum und die Logik widerspiegelt, was sie zu einem perfekten Studium f\u00fcr Sprachliebhaber macht.\",\"breadcrumb\":{\"@id\":\"https:\/\/talkpal.ai\/de\/litauische-grammatik\/#breadcrumb\"},\"inLanguage\":\"de\",\"potentialAction\":[{\"@type\":\"ReadAction\",\"target\":[\"https:\/\/talkpal.ai\/de\/litauische-grammatik\/\"]}]},{\"@type\":\"ImageObject\",\"inLanguage\":\"de\",\"@id\":\"https:\/\/talkpal.ai\/de\/litauische-grammatik\/#primaryimage\",\"url\":\"https:\/\/talkpal.ai\/wp-content\/uploads\/2023\/05\/Lithuanian.png\",\"contentUrl\":\"https:\/\/talkpal.ai\/wp-content\/uploads\/2023\/05\/Lithuanian.png\",\"width\":512,\"height\":512},{\"@type\":\"BreadcrumbList\",\"@id\":\"https:\/\/talkpal.ai\/de\/litauische-grammatik\/#breadcrumb\",\"itemListElement\":[{\"@type\":\"ListItem\",\"position\":1,\"name\":\"Homepage\",\"item\":\"https:\/\/talkpal.ai\/de\/\"},{\"@type\":\"ListItem\",\"position\":2,\"name\":\"Litauische Grammatik\"}]},{\"@type\":\"WebSite\",\"@id\":\"https:\/\/talkpal.ai\/de\/#website\",\"url\":\"https:\/\/talkpal.ai\/de\/\",\"name\":\"Talkpal\",\"description\":\"AI Language Learning\",\"publisher\":{\"@id\":\"https:\/\/talkpal.ai\/de\/#organization\"},\"alternateName\":\"Talkpal AI\",\"potentialAction\":[{\"@type\":\"SearchAction\",\"target\":{\"@type\":\"EntryPoint\",\"urlTemplate\":\"https:\/\/talkpal.ai\/de\/?s={search_term_string}\"},\"query-input\":{\"@type\":\"PropertyValueSpecification\",\"valueRequired\":true,\"valueName\":\"search_term_string\"}}],\"inLanguage\":\"de\"},{\"@type\":\"Organization\",\"@id\":\"https:\/\/talkpal.ai\/de\/#organization\",\"name\":\"Talkpal, Inc.\",\"alternateName\":\"Talkpal AI\",\"url\":\"https:\/\/talkpal.ai\/de\/\",\"logo\":{\"@type\":\"ImageObject\",\"inLanguage\":\"de\",\"@id\":\"https:\/\/talkpal.ai\/de\/#\/schema\/logo\/image\/\",\"url\":\"https:\/\/talkpal.ai\/wp-content\/uploads\/2024\/03\/Talkpal-Logo-Icon.png\",\"contentUrl\":\"https:\/\/talkpal.ai\/wp-content\/uploads\/2024\/03\/Talkpal-Logo-Icon.png\",\"width\":2880,\"height\":2880,\"caption\":\"Talkpal, Inc.\"},\"image\":{\"@id\":\"https:\/\/talkpal.ai\/de\/#\/schema\/logo\/image\/\"},\"sameAs\":[\"https:\/\/www.facebook.com\/profile.php?id=100090733639311\",\"https:\/\/x.com\/talkpalai\",\"https:\/\/www.linkedin.com\/company\/talkpal\/\",\"https:\/\/www.youtube.com\/@TalkPal\/\",\"https:\/\/www.tiktok.com\/@talkpal\",\"https:\/\/www.instagram.com\/talkpal_ai\/\",\"https:\/\/www.crunchbase.com\/organization\/talkpal-9cde\",\"https:\/\/www.g2.com\/products\/talkpal-for-business\/\",\"https:\/\/www.trustpilot.com\/review\/talkpal.ai\",\"https:\/\/www.capterra.com\/p\/10006800\/TalkPal\/\"],\"description\":\"Talkpal is a language learning web and mobile education app, powered by the latest AI technologies, that provides engaging experiences to its customers in many different languages to help them improve their language skills. Users can chat about unlimited amount of topics with the app and use other modes to practice their language learning.\",\"email\":\"support@talkpal.ai\",\"legalName\":\"Talkpal, Inc.\",\"foundingDate\":\"2023-04-03\",\"duns\":\"118989042\",\"numberOfEmployees\":{\"@type\":\"QuantitativeValue\",\"minValue\":\"11\",\"maxValue\":\"50\"},\"publishingPrinciples\":\"https:\/\/talkpal.ai\/publishing-principles\/\",\"actionableFeedbackPolicy\":\"https:\/\/talkpal.ai\/actionable-feedback-policy\/\",\"correctionsPolicy\":\"https:\/\/talkpal.ai\/corrections-policy\/\",\"ethicsPolicy\":\"https:\/\/talkpal.ai\/ethics-policy\/\",\"diversityPolicy\":\"https:\/\/talkpal.ai\/diversity-policy\/\",\"diversityStaffingReport\":\"https:\/\/talkpal.ai\/diversity-policy\/\"}]}<\/script>\n<!-- \/ Yoast SEO Premium plugin. -->","yoast_head_json":{"title":"Litauische Grammatik - Talkpal","description":"Entdecken Sie, wie die litauische Grammatik den historischen Reichtum und die Logik widerspiegelt, was sie zu einem perfekten Studium f\u00fcr Sprachliebhaber macht.","robots":{"index":"index","follow":"follow","max-snippet":"max-snippet:-1","max-image-preview":"max-image-preview:large","max-video-preview":"max-video-preview:-1"},"canonical":"https:\/\/talkpal.ai\/de\/litauische-grammatik\/","og_locale":"de_DE","og_type":"article","og_title":"Litauische Grammatik","og_description":"Litauische Grammatik: Eine faszinierende Sprachreise Haben Sie schon einmal dar\u00fcber nachgedacht, Litauisch zu lernen, oder waren Sie einfach fasziniert","og_url":"https:\/\/talkpal.ai\/de\/litauische-grammatik\/","og_site_name":"Talkpal","article_publisher":"https:\/\/www.facebook.com\/profile.php?id=100090733639311","article_modified_time":"2025-12-12T10:44:10+00:00","og_image":[{"width":512,"height":512,"url":"https:\/\/talkpal.ai\/wp-content\/uploads\/2023\/05\/Lithuanian.png","type":"image\/png"}],"twitter_card":"summary_large_image","twitter_site":"@talkpalai","twitter_misc":{"Gesch\u00e4tzte Lesezeit":"3\u00a0Minuten"},"schema":{"@context":"https:\/\/schema.org","@graph":[{"@type":"WebPage","@id":"https:\/\/talkpal.ai\/de\/litauische-grammatik\/","url":"https:\/\/talkpal.ai\/de\/litauische-grammatik\/","name":"Litauische Grammatik - Talkpal","isPartOf":{"@id":"https:\/\/talkpal.ai\/de\/#website"},"primaryImageOfPage":{"@id":"https:\/\/talkpal.ai\/de\/litauische-grammatik\/#primaryimage"},"image":{"@id":"https:\/\/talkpal.ai\/de\/litauische-grammatik\/#primaryimage"},"thumbnailUrl":"https:\/\/talkpal.ai\/wp-content\/uploads\/2023\/05\/Lithuanian.png","datePublished":"2023-05-14T14:10:42+00:00","dateModified":"2025-12-12T10:44:10+00:00","description":"Entdecken Sie, wie die litauische Grammatik den historischen Reichtum und die Logik widerspiegelt, was sie zu einem perfekten Studium f\u00fcr Sprachliebhaber macht.","breadcrumb":{"@id":"https:\/\/talkpal.ai\/de\/litauische-grammatik\/#breadcrumb"},"inLanguage":"de","potentialAction":[{"@type":"ReadAction","target":["https:\/\/talkpal.ai\/de\/litauische-grammatik\/"]}]},{"@type":"ImageObject","inLanguage":"de","@id":"https:\/\/talkpal.ai\/de\/litauische-grammatik\/#primaryimage","url":"https:\/\/talkpal.ai\/wp-content\/uploads\/2023\/05\/Lithuanian.png","contentUrl":"https:\/\/talkpal.ai\/wp-content\/uploads\/2023\/05\/Lithuanian.png","width":512,"height":512},{"@type":"BreadcrumbList","@id":"https:\/\/talkpal.ai\/de\/litauische-grammatik\/#breadcrumb","itemListElement":[{"@type":"ListItem","position":1,"name":"Homepage","item":"https:\/\/talkpal.ai\/de\/"},{"@type":"ListItem","position":2,"name":"Litauische Grammatik"}]},{"@type":"WebSite","@id":"https:\/\/talkpal.ai\/de\/#website","url":"https:\/\/talkpal.ai\/de\/","name":"Talkpal","description":"AI Language Learning","publisher":{"@id":"https:\/\/talkpal.ai\/de\/#organization"},"alternateName":"Talkpal AI","potentialAction":[{"@type":"SearchAction","target":{"@type":"EntryPoint","urlTemplate":"https:\/\/talkpal.ai\/de\/?s={search_term_string}"},"query-input":{"@type":"PropertyValueSpecification","valueRequired":true,"valueName":"search_term_string"}}],"inLanguage":"de"},{"@type":"Organization","@id":"https:\/\/talkpal.ai\/de\/#organization","name":"Talkpal, Inc.","alternateName":"Talkpal AI","url":"https:\/\/talkpal.ai\/de\/","logo":{"@type":"ImageObject","inLanguage":"de","@id":"https:\/\/talkpal.ai\/de\/#\/schema\/logo\/image\/","url":"https:\/\/talkpal.ai\/wp-content\/uploads\/2024\/03\/Talkpal-Logo-Icon.png","contentUrl":"https:\/\/talkpal.ai\/wp-content\/uploads\/2024\/03\/Talkpal-Logo-Icon.png","width":2880,"height":2880,"caption":"Talkpal, Inc."},"image":{"@id":"https:\/\/talkpal.ai\/de\/#\/schema\/logo\/image\/"},"sameAs":["https:\/\/www.facebook.com\/profile.php?id=100090733639311","https:\/\/x.com\/talkpalai","https:\/\/www.linkedin.com\/company\/talkpal\/","https:\/\/www.youtube.com\/@TalkPal\/","https:\/\/www.tiktok.com\/@talkpal","https:\/\/www.instagram.com\/talkpal_ai\/","https:\/\/www.crunchbase.com\/organization\/talkpal-9cde","https:\/\/www.g2.com\/products\/talkpal-for-business\/","https:\/\/www.trustpilot.com\/review\/talkpal.ai","https:\/\/www.capterra.com\/p\/10006800\/TalkPal\/"],"description":"Talkpal is a language learning web and mobile education app, powered by the latest AI technologies, that provides engaging experiences to its customers in many different languages to help them improve their language skills. Users can chat about unlimited amount of topics with the app and use other modes to practice their language learning.","email":"support@talkpal.ai","legalName":"Talkpal, Inc.","foundingDate":"2023-04-03","duns":"118989042","numberOfEmployees":{"@type":"QuantitativeValue","minValue":"11","maxValue":"50"},"publishingPrinciples":"https:\/\/talkpal.ai\/publishing-principles\/","actionableFeedbackPolicy":"https:\/\/talkpal.ai\/actionable-feedback-policy\/","correctionsPolicy":"https:\/\/talkpal.ai\/corrections-policy\/","ethicsPolicy":"https:\/\/talkpal.ai\/ethics-policy\/","diversityPolicy":"https:\/\/talkpal.ai\/diversity-policy\/","diversityStaffingReport":"https:\/\/talkpal.ai\/diversity-policy\/"}]}},"_links":{"self":[{"href":"https:\/\/talkpal.ai\/de\/wp-json\/wp\/v2\/pages\/73908","targetHints":{"allow":["GET"]}}],"collection":[{"href":"https:\/\/talkpal.ai\/de\/wp-json\/wp\/v2\/pages"}],"about":[{"href":"https:\/\/talkpal.ai\/de\/wp-json\/wp\/v2\/types\/page"}],"author":[{"embeddable":true,"href":"https:\/\/talkpal.ai\/de\/wp-json\/wp\/v2\/users\/1"}],"replies":[{"embeddable":true,"href":"https:\/\/talkpal.ai\/de\/wp-json\/wp\/v2\/comments?post=73908"}],"version-history":[{"count":0,"href":"https:\/\/talkpal.ai\/de\/wp-json\/wp\/v2\/pages\/73908\/revisions"}],"wp:featuredmedia":[{"embeddable":true,"href":"https:\/\/talkpal.ai\/de\/wp-json\/wp\/v2\/media\/28461"}],"wp:attachment":[{"href":"https:\/\/talkpal.ai\/de\/wp-json\/wp\/v2\/media?parent=73908"}],"curies":[{"name":"wp","href":"https:\/\/api.w.org\/{rel}","templated":true}]}}