{"id":73886,"date":"2023-05-14T14:09:11","date_gmt":"2023-05-14T14:09:11","guid":{"rendered":"http:\/\/talkpal.ai\/islaendische-grammatik\/"},"modified":"2025-12-12T10:40:49","modified_gmt":"2025-12-12T10:40:49","slug":"islaendische-grammatik","status":"publish","type":"page","link":"https:\/\/talkpal.ai\/de\/islaendische-grammatik\/","title":{"rendered":"Isl\u00e4ndische Grammatik"},"content":{"rendered":"\r\n\r\n\r\n<section class=\"languageChallengeSection\">\r\n    <div class=\"languageInfoWrapper\">\r\n        \r\n        <h1>Isl\u00e4ndische Grammatik<\/h1>\r\n        <p>Entdecken Sie die faszinierende Struktur der isl\u00e4ndischen Sprache, indem Sie die grundlegenden Grammatikregeln lernen. Die Beherrschung der isl\u00e4ndischen <a href=\"https:\/\/talkpal.ai\/fr\/les\/\">Grammatik<\/a> wird Ihnen helfen, effektiv zu kommunizieren und eine tiefere Verbindung zur einzigartigen Kultur und Geschichte Islands herzustellen. Fangen Sie noch heute an, die <a href=\"https:\/\/talkpal.ai\/de\/grammar\/nullkonditional-in-der-islandischen-grammatik\/\">isl\u00e4ndische Grammatik<\/a> zu lernen, und machen Sie den ersten Schritt in Richtung flie\u00dfend sprechen!<\/p>\r\n\r\n                            <a class=\"getStartedHidden\" href=\"https:\/\/app.talkpal.ai\/de\/signup?lng=\">Leg los<\/a>\r\n        \r\n    <\/div>\r\n\r\n    <figure>\r\n    <img decoding=\"async\" width=\"768\" height=\"768\" src=\"https:\/\/talkpal.ai\/wp-content\/uploads\/2023\/06\/Icelandic-768x768.png\" class=\"languageImage no-lazy\" alt=\"Default alt text\" fetchpriority=\"high\" sizes=\"(max-width: 768px) 150px, 768px\" srcset=\"https:\/\/talkpal.ai\/wp-content\/uploads\/2023\/06\/Icelandic-768x768.png 768w, https:\/\/talkpal.ai\/wp-content\/uploads\/2023\/06\/Icelandic-300x300.png 300w\" \/>\r\n    \r\n\r\n    <\/figure>\r\n\r\n            <a class=\"getStartedVisible\" href=\"https:\/\/app.talkpal.ai\/de\/signup?lng=\">Leg los<\/a>\r\n    \r\n<\/section>\r\n        <section class=\"grammarSection\">\r\n            <div class=\"grammarLinks\">\r\n                <a href=\"https:\/\/talkpal.ai\/de\/language\/adjektive-islaendische-grammatik\/\">Adjektive <\/a><a href=\"https:\/\/talkpal.ai\/de\/language\/adverbien-islaendische-grammatik\/\">Adverbien <\/a><a href=\"https:\/\/talkpal.ai\/de\/language\/artikel-islaendische-grammatik\/\">Artikel <\/a><a href=\"https:\/\/talkpal.ai\/de\/language\/konditionale-islaendische-grammatik\/\">Konditionale <\/a><a href=\"https:\/\/talkpal.ai\/de\/language\/perfekt-progressiv-islaendische-grammatik\/\">Perfekt Progressiv <\/a><a href=\"https:\/\/talkpal.ai\/de\/language\/praepositionen-islaendische-grammatik\/\">Pr\u00e4positionen <\/a><a href=\"https:\/\/talkpal.ai\/de\/language\/progressiv-islaendische-grammatik\/\">Progressiv <\/a><a href=\"https:\/\/talkpal.ai\/de\/language\/pronomen-determinanten-islaendische-grammatik\/\">Pronomen\/Determinanten <\/a><a href=\"https:\/\/talkpal.ai\/de\/language\/saetze-islaendische-grammatik\/\">S\u00e4tze <\/a><a href=\"https:\/\/talkpal.ai\/de\/language\/substantive-islaendische-grammatik\/\">Substantive <\/a><a href=\"https:\/\/talkpal.ai\/de\/language\/verben-islaendische-grammatik\/\">Verben <\/a><a href=\"https:\/\/talkpal.ai\/de\/language\/zeitformen-islaendische-grammatik\/\">Zeitformen <\/a><a href=\"https:\/\/talkpal.ai\/de\/language\/zeitvergleich-islaendische-grammatik\/\">Zeitvergleich <\/a>            <\/div>\r\n        <\/section>\r\n    <section class=\"promotionalBanner\">\r\n    <p class=\"promotionalText\">Der effizienteste Weg, eine Sprache zu lernen<\/p>\r\n    <a class=\"promotionalLink\" href=\"https:\/\/app.talkpal.ai\/de\/signup?lng=\">Talkpal kostenlos<\/a>\r\n<\/section>\n<div class=\"wp-block-group pageContainerStyle\"><div class=\"wp-block-group__inner-container is-layout-constrained wp-block-group-is-layout-constrained\">\n<h2 class=\"wp-block-heading\" id=\"h-the-magic-of-icelandic-grammar-unlocking-the-secrets-of-the-viking-tongue\">Die Magie der isl\u00e4ndischen Grammatik: Die Geheimnisse der Wikingersprache entschl\u00fcsseln<\/h2>\n\n\n\n<h3 class=\"wp-block-heading\" id=\"h-introduction-icelandic-the-land-of-fire-and-ice\">Einf\u00fchrung: Island, das Land aus Feuer und Eis<\/h3>\n\n\n\n<p>Die <a href=\"https:\/\/talkpal.ai\/de\/welche-lander-sprechen-die-islandische-sprache-am-besten\/\">isl\u00e4ndische Sprache<\/a>, die von den Menschen des atemberaubenden Inselstaates Island gesprochen wird, ist bekannt f\u00fcr ihre reiche Geschichte, ihre fesselnde poetische Tradition und ihre au\u00dfergew\u00f6hnliche F\u00e4higkeit, sich anzupassen und mit der Zeit zu gehen. <a href=\"https:\/\/talkpal.ai\/learn-icelandic\/\">Isl\u00e4ndisch<\/a> stammt vom Altnordischen ab und hat einen besonderen Charme, der Sprachliebhaber und aufstrebende Polyglotten begeistert. Also, schnallt euch an, Leute! Wir werden in die wundersch\u00f6ne, komplexe Welt der isl\u00e4ndischen Grammatik eintauchen, ihre Geheimnisse entr\u00e4tseln und auf dem Weg dorthin verborgene Sch\u00e4tze entdecken.<\/p>\n\n\n\n<h3 class=\"wp-block-heading\" id=\"h-1-runic-scripts-to-latin-alphabet-a-story-of-transformation\">1. Runenschriften zum lateinischen Alphabet: Eine Geschichte der Verwandlung<\/h3>\n\n\n\n<p>Das isl\u00e4ndische Alphabet ist ein Abenteuer f\u00fcr sich, das aus 32 Zeichen besteht, die aus verschiedenen historischen Wurzeln stammen. Das Alphabet basiert zwar in erster Linie auf der lateinischen Schrift, enth\u00e4lt aber auch noch einige charakteristische Zeichen aus der Runenschrift seiner altnordischen Vorfahren. Die Beherrschung dieser Zeichen ist die erste H\u00fcrde beim Erlernen der Sprache, aber mit etwas \u00dcbung werden Sie im Handumdrehen ein Meister sein!<\/p>\n\n\n\n<h3 class=\"wp-block-heading\" id=\"h-2-noun-mastery-getting-to-the-roots-of-icelandic-grammar\">2. Substantivbeherrschung: Zu den Wurzeln der isl\u00e4ndischen Grammatik vordringen<\/h3>\n\n\n\n<p>Eines der Kernmerkmale der isl\u00e4ndischen Grammatik ist die Flexion von Substantiven nach Geschlecht, Zahl und Gro\u00df- und Kleinschreibung. <a href=\"https:\/\/talkpal.ai\/de\/grammar\/allgemeine-substantive-in-der-islandischen-grammatik\/\">Isl\u00e4ndische Substantive<\/a> k\u00f6nnen feminin, m\u00e4nnlich oder neutrum sein, und jedes Geschlecht hat seine eigenen Regeln f\u00fcr die <a href=\"https:\/\/talkpal.ai\/zh-hans\/grammar_exercises\/deklination-%e5%be%b7%e5%9b%bd%e8%af%ad%e6%b3%95%e7%bb%83%e4%b9%a0\/\">Deklination<\/a>. Obwohl dies wie eine sprachliche Achterbahnfahrt erscheinen mag, ist das Verst\u00e4ndnis dieser Feinheiten unerl\u00e4sslich, um die Sprache als Ganzes zu verstehen. Das Wissen, das Sie erwerben, wird Ihnen eine Welt von M\u00f6glichkeiten er\u00f6ffnen, eine Reihe von subtilen und komplexen Bedeutungen auszudr\u00fccken &#8211; die wahre Pracht der isl\u00e4ndischen Grammatik!<\/p>\n\n\n\n<h3 class=\"wp-block-heading\" id=\"h-3-the-mighty-verb-icelandic-s-unsung-hero\">3. Das m\u00e4chtige Verb: Der unbesungene Held der isl\u00e4ndischen Sprache<\/h3>\n\n\n\n<p>Wie die Substantive machen auch die isl\u00e4ndischen Verben eine umfangreiche Umwandlung durch, die von der Zeitform, der Stimmung und der Person und Zahl des Subjekts abh\u00e4ngt. Dieses komplizierte System kann anfangs entmutigend sein, aber haben Sie Geduld mit mir! Wenn Sie die regelm\u00e4\u00dfigen Muster und die unregelm\u00e4\u00dfigen Besonderheiten lernen, werden Sie feststellen, wie elegant und vielseitig die isl\u00e4ndische Verbkonjugation sein kann. Die Eroberung der isl\u00e4ndischen Verben wird die Kraft freisetzen, Gedanken, Gef\u00fchle und Handlungen mit Pr\u00e4zision und Kreativit\u00e4t auszudr\u00fccken.<\/p>\n\n\n\n<h3 class=\"wp-block-heading\" id=\"h-4-word-order-icelandic-s-flexible-backbone\">4. Wortfolge: Das flexible R\u00fcckgrat der isl\u00e4ndischen Sprache<\/h3>\n\n\n\n<p>Im Gegensatz zur Starrheit einiger Elemente der isl\u00e4ndischen Grammatik bietet die Sprache Flexibilit\u00e4t in der Wortstellung. Das bedeutet, dass Sie das Subjekt, das Verb und das Objekt in verschiedenen Anordnungen setzen k\u00f6nnen, solange Sie die \u00dcbereinstimmung in Geschlecht, Zahl, Fall und mehr beibehalten &#8211; Sie werden den K\u00fcnstler in Ihnen entfesseln! Wenn Sie Ihre S\u00e4tze auf diese spielerische Weise anpassen, k\u00f6nnen Sie Betonung, Nuancen und einen Konversationston schaffen, wodurch Ihre Rede ansprechender und angenehmer wird.<\/p>\n\n\n\n<h3 class=\"wp-block-heading\" id=\"h-5-embrace-the-culture-discover-the-pulse-of-the-icelandic-language\">5. Umarmen Sie die Kultur: Entdecken Sie den Puls der isl\u00e4ndischen Sprache<\/h3>\n\n\n\n<p>Die isl\u00e4ndische Sprache kann nicht von ihren kulturellen Wurzeln getrennt werden. Sie ist eng mit den Sagas, den Eddas und der einzigartigen Geschichte und Weltsicht der Nation verbunden. Um wirklich in die Sprache einzutauchen, sollten Sie ihren Kontext von ganzem Herzen annehmen. Tauchen Sie ein in die Folklore, verschlingen Sie die literarischen Sch\u00e4tze und tauschen Sie sich mit Muttersprachlern aus. Dieser Ansatz ist der Schl\u00fcssel, um sowohl sprachliche Kenntnisse als auch eine tiefere Verbindung mit dem isl\u00e4ndischen Volk und seinem reichen kulturellen Erbe zu erreichen.<\/p>\n\n\n\n<h3 class=\"wp-block-heading\" id=\"h-conclusion-an-icelandic-grammar-journey-worth-taking\">Fazit: Eine isl\u00e4ndische Grammatikreise, die es wert ist, unternommen zu werden<\/h3>\n\n\n\n<p>Obwohl die isl\u00e4ndische Grammatik wie eine gewaltige Herausforderung erscheinen mag, gibt es reichlich Belohnungen f\u00fcr diejenigen, die den Sprung wagen. Mit Ausdauer, einem gro\u00dfen Interesse an der Kultur und einer geh\u00f6rigen Portion Neugierde werden Sie sich von den Feinheiten der isl\u00e4ndischen Sprache faszinieren lassen. Begleiten Sie uns also auf diesem Abenteuer und entdecken Sie die Magie der isl\u00e4ndischen Grammatik, einen aufregenden Schritt nach dem anderen.<\/p>\n<\/div><\/div>\n\r\n<section class=\"learnNavigationSection\">\r\n            \r\n        <a href=\"https:\/\/talkpal.ai\/de\/islaendisch-lernen\/\">\r\n            <div class=\"learnNavigationWrapper\">\r\n                <div class=\"learnNavigationContent\">\r\n                    <img decoding=\"async\" src=\"https:\/\/talkpal.ai\/wp-content\/uploads\/2024\/08\/Icelandic.jpg\" alt=\"Iceland Flag\">\r\n                    <div>\r\n                        <h4>\u00dcber Isl\u00e4ndisch lernen<\/h4>\r\n                        <p>Erfahren Sie alles \u00fcber die isl\u00e4ndische Grammatik.<\/p>\r\n                    <\/div>\r\n                <\/div>\r\n            <\/div>\r\n        <\/a>\r\n\r\n        \r\n        <a href=\"https:\/\/talkpal.ai\/de\/islaendische-grammatikuebungen\/\">\r\n            <div class=\"learnNavigationWrapper\">\r\n                <div class=\"learnNavigationContent\">\r\n                    <img decoding=\"async\" src=\"https:\/\/talkpal.ai\/wp-content\/uploads\/2024\/08\/Icelandic.jpg\" alt=\"Iceland Flag\">\r\n                    <div>\r\n                        <h4>Isl\u00e4ndische Grammatik \u00dcbung<\/h4>\r\n                        <p>\u00dcbe die isl\u00e4ndische Grammatik .<\/p>\r\n                    <\/div>\r\n                <\/div>\r\n            <\/div>\r\n        <\/a>\r\n\r\n        \r\n        <a href=\"https:\/\/talkpal.ai\/vocabulary_language\/icelandic\/\">\r\n            <div class=\"learnNavigationWrapper\">\r\n                <div class=\"learnNavigationContent\">\r\n                    <img decoding=\"async\" src=\"https:\/\/talkpal.ai\/wp-content\/uploads\/2024\/08\/Icelandic.jpg\" alt=\"Iceland Flag\">\r\n                    <div>\r\n                        <h4>Isl\u00e4ndisch Vokabeln<\/h4>\r\n                        <p>Erweitern Sie Ihr isl\u00e4ndisches Vokabular.<\/p>\r\n                    <\/div>\r\n                <\/div>\r\n            <\/div>\r\n        <\/a>\r\n\r\n            <\/section>","protected":false},"excerpt":{"rendered":"<p>Die Magie der isl\u00e4ndischen Grammatik: Die Geheimnisse der Wikingersprache entschl\u00fcsseln Einf\u00fchrung: Island, das Land aus Feuer und Eis Die isl\u00e4ndische Sprache, die von den Menschen des atemberaubenden Inselstaates Island gesprochen wird, ist bekannt f\u00fcr ihre reiche Geschichte, ihre fesselnde poetische Tradition und ihre au\u00dfergew\u00f6hnliche F\u00e4higkeit, sich anzupassen und mit der Zeit zu gehen. Isl\u00e4ndisch stammt [&hellip;]<\/p>\n","protected":false},"author":1,"featured_media":28365,"parent":0,"menu_order":0,"comment_status":"closed","ping_status":"closed","template":"LearningContentPage.php","meta":{"_acf_changed":false,"footnotes":""},"class_list":["post-73886","page","type-page","status-publish","has-post-thumbnail","hentry"],"acf":[],"yoast_head":"<!-- This site is optimized with the Yoast SEO Premium plugin v27.2 (Yoast SEO v27.2) - https:\/\/yoast.com\/product\/yoast-seo-premium-wordpress\/ -->\n<title>Isl\u00e4ndische Grammatik - Talkpal<\/title>\n<meta name=\"description\" content=\"Lernen Sie die isl\u00e4ndische Grammatik auf anschauliche Weise - verstehen Sie die wichtigsten Grammatikregeln, bilden Sie korrekte S\u00e4tze und steigern Sie schnell Ihr Selbstvertrauen mit den TalkpalKI-Lektionen.\" \/>\n<meta name=\"robots\" content=\"index, follow, max-snippet:-1, max-image-preview:large, max-video-preview:-1\" \/>\n<link rel=\"canonical\" href=\"https:\/\/talkpal.ai\/de\/islaendische-grammatik\/\" \/>\n<meta property=\"og:locale\" content=\"de_DE\" \/>\n<meta property=\"og:type\" content=\"article\" \/>\n<meta property=\"og:title\" content=\"Isl\u00e4ndische Grammatik\" \/>\n<meta property=\"og:description\" content=\"Die Magie der isl\u00e4ndischen Grammatik: Die Geheimnisse der Wikingersprache entschl\u00fcsseln Einf\u00fchrung: Island, das Land aus Feuer und Eis Die isl\u00e4ndische\" \/>\n<meta property=\"og:url\" content=\"https:\/\/talkpal.ai\/de\/islaendische-grammatik\/\" \/>\n<meta property=\"og:site_name\" content=\"Talkpal\" \/>\n<meta property=\"article:publisher\" content=\"https:\/\/www.facebook.com\/profile.php?id=100090733639311\" \/>\n<meta property=\"article:modified_time\" content=\"2025-12-12T10:40:49+00:00\" \/>\n<meta property=\"og:image\" content=\"https:\/\/talkpal.ai\/wp-content\/uploads\/2023\/05\/iceland.png\" \/>\n\t<meta property=\"og:image:width\" content=\"512\" \/>\n\t<meta property=\"og:image:height\" content=\"512\" \/>\n\t<meta property=\"og:image:type\" content=\"image\/png\" \/>\n<meta name=\"twitter:card\" content=\"summary_large_image\" \/>\n<meta name=\"twitter:site\" content=\"@talkpalai\" \/>\n<meta name=\"twitter:label1\" content=\"Gesch\u00e4tzte Lesezeit\" \/>\n\t<meta name=\"twitter:data1\" content=\"3\u00a0Minuten\" \/>\n<script type=\"application\/ld+json\" class=\"yoast-schema-graph\">{\"@context\":\"https:\/\/schema.org\",\"@graph\":[{\"@type\":\"WebPage\",\"@id\":\"https:\/\/talkpal.ai\/de\/islaendische-grammatik\/\",\"url\":\"https:\/\/talkpal.ai\/de\/islaendische-grammatik\/\",\"name\":\"Isl\u00e4ndische Grammatik - Talkpal\",\"isPartOf\":{\"@id\":\"https:\/\/talkpal.ai\/de\/#website\"},\"primaryImageOfPage\":{\"@id\":\"https:\/\/talkpal.ai\/de\/islaendische-grammatik\/#primaryimage\"},\"image\":{\"@id\":\"https:\/\/talkpal.ai\/de\/islaendische-grammatik\/#primaryimage\"},\"thumbnailUrl\":\"https:\/\/talkpal.ai\/wp-content\/uploads\/2023\/05\/iceland.png\",\"datePublished\":\"2023-05-14T14:09:11+00:00\",\"dateModified\":\"2025-12-12T10:40:49+00:00\",\"description\":\"Lernen Sie die isl\u00e4ndische Grammatik auf anschauliche Weise - verstehen Sie die wichtigsten Grammatikregeln, bilden Sie korrekte S\u00e4tze und steigern Sie schnell Ihr Selbstvertrauen mit den TalkpalKI-Lektionen.\",\"breadcrumb\":{\"@id\":\"https:\/\/talkpal.ai\/de\/islaendische-grammatik\/#breadcrumb\"},\"inLanguage\":\"de\",\"potentialAction\":[{\"@type\":\"ReadAction\",\"target\":[\"https:\/\/talkpal.ai\/de\/islaendische-grammatik\/\"]}]},{\"@type\":\"ImageObject\",\"inLanguage\":\"de\",\"@id\":\"https:\/\/talkpal.ai\/de\/islaendische-grammatik\/#primaryimage\",\"url\":\"https:\/\/talkpal.ai\/wp-content\/uploads\/2023\/05\/iceland.png\",\"contentUrl\":\"https:\/\/talkpal.ai\/wp-content\/uploads\/2023\/05\/iceland.png\",\"width\":512,\"height\":512},{\"@type\":\"BreadcrumbList\",\"@id\":\"https:\/\/talkpal.ai\/de\/islaendische-grammatik\/#breadcrumb\",\"itemListElement\":[{\"@type\":\"ListItem\",\"position\":1,\"name\":\"Homepage\",\"item\":\"https:\/\/talkpal.ai\/de\/\"},{\"@type\":\"ListItem\",\"position\":2,\"name\":\"Isl\u00e4ndische Grammatik\"}]},{\"@type\":\"WebSite\",\"@id\":\"https:\/\/talkpal.ai\/de\/#website\",\"url\":\"https:\/\/talkpal.ai\/de\/\",\"name\":\"Talkpal\",\"description\":\"AI Language Learning\",\"publisher\":{\"@id\":\"https:\/\/talkpal.ai\/de\/#organization\"},\"alternateName\":\"Talkpal AI\",\"potentialAction\":[{\"@type\":\"SearchAction\",\"target\":{\"@type\":\"EntryPoint\",\"urlTemplate\":\"https:\/\/talkpal.ai\/de\/?s={search_term_string}\"},\"query-input\":{\"@type\":\"PropertyValueSpecification\",\"valueRequired\":true,\"valueName\":\"search_term_string\"}}],\"inLanguage\":\"de\"},{\"@type\":\"Organization\",\"@id\":\"https:\/\/talkpal.ai\/de\/#organization\",\"name\":\"Talkpal, Inc.\",\"alternateName\":\"Talkpal AI\",\"url\":\"https:\/\/talkpal.ai\/de\/\",\"logo\":{\"@type\":\"ImageObject\",\"inLanguage\":\"de\",\"@id\":\"https:\/\/talkpal.ai\/de\/#\/schema\/logo\/image\/\",\"url\":\"https:\/\/talkpal.ai\/wp-content\/uploads\/2024\/03\/Talkpal-Logo-Icon.png\",\"contentUrl\":\"https:\/\/talkpal.ai\/wp-content\/uploads\/2024\/03\/Talkpal-Logo-Icon.png\",\"width\":2880,\"height\":2880,\"caption\":\"Talkpal, Inc.\"},\"image\":{\"@id\":\"https:\/\/talkpal.ai\/de\/#\/schema\/logo\/image\/\"},\"sameAs\":[\"https:\/\/www.facebook.com\/profile.php?id=100090733639311\",\"https:\/\/x.com\/talkpalai\",\"https:\/\/www.linkedin.com\/company\/talkpal\/\",\"https:\/\/www.youtube.com\/@TalkPal\/\",\"https:\/\/www.tiktok.com\/@talkpal\",\"https:\/\/www.instagram.com\/talkpal_ai\/\",\"https:\/\/www.crunchbase.com\/organization\/talkpal-9cde\",\"https:\/\/www.g2.com\/products\/talkpal-for-business\/\",\"https:\/\/www.trustpilot.com\/review\/talkpal.ai\",\"https:\/\/www.capterra.com\/p\/10006800\/TalkPal\/\"],\"description\":\"Talkpal is a language learning web and mobile education app, powered by the latest AI technologies, that provides engaging experiences to its customers in many different languages to help them improve their language skills. Users can chat about unlimited amount of topics with the app and use other modes to practice their language learning.\",\"email\":\"support@talkpal.ai\",\"legalName\":\"Talkpal, Inc.\",\"foundingDate\":\"2023-04-03\",\"duns\":\"118989042\",\"numberOfEmployees\":{\"@type\":\"QuantitativeValue\",\"minValue\":\"11\",\"maxValue\":\"50\"},\"publishingPrinciples\":\"https:\/\/talkpal.ai\/publishing-principles\/\",\"actionableFeedbackPolicy\":\"https:\/\/talkpal.ai\/actionable-feedback-policy\/\",\"correctionsPolicy\":\"https:\/\/talkpal.ai\/corrections-policy\/\",\"ethicsPolicy\":\"https:\/\/talkpal.ai\/ethics-policy\/\",\"diversityPolicy\":\"https:\/\/talkpal.ai\/diversity-policy\/\",\"diversityStaffingReport\":\"https:\/\/talkpal.ai\/diversity-policy\/\"}]}<\/script>\n<!-- \/ Yoast SEO Premium plugin. -->","yoast_head_json":{"title":"Isl\u00e4ndische Grammatik - Talkpal","description":"Lernen Sie die isl\u00e4ndische Grammatik auf anschauliche Weise - verstehen Sie die wichtigsten Grammatikregeln, bilden Sie korrekte S\u00e4tze und steigern Sie schnell Ihr Selbstvertrauen mit den TalkpalKI-Lektionen.","robots":{"index":"index","follow":"follow","max-snippet":"max-snippet:-1","max-image-preview":"max-image-preview:large","max-video-preview":"max-video-preview:-1"},"canonical":"https:\/\/talkpal.ai\/de\/islaendische-grammatik\/","og_locale":"de_DE","og_type":"article","og_title":"Isl\u00e4ndische Grammatik","og_description":"Die Magie der isl\u00e4ndischen Grammatik: Die Geheimnisse der Wikingersprache entschl\u00fcsseln Einf\u00fchrung: Island, das Land aus Feuer und Eis Die isl\u00e4ndische","og_url":"https:\/\/talkpal.ai\/de\/islaendische-grammatik\/","og_site_name":"Talkpal","article_publisher":"https:\/\/www.facebook.com\/profile.php?id=100090733639311","article_modified_time":"2025-12-12T10:40:49+00:00","og_image":[{"width":512,"height":512,"url":"https:\/\/talkpal.ai\/wp-content\/uploads\/2023\/05\/iceland.png","type":"image\/png"}],"twitter_card":"summary_large_image","twitter_site":"@talkpalai","twitter_misc":{"Gesch\u00e4tzte Lesezeit":"3\u00a0Minuten"},"schema":{"@context":"https:\/\/schema.org","@graph":[{"@type":"WebPage","@id":"https:\/\/talkpal.ai\/de\/islaendische-grammatik\/","url":"https:\/\/talkpal.ai\/de\/islaendische-grammatik\/","name":"Isl\u00e4ndische Grammatik - Talkpal","isPartOf":{"@id":"https:\/\/talkpal.ai\/de\/#website"},"primaryImageOfPage":{"@id":"https:\/\/talkpal.ai\/de\/islaendische-grammatik\/#primaryimage"},"image":{"@id":"https:\/\/talkpal.ai\/de\/islaendische-grammatik\/#primaryimage"},"thumbnailUrl":"https:\/\/talkpal.ai\/wp-content\/uploads\/2023\/05\/iceland.png","datePublished":"2023-05-14T14:09:11+00:00","dateModified":"2025-12-12T10:40:49+00:00","description":"Lernen Sie die isl\u00e4ndische Grammatik auf anschauliche Weise - verstehen Sie die wichtigsten Grammatikregeln, bilden Sie korrekte S\u00e4tze und steigern Sie schnell Ihr Selbstvertrauen mit den TalkpalKI-Lektionen.","breadcrumb":{"@id":"https:\/\/talkpal.ai\/de\/islaendische-grammatik\/#breadcrumb"},"inLanguage":"de","potentialAction":[{"@type":"ReadAction","target":["https:\/\/talkpal.ai\/de\/islaendische-grammatik\/"]}]},{"@type":"ImageObject","inLanguage":"de","@id":"https:\/\/talkpal.ai\/de\/islaendische-grammatik\/#primaryimage","url":"https:\/\/talkpal.ai\/wp-content\/uploads\/2023\/05\/iceland.png","contentUrl":"https:\/\/talkpal.ai\/wp-content\/uploads\/2023\/05\/iceland.png","width":512,"height":512},{"@type":"BreadcrumbList","@id":"https:\/\/talkpal.ai\/de\/islaendische-grammatik\/#breadcrumb","itemListElement":[{"@type":"ListItem","position":1,"name":"Homepage","item":"https:\/\/talkpal.ai\/de\/"},{"@type":"ListItem","position":2,"name":"Isl\u00e4ndische Grammatik"}]},{"@type":"WebSite","@id":"https:\/\/talkpal.ai\/de\/#website","url":"https:\/\/talkpal.ai\/de\/","name":"Talkpal","description":"AI Language Learning","publisher":{"@id":"https:\/\/talkpal.ai\/de\/#organization"},"alternateName":"Talkpal AI","potentialAction":[{"@type":"SearchAction","target":{"@type":"EntryPoint","urlTemplate":"https:\/\/talkpal.ai\/de\/?s={search_term_string}"},"query-input":{"@type":"PropertyValueSpecification","valueRequired":true,"valueName":"search_term_string"}}],"inLanguage":"de"},{"@type":"Organization","@id":"https:\/\/talkpal.ai\/de\/#organization","name":"Talkpal, Inc.","alternateName":"Talkpal AI","url":"https:\/\/talkpal.ai\/de\/","logo":{"@type":"ImageObject","inLanguage":"de","@id":"https:\/\/talkpal.ai\/de\/#\/schema\/logo\/image\/","url":"https:\/\/talkpal.ai\/wp-content\/uploads\/2024\/03\/Talkpal-Logo-Icon.png","contentUrl":"https:\/\/talkpal.ai\/wp-content\/uploads\/2024\/03\/Talkpal-Logo-Icon.png","width":2880,"height":2880,"caption":"Talkpal, Inc."},"image":{"@id":"https:\/\/talkpal.ai\/de\/#\/schema\/logo\/image\/"},"sameAs":["https:\/\/www.facebook.com\/profile.php?id=100090733639311","https:\/\/x.com\/talkpalai","https:\/\/www.linkedin.com\/company\/talkpal\/","https:\/\/www.youtube.com\/@TalkPal\/","https:\/\/www.tiktok.com\/@talkpal","https:\/\/www.instagram.com\/talkpal_ai\/","https:\/\/www.crunchbase.com\/organization\/talkpal-9cde","https:\/\/www.g2.com\/products\/talkpal-for-business\/","https:\/\/www.trustpilot.com\/review\/talkpal.ai","https:\/\/www.capterra.com\/p\/10006800\/TalkPal\/"],"description":"Talkpal is a language learning web and mobile education app, powered by the latest AI technologies, that provides engaging experiences to its customers in many different languages to help them improve their language skills. Users can chat about unlimited amount of topics with the app and use other modes to practice their language learning.","email":"support@talkpal.ai","legalName":"Talkpal, Inc.","foundingDate":"2023-04-03","duns":"118989042","numberOfEmployees":{"@type":"QuantitativeValue","minValue":"11","maxValue":"50"},"publishingPrinciples":"https:\/\/talkpal.ai\/publishing-principles\/","actionableFeedbackPolicy":"https:\/\/talkpal.ai\/actionable-feedback-policy\/","correctionsPolicy":"https:\/\/talkpal.ai\/corrections-policy\/","ethicsPolicy":"https:\/\/talkpal.ai\/ethics-policy\/","diversityPolicy":"https:\/\/talkpal.ai\/diversity-policy\/","diversityStaffingReport":"https:\/\/talkpal.ai\/diversity-policy\/"}]}},"_links":{"self":[{"href":"https:\/\/talkpal.ai\/de\/wp-json\/wp\/v2\/pages\/73886","targetHints":{"allow":["GET"]}}],"collection":[{"href":"https:\/\/talkpal.ai\/de\/wp-json\/wp\/v2\/pages"}],"about":[{"href":"https:\/\/talkpal.ai\/de\/wp-json\/wp\/v2\/types\/page"}],"author":[{"embeddable":true,"href":"https:\/\/talkpal.ai\/de\/wp-json\/wp\/v2\/users\/1"}],"replies":[{"embeddable":true,"href":"https:\/\/talkpal.ai\/de\/wp-json\/wp\/v2\/comments?post=73886"}],"version-history":[{"count":0,"href":"https:\/\/talkpal.ai\/de\/wp-json\/wp\/v2\/pages\/73886\/revisions"}],"wp:featuredmedia":[{"embeddable":true,"href":"https:\/\/talkpal.ai\/de\/wp-json\/wp\/v2\/media\/28365"}],"wp:attachment":[{"href":"https:\/\/talkpal.ai\/de\/wp-json\/wp\/v2\/media?parent=73886"}],"curies":[{"name":"wp","href":"https:\/\/api.w.org\/{rel}","templated":true}]}}